{"id":558,"date":"2015-05-05T15:27:24","date_gmt":"2015-05-05T19:27:24","guid":{"rendered":"http:\/\/mexicomlogistics.com\/?page_id=558"},"modified":"2015-05-05T15:27:24","modified_gmt":"2015-05-05T19:27:24","slug":"politique-de-confidentialite","status":"publish","type":"page","link":"https:\/\/mexicomlogistics.com\/fr\/politique-de-confidentialite\/","title":{"rendered":"Politique de Confidentialit\u00e9"},"content":{"rendered":"<div class=\"art-content-layout-wrapper layout-item-0\">\n<div class=\"art-content-layout\">\n<div class=\"art-content-layout-row\">\n<div class=\"art-layout-cell layout-item-1\" style=\"width: 100%\" >\n<h1 style=\"text-align: justify;\">Politique de Confidentialit\u00e9<\/h1>\n<p style=\"text-align: justify;\">Cette politique de confidentialit\u00e9 s\u2019applique \u00e0 l&rsquo;utilisation du Site Web Mexicom.com.<\/p>\n<p style=\"text-align: justify;\">Nous pla\u00e7ons une grande importance sur votre vie priv\u00e9e et rendons cette politique facilement accessible sur notre site afin de vous aider \u00e0 comprendre l\u2019utilisation des informations lors de l\u2019utilisation de ce site.<\/p>\n<h2 style=\"text-align: justify;\"><\/h2>\n<h2 style=\"text-align: justify;\">Log Files and Cookies<\/h2>\n<p style=\"text-align: justify;\">Ce site web utilise des applications analytiques standards d&rsquo;industrie qui regroupent automatiquement des informations limit\u00e9es sur les visiteurs de notre site web. Ces applications sauvegardent ces informations anonymes dans des fichiers\/registres du serveur. Ces informations peuvent inclure les adresses IP, les types de navigateurs, informations IP de base, pages de r\u00e9f\u00e9rences, syst\u00e8mes d&rsquo;exploitation utilis\u00e9s ainsi que la date\/heure des visites. Ces informations n\u2019identifient pas les utilisateurs, elles sont utilis\u00e9es uniquement pour fins d&rsquo;administration du site et analyse des tendances et de l&rsquo;utilisation du site.<\/p>\n<p style=\"text-align: justify;\">De plus, des \u00abcookies\u00bb peuvent \u00eatre utilis\u00e9s pour fournir un acc\u00e8s plus facile et plus rapide aux fonctionnalit\u00e9s du site telles qu\u2019ouvertures de sessions et\/ou visites\/liens r\u00e9p\u00e9titifs. Les cookies sont des petits fichiers de texte sauvegard\u00e9s sur les ordinateurs personnels \u00e0 des fins de r\u00e9f\u00e9rences. Nous ne lions pas les informations que nous sauvegardons dans les cookies \u00e0 des informations que vous avez soumis sur notre site et qui peuvent vous identifier.<\/p>\n<p style=\"text-align: justify;\"><\/p>\n<p style=\"text-align: justify;\">Nous utilisons des cookies d\u2019ouvertures de sessions et des cookies persistants. Un cookie d\u2019ouverture de session est supprim\u00e9 lorsque vous fermez votre navigateur, et un cookie persistant peut demeurer sur votre disque dur pendant une certaine p\u00e9riode. Les cookies d\u2019ouvertures de sessions facilitent la navigation sur notre site; les cookies persistants peuvent effectuer des actions telles que l&rsquo;enregistrement de votre mot de passe pour des forums ou des blogues pour ne pas avoir \u00e0 ressaisir les informations \u00e0 chaque fois que vous visitez ces pages, et\/ou peuvent \u00eatre utilis\u00e9s afin de nous permettre de suivre et de cibler les int\u00e9r\u00eats de nos utilisateurs afin d&rsquo;am\u00e9liorer l&rsquo;exp\u00e9rience globale \u00e0 l\u2019\u00e9gard de l&rsquo;utilisation de notre site.<\/p>\n<p style=\"text-align: justify;\"><\/p>\n<p style=\"text-align: justify;\">Nous n&rsquo;avons pas acc\u00e8s \u00e0 des fonctionnalit\u00e9s d&rsquo;administration \u00e0 travers tous les cookies utilis\u00e9s par les annonceurs sur notre site lorsque les annonceurs sont pr\u00e9sents.<\/p>\n<h2 style=\"text-align: justify;\"><\/h2>\n<h2 style=\"text-align: justify;\">Liens vers autres sites web<\/h2>\n<p style=\"text-align: justify;\">Ce site web peut contenir des liens vers d&rsquo;autres sites qui ne sont pas contr\u00f4l\u00e9s en aucune mani\u00e8re par nous. Soyez conscients de cela quand vous cliquez sur ces liens, nous ne sommes pas responsables des pratiques de confidentialit\u00e9 et\/ou politiques de tout site autre que ceux de notre site. Par cons\u00e9quent, nous sugg\u00e9rons fortement que vous r\u00e9visiez les politiques de confidentialit\u00e9 de chaque site que vous visitez, qu\u2019ils soient li\u00e9s ou non par notre site web.<\/p>\n<h2 style=\"text-align: justify;\"><\/h2>\n<h2 style=\"text-align: justify;\">Enregistrement et utilisation des renseignements personnels<\/h2>\n<p style=\"text-align: justify;\"><\/p>\n<p style=\"text-align: justify;\">Votre enregistrement\/inscription n&rsquo;est pas n\u00e9cessaire pour utiliser ou acc\u00e9der \u00e0 ce site. Toutefois, ce site peut contenir des forums, des blogues, des babillards ou autres fonctionnalit\u00e9s pour les utilisateurs. Vous pourriez avoir \u00e0 vous inscrire \u00e0 ces pages, en particuli\u00e8rement si vous souhaitez laisser des commentaires ou sauvegarder des articles ou chroniques.<\/p>\n<p style=\"text-align: justify;\">Si vous vous inscrivez et fournissez des informations personnelles, soyez assur\u00e9s que Mexicom Logistics ne divulguera pas ces informations \u00e0 des tiers, sauf \u00e0 nos fournisseurs de services op\u00e9rant notre site en notre nom et qui sont autoris\u00e9s \u00e0 utiliser ces informations personnelles conform\u00e9ment aux termes de nos ententes de services avec eux.<\/p>\n<p style=\"text-align: justify;\"><\/p>\n<p style=\"text-align: justify;\">Veuillez noter que si vous affichez des commentaires ou des articles sur des forums, blogues ou babillards sur ce site, les informations personnelles que vous fournissez dans ces commentaires ou articles peuvent \u00eatre lues, copi\u00e9es et utilis\u00e9es par tous ceux qui lisent les commentaires ou articles. Nous ne sommes pas responsables des informations personnelles que vous choisissez de rendre visible par le biais de ces pages.<\/p>\n<p style=\"text-align: justify;\"><\/p>\n<p style=\"text-align: justify;\">Nous offrons \u00e9galement aux visiteurs de notre site web le choix de recevoir des communications de notre part. Dans ces cas, nous demandons les adresses courriel et noms des visiteurs. Ces communications et envois comprennent nos bulletins d&rsquo;informations, promotions sur nos produits et toute autre information que nous \u00e9valuons pertinente pour les utilisateurs. Vous pouvez refuser de continuer \u00e0 recevoir une partie ou la totalit\u00e9 de ces communications en cliquant sur le lien \u00abd\u00e9sinscription\u00bb (\u00abunsubscribe\u00bb) dans tout courriel que nous vous envoyons.<\/p>\n<p style=\"text-align: justify;\"><\/p>\n<p style=\"text-align: justify;\">Nous vous rappelons que si vous fournissez votre adresse courriel et\/ou votre nom aux fins de recevoir des communications de notre part, Mexicom Logistics ne divulguera pas ces informations \u00e0 des tiers, sauf \u00e0 nos fournisseurs de services op\u00e9rant notre site en notre nom et qui sont autoris\u00e9s \u00e0 utiliser ces informations personnelles conform\u00e9ment aux termes de nos ententes de services avec eux.<\/p>\n<h2 style=\"text-align: justify;\"><\/h2>\n<h2 style=\"text-align: justify;\">S\u00e9curit\u00e9 des informations<\/h2>\n<p style=\"text-align: justify;\"><\/p>\n<p style=\"text-align: justify;\">Nous suivons les pratiques standards de l&rsquo;industrie pour prot\u00e9ger les renseignements personnels que vous nous fournissez. Toutefois, soyez conscients qu\u2019aucune m\u00e9thode impliquant la sauvegarde \u00e9lectronique de renseignements ne peut \u00eatre s\u00e9curitaire \u00e0 100%. Par cons\u00e9quent, et comme cela est le cas avec n&rsquo;importe quelle autre organisation, nous ne sommes pas en mesure de garantir la s\u00e9curit\u00e9 absolue de vos informations.<\/p>\n<h2 style=\"text-align: justify;\"><\/h2>\n<h2 style=\"text-align: justify;\">Avis l\u00e9gal<br \/>\n        <\/h2>\n<p style=\"text-align: justify;\"><\/p>\n<p style=\"text-align: justify;\">Nous nous r\u00e9servons le droit de divulguer vos informations personnelles tel que requis par la loi et quand nous croyons que cette divulgation est n\u00e9cessaire pour prot\u00e9ger nos droits et\/ou pour se conformer \u00e0 une proc\u00e9dure judiciaire, une ordonnance du tribunal ou d&rsquo;un processus l\u00e9gal se portant \u00e0 notre site web.<\/p>\n<h2 style=\"text-align: justify;\"><\/h2>\n<h2 style=\"text-align: justify;\">Contact\/Coordonn\u00e9es<\/h2>\n<p style=\"text-align: justify;\"><\/p>\n<p style=\"text-align: justify;\">Si vous avez des questions ou des pr\u00e9occupations concernant cette politique de confidentialit\u00e9, ou si vous souhaitez nous contacter par la poste, nos coordonn\u00e9es sont les suivantes:<\/p>\n<p style=\"text-align: justify;\"><\/p>\n<p style=\"text-align: justify;\">Questions sur la Politique de Confidentialit\u00e9 <\/p>\n<p style=\"text-align: justify;\"><\/p>\n<p style=\"text-align: justify;\">Mexicom Logistics<\/p>\n<p style=\"text-align: justify;\">1015 Notre-Dame suite 200<\/p>\n<p style=\"text-align: justify;\">Lachine, QC<\/p>\n<p style=\"text-align: justify;\">H8S 2C3<\/p>\n<p style=\"text-align: justify;\"><\/p>\n<p style=\"text-align: justify;\">Cette politique de confidentialit\u00e9 a \u00e9t\u00e9 derni\u00e8rement mise \u00e0 le 5 mai, 2015.<\/p>\n<\/p><\/div><\/div>\n<\/div>\n<\/div>\n","protected":false},"excerpt":{"rendered":"<p>Politique de Confidentialit\u00e9 Cette politique de confidentialit\u00e9 s\u2019applique \u00e0 l&rsquo;utilisation du Site Web Mexicom.com. Nous pla\u00e7ons une grande importance sur votre vie priv\u00e9e et rendons cette politique facilement accessible sur notre site afin de vous aider \u00e0 comprendre l\u2019utilisation des informations lors de l\u2019utilisation de ce site. Log Files and Cookies Ce site web utilise [&hellip;]<\/p>\n","protected":false},"author":1,"featured_media":0,"parent":0,"menu_order":17,"comment_status":"closed","ping_status":"closed","template":"","meta":{"content-type":"","jetpack_post_was_ever_published":false,"footnotes":""},"class_list":["post-558","page","type-page","status-publish","hentry"],"yoast_head":"<!-- This site is optimized with the Yoast SEO plugin v27.2 - https:\/\/yoast.com\/product\/yoast-seo-wordpress\/ -->\n<title>Politique de Confidentialit\u00e9 - Mexicom Logistics<\/title>\n<meta name=\"robots\" content=\"index, follow, max-snippet:-1, max-image-preview:large, max-video-preview:-1\" \/>\n<link rel=\"canonical\" href=\"https:\/\/mexicomlogistics.com\/fr\/politique-de-confidentialite\/\" \/>\n<meta property=\"og:locale\" content=\"fr_FR\" \/>\n<meta property=\"og:type\" content=\"article\" \/>\n<meta property=\"og:title\" content=\"Politique de Confidentialit\u00e9 - Mexicom Logistics\" \/>\n<meta property=\"og:description\" content=\"Politique de Confidentialit\u00e9 Cette politique de confidentialit\u00e9 s\u2019applique \u00e0 l&rsquo;utilisation du Site Web Mexicom.com. Nous pla\u00e7ons une grande importance sur votre vie priv\u00e9e et rendons cette politique facilement accessible sur notre site afin de vous aider \u00e0 comprendre l\u2019utilisation des informations lors de l\u2019utilisation de ce site. Log Files and Cookies Ce site web utilise [&hellip;]\" \/>\n<meta property=\"og:url\" content=\"https:\/\/mexicomlogistics.com\/fr\/politique-de-confidentialite\/\" \/>\n<meta property=\"og:site_name\" content=\"Mexicom Logistics\" \/>\n<meta name=\"twitter:card\" content=\"summary_large_image\" \/>\n<meta name=\"twitter:label1\" content=\"Dur\u00e9e de lecture estim\u00e9e\" \/>\n\t<meta name=\"twitter:data1\" content=\"5 minutes\" \/>\n<script type=\"application\/ld+json\" class=\"yoast-schema-graph\">{\"@context\":\"https:\/\/schema.org\",\"@graph\":[{\"@type\":\"WebPage\",\"@id\":\"https:\/\/mexicomlogistics.com\/fr\/politique-de-confidentialite\/\",\"url\":\"https:\/\/mexicomlogistics.com\/fr\/politique-de-confidentialite\/\",\"name\":\"Politique de Confidentialit\u00e9 - Mexicom Logistics\",\"isPartOf\":{\"@id\":\"https:\/\/mexicomlogistics.com\/fr\/#website\"},\"datePublished\":\"2015-05-05T19:27:24+00:00\",\"breadcrumb\":{\"@id\":\"https:\/\/mexicomlogistics.com\/fr\/politique-de-confidentialite\/#breadcrumb\"},\"inLanguage\":\"fr-FR\",\"potentialAction\":[{\"@type\":\"ReadAction\",\"target\":[\"https:\/\/mexicomlogistics.com\/fr\/politique-de-confidentialite\/\"]}]},{\"@type\":\"BreadcrumbList\",\"@id\":\"https:\/\/mexicomlogistics.com\/fr\/politique-de-confidentialite\/#breadcrumb\",\"itemListElement\":[{\"@type\":\"ListItem\",\"position\":1,\"name\":\"Home\",\"item\":\"https:\/\/mexicomlogistics.com\/fr\/\"},{\"@type\":\"ListItem\",\"position\":2,\"name\":\"Politique de Confidentialit\u00e9\"}]},{\"@type\":\"WebSite\",\"@id\":\"https:\/\/mexicomlogistics.com\/fr\/#website\",\"url\":\"https:\/\/mexicomlogistics.com\/fr\/\",\"name\":\"Mexicom Logistics\",\"description\":\"Ship with confidence\",\"publisher\":{\"@id\":\"https:\/\/mexicomlogistics.com\/fr\/#organization\"},\"potentialAction\":[{\"@type\":\"SearchAction\",\"target\":{\"@type\":\"EntryPoint\",\"urlTemplate\":\"https:\/\/mexicomlogistics.com\/fr\/?s={search_term_string}\"},\"query-input\":{\"@type\":\"PropertyValueSpecification\",\"valueRequired\":true,\"valueName\":\"search_term_string\"}}],\"inLanguage\":\"fr-FR\"},{\"@type\":\"Organization\",\"@id\":\"https:\/\/mexicomlogistics.com\/fr\/#organization\",\"name\":\"Mexicom Logistics\",\"url\":\"https:\/\/mexicomlogistics.com\/fr\/\",\"logo\":{\"@type\":\"ImageObject\",\"inLanguage\":\"fr-FR\",\"@id\":\"https:\/\/mexicomlogistics.com\/fr\/#\/schema\/logo\/image\/\",\"url\":\"https:\/\/mexicomlogistics.com\/wp-content\/uploads\/2017\/03\/logo-white.jpg\",\"contentUrl\":\"https:\/\/mexicomlogistics.com\/wp-content\/uploads\/2017\/03\/logo-white.jpg\",\"width\":617,\"height\":402,\"caption\":\"Mexicom Logistics\"},\"image\":{\"@id\":\"https:\/\/mexicomlogistics.com\/fr\/#\/schema\/logo\/image\/\"}}]}<\/script>\n<!-- \/ Yoast SEO plugin. -->","yoast_head_json":{"title":"Politique de Confidentialit\u00e9 - Mexicom Logistics","robots":{"index":"index","follow":"follow","max-snippet":"max-snippet:-1","max-image-preview":"max-image-preview:large","max-video-preview":"max-video-preview:-1"},"canonical":"https:\/\/mexicomlogistics.com\/fr\/politique-de-confidentialite\/","og_locale":"fr_FR","og_type":"article","og_title":"Politique de Confidentialit\u00e9 - Mexicom Logistics","og_description":"Politique de Confidentialit\u00e9 Cette politique de confidentialit\u00e9 s\u2019applique \u00e0 l&rsquo;utilisation du Site Web Mexicom.com. Nous pla\u00e7ons une grande importance sur votre vie priv\u00e9e et rendons cette politique facilement accessible sur notre site afin de vous aider \u00e0 comprendre l\u2019utilisation des informations lors de l\u2019utilisation de ce site. Log Files and Cookies Ce site web utilise [&hellip;]","og_url":"https:\/\/mexicomlogistics.com\/fr\/politique-de-confidentialite\/","og_site_name":"Mexicom Logistics","twitter_card":"summary_large_image","twitter_misc":{"Dur\u00e9e de lecture estim\u00e9e":"5 minutes"},"schema":{"@context":"https:\/\/schema.org","@graph":[{"@type":"WebPage","@id":"https:\/\/mexicomlogistics.com\/fr\/politique-de-confidentialite\/","url":"https:\/\/mexicomlogistics.com\/fr\/politique-de-confidentialite\/","name":"Politique de Confidentialit\u00e9 - Mexicom Logistics","isPartOf":{"@id":"https:\/\/mexicomlogistics.com\/fr\/#website"},"datePublished":"2015-05-05T19:27:24+00:00","breadcrumb":{"@id":"https:\/\/mexicomlogistics.com\/fr\/politique-de-confidentialite\/#breadcrumb"},"inLanguage":"fr-FR","potentialAction":[{"@type":"ReadAction","target":["https:\/\/mexicomlogistics.com\/fr\/politique-de-confidentialite\/"]}]},{"@type":"BreadcrumbList","@id":"https:\/\/mexicomlogistics.com\/fr\/politique-de-confidentialite\/#breadcrumb","itemListElement":[{"@type":"ListItem","position":1,"name":"Home","item":"https:\/\/mexicomlogistics.com\/fr\/"},{"@type":"ListItem","position":2,"name":"Politique de Confidentialit\u00e9"}]},{"@type":"WebSite","@id":"https:\/\/mexicomlogistics.com\/fr\/#website","url":"https:\/\/mexicomlogistics.com\/fr\/","name":"Mexicom Logistics","description":"Ship with confidence","publisher":{"@id":"https:\/\/mexicomlogistics.com\/fr\/#organization"},"potentialAction":[{"@type":"SearchAction","target":{"@type":"EntryPoint","urlTemplate":"https:\/\/mexicomlogistics.com\/fr\/?s={search_term_string}"},"query-input":{"@type":"PropertyValueSpecification","valueRequired":true,"valueName":"search_term_string"}}],"inLanguage":"fr-FR"},{"@type":"Organization","@id":"https:\/\/mexicomlogistics.com\/fr\/#organization","name":"Mexicom Logistics","url":"https:\/\/mexicomlogistics.com\/fr\/","logo":{"@type":"ImageObject","inLanguage":"fr-FR","@id":"https:\/\/mexicomlogistics.com\/fr\/#\/schema\/logo\/image\/","url":"https:\/\/mexicomlogistics.com\/wp-content\/uploads\/2017\/03\/logo-white.jpg","contentUrl":"https:\/\/mexicomlogistics.com\/wp-content\/uploads\/2017\/03\/logo-white.jpg","width":617,"height":402,"caption":"Mexicom Logistics"},"image":{"@id":"https:\/\/mexicomlogistics.com\/fr\/#\/schema\/logo\/image\/"}}]}},"jetpack_sharing_enabled":true,"jetpack_shortlink":"https:\/\/wp.me\/P8vZ39-90","_links":{"self":[{"href":"https:\/\/mexicomlogistics.com\/fr\/wp-json\/wp\/v2\/pages\/558","targetHints":{"allow":["GET"]}}],"collection":[{"href":"https:\/\/mexicomlogistics.com\/fr\/wp-json\/wp\/v2\/pages"}],"about":[{"href":"https:\/\/mexicomlogistics.com\/fr\/wp-json\/wp\/v2\/types\/page"}],"author":[{"embeddable":true,"href":"https:\/\/mexicomlogistics.com\/fr\/wp-json\/wp\/v2\/users\/1"}],"replies":[{"embeddable":true,"href":"https:\/\/mexicomlogistics.com\/fr\/wp-json\/wp\/v2\/comments?post=558"}],"version-history":[{"count":0,"href":"https:\/\/mexicomlogistics.com\/fr\/wp-json\/wp\/v2\/pages\/558\/revisions"}],"wp:attachment":[{"href":"https:\/\/mexicomlogistics.com\/fr\/wp-json\/wp\/v2\/media?parent=558"}],"curies":[{"name":"wp","href":"https:\/\/api.w.org\/{rel}","templated":true}]}}