{"id":553,"date":"2015-05-05T15:15:18","date_gmt":"2015-05-05T19:15:18","guid":{"rendered":"http:\/\/mexicomlogistics.com\/?page_id=553"},"modified":"2017-01-19T16:44:43","modified_gmt":"2017-01-19T21:44:43","slug":"soumission","status":"publish","type":"page","link":"https:\/\/mexicomlogistics.com\/fr\/soumission\/","title":{"rendered":"Soumission"},"content":{"rendered":"<div class=\"art-content-layout-wrapper layout-item-0\">\n<div class=\"art-content-layout\">\n<div class=\"art-content-layout-row\">\n<div class=\"art-layout-cell layout-item-1\" style=\"width: 100%\" >\n<h1>Soumission<\/h1>\n<\/p><\/div><\/div><\/div>\n<\/div>\n<form action=\"http:\/\/mexi.cashin.ca\/thank-you\/\" id=\"quote-form\" name=\"Quote_Form\" method=\"post\" accept-charset=\"UTF-8\" onsubmit=\"return processQuote(this)\">\n<div class=\"art-content-layout\">\n<div class=\"art-content-layout-row\">\n<div class=\"art-layout-cell layout-item-2\" style=\"width: 100%\" >\n<p>*Nom de la compagnie<\/p>\n<p><input class=\"required\" type=\"text\" id=\"Company_Name\" name=\"Company_Name\" tabindex=\"1\" onchange=\"document.cookie='KeyPressed=1;path=\/'\"><\/p>\n<p><\/p>\n<p>*Nom du contact<\/p>\n<p><input class=\"required\" type=\"text\" id=\"Name\" name=\"Name\" tabindex=\"2\" onchange=\"document.cookie='KeyPressed=1;path=\/'\"><\/p>\n<p><\/p>\n<p>*Courrier \u00e9lectronique<\/p>\n<p><input class=\"required\" type=\"text\" id=\"Email\" name=\"Email\" tabindex=\"3\" onchange=\"document.cookie='KeyPressed=1;path=\/'\"><\/p>\n<p><\/p>\n<p>*Courrier \u00e9lectronique de confirmation<\/p>\n<p><input class=\"required email-confirm\" type=\"text\" id=\"Email_confirm\" tabindex=\"4\" onchange=\"document.cookie='KeyPressed=1;path=\/'\"><\/p>\n<p><\/p>\n<p>*T\u00e9l\u00e9phone<\/p>\n<p><input class=\"required\" type=\"text\" id=\"Telephone\" name=\"Telephone\" tabindex=\"5\" onchange=\"document.cookie='KeyPressed=1;path=\/'\"><\/p>\n<p><\/p>\n<\/p><\/div><\/div><\/div>\n<div class=\"art-content-layout\">\n<div class=\"art-content-layout-row\">\n<div class=\"art-layout-cell layout-item-3\" style=\"width: 50%\" >\n<h2>Origine<\/h2>\n<p>*Ville<\/p>\n<p><input class=\"required\" type=\"text\" id=\"Origin_City\" name=\"Origin_City\" tabindex=\"6\" onchange=\"document.cookie='KeyPressed=1;path=\/'\"><\/p>\n<p><\/p>\n<p>*\u00c9tat\/Province<\/p>\n<p><input class=\"required\" type=\"text\" id=\"Origin_Province_or_State\" name=\"Origin_Province_or_State\" tabindex=\"7\" onchange=\"document.cookie='KeyPressed=1;path=\/'\"><\/p>\n<p><\/p>\n<p>*Pays<\/p>\n<p><input class=\"required\" type=\"text\" id=\"Origin_Country\" name=\"Origin_Country\" tabindex=\"8\" onchange=\"document.cookie='KeyPressed=1;path=\/'\"><\/p>\n<p><\/p>\n<p>*Code Postal<\/p>\n<p><input class=\"required\" type=\"text\" id=\"Origin_Postal_Zip_Code\" name=\"Origin_Postal_Zip_Code\" tabindex=\"9\" onchange=\"document.cookie='KeyPressed=1;path=\/'\"><\/p>\n<\/p><\/div>\n<div class=\"art-layout-cell layout-item-4\" style=\"width: 50%\" >\n<h2>Destination<\/h2>\n<p>*Ville<\/p>\n<p><input class=\"required\" type=\"text\" id=\"Destination_City\" name=\"Destination_City\" tabindex=\"10\" onchange=\"document.cookie='KeyPressed=1;path=\/'\"><\/p>\n<p><\/p>\n<p>*\u00c9tat\/Province<\/p>\n<p><input class=\"required\" type=\"text\" id=\"Destination_Province_or_State\" name=\"Destination_Province_or_State\" tabindex=\"11\" onchange=\"document.cookie='KeyPressed=1;path=\/'\"><\/p>\n<p><\/p>\n<p>*Pays<\/p>\n<p><input class=\"required\" type=\"text\" id=\"Destination_Country\" name=\"Destination_Country\" tabindex=\"12\" onchange=\"document.cookie='KeyPressed=1;path=\/'\"><\/p>\n<p><\/p>\n<p>*Code Postal<\/p>\n<p><input class=\"required\" type=\"text\" id=\"Destination_Postal_Zip_Code\" name=\"Destination_Postal_Zip_Code\" tabindex=\"13\" onchange=\"document.cookie='KeyPressed=1;path=\/'\"><\/p>\n<\/p><\/div><\/div><\/div>\n<div class=\"art-content-layout-wrapper layout-item-5\">\n<div class=\"art-content-layout\">\n<div class=\"art-content-layout-row\">\n<div class=\"art-layout-cell layout-item-6\" style=\"width: 100%\" >\n<p>*Montant maximum \/USD $<\/p>\n<p><input class=\"required\" type=\"text\" id=\"Target_Price\" name=\"Target_Price\" tabindex=\"14\" onchange=\"document.cookie='KeyPressed=1;path=\/'\"><\/p>\n<p><\/p>\n<p>*Obligatoire<\/p>\n<p><\/p>\n<p style=\"padding-bottom:0.5em\"><span style=\"text-decoration: underline;\">Service Terrestre<\/span><\/p>\n<p>\n                        <span style=\"display:inline-block;padding-right:40px\"><input type=\"radio\" id=\"Full_trailer\" name=\"Land_Service\" value=\"Full Trailer Load\"> <label>Chargements complets (FTL)<\/label><\/span><br \/>\n                        <span><input type=\"radio\" id=\"Less_trailer\" name=\"Land_Service\" value=\"Less Trailer Load\"> <label>Chargements partiels (LTL)<\/label><\/span>\n                    <\/p>\n<p><span style=\"color: rgb(54, 64, 73); line-height: 16px; text-decoration: underline;\"><br \/><\/span><\/p>\n<p><span style=\"color: rgb(54, 64, 73); line-height: 16px; text-decoration: underline;\">Chargements partiels (LTL)<\/span><\/p>\n<p><span style=\"color: rgb(54, 64, 73); line-height: 16px;\">Nombre de pi\u00e8ces<\/span><\/p>\n<p><input type=\"text\" id=\"Number_of_pieces\" name=\"Number_of_pieces\"><span style=\"color: rgb(54, 64, 73); line-height: 16px;\"><br \/><\/span><\/p>\n<p><\/p>\n<p>Dimensions<\/p>\n<p><input type=\"text\" id=\"Dimensions\" name=\"Dimensions\"><\/p>\n<p><\/p>\n<p>Poids<\/p>\n<p><input type=\"text\" id=\"Weight\" name=\"Weight\"><\/p>\n<p><\/p>\n<p>\n                        <span style=\"display:inline-block;padding-right:40px;\"><input type=\"radio\" id=\"Stackable\" name=\"Stackable\" value=\"Stackable\"> <label class=\"art-checkbox\">Empilable &nbsp;<\/label><\/span><br \/>\n                        <span><input type=\"radio\" id=\"Not_Stackable\" name=\"Stackable\" value=\"Not Stackable\"> <label class=\"art-checkbox\">Non empilable<\/label><\/span>\n                    <\/p>\n<p><label class=\"art-checkbox\"><br \/><\/label><\/p>\n<p>\n                        <span style=\"display:inline-block;padding-right:40px\"><input class=\"modes\" type=\"checkbox\" id=\"Dry_Van\" value=\"Dry Van\"> <label class=\"art-checkbox\">Bo\u00eete s\u00e8che<\/label><\/span><br \/>\n                        <span style=\"display:inline-block;padding-right:40px\"><input class=\"modes\" type=\"checkbox\" id=\"Reefer_Trailer\" value=\"Reefer Trailer\"> <label class=\"art-checkbox\">Fourgon r\u00e9frig\u00e9r\u00e9<\/label><\/span><br \/>\n                        <span style=\"display:inline-block;padding-right:40px\"><input class=\"modes\" type=\"checkbox\" id=\"Flatbed\" value=\"Flatbed\"> <label class=\"art-checkbox\">Plateau<\/label><\/span><br \/>\n                        <span style=\"display:inline-block;padding-right:40px\"><input class=\"modes\" type=\"checkbox\" id=\"OD_OW\" value=\"O\/D O\/W\"> <label class=\"art-checkbox\">Surdimensionn\u00e9\/Surpoids<\/label><\/span><br \/>\n                        <span><input class=\"modes\" type=\"checkbox\" id=\"Intermodal\" value=\"Intermodal\"> <label class=\"art-checkbox\">Intermodal<\/label><\/span><br \/>\n                        <input type=\"hidden\" id=\"Modes\" name=\"Modes\" value=\"\">\n                    <\/p>\n<p><label class=\"art-checkbox\"><br \/><\/label><\/p>\n<p><label class=\"art-checkbox\">Informations Compl\u00e9mentaires<\/label><\/p>\n<p><input type=\"text\" id=\"Additional_Information\" name=\"Additional_Information\"><label class=\"art-checkbox\"><br \/><\/label><\/p>\n<p style=\"text-align: left;\"><\/p>\n<p style=\"text-align: left;\"><\/p>\n<p style=\"text-align: left;\"><\/p>\n<div class=\"button-effect-block\"><input class=\"button-effect-button\" type=\"submit\" id=\"submit\" value=\"Submit\" style=\"width:100px\"><\/div>\n<p style=\"text-align: center;\"><a href=\"\/?page_id=558\" target=\"_blank\" style=\"font-size: 10px;\">Privacy Policy<\/a><\/p>\n<\/p><\/div><\/div><\/div><\/div>\n<p>    <input type=\"hidden\" name=\"HIDE_FORM_NAME\" value=\"Quote Form\" \/><br \/>\n    <input type=\"hidden\" name=\"HIDE_TO\" value=\"lmedina@mexicomlogistics.com\" \/><br \/>\n    <input type=\"hidden\" name=\"HIDE_CC\" value=\"\" \/><br \/>\n    <input type=\"hidden\" name=\"HIDE_BCC\" value=\"paul@cashin.ca\" \/><br \/>\n    <input type=\"hidden\" name=\"HIDE_SMS\" value=\"\" \/><br \/>\n    <input type=\"hidden\" name=\"HIDE_LOGO\" value=\"http:\/\/mexi.cashin.ca\/\/images\/logo.png\" \/><br \/>\n<\/form>\n","protected":false},"excerpt":{"rendered":"<p>Soumission *Nom de la compagnie *Nom du contact *Courrier \u00e9lectronique *Courrier \u00e9lectronique de confirmation *T\u00e9l\u00e9phone Origine *Ville *\u00c9tat\/Province *Pays *Code Postal Destination *Ville *\u00c9tat\/Province *Pays *Code Postal *Montant maximum \/USD $ *Obligatoire Service Terrestre Chargements complets (FTL) Chargements partiels (LTL) Chargements partiels (LTL) Nombre de pi\u00e8ces Dimensions Poids Empilable &nbsp; Non empilable Bo\u00eete s\u00e8che Fourgon [&hellip;]<\/p>\n","protected":false},"author":1,"featured_media":0,"parent":0,"menu_order":60,"comment_status":"closed","ping_status":"closed","template":"","meta":{"content-type":"","jetpack_post_was_ever_published":false,"footnotes":""},"class_list":["post-553","page","type-page","status-publish","hentry"],"yoast_head":"<!-- This site is optimized with the Yoast SEO plugin v27.2 - https:\/\/yoast.com\/product\/yoast-seo-wordpress\/ -->\n<title>Soumission - Mexicom Logistics<\/title>\n<meta name=\"robots\" content=\"index, follow, max-snippet:-1, max-image-preview:large, max-video-preview:-1\" \/>\n<link rel=\"canonical\" href=\"https:\/\/mexicomlogistics.com\/fr\/soumission\/\" \/>\n<meta property=\"og:locale\" content=\"fr_FR\" \/>\n<meta property=\"og:type\" content=\"article\" \/>\n<meta property=\"og:title\" content=\"Soumission - Mexicom Logistics\" \/>\n<meta property=\"og:description\" content=\"Soumission *Nom de la compagnie *Nom du contact *Courrier \u00e9lectronique *Courrier \u00e9lectronique de confirmation *T\u00e9l\u00e9phone Origine *Ville *\u00c9tat\/Province *Pays *Code Postal Destination *Ville *\u00c9tat\/Province *Pays *Code Postal *Montant maximum \/USD $ *Obligatoire Service Terrestre Chargements complets (FTL) Chargements partiels (LTL) Chargements partiels (LTL) Nombre de pi\u00e8ces Dimensions Poids Empilable &nbsp; Non empilable Bo\u00eete s\u00e8che Fourgon [&hellip;]\" \/>\n<meta property=\"og:url\" content=\"https:\/\/mexicomlogistics.com\/fr\/soumission\/\" \/>\n<meta property=\"og:site_name\" content=\"Mexicom Logistics\" \/>\n<meta property=\"article:modified_time\" content=\"2017-01-19T21:44:43+00:00\" \/>\n<meta name=\"twitter:card\" content=\"summary_large_image\" \/>\n<script type=\"application\/ld+json\" class=\"yoast-schema-graph\">{\"@context\":\"https:\/\/schema.org\",\"@graph\":[{\"@type\":\"WebPage\",\"@id\":\"https:\/\/mexicomlogistics.com\/fr\/soumission\/\",\"url\":\"https:\/\/mexicomlogistics.com\/fr\/soumission\/\",\"name\":\"Soumission - Mexicom Logistics\",\"isPartOf\":{\"@id\":\"https:\/\/mexicomlogistics.com\/fr\/#website\"},\"datePublished\":\"2015-05-05T19:15:18+00:00\",\"dateModified\":\"2017-01-19T21:44:43+00:00\",\"breadcrumb\":{\"@id\":\"https:\/\/mexicomlogistics.com\/fr\/soumission\/#breadcrumb\"},\"inLanguage\":\"fr-FR\",\"potentialAction\":[{\"@type\":\"ReadAction\",\"target\":[\"https:\/\/mexicomlogistics.com\/fr\/soumission\/\"]}]},{\"@type\":\"BreadcrumbList\",\"@id\":\"https:\/\/mexicomlogistics.com\/fr\/soumission\/#breadcrumb\",\"itemListElement\":[{\"@type\":\"ListItem\",\"position\":1,\"name\":\"Home\",\"item\":\"https:\/\/mexicomlogistics.com\/fr\/\"},{\"@type\":\"ListItem\",\"position\":2,\"name\":\"Soumission\"}]},{\"@type\":\"WebSite\",\"@id\":\"https:\/\/mexicomlogistics.com\/fr\/#website\",\"url\":\"https:\/\/mexicomlogistics.com\/fr\/\",\"name\":\"Mexicom Logistics\",\"description\":\"Ship with confidence\",\"publisher\":{\"@id\":\"https:\/\/mexicomlogistics.com\/fr\/#organization\"},\"potentialAction\":[{\"@type\":\"SearchAction\",\"target\":{\"@type\":\"EntryPoint\",\"urlTemplate\":\"https:\/\/mexicomlogistics.com\/fr\/?s={search_term_string}\"},\"query-input\":{\"@type\":\"PropertyValueSpecification\",\"valueRequired\":true,\"valueName\":\"search_term_string\"}}],\"inLanguage\":\"fr-FR\"},{\"@type\":\"Organization\",\"@id\":\"https:\/\/mexicomlogistics.com\/fr\/#organization\",\"name\":\"Mexicom Logistics\",\"url\":\"https:\/\/mexicomlogistics.com\/fr\/\",\"logo\":{\"@type\":\"ImageObject\",\"inLanguage\":\"fr-FR\",\"@id\":\"https:\/\/mexicomlogistics.com\/fr\/#\/schema\/logo\/image\/\",\"url\":\"https:\/\/mexicomlogistics.com\/wp-content\/uploads\/2017\/03\/logo-white.jpg\",\"contentUrl\":\"https:\/\/mexicomlogistics.com\/wp-content\/uploads\/2017\/03\/logo-white.jpg\",\"width\":617,\"height\":402,\"caption\":\"Mexicom Logistics\"},\"image\":{\"@id\":\"https:\/\/mexicomlogistics.com\/fr\/#\/schema\/logo\/image\/\"}}]}<\/script>\n<!-- \/ Yoast SEO plugin. -->","yoast_head_json":{"title":"Soumission - Mexicom Logistics","robots":{"index":"index","follow":"follow","max-snippet":"max-snippet:-1","max-image-preview":"max-image-preview:large","max-video-preview":"max-video-preview:-1"},"canonical":"https:\/\/mexicomlogistics.com\/fr\/soumission\/","og_locale":"fr_FR","og_type":"article","og_title":"Soumission - Mexicom Logistics","og_description":"Soumission *Nom de la compagnie *Nom du contact *Courrier \u00e9lectronique *Courrier \u00e9lectronique de confirmation *T\u00e9l\u00e9phone Origine *Ville *\u00c9tat\/Province *Pays *Code Postal Destination *Ville *\u00c9tat\/Province *Pays *Code Postal *Montant maximum \/USD $ *Obligatoire Service Terrestre Chargements complets (FTL) Chargements partiels (LTL) Chargements partiels (LTL) Nombre de pi\u00e8ces Dimensions Poids Empilable &nbsp; Non empilable Bo\u00eete s\u00e8che Fourgon [&hellip;]","og_url":"https:\/\/mexicomlogistics.com\/fr\/soumission\/","og_site_name":"Mexicom Logistics","article_modified_time":"2017-01-19T21:44:43+00:00","twitter_card":"summary_large_image","schema":{"@context":"https:\/\/schema.org","@graph":[{"@type":"WebPage","@id":"https:\/\/mexicomlogistics.com\/fr\/soumission\/","url":"https:\/\/mexicomlogistics.com\/fr\/soumission\/","name":"Soumission - Mexicom Logistics","isPartOf":{"@id":"https:\/\/mexicomlogistics.com\/fr\/#website"},"datePublished":"2015-05-05T19:15:18+00:00","dateModified":"2017-01-19T21:44:43+00:00","breadcrumb":{"@id":"https:\/\/mexicomlogistics.com\/fr\/soumission\/#breadcrumb"},"inLanguage":"fr-FR","potentialAction":[{"@type":"ReadAction","target":["https:\/\/mexicomlogistics.com\/fr\/soumission\/"]}]},{"@type":"BreadcrumbList","@id":"https:\/\/mexicomlogistics.com\/fr\/soumission\/#breadcrumb","itemListElement":[{"@type":"ListItem","position":1,"name":"Home","item":"https:\/\/mexicomlogistics.com\/fr\/"},{"@type":"ListItem","position":2,"name":"Soumission"}]},{"@type":"WebSite","@id":"https:\/\/mexicomlogistics.com\/fr\/#website","url":"https:\/\/mexicomlogistics.com\/fr\/","name":"Mexicom Logistics","description":"Ship with confidence","publisher":{"@id":"https:\/\/mexicomlogistics.com\/fr\/#organization"},"potentialAction":[{"@type":"SearchAction","target":{"@type":"EntryPoint","urlTemplate":"https:\/\/mexicomlogistics.com\/fr\/?s={search_term_string}"},"query-input":{"@type":"PropertyValueSpecification","valueRequired":true,"valueName":"search_term_string"}}],"inLanguage":"fr-FR"},{"@type":"Organization","@id":"https:\/\/mexicomlogistics.com\/fr\/#organization","name":"Mexicom Logistics","url":"https:\/\/mexicomlogistics.com\/fr\/","logo":{"@type":"ImageObject","inLanguage":"fr-FR","@id":"https:\/\/mexicomlogistics.com\/fr\/#\/schema\/logo\/image\/","url":"https:\/\/mexicomlogistics.com\/wp-content\/uploads\/2017\/03\/logo-white.jpg","contentUrl":"https:\/\/mexicomlogistics.com\/wp-content\/uploads\/2017\/03\/logo-white.jpg","width":617,"height":402,"caption":"Mexicom Logistics"},"image":{"@id":"https:\/\/mexicomlogistics.com\/fr\/#\/schema\/logo\/image\/"}}]}},"jetpack_sharing_enabled":true,"jetpack_shortlink":"https:\/\/wp.me\/P8vZ39-8V","_links":{"self":[{"href":"https:\/\/mexicomlogistics.com\/fr\/wp-json\/wp\/v2\/pages\/553","targetHints":{"allow":["GET"]}}],"collection":[{"href":"https:\/\/mexicomlogistics.com\/fr\/wp-json\/wp\/v2\/pages"}],"about":[{"href":"https:\/\/mexicomlogistics.com\/fr\/wp-json\/wp\/v2\/types\/page"}],"author":[{"embeddable":true,"href":"https:\/\/mexicomlogistics.com\/fr\/wp-json\/wp\/v2\/users\/1"}],"replies":[{"embeddable":true,"href":"https:\/\/mexicomlogistics.com\/fr\/wp-json\/wp\/v2\/comments?post=553"}],"version-history":[{"count":0,"href":"https:\/\/mexicomlogistics.com\/fr\/wp-json\/wp\/v2\/pages\/553\/revisions"}],"wp:attachment":[{"href":"https:\/\/mexicomlogistics.com\/fr\/wp-json\/wp\/v2\/media?parent=553"}],"curies":[{"name":"wp","href":"https:\/\/api.w.org\/{rel}","templated":true}]}}