{"id":547,"date":"2015-05-05T15:00:21","date_gmt":"2015-05-05T19:00:21","guid":{"rendered":"http:\/\/mexicomlogistics.com\/?page_id=547"},"modified":"2019-03-23T18:02:09","modified_gmt":"2019-03-23T22:02:09","slug":"centre-de-distribution-a-hebron-kentucky","status":"publish","type":"page","link":"https:\/\/mexicomlogistics.com\/fr\/centre-de-distribution-a-hebron-kentucky\/","title":{"rendered":"Centre de distribution \u00e0 Hebron, Kentucky"},"content":{"rendered":"<div style=\"padding: 25px 25px\">\n<h1 style=\"padding-left:25px;\">Centre de distribution \u00e0 Hebron, Kentucky<\/h1>\n<\/div>\n<p><img loading=\"lazy\" decoding=\"async\" width=\"1000\" height=\"200\" alt=\"\" src=\"https:\/\/mexicomlogistics.com\/wp-content\/uploads\/2014\/01\/hebron-warehouse.jpg\" class=\"\"><\/p>\n<div style=\"padding: 25px 25px\">\n<h2 style=\"text-align:center;margin-bottom:2em\">Notre nouveau centre de distribution \u00e0 Hebron, Kentucky pave la route de nouveaux avantages.<br \/>\n\t\tPour les clients qui exp\u00e9dient des marchandises \u00e0 partir du Mexique,<br \/>il offrira la possibilit\u00e9 de se rapprocher des march\u00e9s am\u00e9ricains ou canadiens.<\/h2>\n<div style=\"display: table; width: 100%; margin-bottom:2em\">\n<div style=\"display:table-row\">\n<div style=\"display:table-cell; vertical-align: top; padding-right: 20px;\" >\n<h5 style=\"font-weight:bold\">Pour nos clients mexicains ayant des fournisseurs aux \u00c9tats-Unis et au Canada, nous pouvons aider \u00e0 r\u00e9duire les frais de transport en offrant:<\/h5>\n<ul>\n<li>Plus d&rsquo;espaces d&rsquo;entreposage.<\/li>\n<li>Un temps de transit r\u00e9duit jusqu&rsquo;\u00e0 destination compar\u00e9 \u00e0 une exp\u00e9dition directe depuis le Mexique.<\/li>\n<li>Le temps de transport \u00e0 partir de la date de commande va maintenant prendre de 3 \u00e0 4 jours au lieu d&rsquo;une moyenne de 15 jours lorsque c&rsquo;est envoy\u00e9  depuis les usines d&rsquo;origine.<\/li>\n<li>Visibilit\u00e9 compl\u00e8te des inventaires.<\/li>\n<li>La possibilit\u00e9 de faire des exp\u00e9ditions 24\/7 vers n&rsquo;importe quelle destination des \u00c9tats-Unis et du Canada.<\/li>\n<li>Ma\u00eetrise des d\u00e9penses pour l&rsquo;entreposage.<\/li>\n<li>Possibilit\u00e9 de remballer et d&rsquo;exp\u00e9dier pi\u00e8ce par pi\u00e8ce ou par palette.<\/li>\n<\/ul><\/div>\n<div style=\"display:table-cell; vertical-align: top;\" >\n\t\t\t\t<img loading=\"lazy\" decoding=\"async\" src=\"https:\/\/mexicomlogistics.com\/wp-content\/uploads\/2014\/01\/hebron-warehouse-outside.jpg\" alt=\"hebron-warehouse-outside\" width=\"540\" height=\"340\" class=\"alignnone size-full wp-image-253\" srcset=\"https:\/\/mexicomlogistics.com\/wp-content\/uploads\/2014\/01\/hebron-warehouse-outside.jpg 540w, https:\/\/mexicomlogistics.com\/wp-content\/uploads\/2014\/01\/hebron-warehouse-outside-300x189.jpg 300w\" sizes=\"auto, (max-width: 540px) 100vw, 540px\" \/>\n\t\t\t<\/div><\/div><\/div>\n<div style=\"display: table; width: 100%\">\n<div style=\"display:table-row\">\n<div style=\"display:table-cell; vertical-align: middle; padding-right: 20px;\" >\n<p style=\"text-align:center;\"><a href=\"https:\/\/mexicomlogistics.com\/wp-content\/uploads\/2014\/01\/New-Distribution-Center.pdf\" target=\"_blank\" rel=\"noopener noreferrer\"><img loading=\"lazy\" decoding=\"async\" src=\"https:\/\/mexicomlogistics.com\/wp-content\/uploads\/2014\/01\/warehouse-inside.jpg\" alt=\"warehouse-inside\" width=\"250\" height=\"150\" class=\"alignleft size-full wp-image-237\" \/><br \/><span>Cliquez ici pour voir le communiqu\u00e9 de presse.<\/span><\/a><\/p>\n<\/p><\/div>\n<div style=\"display:table-cell; vertical-align: middle;\" >\n<h2 style=\"text-align: center;\">Nous sommes ravis de notre \u00e9tablissement du Kentucky car nous savons que vous, nos clients, allez en profiter grandement.<\/p>\n<p>&nbsp;<\/h2>\n<\/p><\/div><\/div><\/div>\n<\/div>\n","protected":false},"excerpt":{"rendered":"<p>Centre de distribution \u00e0 Hebron, Kentucky Notre nouveau centre de distribution \u00e0 Hebron, Kentucky pave la route de nouveaux avantages. Pour les clients qui exp\u00e9dient des marchandises \u00e0 partir du Mexique,il offrira la possibilit\u00e9 de se rapprocher des march\u00e9s am\u00e9ricains ou canadiens. Pour nos clients mexicains ayant des fournisseurs aux \u00c9tats-Unis et au Canada, nous [&hellip;]<\/p>\n","protected":false},"author":1,"featured_media":0,"parent":0,"menu_order":33,"comment_status":"closed","ping_status":"closed","template":"","meta":{"content-type":"","jetpack_post_was_ever_published":false,"footnotes":""},"class_list":["post-547","page","type-page","status-publish","hentry"],"yoast_head":"<!-- This site is optimized with the Yoast SEO plugin v27.3 - https:\/\/yoast.com\/product\/yoast-seo-wordpress\/ -->\n<title>Centre de distribution \u00e0 Hebron, Kentucky - Mexicom Logistics<\/title>\n<meta name=\"robots\" content=\"index, follow, max-snippet:-1, max-image-preview:large, max-video-preview:-1\" \/>\n<link rel=\"canonical\" href=\"https:\/\/mexicomlogistics.com\/fr\/centre-de-distribution-a-hebron-kentucky\/\" \/>\n<meta property=\"og:locale\" content=\"fr_FR\" \/>\n<meta property=\"og:type\" content=\"article\" \/>\n<meta property=\"og:title\" content=\"Centre de distribution \u00e0 Hebron, Kentucky - Mexicom Logistics\" \/>\n<meta property=\"og:description\" content=\"Centre de distribution \u00e0 Hebron, Kentucky Notre nouveau centre de distribution \u00e0 Hebron, Kentucky pave la route de nouveaux avantages. Pour les clients qui exp\u00e9dient des marchandises \u00e0 partir du Mexique,il offrira la possibilit\u00e9 de se rapprocher des march\u00e9s am\u00e9ricains ou canadiens. Pour nos clients mexicains ayant des fournisseurs aux \u00c9tats-Unis et au Canada, nous [&hellip;]\" \/>\n<meta property=\"og:url\" content=\"https:\/\/mexicomlogistics.com\/fr\/centre-de-distribution-a-hebron-kentucky\/\" \/>\n<meta property=\"og:site_name\" content=\"Mexicom Logistics\" \/>\n<meta property=\"article:modified_time\" content=\"2019-03-23T22:02:09+00:00\" \/>\n<meta property=\"og:image\" content=\"https:\/\/mexicomlogistics.com\/wp-content\/uploads\/2014\/01\/hebron-warehouse.jpg\" \/>\n<meta name=\"twitter:card\" content=\"summary_large_image\" \/>\n<meta name=\"twitter:label1\" content=\"Dur\u00e9e de lecture estim\u00e9e\" \/>\n\t<meta name=\"twitter:data1\" content=\"1 minute\" \/>\n<script type=\"application\/ld+json\" class=\"yoast-schema-graph\">{\"@context\":\"https:\\\/\\\/schema.org\",\"@graph\":[{\"@type\":\"WebPage\",\"@id\":\"https:\\\/\\\/mexicomlogistics.com\\\/fr\\\/centre-de-distribution-a-hebron-kentucky\\\/\",\"url\":\"https:\\\/\\\/mexicomlogistics.com\\\/fr\\\/centre-de-distribution-a-hebron-kentucky\\\/\",\"name\":\"Centre de distribution \u00e0 Hebron, Kentucky - Mexicom Logistics\",\"isPartOf\":{\"@id\":\"https:\\\/\\\/mexicomlogistics.com\\\/fr\\\/#website\"},\"primaryImageOfPage\":{\"@id\":\"https:\\\/\\\/mexicomlogistics.com\\\/fr\\\/centre-de-distribution-a-hebron-kentucky\\\/#primaryimage\"},\"image\":{\"@id\":\"https:\\\/\\\/mexicomlogistics.com\\\/fr\\\/centre-de-distribution-a-hebron-kentucky\\\/#primaryimage\"},\"thumbnailUrl\":\"https:\\\/\\\/mexicomlogistics.com\\\/wp-content\\\/uploads\\\/2014\\\/01\\\/hebron-warehouse.jpg\",\"datePublished\":\"2015-05-05T19:00:21+00:00\",\"dateModified\":\"2019-03-23T22:02:09+00:00\",\"breadcrumb\":{\"@id\":\"https:\\\/\\\/mexicomlogistics.com\\\/fr\\\/centre-de-distribution-a-hebron-kentucky\\\/#breadcrumb\"},\"inLanguage\":\"fr-FR\",\"potentialAction\":[{\"@type\":\"ReadAction\",\"target\":[\"https:\\\/\\\/mexicomlogistics.com\\\/fr\\\/centre-de-distribution-a-hebron-kentucky\\\/\"]}]},{\"@type\":\"ImageObject\",\"inLanguage\":\"fr-FR\",\"@id\":\"https:\\\/\\\/mexicomlogistics.com\\\/fr\\\/centre-de-distribution-a-hebron-kentucky\\\/#primaryimage\",\"url\":\"https:\\\/\\\/mexicomlogistics.com\\\/wp-content\\\/uploads\\\/2014\\\/01\\\/hebron-warehouse.jpg\",\"contentUrl\":\"https:\\\/\\\/mexicomlogistics.com\\\/wp-content\\\/uploads\\\/2014\\\/01\\\/hebron-warehouse.jpg\"},{\"@type\":\"BreadcrumbList\",\"@id\":\"https:\\\/\\\/mexicomlogistics.com\\\/fr\\\/centre-de-distribution-a-hebron-kentucky\\\/#breadcrumb\",\"itemListElement\":[{\"@type\":\"ListItem\",\"position\":1,\"name\":\"Home\",\"item\":\"https:\\\/\\\/mexicomlogistics.com\\\/fr\\\/\"},{\"@type\":\"ListItem\",\"position\":2,\"name\":\"Centre de distribution \u00e0 Hebron, Kentucky\"}]},{\"@type\":\"WebSite\",\"@id\":\"https:\\\/\\\/mexicomlogistics.com\\\/fr\\\/#website\",\"url\":\"https:\\\/\\\/mexicomlogistics.com\\\/fr\\\/\",\"name\":\"Mexicom Logistics\",\"description\":\"Ship with confidence\",\"publisher\":{\"@id\":\"https:\\\/\\\/mexicomlogistics.com\\\/fr\\\/#organization\"},\"potentialAction\":[{\"@type\":\"SearchAction\",\"target\":{\"@type\":\"EntryPoint\",\"urlTemplate\":\"https:\\\/\\\/mexicomlogistics.com\\\/fr\\\/?s={search_term_string}\"},\"query-input\":{\"@type\":\"PropertyValueSpecification\",\"valueRequired\":true,\"valueName\":\"search_term_string\"}}],\"inLanguage\":\"fr-FR\"},{\"@type\":\"Organization\",\"@id\":\"https:\\\/\\\/mexicomlogistics.com\\\/fr\\\/#organization\",\"name\":\"Mexicom Logistics\",\"url\":\"https:\\\/\\\/mexicomlogistics.com\\\/fr\\\/\",\"logo\":{\"@type\":\"ImageObject\",\"inLanguage\":\"fr-FR\",\"@id\":\"https:\\\/\\\/mexicomlogistics.com\\\/fr\\\/#\\\/schema\\\/logo\\\/image\\\/\",\"url\":\"https:\\\/\\\/mexicomlogistics.com\\\/wp-content\\\/uploads\\\/2017\\\/03\\\/logo-white.jpg\",\"contentUrl\":\"https:\\\/\\\/mexicomlogistics.com\\\/wp-content\\\/uploads\\\/2017\\\/03\\\/logo-white.jpg\",\"width\":617,\"height\":402,\"caption\":\"Mexicom Logistics\"},\"image\":{\"@id\":\"https:\\\/\\\/mexicomlogistics.com\\\/fr\\\/#\\\/schema\\\/logo\\\/image\\\/\"}}]}<\/script>\n<!-- \/ Yoast SEO plugin. -->","yoast_head_json":{"title":"Centre de distribution \u00e0 Hebron, Kentucky - Mexicom Logistics","robots":{"index":"index","follow":"follow","max-snippet":"max-snippet:-1","max-image-preview":"max-image-preview:large","max-video-preview":"max-video-preview:-1"},"canonical":"https:\/\/mexicomlogistics.com\/fr\/centre-de-distribution-a-hebron-kentucky\/","og_locale":"fr_FR","og_type":"article","og_title":"Centre de distribution \u00e0 Hebron, Kentucky - Mexicom Logistics","og_description":"Centre de distribution \u00e0 Hebron, Kentucky Notre nouveau centre de distribution \u00e0 Hebron, Kentucky pave la route de nouveaux avantages. Pour les clients qui exp\u00e9dient des marchandises \u00e0 partir du Mexique,il offrira la possibilit\u00e9 de se rapprocher des march\u00e9s am\u00e9ricains ou canadiens. Pour nos clients mexicains ayant des fournisseurs aux \u00c9tats-Unis et au Canada, nous [&hellip;]","og_url":"https:\/\/mexicomlogistics.com\/fr\/centre-de-distribution-a-hebron-kentucky\/","og_site_name":"Mexicom Logistics","article_modified_time":"2019-03-23T22:02:09+00:00","og_image":[{"url":"https:\/\/mexicomlogistics.com\/wp-content\/uploads\/2014\/01\/hebron-warehouse.jpg","type":"","width":"","height":""}],"twitter_card":"summary_large_image","twitter_misc":{"Dur\u00e9e de lecture estim\u00e9e":"1 minute"},"schema":{"@context":"https:\/\/schema.org","@graph":[{"@type":"WebPage","@id":"https:\/\/mexicomlogistics.com\/fr\/centre-de-distribution-a-hebron-kentucky\/","url":"https:\/\/mexicomlogistics.com\/fr\/centre-de-distribution-a-hebron-kentucky\/","name":"Centre de distribution \u00e0 Hebron, Kentucky - Mexicom Logistics","isPartOf":{"@id":"https:\/\/mexicomlogistics.com\/fr\/#website"},"primaryImageOfPage":{"@id":"https:\/\/mexicomlogistics.com\/fr\/centre-de-distribution-a-hebron-kentucky\/#primaryimage"},"image":{"@id":"https:\/\/mexicomlogistics.com\/fr\/centre-de-distribution-a-hebron-kentucky\/#primaryimage"},"thumbnailUrl":"https:\/\/mexicomlogistics.com\/wp-content\/uploads\/2014\/01\/hebron-warehouse.jpg","datePublished":"2015-05-05T19:00:21+00:00","dateModified":"2019-03-23T22:02:09+00:00","breadcrumb":{"@id":"https:\/\/mexicomlogistics.com\/fr\/centre-de-distribution-a-hebron-kentucky\/#breadcrumb"},"inLanguage":"fr-FR","potentialAction":[{"@type":"ReadAction","target":["https:\/\/mexicomlogistics.com\/fr\/centre-de-distribution-a-hebron-kentucky\/"]}]},{"@type":"ImageObject","inLanguage":"fr-FR","@id":"https:\/\/mexicomlogistics.com\/fr\/centre-de-distribution-a-hebron-kentucky\/#primaryimage","url":"https:\/\/mexicomlogistics.com\/wp-content\/uploads\/2014\/01\/hebron-warehouse.jpg","contentUrl":"https:\/\/mexicomlogistics.com\/wp-content\/uploads\/2014\/01\/hebron-warehouse.jpg"},{"@type":"BreadcrumbList","@id":"https:\/\/mexicomlogistics.com\/fr\/centre-de-distribution-a-hebron-kentucky\/#breadcrumb","itemListElement":[{"@type":"ListItem","position":1,"name":"Home","item":"https:\/\/mexicomlogistics.com\/fr\/"},{"@type":"ListItem","position":2,"name":"Centre de distribution \u00e0 Hebron, Kentucky"}]},{"@type":"WebSite","@id":"https:\/\/mexicomlogistics.com\/fr\/#website","url":"https:\/\/mexicomlogistics.com\/fr\/","name":"Mexicom Logistics","description":"Ship with confidence","publisher":{"@id":"https:\/\/mexicomlogistics.com\/fr\/#organization"},"potentialAction":[{"@type":"SearchAction","target":{"@type":"EntryPoint","urlTemplate":"https:\/\/mexicomlogistics.com\/fr\/?s={search_term_string}"},"query-input":{"@type":"PropertyValueSpecification","valueRequired":true,"valueName":"search_term_string"}}],"inLanguage":"fr-FR"},{"@type":"Organization","@id":"https:\/\/mexicomlogistics.com\/fr\/#organization","name":"Mexicom Logistics","url":"https:\/\/mexicomlogistics.com\/fr\/","logo":{"@type":"ImageObject","inLanguage":"fr-FR","@id":"https:\/\/mexicomlogistics.com\/fr\/#\/schema\/logo\/image\/","url":"https:\/\/mexicomlogistics.com\/wp-content\/uploads\/2017\/03\/logo-white.jpg","contentUrl":"https:\/\/mexicomlogistics.com\/wp-content\/uploads\/2017\/03\/logo-white.jpg","width":617,"height":402,"caption":"Mexicom Logistics"},"image":{"@id":"https:\/\/mexicomlogistics.com\/fr\/#\/schema\/logo\/image\/"}}]}},"jetpack_sharing_enabled":true,"jetpack_shortlink":"https:\/\/wp.me\/P8vZ39-8P","_links":{"self":[{"href":"https:\/\/mexicomlogistics.com\/fr\/wp-json\/wp\/v2\/pages\/547","targetHints":{"allow":["GET"]}}],"collection":[{"href":"https:\/\/mexicomlogistics.com\/fr\/wp-json\/wp\/v2\/pages"}],"about":[{"href":"https:\/\/mexicomlogistics.com\/fr\/wp-json\/wp\/v2\/types\/page"}],"author":[{"embeddable":true,"href":"https:\/\/mexicomlogistics.com\/fr\/wp-json\/wp\/v2\/users\/1"}],"replies":[{"embeddable":true,"href":"https:\/\/mexicomlogistics.com\/fr\/wp-json\/wp\/v2\/comments?post=547"}],"version-history":[{"count":0,"href":"https:\/\/mexicomlogistics.com\/fr\/wp-json\/wp\/v2\/pages\/547\/revisions"}],"wp:attachment":[{"href":"https:\/\/mexicomlogistics.com\/fr\/wp-json\/wp\/v2\/media?parent=547"}],"curies":[{"name":"wp","href":"https:\/\/api.w.org\/{rel}","templated":true}]}}