{"id":544,"date":"2015-05-05T14:59:29","date_gmt":"2015-05-05T18:59:29","guid":{"rendered":"http:\/\/mexicomlogistics.com\/?page_id=544"},"modified":"2019-03-23T17:59:48","modified_gmt":"2019-03-23T21:59:48","slug":"liens-interessants","status":"publish","type":"page","link":"https:\/\/mexicomlogistics.com\/fr\/nouvelles\/liens-interessants\/","title":{"rendered":"Liens int\u00e9ressants"},"content":{"rendered":"<div style=\"padding-left: 25px;padding-bottom:20px;\">\n<h1>Liens int\u00e9ressants<\/h1>\n<div class=\"art-content-layout-wrapper layout-item-2\">\n<div class=\"art-content-layout\">\n<div class=\"art-content-layout-row\">\n<div class=\"art-layout-cell layout-item-3\" style=\"width: 33%\" >\n<h2 style=\"text-align: center;\">Mise \u00e0 jour des prix <\/h2>\n<h2 style=\"text-align: center;\">de l\u2019essence et du diesel<\/h2>\n<p style=\"text-align: center;\"><a href=\"http:\/\/www.eia.gov\/petroleum\/gasdiesel\/\" target\"_blank\"><img loading=\"lazy\" decoding=\"async\" width=\"200\" height=\"175\" alt=\"\" src=\"https:\/\/mexicomlogistics.com\/wp-content\/uploads\/2013\/11\/new-eia-logo.jpg\"><\/a><\/p>\n<\/p><\/div>\n<div class=\"art-layout-cell layout-item-3\" style=\"width: 34%\" >\n<h2 style=\"text-align: center;\">Laredo, Texas<\/h2>\n<p><\/p>\n<p style=\"text-align: center;\"><a href=\"http:\/\/www.ci.laredo.tx.us\/bridgesys\/cameras\/bridge4cam.html\" target=\"_blank\" rel=\"noopener noreferrer\"><img loading=\"lazy\" decoding=\"async\" width=\"200\" height=\"175\" alt=\"\" src=\"https:\/\/mexicomlogistics.com\/wp-content\/uploads\/2013\/11\/bannerbridge.jpg\"><\/a><\/p>\n<\/p><\/div>\n<div class=\"art-layout-cell layout-item-3\" style=\"width: 33%\" >\n<h2 style=\"text-align: center;\">M\u00e9t\u00e9o<\/h2>\n<p><\/p>\n<p style=\"text-align: center;\"><a href=\"http:\/\/www.weather.com\/\" target=\"_blank\" rel=\"noopener noreferrer\"><img loading=\"lazy\" decoding=\"async\" width=\"200\" height=\"175\" alt=\"\" src=\"https:\/\/mexicomlogistics.com\/wp-content\/uploads\/2013\/11\/The-Weather-Channel-logo.jpg\"><\/a><\/p>\n<\/p><\/div><\/div>\n<\/div>\n<\/div>\n<\/div>\n","protected":false},"excerpt":{"rendered":"<p>Liens int\u00e9ressants Mise \u00e0 jour des prix de l\u2019essence et du diesel Laredo, Texas M\u00e9t\u00e9o<\/p>\n","protected":false},"author":1,"featured_media":0,"parent":538,"menu_order":32,"comment_status":"closed","ping_status":"closed","template":"","meta":{"content-type":"","jetpack_post_was_ever_published":false,"footnotes":""},"class_list":["post-544","page","type-page","status-publish","hentry"],"yoast_head":"<!-- This site is optimized with the Yoast SEO plugin v27.3 - https:\/\/yoast.com\/product\/yoast-seo-wordpress\/ -->\n<title>Liens int\u00e9ressants - Mexicom Logistics<\/title>\n<meta name=\"robots\" content=\"index, follow, max-snippet:-1, max-image-preview:large, max-video-preview:-1\" \/>\n<link rel=\"canonical\" href=\"https:\/\/mexicomlogistics.com\/fr\/nouvelles\/liens-interessants\/\" \/>\n<meta property=\"og:locale\" content=\"fr_FR\" \/>\n<meta property=\"og:type\" content=\"article\" \/>\n<meta property=\"og:title\" content=\"Liens int\u00e9ressants - Mexicom Logistics\" \/>\n<meta property=\"og:description\" content=\"Liens int\u00e9ressants Mise \u00e0 jour des prix de l\u2019essence et du diesel Laredo, Texas M\u00e9t\u00e9o\" \/>\n<meta property=\"og:url\" content=\"https:\/\/mexicomlogistics.com\/fr\/nouvelles\/liens-interessants\/\" \/>\n<meta property=\"og:site_name\" content=\"Mexicom Logistics\" \/>\n<meta property=\"article:modified_time\" content=\"2019-03-23T21:59:48+00:00\" \/>\n<meta property=\"og:image\" content=\"https:\/\/mexicomlogistics.com\/wp-content\/uploads\/2013\/11\/new-eia-logo.jpg\" \/>\n<meta name=\"twitter:card\" content=\"summary_large_image\" \/>\n<script type=\"application\/ld+json\" class=\"yoast-schema-graph\">{\"@context\":\"https:\\\/\\\/schema.org\",\"@graph\":[{\"@type\":\"WebPage\",\"@id\":\"https:\\\/\\\/mexicomlogistics.com\\\/fr\\\/nouvelles\\\/liens-interessants\\\/\",\"url\":\"https:\\\/\\\/mexicomlogistics.com\\\/fr\\\/nouvelles\\\/liens-interessants\\\/\",\"name\":\"Liens int\u00e9ressants - Mexicom Logistics\",\"isPartOf\":{\"@id\":\"https:\\\/\\\/mexicomlogistics.com\\\/fr\\\/#website\"},\"primaryImageOfPage\":{\"@id\":\"https:\\\/\\\/mexicomlogistics.com\\\/fr\\\/nouvelles\\\/liens-interessants\\\/#primaryimage\"},\"image\":{\"@id\":\"https:\\\/\\\/mexicomlogistics.com\\\/fr\\\/nouvelles\\\/liens-interessants\\\/#primaryimage\"},\"thumbnailUrl\":\"https:\\\/\\\/mexicomlogistics.com\\\/wp-content\\\/uploads\\\/2013\\\/11\\\/new-eia-logo.jpg\",\"datePublished\":\"2015-05-05T18:59:29+00:00\",\"dateModified\":\"2019-03-23T21:59:48+00:00\",\"breadcrumb\":{\"@id\":\"https:\\\/\\\/mexicomlogistics.com\\\/fr\\\/nouvelles\\\/liens-interessants\\\/#breadcrumb\"},\"inLanguage\":\"fr-FR\",\"potentialAction\":[{\"@type\":\"ReadAction\",\"target\":[\"https:\\\/\\\/mexicomlogistics.com\\\/fr\\\/nouvelles\\\/liens-interessants\\\/\"]}]},{\"@type\":\"ImageObject\",\"inLanguage\":\"fr-FR\",\"@id\":\"https:\\\/\\\/mexicomlogistics.com\\\/fr\\\/nouvelles\\\/liens-interessants\\\/#primaryimage\",\"url\":\"https:\\\/\\\/mexicomlogistics.com\\\/wp-content\\\/uploads\\\/2013\\\/11\\\/new-eia-logo.jpg\",\"contentUrl\":\"https:\\\/\\\/mexicomlogistics.com\\\/wp-content\\\/uploads\\\/2013\\\/11\\\/new-eia-logo.jpg\"},{\"@type\":\"BreadcrumbList\",\"@id\":\"https:\\\/\\\/mexicomlogistics.com\\\/fr\\\/nouvelles\\\/liens-interessants\\\/#breadcrumb\",\"itemListElement\":[{\"@type\":\"ListItem\",\"position\":1,\"name\":\"Home\",\"item\":\"https:\\\/\\\/mexicomlogistics.com\\\/fr\\\/\"},{\"@type\":\"ListItem\",\"position\":2,\"name\":\"Nouvelles\",\"item\":\"https:\\\/\\\/mexicomlogistics.com\\\/fr\\\/nouvelles\\\/\"},{\"@type\":\"ListItem\",\"position\":3,\"name\":\"Liens int\u00e9ressants\"}]},{\"@type\":\"WebSite\",\"@id\":\"https:\\\/\\\/mexicomlogistics.com\\\/fr\\\/#website\",\"url\":\"https:\\\/\\\/mexicomlogistics.com\\\/fr\\\/\",\"name\":\"Mexicom Logistics\",\"description\":\"Ship with confidence\",\"publisher\":{\"@id\":\"https:\\\/\\\/mexicomlogistics.com\\\/fr\\\/#organization\"},\"potentialAction\":[{\"@type\":\"SearchAction\",\"target\":{\"@type\":\"EntryPoint\",\"urlTemplate\":\"https:\\\/\\\/mexicomlogistics.com\\\/fr\\\/?s={search_term_string}\"},\"query-input\":{\"@type\":\"PropertyValueSpecification\",\"valueRequired\":true,\"valueName\":\"search_term_string\"}}],\"inLanguage\":\"fr-FR\"},{\"@type\":\"Organization\",\"@id\":\"https:\\\/\\\/mexicomlogistics.com\\\/fr\\\/#organization\",\"name\":\"Mexicom Logistics\",\"url\":\"https:\\\/\\\/mexicomlogistics.com\\\/fr\\\/\",\"logo\":{\"@type\":\"ImageObject\",\"inLanguage\":\"fr-FR\",\"@id\":\"https:\\\/\\\/mexicomlogistics.com\\\/fr\\\/#\\\/schema\\\/logo\\\/image\\\/\",\"url\":\"https:\\\/\\\/mexicomlogistics.com\\\/wp-content\\\/uploads\\\/2017\\\/03\\\/logo-white.jpg\",\"contentUrl\":\"https:\\\/\\\/mexicomlogistics.com\\\/wp-content\\\/uploads\\\/2017\\\/03\\\/logo-white.jpg\",\"width\":617,\"height\":402,\"caption\":\"Mexicom Logistics\"},\"image\":{\"@id\":\"https:\\\/\\\/mexicomlogistics.com\\\/fr\\\/#\\\/schema\\\/logo\\\/image\\\/\"}}]}<\/script>\n<!-- \/ Yoast SEO plugin. -->","yoast_head_json":{"title":"Liens int\u00e9ressants - Mexicom Logistics","robots":{"index":"index","follow":"follow","max-snippet":"max-snippet:-1","max-image-preview":"max-image-preview:large","max-video-preview":"max-video-preview:-1"},"canonical":"https:\/\/mexicomlogistics.com\/fr\/nouvelles\/liens-interessants\/","og_locale":"fr_FR","og_type":"article","og_title":"Liens int\u00e9ressants - Mexicom Logistics","og_description":"Liens int\u00e9ressants Mise \u00e0 jour des prix de l\u2019essence et du diesel Laredo, Texas M\u00e9t\u00e9o","og_url":"https:\/\/mexicomlogistics.com\/fr\/nouvelles\/liens-interessants\/","og_site_name":"Mexicom Logistics","article_modified_time":"2019-03-23T21:59:48+00:00","og_image":[{"url":"https:\/\/mexicomlogistics.com\/wp-content\/uploads\/2013\/11\/new-eia-logo.jpg","type":"","width":"","height":""}],"twitter_card":"summary_large_image","schema":{"@context":"https:\/\/schema.org","@graph":[{"@type":"WebPage","@id":"https:\/\/mexicomlogistics.com\/fr\/nouvelles\/liens-interessants\/","url":"https:\/\/mexicomlogistics.com\/fr\/nouvelles\/liens-interessants\/","name":"Liens int\u00e9ressants - Mexicom Logistics","isPartOf":{"@id":"https:\/\/mexicomlogistics.com\/fr\/#website"},"primaryImageOfPage":{"@id":"https:\/\/mexicomlogistics.com\/fr\/nouvelles\/liens-interessants\/#primaryimage"},"image":{"@id":"https:\/\/mexicomlogistics.com\/fr\/nouvelles\/liens-interessants\/#primaryimage"},"thumbnailUrl":"https:\/\/mexicomlogistics.com\/wp-content\/uploads\/2013\/11\/new-eia-logo.jpg","datePublished":"2015-05-05T18:59:29+00:00","dateModified":"2019-03-23T21:59:48+00:00","breadcrumb":{"@id":"https:\/\/mexicomlogistics.com\/fr\/nouvelles\/liens-interessants\/#breadcrumb"},"inLanguage":"fr-FR","potentialAction":[{"@type":"ReadAction","target":["https:\/\/mexicomlogistics.com\/fr\/nouvelles\/liens-interessants\/"]}]},{"@type":"ImageObject","inLanguage":"fr-FR","@id":"https:\/\/mexicomlogistics.com\/fr\/nouvelles\/liens-interessants\/#primaryimage","url":"https:\/\/mexicomlogistics.com\/wp-content\/uploads\/2013\/11\/new-eia-logo.jpg","contentUrl":"https:\/\/mexicomlogistics.com\/wp-content\/uploads\/2013\/11\/new-eia-logo.jpg"},{"@type":"BreadcrumbList","@id":"https:\/\/mexicomlogistics.com\/fr\/nouvelles\/liens-interessants\/#breadcrumb","itemListElement":[{"@type":"ListItem","position":1,"name":"Home","item":"https:\/\/mexicomlogistics.com\/fr\/"},{"@type":"ListItem","position":2,"name":"Nouvelles","item":"https:\/\/mexicomlogistics.com\/fr\/nouvelles\/"},{"@type":"ListItem","position":3,"name":"Liens int\u00e9ressants"}]},{"@type":"WebSite","@id":"https:\/\/mexicomlogistics.com\/fr\/#website","url":"https:\/\/mexicomlogistics.com\/fr\/","name":"Mexicom Logistics","description":"Ship with confidence","publisher":{"@id":"https:\/\/mexicomlogistics.com\/fr\/#organization"},"potentialAction":[{"@type":"SearchAction","target":{"@type":"EntryPoint","urlTemplate":"https:\/\/mexicomlogistics.com\/fr\/?s={search_term_string}"},"query-input":{"@type":"PropertyValueSpecification","valueRequired":true,"valueName":"search_term_string"}}],"inLanguage":"fr-FR"},{"@type":"Organization","@id":"https:\/\/mexicomlogistics.com\/fr\/#organization","name":"Mexicom Logistics","url":"https:\/\/mexicomlogistics.com\/fr\/","logo":{"@type":"ImageObject","inLanguage":"fr-FR","@id":"https:\/\/mexicomlogistics.com\/fr\/#\/schema\/logo\/image\/","url":"https:\/\/mexicomlogistics.com\/wp-content\/uploads\/2017\/03\/logo-white.jpg","contentUrl":"https:\/\/mexicomlogistics.com\/wp-content\/uploads\/2017\/03\/logo-white.jpg","width":617,"height":402,"caption":"Mexicom Logistics"},"image":{"@id":"https:\/\/mexicomlogistics.com\/fr\/#\/schema\/logo\/image\/"}}]}},"jetpack_sharing_enabled":true,"jetpack_shortlink":"https:\/\/wp.me\/P8vZ39-8M","_links":{"self":[{"href":"https:\/\/mexicomlogistics.com\/fr\/wp-json\/wp\/v2\/pages\/544","targetHints":{"allow":["GET"]}}],"collection":[{"href":"https:\/\/mexicomlogistics.com\/fr\/wp-json\/wp\/v2\/pages"}],"about":[{"href":"https:\/\/mexicomlogistics.com\/fr\/wp-json\/wp\/v2\/types\/page"}],"author":[{"embeddable":true,"href":"https:\/\/mexicomlogistics.com\/fr\/wp-json\/wp\/v2\/users\/1"}],"replies":[{"embeddable":true,"href":"https:\/\/mexicomlogistics.com\/fr\/wp-json\/wp\/v2\/comments?post=544"}],"version-history":[{"count":0,"href":"https:\/\/mexicomlogistics.com\/fr\/wp-json\/wp\/v2\/pages\/544\/revisions"}],"up":[{"embeddable":true,"href":"https:\/\/mexicomlogistics.com\/fr\/wp-json\/wp\/v2\/pages\/538"}],"wp:attachment":[{"href":"https:\/\/mexicomlogistics.com\/fr\/wp-json\/wp\/v2\/media?parent=544"}],"curies":[{"name":"wp","href":"https:\/\/api.w.org\/{rel}","templated":true}]}}