{"id":536,"date":"2015-05-05T14:48:19","date_gmt":"2015-05-05T18:48:19","guid":{"rendered":"http:\/\/mexicomlogistics.com\/?page_id=536"},"modified":"2021-03-23T14:15:28","modified_gmt":"2021-03-23T18:15:28","slug":"assurances","status":"publish","type":"page","link":"https:\/\/mexicomlogistics.com\/fr\/options\/assurances\/","title":{"rendered":"Assurance Fret"},"content":{"rendered":"<div class=\"wpb-content-wrapper\">[vc_row visibility=\u00a0\u00bbhidden-sm\u00a0\u00bb css=\u00a0\u00bb.vc_custom_1568325445107{background-image: url(https:\/\/mexicomlogistics.com\/wp-content\/uploads\/2019\/09\/assurance-fret-4.jpg?id=9807) !important;background-position: center !important;background-repeat: no-repeat !important;background-size: cover !important;}\u00a0\u00bb][vc_column][mk_padding_divider size=\u00a0\u00bb100&Prime; visibility=\u00a0\u00bbvisible-sm\u00a0\u00bb][mk_padding_divider size=\u00a0\u00bb250&Prime; visibility=\u00a0\u00bbhidden-sm\u00a0\u00bb][mk_padding_divider size=\u00a0\u00bb250&Prime; visibility=\u00a0\u00bbhidden-sm\u00a0\u00bb][\/vc_column][\/vc_row][vc_row visibility=\u00a0\u00bbvisible-sm\u00a0\u00bb][vc_column][mk_padding_divider size=\u00a0\u00bb20&Prime;][vc_column_text css=\u00a0\u00bb.vc_custom_1568322104797{margin-bottom: 0px !important;}\u00a0\u00bb]\n<h1 style=\"text-align: center;\">Assurance Fret<\/h1>\n[\/vc_column_text][\/vc_column][\/vc_row][mk_page_section visibility=\u00a0\u00bbhidden-sm\u00a0\u00bb sidebar=\u00a0\u00bbsidebar-1&Prime;][vc_column][vc_row_inner][vc_column_inner][vc_column_text css=\u00a0\u00bb.vc_custom_1595020476046{margin-bottom: 0px !important;}\u00a0\u00bb]<span style=\"font-weight: 400;\">Pour une tranquillit\u00e9 d&rsquo;esprit, Mexicom Logistics offre des assurances de chargement partout en Am\u00e9rique du Nord, sp\u00e9cialement pour les envois vers et depuis le Mexique.<\/span><\/p>\n<p><span style=\"font-weight: 400;\">Prot\u00e9gez vos marchandises contre la perte, les dommages ou le vol depuis le chargement jusqu&rsquo;\u00e0 la d\u00e9charge \u00e0 la destination finale au Mexique et partout au Canada et aux \u00c9tats-Unis.<\/span>[\/vc_column_text][\/vc_column_inner][\/vc_row_inner][\/vc_column][\/mk_page_section][mk_page_section visibility=\u00a0\u00bbhidden-sm\u00a0\u00bb sidebar=\u00a0\u00bbsidebar-1&Prime;][vc_column][vc_row_inner][vc_column_inner][vc_column_text css=\u00a0\u00bb.vc_custom_1595020675682{margin-bottom: 0px !important;}\u00a0\u00bb]\n<h3><span style=\"font-weight: 400;\">Une assurance de couverture totale au taux le plus bas: 0,4%, en exclusivit\u00e9 pour nos clients. <\/span><\/h3>\n<h4>Par exemple, si votre marchandise vaut 10 000 $ USD, vous ne paierez que 40 $ USD pour obtenir une couverture compl\u00e8te.<\/h4>\n[\/vc_column_text][\/vc_column_inner][\/vc_row_inner][\/vc_column][\/mk_page_section][mk_page_section visibility=\u00a0\u00bbhidden-sm\u00a0\u00bb sidebar=\u00a0\u00bbsidebar-1&Prime;][vc_column width=\u00a0\u00bb2\/3&Prime;][mk_padding_divider][vc_row_inner][vc_column_inner][vc_column_text css=\u00a0\u00bb.vc_custom_1595021158188{margin-bottom: 0px !important;}\u00a0\u00bb]<span style=\"font-weight: 400;\">Notre couverture totale qui comprend:<\/span><\/p>\n<ul>\n<li><span style=\"font-weight: 400;\">Manipulation pendant le chargement des marchandises \u00e0 l&rsquo;origine.<\/span><\/li>\n<li><span style=\"font-weight: 400;\">Couverture au complet du transport de marchandises, quel que soit le nombre de transporteurs et \/ ou de pays.<\/span><\/li>\n<li><span style=\"font-weight: 400;\">Manutention pendant le chargement et le d\u00e9chargement des marchandises pendant toutes les activit\u00e9s de transbordement<\/span><\/li>\n<li><span style=\"font-weight: 400;\">Manipulation et stockage temporaire des marchandises pendant les processus d&rsquo;importation et d&rsquo;exportation.<\/span><\/li>\n<li><span style=\"font-weight: 400;\">Manipulation pendant le d\u00e9chargement des marchandises \u00e0 la destination finale.<\/span><\/li>\n<\/ul>\n<p>*Certaines conditions\u00a0s&rsquo;appliquent[\/vc_column_text][\/vc_column_inner][\/vc_row_inner][\/vc_column][vc_column width=\u00a0\u00bb1\/3&Prime;][mk_padding_divider][vc_single_image image=\u00a0\u00bb13084&Prime; img_size=\u00a0\u00bbfull\u00a0\u00bb][\/vc_column][\/mk_page_section][mk_page_section visibility=\u00a0\u00bbhidden-sm\u00a0\u00bb sidebar=\u00a0\u00bbsidebar-1&Prime;][vc_column][vc_row_inner][vc_column_inner][vc_column_text css=\u00a0\u00bb.vc_custom_1595020840704{margin-bottom: 0px !important;}\u00a0\u00bb]\n<h5 style=\"text-align: center;\"><span style=\"color: #c60f40;\">Obtenez votre assurance fret aujourd&rsquo;hui<\/span><\/h5>\n<h5 style=\"text-align: center;\"><span style=\"color: #c60f40;\">\u00e9crivez-nous \u00e0 info@mexicomlogistics.com\u00a0<\/span><\/h5>\n[\/vc_column_text][\/vc_column_inner][\/vc_row_inner][\/vc_column][\/mk_page_section]\n<\/div>","protected":false},"excerpt":{"rendered":"<p>[vc_row visibility=\u00a0\u00bbhidden-sm\u00a0\u00bb css=\u00a0\u00bb.vc_custom_1568325445107{background-image: url(https:\/\/mexicomlogistics.com\/wp-content\/uploads\/2019\/09\/assurance-fret-4.jpg?id=9807) !important;background-position: center !important;background-repeat: no-repeat !important;background-size: cover !important;}\u00a0\u00bb][vc_column][mk_padding_divider size=\u00a0\u00bb100&Prime; visibility=\u00a0\u00bbvisible-sm\u00a0\u00bb][mk_padding_divider size=\u00a0\u00bb250&Prime; visibility=\u00a0\u00bbhidden-sm\u00a0\u00bb][mk_padding_divider size=\u00a0\u00bb250&Prime; visibility=\u00a0\u00bbhidden-sm\u00a0\u00bb][\/vc_column][\/vc_row][vc_row visibility=\u00a0\u00bbvisible-sm\u00a0\u00bb][vc_column][mk_padding_divider size=\u00a0\u00bb20&Prime;][vc_column_text css=\u00a0\u00bb.vc_custom_1568322104797{margin-bottom: 0px !important;}\u00a0\u00bb] Assurance Fret [\/vc_column_text][\/vc_column][\/vc_row][mk_page_section visibility=\u00a0\u00bbhidden-sm\u00a0\u00bb sidebar=\u00a0\u00bbsidebar-1&Prime;][vc_column][vc_row_inner][vc_column_inner][vc_column_text css=\u00a0\u00bb.vc_custom_1595020476046{margin-bottom: 0px !important;}\u00a0\u00bb]Pour une tranquillit\u00e9 d&rsquo;esprit, Mexicom Logistics offre des assurances de chargement partout en Am\u00e9rique du Nord, sp\u00e9cialement pour les envois vers et depuis le Mexique. Prot\u00e9gez [&hellip;]<\/p>\n","protected":false},"author":1,"featured_media":0,"parent":532,"menu_order":22,"comment_status":"closed","ping_status":"closed","template":"","meta":{"content-type":"","jetpack_post_was_ever_published":false,"footnotes":""},"class_list":["post-536","page","type-page","status-publish","hentry"],"yoast_head":"<!-- This site is optimized with the Yoast SEO plugin v27.3 - https:\/\/yoast.com\/product\/yoast-seo-wordpress\/ -->\n<title>Assurance Fret - Mexicom Logistics<\/title>\n<meta name=\"robots\" content=\"index, follow, max-snippet:-1, max-image-preview:large, max-video-preview:-1\" \/>\n<link rel=\"canonical\" href=\"https:\/\/mexicomlogistics.com\/fr\/options\/assurances\/\" \/>\n<meta property=\"og:locale\" content=\"fr_FR\" \/>\n<meta property=\"og:type\" content=\"article\" \/>\n<meta property=\"og:title\" content=\"Assurance Fret - Mexicom Logistics\" \/>\n<meta property=\"og:description\" content=\"[vc_row visibility=\u00a0\u00bbhidden-sm\u00a0\u00bb css=\u00a0\u00bb.vc_custom_1568325445107{background-image: url(https:\/\/mexicomlogistics.com\/wp-content\/uploads\/2019\/09\/assurance-fret-4.jpg?id=9807) !important;background-position: center !important;background-repeat: no-repeat !important;background-size: cover !important;}\u00a0\u00bb][vc_column][mk_padding_divider size=\u00a0\u00bb100&Prime; visibility=\u00a0\u00bbvisible-sm\u00a0\u00bb][mk_padding_divider size=\u00a0\u00bb250&Prime; visibility=\u00a0\u00bbhidden-sm\u00a0\u00bb][mk_padding_divider size=\u00a0\u00bb250&Prime; visibility=\u00a0\u00bbhidden-sm\u00a0\u00bb][\/vc_column][\/vc_row][vc_row visibility=\u00a0\u00bbvisible-sm\u00a0\u00bb][vc_column][mk_padding_divider size=\u00a0\u00bb20&Prime;][vc_column_text css=\u00a0\u00bb.vc_custom_1568322104797{margin-bottom: 0px !important;}\u00a0\u00bb] Assurance Fret [\/vc_column_text][\/vc_column][\/vc_row][mk_page_section visibility=\u00a0\u00bbhidden-sm\u00a0\u00bb sidebar=\u00a0\u00bbsidebar-1&Prime;][vc_column][vc_row_inner][vc_column_inner][vc_column_text css=\u00a0\u00bb.vc_custom_1595020476046{margin-bottom: 0px !important;}\u00a0\u00bb]Pour une tranquillit\u00e9 d&rsquo;esprit, Mexicom Logistics offre des assurances de chargement partout en Am\u00e9rique du Nord, sp\u00e9cialement pour les envois vers et depuis le Mexique. Prot\u00e9gez [&hellip;]\" \/>\n<meta property=\"og:url\" content=\"https:\/\/mexicomlogistics.com\/fr\/options\/assurances\/\" \/>\n<meta property=\"og:site_name\" content=\"Mexicom Logistics\" \/>\n<meta property=\"article:modified_time\" content=\"2021-03-23T18:15:28+00:00\" \/>\n<meta name=\"twitter:card\" content=\"summary_large_image\" \/>\n<meta name=\"twitter:label1\" content=\"Dur\u00e9e de lecture estim\u00e9e\" \/>\n\t<meta name=\"twitter:data1\" content=\"2 minutes\" \/>\n<script type=\"application\/ld+json\" class=\"yoast-schema-graph\">{\"@context\":\"https:\\\/\\\/schema.org\",\"@graph\":[{\"@type\":\"WebPage\",\"@id\":\"https:\\\/\\\/mexicomlogistics.com\\\/fr\\\/options\\\/assurances\\\/\",\"url\":\"https:\\\/\\\/mexicomlogistics.com\\\/fr\\\/options\\\/assurances\\\/\",\"name\":\"Assurance Fret - Mexicom Logistics\",\"isPartOf\":{\"@id\":\"https:\\\/\\\/mexicomlogistics.com\\\/fr\\\/#website\"},\"datePublished\":\"2015-05-05T18:48:19+00:00\",\"dateModified\":\"2021-03-23T18:15:28+00:00\",\"breadcrumb\":{\"@id\":\"https:\\\/\\\/mexicomlogistics.com\\\/fr\\\/options\\\/assurances\\\/#breadcrumb\"},\"inLanguage\":\"fr-FR\",\"potentialAction\":[{\"@type\":\"ReadAction\",\"target\":[\"https:\\\/\\\/mexicomlogistics.com\\\/fr\\\/options\\\/assurances\\\/\"]}]},{\"@type\":\"BreadcrumbList\",\"@id\":\"https:\\\/\\\/mexicomlogistics.com\\\/fr\\\/options\\\/assurances\\\/#breadcrumb\",\"itemListElement\":[{\"@type\":\"ListItem\",\"position\":1,\"name\":\"Home\",\"item\":\"https:\\\/\\\/mexicomlogistics.com\\\/fr\\\/\"},{\"@type\":\"ListItem\",\"position\":2,\"name\":\"Options\",\"item\":\"https:\\\/\\\/mexicomlogistics.com\\\/fr\\\/options\\\/\"},{\"@type\":\"ListItem\",\"position\":3,\"name\":\"Assurance Fret\"}]},{\"@type\":\"WebSite\",\"@id\":\"https:\\\/\\\/mexicomlogistics.com\\\/fr\\\/#website\",\"url\":\"https:\\\/\\\/mexicomlogistics.com\\\/fr\\\/\",\"name\":\"Mexicom Logistics\",\"description\":\"Ship with confidence\",\"publisher\":{\"@id\":\"https:\\\/\\\/mexicomlogistics.com\\\/fr\\\/#organization\"},\"potentialAction\":[{\"@type\":\"SearchAction\",\"target\":{\"@type\":\"EntryPoint\",\"urlTemplate\":\"https:\\\/\\\/mexicomlogistics.com\\\/fr\\\/?s={search_term_string}\"},\"query-input\":{\"@type\":\"PropertyValueSpecification\",\"valueRequired\":true,\"valueName\":\"search_term_string\"}}],\"inLanguage\":\"fr-FR\"},{\"@type\":\"Organization\",\"@id\":\"https:\\\/\\\/mexicomlogistics.com\\\/fr\\\/#organization\",\"name\":\"Mexicom Logistics\",\"url\":\"https:\\\/\\\/mexicomlogistics.com\\\/fr\\\/\",\"logo\":{\"@type\":\"ImageObject\",\"inLanguage\":\"fr-FR\",\"@id\":\"https:\\\/\\\/mexicomlogistics.com\\\/fr\\\/#\\\/schema\\\/logo\\\/image\\\/\",\"url\":\"https:\\\/\\\/mexicomlogistics.com\\\/wp-content\\\/uploads\\\/2017\\\/03\\\/logo-white.jpg\",\"contentUrl\":\"https:\\\/\\\/mexicomlogistics.com\\\/wp-content\\\/uploads\\\/2017\\\/03\\\/logo-white.jpg\",\"width\":617,\"height\":402,\"caption\":\"Mexicom Logistics\"},\"image\":{\"@id\":\"https:\\\/\\\/mexicomlogistics.com\\\/fr\\\/#\\\/schema\\\/logo\\\/image\\\/\"}}]}<\/script>\n<!-- \/ Yoast SEO plugin. -->","yoast_head_json":{"title":"Assurance Fret - Mexicom Logistics","robots":{"index":"index","follow":"follow","max-snippet":"max-snippet:-1","max-image-preview":"max-image-preview:large","max-video-preview":"max-video-preview:-1"},"canonical":"https:\/\/mexicomlogistics.com\/fr\/options\/assurances\/","og_locale":"fr_FR","og_type":"article","og_title":"Assurance Fret - Mexicom Logistics","og_description":"[vc_row visibility=\u00a0\u00bbhidden-sm\u00a0\u00bb css=\u00a0\u00bb.vc_custom_1568325445107{background-image: url(https:\/\/mexicomlogistics.com\/wp-content\/uploads\/2019\/09\/assurance-fret-4.jpg?id=9807) !important;background-position: center !important;background-repeat: no-repeat !important;background-size: cover !important;}\u00a0\u00bb][vc_column][mk_padding_divider size=\u00a0\u00bb100&Prime; visibility=\u00a0\u00bbvisible-sm\u00a0\u00bb][mk_padding_divider size=\u00a0\u00bb250&Prime; visibility=\u00a0\u00bbhidden-sm\u00a0\u00bb][mk_padding_divider size=\u00a0\u00bb250&Prime; visibility=\u00a0\u00bbhidden-sm\u00a0\u00bb][\/vc_column][\/vc_row][vc_row visibility=\u00a0\u00bbvisible-sm\u00a0\u00bb][vc_column][mk_padding_divider size=\u00a0\u00bb20&Prime;][vc_column_text css=\u00a0\u00bb.vc_custom_1568322104797{margin-bottom: 0px !important;}\u00a0\u00bb] Assurance Fret [\/vc_column_text][\/vc_column][\/vc_row][mk_page_section visibility=\u00a0\u00bbhidden-sm\u00a0\u00bb sidebar=\u00a0\u00bbsidebar-1&Prime;][vc_column][vc_row_inner][vc_column_inner][vc_column_text css=\u00a0\u00bb.vc_custom_1595020476046{margin-bottom: 0px !important;}\u00a0\u00bb]Pour une tranquillit\u00e9 d&rsquo;esprit, Mexicom Logistics offre des assurances de chargement partout en Am\u00e9rique du Nord, sp\u00e9cialement pour les envois vers et depuis le Mexique. Prot\u00e9gez [&hellip;]","og_url":"https:\/\/mexicomlogistics.com\/fr\/options\/assurances\/","og_site_name":"Mexicom Logistics","article_modified_time":"2021-03-23T18:15:28+00:00","twitter_card":"summary_large_image","twitter_misc":{"Dur\u00e9e de lecture estim\u00e9e":"2 minutes"},"schema":{"@context":"https:\/\/schema.org","@graph":[{"@type":"WebPage","@id":"https:\/\/mexicomlogistics.com\/fr\/options\/assurances\/","url":"https:\/\/mexicomlogistics.com\/fr\/options\/assurances\/","name":"Assurance Fret - Mexicom Logistics","isPartOf":{"@id":"https:\/\/mexicomlogistics.com\/fr\/#website"},"datePublished":"2015-05-05T18:48:19+00:00","dateModified":"2021-03-23T18:15:28+00:00","breadcrumb":{"@id":"https:\/\/mexicomlogistics.com\/fr\/options\/assurances\/#breadcrumb"},"inLanguage":"fr-FR","potentialAction":[{"@type":"ReadAction","target":["https:\/\/mexicomlogistics.com\/fr\/options\/assurances\/"]}]},{"@type":"BreadcrumbList","@id":"https:\/\/mexicomlogistics.com\/fr\/options\/assurances\/#breadcrumb","itemListElement":[{"@type":"ListItem","position":1,"name":"Home","item":"https:\/\/mexicomlogistics.com\/fr\/"},{"@type":"ListItem","position":2,"name":"Options","item":"https:\/\/mexicomlogistics.com\/fr\/options\/"},{"@type":"ListItem","position":3,"name":"Assurance Fret"}]},{"@type":"WebSite","@id":"https:\/\/mexicomlogistics.com\/fr\/#website","url":"https:\/\/mexicomlogistics.com\/fr\/","name":"Mexicom Logistics","description":"Ship with confidence","publisher":{"@id":"https:\/\/mexicomlogistics.com\/fr\/#organization"},"potentialAction":[{"@type":"SearchAction","target":{"@type":"EntryPoint","urlTemplate":"https:\/\/mexicomlogistics.com\/fr\/?s={search_term_string}"},"query-input":{"@type":"PropertyValueSpecification","valueRequired":true,"valueName":"search_term_string"}}],"inLanguage":"fr-FR"},{"@type":"Organization","@id":"https:\/\/mexicomlogistics.com\/fr\/#organization","name":"Mexicom Logistics","url":"https:\/\/mexicomlogistics.com\/fr\/","logo":{"@type":"ImageObject","inLanguage":"fr-FR","@id":"https:\/\/mexicomlogistics.com\/fr\/#\/schema\/logo\/image\/","url":"https:\/\/mexicomlogistics.com\/wp-content\/uploads\/2017\/03\/logo-white.jpg","contentUrl":"https:\/\/mexicomlogistics.com\/wp-content\/uploads\/2017\/03\/logo-white.jpg","width":617,"height":402,"caption":"Mexicom Logistics"},"image":{"@id":"https:\/\/mexicomlogistics.com\/fr\/#\/schema\/logo\/image\/"}}]}},"jetpack_sharing_enabled":true,"jetpack_shortlink":"https:\/\/wp.me\/P8vZ39-8E","_links":{"self":[{"href":"https:\/\/mexicomlogistics.com\/fr\/wp-json\/wp\/v2\/pages\/536","targetHints":{"allow":["GET"]}}],"collection":[{"href":"https:\/\/mexicomlogistics.com\/fr\/wp-json\/wp\/v2\/pages"}],"about":[{"href":"https:\/\/mexicomlogistics.com\/fr\/wp-json\/wp\/v2\/types\/page"}],"author":[{"embeddable":true,"href":"https:\/\/mexicomlogistics.com\/fr\/wp-json\/wp\/v2\/users\/1"}],"replies":[{"embeddable":true,"href":"https:\/\/mexicomlogistics.com\/fr\/wp-json\/wp\/v2\/comments?post=536"}],"version-history":[{"count":0,"href":"https:\/\/mexicomlogistics.com\/fr\/wp-json\/wp\/v2\/pages\/536\/revisions"}],"up":[{"embeddable":true,"href":"https:\/\/mexicomlogistics.com\/fr\/wp-json\/wp\/v2\/pages\/532"}],"wp:attachment":[{"href":"https:\/\/mexicomlogistics.com\/fr\/wp-json\/wp\/v2\/media?parent=536"}],"curies":[{"name":"wp","href":"https:\/\/api.w.org\/{rel}","templated":true}]}}