{"id":534,"date":"2015-05-05T14:45:17","date_gmt":"2015-05-05T18:45:17","guid":{"rendered":"http:\/\/mexicomlogistics.com\/?page_id=534"},"modified":"2022-01-26T11:42:09","modified_gmt":"2022-01-26T16:42:09","slug":"courtiers-en-douane","status":"publish","type":"page","link":"https:\/\/mexicomlogistics.com\/fr\/options\/courtiers-en-douane\/","title":{"rendered":"Courtiers en douane"},"content":{"rendered":"<div class=\"wpb-content-wrapper\">[vc_row visibility=\u00a0\u00bbhidden-sm\u00a0\u00bb css=\u00a0\u00bb.vc_custom_1568395319795{background-image: url(https:\/\/mexicomlogistics.com\/wp-content\/uploads\/2019\/09\/courtier-douane-mexique-2.jpg?id=9884) !important;background-position: center !important;background-repeat: no-repeat !important;background-size: cover !important;}\u00a0\u00bb el_class=\u00a0\u00bbtrucking-row-1&Prime;][vc_column][mk_padding_divider size=\u00a0\u00bb100&Prime; visibility=\u00a0\u00bbvisible-sm\u00a0\u00bb][mk_padding_divider size=\u00a0\u00bb250&Prime; visibility=\u00a0\u00bbhidden-sm\u00a0\u00bb][mk_padding_divider size=\u00a0\u00bb250&Prime; visibility=\u00a0\u00bbhidden-sm\u00a0\u00bb][\/vc_column][\/vc_row][mk_page_section visibility=\u00a0\u00bbhidden-sm\u00a0\u00bb sidebar=\u00a0\u00bbsidebar-1&Prime;][vc_column][vc_row_inner][vc_column_inner][vc_column_text el_class=\u00a0\u00bbcustom-brk-text-1&Prime; css=\u00a0\u00bb.vc_custom_1643215324680{margin-bottom: 0px !important;}\u00a0\u00bb]<span style=\"font-weight: 400;\">Nous avons ma\u00eetris\u00e9 le processus des fronti\u00e8res avec environ 6,600 charges traversant les fronti\u00e8res mexicaines chaque ann\u00e9e. Notre \u00e9quipe op\u00e9rationnelle s\u2019assure que ce processus est clairement surveill\u00e9 et perfectionn\u00e9.<\/span><\/p>\n<p><span style=\"font-weight: 400;\">Nous nous occupons de faciliter la paperasserie, l\u2019inspection et le transbordement. Nous allons au bout jusqu\u2019\u00e0 ce que votre marchandise soit compl\u00e8tement lib\u00e9r\u00e9e par voie de douane.<\/span>[\/vc_column_text][mk_fancy_title color=\u00a0\u00bb#ff0000&Prime; size=\u00a0\u00bb20&Prime; font_weight=\u00a0\u00bb500&Prime; margin_top=\u00a0\u00bb10&Prime; font_family=\u00a0\u00bbMontserrat\u00a0\u00bb font_type=\u00a0\u00bbgoogle\u00a0\u00bb]Partenaires:[\/mk_fancy_title][vc_column_text el_class=\u00a0\u00bbcustom-brk-text-1&Prime; css=\u00a0\u00bb.vc_custom_1568395802228{margin-bottom: 0px !important;}\u00a0\u00bb]\n<ul>\n<li>Bas\u00e9 \u00e0 Laredo, au Texas, l&rsquo;\u00e9quipe EFG Forwarding travaille avec nous pour assurer un passage \u00e0 niveau doux et sans d\u00e9lais au passage frontalier du sud des \u00c9tats-Unis.<\/li>\n<\/ul>\n[\/vc_column_text][vc_column_text el_class=\u00a0\u00bbcustom-brk-text-1&Prime; css=\u00a0\u00bb.vc_custom_1568395806854{margin-bottom: 0px !important;}\u00a0\u00bb]\n<ul>\n<li>DLM Internationale fournit \u00e0 notre client\u00e8le un service client personnalis\u00e9 de classe mondiale afin de pouvoir concurrencer le march\u00e9 mondial actuel et se tenir au courant de la r\u00e9glementation, des proc\u00e9dures et du respect des diverses agences gouvernementales.<\/li>\n<\/ul>\n[\/vc_column_text][vc_column_text el_class=\u00a0\u00bbcustom-brk-text-1&Prime; css=\u00a0\u00bb.vc_custom_1568395812424{margin-bottom: 0px !important;}\u00a0\u00bb]\n<ul>\n<li>Gr\u00e2ce \u00e0 sa participation aux principales douanes mexicaines, Alta Stockman offre \u00e0 ses clients un service fiable d\u2019importation et d\u2019exportation de marchandises dans le respect des normes et avec une grande attention aux d\u00e9tails.<\/li>\n<\/ul>\n[\/vc_column_text][\/vc_column_inner][\/vc_row_inner][\/vc_column][\/mk_page_section][mk_page_section visibility=\u00a0\u00bbvisible-sm\u00a0\u00bb sidebar=\u00a0\u00bbsidebar-1&Prime;][vc_column][vc_row_inner][vc_column_inner][vc_column_text css=\u00a0\u00bb.vc_custom_1568395772146{margin-bottom: 0px !important;}\u00a0\u00bb]\n<h2 style=\"text-align: center;\">Courtiers en douanes<\/h2>\n[\/vc_column_text][mk_padding_divider][vc_column_text el_class=\u00a0\u00bbcustom-brk-text-1&Prime; css=\u00a0\u00bb.vc_custom_1608141478394{margin-bottom: 0px !important;}\u00a0\u00bb]<span style=\"font-weight: 400;\">Nous avons ma\u00eetris\u00e9 le processus des fronti\u00e8res avec environ +4 000 charges traversant les fronti\u00e8res mexicaines chaque ann\u00e9e. Notre \u00e9quipe op\u00e9rationnelle s\u2019assure que ce processus est clairement surveill\u00e9 et perfectionn\u00e9.<\/span><\/p>\n<p><span style=\"font-weight: 400;\">Nous nous occupons de faciliter la paperasserie, l\u2019inspection et le transbordement. Nous allons au bout jusqu\u2019\u00e0 ce que votre marchandise soit compl\u00e8tement lib\u00e9r\u00e9e par voie de douane.<\/span>[\/vc_column_text][vc_single_image image=\u00a0\u00bb9881&Prime; img_size=\u00a0\u00bbfull\u00a0\u00bb alignment=\u00a0\u00bbcenter\u00a0\u00bb][mk_fancy_title color=\u00a0\u00bb#ff0000&Prime; size=\u00a0\u00bb20&Prime; font_weight=\u00a0\u00bb500&Prime; margin_top=\u00a0\u00bb10&Prime; font_family=\u00a0\u00bbMontserrat\u00a0\u00bb font_type=\u00a0\u00bbgoogle\u00a0\u00bb]Partenaires[\/mk_fancy_title][vc_column_text el_class=\u00a0\u00bbcustom-brk-text-1&Prime; css=\u00a0\u00bb.vc_custom_1568395835346{margin-bottom: 0px !important;}\u00a0\u00bb]\n<ul>\n<li>Bas\u00e9 \u00e0 Laredo, au Texas, l&rsquo;\u00e9quipe EFG Forwarding travaille avec nous pour assurer un passage \u00e0 niveau doux et sans d\u00e9lais au passage frontalier du sud des \u00c9tats-Unis.<\/li>\n<\/ul>\n[\/vc_column_text][vc_column_text el_class=\u00a0\u00bbcustom-brk-text-1&Prime; css=\u00a0\u00bb.vc_custom_1568395830103{margin-bottom: 0px !important;}\u00a0\u00bb]\n<ul>\n<li>DLM Internationale fournit \u00e0 notre client\u00e8le un service client personnalis\u00e9 de classe mondiale afin de pouvoir concurrencer le march\u00e9 mondial actuel et se tenir au courant de la r\u00e9glementation, des proc\u00e9dures et du respect des diverses agences gouvernementales.<\/li>\n<\/ul>\n[\/vc_column_text][vc_column_text el_class=\u00a0\u00bbcustom-brk-text-1&Prime; css=\u00a0\u00bb.vc_custom_1568395840468{margin-bottom: 0px !important;}\u00a0\u00bb]\n<ul>\n<li>Gr\u00e2ce \u00e0 sa participation aux principales douanes mexicaines, Alta Stockman offre \u00e0 ses clients un service fiable d\u2019importation et d\u2019exportation de marchandises dans le respect des normes et avec une grande attention aux d\u00e9tails.<\/li>\n<\/ul>\n[\/vc_column_text][\/vc_column_inner][\/vc_row_inner][\/vc_column][\/mk_page_section]\n<\/div>","protected":false},"excerpt":{"rendered":"<p>[vc_row visibility=\u00a0\u00bbhidden-sm\u00a0\u00bb css=\u00a0\u00bb.vc_custom_1568395319795{background-image: url(https:\/\/mexicomlogistics.com\/wp-content\/uploads\/2019\/09\/courtier-douane-mexique-2.jpg?id=9884) !important;background-position: center !important;background-repeat: no-repeat !important;background-size: cover !important;}\u00a0\u00bb el_class=\u00a0\u00bbtrucking-row-1&Prime;][vc_column][mk_padding_divider size=\u00a0\u00bb100&Prime; visibility=\u00a0\u00bbvisible-sm\u00a0\u00bb][mk_padding_divider size=\u00a0\u00bb250&Prime; visibility=\u00a0\u00bbhidden-sm\u00a0\u00bb][mk_padding_divider size=\u00a0\u00bb250&Prime; visibility=\u00a0\u00bbhidden-sm\u00a0\u00bb][\/vc_column][\/vc_row][mk_page_section visibility=\u00a0\u00bbhidden-sm\u00a0\u00bb sidebar=\u00a0\u00bbsidebar-1&Prime;][vc_column][vc_row_inner][vc_column_inner][vc_column_text el_class=\u00a0\u00bbcustom-brk-text-1&Prime; css=\u00a0\u00bb.vc_custom_1643215324680{margin-bottom: 0px !important;}\u00a0\u00bb]Nous avons ma\u00eetris\u00e9 le processus des fronti\u00e8res avec environ 6,600 charges traversant les fronti\u00e8res mexicaines chaque ann\u00e9e. Notre \u00e9quipe op\u00e9rationnelle s\u2019assure que ce processus est clairement surveill\u00e9 et perfectionn\u00e9. Nous nous occupons [&hellip;]<\/p>\n","protected":false},"author":1,"featured_media":0,"parent":532,"menu_order":21,"comment_status":"closed","ping_status":"closed","template":"","meta":{"content-type":"","jetpack_post_was_ever_published":false,"footnotes":""},"class_list":["post-534","page","type-page","status-publish","hentry"],"yoast_head":"<!-- This site is optimized with the Yoast SEO plugin v27.3 - https:\/\/yoast.com\/product\/yoast-seo-wordpress\/ -->\n<title>Courtiers en douane - Mexicom Logistics<\/title>\n<meta name=\"robots\" content=\"index, follow, max-snippet:-1, max-image-preview:large, max-video-preview:-1\" \/>\n<link rel=\"canonical\" href=\"https:\/\/mexicomlogistics.com\/fr\/options\/courtiers-en-douane\/\" \/>\n<meta property=\"og:locale\" content=\"fr_FR\" \/>\n<meta property=\"og:type\" content=\"article\" \/>\n<meta property=\"og:title\" content=\"Courtiers en douane - Mexicom Logistics\" \/>\n<meta property=\"og:description\" content=\"[vc_row visibility=\u00a0\u00bbhidden-sm\u00a0\u00bb css=\u00a0\u00bb.vc_custom_1568395319795{background-image: url(https:\/\/mexicomlogistics.com\/wp-content\/uploads\/2019\/09\/courtier-douane-mexique-2.jpg?id=9884) !important;background-position: center !important;background-repeat: no-repeat !important;background-size: cover !important;}\u00a0\u00bb el_class=\u00a0\u00bbtrucking-row-1&Prime;][vc_column][mk_padding_divider size=\u00a0\u00bb100&Prime; visibility=\u00a0\u00bbvisible-sm\u00a0\u00bb][mk_padding_divider size=\u00a0\u00bb250&Prime; visibility=\u00a0\u00bbhidden-sm\u00a0\u00bb][mk_padding_divider size=\u00a0\u00bb250&Prime; visibility=\u00a0\u00bbhidden-sm\u00a0\u00bb][\/vc_column][\/vc_row][mk_page_section visibility=\u00a0\u00bbhidden-sm\u00a0\u00bb sidebar=\u00a0\u00bbsidebar-1&Prime;][vc_column][vc_row_inner][vc_column_inner][vc_column_text el_class=\u00a0\u00bbcustom-brk-text-1&Prime; css=\u00a0\u00bb.vc_custom_1643215324680{margin-bottom: 0px !important;}\u00a0\u00bb]Nous avons ma\u00eetris\u00e9 le processus des fronti\u00e8res avec environ 6,600 charges traversant les fronti\u00e8res mexicaines chaque ann\u00e9e. Notre \u00e9quipe op\u00e9rationnelle s\u2019assure que ce processus est clairement surveill\u00e9 et perfectionn\u00e9. Nous nous occupons [&hellip;]\" \/>\n<meta property=\"og:url\" content=\"https:\/\/mexicomlogistics.com\/fr\/options\/courtiers-en-douane\/\" \/>\n<meta property=\"og:site_name\" content=\"Mexicom Logistics\" \/>\n<meta property=\"article:modified_time\" content=\"2022-01-26T16:42:09+00:00\" \/>\n<meta name=\"twitter:card\" content=\"summary_large_image\" \/>\n<meta name=\"twitter:label1\" content=\"Dur\u00e9e de lecture estim\u00e9e\" \/>\n\t<meta name=\"twitter:data1\" content=\"3 minutes\" \/>\n<script type=\"application\/ld+json\" class=\"yoast-schema-graph\">{\"@context\":\"https:\\\/\\\/schema.org\",\"@graph\":[{\"@type\":\"WebPage\",\"@id\":\"https:\\\/\\\/mexicomlogistics.com\\\/fr\\\/options\\\/courtiers-en-douane\\\/\",\"url\":\"https:\\\/\\\/mexicomlogistics.com\\\/fr\\\/options\\\/courtiers-en-douane\\\/\",\"name\":\"Courtiers en douane - Mexicom Logistics\",\"isPartOf\":{\"@id\":\"https:\\\/\\\/mexicomlogistics.com\\\/fr\\\/#website\"},\"datePublished\":\"2015-05-05T18:45:17+00:00\",\"dateModified\":\"2022-01-26T16:42:09+00:00\",\"breadcrumb\":{\"@id\":\"https:\\\/\\\/mexicomlogistics.com\\\/fr\\\/options\\\/courtiers-en-douane\\\/#breadcrumb\"},\"inLanguage\":\"fr-FR\",\"potentialAction\":[{\"@type\":\"ReadAction\",\"target\":[\"https:\\\/\\\/mexicomlogistics.com\\\/fr\\\/options\\\/courtiers-en-douane\\\/\"]}]},{\"@type\":\"BreadcrumbList\",\"@id\":\"https:\\\/\\\/mexicomlogistics.com\\\/fr\\\/options\\\/courtiers-en-douane\\\/#breadcrumb\",\"itemListElement\":[{\"@type\":\"ListItem\",\"position\":1,\"name\":\"Home\",\"item\":\"https:\\\/\\\/mexicomlogistics.com\\\/fr\\\/\"},{\"@type\":\"ListItem\",\"position\":2,\"name\":\"Options\",\"item\":\"https:\\\/\\\/mexicomlogistics.com\\\/fr\\\/options\\\/\"},{\"@type\":\"ListItem\",\"position\":3,\"name\":\"Courtiers en douane\"}]},{\"@type\":\"WebSite\",\"@id\":\"https:\\\/\\\/mexicomlogistics.com\\\/fr\\\/#website\",\"url\":\"https:\\\/\\\/mexicomlogistics.com\\\/fr\\\/\",\"name\":\"Mexicom Logistics\",\"description\":\"Ship with confidence\",\"publisher\":{\"@id\":\"https:\\\/\\\/mexicomlogistics.com\\\/fr\\\/#organization\"},\"potentialAction\":[{\"@type\":\"SearchAction\",\"target\":{\"@type\":\"EntryPoint\",\"urlTemplate\":\"https:\\\/\\\/mexicomlogistics.com\\\/fr\\\/?s={search_term_string}\"},\"query-input\":{\"@type\":\"PropertyValueSpecification\",\"valueRequired\":true,\"valueName\":\"search_term_string\"}}],\"inLanguage\":\"fr-FR\"},{\"@type\":\"Organization\",\"@id\":\"https:\\\/\\\/mexicomlogistics.com\\\/fr\\\/#organization\",\"name\":\"Mexicom Logistics\",\"url\":\"https:\\\/\\\/mexicomlogistics.com\\\/fr\\\/\",\"logo\":{\"@type\":\"ImageObject\",\"inLanguage\":\"fr-FR\",\"@id\":\"https:\\\/\\\/mexicomlogistics.com\\\/fr\\\/#\\\/schema\\\/logo\\\/image\\\/\",\"url\":\"https:\\\/\\\/mexicomlogistics.com\\\/wp-content\\\/uploads\\\/2017\\\/03\\\/logo-white.jpg\",\"contentUrl\":\"https:\\\/\\\/mexicomlogistics.com\\\/wp-content\\\/uploads\\\/2017\\\/03\\\/logo-white.jpg\",\"width\":617,\"height\":402,\"caption\":\"Mexicom Logistics\"},\"image\":{\"@id\":\"https:\\\/\\\/mexicomlogistics.com\\\/fr\\\/#\\\/schema\\\/logo\\\/image\\\/\"}}]}<\/script>\n<!-- \/ Yoast SEO plugin. -->","yoast_head_json":{"title":"Courtiers en douane - Mexicom Logistics","robots":{"index":"index","follow":"follow","max-snippet":"max-snippet:-1","max-image-preview":"max-image-preview:large","max-video-preview":"max-video-preview:-1"},"canonical":"https:\/\/mexicomlogistics.com\/fr\/options\/courtiers-en-douane\/","og_locale":"fr_FR","og_type":"article","og_title":"Courtiers en douane - Mexicom Logistics","og_description":"[vc_row visibility=\u00a0\u00bbhidden-sm\u00a0\u00bb css=\u00a0\u00bb.vc_custom_1568395319795{background-image: url(https:\/\/mexicomlogistics.com\/wp-content\/uploads\/2019\/09\/courtier-douane-mexique-2.jpg?id=9884) !important;background-position: center !important;background-repeat: no-repeat !important;background-size: cover !important;}\u00a0\u00bb el_class=\u00a0\u00bbtrucking-row-1&Prime;][vc_column][mk_padding_divider size=\u00a0\u00bb100&Prime; visibility=\u00a0\u00bbvisible-sm\u00a0\u00bb][mk_padding_divider size=\u00a0\u00bb250&Prime; visibility=\u00a0\u00bbhidden-sm\u00a0\u00bb][mk_padding_divider size=\u00a0\u00bb250&Prime; visibility=\u00a0\u00bbhidden-sm\u00a0\u00bb][\/vc_column][\/vc_row][mk_page_section visibility=\u00a0\u00bbhidden-sm\u00a0\u00bb sidebar=\u00a0\u00bbsidebar-1&Prime;][vc_column][vc_row_inner][vc_column_inner][vc_column_text el_class=\u00a0\u00bbcustom-brk-text-1&Prime; css=\u00a0\u00bb.vc_custom_1643215324680{margin-bottom: 0px !important;}\u00a0\u00bb]Nous avons ma\u00eetris\u00e9 le processus des fronti\u00e8res avec environ 6,600 charges traversant les fronti\u00e8res mexicaines chaque ann\u00e9e. Notre \u00e9quipe op\u00e9rationnelle s\u2019assure que ce processus est clairement surveill\u00e9 et perfectionn\u00e9. Nous nous occupons [&hellip;]","og_url":"https:\/\/mexicomlogistics.com\/fr\/options\/courtiers-en-douane\/","og_site_name":"Mexicom Logistics","article_modified_time":"2022-01-26T16:42:09+00:00","twitter_card":"summary_large_image","twitter_misc":{"Dur\u00e9e de lecture estim\u00e9e":"3 minutes"},"schema":{"@context":"https:\/\/schema.org","@graph":[{"@type":"WebPage","@id":"https:\/\/mexicomlogistics.com\/fr\/options\/courtiers-en-douane\/","url":"https:\/\/mexicomlogistics.com\/fr\/options\/courtiers-en-douane\/","name":"Courtiers en douane - Mexicom Logistics","isPartOf":{"@id":"https:\/\/mexicomlogistics.com\/fr\/#website"},"datePublished":"2015-05-05T18:45:17+00:00","dateModified":"2022-01-26T16:42:09+00:00","breadcrumb":{"@id":"https:\/\/mexicomlogistics.com\/fr\/options\/courtiers-en-douane\/#breadcrumb"},"inLanguage":"fr-FR","potentialAction":[{"@type":"ReadAction","target":["https:\/\/mexicomlogistics.com\/fr\/options\/courtiers-en-douane\/"]}]},{"@type":"BreadcrumbList","@id":"https:\/\/mexicomlogistics.com\/fr\/options\/courtiers-en-douane\/#breadcrumb","itemListElement":[{"@type":"ListItem","position":1,"name":"Home","item":"https:\/\/mexicomlogistics.com\/fr\/"},{"@type":"ListItem","position":2,"name":"Options","item":"https:\/\/mexicomlogistics.com\/fr\/options\/"},{"@type":"ListItem","position":3,"name":"Courtiers en douane"}]},{"@type":"WebSite","@id":"https:\/\/mexicomlogistics.com\/fr\/#website","url":"https:\/\/mexicomlogistics.com\/fr\/","name":"Mexicom Logistics","description":"Ship with confidence","publisher":{"@id":"https:\/\/mexicomlogistics.com\/fr\/#organization"},"potentialAction":[{"@type":"SearchAction","target":{"@type":"EntryPoint","urlTemplate":"https:\/\/mexicomlogistics.com\/fr\/?s={search_term_string}"},"query-input":{"@type":"PropertyValueSpecification","valueRequired":true,"valueName":"search_term_string"}}],"inLanguage":"fr-FR"},{"@type":"Organization","@id":"https:\/\/mexicomlogistics.com\/fr\/#organization","name":"Mexicom Logistics","url":"https:\/\/mexicomlogistics.com\/fr\/","logo":{"@type":"ImageObject","inLanguage":"fr-FR","@id":"https:\/\/mexicomlogistics.com\/fr\/#\/schema\/logo\/image\/","url":"https:\/\/mexicomlogistics.com\/wp-content\/uploads\/2017\/03\/logo-white.jpg","contentUrl":"https:\/\/mexicomlogistics.com\/wp-content\/uploads\/2017\/03\/logo-white.jpg","width":617,"height":402,"caption":"Mexicom Logistics"},"image":{"@id":"https:\/\/mexicomlogistics.com\/fr\/#\/schema\/logo\/image\/"}}]}},"jetpack_sharing_enabled":true,"jetpack_shortlink":"https:\/\/wp.me\/P8vZ39-8C","_links":{"self":[{"href":"https:\/\/mexicomlogistics.com\/fr\/wp-json\/wp\/v2\/pages\/534","targetHints":{"allow":["GET"]}}],"collection":[{"href":"https:\/\/mexicomlogistics.com\/fr\/wp-json\/wp\/v2\/pages"}],"about":[{"href":"https:\/\/mexicomlogistics.com\/fr\/wp-json\/wp\/v2\/types\/page"}],"author":[{"embeddable":true,"href":"https:\/\/mexicomlogistics.com\/fr\/wp-json\/wp\/v2\/users\/1"}],"replies":[{"embeddable":true,"href":"https:\/\/mexicomlogistics.com\/fr\/wp-json\/wp\/v2\/comments?post=534"}],"version-history":[{"count":0,"href":"https:\/\/mexicomlogistics.com\/fr\/wp-json\/wp\/v2\/pages\/534\/revisions"}],"up":[{"embeddable":true,"href":"https:\/\/mexicomlogistics.com\/fr\/wp-json\/wp\/v2\/pages\/532"}],"wp:attachment":[{"href":"https:\/\/mexicomlogistics.com\/fr\/wp-json\/wp\/v2\/media?parent=534"}],"curies":[{"name":"wp","href":"https:\/\/api.w.org\/{rel}","templated":true}]}}