{"id":528,"date":"2015-05-05T14:40:27","date_gmt":"2015-05-05T18:40:27","guid":{"rendered":"http:\/\/mexicomlogistics.com\/?page_id=528"},"modified":"2015-05-05T14:40:27","modified_gmt":"2015-05-05T18:40:27","slug":"chargements-aeriens","status":"publish","type":"page","link":"https:\/\/mexicomlogistics.com\/fr\/services\/chargements-aeriens\/","title":{"rendered":"Chargements A\u00e9riens"},"content":{"rendered":"<div class=\"art-content-layout\">\n<div class=\"art-content-layout-row\">\n<div class=\"art-layout-cell layout-item-0\" style=\"width: 100%\" >\n<h1>Chargements A\u00e9riens<\/h1>\n<\/p><\/div><\/div>\n<\/div>\n<div class=\"art-content-layout-wrapper layout-item-1\">\n<div class=\"art-content-layout\">\n<div class=\"art-content-layout-row\">\n<div class=\"art-layout-cell layout-item-2\" style=\"width: 100%\" >\n<p><img loading=\"lazy\" decoding=\"async\" width=\"1000\" height=\"200\" alt=\"\" src=\"http:\/\/mexi.cashin.ca\/wp-content\/uploads\/2013\/11\/air.jpg\" class=\"\"><\/p>\n<\/p><\/div><\/div>\n<\/div>\n<\/div>\n<div class=\"art-content-layout-wrapper layout-item-3\">\n<div class=\"art-content-layout\">\n<div class=\"art-content-layout-row\">\n<div class=\"art-layout-cell layout-item-4\" style=\"width: 100%\" >\n<h3>Pour les envois qui sont tr\u00e8s sensibles au temps ou lorsque l&rsquo;int\u00e9grit\u00e9 de la production est en jeu,<\/h3>\n<h3> Mexicom Logistics peut assurer le transport a\u00e9rien, de porte \u00e0 porte, pour du fret national et international. Cela comprend les services nolis\u00e9s ainsi que le transport \u00e0 bord sur des trajets s\u00e9lectionn\u00e9s.<\/h3>\n<p style=\"text-align: justify;\">\n<p style=\"text-align: justify;\"><\/p>\n<h2 style=\"text-align: center;\">Quand les envois sont urgents, nous livrons \u00e0 temps.<\/h2>\n<\/p><\/div><\/div>\n<\/div>\n<\/div>\n","protected":false},"excerpt":{"rendered":"<p>Chargements A\u00e9riens Pour les envois qui sont tr\u00e8s sensibles au temps ou lorsque l&rsquo;int\u00e9grit\u00e9 de la production est en jeu, Mexicom Logistics peut assurer le transport a\u00e9rien, de porte \u00e0 porte, pour du fret national et international. Cela comprend les services nolis\u00e9s ainsi que le transport \u00e0 bord sur des trajets s\u00e9lectionn\u00e9s. Quand les envois [&hellip;]<\/p>\n","protected":false},"author":1,"featured_media":0,"parent":526,"menu_order":15,"comment_status":"closed","ping_status":"closed","template":"","meta":{"content-type":"","jetpack_post_was_ever_published":false,"footnotes":""},"class_list":["post-528","page","type-page","status-publish","hentry"],"yoast_head":"<!-- This site is optimized with the Yoast SEO plugin v27.3 - https:\/\/yoast.com\/product\/yoast-seo-wordpress\/ -->\n<title>Chargements A\u00e9riens - Mexicom Logistics<\/title>\n<meta name=\"robots\" content=\"index, follow, max-snippet:-1, max-image-preview:large, max-video-preview:-1\" \/>\n<link rel=\"canonical\" href=\"https:\/\/mexicomlogistics.com\/fr\/services\/chargements-aeriens\/\" \/>\n<meta property=\"og:locale\" content=\"fr_FR\" \/>\n<meta property=\"og:type\" content=\"article\" \/>\n<meta property=\"og:title\" content=\"Chargements A\u00e9riens - Mexicom Logistics\" \/>\n<meta property=\"og:description\" content=\"Chargements A\u00e9riens Pour les envois qui sont tr\u00e8s sensibles au temps ou lorsque l&rsquo;int\u00e9grit\u00e9 de la production est en jeu, Mexicom Logistics peut assurer le transport a\u00e9rien, de porte \u00e0 porte, pour du fret national et international. Cela comprend les services nolis\u00e9s ainsi que le transport \u00e0 bord sur des trajets s\u00e9lectionn\u00e9s. Quand les envois [&hellip;]\" \/>\n<meta property=\"og:url\" content=\"https:\/\/mexicomlogistics.com\/fr\/services\/chargements-aeriens\/\" \/>\n<meta property=\"og:site_name\" content=\"Mexicom Logistics\" \/>\n<meta property=\"og:image\" content=\"http:\/\/mexi.cashin.ca\/wp-content\/uploads\/2013\/11\/air.jpg\" \/>\n<meta name=\"twitter:card\" content=\"summary_large_image\" \/>\n<script type=\"application\/ld+json\" class=\"yoast-schema-graph\">{\"@context\":\"https:\\\/\\\/schema.org\",\"@graph\":[{\"@type\":\"WebPage\",\"@id\":\"https:\\\/\\\/mexicomlogistics.com\\\/fr\\\/services\\\/chargements-aeriens\\\/\",\"url\":\"https:\\\/\\\/mexicomlogistics.com\\\/fr\\\/services\\\/chargements-aeriens\\\/\",\"name\":\"Chargements A\u00e9riens - Mexicom Logistics\",\"isPartOf\":{\"@id\":\"https:\\\/\\\/mexicomlogistics.com\\\/fr\\\/#website\"},\"primaryImageOfPage\":{\"@id\":\"https:\\\/\\\/mexicomlogistics.com\\\/fr\\\/services\\\/chargements-aeriens\\\/#primaryimage\"},\"image\":{\"@id\":\"https:\\\/\\\/mexicomlogistics.com\\\/fr\\\/services\\\/chargements-aeriens\\\/#primaryimage\"},\"thumbnailUrl\":\"http:\\\/\\\/mexi.cashin.ca\\\/wp-content\\\/uploads\\\/2013\\\/11\\\/air.jpg\",\"datePublished\":\"2015-05-05T18:40:27+00:00\",\"breadcrumb\":{\"@id\":\"https:\\\/\\\/mexicomlogistics.com\\\/fr\\\/services\\\/chargements-aeriens\\\/#breadcrumb\"},\"inLanguage\":\"fr-FR\",\"potentialAction\":[{\"@type\":\"ReadAction\",\"target\":[\"https:\\\/\\\/mexicomlogistics.com\\\/fr\\\/services\\\/chargements-aeriens\\\/\"]}]},{\"@type\":\"ImageObject\",\"inLanguage\":\"fr-FR\",\"@id\":\"https:\\\/\\\/mexicomlogistics.com\\\/fr\\\/services\\\/chargements-aeriens\\\/#primaryimage\",\"url\":\"http:\\\/\\\/mexi.cashin.ca\\\/wp-content\\\/uploads\\\/2013\\\/11\\\/air.jpg\",\"contentUrl\":\"http:\\\/\\\/mexi.cashin.ca\\\/wp-content\\\/uploads\\\/2013\\\/11\\\/air.jpg\"},{\"@type\":\"BreadcrumbList\",\"@id\":\"https:\\\/\\\/mexicomlogistics.com\\\/fr\\\/services\\\/chargements-aeriens\\\/#breadcrumb\",\"itemListElement\":[{\"@type\":\"ListItem\",\"position\":1,\"name\":\"Home\",\"item\":\"https:\\\/\\\/mexicomlogistics.com\\\/fr\\\/\"},{\"@type\":\"ListItem\",\"position\":2,\"name\":\"Services\",\"item\":\"https:\\\/\\\/mexicomlogistics.com\\\/fr\\\/services\\\/\"},{\"@type\":\"ListItem\",\"position\":3,\"name\":\"Chargements A\u00e9riens\"}]},{\"@type\":\"WebSite\",\"@id\":\"https:\\\/\\\/mexicomlogistics.com\\\/fr\\\/#website\",\"url\":\"https:\\\/\\\/mexicomlogistics.com\\\/fr\\\/\",\"name\":\"Mexicom Logistics\",\"description\":\"Ship with confidence\",\"publisher\":{\"@id\":\"https:\\\/\\\/mexicomlogistics.com\\\/fr\\\/#organization\"},\"potentialAction\":[{\"@type\":\"SearchAction\",\"target\":{\"@type\":\"EntryPoint\",\"urlTemplate\":\"https:\\\/\\\/mexicomlogistics.com\\\/fr\\\/?s={search_term_string}\"},\"query-input\":{\"@type\":\"PropertyValueSpecification\",\"valueRequired\":true,\"valueName\":\"search_term_string\"}}],\"inLanguage\":\"fr-FR\"},{\"@type\":\"Organization\",\"@id\":\"https:\\\/\\\/mexicomlogistics.com\\\/fr\\\/#organization\",\"name\":\"Mexicom Logistics\",\"url\":\"https:\\\/\\\/mexicomlogistics.com\\\/fr\\\/\",\"logo\":{\"@type\":\"ImageObject\",\"inLanguage\":\"fr-FR\",\"@id\":\"https:\\\/\\\/mexicomlogistics.com\\\/fr\\\/#\\\/schema\\\/logo\\\/image\\\/\",\"url\":\"https:\\\/\\\/mexicomlogistics.com\\\/wp-content\\\/uploads\\\/2017\\\/03\\\/logo-white.jpg\",\"contentUrl\":\"https:\\\/\\\/mexicomlogistics.com\\\/wp-content\\\/uploads\\\/2017\\\/03\\\/logo-white.jpg\",\"width\":617,\"height\":402,\"caption\":\"Mexicom Logistics\"},\"image\":{\"@id\":\"https:\\\/\\\/mexicomlogistics.com\\\/fr\\\/#\\\/schema\\\/logo\\\/image\\\/\"}}]}<\/script>\n<!-- \/ Yoast SEO plugin. -->","yoast_head_json":{"title":"Chargements A\u00e9riens - Mexicom Logistics","robots":{"index":"index","follow":"follow","max-snippet":"max-snippet:-1","max-image-preview":"max-image-preview:large","max-video-preview":"max-video-preview:-1"},"canonical":"https:\/\/mexicomlogistics.com\/fr\/services\/chargements-aeriens\/","og_locale":"fr_FR","og_type":"article","og_title":"Chargements A\u00e9riens - Mexicom Logistics","og_description":"Chargements A\u00e9riens Pour les envois qui sont tr\u00e8s sensibles au temps ou lorsque l&rsquo;int\u00e9grit\u00e9 de la production est en jeu, Mexicom Logistics peut assurer le transport a\u00e9rien, de porte \u00e0 porte, pour du fret national et international. Cela comprend les services nolis\u00e9s ainsi que le transport \u00e0 bord sur des trajets s\u00e9lectionn\u00e9s. Quand les envois [&hellip;]","og_url":"https:\/\/mexicomlogistics.com\/fr\/services\/chargements-aeriens\/","og_site_name":"Mexicom Logistics","og_image":[{"url":"http:\/\/mexi.cashin.ca\/wp-content\/uploads\/2013\/11\/air.jpg","type":"","width":"","height":""}],"twitter_card":"summary_large_image","schema":{"@context":"https:\/\/schema.org","@graph":[{"@type":"WebPage","@id":"https:\/\/mexicomlogistics.com\/fr\/services\/chargements-aeriens\/","url":"https:\/\/mexicomlogistics.com\/fr\/services\/chargements-aeriens\/","name":"Chargements A\u00e9riens - Mexicom Logistics","isPartOf":{"@id":"https:\/\/mexicomlogistics.com\/fr\/#website"},"primaryImageOfPage":{"@id":"https:\/\/mexicomlogistics.com\/fr\/services\/chargements-aeriens\/#primaryimage"},"image":{"@id":"https:\/\/mexicomlogistics.com\/fr\/services\/chargements-aeriens\/#primaryimage"},"thumbnailUrl":"http:\/\/mexi.cashin.ca\/wp-content\/uploads\/2013\/11\/air.jpg","datePublished":"2015-05-05T18:40:27+00:00","breadcrumb":{"@id":"https:\/\/mexicomlogistics.com\/fr\/services\/chargements-aeriens\/#breadcrumb"},"inLanguage":"fr-FR","potentialAction":[{"@type":"ReadAction","target":["https:\/\/mexicomlogistics.com\/fr\/services\/chargements-aeriens\/"]}]},{"@type":"ImageObject","inLanguage":"fr-FR","@id":"https:\/\/mexicomlogistics.com\/fr\/services\/chargements-aeriens\/#primaryimage","url":"http:\/\/mexi.cashin.ca\/wp-content\/uploads\/2013\/11\/air.jpg","contentUrl":"http:\/\/mexi.cashin.ca\/wp-content\/uploads\/2013\/11\/air.jpg"},{"@type":"BreadcrumbList","@id":"https:\/\/mexicomlogistics.com\/fr\/services\/chargements-aeriens\/#breadcrumb","itemListElement":[{"@type":"ListItem","position":1,"name":"Home","item":"https:\/\/mexicomlogistics.com\/fr\/"},{"@type":"ListItem","position":2,"name":"Services","item":"https:\/\/mexicomlogistics.com\/fr\/services\/"},{"@type":"ListItem","position":3,"name":"Chargements A\u00e9riens"}]},{"@type":"WebSite","@id":"https:\/\/mexicomlogistics.com\/fr\/#website","url":"https:\/\/mexicomlogistics.com\/fr\/","name":"Mexicom Logistics","description":"Ship with confidence","publisher":{"@id":"https:\/\/mexicomlogistics.com\/fr\/#organization"},"potentialAction":[{"@type":"SearchAction","target":{"@type":"EntryPoint","urlTemplate":"https:\/\/mexicomlogistics.com\/fr\/?s={search_term_string}"},"query-input":{"@type":"PropertyValueSpecification","valueRequired":true,"valueName":"search_term_string"}}],"inLanguage":"fr-FR"},{"@type":"Organization","@id":"https:\/\/mexicomlogistics.com\/fr\/#organization","name":"Mexicom Logistics","url":"https:\/\/mexicomlogistics.com\/fr\/","logo":{"@type":"ImageObject","inLanguage":"fr-FR","@id":"https:\/\/mexicomlogistics.com\/fr\/#\/schema\/logo\/image\/","url":"https:\/\/mexicomlogistics.com\/wp-content\/uploads\/2017\/03\/logo-white.jpg","contentUrl":"https:\/\/mexicomlogistics.com\/wp-content\/uploads\/2017\/03\/logo-white.jpg","width":617,"height":402,"caption":"Mexicom Logistics"},"image":{"@id":"https:\/\/mexicomlogistics.com\/fr\/#\/schema\/logo\/image\/"}}]}},"jetpack_sharing_enabled":true,"jetpack_shortlink":"https:\/\/wp.me\/P8vZ39-8w","_links":{"self":[{"href":"https:\/\/mexicomlogistics.com\/fr\/wp-json\/wp\/v2\/pages\/528","targetHints":{"allow":["GET"]}}],"collection":[{"href":"https:\/\/mexicomlogistics.com\/fr\/wp-json\/wp\/v2\/pages"}],"about":[{"href":"https:\/\/mexicomlogistics.com\/fr\/wp-json\/wp\/v2\/types\/page"}],"author":[{"embeddable":true,"href":"https:\/\/mexicomlogistics.com\/fr\/wp-json\/wp\/v2\/users\/1"}],"replies":[{"embeddable":true,"href":"https:\/\/mexicomlogistics.com\/fr\/wp-json\/wp\/v2\/comments?post=528"}],"version-history":[{"count":0,"href":"https:\/\/mexicomlogistics.com\/fr\/wp-json\/wp\/v2\/pages\/528\/revisions"}],"up":[{"embeddable":true,"href":"https:\/\/mexicomlogistics.com\/fr\/wp-json\/wp\/v2\/pages\/526"}],"wp:attachment":[{"href":"https:\/\/mexicomlogistics.com\/fr\/wp-json\/wp\/v2\/media?parent=528"}],"curies":[{"name":"wp","href":"https:\/\/api.w.org\/{rel}","templated":true}]}}