{"id":524,"date":"2015-05-05T14:22:41","date_gmt":"2015-05-05T18:22:41","guid":{"rendered":"http:\/\/mexicomlogistics.com\/?page_id=524"},"modified":"2015-05-05T14:22:41","modified_gmt":"2015-05-05T18:22:41","slug":"service-maritime","status":"publish","type":"page","link":"https:\/\/mexicomlogistics.com\/fr\/services\/service-maritime\/","title":{"rendered":"Service Maritime"},"content":{"rendered":"<div class=\"art-content-layout\">\n<div class=\"art-content-layout-row\">\n<div class=\"art-layout-cell layout-item-0\" style=\"width: 100%\" >\n<h1>Service Maritime<\/h1>\n<\/p><\/div><\/div>\n<\/div>\n<div class=\"art-content-layout-wrapper layout-item-1\">\n<div class=\"art-content-layout\">\n<div class=\"art-content-layout-row\">\n<div class=\"art-layout-cell layout-item-2\" style=\"width: 100%\" >\n<p><img loading=\"lazy\" decoding=\"async\" width=\"1000\" height=\"200\" alt=\"\" src=\"http:\/\/mexi.cashin.ca\/wp-content\/uploads\/2013\/11\/shipping.jpg\" class=\"\"><\/p>\n<\/p><\/div><\/div>\n<\/div>\n<\/div>\n<div class=\"art-content-layout-wrapper layout-item-3\">\n<div class=\"art-content-layout\">\n<div class=\"art-content-layout-row\">\n<div class=\"art-layout-cell layout-item-4\" style=\"width: 100%\" >\n<h3>Nous offrons un service reliant tous les ports int\u00e9rieurs, depuis le fleuve Saint-Laurent et les ports maritimes du Canada le long de la c\u00f4te Est, jusqu\u2019aux ports am\u00e9ricains et ceux situ\u00e9s dans le golfe du Mexique.<\/h3>\n<p style=\"text-align: justify;\"><\/p>\n<h3>Nous avons des lignes r\u00e9guli\u00e8res de Vancouver vers les ports de Washington, de l&rsquo;Oregon et de la Californie aux Etats-Unis, \u00e0 Ensenada, Manzanillo ou Lazaro Cardenas au Mexique.<\/h3>\n<h2><\/h2>\n<h2 style=\"text-align: center;\">Pour des projets sp\u00e9ciaux, nous pouvons \u00e9galement affr\u00e9ter des navires et coordonner les transports terrestres, les mouvements dans les ports et le fret maritime.<\/h2>\n<\/p><\/div><\/div>\n<\/div>\n<\/div>\n","protected":false},"excerpt":{"rendered":"<p>Service Maritime Nous offrons un service reliant tous les ports int\u00e9rieurs, depuis le fleuve Saint-Laurent et les ports maritimes du Canada le long de la c\u00f4te Est, jusqu\u2019aux ports am\u00e9ricains et ceux situ\u00e9s dans le golfe du Mexique. Nous avons des lignes r\u00e9guli\u00e8res de Vancouver vers les ports de Washington, de l&rsquo;Oregon et de la [&hellip;]<\/p>\n","protected":false},"author":1,"featured_media":0,"parent":526,"menu_order":14,"comment_status":"closed","ping_status":"closed","template":"","meta":{"content-type":"","jetpack_post_was_ever_published":false,"footnotes":""},"class_list":["post-524","page","type-page","status-publish","hentry"],"yoast_head":"<!-- This site is optimized with the Yoast SEO plugin v27.2 - https:\/\/yoast.com\/product\/yoast-seo-wordpress\/ -->\n<title>Service Maritime - Mexicom Logistics<\/title>\n<meta name=\"robots\" content=\"index, follow, max-snippet:-1, max-image-preview:large, max-video-preview:-1\" \/>\n<link rel=\"canonical\" href=\"https:\/\/mexicomlogistics.com\/fr\/services\/service-maritime\/\" \/>\n<meta property=\"og:locale\" content=\"fr_FR\" \/>\n<meta property=\"og:type\" content=\"article\" \/>\n<meta property=\"og:title\" content=\"Service Maritime - Mexicom Logistics\" \/>\n<meta property=\"og:description\" content=\"Service Maritime Nous offrons un service reliant tous les ports int\u00e9rieurs, depuis le fleuve Saint-Laurent et les ports maritimes du Canada le long de la c\u00f4te Est, jusqu\u2019aux ports am\u00e9ricains et ceux situ\u00e9s dans le golfe du Mexique. Nous avons des lignes r\u00e9guli\u00e8res de Vancouver vers les ports de Washington, de l&rsquo;Oregon et de la [&hellip;]\" \/>\n<meta property=\"og:url\" content=\"https:\/\/mexicomlogistics.com\/fr\/services\/service-maritime\/\" \/>\n<meta property=\"og:site_name\" content=\"Mexicom Logistics\" \/>\n<meta property=\"og:image\" content=\"http:\/\/mexi.cashin.ca\/wp-content\/uploads\/2013\/11\/shipping.jpg\" \/>\n<meta name=\"twitter:card\" content=\"summary_large_image\" \/>\n<script type=\"application\/ld+json\" class=\"yoast-schema-graph\">{\"@context\":\"https:\/\/schema.org\",\"@graph\":[{\"@type\":\"WebPage\",\"@id\":\"https:\/\/mexicomlogistics.com\/fr\/services\/service-maritime\/\",\"url\":\"https:\/\/mexicomlogistics.com\/fr\/services\/service-maritime\/\",\"name\":\"Service Maritime - Mexicom Logistics\",\"isPartOf\":{\"@id\":\"https:\/\/mexicomlogistics.com\/fr\/#website\"},\"primaryImageOfPage\":{\"@id\":\"https:\/\/mexicomlogistics.com\/fr\/services\/service-maritime\/#primaryimage\"},\"image\":{\"@id\":\"https:\/\/mexicomlogistics.com\/fr\/services\/service-maritime\/#primaryimage\"},\"thumbnailUrl\":\"http:\/\/mexi.cashin.ca\/wp-content\/uploads\/2013\/11\/shipping.jpg\",\"datePublished\":\"2015-05-05T18:22:41+00:00\",\"breadcrumb\":{\"@id\":\"https:\/\/mexicomlogistics.com\/fr\/services\/service-maritime\/#breadcrumb\"},\"inLanguage\":\"fr-FR\",\"potentialAction\":[{\"@type\":\"ReadAction\",\"target\":[\"https:\/\/mexicomlogistics.com\/fr\/services\/service-maritime\/\"]}]},{\"@type\":\"ImageObject\",\"inLanguage\":\"fr-FR\",\"@id\":\"https:\/\/mexicomlogistics.com\/fr\/services\/service-maritime\/#primaryimage\",\"url\":\"http:\/\/mexi.cashin.ca\/wp-content\/uploads\/2013\/11\/shipping.jpg\",\"contentUrl\":\"http:\/\/mexi.cashin.ca\/wp-content\/uploads\/2013\/11\/shipping.jpg\"},{\"@type\":\"BreadcrumbList\",\"@id\":\"https:\/\/mexicomlogistics.com\/fr\/services\/service-maritime\/#breadcrumb\",\"itemListElement\":[{\"@type\":\"ListItem\",\"position\":1,\"name\":\"Home\",\"item\":\"https:\/\/mexicomlogistics.com\/fr\/\"},{\"@type\":\"ListItem\",\"position\":2,\"name\":\"Services\",\"item\":\"https:\/\/mexicomlogistics.com\/fr\/services\/\"},{\"@type\":\"ListItem\",\"position\":3,\"name\":\"Service Maritime\"}]},{\"@type\":\"WebSite\",\"@id\":\"https:\/\/mexicomlogistics.com\/fr\/#website\",\"url\":\"https:\/\/mexicomlogistics.com\/fr\/\",\"name\":\"Mexicom Logistics\",\"description\":\"Ship with confidence\",\"publisher\":{\"@id\":\"https:\/\/mexicomlogistics.com\/fr\/#organization\"},\"potentialAction\":[{\"@type\":\"SearchAction\",\"target\":{\"@type\":\"EntryPoint\",\"urlTemplate\":\"https:\/\/mexicomlogistics.com\/fr\/?s={search_term_string}\"},\"query-input\":{\"@type\":\"PropertyValueSpecification\",\"valueRequired\":true,\"valueName\":\"search_term_string\"}}],\"inLanguage\":\"fr-FR\"},{\"@type\":\"Organization\",\"@id\":\"https:\/\/mexicomlogistics.com\/fr\/#organization\",\"name\":\"Mexicom Logistics\",\"url\":\"https:\/\/mexicomlogistics.com\/fr\/\",\"logo\":{\"@type\":\"ImageObject\",\"inLanguage\":\"fr-FR\",\"@id\":\"https:\/\/mexicomlogistics.com\/fr\/#\/schema\/logo\/image\/\",\"url\":\"https:\/\/mexicomlogistics.com\/wp-content\/uploads\/2017\/03\/logo-white.jpg\",\"contentUrl\":\"https:\/\/mexicomlogistics.com\/wp-content\/uploads\/2017\/03\/logo-white.jpg\",\"width\":617,\"height\":402,\"caption\":\"Mexicom Logistics\"},\"image\":{\"@id\":\"https:\/\/mexicomlogistics.com\/fr\/#\/schema\/logo\/image\/\"}}]}<\/script>\n<!-- \/ Yoast SEO plugin. -->","yoast_head_json":{"title":"Service Maritime - Mexicom Logistics","robots":{"index":"index","follow":"follow","max-snippet":"max-snippet:-1","max-image-preview":"max-image-preview:large","max-video-preview":"max-video-preview:-1"},"canonical":"https:\/\/mexicomlogistics.com\/fr\/services\/service-maritime\/","og_locale":"fr_FR","og_type":"article","og_title":"Service Maritime - Mexicom Logistics","og_description":"Service Maritime Nous offrons un service reliant tous les ports int\u00e9rieurs, depuis le fleuve Saint-Laurent et les ports maritimes du Canada le long de la c\u00f4te Est, jusqu\u2019aux ports am\u00e9ricains et ceux situ\u00e9s dans le golfe du Mexique. Nous avons des lignes r\u00e9guli\u00e8res de Vancouver vers les ports de Washington, de l&rsquo;Oregon et de la [&hellip;]","og_url":"https:\/\/mexicomlogistics.com\/fr\/services\/service-maritime\/","og_site_name":"Mexicom Logistics","og_image":[{"url":"http:\/\/mexi.cashin.ca\/wp-content\/uploads\/2013\/11\/shipping.jpg","type":"","width":"","height":""}],"twitter_card":"summary_large_image","schema":{"@context":"https:\/\/schema.org","@graph":[{"@type":"WebPage","@id":"https:\/\/mexicomlogistics.com\/fr\/services\/service-maritime\/","url":"https:\/\/mexicomlogistics.com\/fr\/services\/service-maritime\/","name":"Service Maritime - Mexicom Logistics","isPartOf":{"@id":"https:\/\/mexicomlogistics.com\/fr\/#website"},"primaryImageOfPage":{"@id":"https:\/\/mexicomlogistics.com\/fr\/services\/service-maritime\/#primaryimage"},"image":{"@id":"https:\/\/mexicomlogistics.com\/fr\/services\/service-maritime\/#primaryimage"},"thumbnailUrl":"http:\/\/mexi.cashin.ca\/wp-content\/uploads\/2013\/11\/shipping.jpg","datePublished":"2015-05-05T18:22:41+00:00","breadcrumb":{"@id":"https:\/\/mexicomlogistics.com\/fr\/services\/service-maritime\/#breadcrumb"},"inLanguage":"fr-FR","potentialAction":[{"@type":"ReadAction","target":["https:\/\/mexicomlogistics.com\/fr\/services\/service-maritime\/"]}]},{"@type":"ImageObject","inLanguage":"fr-FR","@id":"https:\/\/mexicomlogistics.com\/fr\/services\/service-maritime\/#primaryimage","url":"http:\/\/mexi.cashin.ca\/wp-content\/uploads\/2013\/11\/shipping.jpg","contentUrl":"http:\/\/mexi.cashin.ca\/wp-content\/uploads\/2013\/11\/shipping.jpg"},{"@type":"BreadcrumbList","@id":"https:\/\/mexicomlogistics.com\/fr\/services\/service-maritime\/#breadcrumb","itemListElement":[{"@type":"ListItem","position":1,"name":"Home","item":"https:\/\/mexicomlogistics.com\/fr\/"},{"@type":"ListItem","position":2,"name":"Services","item":"https:\/\/mexicomlogistics.com\/fr\/services\/"},{"@type":"ListItem","position":3,"name":"Service Maritime"}]},{"@type":"WebSite","@id":"https:\/\/mexicomlogistics.com\/fr\/#website","url":"https:\/\/mexicomlogistics.com\/fr\/","name":"Mexicom Logistics","description":"Ship with confidence","publisher":{"@id":"https:\/\/mexicomlogistics.com\/fr\/#organization"},"potentialAction":[{"@type":"SearchAction","target":{"@type":"EntryPoint","urlTemplate":"https:\/\/mexicomlogistics.com\/fr\/?s={search_term_string}"},"query-input":{"@type":"PropertyValueSpecification","valueRequired":true,"valueName":"search_term_string"}}],"inLanguage":"fr-FR"},{"@type":"Organization","@id":"https:\/\/mexicomlogistics.com\/fr\/#organization","name":"Mexicom Logistics","url":"https:\/\/mexicomlogistics.com\/fr\/","logo":{"@type":"ImageObject","inLanguage":"fr-FR","@id":"https:\/\/mexicomlogistics.com\/fr\/#\/schema\/logo\/image\/","url":"https:\/\/mexicomlogistics.com\/wp-content\/uploads\/2017\/03\/logo-white.jpg","contentUrl":"https:\/\/mexicomlogistics.com\/wp-content\/uploads\/2017\/03\/logo-white.jpg","width":617,"height":402,"caption":"Mexicom Logistics"},"image":{"@id":"https:\/\/mexicomlogistics.com\/fr\/#\/schema\/logo\/image\/"}}]}},"jetpack_sharing_enabled":true,"jetpack_shortlink":"https:\/\/wp.me\/P8vZ39-8s","_links":{"self":[{"href":"https:\/\/mexicomlogistics.com\/fr\/wp-json\/wp\/v2\/pages\/524","targetHints":{"allow":["GET"]}}],"collection":[{"href":"https:\/\/mexicomlogistics.com\/fr\/wp-json\/wp\/v2\/pages"}],"about":[{"href":"https:\/\/mexicomlogistics.com\/fr\/wp-json\/wp\/v2\/types\/page"}],"author":[{"embeddable":true,"href":"https:\/\/mexicomlogistics.com\/fr\/wp-json\/wp\/v2\/users\/1"}],"replies":[{"embeddable":true,"href":"https:\/\/mexicomlogistics.com\/fr\/wp-json\/wp\/v2\/comments?post=524"}],"version-history":[{"count":0,"href":"https:\/\/mexicomlogistics.com\/fr\/wp-json\/wp\/v2\/pages\/524\/revisions"}],"up":[{"embeddable":true,"href":"https:\/\/mexicomlogistics.com\/fr\/wp-json\/wp\/v2\/pages\/526"}],"wp:attachment":[{"href":"https:\/\/mexicomlogistics.com\/fr\/wp-json\/wp\/v2\/media?parent=524"}],"curies":[{"name":"wp","href":"https:\/\/api.w.org\/{rel}","templated":true}]}}