{"id":522,"date":"2013-11-27T11:17:53","date_gmt":"2013-11-27T16:17:53","guid":{"rendered":"http:\/\/mexicomlogistics.com\/?page_id=522"},"modified":"2024-02-20T15:57:05","modified_gmt":"2024-02-20T20:57:05","slug":"entreposage-distribution","status":"publish","type":"page","link":"https:\/\/mexicomlogistics.com\/fr\/services\/entreposage-distribution\/","title":{"rendered":"Entreposage et Distribution"},"content":{"rendered":"<div class=\"wpb-content-wrapper\">[vc_row][vc_column][vc_empty_space][layerslider_vc id=\u00a0\u00bb22&Prime;][mk_padding_divider size=\u00a0\u00bb20&Prime;][\/vc_column][\/vc_row][vc_row css=\u00a0\u00bb.vc_custom_1594059997704{padding-top: 15px !important;padding-bottom: 15px !important;background-color: #ffffff !important;}\u00a0\u00bb][vc_column][vc_row_inner][vc_column_inner width=\u00a0\u00bb2\/3&Prime;][mk_padding_divider size=\u00a0\u00bb50&Prime;][vc_column_text el_class=\u00a0\u00bbwarehouse-text-1&Prime; css=\u00a0\u00bb.vc_custom_1708461974159{margin-bottom: 0px !important;}\u00a0\u00bb]\n<p class=\"p1\">Nous avons cinq centres de distribution strat\u00e9giquement situ\u00e9s \u00e0:<\/p>\n<ul class=\"ul1\">\n<li class=\"li1\">Montr\u00e9al, QC<\/li>\n<li class=\"li1\">Hebron, KY<\/li>\n<li class=\"li1\">Los Angeles, CA<\/li>\n<li class=\"li1\">Laredo, TX<\/li>\n<li class=\"li1\">M\u00e9xico<\/li>\n<\/ul>\n<p class=\"p1\">Et nous sommes pr\u00eats \u00e0 trouver et \u00e0 pr\u00e9parer un entrep\u00f4t dans l&#8217;emplacement qui convient le mieux aux besoins de nos clients, partout au Mexique, aux \u00c9tats-Unis et au Canada.<\/p>\n<p class=\"p1\">Nous fournissons \u00e9galement des services de stockage et de manutention de marchandises aux points frontaliers dans l&rsquo;Amerique du Nord, ainsi que des services de consolidation de fret pour les clients ayant plusieurs fournisseurs.<\/p>\n[\/vc_column_text][\/vc_column_inner][vc_column_inner width=\u00a0\u00bb1\/3&Prime;][vc_empty_space][vc_single_image image=\u00a0\u00bb12977&Prime; img_size=\u00a0\u00bbfull\u00a0\u00bb][\/vc_column_inner][\/vc_row_inner][vc_empty_space][vc_separator][\/vc_column][\/vc_row][mk_page_section][vc_column][vc_empty_space][vc_empty_space][vc_column_text css=\u00a0\u00bb.vc_custom_1708462009133{margin-bottom: 0px !important;}\u00a0\u00bb]\n<h2 style=\"text-align: center;\"><span style=\"color: #008080;\">NOUVEL ENTREP\u00d4T \u00c0 LAREDO, TEXAS<br \/>\n<\/span><\/h2>\n[\/vc_column_text][mk_divider style=\u00a0\u00bbthick_solid\u00a0\u00bb divider_width=\u00a0\u00bbcustom_width\u00a0\u00bb custom_width=\u00a0\u00bb87&Prime; margin_top=\u00a0\u00bb10&Prime; margin_bottom=\u00a0\u00bb30&Prime;][vc_row_inner][vc_column_inner width=\u00a0\u00bb1\/4&Prime;][\/vc_column_inner][vc_column_inner width=\u00a0\u00bb1\/2&Prime;][vc_empty_space][vc_column_text css=\u00a0\u00bb.vc_custom_1708462049645{margin-bottom: 0px !important;}\u00a0\u00bb]\n<p style=\"text-align: center;\">Nous sommes fiers d&rsquo;annoncer notre nouveau projet : notre tout nouveau b\u00e2timent d\u2019entreposage\u00a0 \u00e0 Laredo, con\u00e7u sp\u00e9cifiquement pour am\u00e9liorer la capacit\u00e9 de nos services.<\/p>\n<p style=\"text-align: center;\">Cette installation comprend une grande superficie d&rsquo;entreposage de <strong>43 000 pieds<\/strong> carr\u00e9s et s&rsquo;occupe de <strong>17 plates-formes de chargemen<\/strong>t pour donner un service de qualit\u00e9 optimale.<\/p>\n[\/vc_column_text][vc_empty_space][\/vc_column_inner][vc_column_inner width=\u00a0\u00bb1\/4&Prime;][\/vc_column_inner][\/vc_row_inner][\/vc_column][\/mk_page_section][mk_page_section][vc_column][vc_empty_space][vc_empty_space][vc_column_text css=\u00a0\u00bb.vc_custom_1708462150225{margin-bottom: 0px !important;}\u00a0\u00bb]\n<h3 style=\"text-align: center;\"><span style=\"color: #008080;\">D\u00c9COUVREZ NOTRE NOUVEL ENTREP\u00d4T \u00c0 LAREDO<\/span><\/h3>\n[\/vc_column_text][vc_empty_space][mk_image_slideshow images=\u00a0\u00bb20039,20042,20045,20048,20051,20054&Prime; image_width=\u00a0\u00bb1200&Prime; image_height=\u00a0\u00bb800&Prime; effect=\u00a0\u00bbslide\u00a0\u00bb slideshow_speed=\u00a0\u00bb3000&Prime;][vc_empty_space][\/vc_column][\/mk_page_section][vc_row][vc_column][vc_empty_space height=\u00a0\u00bb60px\u00a0\u00bb][vc_empty_space height=\u00a0\u00bb60px\u00a0\u00bb][vc_column_text css=\u00a0\u00bb.vc_custom_1708462125889{margin-bottom: 0px !important;}\u00a0\u00bb]\n<h3 style=\"text-align: center;\"><strong><span style=\"color: #008080;\">Jetez un coup d&rsquo;oeil \u00e0 notre projet !<\/span><\/strong><\/h3>\n[\/vc_column_text][vc_empty_space][vc_video host=\u00a0\u00bbself_hosted\u00a0\u00bb mp4=\u00a0\u00bbhttps:\/\/mexicomlogistics.com\/wp-content\/uploads\/2024\/02\/outside-mexicom-2-2.mp4&Prime;][vc_empty_space height=\u00a0\u00bb60px\u00a0\u00bb][vc_empty_space height=\u00a0\u00bb60px\u00a0\u00bb][vc_empty_space height=\u00a0\u00bb60px\u00a0\u00bb][\/vc_column][\/vc_row][vc_row][vc_column width=\u00a0\u00bb2\/6&Prime;][vc_empty_space height=\u00a0\u00bb60px\u00a0\u00bb][vc_empty_space height=\u00a0\u00bb60px\u00a0\u00bb][vc_column_text css=\u00a0\u00bb.vc_custom_1708462183053{margin-bottom: 0px !important;}\u00a0\u00bb]\n<h3 style=\"text-align: center;\"><span style=\"color: #008080;\">ADRESSE<\/span><\/h3>\n[\/vc_column_text][vc_column_text css=\u00a0\u00bb.vc_custom_1708447243928{margin-bottom: 0px !important;}\u00a0\u00bb]\n<p style=\"text-align: center;\">4002 QUIVIRA DR.<br \/>\nLaredo, Texas<br \/>\n78045<\/p>\n[\/vc_column_text][mk_button dimension=\u00a0\u00bboutline\u00a0\u00bb corner_style=\u00a0\u00bbfull_rounded\u00a0\u00bb size=\u00a0\u00bbmedium\u00a0\u00bb icon_anim=\u00a0\u00bbside\u00a0\u00bb url=\u00a0\u00bbhttps:\/\/maps.app.goo.gl\/vD75miGunLz8TdBN9&Prime; target=\u00a0\u00bb_blank\u00a0\u00bb align=\u00a0\u00bbcenter\u00a0\u00bb outline_skin=\u00a0\u00bbcustom\u00a0\u00bb outline_active_text_color=\u00a0\u00bb#de0c14&Prime; outline_hover_bg_color=\u00a0\u00bb#de0c14&Prime; outline_hover_color=\u00a0\u00bb#ffffff\u00a0\u00bb]Localisation sur la carte[\/mk_button][vc_empty_space height=\u00a0\u00bb60px\u00a0\u00bb][\/vc_column][vc_column width=\u00a0\u00bb3\/6&Prime;][vc_empty_space][vc_single_image image=\u00a0\u00bb20063&Prime; img_size=\u00a0\u00bbfull\u00a0\u00bb][\/vc_column][vc_column width=\u00a0\u00bb1\/6&Prime;][\/vc_column][\/vc_row]\n<\/div>","protected":false},"excerpt":{"rendered":"<p>[vc_row][vc_column][vc_empty_space][layerslider_vc id=\u00a0\u00bb22&Prime;][mk_padding_divider size=\u00a0\u00bb20&Prime;][\/vc_column][\/vc_row][vc_row css=\u00a0\u00bb.vc_custom_1594059997704{padding-top: 15px !important;padding-bottom: 15px !important;background-color: #ffffff !important;}\u00a0\u00bb][vc_column][vc_row_inner][vc_column_inner width=\u00a0\u00bb2\/3&Prime;][mk_padding_divider size=\u00a0\u00bb50&Prime;][vc_column_text el_class=\u00a0\u00bbwarehouse-text-1&Prime; css=\u00a0\u00bb.vc_custom_1708461974159{margin-bottom: 0px !important;}\u00a0\u00bb] Nous avons cinq centres de distribution strat\u00e9giquement situ\u00e9s \u00e0: Montr\u00e9al, QC Hebron, KY Los Angeles, CA Laredo, TX M\u00e9xico Et nous sommes pr\u00eats \u00e0 trouver et \u00e0 pr\u00e9parer un entrep\u00f4t dans l&#8217;emplacement qui convient le mieux aux besoins de [&hellip;]<\/p>\n","protected":false},"author":1,"featured_media":0,"parent":526,"menu_order":13,"comment_status":"closed","ping_status":"closed","template":"","meta":{"content-type":"","jetpack_post_was_ever_published":false,"footnotes":""},"class_list":["post-522","page","type-page","status-publish","hentry"],"yoast_head":"<!-- This site is optimized with the Yoast SEO plugin v27.3 - https:\/\/yoast.com\/product\/yoast-seo-wordpress\/ -->\n<title>Entreposage et Distribution - Mexicom Logistics<\/title>\n<meta name=\"robots\" content=\"index, follow, max-snippet:-1, max-image-preview:large, max-video-preview:-1\" \/>\n<link rel=\"canonical\" href=\"https:\/\/mexicomlogistics.com\/fr\/services\/entreposage-distribution\/\" \/>\n<meta property=\"og:locale\" content=\"fr_FR\" \/>\n<meta property=\"og:type\" content=\"article\" \/>\n<meta property=\"og:title\" content=\"Entreposage et Distribution - Mexicom Logistics\" \/>\n<meta property=\"og:description\" content=\"[vc_row][vc_column][vc_empty_space][layerslider_vc id=\u00a0\u00bb22&Prime;][mk_padding_divider size=\u00a0\u00bb20&Prime;][\/vc_column][\/vc_row][vc_row css=\u00a0\u00bb.vc_custom_1594059997704{padding-top: 15px !important;padding-bottom: 15px !important;background-color: #ffffff !important;}\u00a0\u00bb][vc_column][vc_row_inner][vc_column_inner width=\u00a0\u00bb2\/3&Prime;][mk_padding_divider size=\u00a0\u00bb50&Prime;][vc_column_text el_class=\u00a0\u00bbwarehouse-text-1&Prime; css=\u00a0\u00bb.vc_custom_1708461974159{margin-bottom: 0px !important;}\u00a0\u00bb] Nous avons cinq centres de distribution strat\u00e9giquement situ\u00e9s \u00e0: Montr\u00e9al, QC Hebron, KY Los Angeles, CA Laredo, TX M\u00e9xico Et nous sommes pr\u00eats \u00e0 trouver et \u00e0 pr\u00e9parer un entrep\u00f4t dans l&#8217;emplacement qui convient le mieux aux besoins de [&hellip;]\" \/>\n<meta property=\"og:url\" content=\"https:\/\/mexicomlogistics.com\/fr\/services\/entreposage-distribution\/\" \/>\n<meta property=\"og:site_name\" content=\"Mexicom Logistics\" \/>\n<meta property=\"article:modified_time\" content=\"2024-02-20T20:57:05+00:00\" \/>\n<meta name=\"twitter:card\" content=\"summary_large_image\" \/>\n<meta name=\"twitter:label1\" content=\"Dur\u00e9e de lecture estim\u00e9e\" \/>\n\t<meta name=\"twitter:data1\" content=\"3 minutes\" \/>\n<script type=\"application\/ld+json\" class=\"yoast-schema-graph\">{\"@context\":\"https:\\\/\\\/schema.org\",\"@graph\":[{\"@type\":\"WebPage\",\"@id\":\"https:\\\/\\\/mexicomlogistics.com\\\/fr\\\/services\\\/entreposage-distribution\\\/\",\"url\":\"https:\\\/\\\/mexicomlogistics.com\\\/fr\\\/services\\\/entreposage-distribution\\\/\",\"name\":\"Entreposage et Distribution - Mexicom Logistics\",\"isPartOf\":{\"@id\":\"https:\\\/\\\/mexicomlogistics.com\\\/fr\\\/#website\"},\"datePublished\":\"2013-11-27T16:17:53+00:00\",\"dateModified\":\"2024-02-20T20:57:05+00:00\",\"breadcrumb\":{\"@id\":\"https:\\\/\\\/mexicomlogistics.com\\\/fr\\\/services\\\/entreposage-distribution\\\/#breadcrumb\"},\"inLanguage\":\"fr-FR\",\"potentialAction\":[{\"@type\":\"ReadAction\",\"target\":[\"https:\\\/\\\/mexicomlogistics.com\\\/fr\\\/services\\\/entreposage-distribution\\\/\"]}]},{\"@type\":\"BreadcrumbList\",\"@id\":\"https:\\\/\\\/mexicomlogistics.com\\\/fr\\\/services\\\/entreposage-distribution\\\/#breadcrumb\",\"itemListElement\":[{\"@type\":\"ListItem\",\"position\":1,\"name\":\"Home\",\"item\":\"https:\\\/\\\/mexicomlogistics.com\\\/fr\\\/\"},{\"@type\":\"ListItem\",\"position\":2,\"name\":\"Services\",\"item\":\"https:\\\/\\\/mexicomlogistics.com\\\/fr\\\/services\\\/\"},{\"@type\":\"ListItem\",\"position\":3,\"name\":\"Entreposage et Distribution\"}]},{\"@type\":\"WebSite\",\"@id\":\"https:\\\/\\\/mexicomlogistics.com\\\/fr\\\/#website\",\"url\":\"https:\\\/\\\/mexicomlogistics.com\\\/fr\\\/\",\"name\":\"Mexicom Logistics\",\"description\":\"Ship with confidence\",\"publisher\":{\"@id\":\"https:\\\/\\\/mexicomlogistics.com\\\/fr\\\/#organization\"},\"potentialAction\":[{\"@type\":\"SearchAction\",\"target\":{\"@type\":\"EntryPoint\",\"urlTemplate\":\"https:\\\/\\\/mexicomlogistics.com\\\/fr\\\/?s={search_term_string}\"},\"query-input\":{\"@type\":\"PropertyValueSpecification\",\"valueRequired\":true,\"valueName\":\"search_term_string\"}}],\"inLanguage\":\"fr-FR\"},{\"@type\":\"Organization\",\"@id\":\"https:\\\/\\\/mexicomlogistics.com\\\/fr\\\/#organization\",\"name\":\"Mexicom Logistics\",\"url\":\"https:\\\/\\\/mexicomlogistics.com\\\/fr\\\/\",\"logo\":{\"@type\":\"ImageObject\",\"inLanguage\":\"fr-FR\",\"@id\":\"https:\\\/\\\/mexicomlogistics.com\\\/fr\\\/#\\\/schema\\\/logo\\\/image\\\/\",\"url\":\"https:\\\/\\\/mexicomlogistics.com\\\/wp-content\\\/uploads\\\/2017\\\/03\\\/logo-white.jpg\",\"contentUrl\":\"https:\\\/\\\/mexicomlogistics.com\\\/wp-content\\\/uploads\\\/2017\\\/03\\\/logo-white.jpg\",\"width\":617,\"height\":402,\"caption\":\"Mexicom Logistics\"},\"image\":{\"@id\":\"https:\\\/\\\/mexicomlogistics.com\\\/fr\\\/#\\\/schema\\\/logo\\\/image\\\/\"}}]}<\/script>\n<!-- \/ Yoast SEO plugin. -->","yoast_head_json":{"title":"Entreposage et Distribution - Mexicom Logistics","robots":{"index":"index","follow":"follow","max-snippet":"max-snippet:-1","max-image-preview":"max-image-preview:large","max-video-preview":"max-video-preview:-1"},"canonical":"https:\/\/mexicomlogistics.com\/fr\/services\/entreposage-distribution\/","og_locale":"fr_FR","og_type":"article","og_title":"Entreposage et Distribution - Mexicom Logistics","og_description":"[vc_row][vc_column][vc_empty_space][layerslider_vc id=\u00a0\u00bb22&Prime;][mk_padding_divider size=\u00a0\u00bb20&Prime;][\/vc_column][\/vc_row][vc_row css=\u00a0\u00bb.vc_custom_1594059997704{padding-top: 15px !important;padding-bottom: 15px !important;background-color: #ffffff !important;}\u00a0\u00bb][vc_column][vc_row_inner][vc_column_inner width=\u00a0\u00bb2\/3&Prime;][mk_padding_divider size=\u00a0\u00bb50&Prime;][vc_column_text el_class=\u00a0\u00bbwarehouse-text-1&Prime; css=\u00a0\u00bb.vc_custom_1708461974159{margin-bottom: 0px !important;}\u00a0\u00bb] Nous avons cinq centres de distribution strat\u00e9giquement situ\u00e9s \u00e0: Montr\u00e9al, QC Hebron, KY Los Angeles, CA Laredo, TX M\u00e9xico Et nous sommes pr\u00eats \u00e0 trouver et \u00e0 pr\u00e9parer un entrep\u00f4t dans l&#8217;emplacement qui convient le mieux aux besoins de [&hellip;]","og_url":"https:\/\/mexicomlogistics.com\/fr\/services\/entreposage-distribution\/","og_site_name":"Mexicom Logistics","article_modified_time":"2024-02-20T20:57:05+00:00","twitter_card":"summary_large_image","twitter_misc":{"Dur\u00e9e de lecture estim\u00e9e":"3 minutes"},"schema":{"@context":"https:\/\/schema.org","@graph":[{"@type":"WebPage","@id":"https:\/\/mexicomlogistics.com\/fr\/services\/entreposage-distribution\/","url":"https:\/\/mexicomlogistics.com\/fr\/services\/entreposage-distribution\/","name":"Entreposage et Distribution - Mexicom Logistics","isPartOf":{"@id":"https:\/\/mexicomlogistics.com\/fr\/#website"},"datePublished":"2013-11-27T16:17:53+00:00","dateModified":"2024-02-20T20:57:05+00:00","breadcrumb":{"@id":"https:\/\/mexicomlogistics.com\/fr\/services\/entreposage-distribution\/#breadcrumb"},"inLanguage":"fr-FR","potentialAction":[{"@type":"ReadAction","target":["https:\/\/mexicomlogistics.com\/fr\/services\/entreposage-distribution\/"]}]},{"@type":"BreadcrumbList","@id":"https:\/\/mexicomlogistics.com\/fr\/services\/entreposage-distribution\/#breadcrumb","itemListElement":[{"@type":"ListItem","position":1,"name":"Home","item":"https:\/\/mexicomlogistics.com\/fr\/"},{"@type":"ListItem","position":2,"name":"Services","item":"https:\/\/mexicomlogistics.com\/fr\/services\/"},{"@type":"ListItem","position":3,"name":"Entreposage et Distribution"}]},{"@type":"WebSite","@id":"https:\/\/mexicomlogistics.com\/fr\/#website","url":"https:\/\/mexicomlogistics.com\/fr\/","name":"Mexicom Logistics","description":"Ship with confidence","publisher":{"@id":"https:\/\/mexicomlogistics.com\/fr\/#organization"},"potentialAction":[{"@type":"SearchAction","target":{"@type":"EntryPoint","urlTemplate":"https:\/\/mexicomlogistics.com\/fr\/?s={search_term_string}"},"query-input":{"@type":"PropertyValueSpecification","valueRequired":true,"valueName":"search_term_string"}}],"inLanguage":"fr-FR"},{"@type":"Organization","@id":"https:\/\/mexicomlogistics.com\/fr\/#organization","name":"Mexicom Logistics","url":"https:\/\/mexicomlogistics.com\/fr\/","logo":{"@type":"ImageObject","inLanguage":"fr-FR","@id":"https:\/\/mexicomlogistics.com\/fr\/#\/schema\/logo\/image\/","url":"https:\/\/mexicomlogistics.com\/wp-content\/uploads\/2017\/03\/logo-white.jpg","contentUrl":"https:\/\/mexicomlogistics.com\/wp-content\/uploads\/2017\/03\/logo-white.jpg","width":617,"height":402,"caption":"Mexicom Logistics"},"image":{"@id":"https:\/\/mexicomlogistics.com\/fr\/#\/schema\/logo\/image\/"}}]}},"jetpack_sharing_enabled":true,"jetpack_shortlink":"https:\/\/wp.me\/P8vZ39-8q","_links":{"self":[{"href":"https:\/\/mexicomlogistics.com\/fr\/wp-json\/wp\/v2\/pages\/522","targetHints":{"allow":["GET"]}}],"collection":[{"href":"https:\/\/mexicomlogistics.com\/fr\/wp-json\/wp\/v2\/pages"}],"about":[{"href":"https:\/\/mexicomlogistics.com\/fr\/wp-json\/wp\/v2\/types\/page"}],"author":[{"embeddable":true,"href":"https:\/\/mexicomlogistics.com\/fr\/wp-json\/wp\/v2\/users\/1"}],"replies":[{"embeddable":true,"href":"https:\/\/mexicomlogistics.com\/fr\/wp-json\/wp\/v2\/comments?post=522"}],"version-history":[{"count":0,"href":"https:\/\/mexicomlogistics.com\/fr\/wp-json\/wp\/v2\/pages\/522\/revisions"}],"up":[{"embeddable":true,"href":"https:\/\/mexicomlogistics.com\/fr\/wp-json\/wp\/v2\/pages\/526"}],"wp:attachment":[{"href":"https:\/\/mexicomlogistics.com\/fr\/wp-json\/wp\/v2\/media?parent=522"}],"curies":[{"name":"wp","href":"https:\/\/api.w.org\/{rel}","templated":true}]}}