{"id":516,"date":"2015-05-05T13:44:21","date_gmt":"2015-05-05T17:44:21","guid":{"rendered":"http:\/\/mexicomlogistics.com\/?page_id=516"},"modified":"2015-05-05T13:44:21","modified_gmt":"2015-05-05T17:44:21","slug":"transport-routier","status":"publish","type":"page","link":"https:\/\/mexicomlogistics.com\/fr\/services\/transport-routier\/","title":{"rendered":"Transport  Routier"},"content":{"rendered":"<div class=\"art-content-layout\">\n<div class=\"art-content-layout-row\">\n<div class=\"art-layout-cell layout-item-0\" style=\"width: 100%\" >\n<h1>Transport  Routier<\/h1>\n<\/p><\/div><\/div>\n<\/div>\n<div class=\"art-content-layout-wrapper layout-item-1\">\n<div class=\"art-content-layout\">\n<div class=\"art-content-layout-row\">\n<div class=\"art-layout-cell layout-item-2\" style=\"width: 100%\" >\n<p><img loading=\"lazy\" decoding=\"async\" src=\"http:\/\/mexi.cashin.ca\/wp-content\/uploads\/2013\/12\/trucking.jpg\" alt=\"trucking\" width=\"1000\" height=\"200\" class=\"alignnone size-full wp-image-105\" srcset=\"https:\/\/mexicomlogistics.com\/wp-content\/uploads\/2013\/12\/trucking.jpg 1000w, https:\/\/mexicomlogistics.com\/wp-content\/uploads\/2013\/12\/trucking-300x60.jpg 300w, https:\/\/mexicomlogistics.com\/wp-content\/uploads\/2013\/12\/trucking-768x154.jpg 768w\" sizes=\"auto, (max-width: 1000px) 100vw, 1000px\" \/><\/p>\n<\/p><\/div><\/div>\n<\/div>\n<\/div>\n<div class=\"art-content-layout-wrapper layout-item-3\">\n<div class=\"art-content-layout\">\n<div class=\"art-content-layout-row\">\n<div class=\"art-layout-cell layout-item-4\" style=\"width: 100%\" >\n<h3>Lorsque vous avez besoin de transporter des marchandises s\u00e8ches,r\u00e9frig\u00e9r\u00e9es ou \u00e0 temp\u00e9rature contr\u00f4l\u00e9e,&nbsp;<\/h3>\n<h3> nous avons les unit\u00e9s et la disponibilit\u00e9 n\u00e9cessaires pour vos exp\u00e9ditions.<\/h3>\n<p style=\"text-align: justify;\"><\/p>\n<p style=\"text-align: justify;\">Nous avons une exp\u00e9rience confirm\u00e9e avec les industries les plus exigeantes telles que l&rsquo;automobile, la pharmaceutique et l&rsquo;\u00e9lectronique. Nous r\u00e9solvons toutes vos attentes et besoins.<\/p>\n<p><\/p>\n<p>Nous offrons:<\/p>\n<ul>\n<li>Un vaste r\u00e9seau de soci\u00e9t\u00e9s qui sont certifi\u00e9s C-TPAT ainsi que tous les permis et syst\u00e8mes de surveillance et de suivi 24\/7<\/li>\n<li>Des transporteurs autoris\u00e9s pour les exp\u00e9ditions en transit international<\/li>\n<li>Livraisons rapides et ais\u00e9es aux postes fronti\u00e8res<\/li>\n<li>Transbordement d\u2019\u00e9quipements canadiens ou am\u00e9ricains aux \u00e9quipements Mexicains et vice versa, afin de r\u00e9duire les co\u00fbts<\/li>\n<li>Disponibilit\u00e9 de tout \u00e9quipement sp\u00e9cialis\u00e9<\/li>\n<li>Les meilleurs transporteurs pour des marchandises en chargements partiels (LTL) et chargements complets (FTL)<\/li>\n<li>Les permis de transport de mati\u00e8res dangereuses<\/li>\n<\/ul>\n<p>Marchandises en chargements complets (FTL)<\/p>\n<ul>\n<li>Service direct et porte \u00e0 porte vers toute destination du Mexique<\/li>\n<li>Service de transbordement sans complication, qui comprend la manutention des marchandises<\/li>\n<\/ul>\n<p>Chargements partiels (LTL)<\/p>\n<ul>\n<li>Transporteurs sp\u00e9cialis\u00e9s offrant un service quotidien entre Laredo, Texas et:<\/li>\n<li style=\"list-style: none\">\n<p style=\"padding-left: 40px;\">\u25cb Los Angeles, Californie<\/p>\n<p style=\"padding-left: 40px;\">\u25cb Chicago, Illinois<\/p>\n<p style=\"padding-left: 40px;\">\u25cb R\u00e9gion de New York<\/p>\n<p style=\"padding-left: 40px;\">\u25cb Toronto et la province de l\u2019Ontario<\/p>\n<p style=\"padding-left: 40px;\">\u25cb Montreal et la province du Qu\u00e9bec<\/p>\n<\/li>\n<li>Services de chargements partiels (LTL), \u00bd ou \u00bc caisse<\/li>\n<\/ul>\n<p>Plateformes et \u00e9quipements sp\u00e9cialis\u00e9s<\/p>\n<ul>\n<li>Semi-remorques \u00e0 plateforme pour d\u00e9placer des charges de tout poids et dimensions<\/li>\n<li>B\u00e2ches, cadres, c\u00f4t\u00e9s, rideaux ou tout autre \u00e9quipement dont vous pourriez avoir besoin, il suffit de nous le demander.<\/li>\n<\/ul>\n<p>\u00c9quipements surdimensionn\u00e9s et en surpoids<\/p>\n<ul>\n<li>Services de chargement et de d\u00e9chargement<\/li>\n<li>Remorques r\u00e9guli\u00e8res \u00e0 plateau, remorques \u00e0 plateau surbaiss\u00e9, semi-remorques porte engins surbaiss\u00e9es, cols de cygne, doubles remorques<\/li>\n<\/ul>\n<\/p><\/div><\/div>\n<\/div>\n<\/div>\n","protected":false},"excerpt":{"rendered":"<p>Transport Routier Lorsque vous avez besoin de transporter des marchandises s\u00e8ches,r\u00e9frig\u00e9r\u00e9es ou \u00e0 temp\u00e9rature contr\u00f4l\u00e9e,&nbsp; nous avons les unit\u00e9s et la disponibilit\u00e9 n\u00e9cessaires pour vos exp\u00e9ditions. Nous avons une exp\u00e9rience confirm\u00e9e avec les industries les plus exigeantes telles que l&rsquo;automobile, la pharmaceutique et l&rsquo;\u00e9lectronique. Nous r\u00e9solvons toutes vos attentes et besoins. Nous offrons: Un vaste [&hellip;]<\/p>\n","protected":false},"author":1,"featured_media":0,"parent":526,"menu_order":11,"comment_status":"closed","ping_status":"closed","template":"","meta":{"content-type":"","jetpack_post_was_ever_published":false,"footnotes":""},"class_list":["post-516","page","type-page","status-publish","hentry"],"yoast_head":"<!-- This site is optimized with the Yoast SEO plugin v27.3 - https:\/\/yoast.com\/product\/yoast-seo-wordpress\/ -->\n<title>Transport Routier - Mexicom Logistics<\/title>\n<meta name=\"robots\" content=\"index, follow, max-snippet:-1, max-image-preview:large, max-video-preview:-1\" \/>\n<link rel=\"canonical\" href=\"https:\/\/mexicomlogistics.com\/fr\/services\/transport-routier\/\" \/>\n<meta property=\"og:locale\" content=\"fr_FR\" \/>\n<meta property=\"og:type\" content=\"article\" \/>\n<meta property=\"og:title\" content=\"Transport Routier - Mexicom Logistics\" \/>\n<meta property=\"og:description\" content=\"Transport Routier Lorsque vous avez besoin de transporter des marchandises s\u00e8ches,r\u00e9frig\u00e9r\u00e9es ou \u00e0 temp\u00e9rature contr\u00f4l\u00e9e,&nbsp; nous avons les unit\u00e9s et la disponibilit\u00e9 n\u00e9cessaires pour vos exp\u00e9ditions. Nous avons une exp\u00e9rience confirm\u00e9e avec les industries les plus exigeantes telles que l&rsquo;automobile, la pharmaceutique et l&rsquo;\u00e9lectronique. Nous r\u00e9solvons toutes vos attentes et besoins. Nous offrons: Un vaste [&hellip;]\" \/>\n<meta property=\"og:url\" content=\"https:\/\/mexicomlogistics.com\/fr\/services\/transport-routier\/\" \/>\n<meta property=\"og:site_name\" content=\"Mexicom Logistics\" \/>\n<meta property=\"og:image\" content=\"http:\/\/mexi.cashin.ca\/wp-content\/uploads\/2013\/12\/trucking.jpg\" \/>\n<meta name=\"twitter:card\" content=\"summary_large_image\" \/>\n<meta name=\"twitter:label1\" content=\"Dur\u00e9e de lecture estim\u00e9e\" \/>\n\t<meta name=\"twitter:data1\" content=\"2 minutes\" \/>\n<script type=\"application\/ld+json\" class=\"yoast-schema-graph\">{\"@context\":\"https:\\\/\\\/schema.org\",\"@graph\":[{\"@type\":\"WebPage\",\"@id\":\"https:\\\/\\\/mexicomlogistics.com\\\/fr\\\/services\\\/transport-routier\\\/\",\"url\":\"https:\\\/\\\/mexicomlogistics.com\\\/fr\\\/services\\\/transport-routier\\\/\",\"name\":\"Transport Routier - Mexicom Logistics\",\"isPartOf\":{\"@id\":\"https:\\\/\\\/mexicomlogistics.com\\\/fr\\\/#website\"},\"primaryImageOfPage\":{\"@id\":\"https:\\\/\\\/mexicomlogistics.com\\\/fr\\\/services\\\/transport-routier\\\/#primaryimage\"},\"image\":{\"@id\":\"https:\\\/\\\/mexicomlogistics.com\\\/fr\\\/services\\\/transport-routier\\\/#primaryimage\"},\"thumbnailUrl\":\"http:\\\/\\\/mexi.cashin.ca\\\/wp-content\\\/uploads\\\/2013\\\/12\\\/trucking.jpg\",\"datePublished\":\"2015-05-05T17:44:21+00:00\",\"breadcrumb\":{\"@id\":\"https:\\\/\\\/mexicomlogistics.com\\\/fr\\\/services\\\/transport-routier\\\/#breadcrumb\"},\"inLanguage\":\"fr-FR\",\"potentialAction\":[{\"@type\":\"ReadAction\",\"target\":[\"https:\\\/\\\/mexicomlogistics.com\\\/fr\\\/services\\\/transport-routier\\\/\"]}]},{\"@type\":\"ImageObject\",\"inLanguage\":\"fr-FR\",\"@id\":\"https:\\\/\\\/mexicomlogistics.com\\\/fr\\\/services\\\/transport-routier\\\/#primaryimage\",\"url\":\"http:\\\/\\\/mexi.cashin.ca\\\/wp-content\\\/uploads\\\/2013\\\/12\\\/trucking.jpg\",\"contentUrl\":\"http:\\\/\\\/mexi.cashin.ca\\\/wp-content\\\/uploads\\\/2013\\\/12\\\/trucking.jpg\"},{\"@type\":\"BreadcrumbList\",\"@id\":\"https:\\\/\\\/mexicomlogistics.com\\\/fr\\\/services\\\/transport-routier\\\/#breadcrumb\",\"itemListElement\":[{\"@type\":\"ListItem\",\"position\":1,\"name\":\"Home\",\"item\":\"https:\\\/\\\/mexicomlogistics.com\\\/fr\\\/\"},{\"@type\":\"ListItem\",\"position\":2,\"name\":\"Services\",\"item\":\"https:\\\/\\\/mexicomlogistics.com\\\/fr\\\/services\\\/\"},{\"@type\":\"ListItem\",\"position\":3,\"name\":\"Transport Routier\"}]},{\"@type\":\"WebSite\",\"@id\":\"https:\\\/\\\/mexicomlogistics.com\\\/fr\\\/#website\",\"url\":\"https:\\\/\\\/mexicomlogistics.com\\\/fr\\\/\",\"name\":\"Mexicom Logistics\",\"description\":\"Ship with confidence\",\"publisher\":{\"@id\":\"https:\\\/\\\/mexicomlogistics.com\\\/fr\\\/#organization\"},\"potentialAction\":[{\"@type\":\"SearchAction\",\"target\":{\"@type\":\"EntryPoint\",\"urlTemplate\":\"https:\\\/\\\/mexicomlogistics.com\\\/fr\\\/?s={search_term_string}\"},\"query-input\":{\"@type\":\"PropertyValueSpecification\",\"valueRequired\":true,\"valueName\":\"search_term_string\"}}],\"inLanguage\":\"fr-FR\"},{\"@type\":\"Organization\",\"@id\":\"https:\\\/\\\/mexicomlogistics.com\\\/fr\\\/#organization\",\"name\":\"Mexicom Logistics\",\"url\":\"https:\\\/\\\/mexicomlogistics.com\\\/fr\\\/\",\"logo\":{\"@type\":\"ImageObject\",\"inLanguage\":\"fr-FR\",\"@id\":\"https:\\\/\\\/mexicomlogistics.com\\\/fr\\\/#\\\/schema\\\/logo\\\/image\\\/\",\"url\":\"https:\\\/\\\/mexicomlogistics.com\\\/wp-content\\\/uploads\\\/2017\\\/03\\\/logo-white.jpg\",\"contentUrl\":\"https:\\\/\\\/mexicomlogistics.com\\\/wp-content\\\/uploads\\\/2017\\\/03\\\/logo-white.jpg\",\"width\":617,\"height\":402,\"caption\":\"Mexicom Logistics\"},\"image\":{\"@id\":\"https:\\\/\\\/mexicomlogistics.com\\\/fr\\\/#\\\/schema\\\/logo\\\/image\\\/\"}}]}<\/script>\n<!-- \/ Yoast SEO plugin. -->","yoast_head_json":{"title":"Transport Routier - Mexicom Logistics","robots":{"index":"index","follow":"follow","max-snippet":"max-snippet:-1","max-image-preview":"max-image-preview:large","max-video-preview":"max-video-preview:-1"},"canonical":"https:\/\/mexicomlogistics.com\/fr\/services\/transport-routier\/","og_locale":"fr_FR","og_type":"article","og_title":"Transport Routier - Mexicom Logistics","og_description":"Transport Routier Lorsque vous avez besoin de transporter des marchandises s\u00e8ches,r\u00e9frig\u00e9r\u00e9es ou \u00e0 temp\u00e9rature contr\u00f4l\u00e9e,&nbsp; nous avons les unit\u00e9s et la disponibilit\u00e9 n\u00e9cessaires pour vos exp\u00e9ditions. Nous avons une exp\u00e9rience confirm\u00e9e avec les industries les plus exigeantes telles que l&rsquo;automobile, la pharmaceutique et l&rsquo;\u00e9lectronique. Nous r\u00e9solvons toutes vos attentes et besoins. Nous offrons: Un vaste [&hellip;]","og_url":"https:\/\/mexicomlogistics.com\/fr\/services\/transport-routier\/","og_site_name":"Mexicom Logistics","og_image":[{"url":"http:\/\/mexi.cashin.ca\/wp-content\/uploads\/2013\/12\/trucking.jpg","type":"","width":"","height":""}],"twitter_card":"summary_large_image","twitter_misc":{"Dur\u00e9e de lecture estim\u00e9e":"2 minutes"},"schema":{"@context":"https:\/\/schema.org","@graph":[{"@type":"WebPage","@id":"https:\/\/mexicomlogistics.com\/fr\/services\/transport-routier\/","url":"https:\/\/mexicomlogistics.com\/fr\/services\/transport-routier\/","name":"Transport Routier - Mexicom Logistics","isPartOf":{"@id":"https:\/\/mexicomlogistics.com\/fr\/#website"},"primaryImageOfPage":{"@id":"https:\/\/mexicomlogistics.com\/fr\/services\/transport-routier\/#primaryimage"},"image":{"@id":"https:\/\/mexicomlogistics.com\/fr\/services\/transport-routier\/#primaryimage"},"thumbnailUrl":"http:\/\/mexi.cashin.ca\/wp-content\/uploads\/2013\/12\/trucking.jpg","datePublished":"2015-05-05T17:44:21+00:00","breadcrumb":{"@id":"https:\/\/mexicomlogistics.com\/fr\/services\/transport-routier\/#breadcrumb"},"inLanguage":"fr-FR","potentialAction":[{"@type":"ReadAction","target":["https:\/\/mexicomlogistics.com\/fr\/services\/transport-routier\/"]}]},{"@type":"ImageObject","inLanguage":"fr-FR","@id":"https:\/\/mexicomlogistics.com\/fr\/services\/transport-routier\/#primaryimage","url":"http:\/\/mexi.cashin.ca\/wp-content\/uploads\/2013\/12\/trucking.jpg","contentUrl":"http:\/\/mexi.cashin.ca\/wp-content\/uploads\/2013\/12\/trucking.jpg"},{"@type":"BreadcrumbList","@id":"https:\/\/mexicomlogistics.com\/fr\/services\/transport-routier\/#breadcrumb","itemListElement":[{"@type":"ListItem","position":1,"name":"Home","item":"https:\/\/mexicomlogistics.com\/fr\/"},{"@type":"ListItem","position":2,"name":"Services","item":"https:\/\/mexicomlogistics.com\/fr\/services\/"},{"@type":"ListItem","position":3,"name":"Transport Routier"}]},{"@type":"WebSite","@id":"https:\/\/mexicomlogistics.com\/fr\/#website","url":"https:\/\/mexicomlogistics.com\/fr\/","name":"Mexicom Logistics","description":"Ship with confidence","publisher":{"@id":"https:\/\/mexicomlogistics.com\/fr\/#organization"},"potentialAction":[{"@type":"SearchAction","target":{"@type":"EntryPoint","urlTemplate":"https:\/\/mexicomlogistics.com\/fr\/?s={search_term_string}"},"query-input":{"@type":"PropertyValueSpecification","valueRequired":true,"valueName":"search_term_string"}}],"inLanguage":"fr-FR"},{"@type":"Organization","@id":"https:\/\/mexicomlogistics.com\/fr\/#organization","name":"Mexicom Logistics","url":"https:\/\/mexicomlogistics.com\/fr\/","logo":{"@type":"ImageObject","inLanguage":"fr-FR","@id":"https:\/\/mexicomlogistics.com\/fr\/#\/schema\/logo\/image\/","url":"https:\/\/mexicomlogistics.com\/wp-content\/uploads\/2017\/03\/logo-white.jpg","contentUrl":"https:\/\/mexicomlogistics.com\/wp-content\/uploads\/2017\/03\/logo-white.jpg","width":617,"height":402,"caption":"Mexicom Logistics"},"image":{"@id":"https:\/\/mexicomlogistics.com\/fr\/#\/schema\/logo\/image\/"}}]}},"jetpack_sharing_enabled":true,"jetpack_shortlink":"https:\/\/wp.me\/P8vZ39-8k","_links":{"self":[{"href":"https:\/\/mexicomlogistics.com\/fr\/wp-json\/wp\/v2\/pages\/516","targetHints":{"allow":["GET"]}}],"collection":[{"href":"https:\/\/mexicomlogistics.com\/fr\/wp-json\/wp\/v2\/pages"}],"about":[{"href":"https:\/\/mexicomlogistics.com\/fr\/wp-json\/wp\/v2\/types\/page"}],"author":[{"embeddable":true,"href":"https:\/\/mexicomlogistics.com\/fr\/wp-json\/wp\/v2\/users\/1"}],"replies":[{"embeddable":true,"href":"https:\/\/mexicomlogistics.com\/fr\/wp-json\/wp\/v2\/comments?post=516"}],"version-history":[{"count":0,"href":"https:\/\/mexicomlogistics.com\/fr\/wp-json\/wp\/v2\/pages\/516\/revisions"}],"up":[{"embeddable":true,"href":"https:\/\/mexicomlogistics.com\/fr\/wp-json\/wp\/v2\/pages\/526"}],"wp:attachment":[{"href":"https:\/\/mexicomlogistics.com\/fr\/wp-json\/wp\/v2\/media?parent=516"}],"curies":[{"name":"wp","href":"https:\/\/api.w.org\/{rel}","templated":true}]}}