{"id":4253,"date":"2022-10-07T11:12:29","date_gmt":"2022-10-07T15:12:29","guid":{"rendered":"http:\/\/www.mexicomlogistics.com\/?page_id=4253"},"modified":"2022-10-07T11:12:58","modified_gmt":"2022-10-07T15:12:58","slug":"remorques-plates-formes","status":"publish","type":"page","link":"https:\/\/mexicomlogistics.com\/fr\/remorques-plates-formes\/","title":{"rendered":"Remorques Plates-formes"},"content":{"rendered":"<div class=\"wpb-content-wrapper\">[vc_row fullwidth=\u00a0\u00bbtrue\u00a0\u00bb fullwidth_content=\u00a0\u00bbfalse\u00a0\u00bb css=\u00a0\u00bb.vc_custom_1536268049179{background-image: url(http:\/\/www.mexicomlogistics.com\/wp-content\/uploads\/2018\/08\/main-landing-page-2.jpg?id=3137) !important;background-position: center !important;background-repeat: no-repeat !important;background-size: cover !important;}\u00a0\u00bb el_class=\u00a0\u00bbtrucking-row-1&Prime;][vc_column][mk_padding_divider size=\u00a0\u00bb100&Prime; visibility=\u00a0\u00bbvisible-sm\u00a0\u00bb][mk_padding_divider size=\u00a0\u00bb250&Prime; visibility=\u00a0\u00bbhidden-sm\u00a0\u00bb][mk_fancy_title tag_name=\u00a0\u00bbh1&Prime; color=\u00a0\u00bb#ffffff\u00a0\u00bb size=\u00a0\u00bb40&Prime; font_weight=\u00a0\u00bb500&Prime; txt_transform=\u00a0\u00bbuppercase\u00a0\u00bb letter_spacing=\u00a0\u00bb1&Prime; margin_top=\u00a0\u00bb20&Prime; font_family=\u00a0\u00bbMontserrat\u00a0\u00bb font_type=\u00a0\u00bbgoogle\u00a0\u00bb align=\u00a0\u00bbcenter\u00a0\u00bb el_class=\u00a0\u00bbintermodal-fancy-1&Prime;]Plate-formes (Flatbeds)[\/mk_fancy_title][\/vc_column][\/vc_row][vc_row][vc_column][mk_padding_divider size=\u00a0\u00bb20&Prime;][\/vc_column][\/vc_row][mk_page_section sidebar=\u00a0\u00bbsidebar-1&Prime;][vc_column][vc_row_inner][vc_column_inner][mk_padding_divider size=\u00a0\u00bb7&Prime;][vc_text_separator title=\u00a0\u00bbFESTIVAL DES PLATE-FORMES DE SEPTEMBRE \u00c0 NOVEMBRE 2022&Prime; color=\u00a0\u00bbcustom\u00a0\u00bb border_width=\u00a0\u00bb2&Prime; css_animation=\u00a0\u00bbbounceInDown\u00a0\u00bb accent_color=\u00a0\u00bb#ff3a3a\u00a0\u00bb][\/vc_column_inner][\/vc_row_inner][mk_padding_divider size=\u00a0\u00bb30&Prime;][vc_column_text]\n<h2 style=\"text-align: center;\">Mexicom Logistics dispose d&rsquo;une grande vari\u00e9t\u00e9 de<br \/>\nplates-formes pour d\u00e9placer des charges (B2B)<br \/>\nde toutes tailles et de tout poids dans le service<br \/>\nporte-\u00e0-porte en Am\u00e9rique du Nord.<\/h2>\n[\/vc_column_text][mk_padding_divider size=\u00a0\u00bb45&Prime;][\/vc_column][\/mk_page_section][vc_row el_class=\u00a0\u00bbtrucking-row-3&Prime;][vc_column width=\u00a0\u00bb1\/3&Prime;][mk_icon_box icon=\u00a0\u00bbmk-moon-clock\u00a0\u00bb title=\u00a0\u00bbDisponibilit\u00e9 Imm\u00e9diate\u00a0\u00bb font_weight=\u00a0\u00bbbold\u00a0\u00bb circled=\u00a0\u00bbtrue\u00a0\u00bb icon_color=\u00a0\u00bb#ffffff\u00a0\u00bb icon_circle_color=\u00a0\u00bb#146372&Prime; icon_circle_border_color=\u00a0\u00bb#ffffff\u00a0\u00bb title_color=\u00a0\u00bb#ff0000&Prime;]Nous pouvons collecter <strong>le jour apr\u00e8s r\u00e9ception de votre notification<\/strong>.[\/mk_icon_box][\/vc_column][vc_column width=\u00a0\u00bb1\/3&Prime;][mk_icon_box icon=\u00a0\u00bbmk-icon-money\u00a0\u00bb title=\u00a0\u00bbLe prix le plus bas\u00a0\u00bb font_weight=\u00a0\u00bbbold\u00a0\u00bb circled=\u00a0\u00bbtrue\u00a0\u00bb icon_color=\u00a0\u00bb#ffffff\u00a0\u00bb icon_circle_color=\u00a0\u00bb#146372&Prime; icon_circle_border_color=\u00a0\u00bb#ffffff\u00a0\u00bb title_color=\u00a0\u00bb#ff0000&Prime;]Notre vaste r\u00e9seau de fournisseurs et d\u2019alliances nous permet de trouver la meilleure solution au <strong>prix le plus bas du march\u00e9<\/strong>.<\/p>\n<p>Nous garantissons les tarifs les plus bas en mati\u00e8re de transport, d\u2019\u00e9chelle, de r\u00e9tention, de retards \u00e0 la fronti\u00e8re, d\u2019assurance et de tous nos services logistiques.[\/mk_icon_box][\/vc_column][vc_column width=\u00a0\u00bb1\/3&Prime;][mk_icon_box icon=\u00a0\u00bbmk-moon-coins\u00a0\u00bb title=\u00a0\u00bbLa flexibilit\u00e9\u00a0\u00bb font_weight=\u00a0\u00bbbold\u00a0\u00bb circled=\u00a0\u00bbtrue\u00a0\u00bb icon_color=\u00a0\u00bb#ffffff\u00a0\u00bb icon_circle_color=\u00a0\u00bb#146372&Prime; title_color=\u00a0\u00bb#ff0000&Prime;]Laps de <strong>temps libre pour la d\u00e9tention et les retards<\/strong><\/p>\n<p>D\u00e9tention: 2 heures\u00a0sans frais pour charger et d\u00e9charger .<br \/>\nRetards \u00e0 la fronti\u00e8re: 2 jours\u00a0sans frais \u00e0 la fronti\u00e8re .[\/mk_icon_box][\/vc_column][\/vc_row][vc_row][vc_column][mk_blockquote font_family=\u00a0\u00bbnone\u00a0\u00bb]Le soutien de Mexicom depuis plus de 10 ans a \u00e9t\u00e9 de nous donner les meilleurs co\u00fbts du march\u00e9 et d\u2019\u00eatre des facilitateurs dans le traitement de nos envois, assurant la collecte \u00e0 la date fix\u00e9e &#8211; Mario Hanssel T\u00e9llez Arroyo, Directeur des Op\u00e9rations Logistiques, SkyNet[\/mk_blockquote][\/vc_column][\/vc_row][vc_row][vc_column][vc_column_text]\n<h4 style=\"text-align: center;\">Plus de 13 ans d&rsquo;exp\u00e9rience en r\u00e9pondant \u00e0 tous vos besoins en mati\u00e8re de transport entre le\u00a0Mexique, le\u00a0Canada\u00a0et les \u00c9tats-Unis<\/h4>\n[\/vc_column_text][mk_image src=\u00a0\u00bbhttp:\/\/www.mexicomlogistics.com\/wp-content\/uploads\/2018\/09\/north-america-map-fr-100.jpg\u00a0\u00bb image_size=\u00a0\u00bbfull\u00a0\u00bb align=\u00a0\u00bbcenter\u00a0\u00bb][mk_button corner_style=\u00a0\u00bbfull_rounded\u00a0\u00bb size=\u00a0\u00bblarge\u00a0\u00bb url=\u00a0\u00bbhttps:\/\/mexicomlogistics.com\/fr\/obtenir-devis-choisir\/\u00a0\u00bb target=\u00a0\u00bb_blank\u00a0\u00bb align=\u00a0\u00bbcenter\u00a0\u00bb bg_color=\u00a0\u00bb#ff0000&Prime;]Demander un devis[\/mk_button][\/vc_column][\/vc_row][mk_page_section bg_image=\u00a0\u00bbhttp:\/\/www.mexicomlogistics.com\/wp-content\/uploads\/2018\/08\/img_20170607_094229.jpg\u00a0\u00bb bg_position=\u00a0\u00bbcenter center\u00a0\u00bb bg_repeat=\u00a0\u00bbno-repeat\u00a0\u00bb bg_stretch=\u00a0\u00bbtrue\u00a0\u00bb enable_3d=\u00a0\u00bbtrue\u00a0\u00bb speed_factor=\u00a0\u00bb0.4&Prime; adaptive_height=\u00a0\u00bbtrue\u00a0\u00bb sidebar=\u00a0\u00bbsidebar-1&Prime;][vc_column][\/vc_column][\/mk_page_section][mk_page_section][vc_column width=\u00a0\u00bb1\/6&Prime;][mk_padding_divider size=\u00a0\u00bb30&Prime;][\/vc_column][vc_column width=\u00a0\u00bb5\/6&Prime;][mk_padding_divider size=\u00a0\u00bb30&Prime;][mk_custom_list title=\u00a0\u00bbNos services de plate-forme incluent\u00a0\u00bb]\n<ul>\n<li>Transit transfrontalier rapide pour le chargement direct et le mettre \u00e0 bord.<\/li>\n<li>Suivez le statut et l&#8217;emplacement de vos marchandises \u00e0 tout moment. Recevoir des mises \u00e0 jour de localisation et de livraison.<\/li>\n<li>Nous travaillons uniquement avec des entreprises qui v\u00e9rifient les ant\u00e9c\u00e9dents de leurs conducteurs et travaillent avec des syst\u00e8mes de suivi par satellite 24 heures par jour, tous les jours. Nous offrons un service d&rsquo;escorte, si n\u00e9cessaire.<\/li>\n<li>Des experts trilingues qui fournissent un service direct et personnalis\u00e9.<\/li>\n<li>Nous pouvons fournir une assurance cargo \u00e0 un taux exclusif pour nos clients: 0,3%<\/li>\n<\/ul>\n[\/mk_custom_list][mk_padding_divider size=\u00a0\u00bb30&Prime;][vc_text_separator title=\u00a0\u00bbLes \u00e9quipes diponibles\u00a0\u00bb title_align=\u00a0\u00bbseparator_align_left\u00a0\u00bb][mk_image_slideshow images=\u00a0\u00bb3952,3955,3958,3961,3964&Prime; image_height=\u00a0\u00bb400&Prime; animation_speed=\u00a0\u00bb2000&Prime; slideshow_speed=\u00a0\u00bb2000&Prime; pause_on_hover=\u00a0\u00bbtrue\u00a0\u00bb][\/vc_column][\/mk_page_section]\n<\/div>","protected":false},"excerpt":{"rendered":"<p>[vc_row fullwidth=\u00a0\u00bbtrue\u00a0\u00bb fullwidth_content=\u00a0\u00bbfalse\u00a0\u00bb css=\u00a0\u00bb.vc_custom_1536268049179{background-image: url(http:\/\/www.mexicomlogistics.com\/wp-content\/uploads\/2018\/08\/main-landing-page-2.jpg?id=3137) !important;background-position: center !important;background-repeat: no-repeat !important;background-size: cover !important;}\u00a0\u00bb el_class=\u00a0\u00bbtrucking-row-1&Prime;][vc_column][mk_padding_divider size=\u00a0\u00bb100&Prime; visibility=\u00a0\u00bbvisible-sm\u00a0\u00bb][mk_padding_divider size=\u00a0\u00bb250&Prime; visibility=\u00a0\u00bbhidden-sm\u00a0\u00bb][mk_fancy_title tag_name=\u00a0\u00bbh1&Prime; color=\u00a0\u00bb#ffffff\u00a0\u00bb size=\u00a0\u00bb40&Prime; font_weight=\u00a0\u00bb500&Prime; txt_transform=\u00a0\u00bbuppercase\u00a0\u00bb letter_spacing=\u00a0\u00bb1&Prime; margin_top=\u00a0\u00bb20&Prime; font_family=\u00a0\u00bbMontserrat\u00a0\u00bb font_type=\u00a0\u00bbgoogle\u00a0\u00bb align=\u00a0\u00bbcenter\u00a0\u00bb el_class=\u00a0\u00bbintermodal-fancy-1&Prime;]Plate-formes (Flatbeds)[\/mk_fancy_title][\/vc_column][\/vc_row][vc_row][vc_column][mk_padding_divider size=\u00a0\u00bb20&Prime;][\/vc_column][\/vc_row][mk_page_section sidebar=\u00a0\u00bbsidebar-1&Prime;][vc_column][vc_row_inner][vc_column_inner][mk_padding_divider size=\u00a0\u00bb7&Prime;][vc_text_separator title=\u00a0\u00bbFESTIVAL DES PLATE-FORMES DE SEPTEMBRE \u00c0 NOVEMBRE 2022&Prime; color=\u00a0\u00bbcustom\u00a0\u00bb border_width=\u00a0\u00bb2&Prime; css_animation=\u00a0\u00bbbounceInDown\u00a0\u00bb accent_color=\u00a0\u00bb#ff3a3a\u00a0\u00bb][\/vc_column_inner][\/vc_row_inner][mk_padding_divider size=\u00a0\u00bb30&Prime;][vc_column_text] Mexicom Logistics dispose d&rsquo;une grande vari\u00e9t\u00e9 de plates-formes pour d\u00e9placer [&hellip;]<\/p>\n","protected":false},"author":4,"featured_media":3988,"parent":0,"menu_order":12,"comment_status":"closed","ping_status":"closed","template":"","meta":{"content-type":"","jetpack_post_was_ever_published":false,"footnotes":""},"class_list":["post-4253","page","type-page","status-publish","has-post-thumbnail","hentry"],"yoast_head":"<!-- This site is optimized with the Yoast SEO plugin v27.2 - https:\/\/yoast.com\/product\/yoast-seo-wordpress\/ -->\n<title>Remorques Plates-formes - Mexicom Logistics<\/title>\n<meta name=\"description\" content=\"Mexicom Logistics dispose d&#039;une grande vari\u00e9t\u00e9 deplates-formes pour d\u00e9placer des charges (B2B)de toutes tailles et de tout poids dans le serviceporte-\u00e0-porte en Am\u00e9rique du Nord.\" \/>\n<meta name=\"robots\" content=\"index, follow, max-snippet:-1, max-image-preview:large, max-video-preview:-1\" \/>\n<link rel=\"canonical\" href=\"https:\/\/mexicomlogistics.com\/fr\/remorques-plates-formes\/\" \/>\n<meta property=\"og:locale\" content=\"fr_FR\" \/>\n<meta property=\"og:type\" content=\"article\" \/>\n<meta property=\"og:title\" content=\"Remorques Plates-formes - Mexicom Logistics\" \/>\n<meta property=\"og:description\" content=\"Mexicom Logistics dispose d&#039;une grande vari\u00e9t\u00e9 deplates-formes pour d\u00e9placer des charges (B2B)de toutes tailles et de tout poids dans le serviceporte-\u00e0-porte en Am\u00e9rique du Nord.\" \/>\n<meta property=\"og:url\" content=\"https:\/\/mexicomlogistics.com\/fr\/remorques-plates-formes\/\" \/>\n<meta property=\"og:site_name\" content=\"Mexicom Logistics\" \/>\n<meta property=\"article:modified_time\" content=\"2022-10-07T15:12:58+00:00\" \/>\n<meta property=\"og:image\" content=\"https:\/\/mexicomlogistics.com\/wp-content\/uploads\/2018\/10\/mex-usa-canada_freight_open_deck_trucks.png\" \/>\n\t<meta property=\"og:image:width\" content=\"1066\" \/>\n\t<meta property=\"og:image:height\" content=\"621\" \/>\n\t<meta property=\"og:image:type\" content=\"image\/png\" \/>\n<meta name=\"twitter:card\" content=\"summary_large_image\" \/>\n<meta name=\"twitter:label1\" content=\"Dur\u00e9e de lecture estim\u00e9e\" \/>\n\t<meta name=\"twitter:data1\" content=\"4 minutes\" \/>\n<script type=\"application\/ld+json\" class=\"yoast-schema-graph\">{\"@context\":\"https:\/\/schema.org\",\"@graph\":[{\"@type\":\"WebPage\",\"@id\":\"https:\/\/mexicomlogistics.com\/fr\/remorques-plates-formes\/\",\"url\":\"https:\/\/mexicomlogistics.com\/fr\/remorques-plates-formes\/\",\"name\":\"Remorques Plates-formes - Mexicom Logistics\",\"isPartOf\":{\"@id\":\"https:\/\/mexicomlogistics.com\/fr\/#website\"},\"primaryImageOfPage\":{\"@id\":\"https:\/\/mexicomlogistics.com\/fr\/remorques-plates-formes\/#primaryimage\"},\"image\":{\"@id\":\"https:\/\/mexicomlogistics.com\/fr\/remorques-plates-formes\/#primaryimage\"},\"thumbnailUrl\":\"https:\/\/mexicomlogistics.com\/wp-content\/uploads\/2018\/10\/mex-usa-canada_freight_open_deck_trucks.png\",\"datePublished\":\"2022-10-07T15:12:29+00:00\",\"dateModified\":\"2022-10-07T15:12:58+00:00\",\"description\":\"Mexicom Logistics dispose d'une grande vari\u00e9t\u00e9 deplates-formes pour d\u00e9placer des charges (B2B)de toutes tailles et de tout poids dans le serviceporte-\u00e0-porte en Am\u00e9rique du Nord.\",\"breadcrumb\":{\"@id\":\"https:\/\/mexicomlogistics.com\/fr\/remorques-plates-formes\/#breadcrumb\"},\"inLanguage\":\"fr-FR\",\"potentialAction\":[{\"@type\":\"ReadAction\",\"target\":[\"https:\/\/mexicomlogistics.com\/fr\/remorques-plates-formes\/\"]}]},{\"@type\":\"ImageObject\",\"inLanguage\":\"fr-FR\",\"@id\":\"https:\/\/mexicomlogistics.com\/fr\/remorques-plates-formes\/#primaryimage\",\"url\":\"https:\/\/mexicomlogistics.com\/wp-content\/uploads\/2018\/10\/mex-usa-canada_freight_open_deck_trucks.png\",\"contentUrl\":\"https:\/\/mexicomlogistics.com\/wp-content\/uploads\/2018\/10\/mex-usa-canada_freight_open_deck_trucks.png\",\"width\":1066,\"height\":621,\"caption\":\"Open deck freight to ship cargo to Mexico, USA and Canada\"},{\"@type\":\"BreadcrumbList\",\"@id\":\"https:\/\/mexicomlogistics.com\/fr\/remorques-plates-formes\/#breadcrumb\",\"itemListElement\":[{\"@type\":\"ListItem\",\"position\":1,\"name\":\"Home\",\"item\":\"https:\/\/mexicomlogistics.com\/fr\/\"},{\"@type\":\"ListItem\",\"position\":2,\"name\":\"Remorques Plates-formes\"}]},{\"@type\":\"WebSite\",\"@id\":\"https:\/\/mexicomlogistics.com\/fr\/#website\",\"url\":\"https:\/\/mexicomlogistics.com\/fr\/\",\"name\":\"Mexicom Logistics\",\"description\":\"Ship with confidence\",\"publisher\":{\"@id\":\"https:\/\/mexicomlogistics.com\/fr\/#organization\"},\"potentialAction\":[{\"@type\":\"SearchAction\",\"target\":{\"@type\":\"EntryPoint\",\"urlTemplate\":\"https:\/\/mexicomlogistics.com\/fr\/?s={search_term_string}\"},\"query-input\":{\"@type\":\"PropertyValueSpecification\",\"valueRequired\":true,\"valueName\":\"search_term_string\"}}],\"inLanguage\":\"fr-FR\"},{\"@type\":\"Organization\",\"@id\":\"https:\/\/mexicomlogistics.com\/fr\/#organization\",\"name\":\"Mexicom Logistics\",\"url\":\"https:\/\/mexicomlogistics.com\/fr\/\",\"logo\":{\"@type\":\"ImageObject\",\"inLanguage\":\"fr-FR\",\"@id\":\"https:\/\/mexicomlogistics.com\/fr\/#\/schema\/logo\/image\/\",\"url\":\"https:\/\/mexicomlogistics.com\/wp-content\/uploads\/2017\/03\/logo-white.jpg\",\"contentUrl\":\"https:\/\/mexicomlogistics.com\/wp-content\/uploads\/2017\/03\/logo-white.jpg\",\"width\":617,\"height\":402,\"caption\":\"Mexicom Logistics\"},\"image\":{\"@id\":\"https:\/\/mexicomlogistics.com\/fr\/#\/schema\/logo\/image\/\"}}]}<\/script>\n<!-- \/ Yoast SEO plugin. -->","yoast_head_json":{"title":"Remorques Plates-formes - Mexicom Logistics","description":"Mexicom Logistics dispose d'une grande vari\u00e9t\u00e9 deplates-formes pour d\u00e9placer des charges (B2B)de toutes tailles et de tout poids dans le serviceporte-\u00e0-porte en Am\u00e9rique du Nord.","robots":{"index":"index","follow":"follow","max-snippet":"max-snippet:-1","max-image-preview":"max-image-preview:large","max-video-preview":"max-video-preview:-1"},"canonical":"https:\/\/mexicomlogistics.com\/fr\/remorques-plates-formes\/","og_locale":"fr_FR","og_type":"article","og_title":"Remorques Plates-formes - Mexicom Logistics","og_description":"Mexicom Logistics dispose d'une grande vari\u00e9t\u00e9 deplates-formes pour d\u00e9placer des charges (B2B)de toutes tailles et de tout poids dans le serviceporte-\u00e0-porte en Am\u00e9rique du Nord.","og_url":"https:\/\/mexicomlogistics.com\/fr\/remorques-plates-formes\/","og_site_name":"Mexicom Logistics","article_modified_time":"2022-10-07T15:12:58+00:00","og_image":[{"width":1066,"height":621,"url":"https:\/\/mexicomlogistics.com\/wp-content\/uploads\/2018\/10\/mex-usa-canada_freight_open_deck_trucks.png","type":"image\/png"}],"twitter_card":"summary_large_image","twitter_misc":{"Dur\u00e9e de lecture estim\u00e9e":"4 minutes"},"schema":{"@context":"https:\/\/schema.org","@graph":[{"@type":"WebPage","@id":"https:\/\/mexicomlogistics.com\/fr\/remorques-plates-formes\/","url":"https:\/\/mexicomlogistics.com\/fr\/remorques-plates-formes\/","name":"Remorques Plates-formes - Mexicom Logistics","isPartOf":{"@id":"https:\/\/mexicomlogistics.com\/fr\/#website"},"primaryImageOfPage":{"@id":"https:\/\/mexicomlogistics.com\/fr\/remorques-plates-formes\/#primaryimage"},"image":{"@id":"https:\/\/mexicomlogistics.com\/fr\/remorques-plates-formes\/#primaryimage"},"thumbnailUrl":"https:\/\/mexicomlogistics.com\/wp-content\/uploads\/2018\/10\/mex-usa-canada_freight_open_deck_trucks.png","datePublished":"2022-10-07T15:12:29+00:00","dateModified":"2022-10-07T15:12:58+00:00","description":"Mexicom Logistics dispose d'une grande vari\u00e9t\u00e9 deplates-formes pour d\u00e9placer des charges (B2B)de toutes tailles et de tout poids dans le serviceporte-\u00e0-porte en Am\u00e9rique du Nord.","breadcrumb":{"@id":"https:\/\/mexicomlogistics.com\/fr\/remorques-plates-formes\/#breadcrumb"},"inLanguage":"fr-FR","potentialAction":[{"@type":"ReadAction","target":["https:\/\/mexicomlogistics.com\/fr\/remorques-plates-formes\/"]}]},{"@type":"ImageObject","inLanguage":"fr-FR","@id":"https:\/\/mexicomlogistics.com\/fr\/remorques-plates-formes\/#primaryimage","url":"https:\/\/mexicomlogistics.com\/wp-content\/uploads\/2018\/10\/mex-usa-canada_freight_open_deck_trucks.png","contentUrl":"https:\/\/mexicomlogistics.com\/wp-content\/uploads\/2018\/10\/mex-usa-canada_freight_open_deck_trucks.png","width":1066,"height":621,"caption":"Open deck freight to ship cargo to Mexico, USA and Canada"},{"@type":"BreadcrumbList","@id":"https:\/\/mexicomlogistics.com\/fr\/remorques-plates-formes\/#breadcrumb","itemListElement":[{"@type":"ListItem","position":1,"name":"Home","item":"https:\/\/mexicomlogistics.com\/fr\/"},{"@type":"ListItem","position":2,"name":"Remorques Plates-formes"}]},{"@type":"WebSite","@id":"https:\/\/mexicomlogistics.com\/fr\/#website","url":"https:\/\/mexicomlogistics.com\/fr\/","name":"Mexicom Logistics","description":"Ship with confidence","publisher":{"@id":"https:\/\/mexicomlogistics.com\/fr\/#organization"},"potentialAction":[{"@type":"SearchAction","target":{"@type":"EntryPoint","urlTemplate":"https:\/\/mexicomlogistics.com\/fr\/?s={search_term_string}"},"query-input":{"@type":"PropertyValueSpecification","valueRequired":true,"valueName":"search_term_string"}}],"inLanguage":"fr-FR"},{"@type":"Organization","@id":"https:\/\/mexicomlogistics.com\/fr\/#organization","name":"Mexicom Logistics","url":"https:\/\/mexicomlogistics.com\/fr\/","logo":{"@type":"ImageObject","inLanguage":"fr-FR","@id":"https:\/\/mexicomlogistics.com\/fr\/#\/schema\/logo\/image\/","url":"https:\/\/mexicomlogistics.com\/wp-content\/uploads\/2017\/03\/logo-white.jpg","contentUrl":"https:\/\/mexicomlogistics.com\/wp-content\/uploads\/2017\/03\/logo-white.jpg","width":617,"height":402,"caption":"Mexicom Logistics"},"image":{"@id":"https:\/\/mexicomlogistics.com\/fr\/#\/schema\/logo\/image\/"}}]}},"jetpack_sharing_enabled":true,"jetpack_shortlink":"https:\/\/wp.me\/P8vZ39-16B","_links":{"self":[{"href":"https:\/\/mexicomlogistics.com\/fr\/wp-json\/wp\/v2\/pages\/4253","targetHints":{"allow":["GET"]}}],"collection":[{"href":"https:\/\/mexicomlogistics.com\/fr\/wp-json\/wp\/v2\/pages"}],"about":[{"href":"https:\/\/mexicomlogistics.com\/fr\/wp-json\/wp\/v2\/types\/page"}],"author":[{"embeddable":true,"href":"https:\/\/mexicomlogistics.com\/fr\/wp-json\/wp\/v2\/users\/4"}],"replies":[{"embeddable":true,"href":"https:\/\/mexicomlogistics.com\/fr\/wp-json\/wp\/v2\/comments?post=4253"}],"version-history":[{"count":0,"href":"https:\/\/mexicomlogistics.com\/fr\/wp-json\/wp\/v2\/pages\/4253\/revisions"}],"wp:featuredmedia":[{"embeddable":true,"href":"https:\/\/mexicomlogistics.com\/fr\/wp-json\/wp\/v2\/media\/3988"}],"wp:attachment":[{"href":"https:\/\/mexicomlogistics.com\/fr\/wp-json\/wp\/v2\/media?parent=4253"}],"curies":[{"name":"wp","href":"https:\/\/api.w.org\/{rel}","templated":true}]}}