{"id":2442,"date":"2017-05-02T03:11:19","date_gmt":"2017-05-02T07:11:19","guid":{"rendered":"http:\/\/www.mexicomlogistics.com\/?page_id=2442\/"},"modified":"2019-03-23T17:45:39","modified_gmt":"2019-03-23T21:45:39","slug":"merci-de-vous-etre-abonne","status":"publish","type":"page","link":"https:\/\/mexicomlogistics.com\/fr\/merci-de-vous-etre-abonne\/","title":{"rendered":"Merci de vous \u00eatre abonn\u00e9"},"content":{"rendered":"<div class=\"wpb-content-wrapper\">[mk_page_section sidebar=\u00a0\u00bbsidebar-1&Prime;][vc_column][vc_row_inner][vc_column_inner width=\u00a0\u00bb1\/4&Prime;][vc_single_image image=\u00a0\u00bb1343&Prime; img_size=\u00a0\u00bbfull\u00a0\u00bb][\/vc_column_inner][vc_column_inner width=\u00a0\u00bb1\/2&Prime;][mk_fancy_title tag_name=\u00a0\u00bbh4&Prime; color=\u00a0\u00bb#000000&Prime; size=\u00a0\u00bb20&Prime; font_weight=\u00a0\u00bbbold\u00a0\u00bb margin_top=\u00a0\u00bb20&Prime; font_family=\u00a0\u00bbnone\u00a0\u00bb align=\u00a0\u00bbcenter\u00a0\u00bb el_class=\u00a0\u00bbthank-title-1&Prime;]\n<p style=\"text-align: center;\">Nous avons re\u00e7u votre demande d&rsquo;abonnement.<\/p>\n[\/mk_fancy_title][mk_fancy_title tag_name=\u00a0\u00bbh4&Prime; color=\u00a0\u00bb#000000&Prime; size=\u00a0\u00bb20&Prime; font_weight=\u00a0\u00bb500&Prime; margin_top=\u00a0\u00bb20&Prime; font_family=\u00a0\u00bbnone\u00a0\u00bb align=\u00a0\u00bbcenter\u00a0\u00bb el_class=\u00a0\u00bbthank-title-1&Prime;]\n<p style=\"text-align: center;\">Nous sommes confiants que vous allez appr\u00e9cierez la lecture de notre<br \/>\nJournal informatif<\/p>\n[\/mk_fancy_title][mk_fancy_title tag_name=\u00a0\u00bbh4&Prime; color=\u00a0\u00bb#000000&Prime; size=\u00a0\u00bb20&Prime; font_weight=\u00a0\u00bb500&Prime; margin_top=\u00a0\u00bb20&Prime; font_family=\u00a0\u00bbnone\u00a0\u00bb align=\u00a0\u00bbcenter\u00a0\u00bb el_class=\u00a0\u00bbthank-title-1&Prime;]\n<p style=\"text-align: center;\">Veuillez <a href=\"https:\/\/mexicomlogistics.com\/fr\/contactez-nous\/\">contacter<\/a> notre \u00e9quipe de service \u00e0 la client\u00e8le si vous avez des questions concernant un article de notre journal informatif.<\/p>\n[\/mk_fancy_title][\/vc_column_inner][vc_column_inner width=\u00a0\u00bb1\/4&Prime;][vc_single_image image=\u00a0\u00bb1343&Prime; img_size=\u00a0\u00bbfull\u00a0\u00bb][\/vc_column_inner][\/vc_row_inner][vc_row_inner][vc_column_inner width=\u00a0\u00bb1\/3&Prime;][\/vc_column_inner][vc_column_inner width=\u00a0\u00bb1\/3&Prime;][mk_button dimension=\u00a0\u00bbflat\u00a0\u00bb corner_style=\u00a0\u00bbfull_rounded\u00a0\u00bb size=\u00a0\u00bblarge\u00a0\u00bb letter_spacing=\u00a0\u00bb2&Prime; url=\u00a0\u00bbhttps:\/\/mexicomlogistics.com\/fr\/\u00a0\u00bb align=\u00a0\u00bbcenter\u00a0\u00bb el_class=\u00a0\u00bbthank-button-1&Prime; bg_color=\u00a0\u00bb#ff0000&Prime; btn_hover_txt_color=\u00a0\u00bb#ffffff\u00a0\u00bb]Retour \u00e0 la page d&rsquo;accueil [\/mk_button][\/vc_column_inner][vc_column_inner width=\u00a0\u00bb1\/3&Prime;][\/vc_column_inner][\/vc_row_inner][\/vc_column][\/mk_page_section]\n<\/div>","protected":false},"excerpt":{"rendered":"<p>[mk_page_section sidebar=\u00a0\u00bbsidebar-1&Prime;][vc_column][vc_row_inner][vc_column_inner width=\u00a0\u00bb1\/4&Prime;][vc_single_image image=\u00a0\u00bb1343&Prime; img_size=\u00a0\u00bbfull\u00a0\u00bb][\/vc_column_inner][vc_column_inner width=\u00a0\u00bb1\/2&Prime;][mk_fancy_title tag_name=\u00a0\u00bbh4&Prime; color=\u00a0\u00bb#000000&Prime; size=\u00a0\u00bb20&Prime; font_weight=\u00a0\u00bbbold\u00a0\u00bb margin_top=\u00a0\u00bb20&Prime; font_family=\u00a0\u00bbnone\u00a0\u00bb align=\u00a0\u00bbcenter\u00a0\u00bb el_class=\u00a0\u00bbthank-title-1&Prime;] Nous avons re\u00e7u votre demande d&rsquo;abonnement. [\/mk_fancy_title][mk_fancy_title tag_name=\u00a0\u00bbh4&Prime; color=\u00a0\u00bb#000000&Prime; size=\u00a0\u00bb20&Prime; font_weight=\u00a0\u00bb500&Prime; margin_top=\u00a0\u00bb20&Prime; font_family=\u00a0\u00bbnone\u00a0\u00bb align=\u00a0\u00bbcenter\u00a0\u00bb el_class=\u00a0\u00bbthank-title-1&Prime;] Nous sommes confiants que vous allez appr\u00e9cierez la lecture de notre Journal informatif [\/mk_fancy_title][mk_fancy_title tag_name=\u00a0\u00bbh4&Prime; color=\u00a0\u00bb#000000&Prime; size=\u00a0\u00bb20&Prime; font_weight=\u00a0\u00bb500&Prime; margin_top=\u00a0\u00bb20&Prime; font_family=\u00a0\u00bbnone\u00a0\u00bb align=\u00a0\u00bbcenter\u00a0\u00bb el_class=\u00a0\u00bbthank-title-1&Prime;] Veuillez contacter notre \u00e9quipe [&hellip;]<\/p>\n","protected":false},"author":1,"featured_media":0,"parent":0,"menu_order":0,"comment_status":"closed","ping_status":"closed","template":"","meta":{"content-type":"","jetpack_post_was_ever_published":false,"footnotes":""},"class_list":["post-2442","page","type-page","status-publish","hentry"],"yoast_head":"<!-- This site is optimized with the Yoast SEO plugin v27.3 - https:\/\/yoast.com\/product\/yoast-seo-wordpress\/ -->\n<title>Merci de vous \u00eatre abonn\u00e9 - Mexicom Logistics<\/title>\n<meta name=\"robots\" content=\"index, follow, max-snippet:-1, max-image-preview:large, max-video-preview:-1\" \/>\n<link rel=\"canonical\" href=\"https:\/\/mexicomlogistics.com\/fr\/merci-de-vous-etre-abonne\/\" \/>\n<meta property=\"og:locale\" content=\"fr_FR\" \/>\n<meta property=\"og:type\" content=\"article\" \/>\n<meta property=\"og:title\" content=\"Merci de vous \u00eatre abonn\u00e9 - Mexicom Logistics\" \/>\n<meta property=\"og:description\" content=\"[mk_page_section sidebar=\u00a0\u00bbsidebar-1&Prime;][vc_column][vc_row_inner][vc_column_inner width=\u00a0\u00bb1\/4&Prime;][vc_single_image image=\u00a0\u00bb1343&Prime; img_size=\u00a0\u00bbfull\u00a0\u00bb][\/vc_column_inner][vc_column_inner width=\u00a0\u00bb1\/2&Prime;][mk_fancy_title tag_name=\u00a0\u00bbh4&Prime; color=\u00a0\u00bb#000000&Prime; size=\u00a0\u00bb20&Prime; font_weight=\u00a0\u00bbbold\u00a0\u00bb margin_top=\u00a0\u00bb20&Prime; font_family=\u00a0\u00bbnone\u00a0\u00bb align=\u00a0\u00bbcenter\u00a0\u00bb el_class=\u00a0\u00bbthank-title-1&Prime;] Nous avons re\u00e7u votre demande d&rsquo;abonnement. [\/mk_fancy_title][mk_fancy_title tag_name=\u00a0\u00bbh4&Prime; color=\u00a0\u00bb#000000&Prime; size=\u00a0\u00bb20&Prime; font_weight=\u00a0\u00bb500&Prime; margin_top=\u00a0\u00bb20&Prime; font_family=\u00a0\u00bbnone\u00a0\u00bb align=\u00a0\u00bbcenter\u00a0\u00bb el_class=\u00a0\u00bbthank-title-1&Prime;] Nous sommes confiants que vous allez appr\u00e9cierez la lecture de notre Journal informatif [\/mk_fancy_title][mk_fancy_title tag_name=\u00a0\u00bbh4&Prime; color=\u00a0\u00bb#000000&Prime; size=\u00a0\u00bb20&Prime; font_weight=\u00a0\u00bb500&Prime; margin_top=\u00a0\u00bb20&Prime; font_family=\u00a0\u00bbnone\u00a0\u00bb align=\u00a0\u00bbcenter\u00a0\u00bb el_class=\u00a0\u00bbthank-title-1&Prime;] Veuillez contacter notre \u00e9quipe [&hellip;]\" \/>\n<meta property=\"og:url\" content=\"https:\/\/mexicomlogistics.com\/fr\/merci-de-vous-etre-abonne\/\" \/>\n<meta property=\"og:site_name\" content=\"Mexicom Logistics\" \/>\n<meta property=\"article:modified_time\" content=\"2019-03-23T21:45:39+00:00\" \/>\n<meta name=\"twitter:card\" content=\"summary_large_image\" \/>\n<meta name=\"twitter:label1\" content=\"Dur\u00e9e de lecture estim\u00e9e\" \/>\n\t<meta name=\"twitter:data1\" content=\"1 minute\" \/>\n<script type=\"application\/ld+json\" class=\"yoast-schema-graph\">{\"@context\":\"https:\\\/\\\/schema.org\",\"@graph\":[{\"@type\":\"WebPage\",\"@id\":\"https:\\\/\\\/mexicomlogistics.com\\\/fr\\\/merci-de-vous-etre-abonne\\\/\",\"url\":\"https:\\\/\\\/mexicomlogistics.com\\\/fr\\\/merci-de-vous-etre-abonne\\\/\",\"name\":\"Merci de vous \u00eatre abonn\u00e9 - Mexicom Logistics\",\"isPartOf\":{\"@id\":\"https:\\\/\\\/mexicomlogistics.com\\\/fr\\\/#website\"},\"datePublished\":\"2017-05-02T07:11:19+00:00\",\"dateModified\":\"2019-03-23T21:45:39+00:00\",\"breadcrumb\":{\"@id\":\"https:\\\/\\\/mexicomlogistics.com\\\/fr\\\/merci-de-vous-etre-abonne\\\/#breadcrumb\"},\"inLanguage\":\"fr-FR\",\"potentialAction\":[{\"@type\":\"ReadAction\",\"target\":[\"https:\\\/\\\/mexicomlogistics.com\\\/fr\\\/merci-de-vous-etre-abonne\\\/\"]}]},{\"@type\":\"BreadcrumbList\",\"@id\":\"https:\\\/\\\/mexicomlogistics.com\\\/fr\\\/merci-de-vous-etre-abonne\\\/#breadcrumb\",\"itemListElement\":[{\"@type\":\"ListItem\",\"position\":1,\"name\":\"Home\",\"item\":\"https:\\\/\\\/mexicomlogistics.com\\\/fr\\\/\"},{\"@type\":\"ListItem\",\"position\":2,\"name\":\"Merci de vous \u00eatre abonn\u00e9\"}]},{\"@type\":\"WebSite\",\"@id\":\"https:\\\/\\\/mexicomlogistics.com\\\/fr\\\/#website\",\"url\":\"https:\\\/\\\/mexicomlogistics.com\\\/fr\\\/\",\"name\":\"Mexicom Logistics\",\"description\":\"Ship with confidence\",\"publisher\":{\"@id\":\"https:\\\/\\\/mexicomlogistics.com\\\/fr\\\/#organization\"},\"potentialAction\":[{\"@type\":\"SearchAction\",\"target\":{\"@type\":\"EntryPoint\",\"urlTemplate\":\"https:\\\/\\\/mexicomlogistics.com\\\/fr\\\/?s={search_term_string}\"},\"query-input\":{\"@type\":\"PropertyValueSpecification\",\"valueRequired\":true,\"valueName\":\"search_term_string\"}}],\"inLanguage\":\"fr-FR\"},{\"@type\":\"Organization\",\"@id\":\"https:\\\/\\\/mexicomlogistics.com\\\/fr\\\/#organization\",\"name\":\"Mexicom Logistics\",\"url\":\"https:\\\/\\\/mexicomlogistics.com\\\/fr\\\/\",\"logo\":{\"@type\":\"ImageObject\",\"inLanguage\":\"fr-FR\",\"@id\":\"https:\\\/\\\/mexicomlogistics.com\\\/fr\\\/#\\\/schema\\\/logo\\\/image\\\/\",\"url\":\"https:\\\/\\\/mexicomlogistics.com\\\/wp-content\\\/uploads\\\/2017\\\/03\\\/logo-white.jpg\",\"contentUrl\":\"https:\\\/\\\/mexicomlogistics.com\\\/wp-content\\\/uploads\\\/2017\\\/03\\\/logo-white.jpg\",\"width\":617,\"height\":402,\"caption\":\"Mexicom Logistics\"},\"image\":{\"@id\":\"https:\\\/\\\/mexicomlogistics.com\\\/fr\\\/#\\\/schema\\\/logo\\\/image\\\/\"}}]}<\/script>\n<!-- \/ Yoast SEO plugin. -->","yoast_head_json":{"title":"Merci de vous \u00eatre abonn\u00e9 - Mexicom Logistics","robots":{"index":"index","follow":"follow","max-snippet":"max-snippet:-1","max-image-preview":"max-image-preview:large","max-video-preview":"max-video-preview:-1"},"canonical":"https:\/\/mexicomlogistics.com\/fr\/merci-de-vous-etre-abonne\/","og_locale":"fr_FR","og_type":"article","og_title":"Merci de vous \u00eatre abonn\u00e9 - Mexicom Logistics","og_description":"[mk_page_section sidebar=\u00a0\u00bbsidebar-1&Prime;][vc_column][vc_row_inner][vc_column_inner width=\u00a0\u00bb1\/4&Prime;][vc_single_image image=\u00a0\u00bb1343&Prime; img_size=\u00a0\u00bbfull\u00a0\u00bb][\/vc_column_inner][vc_column_inner width=\u00a0\u00bb1\/2&Prime;][mk_fancy_title tag_name=\u00a0\u00bbh4&Prime; color=\u00a0\u00bb#000000&Prime; size=\u00a0\u00bb20&Prime; font_weight=\u00a0\u00bbbold\u00a0\u00bb margin_top=\u00a0\u00bb20&Prime; font_family=\u00a0\u00bbnone\u00a0\u00bb align=\u00a0\u00bbcenter\u00a0\u00bb el_class=\u00a0\u00bbthank-title-1&Prime;] Nous avons re\u00e7u votre demande d&rsquo;abonnement. [\/mk_fancy_title][mk_fancy_title tag_name=\u00a0\u00bbh4&Prime; color=\u00a0\u00bb#000000&Prime; size=\u00a0\u00bb20&Prime; font_weight=\u00a0\u00bb500&Prime; margin_top=\u00a0\u00bb20&Prime; font_family=\u00a0\u00bbnone\u00a0\u00bb align=\u00a0\u00bbcenter\u00a0\u00bb el_class=\u00a0\u00bbthank-title-1&Prime;] Nous sommes confiants que vous allez appr\u00e9cierez la lecture de notre Journal informatif [\/mk_fancy_title][mk_fancy_title tag_name=\u00a0\u00bbh4&Prime; color=\u00a0\u00bb#000000&Prime; size=\u00a0\u00bb20&Prime; font_weight=\u00a0\u00bb500&Prime; margin_top=\u00a0\u00bb20&Prime; font_family=\u00a0\u00bbnone\u00a0\u00bb align=\u00a0\u00bbcenter\u00a0\u00bb el_class=\u00a0\u00bbthank-title-1&Prime;] Veuillez contacter notre \u00e9quipe [&hellip;]","og_url":"https:\/\/mexicomlogistics.com\/fr\/merci-de-vous-etre-abonne\/","og_site_name":"Mexicom Logistics","article_modified_time":"2019-03-23T21:45:39+00:00","twitter_card":"summary_large_image","twitter_misc":{"Dur\u00e9e de lecture estim\u00e9e":"1 minute"},"schema":{"@context":"https:\/\/schema.org","@graph":[{"@type":"WebPage","@id":"https:\/\/mexicomlogistics.com\/fr\/merci-de-vous-etre-abonne\/","url":"https:\/\/mexicomlogistics.com\/fr\/merci-de-vous-etre-abonne\/","name":"Merci de vous \u00eatre abonn\u00e9 - Mexicom Logistics","isPartOf":{"@id":"https:\/\/mexicomlogistics.com\/fr\/#website"},"datePublished":"2017-05-02T07:11:19+00:00","dateModified":"2019-03-23T21:45:39+00:00","breadcrumb":{"@id":"https:\/\/mexicomlogistics.com\/fr\/merci-de-vous-etre-abonne\/#breadcrumb"},"inLanguage":"fr-FR","potentialAction":[{"@type":"ReadAction","target":["https:\/\/mexicomlogistics.com\/fr\/merci-de-vous-etre-abonne\/"]}]},{"@type":"BreadcrumbList","@id":"https:\/\/mexicomlogistics.com\/fr\/merci-de-vous-etre-abonne\/#breadcrumb","itemListElement":[{"@type":"ListItem","position":1,"name":"Home","item":"https:\/\/mexicomlogistics.com\/fr\/"},{"@type":"ListItem","position":2,"name":"Merci de vous \u00eatre abonn\u00e9"}]},{"@type":"WebSite","@id":"https:\/\/mexicomlogistics.com\/fr\/#website","url":"https:\/\/mexicomlogistics.com\/fr\/","name":"Mexicom Logistics","description":"Ship with confidence","publisher":{"@id":"https:\/\/mexicomlogistics.com\/fr\/#organization"},"potentialAction":[{"@type":"SearchAction","target":{"@type":"EntryPoint","urlTemplate":"https:\/\/mexicomlogistics.com\/fr\/?s={search_term_string}"},"query-input":{"@type":"PropertyValueSpecification","valueRequired":true,"valueName":"search_term_string"}}],"inLanguage":"fr-FR"},{"@type":"Organization","@id":"https:\/\/mexicomlogistics.com\/fr\/#organization","name":"Mexicom Logistics","url":"https:\/\/mexicomlogistics.com\/fr\/","logo":{"@type":"ImageObject","inLanguage":"fr-FR","@id":"https:\/\/mexicomlogistics.com\/fr\/#\/schema\/logo\/image\/","url":"https:\/\/mexicomlogistics.com\/wp-content\/uploads\/2017\/03\/logo-white.jpg","contentUrl":"https:\/\/mexicomlogistics.com\/wp-content\/uploads\/2017\/03\/logo-white.jpg","width":617,"height":402,"caption":"Mexicom Logistics"},"image":{"@id":"https:\/\/mexicomlogistics.com\/fr\/#\/schema\/logo\/image\/"}}]}},"jetpack_sharing_enabled":true,"jetpack_shortlink":"https:\/\/wp.me\/P8vZ39-Do","_links":{"self":[{"href":"https:\/\/mexicomlogistics.com\/fr\/wp-json\/wp\/v2\/pages\/2442","targetHints":{"allow":["GET"]}}],"collection":[{"href":"https:\/\/mexicomlogistics.com\/fr\/wp-json\/wp\/v2\/pages"}],"about":[{"href":"https:\/\/mexicomlogistics.com\/fr\/wp-json\/wp\/v2\/types\/page"}],"author":[{"embeddable":true,"href":"https:\/\/mexicomlogistics.com\/fr\/wp-json\/wp\/v2\/users\/1"}],"replies":[{"embeddable":true,"href":"https:\/\/mexicomlogistics.com\/fr\/wp-json\/wp\/v2\/comments?post=2442"}],"version-history":[{"count":0,"href":"https:\/\/mexicomlogistics.com\/fr\/wp-json\/wp\/v2\/pages\/2442\/revisions"}],"wp:attachment":[{"href":"https:\/\/mexicomlogistics.com\/fr\/wp-json\/wp\/v2\/media?parent=2442"}],"curies":[{"name":"wp","href":"https:\/\/api.w.org\/{rel}","templated":true}]}}