{"id":2420,"date":"2017-05-02T02:17:46","date_gmt":"2017-05-02T06:17:46","guid":{"rendered":"http:\/\/www.mexicomlogistics.com\/?page_id=2420\/"},"modified":"2021-03-23T14:17:10","modified_gmt":"2021-03-23T18:17:10","slug":"la-securite-de-la-charge-et-le-service-dappui","status":"publish","type":"page","link":"https:\/\/mexicomlogistics.com\/fr\/la-securite-de-la-charge-et-le-service-dappui\/","title":{"rendered":"La s\u00e9curit\u00e9 de la charge et le service d\u2019appui"},"content":{"rendered":"<div class=\"wpb-content-wrapper\">[vc_row visibility=\u00a0\u00bbhidden-sm\u00a0\u00bb css=\u00a0\u00bb.vc_custom_1568403263025{background-image: url(https:\/\/mexicomlogistics.com\/wp-content\/uploads\/2019\/09\/la-scurit-de-la-charge-et-le-service-dappui.jpg?id=9931) !important;background-position: center !important;background-repeat: no-repeat !important;background-size: cover !important;}\u00a0\u00bb el_class=\u00a0\u00bbtrucking-row-1&Prime;][vc_column][mk_padding_divider size=\u00a0\u00bb100&Prime; visibility=\u00a0\u00bbvisible-sm\u00a0\u00bb][mk_padding_divider size=\u00a0\u00bb250&Prime; visibility=\u00a0\u00bbhidden-sm\u00a0\u00bb][mk_padding_divider size=\u00a0\u00bb250&Prime; visibility=\u00a0\u00bbhidden-sm\u00a0\u00bb][\/vc_column][\/vc_row][vc_row][vc_column][mk_padding_divider size=\u00a0\u00bb20&Prime;][\/vc_column][\/vc_row][vc_row visibility=\u00a0\u00bbhidden-sm\u00a0\u00bb][vc_column][mk_padding_divider size=\u00a0\u00bb7&Prime;][vc_column_text disable_pattern=\u00a0\u00bbfalse\u00a0\u00bb]<span style=\"font-weight: 400;\">Pour la s\u00e9curit\u00e9 de la charge suppl\u00e9mentaire, Mexicom Logistique offre des o<\/span><span style=\"font-weight: 400;\">ptions avanc\u00e9es de s\u00e9curit\u00e9 qui <\/span>incluent des verrous suppl\u00e9mentaires et un chargement sp\u00e9cial, des services de chargement \/ d\u00e9chargement surveill\u00e9s et des services d&rsquo;appui en cours de route.<br \/>\nNous sommes toujours heureux de r\u00e9pondre \u00e0 toutes les questions li\u00e9es \u00e0 la s\u00e9curit\u00e9.[\/vc_column_text][mk_fancy_title color=\u00a0\u00bb#ff0000&Prime; size=\u00a0\u00bb20&Prime; font_weight=\u00a0\u00bb500&Prime; margin_top=\u00a0\u00bb10&Prime; font_family=\u00a0\u00bbMontserrat\u00a0\u00bb font_type=\u00a0\u00bbgoogle\u00a0\u00bb]Partenaires :[\/mk_fancy_title][vc_column_text disable_pattern=\u00a0\u00bbfalse\u00a0\u00bb css=\u00a0\u00bb.vc_custom_1568403317315{margin-bottom: 0px !important;}\u00a0\u00bb]\n<ul>\n<li>Harbor Express<\/li>\n<\/ul>\n<p>Cr\u00e9\u00e9 en 2011, les services Harbor Express \u00e0 Houston, TX sont rapidement devenus la norme pour le service \u00e0 la client\u00e8le dans l&rsquo;industrie du transport maritime. Offrant un service 24 heures sur 24 et 7 jours sur 7, 1 heures de r\u00e9ponse vers le port de Houston, Harbor Express est toujours en attente pour r\u00e9pondre aux besoins de l&rsquo;\u00e9quipage du navire. Harbor Express s&rsquo;efforce de fournir le service le plus rentable, le plus rapide et le plus complet possible dans l&rsquo;industrie<\/p>\n<ul>\n<li>Corporativo MAIF<\/li>\n<\/ul>\n[\/vc_column_text][\/vc_column][\/vc_row][vc_row visibility=\u00a0\u00bbvisible-sm\u00a0\u00bb][vc_column][mk_padding_divider size=\u00a0\u00bb7&Prime;][vc_column_text disable_pattern=\u00a0\u00bbfalse\u00a0\u00bb css=\u00a0\u00bb.vc_custom_1568403359647{margin-bottom: 0px !important;}\u00a0\u00bb]\n<h2 style=\"text-align: center;\">La s\u00e9curit\u00e9 de la charge et le service d\u2019appui<\/h2>\n<p><span style=\"font-weight: 400;\">Pour la s\u00e9curit\u00e9 de la charge suppl\u00e9mentaire, Mexicom Logistique offre des o<\/span><span style=\"font-weight: 400;\">ptions avanc\u00e9es de s\u00e9curit\u00e9 qui <\/span>incluent des verrous suppl\u00e9mentaires et un chargement sp\u00e9cial, des services de chargement \/ d\u00e9chargement surveill\u00e9s et des services d&rsquo;appui en cours de route.<br \/>\nNous sommes toujours heureux de r\u00e9pondre \u00e0 toutes les questions li\u00e9es \u00e0 la s\u00e9curit\u00e9.[\/vc_column_text][vc_single_image image=\u00a0\u00bb9917&Prime; img_size=\u00a0\u00bbfull\u00a0\u00bb][mk_fancy_title color=\u00a0\u00bb#ff0000&Prime; size=\u00a0\u00bb20&Prime; font_weight=\u00a0\u00bb500&Prime; margin_top=\u00a0\u00bb10&Prime; font_family=\u00a0\u00bbMontserrat\u00a0\u00bb font_type=\u00a0\u00bbgoogle\u00a0\u00bb]Partenaires :[\/mk_fancy_title][vc_column_text disable_pattern=\u00a0\u00bbfalse\u00a0\u00bb css=\u00a0\u00bb.vc_custom_1568403317315{margin-bottom: 0px !important;}\u00a0\u00bb]\n<ul>\n<li>Harbor Express<\/li>\n<\/ul>\n<p>Cr\u00e9\u00e9 en 2011, les services Harbor Express \u00e0 Houston, TX sont rapidement devenus la norme pour le service \u00e0 la client\u00e8le dans l&rsquo;industrie du transport maritime. Offrant un service 24 heures sur 24 et 7 jours sur 7, 1 heures de r\u00e9ponse vers le port de Houston, Harbor Express est toujours en attente pour r\u00e9pondre aux besoins de l&rsquo;\u00e9quipage du navire. Harbor Express s&rsquo;efforce de fournir le service le plus rentable, le plus rapide et le plus complet possible dans l&rsquo;industrie<\/p>\n<ul>\n<li>Corporativo MAIF<\/li>\n<\/ul>\n[\/vc_column_text][\/vc_column][\/vc_row][vc_row el_class=\u00a0\u00bbtrucking-row-3&Prime;][vc_column width=\u00a0\u00bb1\/3&Prime;][\/vc_column][vc_column width=\u00a0\u00bb2\/3&Prime;][\/vc_column][\/vc_row]\n<\/div>","protected":false},"excerpt":{"rendered":"<p>[vc_row visibility=\u00a0\u00bbhidden-sm\u00a0\u00bb css=\u00a0\u00bb.vc_custom_1568403263025{background-image: url(https:\/\/mexicomlogistics.com\/wp-content\/uploads\/2019\/09\/la-scurit-de-la-charge-et-le-service-dappui.jpg?id=9931) !important;background-position: center !important;background-repeat: no-repeat !important;background-size: cover !important;}\u00a0\u00bb el_class=\u00a0\u00bbtrucking-row-1&Prime;][vc_column][mk_padding_divider size=\u00a0\u00bb100&Prime; visibility=\u00a0\u00bbvisible-sm\u00a0\u00bb][mk_padding_divider size=\u00a0\u00bb250&Prime; visibility=\u00a0\u00bbhidden-sm\u00a0\u00bb][mk_padding_divider size=\u00a0\u00bb250&Prime; visibility=\u00a0\u00bbhidden-sm\u00a0\u00bb][\/vc_column][\/vc_row][vc_row][vc_column][mk_padding_divider size=\u00a0\u00bb20&Prime;][\/vc_column][\/vc_row][vc_row visibility=\u00a0\u00bbhidden-sm\u00a0\u00bb][vc_column][mk_padding_divider size=\u00a0\u00bb7&Prime;][vc_column_text disable_pattern=\u00a0\u00bbfalse\u00a0\u00bb]Pour la s\u00e9curit\u00e9 de la charge suppl\u00e9mentaire, Mexicom Logistique offre des options avanc\u00e9es de s\u00e9curit\u00e9 qui incluent des verrous suppl\u00e9mentaires et un chargement sp\u00e9cial, des services de chargement \/ d\u00e9chargement surveill\u00e9s et des services [&hellip;]<\/p>\n","protected":false},"author":1,"featured_media":0,"parent":0,"menu_order":0,"comment_status":"closed","ping_status":"closed","template":"","meta":{"content-type":"","jetpack_post_was_ever_published":false,"footnotes":""},"class_list":["post-2420","page","type-page","status-publish","hentry"],"yoast_head":"<!-- This site is optimized with the Yoast SEO plugin v27.2 - https:\/\/yoast.com\/product\/yoast-seo-wordpress\/ -->\n<title>La s\u00e9curit\u00e9 de la charge et le service d\u2019appui - Mexicom Logistics<\/title>\n<meta name=\"robots\" content=\"index, follow, max-snippet:-1, max-image-preview:large, max-video-preview:-1\" \/>\n<link rel=\"canonical\" href=\"https:\/\/mexicomlogistics.com\/fr\/la-securite-de-la-charge-et-le-service-dappui\/\" \/>\n<meta property=\"og:locale\" content=\"fr_FR\" \/>\n<meta property=\"og:type\" content=\"article\" \/>\n<meta property=\"og:title\" content=\"La s\u00e9curit\u00e9 de la charge et le service d\u2019appui - Mexicom Logistics\" \/>\n<meta property=\"og:description\" content=\"[vc_row visibility=\u00a0\u00bbhidden-sm\u00a0\u00bb css=\u00a0\u00bb.vc_custom_1568403263025{background-image: url(https:\/\/mexicomlogistics.com\/wp-content\/uploads\/2019\/09\/la-scurit-de-la-charge-et-le-service-dappui.jpg?id=9931) !important;background-position: center !important;background-repeat: no-repeat !important;background-size: cover !important;}\u00a0\u00bb el_class=\u00a0\u00bbtrucking-row-1&Prime;][vc_column][mk_padding_divider size=\u00a0\u00bb100&Prime; visibility=\u00a0\u00bbvisible-sm\u00a0\u00bb][mk_padding_divider size=\u00a0\u00bb250&Prime; visibility=\u00a0\u00bbhidden-sm\u00a0\u00bb][mk_padding_divider size=\u00a0\u00bb250&Prime; visibility=\u00a0\u00bbhidden-sm\u00a0\u00bb][\/vc_column][\/vc_row][vc_row][vc_column][mk_padding_divider size=\u00a0\u00bb20&Prime;][\/vc_column][\/vc_row][vc_row visibility=\u00a0\u00bbhidden-sm\u00a0\u00bb][vc_column][mk_padding_divider size=\u00a0\u00bb7&Prime;][vc_column_text disable_pattern=\u00a0\u00bbfalse\u00a0\u00bb]Pour la s\u00e9curit\u00e9 de la charge suppl\u00e9mentaire, Mexicom Logistique offre des options avanc\u00e9es de s\u00e9curit\u00e9 qui incluent des verrous suppl\u00e9mentaires et un chargement sp\u00e9cial, des services de chargement \/ d\u00e9chargement surveill\u00e9s et des services [&hellip;]\" \/>\n<meta property=\"og:url\" content=\"https:\/\/mexicomlogistics.com\/fr\/la-securite-de-la-charge-et-le-service-dappui\/\" \/>\n<meta property=\"og:site_name\" content=\"Mexicom Logistics\" \/>\n<meta property=\"article:modified_time\" content=\"2021-03-23T18:17:10+00:00\" \/>\n<meta name=\"twitter:card\" content=\"summary_large_image\" \/>\n<meta name=\"twitter:label1\" content=\"Dur\u00e9e de lecture estim\u00e9e\" \/>\n\t<meta name=\"twitter:data1\" content=\"3 minutes\" \/>\n<script type=\"application\/ld+json\" class=\"yoast-schema-graph\">{\"@context\":\"https:\/\/schema.org\",\"@graph\":[{\"@type\":\"WebPage\",\"@id\":\"https:\/\/mexicomlogistics.com\/fr\/la-securite-de-la-charge-et-le-service-dappui\/\",\"url\":\"https:\/\/mexicomlogistics.com\/fr\/la-securite-de-la-charge-et-le-service-dappui\/\",\"name\":\"La s\u00e9curit\u00e9 de la charge et le service d\u2019appui - Mexicom Logistics\",\"isPartOf\":{\"@id\":\"https:\/\/mexicomlogistics.com\/fr\/#website\"},\"datePublished\":\"2017-05-02T06:17:46+00:00\",\"dateModified\":\"2021-03-23T18:17:10+00:00\",\"breadcrumb\":{\"@id\":\"https:\/\/mexicomlogistics.com\/fr\/la-securite-de-la-charge-et-le-service-dappui\/#breadcrumb\"},\"inLanguage\":\"fr-FR\",\"potentialAction\":[{\"@type\":\"ReadAction\",\"target\":[\"https:\/\/mexicomlogistics.com\/fr\/la-securite-de-la-charge-et-le-service-dappui\/\"]}]},{\"@type\":\"BreadcrumbList\",\"@id\":\"https:\/\/mexicomlogistics.com\/fr\/la-securite-de-la-charge-et-le-service-dappui\/#breadcrumb\",\"itemListElement\":[{\"@type\":\"ListItem\",\"position\":1,\"name\":\"Home\",\"item\":\"https:\/\/mexicomlogistics.com\/fr\/\"},{\"@type\":\"ListItem\",\"position\":2,\"name\":\"La s\u00e9curit\u00e9 de la charge et le service d\u2019appui\"}]},{\"@type\":\"WebSite\",\"@id\":\"https:\/\/mexicomlogistics.com\/fr\/#website\",\"url\":\"https:\/\/mexicomlogistics.com\/fr\/\",\"name\":\"Mexicom Logistics\",\"description\":\"Ship with confidence\",\"publisher\":{\"@id\":\"https:\/\/mexicomlogistics.com\/fr\/#organization\"},\"potentialAction\":[{\"@type\":\"SearchAction\",\"target\":{\"@type\":\"EntryPoint\",\"urlTemplate\":\"https:\/\/mexicomlogistics.com\/fr\/?s={search_term_string}\"},\"query-input\":{\"@type\":\"PropertyValueSpecification\",\"valueRequired\":true,\"valueName\":\"search_term_string\"}}],\"inLanguage\":\"fr-FR\"},{\"@type\":\"Organization\",\"@id\":\"https:\/\/mexicomlogistics.com\/fr\/#organization\",\"name\":\"Mexicom Logistics\",\"url\":\"https:\/\/mexicomlogistics.com\/fr\/\",\"logo\":{\"@type\":\"ImageObject\",\"inLanguage\":\"fr-FR\",\"@id\":\"https:\/\/mexicomlogistics.com\/fr\/#\/schema\/logo\/image\/\",\"url\":\"https:\/\/mexicomlogistics.com\/wp-content\/uploads\/2017\/03\/logo-white.jpg\",\"contentUrl\":\"https:\/\/mexicomlogistics.com\/wp-content\/uploads\/2017\/03\/logo-white.jpg\",\"width\":617,\"height\":402,\"caption\":\"Mexicom Logistics\"},\"image\":{\"@id\":\"https:\/\/mexicomlogistics.com\/fr\/#\/schema\/logo\/image\/\"}}]}<\/script>\n<!-- \/ Yoast SEO plugin. -->","yoast_head_json":{"title":"La s\u00e9curit\u00e9 de la charge et le service d\u2019appui - Mexicom Logistics","robots":{"index":"index","follow":"follow","max-snippet":"max-snippet:-1","max-image-preview":"max-image-preview:large","max-video-preview":"max-video-preview:-1"},"canonical":"https:\/\/mexicomlogistics.com\/fr\/la-securite-de-la-charge-et-le-service-dappui\/","og_locale":"fr_FR","og_type":"article","og_title":"La s\u00e9curit\u00e9 de la charge et le service d\u2019appui - Mexicom Logistics","og_description":"[vc_row visibility=\u00a0\u00bbhidden-sm\u00a0\u00bb css=\u00a0\u00bb.vc_custom_1568403263025{background-image: url(https:\/\/mexicomlogistics.com\/wp-content\/uploads\/2019\/09\/la-scurit-de-la-charge-et-le-service-dappui.jpg?id=9931) !important;background-position: center !important;background-repeat: no-repeat !important;background-size: cover !important;}\u00a0\u00bb el_class=\u00a0\u00bbtrucking-row-1&Prime;][vc_column][mk_padding_divider size=\u00a0\u00bb100&Prime; visibility=\u00a0\u00bbvisible-sm\u00a0\u00bb][mk_padding_divider size=\u00a0\u00bb250&Prime; visibility=\u00a0\u00bbhidden-sm\u00a0\u00bb][mk_padding_divider size=\u00a0\u00bb250&Prime; visibility=\u00a0\u00bbhidden-sm\u00a0\u00bb][\/vc_column][\/vc_row][vc_row][vc_column][mk_padding_divider size=\u00a0\u00bb20&Prime;][\/vc_column][\/vc_row][vc_row visibility=\u00a0\u00bbhidden-sm\u00a0\u00bb][vc_column][mk_padding_divider size=\u00a0\u00bb7&Prime;][vc_column_text disable_pattern=\u00a0\u00bbfalse\u00a0\u00bb]Pour la s\u00e9curit\u00e9 de la charge suppl\u00e9mentaire, Mexicom Logistique offre des options avanc\u00e9es de s\u00e9curit\u00e9 qui incluent des verrous suppl\u00e9mentaires et un chargement sp\u00e9cial, des services de chargement \/ d\u00e9chargement surveill\u00e9s et des services [&hellip;]","og_url":"https:\/\/mexicomlogistics.com\/fr\/la-securite-de-la-charge-et-le-service-dappui\/","og_site_name":"Mexicom Logistics","article_modified_time":"2021-03-23T18:17:10+00:00","twitter_card":"summary_large_image","twitter_misc":{"Dur\u00e9e de lecture estim\u00e9e":"3 minutes"},"schema":{"@context":"https:\/\/schema.org","@graph":[{"@type":"WebPage","@id":"https:\/\/mexicomlogistics.com\/fr\/la-securite-de-la-charge-et-le-service-dappui\/","url":"https:\/\/mexicomlogistics.com\/fr\/la-securite-de-la-charge-et-le-service-dappui\/","name":"La s\u00e9curit\u00e9 de la charge et le service d\u2019appui - Mexicom Logistics","isPartOf":{"@id":"https:\/\/mexicomlogistics.com\/fr\/#website"},"datePublished":"2017-05-02T06:17:46+00:00","dateModified":"2021-03-23T18:17:10+00:00","breadcrumb":{"@id":"https:\/\/mexicomlogistics.com\/fr\/la-securite-de-la-charge-et-le-service-dappui\/#breadcrumb"},"inLanguage":"fr-FR","potentialAction":[{"@type":"ReadAction","target":["https:\/\/mexicomlogistics.com\/fr\/la-securite-de-la-charge-et-le-service-dappui\/"]}]},{"@type":"BreadcrumbList","@id":"https:\/\/mexicomlogistics.com\/fr\/la-securite-de-la-charge-et-le-service-dappui\/#breadcrumb","itemListElement":[{"@type":"ListItem","position":1,"name":"Home","item":"https:\/\/mexicomlogistics.com\/fr\/"},{"@type":"ListItem","position":2,"name":"La s\u00e9curit\u00e9 de la charge et le service d\u2019appui"}]},{"@type":"WebSite","@id":"https:\/\/mexicomlogistics.com\/fr\/#website","url":"https:\/\/mexicomlogistics.com\/fr\/","name":"Mexicom Logistics","description":"Ship with confidence","publisher":{"@id":"https:\/\/mexicomlogistics.com\/fr\/#organization"},"potentialAction":[{"@type":"SearchAction","target":{"@type":"EntryPoint","urlTemplate":"https:\/\/mexicomlogistics.com\/fr\/?s={search_term_string}"},"query-input":{"@type":"PropertyValueSpecification","valueRequired":true,"valueName":"search_term_string"}}],"inLanguage":"fr-FR"},{"@type":"Organization","@id":"https:\/\/mexicomlogistics.com\/fr\/#organization","name":"Mexicom Logistics","url":"https:\/\/mexicomlogistics.com\/fr\/","logo":{"@type":"ImageObject","inLanguage":"fr-FR","@id":"https:\/\/mexicomlogistics.com\/fr\/#\/schema\/logo\/image\/","url":"https:\/\/mexicomlogistics.com\/wp-content\/uploads\/2017\/03\/logo-white.jpg","contentUrl":"https:\/\/mexicomlogistics.com\/wp-content\/uploads\/2017\/03\/logo-white.jpg","width":617,"height":402,"caption":"Mexicom Logistics"},"image":{"@id":"https:\/\/mexicomlogistics.com\/fr\/#\/schema\/logo\/image\/"}}]}},"jetpack_sharing_enabled":true,"jetpack_shortlink":"https:\/\/wp.me\/P8vZ39-D2","_links":{"self":[{"href":"https:\/\/mexicomlogistics.com\/fr\/wp-json\/wp\/v2\/pages\/2420","targetHints":{"allow":["GET"]}}],"collection":[{"href":"https:\/\/mexicomlogistics.com\/fr\/wp-json\/wp\/v2\/pages"}],"about":[{"href":"https:\/\/mexicomlogistics.com\/fr\/wp-json\/wp\/v2\/types\/page"}],"author":[{"embeddable":true,"href":"https:\/\/mexicomlogistics.com\/fr\/wp-json\/wp\/v2\/users\/1"}],"replies":[{"embeddable":true,"href":"https:\/\/mexicomlogistics.com\/fr\/wp-json\/wp\/v2\/comments?post=2420"}],"version-history":[{"count":0,"href":"https:\/\/mexicomlogistics.com\/fr\/wp-json\/wp\/v2\/pages\/2420\/revisions"}],"wp:attachment":[{"href":"https:\/\/mexicomlogistics.com\/fr\/wp-json\/wp\/v2\/media?parent=2420"}],"curies":[{"name":"wp","href":"https:\/\/api.w.org\/{rel}","templated":true}]}}