{"id":2203,"date":"2017-03-23T04:04:26","date_gmt":"2017-03-23T08:04:26","guid":{"rendered":"http:\/\/mexi.cashin.ca\/?page_id=2203\/"},"modified":"2019-03-04T09:04:43","modified_gmt":"2019-03-04T14:04:43","slug":"mexico-2","status":"publish","type":"page","link":"https:\/\/mexicomlogistics.com\/fr\/mexico-2\/","title":{"rendered":"Mexique"},"content":{"rendered":"<div class=\"wpb-content-wrapper\">[vc_row fullwidth=\u00a0\u00bbtrue\u00a0\u00bb fullwidth_content=\u00a0\u00bbfalse\u00a0\u00bb css=\u00a0\u00bb.vc_custom_1489209189014{background-image: url(http:\/\/mexicomlogistics.com\/wp-content\/uploads\/2017\/03\/slider-3-1.jpg?id=1126) !important;background-position: center !important;background-repeat: no-repeat !important;background-size: cover !important;}\u00a0\u00bb el_class=\u00a0\u00bbtrucking-row-1&Prime;][vc_column][mk_padding_divider size=\u00a0\u00bb100&Prime; visibility=\u00a0\u00bbvisible-sm\u00a0\u00bb][mk_padding_divider size=\u00a0\u00bb250&Prime; visibility=\u00a0\u00bbhidden-sm\u00a0\u00bb][mk_fancy_title strip_tags=\u00a0\u00bbtrue\u00a0\u00bb tag_name=\u00a0\u00bbh1&Prime; color=\u00a0\u00bb#ffffff\u00a0\u00bb size=\u00a0\u00bb40&Prime; font_weight=\u00a0\u00bb500&Prime; txt_transform=\u00a0\u00bbuppercase\u00a0\u00bb letter_spacing=\u00a0\u00bb1&Prime; margin_top=\u00a0\u00bb20&Prime; font_family=\u00a0\u00bbMontserrat\u00a0\u00bb font_type=\u00a0\u00bbgoogle\u00a0\u00bb align=\u00a0\u00bbcenter\u00a0\u00bb el_class=\u00a0\u00bbmexico-fancy-1&Prime;]D\u00e9partement des transports du Mexique[\/mk_fancy_title][\/vc_column][\/vc_row][vc_row][vc_column][mk_padding_divider size=\u00a0\u00bb20&Prime;][\/vc_column][\/vc_row][vc_row][vc_column width=\u00a0\u00bb1\/6&Prime;][mk_padding_divider size=\u00a0\u00bb7&Prime;][mk_fancy_title tag_name=\u00a0\u00bbh3&Prime; color=\u00a0\u00bb#ff0000&Prime; font_weight=\u00a0\u00bbbold\u00a0\u00bb txt_transform=\u00a0\u00bbuppercase\u00a0\u00bb margin_bottom=\u00a0\u00bb0&Prime; font_family=\u00a0\u00bbMontserrat\u00a0\u00bb font_type=\u00a0\u00bbgoogle\u00a0\u00bb el_class=\u00a0\u00bbltlftl-fancy-1&Prime;]<a href=\"https:\/\/mexicomlogistics.com\/fr\/services\/intermodal\/\">Intermodal<\/a>[\/mk_fancy_title][mk_custom_list title=\u00a0\u00bbServices logistiques\u00a0\u00bb style=\u00a0\u00bbe1a5&Prime; icon_color=\u00a0\u00bb#777777&Prime; el_class=\u00a0\u00bbtrucking1-list-1&Prime;]\n<ul>\n<li><a href=\"https:\/\/mexicomlogistics.com\/fr\/services\/entreposage-distribution\/\">Entreposage et distribution<\/a><\/li>\n<li><a href=\"www.mexicomlogistics.com\/fr\/options\/custom-brokerage\/\">Courtage sur mesure<\/a><\/li>\n<li><a href=\"www.mexicomlogistics.com\/fr\/options\/insurance\/\">Assurance<\/a><\/li>\n<li><a href=\"www.mexicomlogistics.com\/fr\/load-security-escorting\/\">Charger la s\u00e9curit\u00e9 et le service d\u2019appui<\/a><\/li>\n<\/ul>\n[\/mk_custom_list][\/vc_column][vc_column width=\u00a0\u00bb5\/6&Prime;][vc_column_text align=\u00a0\u00bbcenter\u00a0\u00bb css=\u00a0\u00bb.vc_custom_1551708256570{margin-bottom: 0px !important;}\u00a0\u00bb]<video controls=\"controls\" width=\"530\" height=\"300\"><source src=\"http:\/\/mexicomlogistics.com\/wp-content\/uploads\/2017\/03\/mexicomfinalversion.mp4\" type=\"video\/mp4\" \/><\/video>[\/vc_column_text][vc_column_text]Mexicom Logistique dispose d&rsquo;un d\u00e9partement sp\u00e9cial qui g\u00e8re l&rsquo;exp\u00e9dition DE \/ VERS le Mexique soutenu avec une longue exp\u00e9rience pour relever le d\u00e9fi.<\/p>\n<p>Notre promesse : <span style=\"color: #0000ff;\"><em><strong>\u00ab\u00a0Donner \u00e0 nos clients une exp\u00e9rience de transport sans tracas de \/ vers le Mexique\u00a0\u00bb<\/strong><\/em><\/span>[\/vc_column_text][mk_custom_list title=\u00a0\u00bbNos forces :\u00a0\u00bb style=\u00a0\u00bbe1a5&Prime; icon_color=\u00a0\u00bb#333333&Prime; el_class=\u00a0\u00bbtrucking-list-1&Prime;]\n<ul>\n<li>Transit transfrontalier rapide pour le chargement direct et le mettre \u00e0 bord.<\/li>\n<li>Transport frontalier d&rsquo;une remorque canadienne ou am\u00e9ricaine \u00e0 une remorque mexicaine ou vice versa pour \u00e9conomiser des co\u00fbts<\/li>\n<li>Une \u00e9quipe trilingue (fran\u00e7ais anglais, espagnol) capable d&rsquo;acc\u00e9l\u00e9rer la transportation avec toutes les parties impliqu\u00e9es.<\/li>\n<li>Des heures de travail prolong\u00e9es, incluant les samedis dans le but de mieux r\u00e9pondre aux exigences de nos clients.<\/li>\n<li>Contact direct et personnalis\u00e9 avec nos clients, nous ne croyons pas aux r\u00e9pondeurs et aux bo\u00eetes de messageries vocales &#8230;<\/li>\n<li>Une Mise \u00e0 jour de deux fois par journ\u00e9e afin que les clients soient pleinement conscients de l&rsquo;\u00e9tat et le suivi de leur envoi.<\/li>\n<li>Suivi et gestion entre les diff\u00e9rentes \u00e9quipes impliqu\u00e9es (Chargeurs \u2013 Consultants en douane &#8211; Agents de transfert)<\/li>\n<li>Nous traversons un trajet suppl\u00e9mentaire lorsque les choses tournent mal, et cela dans le but de s\u2019assurer que le client est satisfait et que la marchandise soit correcte.<\/li>\n<li>Nous proposons une grande vari\u00e9t\u00e9 d&rsquo;\u00e9quipements qui incluent, mais sans s&rsquo;y limiter, les remorques ferm\u00e9es, les remorques\u00a0frigorifiques, les plates-formes et remorques \u00e0 plate-forme surbaiss\u00e9e.<\/li>\n<li>Une r\u00e9ponse rapide pour la g\u00e9n\u00e9ration de soumission.<\/li>\n<\/ul>\n[\/mk_custom_list][\/vc_column][\/vc_row][vc_row el_class=\u00a0\u00bbtrucking-row-3&Prime;][vc_column width=\u00a0\u00bb1\/3&Prime;][\/vc_column][vc_column width=\u00a0\u00bb2\/3&Prime;][\/vc_column][\/vc_row]\n<\/div>","protected":false},"excerpt":{"rendered":"<p>[vc_row fullwidth=\u00a0\u00bbtrue\u00a0\u00bb fullwidth_content=\u00a0\u00bbfalse\u00a0\u00bb css=\u00a0\u00bb.vc_custom_1489209189014{background-image: url(http:\/\/mexicomlogistics.com\/wp-content\/uploads\/2017\/03\/slider-3-1.jpg?id=1126) !important;background-position: center !important;background-repeat: no-repeat !important;background-size: cover !important;}\u00a0\u00bb el_class=\u00a0\u00bbtrucking-row-1&Prime;][vc_column][mk_padding_divider size=\u00a0\u00bb100&Prime; visibility=\u00a0\u00bbvisible-sm\u00a0\u00bb][mk_padding_divider size=\u00a0\u00bb250&Prime; visibility=\u00a0\u00bbhidden-sm\u00a0\u00bb][mk_fancy_title strip_tags=\u00a0\u00bbtrue\u00a0\u00bb tag_name=\u00a0\u00bbh1&Prime; color=\u00a0\u00bb#ffffff\u00a0\u00bb size=\u00a0\u00bb40&Prime; font_weight=\u00a0\u00bb500&Prime; txt_transform=\u00a0\u00bbuppercase\u00a0\u00bb letter_spacing=\u00a0\u00bb1&Prime; margin_top=\u00a0\u00bb20&Prime; font_family=\u00a0\u00bbMontserrat\u00a0\u00bb font_type=\u00a0\u00bbgoogle\u00a0\u00bb align=\u00a0\u00bbcenter\u00a0\u00bb el_class=\u00a0\u00bbmexico-fancy-1&Prime;]D\u00e9partement des transports du Mexique[\/mk_fancy_title][\/vc_column][\/vc_row][vc_row][vc_column][mk_padding_divider size=\u00a0\u00bb20&Prime;][\/vc_column][\/vc_row][vc_row][vc_column width=\u00a0\u00bb1\/6&Prime;][mk_padding_divider size=\u00a0\u00bb7&Prime;][mk_fancy_title tag_name=\u00a0\u00bbh3&Prime; color=\u00a0\u00bb#ff0000&Prime; font_weight=\u00a0\u00bbbold\u00a0\u00bb txt_transform=\u00a0\u00bbuppercase\u00a0\u00bb margin_bottom=\u00a0\u00bb0&Prime; font_family=\u00a0\u00bbMontserrat\u00a0\u00bb font_type=\u00a0\u00bbgoogle\u00a0\u00bb el_class=\u00a0\u00bbltlftl-fancy-1&Prime;]Intermodal[\/mk_fancy_title][mk_custom_list title=\u00a0\u00bbServices logistiques\u00a0\u00bb style=\u00a0\u00bbe1a5&Prime; icon_color=\u00a0\u00bb#777777&Prime; el_class=\u00a0\u00bbtrucking1-list-1&Prime;] Entreposage et distribution Courtage sur mesure [&hellip;]<\/p>\n","protected":false},"author":1,"featured_media":0,"parent":0,"menu_order":0,"comment_status":"closed","ping_status":"closed","template":"","meta":{"content-type":"","jetpack_post_was_ever_published":false,"footnotes":""},"class_list":["post-2203","page","type-page","status-publish","hentry"],"yoast_head":"<!-- This site is optimized with the Yoast SEO plugin v27.3 - https:\/\/yoast.com\/product\/yoast-seo-wordpress\/ -->\n<title>Mexique - Mexicom Logistics<\/title>\n<meta name=\"robots\" content=\"index, follow, max-snippet:-1, max-image-preview:large, max-video-preview:-1\" \/>\n<link rel=\"canonical\" href=\"https:\/\/mexicomlogistics.com\/fr\/mexico-2\/\" \/>\n<meta property=\"og:locale\" content=\"fr_FR\" \/>\n<meta property=\"og:type\" content=\"article\" \/>\n<meta property=\"og:title\" content=\"Mexique - Mexicom Logistics\" \/>\n<meta property=\"og:description\" content=\"[vc_row fullwidth=\u00a0\u00bbtrue\u00a0\u00bb fullwidth_content=\u00a0\u00bbfalse\u00a0\u00bb css=\u00a0\u00bb.vc_custom_1489209189014{background-image: url(http:\/\/mexicomlogistics.com\/wp-content\/uploads\/2017\/03\/slider-3-1.jpg?id=1126) !important;background-position: center !important;background-repeat: no-repeat !important;background-size: cover !important;}\u00a0\u00bb el_class=\u00a0\u00bbtrucking-row-1&Prime;][vc_column][mk_padding_divider size=\u00a0\u00bb100&Prime; visibility=\u00a0\u00bbvisible-sm\u00a0\u00bb][mk_padding_divider size=\u00a0\u00bb250&Prime; visibility=\u00a0\u00bbhidden-sm\u00a0\u00bb][mk_fancy_title strip_tags=\u00a0\u00bbtrue\u00a0\u00bb tag_name=\u00a0\u00bbh1&Prime; color=\u00a0\u00bb#ffffff\u00a0\u00bb size=\u00a0\u00bb40&Prime; font_weight=\u00a0\u00bb500&Prime; txt_transform=\u00a0\u00bbuppercase\u00a0\u00bb letter_spacing=\u00a0\u00bb1&Prime; margin_top=\u00a0\u00bb20&Prime; font_family=\u00a0\u00bbMontserrat\u00a0\u00bb font_type=\u00a0\u00bbgoogle\u00a0\u00bb align=\u00a0\u00bbcenter\u00a0\u00bb el_class=\u00a0\u00bbmexico-fancy-1&Prime;]D\u00e9partement des transports du Mexique[\/mk_fancy_title][\/vc_column][\/vc_row][vc_row][vc_column][mk_padding_divider size=\u00a0\u00bb20&Prime;][\/vc_column][\/vc_row][vc_row][vc_column width=\u00a0\u00bb1\/6&Prime;][mk_padding_divider size=\u00a0\u00bb7&Prime;][mk_fancy_title tag_name=\u00a0\u00bbh3&Prime; color=\u00a0\u00bb#ff0000&Prime; font_weight=\u00a0\u00bbbold\u00a0\u00bb txt_transform=\u00a0\u00bbuppercase\u00a0\u00bb margin_bottom=\u00a0\u00bb0&Prime; font_family=\u00a0\u00bbMontserrat\u00a0\u00bb font_type=\u00a0\u00bbgoogle\u00a0\u00bb el_class=\u00a0\u00bbltlftl-fancy-1&Prime;]Intermodal[\/mk_fancy_title][mk_custom_list title=\u00a0\u00bbServices logistiques\u00a0\u00bb style=\u00a0\u00bbe1a5&Prime; icon_color=\u00a0\u00bb#777777&Prime; el_class=\u00a0\u00bbtrucking1-list-1&Prime;] Entreposage et distribution Courtage sur mesure [&hellip;]\" \/>\n<meta property=\"og:url\" content=\"https:\/\/mexicomlogistics.com\/fr\/mexico-2\/\" \/>\n<meta property=\"og:site_name\" content=\"Mexicom Logistics\" \/>\n<meta property=\"article:modified_time\" content=\"2019-03-04T14:04:43+00:00\" \/>\n<meta name=\"twitter:card\" content=\"summary_large_image\" \/>\n<meta name=\"twitter:label1\" content=\"Dur\u00e9e de lecture estim\u00e9e\" \/>\n\t<meta name=\"twitter:data1\" content=\"2 minutes\" \/>\n<script type=\"application\/ld+json\" class=\"yoast-schema-graph\">{\"@context\":\"https:\\\/\\\/schema.org\",\"@graph\":[{\"@type\":\"WebPage\",\"@id\":\"https:\\\/\\\/mexicomlogistics.com\\\/fr\\\/mexico-2\\\/\",\"url\":\"https:\\\/\\\/mexicomlogistics.com\\\/fr\\\/mexico-2\\\/\",\"name\":\"Mexique - Mexicom Logistics\",\"isPartOf\":{\"@id\":\"https:\\\/\\\/mexicomlogistics.com\\\/fr\\\/#website\"},\"datePublished\":\"2017-03-23T08:04:26+00:00\",\"dateModified\":\"2019-03-04T14:04:43+00:00\",\"breadcrumb\":{\"@id\":\"https:\\\/\\\/mexicomlogistics.com\\\/fr\\\/mexico-2\\\/#breadcrumb\"},\"inLanguage\":\"fr-FR\",\"potentialAction\":[{\"@type\":\"ReadAction\",\"target\":[\"https:\\\/\\\/mexicomlogistics.com\\\/fr\\\/mexico-2\\\/\"]}]},{\"@type\":\"BreadcrumbList\",\"@id\":\"https:\\\/\\\/mexicomlogistics.com\\\/fr\\\/mexico-2\\\/#breadcrumb\",\"itemListElement\":[{\"@type\":\"ListItem\",\"position\":1,\"name\":\"Home\",\"item\":\"https:\\\/\\\/mexicomlogistics.com\\\/fr\\\/\"},{\"@type\":\"ListItem\",\"position\":2,\"name\":\"Mexique\"}]},{\"@type\":\"WebSite\",\"@id\":\"https:\\\/\\\/mexicomlogistics.com\\\/fr\\\/#website\",\"url\":\"https:\\\/\\\/mexicomlogistics.com\\\/fr\\\/\",\"name\":\"Mexicom Logistics\",\"description\":\"Ship with confidence\",\"publisher\":{\"@id\":\"https:\\\/\\\/mexicomlogistics.com\\\/fr\\\/#organization\"},\"potentialAction\":[{\"@type\":\"SearchAction\",\"target\":{\"@type\":\"EntryPoint\",\"urlTemplate\":\"https:\\\/\\\/mexicomlogistics.com\\\/fr\\\/?s={search_term_string}\"},\"query-input\":{\"@type\":\"PropertyValueSpecification\",\"valueRequired\":true,\"valueName\":\"search_term_string\"}}],\"inLanguage\":\"fr-FR\"},{\"@type\":\"Organization\",\"@id\":\"https:\\\/\\\/mexicomlogistics.com\\\/fr\\\/#organization\",\"name\":\"Mexicom Logistics\",\"url\":\"https:\\\/\\\/mexicomlogistics.com\\\/fr\\\/\",\"logo\":{\"@type\":\"ImageObject\",\"inLanguage\":\"fr-FR\",\"@id\":\"https:\\\/\\\/mexicomlogistics.com\\\/fr\\\/#\\\/schema\\\/logo\\\/image\\\/\",\"url\":\"https:\\\/\\\/mexicomlogistics.com\\\/wp-content\\\/uploads\\\/2017\\\/03\\\/logo-white.jpg\",\"contentUrl\":\"https:\\\/\\\/mexicomlogistics.com\\\/wp-content\\\/uploads\\\/2017\\\/03\\\/logo-white.jpg\",\"width\":617,\"height\":402,\"caption\":\"Mexicom Logistics\"},\"image\":{\"@id\":\"https:\\\/\\\/mexicomlogistics.com\\\/fr\\\/#\\\/schema\\\/logo\\\/image\\\/\"}}]}<\/script>\n<!-- \/ Yoast SEO plugin. -->","yoast_head_json":{"title":"Mexique - Mexicom Logistics","robots":{"index":"index","follow":"follow","max-snippet":"max-snippet:-1","max-image-preview":"max-image-preview:large","max-video-preview":"max-video-preview:-1"},"canonical":"https:\/\/mexicomlogistics.com\/fr\/mexico-2\/","og_locale":"fr_FR","og_type":"article","og_title":"Mexique - Mexicom Logistics","og_description":"[vc_row fullwidth=\u00a0\u00bbtrue\u00a0\u00bb fullwidth_content=\u00a0\u00bbfalse\u00a0\u00bb css=\u00a0\u00bb.vc_custom_1489209189014{background-image: url(http:\/\/mexicomlogistics.com\/wp-content\/uploads\/2017\/03\/slider-3-1.jpg?id=1126) !important;background-position: center !important;background-repeat: no-repeat !important;background-size: cover !important;}\u00a0\u00bb el_class=\u00a0\u00bbtrucking-row-1&Prime;][vc_column][mk_padding_divider size=\u00a0\u00bb100&Prime; visibility=\u00a0\u00bbvisible-sm\u00a0\u00bb][mk_padding_divider size=\u00a0\u00bb250&Prime; visibility=\u00a0\u00bbhidden-sm\u00a0\u00bb][mk_fancy_title strip_tags=\u00a0\u00bbtrue\u00a0\u00bb tag_name=\u00a0\u00bbh1&Prime; color=\u00a0\u00bb#ffffff\u00a0\u00bb size=\u00a0\u00bb40&Prime; font_weight=\u00a0\u00bb500&Prime; txt_transform=\u00a0\u00bbuppercase\u00a0\u00bb letter_spacing=\u00a0\u00bb1&Prime; margin_top=\u00a0\u00bb20&Prime; font_family=\u00a0\u00bbMontserrat\u00a0\u00bb font_type=\u00a0\u00bbgoogle\u00a0\u00bb align=\u00a0\u00bbcenter\u00a0\u00bb el_class=\u00a0\u00bbmexico-fancy-1&Prime;]D\u00e9partement des transports du Mexique[\/mk_fancy_title][\/vc_column][\/vc_row][vc_row][vc_column][mk_padding_divider size=\u00a0\u00bb20&Prime;][\/vc_column][\/vc_row][vc_row][vc_column width=\u00a0\u00bb1\/6&Prime;][mk_padding_divider size=\u00a0\u00bb7&Prime;][mk_fancy_title tag_name=\u00a0\u00bbh3&Prime; color=\u00a0\u00bb#ff0000&Prime; font_weight=\u00a0\u00bbbold\u00a0\u00bb txt_transform=\u00a0\u00bbuppercase\u00a0\u00bb margin_bottom=\u00a0\u00bb0&Prime; font_family=\u00a0\u00bbMontserrat\u00a0\u00bb font_type=\u00a0\u00bbgoogle\u00a0\u00bb el_class=\u00a0\u00bbltlftl-fancy-1&Prime;]Intermodal[\/mk_fancy_title][mk_custom_list title=\u00a0\u00bbServices logistiques\u00a0\u00bb style=\u00a0\u00bbe1a5&Prime; icon_color=\u00a0\u00bb#777777&Prime; el_class=\u00a0\u00bbtrucking1-list-1&Prime;] Entreposage et distribution Courtage sur mesure [&hellip;]","og_url":"https:\/\/mexicomlogistics.com\/fr\/mexico-2\/","og_site_name":"Mexicom Logistics","article_modified_time":"2019-03-04T14:04:43+00:00","twitter_card":"summary_large_image","twitter_misc":{"Dur\u00e9e de lecture estim\u00e9e":"2 minutes"},"schema":{"@context":"https:\/\/schema.org","@graph":[{"@type":"WebPage","@id":"https:\/\/mexicomlogistics.com\/fr\/mexico-2\/","url":"https:\/\/mexicomlogistics.com\/fr\/mexico-2\/","name":"Mexique - Mexicom Logistics","isPartOf":{"@id":"https:\/\/mexicomlogistics.com\/fr\/#website"},"datePublished":"2017-03-23T08:04:26+00:00","dateModified":"2019-03-04T14:04:43+00:00","breadcrumb":{"@id":"https:\/\/mexicomlogistics.com\/fr\/mexico-2\/#breadcrumb"},"inLanguage":"fr-FR","potentialAction":[{"@type":"ReadAction","target":["https:\/\/mexicomlogistics.com\/fr\/mexico-2\/"]}]},{"@type":"BreadcrumbList","@id":"https:\/\/mexicomlogistics.com\/fr\/mexico-2\/#breadcrumb","itemListElement":[{"@type":"ListItem","position":1,"name":"Home","item":"https:\/\/mexicomlogistics.com\/fr\/"},{"@type":"ListItem","position":2,"name":"Mexique"}]},{"@type":"WebSite","@id":"https:\/\/mexicomlogistics.com\/fr\/#website","url":"https:\/\/mexicomlogistics.com\/fr\/","name":"Mexicom Logistics","description":"Ship with confidence","publisher":{"@id":"https:\/\/mexicomlogistics.com\/fr\/#organization"},"potentialAction":[{"@type":"SearchAction","target":{"@type":"EntryPoint","urlTemplate":"https:\/\/mexicomlogistics.com\/fr\/?s={search_term_string}"},"query-input":{"@type":"PropertyValueSpecification","valueRequired":true,"valueName":"search_term_string"}}],"inLanguage":"fr-FR"},{"@type":"Organization","@id":"https:\/\/mexicomlogistics.com\/fr\/#organization","name":"Mexicom Logistics","url":"https:\/\/mexicomlogistics.com\/fr\/","logo":{"@type":"ImageObject","inLanguage":"fr-FR","@id":"https:\/\/mexicomlogistics.com\/fr\/#\/schema\/logo\/image\/","url":"https:\/\/mexicomlogistics.com\/wp-content\/uploads\/2017\/03\/logo-white.jpg","contentUrl":"https:\/\/mexicomlogistics.com\/wp-content\/uploads\/2017\/03\/logo-white.jpg","width":617,"height":402,"caption":"Mexicom Logistics"},"image":{"@id":"https:\/\/mexicomlogistics.com\/fr\/#\/schema\/logo\/image\/"}}]}},"jetpack_sharing_enabled":true,"jetpack_shortlink":"https:\/\/wp.me\/P8vZ39-zx","_links":{"self":[{"href":"https:\/\/mexicomlogistics.com\/fr\/wp-json\/wp\/v2\/pages\/2203","targetHints":{"allow":["GET"]}}],"collection":[{"href":"https:\/\/mexicomlogistics.com\/fr\/wp-json\/wp\/v2\/pages"}],"about":[{"href":"https:\/\/mexicomlogistics.com\/fr\/wp-json\/wp\/v2\/types\/page"}],"author":[{"embeddable":true,"href":"https:\/\/mexicomlogistics.com\/fr\/wp-json\/wp\/v2\/users\/1"}],"replies":[{"embeddable":true,"href":"https:\/\/mexicomlogistics.com\/fr\/wp-json\/wp\/v2\/comments?post=2203"}],"version-history":[{"count":0,"href":"https:\/\/mexicomlogistics.com\/fr\/wp-json\/wp\/v2\/pages\/2203\/revisions"}],"wp:attachment":[{"href":"https:\/\/mexicomlogistics.com\/fr\/wp-json\/wp\/v2\/media?parent=2203"}],"curies":[{"name":"wp","href":"https:\/\/api.w.org\/{rel}","templated":true}]}}