{"id":2185,"date":"2017-03-21T14:04:11","date_gmt":"2017-03-21T18:04:11","guid":{"rendered":"http:\/\/mexi.cashin.ca\/eu-et-canada\/"},"modified":"2019-03-23T17:48:48","modified_gmt":"2019-03-23T21:48:48","slug":"eu-et-canada","status":"publish","type":"page","link":"https:\/\/mexicomlogistics.com\/fr\/eu-et-canada\/","title":{"rendered":"EU et Canada"},"content":{"rendered":"<div class=\"wpb-content-wrapper\">[vc_row fullwidth=\u00a0\u00bbtrue\u00a0\u00bb fullwidth_content=\u00a0\u00bbfalse\u00a0\u00bb css=\u00a0\u00bb.vc_custom_1551707952719{background-image: url(https:\/\/mexicomlogistics.com\/wp-content\/uploads\/2017\/03\/slider-3-1.jpg?id=1126) !important;background-position: center !important;background-repeat: no-repeat !important;background-size: cover !important;}\u00a0\u00bb el_class=\u00a0\u00bbtrucking-row-1&Prime;][vc_column][mk_padding_divider size=\u00a0\u00bb100&Prime; visibility=\u00a0\u00bbvisible-sm\u00a0\u00bb][mk_padding_divider size=\u00a0\u00bb250&Prime; visibility=\u00a0\u00bbhidden-sm\u00a0\u00bb][mk_fancy_title strip_tags=\u00a0\u00bbtrue\u00a0\u00bb tag_name=\u00a0\u00bbh1&Prime; color=\u00a0\u00bb#ffffff\u00a0\u00bb size=\u00a0\u00bb40&Prime; font_weight=\u00a0\u00bb500&Prime; txt_transform=\u00a0\u00bbuppercase\u00a0\u00bb letter_spacing=\u00a0\u00bb1&Prime; margin_top=\u00a0\u00bb20&Prime; font_family=\u00a0\u00bbMontserrat\u00a0\u00bb font_type=\u00a0\u00bbgoogle\u00a0\u00bb align=\u00a0\u00bbcenter\u00a0\u00bb el_class=\u00a0\u00bbltlftl-fancy-2&Prime;]CCR \/ MCR USA &amp; CANADA[\/mk_fancy_title][\/vc_column][\/vc_row][vc_row][vc_column][mk_padding_divider size=\u00a0\u00bb20&Prime;][\/vc_column][\/vc_row][vc_row][vc_column width=\u00a0\u00bb1\/6&Prime;][mk_padding_divider size=\u00a0\u00bb7&Prime;][mk_fancy_title tag_name=\u00a0\u00bbh3&Prime; color=\u00a0\u00bb#ff0000&Prime; font_weight=\u00a0\u00bbbold\u00a0\u00bb txt_transform=\u00a0\u00bbuppercase\u00a0\u00bb margin_bottom=\u00a0\u00bb0&Prime; font_family=\u00a0\u00bbMontserrat\u00a0\u00bb font_type=\u00a0\u00bbgoogle\u00a0\u00bb el_class=\u00a0\u00bbltlftl-fancy-1&Prime;]<a href=\"https:\/\/mexicomlogistics.com\/fr\/services\/intermodal\/\">Intermodal<\/a>[\/mk_fancy_title][mk_custom_list title=\u00a0\u00bbServices logistiques\u00a0\u00bb style=\u00a0\u00bbe1a5&Prime; icon_color=\u00a0\u00bb#777777&Prime; el_class=\u00a0\u00bbtrucking1-list-1&Prime;]\n<ul>\n<li><a href=\"https:\/\/mexicomlogistics.com\/fr\/services\/entreposage-distribution\/\">Entreposage et distribution <\/a><\/li>\n<li><a href=\"https:\/\/mexicomlogistics.com\/fr\/options\/courtiers-en-douane\/\">Courtage sur mesure<\/a><\/li>\n<li><a href=\"https:\/\/mexicomlogistics.com\/fr\/options\/assurances\/\">Assurance <\/a><\/li>\n<li><a href=\"https:\/\/mexicomlogistics.com\/fr\/la-securite-de-la-charge-et-le-service-dappui\/\">Charger la s\u00e9curit\u00e9 et le service d\u2019appui<\/a><\/li>\n<\/ul>\n[\/mk_custom_list][\/vc_column][vc_column width=\u00a0\u00bb5\/6&Prime;][vc_column_text align=\u00a0\u00bbcenter\u00a0\u00bb][\/vc_column_text][vc_column_text]Avec une exp\u00e9rience \u00e9prouv\u00e9e dans les industries tr\u00e8s exigeantes telles que l&rsquo;automobile, la pharmacie, l&rsquo;agriculture , l&rsquo;aviation et l&rsquo;\u00e9lectronique, Mexicom Logistics poss\u00e8de une longue exp\u00e9rience dans la prestation de services professionnels.[\/vc_column_text][mk_custom_list title=\u00a0\u00bbNos services comprennent :\u00a0\u00bb style=\u00a0\u00bbe1a5&Prime; icon_color=\u00a0\u00bb#333333&Prime; el_class=\u00a0\u00bbtrucking-list-1&Prime;]\n<ul>\n<li>Un grand r\u00e9seau de soci\u00e9t\u00e9s approuv\u00e9es C-TPAT avec permis de transit et syst\u00e8mes de suivi par satellite 24\/7<\/li>\n<li>Les transporteurs sont sous caution pour les envois internationaux en transit rapid et transit transfrontalier<\/li>\n<li>Rapid transit transfrontalier<\/li>\n<li>Acc\u00e8s \u00e0 tout \u00e9quipement sp\u00e9cialis\u00e9<\/li>\n<li>Les meilleurs transporteurs pour vos marchandises de Charge Compl\u00e8te de Remorque (CCR) et les Moins de Charge de Remorque (MCR)<\/li>\n<li>Le permis de mat\u00e9riel dangereux<\/li>\n<li>Equipe pilote pour un mode de livraison rapide.<\/li>\n<\/ul>\n[\/mk_custom_list][mk_custom_list title=\u00a0\u00bbCharge Compl\u00e8te de Remorque (CCR),\u00a0\u00bb style=\u00a0\u00bbe1a5&Prime; icon_color=\u00a0\u00bb#333333&Prime; el_class=\u00a0\u00bbtrucking-list-1&Prime;]\n<ul>\n<li>Service direct porte \u00e0 porte<\/li>\n<li>Service transfrontalier sans tracas, y compris la manutention de marchandises moins que la charge de remorque (MCR)<\/li>\n<\/ul>\n[\/mk_custom_list][mk_custom_list title=\u00a0\u00bbMoins que la charge de remorque (MCR)\u00a0\u00bb style=\u00a0\u00bbe1a5&Prime; icon_color=\u00a0\u00bb#333333&Prime; el_class=\u00a0\u00bbtrucking-list-1&Prime;]Les transporteurs sp\u00e9cialis\u00e9s offrent des services quotidiens entre Laredo, Texas et\u00a0:<\/p>\n<ul>\n<li>Los Angeles, Californie<\/li>\n<li>Chicago, Illinois<\/li>\n<li>New York City area,<\/li>\n<li>Toronto et la province de l&rsquo;Ontario,<\/li>\n<li>Montr\u00e9al et la province de Qu\u00e9bec.<\/li>\n<\/ul>\n[\/mk_custom_list][mk_custom_list title=\u00a0\u00bbRemorques \u00e0 plates formes et \u00e9quipement sp\u00e9cialis\u00e9\u00a0\u00bb style=\u00a0\u00bbe1a5&Prime; icon_color=\u00a0\u00bb#333333&Prime; el_class=\u00a0\u00bbtrucking-list-1&Prime;]\n<ul>\n<li>Remorques \u00e0 plates-formes pour d\u00e9placer toute taille et tout poids de la marchandise<\/li>\n<li>Des b\u00e2ches, des cadres, des c\u00f4t\u00e9s, des rideaux ou tout autre \u00e9quipement dont vous avez besoin, demandez-nous simplement.<\/li>\n<\/ul>\n[\/mk_custom_list][mk_custom_list title=\u00a0\u00bb\u00c9quipement surdimensionn\u00e9 et en surpoids\u00a0\u00bb style=\u00a0\u00bbe1a5&Prime; icon_color=\u00a0\u00bb#333333&Prime; el_class=\u00a0\u00bbtrucking-list-1&Prime;]\n<ul>\n<li>Nous traitons le chargement et le d\u00e9chargement.<\/li>\n<li>Plates formes surbaiss\u00e9es r\u00e9guli\u00e8res -doubles Drops RGN Tandems<\/li>\n<\/ul>\n[\/mk_custom_list][\/vc_column][\/vc_row][vc_row el_class=\u00a0\u00bbtrucking-row-3&Prime;][vc_column width=\u00a0\u00bb1\/3&Prime;][\/vc_column][vc_column width=\u00a0\u00bb2\/3&Prime;][\/vc_column][\/vc_row]\n<\/div>","protected":false},"excerpt":{"rendered":"<p>[vc_row fullwidth=\u00a0\u00bbtrue\u00a0\u00bb fullwidth_content=\u00a0\u00bbfalse\u00a0\u00bb css=\u00a0\u00bb.vc_custom_1551707952719{background-image: url(https:\/\/mexicomlogistics.com\/wp-content\/uploads\/2017\/03\/slider-3-1.jpg?id=1126) !important;background-position: center !important;background-repeat: no-repeat !important;background-size: cover !important;}\u00a0\u00bb el_class=\u00a0\u00bbtrucking-row-1&Prime;][vc_column][mk_padding_divider size=\u00a0\u00bb100&Prime; visibility=\u00a0\u00bbvisible-sm\u00a0\u00bb][mk_padding_divider size=\u00a0\u00bb250&Prime; visibility=\u00a0\u00bbhidden-sm\u00a0\u00bb][mk_fancy_title strip_tags=\u00a0\u00bbtrue\u00a0\u00bb tag_name=\u00a0\u00bbh1&Prime; color=\u00a0\u00bb#ffffff\u00a0\u00bb size=\u00a0\u00bb40&Prime; font_weight=\u00a0\u00bb500&Prime; txt_transform=\u00a0\u00bbuppercase\u00a0\u00bb letter_spacing=\u00a0\u00bb1&Prime; margin_top=\u00a0\u00bb20&Prime; font_family=\u00a0\u00bbMontserrat\u00a0\u00bb font_type=\u00a0\u00bbgoogle\u00a0\u00bb align=\u00a0\u00bbcenter\u00a0\u00bb el_class=\u00a0\u00bbltlftl-fancy-2&Prime;]CCR \/ MCR USA &amp; CANADA[\/mk_fancy_title][\/vc_column][\/vc_row][vc_row][vc_column][mk_padding_divider size=\u00a0\u00bb20&Prime;][\/vc_column][\/vc_row][vc_row][vc_column width=\u00a0\u00bb1\/6&Prime;][mk_padding_divider size=\u00a0\u00bb7&Prime;][mk_fancy_title tag_name=\u00a0\u00bbh3&Prime; color=\u00a0\u00bb#ff0000&Prime; font_weight=\u00a0\u00bbbold\u00a0\u00bb txt_transform=\u00a0\u00bbuppercase\u00a0\u00bb margin_bottom=\u00a0\u00bb0&Prime; font_family=\u00a0\u00bbMontserrat\u00a0\u00bb font_type=\u00a0\u00bbgoogle\u00a0\u00bb el_class=\u00a0\u00bbltlftl-fancy-1&Prime;]Intermodal[\/mk_fancy_title][mk_custom_list title=\u00a0\u00bbServices logistiques\u00a0\u00bb style=\u00a0\u00bbe1a5&Prime; icon_color=\u00a0\u00bb#777777&Prime; el_class=\u00a0\u00bbtrucking1-list-1&Prime;] Entreposage et distribution Courtage sur [&hellip;]<\/p>\n","protected":false},"author":1,"featured_media":0,"parent":0,"menu_order":0,"comment_status":"closed","ping_status":"closed","template":"","meta":{"content-type":"","jetpack_post_was_ever_published":false,"footnotes":""},"class_list":["post-2185","page","type-page","status-publish","hentry"],"yoast_head":"<!-- This site is optimized with the Yoast SEO plugin v27.3 - https:\/\/yoast.com\/product\/yoast-seo-wordpress\/ -->\n<title>EU et Canada - Mexicom Logistics<\/title>\n<meta name=\"robots\" content=\"index, follow, max-snippet:-1, max-image-preview:large, max-video-preview:-1\" \/>\n<link rel=\"canonical\" href=\"https:\/\/mexicomlogistics.com\/fr\/eu-et-canada\/\" \/>\n<meta property=\"og:locale\" content=\"fr_FR\" \/>\n<meta property=\"og:type\" content=\"article\" \/>\n<meta property=\"og:title\" content=\"EU et Canada - Mexicom Logistics\" \/>\n<meta property=\"og:description\" content=\"[vc_row fullwidth=\u00a0\u00bbtrue\u00a0\u00bb fullwidth_content=\u00a0\u00bbfalse\u00a0\u00bb css=\u00a0\u00bb.vc_custom_1551707952719{background-image: url(https:\/\/mexicomlogistics.com\/wp-content\/uploads\/2017\/03\/slider-3-1.jpg?id=1126) !important;background-position: center !important;background-repeat: no-repeat !important;background-size: cover !important;}\u00a0\u00bb el_class=\u00a0\u00bbtrucking-row-1&Prime;][vc_column][mk_padding_divider size=\u00a0\u00bb100&Prime; visibility=\u00a0\u00bbvisible-sm\u00a0\u00bb][mk_padding_divider size=\u00a0\u00bb250&Prime; visibility=\u00a0\u00bbhidden-sm\u00a0\u00bb][mk_fancy_title strip_tags=\u00a0\u00bbtrue\u00a0\u00bb tag_name=\u00a0\u00bbh1&Prime; color=\u00a0\u00bb#ffffff\u00a0\u00bb size=\u00a0\u00bb40&Prime; font_weight=\u00a0\u00bb500&Prime; txt_transform=\u00a0\u00bbuppercase\u00a0\u00bb letter_spacing=\u00a0\u00bb1&Prime; margin_top=\u00a0\u00bb20&Prime; font_family=\u00a0\u00bbMontserrat\u00a0\u00bb font_type=\u00a0\u00bbgoogle\u00a0\u00bb align=\u00a0\u00bbcenter\u00a0\u00bb el_class=\u00a0\u00bbltlftl-fancy-2&Prime;]CCR \/ MCR USA &amp; CANADA[\/mk_fancy_title][\/vc_column][\/vc_row][vc_row][vc_column][mk_padding_divider size=\u00a0\u00bb20&Prime;][\/vc_column][\/vc_row][vc_row][vc_column width=\u00a0\u00bb1\/6&Prime;][mk_padding_divider size=\u00a0\u00bb7&Prime;][mk_fancy_title tag_name=\u00a0\u00bbh3&Prime; color=\u00a0\u00bb#ff0000&Prime; font_weight=\u00a0\u00bbbold\u00a0\u00bb txt_transform=\u00a0\u00bbuppercase\u00a0\u00bb margin_bottom=\u00a0\u00bb0&Prime; font_family=\u00a0\u00bbMontserrat\u00a0\u00bb font_type=\u00a0\u00bbgoogle\u00a0\u00bb el_class=\u00a0\u00bbltlftl-fancy-1&Prime;]Intermodal[\/mk_fancy_title][mk_custom_list title=\u00a0\u00bbServices logistiques\u00a0\u00bb style=\u00a0\u00bbe1a5&Prime; icon_color=\u00a0\u00bb#777777&Prime; el_class=\u00a0\u00bbtrucking1-list-1&Prime;] Entreposage et distribution Courtage sur [&hellip;]\" \/>\n<meta property=\"og:url\" content=\"https:\/\/mexicomlogistics.com\/fr\/eu-et-canada\/\" \/>\n<meta property=\"og:site_name\" content=\"Mexicom Logistics\" \/>\n<meta property=\"article:modified_time\" content=\"2019-03-23T21:48:48+00:00\" \/>\n<meta name=\"twitter:card\" content=\"summary_large_image\" \/>\n<meta name=\"twitter:label1\" content=\"Dur\u00e9e de lecture estim\u00e9e\" \/>\n\t<meta name=\"twitter:data1\" content=\"3 minutes\" \/>\n<script type=\"application\/ld+json\" class=\"yoast-schema-graph\">{\"@context\":\"https:\\\/\\\/schema.org\",\"@graph\":[{\"@type\":\"WebPage\",\"@id\":\"https:\\\/\\\/mexicomlogistics.com\\\/fr\\\/eu-et-canada\\\/\",\"url\":\"https:\\\/\\\/mexicomlogistics.com\\\/fr\\\/eu-et-canada\\\/\",\"name\":\"EU et Canada - Mexicom Logistics\",\"isPartOf\":{\"@id\":\"https:\\\/\\\/mexicomlogistics.com\\\/fr\\\/#website\"},\"datePublished\":\"2017-03-21T18:04:11+00:00\",\"dateModified\":\"2019-03-23T21:48:48+00:00\",\"breadcrumb\":{\"@id\":\"https:\\\/\\\/mexicomlogistics.com\\\/fr\\\/eu-et-canada\\\/#breadcrumb\"},\"inLanguage\":\"fr-FR\",\"potentialAction\":[{\"@type\":\"ReadAction\",\"target\":[\"https:\\\/\\\/mexicomlogistics.com\\\/fr\\\/eu-et-canada\\\/\"]}]},{\"@type\":\"BreadcrumbList\",\"@id\":\"https:\\\/\\\/mexicomlogistics.com\\\/fr\\\/eu-et-canada\\\/#breadcrumb\",\"itemListElement\":[{\"@type\":\"ListItem\",\"position\":1,\"name\":\"Home\",\"item\":\"https:\\\/\\\/mexicomlogistics.com\\\/fr\\\/\"},{\"@type\":\"ListItem\",\"position\":2,\"name\":\"EU et Canada\"}]},{\"@type\":\"WebSite\",\"@id\":\"https:\\\/\\\/mexicomlogistics.com\\\/fr\\\/#website\",\"url\":\"https:\\\/\\\/mexicomlogistics.com\\\/fr\\\/\",\"name\":\"Mexicom Logistics\",\"description\":\"Ship with confidence\",\"publisher\":{\"@id\":\"https:\\\/\\\/mexicomlogistics.com\\\/fr\\\/#organization\"},\"potentialAction\":[{\"@type\":\"SearchAction\",\"target\":{\"@type\":\"EntryPoint\",\"urlTemplate\":\"https:\\\/\\\/mexicomlogistics.com\\\/fr\\\/?s={search_term_string}\"},\"query-input\":{\"@type\":\"PropertyValueSpecification\",\"valueRequired\":true,\"valueName\":\"search_term_string\"}}],\"inLanguage\":\"fr-FR\"},{\"@type\":\"Organization\",\"@id\":\"https:\\\/\\\/mexicomlogistics.com\\\/fr\\\/#organization\",\"name\":\"Mexicom Logistics\",\"url\":\"https:\\\/\\\/mexicomlogistics.com\\\/fr\\\/\",\"logo\":{\"@type\":\"ImageObject\",\"inLanguage\":\"fr-FR\",\"@id\":\"https:\\\/\\\/mexicomlogistics.com\\\/fr\\\/#\\\/schema\\\/logo\\\/image\\\/\",\"url\":\"https:\\\/\\\/mexicomlogistics.com\\\/wp-content\\\/uploads\\\/2017\\\/03\\\/logo-white.jpg\",\"contentUrl\":\"https:\\\/\\\/mexicomlogistics.com\\\/wp-content\\\/uploads\\\/2017\\\/03\\\/logo-white.jpg\",\"width\":617,\"height\":402,\"caption\":\"Mexicom Logistics\"},\"image\":{\"@id\":\"https:\\\/\\\/mexicomlogistics.com\\\/fr\\\/#\\\/schema\\\/logo\\\/image\\\/\"}}]}<\/script>\n<!-- \/ Yoast SEO plugin. -->","yoast_head_json":{"title":"EU et Canada - Mexicom Logistics","robots":{"index":"index","follow":"follow","max-snippet":"max-snippet:-1","max-image-preview":"max-image-preview:large","max-video-preview":"max-video-preview:-1"},"canonical":"https:\/\/mexicomlogistics.com\/fr\/eu-et-canada\/","og_locale":"fr_FR","og_type":"article","og_title":"EU et Canada - Mexicom Logistics","og_description":"[vc_row fullwidth=\u00a0\u00bbtrue\u00a0\u00bb fullwidth_content=\u00a0\u00bbfalse\u00a0\u00bb css=\u00a0\u00bb.vc_custom_1551707952719{background-image: url(https:\/\/mexicomlogistics.com\/wp-content\/uploads\/2017\/03\/slider-3-1.jpg?id=1126) !important;background-position: center !important;background-repeat: no-repeat !important;background-size: cover !important;}\u00a0\u00bb el_class=\u00a0\u00bbtrucking-row-1&Prime;][vc_column][mk_padding_divider size=\u00a0\u00bb100&Prime; visibility=\u00a0\u00bbvisible-sm\u00a0\u00bb][mk_padding_divider size=\u00a0\u00bb250&Prime; visibility=\u00a0\u00bbhidden-sm\u00a0\u00bb][mk_fancy_title strip_tags=\u00a0\u00bbtrue\u00a0\u00bb tag_name=\u00a0\u00bbh1&Prime; color=\u00a0\u00bb#ffffff\u00a0\u00bb size=\u00a0\u00bb40&Prime; font_weight=\u00a0\u00bb500&Prime; txt_transform=\u00a0\u00bbuppercase\u00a0\u00bb letter_spacing=\u00a0\u00bb1&Prime; margin_top=\u00a0\u00bb20&Prime; font_family=\u00a0\u00bbMontserrat\u00a0\u00bb font_type=\u00a0\u00bbgoogle\u00a0\u00bb align=\u00a0\u00bbcenter\u00a0\u00bb el_class=\u00a0\u00bbltlftl-fancy-2&Prime;]CCR \/ MCR USA &amp; CANADA[\/mk_fancy_title][\/vc_column][\/vc_row][vc_row][vc_column][mk_padding_divider size=\u00a0\u00bb20&Prime;][\/vc_column][\/vc_row][vc_row][vc_column width=\u00a0\u00bb1\/6&Prime;][mk_padding_divider size=\u00a0\u00bb7&Prime;][mk_fancy_title tag_name=\u00a0\u00bbh3&Prime; color=\u00a0\u00bb#ff0000&Prime; font_weight=\u00a0\u00bbbold\u00a0\u00bb txt_transform=\u00a0\u00bbuppercase\u00a0\u00bb margin_bottom=\u00a0\u00bb0&Prime; font_family=\u00a0\u00bbMontserrat\u00a0\u00bb font_type=\u00a0\u00bbgoogle\u00a0\u00bb el_class=\u00a0\u00bbltlftl-fancy-1&Prime;]Intermodal[\/mk_fancy_title][mk_custom_list title=\u00a0\u00bbServices logistiques\u00a0\u00bb style=\u00a0\u00bbe1a5&Prime; icon_color=\u00a0\u00bb#777777&Prime; el_class=\u00a0\u00bbtrucking1-list-1&Prime;] Entreposage et distribution Courtage sur [&hellip;]","og_url":"https:\/\/mexicomlogistics.com\/fr\/eu-et-canada\/","og_site_name":"Mexicom Logistics","article_modified_time":"2019-03-23T21:48:48+00:00","twitter_card":"summary_large_image","twitter_misc":{"Dur\u00e9e de lecture estim\u00e9e":"3 minutes"},"schema":{"@context":"https:\/\/schema.org","@graph":[{"@type":"WebPage","@id":"https:\/\/mexicomlogistics.com\/fr\/eu-et-canada\/","url":"https:\/\/mexicomlogistics.com\/fr\/eu-et-canada\/","name":"EU et Canada - Mexicom Logistics","isPartOf":{"@id":"https:\/\/mexicomlogistics.com\/fr\/#website"},"datePublished":"2017-03-21T18:04:11+00:00","dateModified":"2019-03-23T21:48:48+00:00","breadcrumb":{"@id":"https:\/\/mexicomlogistics.com\/fr\/eu-et-canada\/#breadcrumb"},"inLanguage":"fr-FR","potentialAction":[{"@type":"ReadAction","target":["https:\/\/mexicomlogistics.com\/fr\/eu-et-canada\/"]}]},{"@type":"BreadcrumbList","@id":"https:\/\/mexicomlogistics.com\/fr\/eu-et-canada\/#breadcrumb","itemListElement":[{"@type":"ListItem","position":1,"name":"Home","item":"https:\/\/mexicomlogistics.com\/fr\/"},{"@type":"ListItem","position":2,"name":"EU et Canada"}]},{"@type":"WebSite","@id":"https:\/\/mexicomlogistics.com\/fr\/#website","url":"https:\/\/mexicomlogistics.com\/fr\/","name":"Mexicom Logistics","description":"Ship with confidence","publisher":{"@id":"https:\/\/mexicomlogistics.com\/fr\/#organization"},"potentialAction":[{"@type":"SearchAction","target":{"@type":"EntryPoint","urlTemplate":"https:\/\/mexicomlogistics.com\/fr\/?s={search_term_string}"},"query-input":{"@type":"PropertyValueSpecification","valueRequired":true,"valueName":"search_term_string"}}],"inLanguage":"fr-FR"},{"@type":"Organization","@id":"https:\/\/mexicomlogistics.com\/fr\/#organization","name":"Mexicom Logistics","url":"https:\/\/mexicomlogistics.com\/fr\/","logo":{"@type":"ImageObject","inLanguage":"fr-FR","@id":"https:\/\/mexicomlogistics.com\/fr\/#\/schema\/logo\/image\/","url":"https:\/\/mexicomlogistics.com\/wp-content\/uploads\/2017\/03\/logo-white.jpg","contentUrl":"https:\/\/mexicomlogistics.com\/wp-content\/uploads\/2017\/03\/logo-white.jpg","width":617,"height":402,"caption":"Mexicom Logistics"},"image":{"@id":"https:\/\/mexicomlogistics.com\/fr\/#\/schema\/logo\/image\/"}}]}},"jetpack_sharing_enabled":true,"jetpack_shortlink":"https:\/\/wp.me\/P8vZ39-zf","_links":{"self":[{"href":"https:\/\/mexicomlogistics.com\/fr\/wp-json\/wp\/v2\/pages\/2185","targetHints":{"allow":["GET"]}}],"collection":[{"href":"https:\/\/mexicomlogistics.com\/fr\/wp-json\/wp\/v2\/pages"}],"about":[{"href":"https:\/\/mexicomlogistics.com\/fr\/wp-json\/wp\/v2\/types\/page"}],"author":[{"embeddable":true,"href":"https:\/\/mexicomlogistics.com\/fr\/wp-json\/wp\/v2\/users\/1"}],"replies":[{"embeddable":true,"href":"https:\/\/mexicomlogistics.com\/fr\/wp-json\/wp\/v2\/comments?post=2185"}],"version-history":[{"count":0,"href":"https:\/\/mexicomlogistics.com\/fr\/wp-json\/wp\/v2\/pages\/2185\/revisions"}],"wp:attachment":[{"href":"https:\/\/mexicomlogistics.com\/fr\/wp-json\/wp\/v2\/media?parent=2185"}],"curies":[{"name":"wp","href":"https:\/\/api.w.org\/{rel}","templated":true}]}}