{"id":21225,"date":"2025-03-24T18:54:06","date_gmt":"2025-03-24T22:54:06","guid":{"rendered":"https:\/\/mexicomlogistics.com\/?page_id=21225"},"modified":"2025-03-24T18:54:06","modified_gmt":"2025-03-24T22:54:06","slug":"merci-davoir-demande-un-devis","status":"publish","type":"page","link":"https:\/\/mexicomlogistics.com\/fr\/merci-davoir-demande-un-devis\/","title":{"rendered":"Merci d&rsquo;avoir demand\u00e9 un devis"},"content":{"rendered":"[mk_page_section bg_color=\u00a0\u00bb#ffffff\u00a0\u00bb bg_position=\u00a0\u00bbcenter center\u00a0\u00bb bg_stretch=\u00a0\u00bbtrue\u00a0\u00bb el_class=\u00a0\u00bbhome-2-section-2&Prime; sidebar=\u00a0\u00bbsidebar-1&Prime;][vc_column][mk_padding_divider size=\u00a0\u00bb50&Prime;][vc_column_text css=\u00a0\u00bb.vc_custom_1742856540405{margin-bottom: 0px !important;}\u00a0\u00bb]\n<h3 style=\"text-align: center;\"><span style=\"color: #008080;\">OBTENIR UN DEVIS<\/span><\/h3>\n[\/vc_column_text][vc_separator color=\u00a0\u00bbpeacoc\u00a0\u00bb][\/vc_column][\/mk_page_section][mk_page_section bg_color=\u00a0\u00bb#ffffff\u00a0\u00bb bg_stretch=\u00a0\u00bbtrue\u00a0\u00bb padding_top=\u00a0\u00bb0&Prime; padding_bottom=\u00a0\u00bb0&Prime; el_class=\u00a0\u00bbhome2-section-5&Prime; sidebar=\u00a0\u00bbsidebar-1&Prime;][vc_column width=\u00a0\u00bb1\/6&Prime;][\/vc_column][vc_column width=\u00a0\u00bb2\/3&Prime;][vc_column_text css=\u00a0\u00bb.vc_custom_1742856484122{margin-bottom: 0px !important;}\u00a0\u00bb]\n<h3 style=\"text-align: center;\" data-start=\"0\" data-end=\"39\">Merci d&rsquo;avoir demand\u00e9 un devis.<\/h3>\n<p style=\"text-align: center;\" data-start=\"0\" data-end=\"39\">Nous avons bien re\u00e7u votre demande et notre \u00e9quipe y travaille.<br data-start=\"98\" data-end=\"101\" \/>Vous recevrez votre devis sous peu.<\/p>\n[\/vc_column_text][vc_empty_space height=\u00a0\u00bb20px\u00a0\u00bb][mk_padding_divider size=\u00a0\u00bb30&Prime;][mk_divider style=\u00a0\u00bbthick_solid\u00a0\u00bb divider_width=\u00a0\u00bbcustom_width\u00a0\u00bb custom_width=\u00a0\u00bb87&Prime; border_color=\u00a0\u00bb#ff0000&Prime; margin_top=\u00a0\u00bb10&Prime; margin_bottom=\u00a0\u00bb30&Prime;][mk_padding_divider size=\u00a0\u00bb50&Prime;][vc_empty_space height=\u00a0\u00bb20px\u00a0\u00bb][vc_column_text css=\u00a0\u00bb.vc_custom_1742856581884{margin-bottom: 0px !important;}\u00a0\u00bb]\n<h3 class=\"\" style=\"text-align: center;\" data-start=\"0\" data-end=\"37\">Quelle est la prochaine \u00e9tape ?<\/h3>\n<p class=\"\" style=\"text-align: center;\" data-start=\"39\" data-end=\"131\">Surveillez votre bo\u00eete de r\u00e9ception principale ou votre dossier de courriers ind\u00e9sirables.<\/p>\n<p class=\"\" style=\"text-align: center;\" data-start=\"133\" data-end=\"151\">Contactez-nous :<\/p>\n<p class=\"\" style=\"text-align: center;\" data-start=\"153\" data-end=\"182\">514 667 0174<br data-start=\"165\" data-end=\"168\" \/>514 667 0175<\/p>\n<p class=\"\" style=\"text-align: center;\" data-start=\"184\" data-end=\"209\"><a rel=\"noopener\" data-start=\"184\" data-end=\"209\" data-is-last-node=\"\">info@mexicomlogistics.com<\/a><\/p>\n[\/vc_column_text][vc_empty_space height=\u00a0\u00bb20px\u00a0\u00bb][mk_padding_divider size=\u00a0\u00bb50&Prime;][mk_button dimension=\u00a0\u00bboutline\u00a0\u00bb corner_style=\u00a0\u00bbfull_rounded\u00a0\u00bb size=\u00a0\u00bblarge\u00a0\u00bb icon_anim=\u00a0\u00bbside\u00a0\u00bb url=\u00a0\u00bbhttps:\/\/mexicomlogistics.com\/fr\/obtenez-un-devis\/\u00a0\u00bb align=\u00a0\u00bbcenter\u00a0\u00bb outline_skin=\u00a0\u00bbcustom\u00a0\u00bb outline_active_color=\u00a0\u00bb#e31013&Prime; outline_active_text_color=\u00a0\u00bb#e31013&Prime; outline_hover_bg_color=\u00a0\u00bb#ffffff\u00a0\u00bb outline_hover_color=\u00a0\u00bb#0a0104&Prime;]Cliquez ici pour soumettre une autre demande de devis.[\/mk_button][vc_empty_space height=\u00a0\u00bb20px\u00a0\u00bb][vc_empty_space height=\u00a0\u00bb20px\u00a0\u00bb][vc_empty_space height=\u00a0\u00bb20px\u00a0\u00bb][vc_empty_space height=\u00a0\u00bb20px\u00a0\u00bb][\/vc_column][vc_column width=\u00a0\u00bb1\/6&Prime;][\/vc_column][\/mk_page_section]\n","protected":false},"excerpt":{"rendered":"<p>[mk_page_section bg_color=\u00a0\u00bb#ffffff\u00a0\u00bb bg_position=\u00a0\u00bbcenter center\u00a0\u00bb bg_stretch=\u00a0\u00bbtrue\u00a0\u00bb el_class=\u00a0\u00bbhome-2-section-2&Prime; sidebar=\u00a0\u00bbsidebar-1&Prime;][vc_column][mk_padding_divider size=\u00a0\u00bb50&Prime;][vc_column_text css=\u00a0\u00bb.vc_custom_1742856540405{margin-bottom: 0px !important;}\u00a0\u00bb] OBTENIR UN DEVIS [\/vc_column_text][vc_separator color=\u00a0\u00bbpeacoc\u00a0\u00bb][\/vc_column][\/mk_page_section][mk_page_section bg_color=\u00a0\u00bb#ffffff\u00a0\u00bb bg_stretch=\u00a0\u00bbtrue\u00a0\u00bb padding_top=\u00a0\u00bb0&Prime; padding_bottom=\u00a0\u00bb0&Prime; el_class=\u00a0\u00bbhome2-section-5&Prime; sidebar=\u00a0\u00bbsidebar-1&Prime;][vc_column width=\u00a0\u00bb1\/6&Prime;][\/vc_column][vc_column width=\u00a0\u00bb2\/3&Prime;][vc_column_text css=\u00a0\u00bb.vc_custom_1742856484122{margin-bottom: 0px !important;}\u00a0\u00bb] Merci d&rsquo;avoir demand\u00e9 un devis. Nous avons bien re\u00e7u votre demande et notre \u00e9quipe y travaille.Vous recevrez votre devis sous peu. [\/vc_column_text][vc_empty_space height=\u00a0\u00bb20px\u00a0\u00bb][mk_padding_divider size=\u00a0\u00bb30&Prime;][mk_divider style=\u00a0\u00bbthick_solid\u00a0\u00bb divider_width=\u00a0\u00bbcustom_width\u00a0\u00bb custom_width=\u00a0\u00bb87&Prime; border_color=\u00a0\u00bb#ff0000&Prime; [&hellip;]<\/p>\n","protected":false},"author":4,"featured_media":10232,"parent":0,"menu_order":0,"comment_status":"closed","ping_status":"closed","template":"","meta":{"content-type":"","jetpack_post_was_ever_published":false,"footnotes":""},"class_list":["post-21225","page","type-page","status-publish","has-post-thumbnail","hentry"],"yoast_head":"<!-- This site is optimized with the Yoast SEO plugin v27.3 - https:\/\/yoast.com\/product\/yoast-seo-wordpress\/ -->\n<title>Merci d&#039;avoir demand\u00e9 un devis - Mexicom Logistics<\/title>\n<meta name=\"description\" content=\"Mexicom Logistics is a 3PL specialized in reliable and affordable freight shipping services throughout North America.\" \/>\n<meta name=\"robots\" content=\"index, follow, max-snippet:-1, max-image-preview:large, max-video-preview:-1\" \/>\n<link rel=\"canonical\" href=\"https:\/\/mexicomlogistics.com\/fr\/merci-davoir-demande-un-devis\/\" \/>\n<meta property=\"og:locale\" content=\"fr_FR\" \/>\n<meta property=\"og:type\" content=\"article\" \/>\n<meta property=\"og:title\" content=\"Merci d&#039;avoir demand\u00e9 un devis - Mexicom Logistics\" \/>\n<meta property=\"og:description\" content=\"Mexicom Logistics is a 3PL specialized in reliable and affordable freight shipping services throughout North America.\" \/>\n<meta property=\"og:url\" content=\"https:\/\/mexicomlogistics.com\/fr\/merci-davoir-demande-un-devis\/\" \/>\n<meta property=\"og:site_name\" content=\"Mexicom Logistics\" \/>\n<meta property=\"og:image\" content=\"https:\/\/mexicomlogistics.com\/wp-content\/uploads\/2019\/10\/carte-transport-routier-en-amerique-du-nord300x-8.png\" \/>\n\t<meta property=\"og:image:width\" content=\"8809\" \/>\n\t<meta property=\"og:image:height\" content=\"7390\" \/>\n\t<meta property=\"og:image:type\" content=\"image\/png\" \/>\n<meta name=\"twitter:card\" content=\"summary_large_image\" \/>\n<meta name=\"twitter:label1\" content=\"Dur\u00e9e de lecture estim\u00e9e\" \/>\n\t<meta name=\"twitter:data1\" content=\"1 minute\" \/>\n<script type=\"application\/ld+json\" class=\"yoast-schema-graph\">{\"@context\":\"https:\\\/\\\/schema.org\",\"@graph\":[{\"@type\":\"WebPage\",\"@id\":\"https:\\\/\\\/mexicomlogistics.com\\\/fr\\\/merci-davoir-demande-un-devis\\\/\",\"url\":\"https:\\\/\\\/mexicomlogistics.com\\\/fr\\\/merci-davoir-demande-un-devis\\\/\",\"name\":\"Merci d'avoir demand\u00e9 un devis - Mexicom Logistics\",\"isPartOf\":{\"@id\":\"https:\\\/\\\/mexicomlogistics.com\\\/fr\\\/#website\"},\"primaryImageOfPage\":{\"@id\":\"https:\\\/\\\/mexicomlogistics.com\\\/fr\\\/merci-davoir-demande-un-devis\\\/#primaryimage\"},\"image\":{\"@id\":\"https:\\\/\\\/mexicomlogistics.com\\\/fr\\\/merci-davoir-demande-un-devis\\\/#primaryimage\"},\"thumbnailUrl\":\"https:\\\/\\\/mexicomlogistics.com\\\/wp-content\\\/uploads\\\/2019\\\/10\\\/carte-transport-routier-en-amerique-du-nord300x-8.png\",\"datePublished\":\"2025-03-24T22:54:06+00:00\",\"description\":\"Mexicom Logistics is a 3PL specialized in reliable and affordable freight shipping services throughout North America.\",\"breadcrumb\":{\"@id\":\"https:\\\/\\\/mexicomlogistics.com\\\/fr\\\/merci-davoir-demande-un-devis\\\/#breadcrumb\"},\"inLanguage\":\"fr-FR\",\"potentialAction\":[{\"@type\":\"ReadAction\",\"target\":[\"https:\\\/\\\/mexicomlogistics.com\\\/fr\\\/merci-davoir-demande-un-devis\\\/\"]}]},{\"@type\":\"ImageObject\",\"inLanguage\":\"fr-FR\",\"@id\":\"https:\\\/\\\/mexicomlogistics.com\\\/fr\\\/merci-davoir-demande-un-devis\\\/#primaryimage\",\"url\":\"https:\\\/\\\/mexicomlogistics.com\\\/wp-content\\\/uploads\\\/2019\\\/10\\\/carte-transport-routier-en-amerique-du-nord300x-8.png\",\"contentUrl\":\"https:\\\/\\\/mexicomlogistics.com\\\/wp-content\\\/uploads\\\/2019\\\/10\\\/carte-transport-routier-en-amerique-du-nord300x-8.png\",\"width\":8809,\"height\":7390,\"caption\":\"transport routier en Amerique du Nord\"},{\"@type\":\"BreadcrumbList\",\"@id\":\"https:\\\/\\\/mexicomlogistics.com\\\/fr\\\/merci-davoir-demande-un-devis\\\/#breadcrumb\",\"itemListElement\":[{\"@type\":\"ListItem\",\"position\":1,\"name\":\"Home\",\"item\":\"https:\\\/\\\/mexicomlogistics.com\\\/fr\\\/\"},{\"@type\":\"ListItem\",\"position\":2,\"name\":\"Merci d&#8217;avoir demand\u00e9 un devis\"}]},{\"@type\":\"WebSite\",\"@id\":\"https:\\\/\\\/mexicomlogistics.com\\\/fr\\\/#website\",\"url\":\"https:\\\/\\\/mexicomlogistics.com\\\/fr\\\/\",\"name\":\"Mexicom Logistics\",\"description\":\"Ship with confidence\",\"publisher\":{\"@id\":\"https:\\\/\\\/mexicomlogistics.com\\\/fr\\\/#organization\"},\"potentialAction\":[{\"@type\":\"SearchAction\",\"target\":{\"@type\":\"EntryPoint\",\"urlTemplate\":\"https:\\\/\\\/mexicomlogistics.com\\\/fr\\\/?s={search_term_string}\"},\"query-input\":{\"@type\":\"PropertyValueSpecification\",\"valueRequired\":true,\"valueName\":\"search_term_string\"}}],\"inLanguage\":\"fr-FR\"},{\"@type\":\"Organization\",\"@id\":\"https:\\\/\\\/mexicomlogistics.com\\\/fr\\\/#organization\",\"name\":\"Mexicom Logistics\",\"url\":\"https:\\\/\\\/mexicomlogistics.com\\\/fr\\\/\",\"logo\":{\"@type\":\"ImageObject\",\"inLanguage\":\"fr-FR\",\"@id\":\"https:\\\/\\\/mexicomlogistics.com\\\/fr\\\/#\\\/schema\\\/logo\\\/image\\\/\",\"url\":\"https:\\\/\\\/mexicomlogistics.com\\\/wp-content\\\/uploads\\\/2017\\\/03\\\/logo-white.jpg\",\"contentUrl\":\"https:\\\/\\\/mexicomlogistics.com\\\/wp-content\\\/uploads\\\/2017\\\/03\\\/logo-white.jpg\",\"width\":617,\"height\":402,\"caption\":\"Mexicom Logistics\"},\"image\":{\"@id\":\"https:\\\/\\\/mexicomlogistics.com\\\/fr\\\/#\\\/schema\\\/logo\\\/image\\\/\"}}]}<\/script>\n<!-- \/ Yoast SEO plugin. -->","yoast_head_json":{"title":"Merci d'avoir demand\u00e9 un devis - Mexicom Logistics","description":"Mexicom Logistics is a 3PL specialized in reliable and affordable freight shipping services throughout North America.","robots":{"index":"index","follow":"follow","max-snippet":"max-snippet:-1","max-image-preview":"max-image-preview:large","max-video-preview":"max-video-preview:-1"},"canonical":"https:\/\/mexicomlogistics.com\/fr\/merci-davoir-demande-un-devis\/","og_locale":"fr_FR","og_type":"article","og_title":"Merci d'avoir demand\u00e9 un devis - Mexicom Logistics","og_description":"Mexicom Logistics is a 3PL specialized in reliable and affordable freight shipping services throughout North America.","og_url":"https:\/\/mexicomlogistics.com\/fr\/merci-davoir-demande-un-devis\/","og_site_name":"Mexicom Logistics","og_image":[{"width":8809,"height":7390,"url":"https:\/\/mexicomlogistics.com\/wp-content\/uploads\/2019\/10\/carte-transport-routier-en-amerique-du-nord300x-8.png","type":"image\/png"}],"twitter_card":"summary_large_image","twitter_misc":{"Dur\u00e9e de lecture estim\u00e9e":"1 minute"},"schema":{"@context":"https:\/\/schema.org","@graph":[{"@type":"WebPage","@id":"https:\/\/mexicomlogistics.com\/fr\/merci-davoir-demande-un-devis\/","url":"https:\/\/mexicomlogistics.com\/fr\/merci-davoir-demande-un-devis\/","name":"Merci d'avoir demand\u00e9 un devis - Mexicom Logistics","isPartOf":{"@id":"https:\/\/mexicomlogistics.com\/fr\/#website"},"primaryImageOfPage":{"@id":"https:\/\/mexicomlogistics.com\/fr\/merci-davoir-demande-un-devis\/#primaryimage"},"image":{"@id":"https:\/\/mexicomlogistics.com\/fr\/merci-davoir-demande-un-devis\/#primaryimage"},"thumbnailUrl":"https:\/\/mexicomlogistics.com\/wp-content\/uploads\/2019\/10\/carte-transport-routier-en-amerique-du-nord300x-8.png","datePublished":"2025-03-24T22:54:06+00:00","description":"Mexicom Logistics is a 3PL specialized in reliable and affordable freight shipping services throughout North America.","breadcrumb":{"@id":"https:\/\/mexicomlogistics.com\/fr\/merci-davoir-demande-un-devis\/#breadcrumb"},"inLanguage":"fr-FR","potentialAction":[{"@type":"ReadAction","target":["https:\/\/mexicomlogistics.com\/fr\/merci-davoir-demande-un-devis\/"]}]},{"@type":"ImageObject","inLanguage":"fr-FR","@id":"https:\/\/mexicomlogistics.com\/fr\/merci-davoir-demande-un-devis\/#primaryimage","url":"https:\/\/mexicomlogistics.com\/wp-content\/uploads\/2019\/10\/carte-transport-routier-en-amerique-du-nord300x-8.png","contentUrl":"https:\/\/mexicomlogistics.com\/wp-content\/uploads\/2019\/10\/carte-transport-routier-en-amerique-du-nord300x-8.png","width":8809,"height":7390,"caption":"transport routier en Amerique du Nord"},{"@type":"BreadcrumbList","@id":"https:\/\/mexicomlogistics.com\/fr\/merci-davoir-demande-un-devis\/#breadcrumb","itemListElement":[{"@type":"ListItem","position":1,"name":"Home","item":"https:\/\/mexicomlogistics.com\/fr\/"},{"@type":"ListItem","position":2,"name":"Merci d&#8217;avoir demand\u00e9 un devis"}]},{"@type":"WebSite","@id":"https:\/\/mexicomlogistics.com\/fr\/#website","url":"https:\/\/mexicomlogistics.com\/fr\/","name":"Mexicom Logistics","description":"Ship with confidence","publisher":{"@id":"https:\/\/mexicomlogistics.com\/fr\/#organization"},"potentialAction":[{"@type":"SearchAction","target":{"@type":"EntryPoint","urlTemplate":"https:\/\/mexicomlogistics.com\/fr\/?s={search_term_string}"},"query-input":{"@type":"PropertyValueSpecification","valueRequired":true,"valueName":"search_term_string"}}],"inLanguage":"fr-FR"},{"@type":"Organization","@id":"https:\/\/mexicomlogistics.com\/fr\/#organization","name":"Mexicom Logistics","url":"https:\/\/mexicomlogistics.com\/fr\/","logo":{"@type":"ImageObject","inLanguage":"fr-FR","@id":"https:\/\/mexicomlogistics.com\/fr\/#\/schema\/logo\/image\/","url":"https:\/\/mexicomlogistics.com\/wp-content\/uploads\/2017\/03\/logo-white.jpg","contentUrl":"https:\/\/mexicomlogistics.com\/wp-content\/uploads\/2017\/03\/logo-white.jpg","width":617,"height":402,"caption":"Mexicom Logistics"},"image":{"@id":"https:\/\/mexicomlogistics.com\/fr\/#\/schema\/logo\/image\/"}}]}},"jetpack_sharing_enabled":true,"jetpack_shortlink":"https:\/\/wp.me\/P8vZ39-5wl","_links":{"self":[{"href":"https:\/\/mexicomlogistics.com\/fr\/wp-json\/wp\/v2\/pages\/21225","targetHints":{"allow":["GET"]}}],"collection":[{"href":"https:\/\/mexicomlogistics.com\/fr\/wp-json\/wp\/v2\/pages"}],"about":[{"href":"https:\/\/mexicomlogistics.com\/fr\/wp-json\/wp\/v2\/types\/page"}],"author":[{"embeddable":true,"href":"https:\/\/mexicomlogistics.com\/fr\/wp-json\/wp\/v2\/users\/4"}],"replies":[{"embeddable":true,"href":"https:\/\/mexicomlogistics.com\/fr\/wp-json\/wp\/v2\/comments?post=21225"}],"version-history":[{"count":0,"href":"https:\/\/mexicomlogistics.com\/fr\/wp-json\/wp\/v2\/pages\/21225\/revisions"}],"wp:featuredmedia":[{"embeddable":true,"href":"https:\/\/mexicomlogistics.com\/fr\/wp-json\/wp\/v2\/media\/10232"}],"wp:attachment":[{"href":"https:\/\/mexicomlogistics.com\/fr\/wp-json\/wp\/v2\/media?parent=21225"}],"curies":[{"name":"wp","href":"https:\/\/api.w.org\/{rel}","templated":true}]}}