{"id":18761,"date":"2023-06-05T22:09:26","date_gmt":"2023-06-06T02:09:26","guid":{"rendered":"https:\/\/mexicomlogistics.com\/carriers-page\/"},"modified":"2026-02-03T11:44:56","modified_gmt":"2026-02-03T16:44:56","slug":"transportateurs","status":"publish","type":"page","link":"https:\/\/mexicomlogistics.com\/fr\/transportateurs\/","title":{"rendered":"Transportateurs"},"content":{"rendered":"<div class=\"wpb-content-wrapper\">[mk_page_section][vc_column][layerslider_vc id=\u00a0\u00bb5&Prime;][vc_empty_space][\/vc_column][\/mk_page_section][mk_page_section][vc_column width=\u00a0\u00bb1\/6&Prime;][\/vc_column][vc_column width=\u00a0\u00bb2\/3&Prime;][vc_empty_space][mk_fancy_title color=\u00a0\u00bb#e20c14&Prime; size=\u00a0\u00bb24&Prime; font_weight=\u00a0\u00bbbold\u00a0\u00bb font_family=\u00a0\u00bbnone\u00a0\u00bb]\n<p style=\"text-align: center;\">\u00caTES-VOUS TRANSPORTEUR DE LONG DISTANCES\u00a0 INTERNATIONAL ?<\/p>\n[\/mk_fancy_title][vc_column_text css=\u00a0\u00bb.vc_custom_1686026465612{margin-bottom: 0px !important;}\u00a0\u00bb]\n<h3 style=\"text-align: center;\"><\/h3>\n<h4 style=\"text-align: center;\">Inscrivez-vous en tant que transporteur avec Mexicom Logistics<\/h4>\n<p style=\"text-align: center;\">Nous avons des chargements\u00a0 constantes entre le Mexique, les \u00c9tats-Unis et le Canada.<\/p>\n[\/vc_column_text][vc_empty_space][\/vc_column][vc_column width=\u00a0\u00bb1\/6&Prime;][\/vc_column][\/mk_page_section][mk_page_section sidebar=\u00a0\u00bbsidebar-1&Prime;][vc_column width=\u00a0\u00bb1\/6&Prime;][\/vc_column][vc_column border_color=\u00a0\u00bb#e2e2e2&Prime; width=\u00a0\u00bb2\/3&Prime; css=\u00a0\u00bb.vc_custom_1686020967205{background-color: #f4f4f4 !important;}\u00a0\u00bb][vc_column_text css=\u00a0\u00bb.vc_custom_1686026518037{margin-bottom: 0px !important;}\u00a0\u00bb]<span style=\"color: #d80300;\">PROT\u00c9GEZ-VOUS DES SCAM:\u00a0<\/span> Mexicom Logistics ne confirme jamais les chargements ou les offres uniquement par t\u00e9l\u00e9phone, il y a toujours une approbation \u00e9crite officielle. En cas de doute, veuillez utiliser nos num\u00e9ros et formulaires officiels indiqu\u00e9s sur cette page pour nous contacter.[\/vc_column_text][\/vc_column][vc_column width=\u00a0\u00bb1\/6&Prime;][\/vc_column][\/mk_page_section][mk_page_section][vc_column][vc_empty_space][vc_single_image image=\u00a0\u00bb18767&Prime; img_size=\u00a0\u00bbfull\u00a0\u00bb alignment=\u00a0\u00bbcenter\u00a0\u00bb css_animation=\u00a0\u00bbslideInLeft\u00a0\u00bb][\/vc_column][\/mk_page_section][mk_page_section][vc_column width=\u00a0\u00bb1\/6&Prime;][\/vc_column][vc_column width=\u00a0\u00bb2\/3&Prime;][vc_empty_space][mk_blockquote style=\u00a0\u00bbline-style\u00a0\u00bb font_family=\u00a0\u00bbnone\u00a0\u00bb]\n<p style=\"text-align: center;\">\u00ab\u00a0Moving freight for Mexicom gives certainty, especially in payments\u201d<\/p>\n<p style=\"text-align: center;\">Luis Gonz\u00e1lez<\/p>\n[\/mk_blockquote][vc_empty_space][\/vc_column][vc_column width=\u00a0\u00bb1\/6&Prime;][\/vc_column][\/mk_page_section][mk_page_section][vc_column width=\u00a0\u00bb1\/6&Prime;][\/vc_column][vc_column width=\u00a0\u00bb2\/3&Prime;][vc_empty_space][mk_fancy_title color=\u00a0\u00bb#e20c14&Prime; size=\u00a0\u00bb24&Prime; font_family=\u00a0\u00bbnone\u00a0\u00bb]\n<p style=\"text-align: center;\">LES AVANTAGES DE DEVENIR UN TRANSPORTEUR\u00a0 DE MEXICOM LOGISTICS<\/p>\n[\/mk_fancy_title][\/vc_column][vc_column width=\u00a0\u00bb1\/6&Prime;][\/vc_column][\/mk_page_section][mk_page_section][vc_column][vc_empty_space][vc_row_inner][vc_column_inner width=\u00a0\u00bb1\/6&Prime;][vc_single_image image=\u00a0\u00bb157&Prime; img_size=\u00a0\u00bb75&#215;77&Prime; alignment=\u00a0\u00bbright\u00a0\u00bb css_animation=\u00a0\u00bbbottom-to-top\u00a0\u00bb][vc_empty_space height=\u00a0\u00bb40px\u00a0\u00bb][\/vc_column_inner][vc_column_inner width=\u00a0\u00bb4\/6&Prime;][vc_column_text css=\u00a0\u00bb.vc_custom_1685930697538{margin-bottom: 0px !important;}\u00a0\u00bb]<span style=\"color: #199bac;\">[\/vc_column_text][vc_column_text css=\u00a0\u00bb.vc_custom_1686026734786{margin-bottom: 0px !important;}\u00a0\u00bb]<span style=\"color: #199bac;\">FIABILIT\u00c9 &amp; PONCTUALIT\u00c9 SUR VOS PAIEMENTS<\/span>[\/vc_column_text][vc_column_text css=\u00a0\u00bb.vc_custom_1686026761524{margin-bottom: 0px !important;}\u00a0\u00bb]Nous sommes une entreprise fiable et bien \u00e9tablie, avec plus de 18 ans d&rsquo;exp\u00e9rience dans l&rsquo;industrie du transport de marchandises et de la logistique au Mexique, aux \u00c9tats-Unis et au Canada.[\/vc_column_text][\/vc_column_inner][vc_column_inner width=\u00a0\u00bb1\/6&Prime;][\/vc_column_inner][\/vc_row_inner][vc_row_inner][vc_column_inner width=\u00a0\u00bb1\/6&Prime;][vc_single_image image=\u00a0\u00bb157&Prime; img_size=\u00a0\u00bb75&#215;77&Prime; alignment=\u00a0\u00bbright\u00a0\u00bb css_animation=\u00a0\u00bbbottom-to-top\u00a0\u00bb][vc_empty_space height=\u00a0\u00bb40px\u00a0\u00bb][\/vc_column_inner][vc_column_inner width=\u00a0\u00bb4\/6&Prime;][vc_column_text css=\u00a0\u00bb.vc_custom_1686026806264{margin-bottom: 0px !important;}\u00a0\u00bb]<span style=\"color: #199bac;\">S\u00c9LECTIONNEZ LA M\u00c9THODE DE PAIEMENT LA PLUS PRATIQUE POUR VOUS <\/span>[\/vc_column_text][vc_column_text css=\u00a0\u00bb.vc_custom_1686026783931{margin-bottom: 0px !important;}\u00a0\u00bb]Avec Mexicom Logistics, nos transporteurs choisissent le mode de paiement qui vous convient le mieux.[\/vc_column_text][\/vc_column_inner][vc_column_inner width=\u00a0\u00bb1\/6&Prime;][\/vc_column_inner][\/vc_row_inner][vc_row_inner][vc_column_inner width=\u00a0\u00bb1\/6&Prime;][vc_single_image image=\u00a0\u00bb157&Prime; img_size=\u00a0\u00bb75&#215;77&Prime; alignment=\u00a0\u00bbright\u00a0\u00bb css_animation=\u00a0\u00bbbottom-to-top\u00a0\u00bb][vc_empty_space height=\u00a0\u00bb40px\u00a0\u00bb][\/vc_column_inner][vc_column_inner width=\u00a0\u00bb4\/6&Prime;][vc_column_text css=\u00a0\u00bb.vc_custom_1686026830427{margin-bottom: 0px !important;}\u00a0\u00bb]<span style=\"color: #199bac;\">FLEXIBILIT\u00c9 DES CONDITIONS DE CR\u00c9DITS<\/span>[\/vc_column_text][vc_column_text css=\u00a0\u00bb.vc_custom_1686026857867{margin-bottom: 0px !important;}\u00a0\u00bb]Chez Mexicom, nous travaillons avec nos transporteurs avec la plus grande flexibilit\u00e9 possible, en nous adaptant aux jours de cr\u00e9dit qui conviennent le mieux \u00e0 nos fournisseurs.[\/vc_column_text][\/vc_column_inner][vc_column_inner width=\u00a0\u00bb1\/6&Prime;][\/vc_column_inner][\/vc_row_inner][vc_row_inner][vc_column_inner width=\u00a0\u00bb1\/6&Prime;][vc_single_image image=\u00a0\u00bb157&Prime; img_size=\u00a0\u00bb75&#215;77&Prime; alignment=\u00a0\u00bbright\u00a0\u00bb css_animation=\u00a0\u00bbbottom-to-top\u00a0\u00bb][vc_empty_space height=\u00a0\u00bb40px\u00a0\u00bb][\/vc_column_inner][vc_column_inner width=\u00a0\u00bb4\/6&Prime;][vc_column_text css=\u00a0\u00bb.vc_custom_1686026881349{margin-bottom: 0px !important;}\u00a0\u00bb]<span style=\"color: #199bac;\">PAIEMENT DANS LE TYPE DE DEVISE QUI VOUS CONVIENT LE MIEUX\u00a0<\/span>[\/vc_column_text][vc_column_text css=\u00a0\u00bb.vc_custom_1686026963907{margin-bottom: 0px !important;}\u00a0\u00bb]Mexicom Group as des entreprises au Canada, aux \u00c9tats-Unis et au Mexique, c&rsquo;est pourquoi nous pouvons effectuer des paiements \u00e0 nos transporteurs en dollars canadiens, en dollars am\u00e9ricains ou en pesos mexicains.[\/vc_column_text][\/vc_column_inner][vc_column_inner width=\u00a0\u00bb1\/6&Prime;][\/vc_column_inner][\/vc_row_inner][vc_row_inner][vc_column_inner width=\u00a0\u00bb1\/6&Prime;][vc_single_image image=\u00a0\u00bb157&Prime; img_size=\u00a0\u00bb75&#215;77&Prime; alignment=\u00a0\u00bbright\u00a0\u00bb css_animation=\u00a0\u00bbbottom-to-top\u00a0\u00bb][vc_empty_space height=\u00a0\u00bb40px\u00a0\u00bb][\/vc_column_inner][vc_column_inner width=\u00a0\u00bb4\/6&Prime;][vc_column_text css=\u00a0\u00bb.vc_custom_1686026986263{margin-bottom: 0px !important;}\u00a0\u00bb]<span style=\"color: #199bac;\">R\u00c9SERVER ET PLANIFIER LES CHARGEMENTS<\/span>[\/vc_column_text][vc_column_text css=\u00a0\u00bb.vc_custom_1686027034318{margin-bottom: 0px !important;}\u00a0\u00bb]Gr\u00e2ce au fait que nous avons des projets avec des chargements sur contrat, nous pouvons planifier vos chargements \u00e0 l&rsquo;avance.[\/vc_column_text][\/vc_column_inner][vc_column_inner width=\u00a0\u00bb1\/6&Prime;][\/vc_column_inner][\/vc_row_inner][vc_row_inner][vc_column_inner width=\u00a0\u00bb1\/6&Prime;][vc_single_image image=\u00a0\u00bb157&Prime; img_size=\u00a0\u00bb75&#215;77&Prime; alignment=\u00a0\u00bbright\u00a0\u00bb css_animation=\u00a0\u00bbbottom-to-top\u00a0\u00bb][vc_empty_space height=\u00a0\u00bb40px\u00a0\u00bb][\/vc_column_inner][vc_column_inner width=\u00a0\u00bb4\/6&Prime;][vc_column_text css=\u00a0\u00bb.vc_custom_1686027209038{margin-bottom: 0px !important;}\u00a0\u00bb]<span style=\"color: #199bac;\">PAS DE RETOURS DE CAMION VIDES<\/span>[\/vc_column_text][vc_column_text css=\u00a0\u00bb.vc_custom_1686027239461{margin-bottom: 0px !important;}\u00a0\u00bb]Notre croissance exponentielle et la forte demande de services de fret nous permettent d&rsquo;exporter et d&rsquo;importer du fret sur nos diff\u00e9rentes routes.[\/vc_column_text][\/vc_column_inner][vc_column_inner width=\u00a0\u00bb1\/6&Prime;][\/vc_column_inner][\/vc_row_inner][vc_empty_space height=\u00a0\u00bb40px\u00a0\u00bb][vc_empty_space height=\u00a0\u00bb50px\u00a0\u00bb][vc_row_inner][vc_column_inner][mk_button dimension=\u00a0\u00bboutline\u00a0\u00bb corner_style=\u00a0\u00bbfull_rounded\u00a0\u00bb size=\u00a0\u00bblarge\u00a0\u00bb icon_anim=\u00a0\u00bbside\u00a0\u00bb url=\u00a0\u00bbhttps:\/\/mexicomlogistics.com\/fr\u00a0\u00bb target=\u00a0\u00bb_blank\u00a0\u00bb align=\u00a0\u00bbcenter\u00a0\u00bb outline_skin=\u00a0\u00bbcustom\u00a0\u00bb outline_active_text_color=\u00a0\u00bb#de0c14&Prime; outline_hover_bg_color=\u00a0\u00bb#de0c14&Prime; outline_hover_color=\u00a0\u00bb#ffffff\u00a0\u00bb]En savoir plus sur Mexicom Logistics[\/mk_button][\/vc_column_inner][\/vc_row_inner][vc_empty_space height=\u00a0\u00bb40px\u00a0\u00bb][vc_empty_space height=\u00a0\u00bb40px\u00a0\u00bb][vc_empty_space height=\u00a0\u00bb40px\u00a0\u00bb][\/vc_column][\/mk_page_section][mk_page_section][vc_column width=\u00a0\u00bb1\/6&Prime;][\/vc_column][vc_column width=\u00a0\u00bb2\/3&Prime;][mk_fancy_title color=\u00a0\u00bb#e20c14&Prime; size=\u00a0\u00bb24&Prime; font_family=\u00a0\u00bbnone\u00a0\u00bb]\u00a0<\/span><\/p>\n<p style=\"text-align: center;\">DEVENEZ UN TRANSPORTEUR DE MEXICOM AUJOURD&rsquo;HUI<\/p>\n[\/mk_fancy_title][vc_empty_space][\/vc_column][vc_column width=\u00a0\u00bb1\/6&Prime;][\/vc_column][\/mk_page_section][mk_page_section][vc_column width=\u00a0\u00bb1\/2&Prime;][vc_column_text css=\u00a0\u00bb.vc_custom_1686027391038{margin-bottom: 0px !important;}\u00a0\u00bb]\n<p style=\"text-align: center;\"><span style=\"color: #199bac;\">TRANSPORTEURS AM\u00c9RICAINS ET CANADIENS<\/span><\/p>\n[\/vc_column_text][mk_button dimension=\u00a0\u00bboutline\u00a0\u00bb corner_style=\u00a0\u00bbfull_rounded\u00a0\u00bb size=\u00a0\u00bblarge\u00a0\u00bb letter_spacing=\u00a0\u00bb0&Prime; icon_anim=\u00a0\u00bbside\u00a0\u00bb url=\u00a0\u00bbhttps:\/\/mexicomcarriers.rmissecure.com\/_s\/reg\/GeneralRequirementsV2.aspx\u00a0\u00bb target=\u00a0\u00bb_blank\u00a0\u00bb align=\u00a0\u00bbcenter\u00a0\u00bb button_custom_width=\u00a0\u00bb0&Prime; margin_top=\u00a0\u00bb0&Prime; margin_bottom=\u00a0\u00bb15&Prime; margin_right=\u00a0\u00bb15&Prime; outline_skin=\u00a0\u00bbcustom\u00a0\u00bb outline_active_text_color=\u00a0\u00bb#de0c14&Prime; outline_hover_bg_color=\u00a0\u00bb#de0c14&Prime; outline_hover_color=\u00a0\u00bb#ffffff\u00a0\u00bb]Remplissez notre formulaire d&rsquo;inscription (en anglais)[\/mk_button][vc_empty_space][\/vc_column][vc_column width=\u00a0\u00bb1\/2&Prime;][vc_column_text css=\u00a0\u00bb.vc_custom_1686027338749{margin-bottom: 0px !important;}\u00a0\u00bb]\n<p style=\"text-align: center;\"><span style=\"color: #199bac;\">TRANSPORTEURS MEXICAINS<\/span><\/p>\n[\/vc_column_text][mk_button dimension=\u00a0\u00bboutline\u00a0\u00bb corner_style=\u00a0\u00bbfull_rounded\u00a0\u00bb size=\u00a0\u00bblarge\u00a0\u00bb icon_anim=\u00a0\u00bbside\u00a0\u00bb url=\u00a0\u00bbhttps:\/\/mexicomlogistics.com\/es\/formulario-para-nuevos-transportistas-mexicanos\/\u00a0\u00bb target=\u00a0\u00bb_blank\u00a0\u00bb align=\u00a0\u00bbcenter\u00a0\u00bb outline_skin=\u00a0\u00bbcustom\u00a0\u00bb outline_active_text_color=\u00a0\u00bb#de0c14&Prime; outline_hover_bg_color=\u00a0\u00bb#de0c14&Prime; outline_hover_color=\u00a0\u00bb#ffffff\u00a0\u00bb]Remplissez notre formulaire d&rsquo;inscription (en espagnol)[\/mk_button][vc_empty_space][\/vc_column][\/mk_page_section][mk_page_section section_id=\u00a0\u00bbcarriercontact\u00a0\u00bb sidebar=\u00a0\u00bbsidebar-1&Prime;][vc_column width=\u00a0\u00bb1\/6&Prime;][\/vc_column][vc_column width=\u00a0\u00bb5\/6&Prime;][vc_empty_space height=\u00a0\u00bb40px\u00a0\u00bb][mk_fancy_title color=\u00a0\u00bb#e20c14&Prime; size=\u00a0\u00bb24&Prime; font_family=\u00a0\u00bbnone\u00a0\u00bb]\n<p style=\"text-align: left;\">CONTACTEZ-NOUS<\/p>\n[\/mk_fancy_title][\/vc_column][\/mk_page_section][mk_page_section][vc_column width=\u00a0\u00bb1\/6&Prime;][\/vc_column][vc_column width=\u00a0\u00bb5\/6&Prime;][vc_empty_space height=\u00a0\u00bb40px\u00a0\u00bb][vc_column_text css=\u00a0\u00bb.vc_custom_1686027638232{margin-bottom: 0px !important;}\u00a0\u00bb]<span style=\"color: #199bac;\">TRANSPORTEURS MEXICAINS<\/span><\/p>\n<p>Ligne directe avec notre departement d&rsquo;approvisionnement au Mexique : 52 55 9990 3912<\/p>\n<p>&nbsp;<\/p>\n<p>Nos num\u00e9ros de t\u00e9l\u00e9phone \u00e0 notre compagnie mexicaine, TransMexicom:<\/p>\n<p class=\"p1\">52 55 5695 3495 &amp; 52 55 5633 9140<\/p>\n<p>Ext. 232, 500 and 580<\/p>\n<p>&nbsp;<\/p>\n<p><span style=\"color: #199bac;\">TRANSPORTEURS AM\u00c9RICAINS<\/span><\/p>\n<p>Ligne directe avec notre departament d&rsquo;approvisionnement au Canada et aux Etats Unis.:\u00a0 514 345-6533<\/p>\n<p>Nos num\u00e9ros de t\u00e9l\u00e9phone \u00e0 nos bureaux au Canada et aux \u00c9tats-Unis:<\/p>\n<p>514 667 0174\u00a0 y 514 667 0175\u00a0 Exts. \u00a0251, 229, 225 y 232[\/vc_column_text][\/vc_column][\/mk_page_section]\n<\/div>","protected":false},"excerpt":{"rendered":"<p>[mk_page_section][vc_column][layerslider_vc id=\u00a0\u00bb5&Prime;][vc_empty_space][\/vc_column][\/mk_page_section][mk_page_section][vc_column width=\u00a0\u00bb1\/6&Prime;][\/vc_column][vc_column width=\u00a0\u00bb2\/3&Prime;][vc_empty_space][mk_fancy_title color=\u00a0\u00bb#e20c14&Prime; size=\u00a0\u00bb24&Prime; font_weight=\u00a0\u00bbbold\u00a0\u00bb font_family=\u00a0\u00bbnone\u00a0\u00bb] \u00caTES-VOUS TRANSPORTEUR DE LONG DISTANCES\u00a0 INTERNATIONAL ? [\/mk_fancy_title][vc_column_text css=\u00a0\u00bb.vc_custom_1686026465612{margin-bottom: 0px !important;}\u00a0\u00bb] Inscrivez-vous en tant que transporteur avec Mexicom Logistics Nous avons des chargements\u00a0 constantes entre le Mexique, les \u00c9tats-Unis et le Canada. [\/vc_column_text][vc_empty_space][\/vc_column][vc_column width=\u00a0\u00bb1\/6&Prime;][\/vc_column][\/mk_page_section][mk_page_section sidebar=\u00a0\u00bbsidebar-1&Prime;][vc_column width=\u00a0\u00bb1\/6&Prime;][\/vc_column][vc_column border_color=\u00a0\u00bb#e2e2e2&Prime; width=\u00a0\u00bb2\/3&Prime; css=\u00a0\u00bb.vc_custom_1686020967205{background-color: #f4f4f4 !important;}\u00a0\u00bb][vc_column_text css=\u00a0\u00bb.vc_custom_1686026518037{margin-bottom: 0px !important;}\u00a0\u00bb]PROT\u00c9GEZ-VOUS DES SCAM:\u00a0 Mexicom [&hellip;]<\/p>\n","protected":false},"author":4,"featured_media":0,"parent":0,"menu_order":0,"comment_status":"closed","ping_status":"closed","template":"","meta":{"content-type":"","jetpack_post_was_ever_published":false,"footnotes":""},"class_list":["post-18761","page","type-page","status-publish","hentry"],"yoast_head":"<!-- This site is optimized with the Yoast SEO plugin v27.3 - https:\/\/yoast.com\/product\/yoast-seo-wordpress\/ -->\n<title>Transportateurs - Mexicom Logistics<\/title>\n<meta name=\"robots\" content=\"index, follow, max-snippet:-1, max-image-preview:large, max-video-preview:-1\" \/>\n<link rel=\"canonical\" href=\"https:\/\/mexicomlogistics.com\/fr\/transportateurs\/\" \/>\n<meta property=\"og:locale\" content=\"fr_FR\" \/>\n<meta property=\"og:type\" content=\"article\" \/>\n<meta property=\"og:title\" content=\"Transportateurs - Mexicom Logistics\" \/>\n<meta property=\"og:description\" content=\"[mk_page_section][vc_column][layerslider_vc id=\u00a0\u00bb5&Prime;][vc_empty_space][\/vc_column][\/mk_page_section][mk_page_section][vc_column width=\u00a0\u00bb1\/6&Prime;][\/vc_column][vc_column width=\u00a0\u00bb2\/3&Prime;][vc_empty_space][mk_fancy_title color=\u00a0\u00bb#e20c14&Prime; size=\u00a0\u00bb24&Prime; font_weight=\u00a0\u00bbbold\u00a0\u00bb font_family=\u00a0\u00bbnone\u00a0\u00bb] \u00caTES-VOUS TRANSPORTEUR DE LONG DISTANCES\u00a0 INTERNATIONAL ? [\/mk_fancy_title][vc_column_text css=\u00a0\u00bb.vc_custom_1686026465612{margin-bottom: 0px !important;}\u00a0\u00bb] Inscrivez-vous en tant que transporteur avec Mexicom Logistics Nous avons des chargements\u00a0 constantes entre le Mexique, les \u00c9tats-Unis et le Canada. [\/vc_column_text][vc_empty_space][\/vc_column][vc_column width=\u00a0\u00bb1\/6&Prime;][\/vc_column][\/mk_page_section][mk_page_section sidebar=\u00a0\u00bbsidebar-1&Prime;][vc_column width=\u00a0\u00bb1\/6&Prime;][\/vc_column][vc_column border_color=\u00a0\u00bb#e2e2e2&Prime; width=\u00a0\u00bb2\/3&Prime; css=\u00a0\u00bb.vc_custom_1686020967205{background-color: #f4f4f4 !important;}\u00a0\u00bb][vc_column_text css=\u00a0\u00bb.vc_custom_1686026518037{margin-bottom: 0px !important;}\u00a0\u00bb]PROT\u00c9GEZ-VOUS DES SCAM:\u00a0 Mexicom [&hellip;]\" \/>\n<meta property=\"og:url\" content=\"https:\/\/mexicomlogistics.com\/fr\/transportateurs\/\" \/>\n<meta property=\"og:site_name\" content=\"Mexicom Logistics\" \/>\n<meta property=\"article:modified_time\" content=\"2026-02-03T16:44:56+00:00\" \/>\n<meta name=\"twitter:card\" content=\"summary_large_image\" \/>\n<meta name=\"twitter:label1\" content=\"Dur\u00e9e de lecture estim\u00e9e\" \/>\n\t<meta name=\"twitter:data1\" content=\"3 minutes\" \/>\n<script type=\"application\/ld+json\" class=\"yoast-schema-graph\">{\"@context\":\"https:\\\/\\\/schema.org\",\"@graph\":[{\"@type\":\"WebPage\",\"@id\":\"https:\\\/\\\/mexicomlogistics.com\\\/fr\\\/transportateurs\\\/\",\"url\":\"https:\\\/\\\/mexicomlogistics.com\\\/fr\\\/transportateurs\\\/\",\"name\":\"Transportateurs - Mexicom Logistics\",\"isPartOf\":{\"@id\":\"https:\\\/\\\/mexicomlogistics.com\\\/fr\\\/#website\"},\"datePublished\":\"2023-06-06T02:09:26+00:00\",\"dateModified\":\"2026-02-03T16:44:56+00:00\",\"breadcrumb\":{\"@id\":\"https:\\\/\\\/mexicomlogistics.com\\\/fr\\\/transportateurs\\\/#breadcrumb\"},\"inLanguage\":\"fr-FR\",\"potentialAction\":[{\"@type\":\"ReadAction\",\"target\":[\"https:\\\/\\\/mexicomlogistics.com\\\/fr\\\/transportateurs\\\/\"]}]},{\"@type\":\"BreadcrumbList\",\"@id\":\"https:\\\/\\\/mexicomlogistics.com\\\/fr\\\/transportateurs\\\/#breadcrumb\",\"itemListElement\":[{\"@type\":\"ListItem\",\"position\":1,\"name\":\"Home\",\"item\":\"https:\\\/\\\/mexicomlogistics.com\\\/fr\\\/\"},{\"@type\":\"ListItem\",\"position\":2,\"name\":\"Transportateurs\"}]},{\"@type\":\"WebSite\",\"@id\":\"https:\\\/\\\/mexicomlogistics.com\\\/fr\\\/#website\",\"url\":\"https:\\\/\\\/mexicomlogistics.com\\\/fr\\\/\",\"name\":\"Mexicom Logistics\",\"description\":\"Ship with confidence\",\"publisher\":{\"@id\":\"https:\\\/\\\/mexicomlogistics.com\\\/fr\\\/#organization\"},\"potentialAction\":[{\"@type\":\"SearchAction\",\"target\":{\"@type\":\"EntryPoint\",\"urlTemplate\":\"https:\\\/\\\/mexicomlogistics.com\\\/fr\\\/?s={search_term_string}\"},\"query-input\":{\"@type\":\"PropertyValueSpecification\",\"valueRequired\":true,\"valueName\":\"search_term_string\"}}],\"inLanguage\":\"fr-FR\"},{\"@type\":\"Organization\",\"@id\":\"https:\\\/\\\/mexicomlogistics.com\\\/fr\\\/#organization\",\"name\":\"Mexicom Logistics\",\"url\":\"https:\\\/\\\/mexicomlogistics.com\\\/fr\\\/\",\"logo\":{\"@type\":\"ImageObject\",\"inLanguage\":\"fr-FR\",\"@id\":\"https:\\\/\\\/mexicomlogistics.com\\\/fr\\\/#\\\/schema\\\/logo\\\/image\\\/\",\"url\":\"https:\\\/\\\/mexicomlogistics.com\\\/wp-content\\\/uploads\\\/2017\\\/03\\\/logo-white.jpg\",\"contentUrl\":\"https:\\\/\\\/mexicomlogistics.com\\\/wp-content\\\/uploads\\\/2017\\\/03\\\/logo-white.jpg\",\"width\":617,\"height\":402,\"caption\":\"Mexicom Logistics\"},\"image\":{\"@id\":\"https:\\\/\\\/mexicomlogistics.com\\\/fr\\\/#\\\/schema\\\/logo\\\/image\\\/\"}}]}<\/script>\n<!-- \/ Yoast SEO plugin. -->","yoast_head_json":{"title":"Transportateurs - Mexicom Logistics","robots":{"index":"index","follow":"follow","max-snippet":"max-snippet:-1","max-image-preview":"max-image-preview:large","max-video-preview":"max-video-preview:-1"},"canonical":"https:\/\/mexicomlogistics.com\/fr\/transportateurs\/","og_locale":"fr_FR","og_type":"article","og_title":"Transportateurs - Mexicom Logistics","og_description":"[mk_page_section][vc_column][layerslider_vc id=\u00a0\u00bb5&Prime;][vc_empty_space][\/vc_column][\/mk_page_section][mk_page_section][vc_column width=\u00a0\u00bb1\/6&Prime;][\/vc_column][vc_column width=\u00a0\u00bb2\/3&Prime;][vc_empty_space][mk_fancy_title color=\u00a0\u00bb#e20c14&Prime; size=\u00a0\u00bb24&Prime; font_weight=\u00a0\u00bbbold\u00a0\u00bb font_family=\u00a0\u00bbnone\u00a0\u00bb] \u00caTES-VOUS TRANSPORTEUR DE LONG DISTANCES\u00a0 INTERNATIONAL ? [\/mk_fancy_title][vc_column_text css=\u00a0\u00bb.vc_custom_1686026465612{margin-bottom: 0px !important;}\u00a0\u00bb] Inscrivez-vous en tant que transporteur avec Mexicom Logistics Nous avons des chargements\u00a0 constantes entre le Mexique, les \u00c9tats-Unis et le Canada. [\/vc_column_text][vc_empty_space][\/vc_column][vc_column width=\u00a0\u00bb1\/6&Prime;][\/vc_column][\/mk_page_section][mk_page_section sidebar=\u00a0\u00bbsidebar-1&Prime;][vc_column width=\u00a0\u00bb1\/6&Prime;][\/vc_column][vc_column border_color=\u00a0\u00bb#e2e2e2&Prime; width=\u00a0\u00bb2\/3&Prime; css=\u00a0\u00bb.vc_custom_1686020967205{background-color: #f4f4f4 !important;}\u00a0\u00bb][vc_column_text css=\u00a0\u00bb.vc_custom_1686026518037{margin-bottom: 0px !important;}\u00a0\u00bb]PROT\u00c9GEZ-VOUS DES SCAM:\u00a0 Mexicom [&hellip;]","og_url":"https:\/\/mexicomlogistics.com\/fr\/transportateurs\/","og_site_name":"Mexicom Logistics","article_modified_time":"2026-02-03T16:44:56+00:00","twitter_card":"summary_large_image","twitter_misc":{"Dur\u00e9e de lecture estim\u00e9e":"3 minutes"},"schema":{"@context":"https:\/\/schema.org","@graph":[{"@type":"WebPage","@id":"https:\/\/mexicomlogistics.com\/fr\/transportateurs\/","url":"https:\/\/mexicomlogistics.com\/fr\/transportateurs\/","name":"Transportateurs - Mexicom Logistics","isPartOf":{"@id":"https:\/\/mexicomlogistics.com\/fr\/#website"},"datePublished":"2023-06-06T02:09:26+00:00","dateModified":"2026-02-03T16:44:56+00:00","breadcrumb":{"@id":"https:\/\/mexicomlogistics.com\/fr\/transportateurs\/#breadcrumb"},"inLanguage":"fr-FR","potentialAction":[{"@type":"ReadAction","target":["https:\/\/mexicomlogistics.com\/fr\/transportateurs\/"]}]},{"@type":"BreadcrumbList","@id":"https:\/\/mexicomlogistics.com\/fr\/transportateurs\/#breadcrumb","itemListElement":[{"@type":"ListItem","position":1,"name":"Home","item":"https:\/\/mexicomlogistics.com\/fr\/"},{"@type":"ListItem","position":2,"name":"Transportateurs"}]},{"@type":"WebSite","@id":"https:\/\/mexicomlogistics.com\/fr\/#website","url":"https:\/\/mexicomlogistics.com\/fr\/","name":"Mexicom Logistics","description":"Ship with confidence","publisher":{"@id":"https:\/\/mexicomlogistics.com\/fr\/#organization"},"potentialAction":[{"@type":"SearchAction","target":{"@type":"EntryPoint","urlTemplate":"https:\/\/mexicomlogistics.com\/fr\/?s={search_term_string}"},"query-input":{"@type":"PropertyValueSpecification","valueRequired":true,"valueName":"search_term_string"}}],"inLanguage":"fr-FR"},{"@type":"Organization","@id":"https:\/\/mexicomlogistics.com\/fr\/#organization","name":"Mexicom Logistics","url":"https:\/\/mexicomlogistics.com\/fr\/","logo":{"@type":"ImageObject","inLanguage":"fr-FR","@id":"https:\/\/mexicomlogistics.com\/fr\/#\/schema\/logo\/image\/","url":"https:\/\/mexicomlogistics.com\/wp-content\/uploads\/2017\/03\/logo-white.jpg","contentUrl":"https:\/\/mexicomlogistics.com\/wp-content\/uploads\/2017\/03\/logo-white.jpg","width":617,"height":402,"caption":"Mexicom Logistics"},"image":{"@id":"https:\/\/mexicomlogistics.com\/fr\/#\/schema\/logo\/image\/"}}]}},"jetpack_sharing_enabled":true,"jetpack_shortlink":"https:\/\/wp.me\/P8vZ39-4SB","_links":{"self":[{"href":"https:\/\/mexicomlogistics.com\/fr\/wp-json\/wp\/v2\/pages\/18761","targetHints":{"allow":["GET"]}}],"collection":[{"href":"https:\/\/mexicomlogistics.com\/fr\/wp-json\/wp\/v2\/pages"}],"about":[{"href":"https:\/\/mexicomlogistics.com\/fr\/wp-json\/wp\/v2\/types\/page"}],"author":[{"embeddable":true,"href":"https:\/\/mexicomlogistics.com\/fr\/wp-json\/wp\/v2\/users\/4"}],"replies":[{"embeddable":true,"href":"https:\/\/mexicomlogistics.com\/fr\/wp-json\/wp\/v2\/comments?post=18761"}],"version-history":[{"count":1,"href":"https:\/\/mexicomlogistics.com\/fr\/wp-json\/wp\/v2\/pages\/18761\/revisions"}],"predecessor-version":[{"id":22708,"href":"https:\/\/mexicomlogistics.com\/fr\/wp-json\/wp\/v2\/pages\/18761\/revisions\/22708"}],"wp:attachment":[{"href":"https:\/\/mexicomlogistics.com\/fr\/wp-json\/wp\/v2\/media?parent=18761"}],"curies":[{"name":"wp","href":"https:\/\/api.w.org\/{rel}","templated":true}]}}