{"id":14075,"date":"2020-12-05T18:53:29","date_gmt":"2020-12-05T23:53:29","guid":{"rendered":"https:\/\/mexicomlogistics.com\/?page_id=14075"},"modified":"2021-01-18T14:20:40","modified_gmt":"2021-01-18T19:20:40","slug":"etes-vous-un-transporteur-rejoindre-notre-reseau","status":"publish","type":"page","link":"https:\/\/mexicomlogistics.com\/fr\/etes-vous-un-transporteur-rejoindre-notre-reseau\/","title":{"rendered":"E\u0302tes-vous un transporteur? Rejoindre notre r\u00e9seau"},"content":{"rendered":"<div class=\"wpb-content-wrapper\">[vc_row visibility=\u00a0\u00bbhidden-sm\u00a0\u00bb css=\u00a0\u00bb.vc_custom_1607386844065{background-image: url(https:\/\/mexicomlogistics.com\/wp-content\/uploads\/2020\/12\/carriers-fr-pagina-2.png?id=14358) !important;background-position: center !important;background-repeat: no-repeat !important;background-size: cover !important;}\u00a0\u00bb el_class=\u00a0\u00bbtrucking-row-1&Prime;][vc_column][mk_padding_divider size=\u00a0\u00bb100&Prime; visibility=\u00a0\u00bbvisible-sm\u00a0\u00bb][mk_padding_divider size=\u00a0\u00bb250&Prime; visibility=\u00a0\u00bbhidden-sm\u00a0\u00bb][mk_padding_divider size=\u00a0\u00bb250&Prime; visibility=\u00a0\u00bbhidden-sm\u00a0\u00bb][\/vc_column][\/vc_row][vc_row][vc_column][mk_padding_divider size=\u00a0\u00bb20&Prime;][mk_button dimension=\u00a0\u00bbtwo\u00a0\u00bb corner_style=\u00a0\u00bbfull_rounded\u00a0\u00bb size=\u00a0\u00bbx-large\u00a0\u00bb url=\u00a0\u00bbhttps:\/\/mexicomlogistics.com\/fr\/etes-vous-un-transporteur-rejoindre-notre-reseau\/#formulairetransporteurs\u00a0\u00bb target=\u00a0\u00bb_blank\u00a0\u00bb align=\u00a0\u00bbcenter\u00a0\u00bb bg_color=\u00a0\u00bb#ff0000&Prime;]REJOINDRE NOTRE R\u00c9SEAU![\/mk_button][mk_padding_divider size=\u00a0\u00bb20&Prime;][\/vc_column][\/vc_row][vc_row equal_columns=\u00a0\u00bbtrue\u00a0\u00bb visibility=\u00a0\u00bbhidden-sm\u00a0\u00bb css=\u00a0\u00bb.vc_custom_1568230930903{padding-top: 20px !important;padding-right: 20px !important;padding-bottom: 20px !important;padding-left: 20px !important;border-radius: 3px !important;}\u00a0\u00bb][vc_column][mk_title_box font_family=\u00a0\u00bbnone\u00a0\u00bb]\n<h1 style=\"text-align: center;\">\u00a0E\u0302tes-vous un transporteur?<\/h1>\n<h1 style=\"text-align: center;\">Rejoindre notre r\u00e9seau<\/h1>\n[\/mk_title_box][vc_column_text css=\u00a0\u00bb.vc_custom_1607385863007{margin-bottom: 0px !important;}\u00a0\u00bb]\n<div class=\"page\" title=\"Page 1\">\n<div class=\"layoutArea\">\n<div class=\"column\">\n<p>Mexicom Logistics a plus de 15 anne\u0301es d\u2019expe\u0301rience a\u0300 l\u2019expedition de fret par camion entre le Mexique, les E\u0301tats-Unis et Canada. Avec notre r\u00e9seau de transporteurs, nous offrons services de Chargement Complet (FTL) et Chargement Partiel (PTL et LTL) en fonction des besoins de nos clients.<\/p>\n<\/div>\n<\/div>\n<\/div>\n<h3>Nous voulons travailler avec vous!<\/h3>\n[\/vc_column_text][vc_separator color=\u00a0\u00bbpeacoc\u00a0\u00bb][mk_padding_divider size=\u00a0\u00bb20&Prime;][vc_column_text css=\u00a0\u00bb.vc_custom_1607113297526{margin-bottom: 0px !important;}\u00a0\u00bb]\n<h2 style=\"text-align: center;\"><span style=\"color: #008080;\">AVANTAGES D&rsquo;\u00caTRE UN TRANSPORTEUR ENREGISTR\u00c9 SUR MEXICOM LOGISTICS<\/span><\/h2>\n[\/vc_column_text][\/vc_column][\/vc_row][vc_row equal_columns=\u00a0\u00bbtrue\u00a0\u00bb css=\u00a0\u00bb.vc_custom_1548957668669{padding-top: 20px !important;padding-right: 20px !important;padding-bottom: 20px !important;padding-left: 20px !important;border-radius: 3px !important;}\u00a0\u00bb][vc_column][vc_column_text css=\u00a0\u00bb.vc_custom_1607114360186{margin-bottom: 0px !important;}\u00a0\u00bb]\n<h4 style=\"text-align: center;\"><span style=\"color: #008080;\">OPTIONS DE PAIEMENT RAPIDE<\/span><\/h4>\n[\/vc_column_text][vc_single_image image=\u00a0\u00bb5610&Prime; img_size=\u00a0\u00bbfull\u00a0\u00bb alignment=\u00a0\u00bbcenter\u00a0\u00bb][vc_column_text css=\u00a0\u00bb.vc_custom_1607114026778{margin-bottom: 0px !important;}\u00a0\u00bb]\n<p style=\"text-align: center;\">Paiements rapides QuickPay*<\/p>\n<div class=\"page\" title=\"Page 1\">\n<div class=\"layoutArea\">\n<div class=\"column\">\n<h4 style=\"text-align: center;\">dans un de\u0301lai de 1 jour apre\u0300s la livraison.<\/h4>\n<p style=\"text-align: center;\">Paiements rapides QuickPay*<\/p>\n<div class=\"page\" title=\"Page 1\">\n<div class=\"layoutArea\">\n<div class=\"column\">\n<h4 style=\"text-align: center;\">dans un de\u0301lai de 14 jours apre\u0300s la livraison.<\/h4>\n<p style=\"text-align: center;\">Paiement standard<\/p>\n<div class=\"page\" title=\"Page 1\">\n<div class=\"layoutArea\">\n<div class=\"column\">\n<h4 style=\"text-align: center;\">dans un de\u0301lai de 21 jours.<\/h4>\n<p style=\"text-align: center;\">P\u00e9riode plus courte que celle des autres enterprises de logistique.<\/p>\n<\/div>\n<\/div>\n<\/div>\n<\/div>\n<\/div>\n<\/div>\n<\/div>\n<\/div>\n<\/div>\n[\/vc_column_text][vc_separator style=\u00a0\u00bbdotted\u00a0\u00bb][vc_column_text css=\u00a0\u00bb.vc_custom_1607117568340{margin-bottom: 0px !important;}\u00a0\u00bb]\n<p style=\"text-align: center;\">* Des frais suppl\u00e9mentaires s&rsquo;appliquent.<\/p>\n[\/vc_column_text][\/vc_column][\/vc_row][vc_row equal_columns=\u00a0\u00bbtrue\u00a0\u00bb css=\u00a0\u00bb.vc_custom_1548957668669{padding-top: 20px !important;padding-right: 20px !important;padding-bottom: 20px !important;padding-left: 20px !important;border-radius: 3px !important;}\u00a0\u00bb][vc_column][vc_separator color=\u00a0\u00bbpeacoc\u00a0\u00bb][mk_padding_divider size=\u00a0\u00bb20&Prime;][vc_column_text css=\u00a0\u00bb.vc_custom_1607386907332{margin-bottom: 0px !important;}\u00a0\u00bb]\n<h2 style=\"text-align: center;\"><span style=\"color: #008080;\">Nous trouvons des chargements disponibles qui r\u00e9pondent \u00e0 vos besoins et capacit\u00e9s<\/span><\/h2>\n[\/vc_column_text][\/vc_column][\/vc_row][vc_row][vc_column blend_mode=\u00a0\u00bboverlay\u00a0\u00bb width=\u00a0\u00bb1\/3&Prime;][mk_milestone icon_size=\u00a0\u00bblarge\u00a0\u00bb align=\u00a0\u00bbcenter\u00a0\u00bb stop=\u00a0\u00bb17000&Prime; speed=\u00a0\u00bb1000&Prime; text=\u00a0\u00bbChargements chaque anne\u0301e\u00a0\u00bb text_color=\u00a0\u00bb#000000&Prime; text_size=\u00a0\u00bb\u00a0\u00bb font_family=\u00a0\u00bbRaleway\u00a0\u00bb font_type=\u00a0\u00bbgoogle\u00a0\u00bb font_weight=\u00a0\u00bb500&Prime; desc_size=\u00a0\u00bb21&Prime;][\/vc_column][vc_column width=\u00a0\u00bb1\/3&Prime;][mk_milestone icon_size=\u00a0\u00bblarge\u00a0\u00bb align=\u00a0\u00bbcenter\u00a0\u00bb stop=\u00a0\u00bb1800&Prime; speed=\u00a0\u00bb1000&Prime; text=\u00a0\u00bbClients satisfaits\u00a0\u00bb text_color=\u00a0\u00bb#000000&Prime; text_size=\u00a0\u00bb\u00a0\u00bb font_family=\u00a0\u00bbRaleway\u00a0\u00bb font_type=\u00a0\u00bbgoogle\u00a0\u00bb font_weight=\u00a0\u00bb500&Prime; desc_size=\u00a0\u00bb21&Prime;][\/vc_column][vc_column width=\u00a0\u00bb1\/3&Prime;][mk_milestone icon_size=\u00a0\u00bblarge\u00a0\u00bb align=\u00a0\u00bbcenter\u00a0\u00bb stop=\u00a0\u00bb50%\u00a0\u00bb speed=\u00a0\u00bb1000&Prime; suffix=\u00a0\u00bb%\u00a0\u00bb text=\u00a0\u00bbDes affaires realise\u0301es avec nos transporteurs fr\u00e9quents\u00a0\u00bb text_color=\u00a0\u00bb#000000&Prime; text_size=\u00a0\u00bb\u00a0\u00bb font_family=\u00a0\u00bbRaleway\u00a0\u00bb font_type=\u00a0\u00bbgoogle\u00a0\u00bb font_weight=\u00a0\u00bb500&Prime; desc_size=\u00a0\u00bb21&Prime;][\/vc_column][\/vc_row][vc_row equal_columns=\u00a0\u00bbtrue\u00a0\u00bb column_padding=\u00a0\u00bb2&Prime; css=\u00a0\u00bb.vc_custom_1548196999483{padding-top: 20px !important;padding-right: 20px !important;padding-bottom: 20px !important;padding-left: 20px !important;border-radius: 4px !important;}\u00a0\u00bb][vc_column][mk_button dimension=\u00a0\u00bbtwo\u00a0\u00bb corner_style=\u00a0\u00bbfull_rounded\u00a0\u00bb size=\u00a0\u00bblarge\u00a0\u00bb url=\u00a0\u00bbhttps:\/\/mexicomlogistics.com\/fr\/etes-vous-un-transporteur-rejoindre-notre-reseau\/#formulairetransporteurs\u00a0\u00bb target=\u00a0\u00bb_blank\u00a0\u00bb align=\u00a0\u00bbcenter\u00a0\u00bb bg_color=\u00a0\u00bb#ff0000&Prime;]Rejoindre notre r\u00e9seau![\/mk_button][mk_divider margin_top=\u00a0\u00bb30&Prime;][mk_divider style=\u00a0\u00bbpadding_space\u00a0\u00bb margin_top=\u00a0\u00bb30&Prime;][\/vc_column][\/vc_row][vc_row equal_columns=\u00a0\u00bbtrue\u00a0\u00bb css=\u00a0\u00bb.vc_custom_1548958507158{padding-top: 20px !important;padding-right: 20px !important;padding-bottom: 20px !important;padding-left: 20px !important;border-radius: 3px !important;}\u00a0\u00bb][vc_column][mk_padding_divider size=\u00a0\u00bb20&Prime;][mk_title_box font_family=\u00a0\u00bbnone\u00a0\u00bb]\n<h3 style=\"text-align: center;\"><span style=\"color: #ff0000;\">Zones de livraison<\/span><\/h3>\n<h3 style=\"text-align: center;\"><\/h3>\n[\/mk_title_box][\/vc_column][\/vc_row][vc_row equal_columns=\u00a0\u00bbtrue\u00a0\u00bb css=\u00a0\u00bb.vc_custom_1548960091626{padding-top: 20px !important;padding-right: 20px !important;padding-bottom: 20px !important;padding-left: 20px !important;background-color: rgba(49,145,160,0.07) !important;*background-color: rgb(49,145,160) !important;border-radius: 3px !important;}\u00a0\u00bb][vc_column width=\u00a0\u00bb1\/6&Prime;][mk_padding_divider size=\u00a0\u00bb20&Prime;][vc_column_text css=\u00a0\u00bb.vc_custom_1607357072910{margin-bottom: 0px !important;}\u00a0\u00bb]\n<h4>Au Canada<\/h4>\n<p class=\"p1\">Qu\u00e9bec<\/p>\n<p>Ontario<\/p>\n<p id=\"firstHeading\" class=\"firstHeading\" lang=\"fr\">Colombie-Britannique<\/p>\n<p>Alberta[\/vc_column_text][\/vc_column][vc_column width=\u00a0\u00bb1\/6&Prime;][mk_padding_divider size=\u00a0\u00bb20&Prime;][vc_column_text css=\u00a0\u00bb.vc_custom_1607357052744{margin-bottom: 0px !important;}\u00a0\u00bb]\n<h4>Aux \u00c9tats-Unis<\/h4>\n<p class=\"p1\">Le Midwest<\/p>\n<p class=\"p1\">Le Nord-Est<\/p>\n<p class=\"p1\">Texas<\/p>\n<p class=\"p1\">Californie<\/p>\n<p class=\"p1\">Floride<\/p>\n<p class=\"p1\">G\u00e9orgie<\/p>\n<p class=\"p1\">Caroline du Nord<\/p>\n<p class=\"p1\">Caroline du Sud<\/p>\n[\/vc_column_text][\/vc_column][vc_column width=\u00a0\u00bb1\/6&Prime;][mk_padding_divider size=\u00a0\u00bb20&Prime;][vc_column_text css=\u00a0\u00bb.vc_custom_1607356750483{margin-bottom: 0px !important;}\u00a0\u00bb]\n<h4>Au Mexique<\/h4>\n<p class=\"p1\">Le\u00a0Baj\u00edo<\/p>\n<p class=\"p1\">Guadalajara<\/p>\n<p class=\"p1\">Monterrey<\/p>\n<p class=\"p1\">Puebla<\/p>\n<p class=\"p1\">Ville de Mexico<\/p>\n<p class=\"p1\">San Luis Potos\u00ed<\/p>\n<p class=\"p1\">Aguascalientes<\/p>\n[\/vc_column_text][\/vc_column][vc_column width=\u00a0\u00bb1\/2&Prime;][mk_padding_divider size=\u00a0\u00bb20&Prime;][vc_single_image image=\u00a0\u00bb14095&Prime; img_size=\u00a0\u00bbfull\u00a0\u00bb][\/vc_column][\/vc_row][vc_row equal_columns=\u00a0\u00bbtrue\u00a0\u00bb css=\u00a0\u00bb.vc_custom_1548960073673{padding-top: 20px !important;padding-right: 20px !important;padding-bottom: 20px !important;padding-left: 20px !important;background-color: rgba(49,145,160,0.07) !important;*background-color: rgb(49,145,160) !important;border-radius: 3px !important;}\u00a0\u00bb][vc_column width=\u00a0\u00bb1\/6&Prime;][\/vc_column][vc_column width=\u00a0\u00bb2\/3&Prime;][mk_padding_divider size=\u00a0\u00bb20&Prime;][vc_column_text css=\u00a0\u00bb.vc_custom_1607213198003{margin-bottom: 0px !important;}\u00a0\u00bb]\n<h4>50% chargements transfrontaliers Canada-\u00c9tats-Unis-Mexique<\/h4>\n[\/vc_column_text][vc_column_text css=\u00a0\u00bb.vc_custom_1607355856282{margin-bottom: 0px !important;}\u00a0\u00bb]\n<h4>50%\u00a0 chargements dans les \u00c9tats-Unis<\/h4>\n<h4><\/h4>\n[\/vc_column_text][mk_padding_divider size=\u00a0\u00bb20&Prime;][\/vc_column][vc_column width=\u00a0\u00bb1\/6&Prime;][\/vc_column][\/vc_row][vc_row equal_columns=\u00a0\u00bbtrue\u00a0\u00bb css=\u00a0\u00bb.vc_custom_1548957668669{padding-top: 20px !important;padding-right: 20px !important;padding-bottom: 20px !important;padding-left: 20px !important;border-radius: 3px !important;}\u00a0\u00bb][vc_column][vc_separator color=\u00a0\u00bbpeacoc\u00a0\u00bb][mk_padding_divider size=\u00a0\u00bb20&Prime;][vc_column_text css=\u00a0\u00bb.vc_custom_1607386946379{margin-bottom: 0px !important;}\u00a0\u00bb]\n<h3 style=\"text-align: center;\"><span style=\"color: #008080;\">Vous \u00eates hors de notre zone de livraisons?\u00a0<\/span><\/h3>\n<p style=\"text-align: center;\">Nous trouvons des chargements disponibles qui r\u00e9pondent \u00e0 vos besoins et capacit\u00e9s.<\/p>\n<p style=\"text-align: center;\">Rejoindre notre r\u00e9seau de transporteurs, nous pourrions travailler ensemble \u00e0 l&rsquo;avenir.<\/p>\n<h2 style=\"text-align: center;\"><\/h2>\n[\/vc_column_text][\/vc_column][\/vc_row][vc_row equal_columns=\u00a0\u00bbtrue\u00a0\u00bb css=\u00a0\u00bb.vc_custom_1607389226321{padding-top: 20px !important;padding-right: 20px !important;padding-bottom: 20px !important;padding-left: 20px !important;border-radius: 3px !important;}\u00a0\u00bb id=\u00a0\u00bbformulairetransporteurs\u00a0\u00bb][vc_column][vc_separator color=\u00a0\u00bbpeacoc\u00a0\u00bb][mk_padding_divider size=\u00a0\u00bb20&Prime;][vc_column_text css=\u00a0\u00bb.vc_custom_1607387594206{margin-bottom: 0px !important;}\u00a0\u00bb]\n<h2 style=\"text-align: center;\"><span style=\"color: #008080;\">Inscription au notre r\u00e9seau de transporteurs<\/span><\/h2>\n<h4 style=\"text-align: center;\">Veuillez remplir le formulaire suivant et nous vous appellerons dans une heure.<\/h4>\n<div class=\"ellip\"><\/div>\n[\/vc_column_text][\/vc_column][\/vc_row][vc_row equal_columns=\u00a0\u00bbtrue\u00a0\u00bb css=\u00a0\u00bb.vc_custom_1606316117914{padding-top: 20px !important;padding-right: 20px !important;padding-bottom: 20px !important;padding-left: 20px !important;border-radius: 3px !important;}\u00a0\u00bb][vc_column width=\u00a0\u00bb1\/6&Prime;][\/vc_column][vc_column width=\u00a0\u00bb2\/3&Prime;][vc_raw_html]JTNDaWZyYW1lJTIwc3JjJTNEJTIyaHR0cHMlM0ElMkYlMkZkb2NzLmdvb2dsZS5jb20lMkZmb3JtcyUyRmQlMkZlJTJGMUZBSXBRTFNmWGJwMGYyOHowaXk2WHA1QjhJcVg2Rk0tbkhpMk51UEVibGg2Ti10X3NzRWtreHclMkZ2aWV3Zm9ybSUzRmVtYmVkZGVkJTNEdHJ1ZSUyMiUyMHdpZHRoJTNEJTIyNjQwJTIyJTIwaGVpZ2h0JTNEJTIyMzgyOSUyMiUyMGZyYW1lYm9yZGVyJTNEJTIyMCUyMiUyMG1hcmdpbmhlaWdodCUzRCUyMjAlMjIlMjBtYXJnaW53aWR0aCUzRCUyMjAlMjIlM0VMb2FkaW5nJUUyJTgwJUE2JTNDJTJGaWZyYW1lJTNF[\/vc_raw_html][\/vc_column][vc_column width=\u00a0\u00bb1\/6&Prime;][\/vc_column][\/vc_row][vc_row equal_columns=\u00a0\u00bbtrue\u00a0\u00bb css=\u00a0\u00bb.vc_custom_1548885248600{padding-top: 20px !important;padding-right: 20px !important;padding-bottom: 20px !important;padding-left: 20px !important;border-radius: 3px !important;}\u00a0\u00bb][vc_column][mk_divider style=\u00a0\u00bbpadding_space\u00a0\u00bb margin_top=\u00a0\u00bb30&Prime;][\/vc_column][\/vc_row][vc_row][vc_column][mk_divider][mk_padding_divider size=\u00a0\u00bb7&Prime;][mk_padding_divider size=\u00a0\u00bb7&Prime;][\/vc_column][\/vc_row][vc_row][vc_column][vc_facebook][mk_social_networks size=\u00a0\u00bbx-large\u00a0\u00bb icon_color=\u00a0\u00bb#146372&Prime; icon_hover_color=\u00a0\u00bb#eeeeee\u00a0\u00bb facebook=\u00a0\u00bbhttps:\/\/www.facebook.com\/MexLog\/\u00a0\u00bb twitter=\u00a0\u00bbhttps:\/\/twitter.com\/MexicomLogistic\u00a0\u00bb linkedin=\u00a0\u00bbhttps:\/\/www.linkedin.com\/company\/mexicom-logistics\/\u00a0\u00bb][\/vc_column][\/vc_row][vc_row][vc_column][vc_column_text]\n<p>&nbsp;<\/p>\n[\/vc_column_text][\/vc_column][\/vc_row]\n<\/div>","protected":false},"excerpt":{"rendered":"<p>[vc_row visibility=\u00a0\u00bbhidden-sm\u00a0\u00bb css=\u00a0\u00bb.vc_custom_1607386844065{background-image: url(https:\/\/mexicomlogistics.com\/wp-content\/uploads\/2020\/12\/carriers-fr-pagina-2.png?id=14358) !important;background-position: center !important;background-repeat: no-repeat !important;background-size: cover !important;}\u00a0\u00bb el_class=\u00a0\u00bbtrucking-row-1&Prime;][vc_column][mk_padding_divider size=\u00a0\u00bb100&Prime; visibility=\u00a0\u00bbvisible-sm\u00a0\u00bb][mk_padding_divider size=\u00a0\u00bb250&Prime; visibility=\u00a0\u00bbhidden-sm\u00a0\u00bb][mk_padding_divider size=\u00a0\u00bb250&Prime; visibility=\u00a0\u00bbhidden-sm\u00a0\u00bb][\/vc_column][\/vc_row][vc_row][vc_column][mk_padding_divider size=\u00a0\u00bb20&Prime;][mk_button dimension=\u00a0\u00bbtwo\u00a0\u00bb corner_style=\u00a0\u00bbfull_rounded\u00a0\u00bb size=\u00a0\u00bbx-large\u00a0\u00bb url=\u00a0\u00bbhttps:\/\/mexicomlogistics.com\/fr\/etes-vous-un-transporteur-rejoindre-notre-reseau\/#formulairetransporteurs\u00a0\u00bb target=\u00a0\u00bb_blank\u00a0\u00bb align=\u00a0\u00bbcenter\u00a0\u00bb bg_color=\u00a0\u00bb#ff0000&Prime;]REJOINDRE NOTRE R\u00c9SEAU![\/mk_button][mk_padding_divider size=\u00a0\u00bb20&Prime;][\/vc_column][\/vc_row][vc_row equal_columns=\u00a0\u00bbtrue\u00a0\u00bb visibility=\u00a0\u00bbhidden-sm\u00a0\u00bb css=\u00a0\u00bb.vc_custom_1568230930903{padding-top: 20px !important;padding-right: 20px !important;padding-bottom: 20px !important;padding-left: 20px !important;border-radius: 3px !important;}\u00a0\u00bb][vc_column][mk_title_box font_family=\u00a0\u00bbnone\u00a0\u00bb] \u00a0E\u0302tes-vous un transporteur? Rejoindre notre r\u00e9seau [\/mk_title_box][vc_column_text css=\u00a0\u00bb.vc_custom_1607385863007{margin-bottom: 0px !important;}\u00a0\u00bb] Mexicom Logistics [&hellip;]<\/p>\n","protected":false},"author":4,"featured_media":0,"parent":0,"menu_order":0,"comment_status":"closed","ping_status":"closed","template":"","meta":{"content-type":"","jetpack_post_was_ever_published":false,"footnotes":""},"class_list":["post-14075","page","type-page","status-publish","hentry"],"yoast_head":"<!-- This site is optimized with the Yoast SEO plugin v27.2 - https:\/\/yoast.com\/product\/yoast-seo-wordpress\/ -->\n<title>E\u0302tes-vous un transporteur? Rejoindre notre r\u00e9seau - Mexicom Logistics<\/title>\n<meta name=\"description\" content=\"E\u0302TES-VOUS UN TRANSPORTEUR? REJOINDRE NOTRE R\u00c9SEAU Mexicom Logistics a plus de 15 anne\u0301es d\u2019expe\u0301rience a\u0300 l\u2019expedition de fret par camion entre le Mexique, les E\u0301tats-Unis et Canada.\" \/>\n<meta name=\"robots\" content=\"index, follow, max-snippet:-1, max-image-preview:large, max-video-preview:-1\" \/>\n<link rel=\"canonical\" href=\"https:\/\/mexicomlogistics.com\/fr\/etes-vous-un-transporteur-rejoindre-notre-reseau\/\" \/>\n<meta property=\"og:locale\" content=\"fr_FR\" \/>\n<meta property=\"og:type\" content=\"article\" \/>\n<meta property=\"og:title\" content=\"E\u0302tes-vous un transporteur? Rejoindre notre r\u00e9seau - Mexicom Logistics\" \/>\n<meta property=\"og:description\" content=\"E\u0302TES-VOUS UN TRANSPORTEUR? REJOINDRE NOTRE R\u00c9SEAU Mexicom Logistics a plus de 15 anne\u0301es d\u2019expe\u0301rience a\u0300 l\u2019expedition de fret par camion entre le Mexique, les E\u0301tats-Unis et Canada.\" \/>\n<meta property=\"og:url\" content=\"https:\/\/mexicomlogistics.com\/fr\/etes-vous-un-transporteur-rejoindre-notre-reseau\/\" \/>\n<meta property=\"og:site_name\" content=\"Mexicom Logistics\" \/>\n<meta property=\"article:modified_time\" content=\"2021-01-18T19:20:40+00:00\" \/>\n<meta name=\"twitter:card\" content=\"summary_large_image\" \/>\n<meta name=\"twitter:label1\" content=\"Dur\u00e9e de lecture estim\u00e9e\" \/>\n\t<meta name=\"twitter:data1\" content=\"6 minutes\" \/>\n<script type=\"application\/ld+json\" class=\"yoast-schema-graph\">{\"@context\":\"https:\/\/schema.org\",\"@graph\":[{\"@type\":\"WebPage\",\"@id\":\"https:\/\/mexicomlogistics.com\/fr\/etes-vous-un-transporteur-rejoindre-notre-reseau\/\",\"url\":\"https:\/\/mexicomlogistics.com\/fr\/etes-vous-un-transporteur-rejoindre-notre-reseau\/\",\"name\":\"E\u0302tes-vous un transporteur? Rejoindre notre r\u00e9seau - Mexicom Logistics\",\"isPartOf\":{\"@id\":\"https:\/\/mexicomlogistics.com\/fr\/#website\"},\"datePublished\":\"2020-12-05T23:53:29+00:00\",\"dateModified\":\"2021-01-18T19:20:40+00:00\",\"description\":\"E\u0302TES-VOUS UN TRANSPORTEUR? REJOINDRE NOTRE R\u00c9SEAU Mexicom Logistics a plus de 15 anne\u0301es d\u2019expe\u0301rience a\u0300 l\u2019expedition de fret par camion entre le Mexique, les E\u0301tats-Unis et Canada.\",\"breadcrumb\":{\"@id\":\"https:\/\/mexicomlogistics.com\/fr\/etes-vous-un-transporteur-rejoindre-notre-reseau\/#breadcrumb\"},\"inLanguage\":\"fr-FR\",\"potentialAction\":[{\"@type\":\"ReadAction\",\"target\":[\"https:\/\/mexicomlogistics.com\/fr\/etes-vous-un-transporteur-rejoindre-notre-reseau\/\"]}]},{\"@type\":\"BreadcrumbList\",\"@id\":\"https:\/\/mexicomlogistics.com\/fr\/etes-vous-un-transporteur-rejoindre-notre-reseau\/#breadcrumb\",\"itemListElement\":[{\"@type\":\"ListItem\",\"position\":1,\"name\":\"Home\",\"item\":\"https:\/\/mexicomlogistics.com\/fr\/\"},{\"@type\":\"ListItem\",\"position\":2,\"name\":\"E\u0302tes-vous un transporteur? Rejoindre notre r\u00e9seau\"}]},{\"@type\":\"WebSite\",\"@id\":\"https:\/\/mexicomlogistics.com\/fr\/#website\",\"url\":\"https:\/\/mexicomlogistics.com\/fr\/\",\"name\":\"Mexicom Logistics\",\"description\":\"Ship with confidence\",\"publisher\":{\"@id\":\"https:\/\/mexicomlogistics.com\/fr\/#organization\"},\"potentialAction\":[{\"@type\":\"SearchAction\",\"target\":{\"@type\":\"EntryPoint\",\"urlTemplate\":\"https:\/\/mexicomlogistics.com\/fr\/?s={search_term_string}\"},\"query-input\":{\"@type\":\"PropertyValueSpecification\",\"valueRequired\":true,\"valueName\":\"search_term_string\"}}],\"inLanguage\":\"fr-FR\"},{\"@type\":\"Organization\",\"@id\":\"https:\/\/mexicomlogistics.com\/fr\/#organization\",\"name\":\"Mexicom Logistics\",\"url\":\"https:\/\/mexicomlogistics.com\/fr\/\",\"logo\":{\"@type\":\"ImageObject\",\"inLanguage\":\"fr-FR\",\"@id\":\"https:\/\/mexicomlogistics.com\/fr\/#\/schema\/logo\/image\/\",\"url\":\"https:\/\/mexicomlogistics.com\/wp-content\/uploads\/2017\/03\/logo-white.jpg\",\"contentUrl\":\"https:\/\/mexicomlogistics.com\/wp-content\/uploads\/2017\/03\/logo-white.jpg\",\"width\":617,\"height\":402,\"caption\":\"Mexicom Logistics\"},\"image\":{\"@id\":\"https:\/\/mexicomlogistics.com\/fr\/#\/schema\/logo\/image\/\"}}]}<\/script>\n<!-- \/ Yoast SEO plugin. -->","yoast_head_json":{"title":"E\u0302tes-vous un transporteur? Rejoindre notre r\u00e9seau - Mexicom Logistics","description":"E\u0302TES-VOUS UN TRANSPORTEUR? REJOINDRE NOTRE R\u00c9SEAU Mexicom Logistics a plus de 15 anne\u0301es d\u2019expe\u0301rience a\u0300 l\u2019expedition de fret par camion entre le Mexique, les E\u0301tats-Unis et Canada.","robots":{"index":"index","follow":"follow","max-snippet":"max-snippet:-1","max-image-preview":"max-image-preview:large","max-video-preview":"max-video-preview:-1"},"canonical":"https:\/\/mexicomlogistics.com\/fr\/etes-vous-un-transporteur-rejoindre-notre-reseau\/","og_locale":"fr_FR","og_type":"article","og_title":"E\u0302tes-vous un transporteur? Rejoindre notre r\u00e9seau - Mexicom Logistics","og_description":"E\u0302TES-VOUS UN TRANSPORTEUR? REJOINDRE NOTRE R\u00c9SEAU Mexicom Logistics a plus de 15 anne\u0301es d\u2019expe\u0301rience a\u0300 l\u2019expedition de fret par camion entre le Mexique, les E\u0301tats-Unis et Canada.","og_url":"https:\/\/mexicomlogistics.com\/fr\/etes-vous-un-transporteur-rejoindre-notre-reseau\/","og_site_name":"Mexicom Logistics","article_modified_time":"2021-01-18T19:20:40+00:00","twitter_card":"summary_large_image","twitter_misc":{"Dur\u00e9e de lecture estim\u00e9e":"6 minutes"},"schema":{"@context":"https:\/\/schema.org","@graph":[{"@type":"WebPage","@id":"https:\/\/mexicomlogistics.com\/fr\/etes-vous-un-transporteur-rejoindre-notre-reseau\/","url":"https:\/\/mexicomlogistics.com\/fr\/etes-vous-un-transporteur-rejoindre-notre-reseau\/","name":"E\u0302tes-vous un transporteur? Rejoindre notre r\u00e9seau - Mexicom Logistics","isPartOf":{"@id":"https:\/\/mexicomlogistics.com\/fr\/#website"},"datePublished":"2020-12-05T23:53:29+00:00","dateModified":"2021-01-18T19:20:40+00:00","description":"E\u0302TES-VOUS UN TRANSPORTEUR? REJOINDRE NOTRE R\u00c9SEAU Mexicom Logistics a plus de 15 anne\u0301es d\u2019expe\u0301rience a\u0300 l\u2019expedition de fret par camion entre le Mexique, les E\u0301tats-Unis et Canada.","breadcrumb":{"@id":"https:\/\/mexicomlogistics.com\/fr\/etes-vous-un-transporteur-rejoindre-notre-reseau\/#breadcrumb"},"inLanguage":"fr-FR","potentialAction":[{"@type":"ReadAction","target":["https:\/\/mexicomlogistics.com\/fr\/etes-vous-un-transporteur-rejoindre-notre-reseau\/"]}]},{"@type":"BreadcrumbList","@id":"https:\/\/mexicomlogistics.com\/fr\/etes-vous-un-transporteur-rejoindre-notre-reseau\/#breadcrumb","itemListElement":[{"@type":"ListItem","position":1,"name":"Home","item":"https:\/\/mexicomlogistics.com\/fr\/"},{"@type":"ListItem","position":2,"name":"E\u0302tes-vous un transporteur? Rejoindre notre r\u00e9seau"}]},{"@type":"WebSite","@id":"https:\/\/mexicomlogistics.com\/fr\/#website","url":"https:\/\/mexicomlogistics.com\/fr\/","name":"Mexicom Logistics","description":"Ship with confidence","publisher":{"@id":"https:\/\/mexicomlogistics.com\/fr\/#organization"},"potentialAction":[{"@type":"SearchAction","target":{"@type":"EntryPoint","urlTemplate":"https:\/\/mexicomlogistics.com\/fr\/?s={search_term_string}"},"query-input":{"@type":"PropertyValueSpecification","valueRequired":true,"valueName":"search_term_string"}}],"inLanguage":"fr-FR"},{"@type":"Organization","@id":"https:\/\/mexicomlogistics.com\/fr\/#organization","name":"Mexicom Logistics","url":"https:\/\/mexicomlogistics.com\/fr\/","logo":{"@type":"ImageObject","inLanguage":"fr-FR","@id":"https:\/\/mexicomlogistics.com\/fr\/#\/schema\/logo\/image\/","url":"https:\/\/mexicomlogistics.com\/wp-content\/uploads\/2017\/03\/logo-white.jpg","contentUrl":"https:\/\/mexicomlogistics.com\/wp-content\/uploads\/2017\/03\/logo-white.jpg","width":617,"height":402,"caption":"Mexicom Logistics"},"image":{"@id":"https:\/\/mexicomlogistics.com\/fr\/#\/schema\/logo\/image\/"}}]}},"jetpack_sharing_enabled":true,"jetpack_shortlink":"https:\/\/wp.me\/P8vZ39-3F1","_links":{"self":[{"href":"https:\/\/mexicomlogistics.com\/fr\/wp-json\/wp\/v2\/pages\/14075","targetHints":{"allow":["GET"]}}],"collection":[{"href":"https:\/\/mexicomlogistics.com\/fr\/wp-json\/wp\/v2\/pages"}],"about":[{"href":"https:\/\/mexicomlogistics.com\/fr\/wp-json\/wp\/v2\/types\/page"}],"author":[{"embeddable":true,"href":"https:\/\/mexicomlogistics.com\/fr\/wp-json\/wp\/v2\/users\/4"}],"replies":[{"embeddable":true,"href":"https:\/\/mexicomlogistics.com\/fr\/wp-json\/wp\/v2\/comments?post=14075"}],"version-history":[{"count":0,"href":"https:\/\/mexicomlogistics.com\/fr\/wp-json\/wp\/v2\/pages\/14075\/revisions"}],"wp:attachment":[{"href":"https:\/\/mexicomlogistics.com\/fr\/wp-json\/wp\/v2\/media?parent=14075"}],"curies":[{"name":"wp","href":"https:\/\/api.w.org\/{rel}","templated":true}]}}