{"id":13011,"date":"2020-07-16T17:08:59","date_gmt":"2020-07-16T21:08:59","guid":{"rendered":"https:\/\/mexicomlogistics.com\/?page_id=13011"},"modified":"2023-01-05T11:04:27","modified_gmt":"2023-01-05T16:04:27","slug":"services-conseils-en-logistique-et-transport","status":"publish","type":"page","link":"https:\/\/mexicomlogistics.com\/fr\/services\/services-conseils-en-logistique-et-transport\/","title":{"rendered":"Services-conseils en Logistique et Transport"},"content":{"rendered":"<div class=\"wpb-content-wrapper\">[vc_row visibility=\u00a0\u00bbhidden-sm\u00a0\u00bb css=\u00a0\u00bb.vc_custom_1594932476373{background-image: url(https:\/\/mexicomlogistics.com\/wp-content\/uploads\/2020\/07\/services-conseils-transport-logistique.jpg?id=13056) !important;background-position: center !important;background-repeat: no-repeat !important;background-size: cover !important;}\u00a0\u00bb el_class=\u00a0\u00bbtrucking-row-1&Prime;][vc_column][mk_padding_divider size=\u00a0\u00bb100&Prime; visibility=\u00a0\u00bbvisible-sm\u00a0\u00bb][mk_padding_divider size=\u00a0\u00bb250&Prime; visibility=\u00a0\u00bbhidden-sm\u00a0\u00bb][mk_padding_divider size=\u00a0\u00bb250&Prime; visibility=\u00a0\u00bbhidden-sm\u00a0\u00bb][\/vc_column][\/vc_row][vc_row][vc_column][mk_padding_divider][mk_padding_divider][vc_column_text css=\u00a0\u00bb.vc_custom_1594934274319{margin-bottom: 0px !important;}\u00a0\u00bb]\n<div class=\" vc_custom_1594846199336\">\n<div id=\"text-block-9\" class=\"mk-text-block \">\n<h1 class=\"p1\" style=\"text-align: center;\"><b>Services-conseils en<\/b><\/h1>\n<h1 class=\"p1\" style=\"text-align: center;\"><b>Logistique et Transport <\/b><\/h1>\n<div class=\"clearboth\" style=\"text-align: center;\"><\/div>\n<\/div>\n<\/div>\n<div class=\" vc_custom_1594846235285\" style=\"text-align: center;\">\n<div id=\"text-block-10\" class=\"mk-text-block \">\n<h4 style=\"text-align: center;\">NOUS SOMMES DES EXPERTS EN TRANSPORT DE MARCHANDISES<br \/>\nENTRE LE CANADA, LES \u00c9TATS-UNIS ET LE MEXIQUE<\/h4>\n<\/div>\n<\/div>\n[\/vc_column_text][mk_padding_divider size=\u00a0\u00bb20&Prime;][\/vc_column][\/vc_row][vc_row][vc_column][mk_padding_divider size=\u00a0\u00bb20&Prime;][vc_column_text css=\u00a0\u00bb.vc_custom_1672934656248{margin-bottom: 0px !important;}\u00a0\u00bb]\n<div class=\" vc_custom_1594848091855\">\n<div id=\"text-block-12\" class=\"mk-text-block warehouse-text-1\">\n<p>Avec plus de 18 ans d&rsquo;exp\u00e9rience dans le transport de marchandises commerciales \u00e0 travers l&rsquo;Am\u00e9rique du Nord, nous sommes devenus votre meilleur alli\u00e9 pour r\u00e9pondre \u00e0 toute question relative au transport et \u00e0 la logistique entre le Canada, les \u00c9tats-Unis et le Mexique.<\/p>\n<p>Notre gamme de services de conseil comprend:<\/p>\n<\/div>\n<\/div>\n[\/vc_column_text][\/vc_column][\/vc_row][vc_row][vc_column width=\u00a0\u00bb2\/3&Prime;][mk_padding_divider size=\u00a0\u00bb20&Prime;][vc_column_text css=\u00a0\u00bb.vc_custom_1594933267631{margin-bottom: 0px !important;}\u00a0\u00bb]\n<div class=\" vc_custom_1594848091855\">\n<h3 id=\"text-block-12\" class=\"mk-text-block warehouse-text-1\">Consultation g\u00e9n\u00e9rale pour exp\u00e9dier pour la premi\u00e8re fois<\/h3>\n<h5 class=\"mk-text-block warehouse-text-1\">FRAIS: 100 CAD<\/h5>\n<p>Nous pouvons vous fournir un aper\u00e7u g\u00e9n\u00e9ral du processus de transport de marchandises entre le Canada, les \u00c9tats-Unis et le Mexique<\/p>\n<p>Gr\u00e2ce \u00e0 ce service, vus allez apprendre:<\/p>\n<ul>\n<li>Le processus de transport international de marchandises entre le Canada, les \u00c9tats-Unis et le Mexique<\/li>\n<li>Informations sur les diff\u00e9rents services, modalit\u00e9s et sp\u00e9cifications pour chaque service de transport de fret terrestre<\/li>\n<li>D\u00e9tails sur les taux cach\u00e9s \u00e0 consid\u00e9rer.<\/li>\n<li>Consid\u00e9rations importantes pour rendre le transport transfrontalier plus efficace.<\/li>\n<\/ul>\n<\/div>\n<div class=\" vc_custom_1568390608547\">\n<div id=\"text-block-13\" class=\"mk-text-block warehouse-text-1\">\n<p>&nbsp;<\/p><\/div>\n<\/div>\n[\/vc_column_text][\/vc_column][vc_column width=\u00a0\u00bb1\/3&Prime;][mk_padding_divider size=\u00a0\u00bb20&Prime;][vc_single_image image=\u00a0\u00bb9653&Prime; img_size=\u00a0\u00bb400&#215;400&Prime;][\/vc_column][\/vc_row][vc_row][vc_column][mk_padding_divider size=\u00a0\u00bb20&Prime;][vc_separator][\/vc_column][\/vc_row][vc_row][vc_column width=\u00a0\u00bb2\/3&Prime;][mk_padding_divider size=\u00a0\u00bb20&Prime;][vc_column_text css=\u00a0\u00bb.vc_custom_1594933532666{margin-bottom: 0px !important;}\u00a0\u00bb]\n<div class=\" vc_custom_1594848091855\">\n<div id=\"text-block-12\" class=\"mk-text-block warehouse-text-1\">\n<h3>CHOISIR LA ROUTE ET LE MODE DE TRANSPORT CORRECT ET LE PLUS \u00c9CONOMIQUE POUR VOTRE CAS PARTICULIER<\/h3>\n<h5>FRAIS: 100 CAD<\/h5>\n<ul>\n<li>Guide sur les dimensions et poids autoris\u00e9s au Mexique, aux \u00c9tats-Unis et au Canada<\/li>\n<li>Type d&rsquo;\u00e9quipement et de services disponibles par pays pour le transport de fret terrestre<\/li>\n<li>Classification LTL<\/li>\n<li>Quelle est la solution la plus rentable pour vous: envoyer des colis ou un chargement partiel?<\/li>\n<\/ul>\n<p>&nbsp;<\/p><\/div>\n<\/div>\n<div class=\" vc_custom_1568390608547\">\n<div id=\"text-block-13\" class=\"mk-text-block warehouse-text-1\">\n<p>&nbsp;<\/p><\/div>\n<\/div>\n[\/vc_column_text][\/vc_column][vc_column width=\u00a0\u00bb1\/3&Prime;][mk_padding_divider size=\u00a0\u00bb20&Prime;][vc_single_image image=\u00a0\u00bb8398&Prime; img_size=\u00a0\u00bb400&#215;400&Prime;][\/vc_column][\/vc_row][vc_row][vc_column][mk_padding_divider size=\u00a0\u00bb20&Prime;][vc_separator][\/vc_column][\/vc_row][vc_row][vc_column width=\u00a0\u00bb2\/3&Prime;][mk_padding_divider size=\u00a0\u00bb20&Prime;][vc_column_text css=\u00a0\u00bb.vc_custom_1594934081097{margin-bottom: 0px !important;}\u00a0\u00bb]\n<div class=\" vc_custom_1594848091855\">\n<div id=\"text-block-12\" class=\"mk-text-block warehouse-text-1\">\n<h3>STRAT\u00c9GIE DE TRANSPORT ET LOGISTIQUE<\/h3>\n<h4>NOUS SAVONS QUELS SONT LES PROBL\u00c8MES LES PLUS COURANTS DANS L&rsquo;INDUSTRIE DU TRANSPORT DE MARCHANDISES EN AM\u00c9RIQUE DU NORD<\/h4>\n<h5>FRAIS: EST d\u00e9fini\u00a0au\u00a0cas\u00a0par\u00a0cas<\/h5>\n<p>Nous vous aidons \u00e0 \u00e9laborer une strat\u00e9gie logistique pour acc\u00e9l\u00e9rer le flux de marchandises et r\u00e9duire les co\u00fbts, afin de r\u00e9pondre aux probl\u00e8mes auxquels est confront\u00e9 le transport en Am\u00e9rique du Nord aujourd&rsquo;hui.<\/p>\n<p>Les march\u00e9s du transport et de la logistique en Am\u00e9rique du Nord ont radicalement chang\u00e9 au cours des derni\u00e8res ann\u00e9es et continuent d&rsquo;\u00e9voluer. Certains des probl\u00e8mes courants qui caract\u00e9risent l&rsquo;industrie de la logistique et des transports en Am\u00e9rique du Nord sont les suivants:<\/p>\n<ul>\n<li>Fluctuation des tarifs de transport<\/li>\n<li>Manque des \u00e9quipements de transport dans des r\u00e9gions sp\u00e9cifiques<\/li>\n<li>D\u00e9salignement des politiques et des r\u00e9glementations entre les pays<\/li>\n<li>Manque de fiabilit\u00e9 des fournisseurs de transport dans certaines r\u00e9gions<\/li>\n<\/ul>\n<p>NOUS D\u00c9VELOPPONS DES SOLUTIONS PERSONNALIS\u00c9ES POUR VOUS AIDER \u00c0 SURMONTER LES DIFFICULT\u00c9S DE L&rsquo;INDUSTRIE ET \u200b\u200b\u00c0 R\u00c9DUIRE LES CO\u00dbTS DU TRANSPORT DE MARCHANDISES EN AM\u00c9RIQUE DU NORD.<\/p><\/div>\n<\/div>\n<div class=\" vc_custom_1568390608547\">\n<div id=\"text-block-13\" class=\"mk-text-block warehouse-text-1\">\n<p>&nbsp;<\/p><\/div>\n<\/div>\n[\/vc_column_text][\/vc_column][vc_column width=\u00a0\u00bb1\/3&Prime;][mk_padding_divider size=\u00a0\u00bb20&Prime;][vc_single_image image=\u00a0\u00bb6448&Prime; img_size=\u00a0\u00bb400&#215;400&Prime;][\/vc_column][\/vc_row][vc_row][vc_column][mk_padding_divider size=\u00a0\u00bb20&Prime;][vc_separator][\/vc_column][\/vc_row][vc_row][vc_column][mk_padding_divider size=\u00a0\u00bb20&Prime;][\/vc_column][\/vc_row][vc_row css=\u00a0\u00bb.vc_custom_1594059997704{padding-top: 15px !important;padding-bottom: 15px !important;background-color: #ffffff !important;}\u00a0\u00bb][vc_column][vc_empty_space][vc_separator][vc_column_text css=\u00a0\u00bb.vc_custom_1594934171356{margin-bottom: 0px !important;}\u00a0\u00bb]\n<h3 style=\"text-align: center;\">VOUS AVEZ DES QUESTIONS SUR TOUT AUTRE TH\u00c8ME LI\u00c9 \u00c0 LA LOGISTIQUE ET AU TRANSPORT DE MARCHANDISES EN AM\u00c9RIQUE DU NORD?<\/h3>\n<p style=\"text-align: center;\">Nous pouvons r\u00e9pondre \u00e0 vos questions.<\/p>\n<p style=\"text-align: center;\">Contactez-nous d\u00e8s aujourd&rsquo;hui \u00e0 info@mexicomlogistics.com<\/p>\n[\/vc_column_text][\/vc_column][\/vc_row][vc_row][vc_column][\/vc_column][\/vc_row]\n<\/div>","protected":false},"excerpt":{"rendered":"<p>[vc_row visibility=\u00a0\u00bbhidden-sm\u00a0\u00bb css=\u00a0\u00bb.vc_custom_1594932476373{background-image: url(https:\/\/mexicomlogistics.com\/wp-content\/uploads\/2020\/07\/services-conseils-transport-logistique.jpg?id=13056) !important;background-position: center !important;background-repeat: no-repeat !important;background-size: cover !important;}\u00a0\u00bb el_class=\u00a0\u00bbtrucking-row-1&Prime;][vc_column][mk_padding_divider size=\u00a0\u00bb100&Prime; visibility=\u00a0\u00bbvisible-sm\u00a0\u00bb][mk_padding_divider size=\u00a0\u00bb250&Prime; visibility=\u00a0\u00bbhidden-sm\u00a0\u00bb][mk_padding_divider size=\u00a0\u00bb250&Prime; visibility=\u00a0\u00bbhidden-sm\u00a0\u00bb][\/vc_column][\/vc_row][vc_row][vc_column][mk_padding_divider][mk_padding_divider][vc_column_text css=\u00a0\u00bb.vc_custom_1594934274319{margin-bottom: 0px !important;}\u00a0\u00bb] Services-conseils en Logistique et Transport NOUS SOMMES DES EXPERTS EN TRANSPORT DE MARCHANDISES ENTRE LE CANADA, LES \u00c9TATS-UNIS ET LE MEXIQUE [\/vc_column_text][mk_padding_divider size=\u00a0\u00bb20&Prime;][\/vc_column][\/vc_row][vc_row][vc_column][mk_padding_divider size=\u00a0\u00bb20&Prime;][vc_column_text css=\u00a0\u00bb.vc_custom_1672934656248{margin-bottom: 0px !important;}\u00a0\u00bb] Avec plus de 18 ans d&rsquo;exp\u00e9rience dans [&hellip;]<\/p>\n","protected":false},"author":4,"featured_media":0,"parent":526,"menu_order":13,"comment_status":"closed","ping_status":"closed","template":"","meta":{"content-type":"","jetpack_post_was_ever_published":false,"footnotes":""},"class_list":["post-13011","page","type-page","status-publish","hentry"],"yoast_head":"<!-- This site is optimized with the Yoast SEO plugin v27.3 - https:\/\/yoast.com\/product\/yoast-seo-wordpress\/ -->\n<title>Services-conseils en Logistique et Transport - Mexicom Logistics<\/title>\n<meta name=\"robots\" content=\"index, follow, max-snippet:-1, max-image-preview:large, max-video-preview:-1\" \/>\n<link rel=\"canonical\" href=\"https:\/\/mexicomlogistics.com\/fr\/services\/services-conseils-en-logistique-et-transport\/\" \/>\n<meta property=\"og:locale\" content=\"fr_FR\" \/>\n<meta property=\"og:type\" content=\"article\" \/>\n<meta property=\"og:title\" content=\"Services-conseils en Logistique et Transport - Mexicom Logistics\" \/>\n<meta property=\"og:description\" content=\"[vc_row visibility=\u00a0\u00bbhidden-sm\u00a0\u00bb css=\u00a0\u00bb.vc_custom_1594932476373{background-image: url(https:\/\/mexicomlogistics.com\/wp-content\/uploads\/2020\/07\/services-conseils-transport-logistique.jpg?id=13056) !important;background-position: center !important;background-repeat: no-repeat !important;background-size: cover !important;}\u00a0\u00bb el_class=\u00a0\u00bbtrucking-row-1&Prime;][vc_column][mk_padding_divider size=\u00a0\u00bb100&Prime; visibility=\u00a0\u00bbvisible-sm\u00a0\u00bb][mk_padding_divider size=\u00a0\u00bb250&Prime; visibility=\u00a0\u00bbhidden-sm\u00a0\u00bb][mk_padding_divider size=\u00a0\u00bb250&Prime; visibility=\u00a0\u00bbhidden-sm\u00a0\u00bb][\/vc_column][\/vc_row][vc_row][vc_column][mk_padding_divider][mk_padding_divider][vc_column_text css=\u00a0\u00bb.vc_custom_1594934274319{margin-bottom: 0px !important;}\u00a0\u00bb] Services-conseils en Logistique et Transport NOUS SOMMES DES EXPERTS EN TRANSPORT DE MARCHANDISES ENTRE LE CANADA, LES \u00c9TATS-UNIS ET LE MEXIQUE [\/vc_column_text][mk_padding_divider size=\u00a0\u00bb20&Prime;][\/vc_column][\/vc_row][vc_row][vc_column][mk_padding_divider size=\u00a0\u00bb20&Prime;][vc_column_text css=\u00a0\u00bb.vc_custom_1672934656248{margin-bottom: 0px !important;}\u00a0\u00bb] Avec plus de 18 ans d&rsquo;exp\u00e9rience dans [&hellip;]\" \/>\n<meta property=\"og:url\" content=\"https:\/\/mexicomlogistics.com\/fr\/services\/services-conseils-en-logistique-et-transport\/\" \/>\n<meta property=\"og:site_name\" content=\"Mexicom Logistics\" \/>\n<meta property=\"article:modified_time\" content=\"2023-01-05T16:04:27+00:00\" \/>\n<meta name=\"twitter:card\" content=\"summary_large_image\" \/>\n<meta name=\"twitter:label1\" content=\"Dur\u00e9e de lecture estim\u00e9e\" \/>\n\t<meta name=\"twitter:data1\" content=\"4 minutes\" \/>\n<script type=\"application\/ld+json\" class=\"yoast-schema-graph\">{\"@context\":\"https:\\\/\\\/schema.org\",\"@graph\":[{\"@type\":\"WebPage\",\"@id\":\"https:\\\/\\\/mexicomlogistics.com\\\/fr\\\/services\\\/services-conseils-en-logistique-et-transport\\\/\",\"url\":\"https:\\\/\\\/mexicomlogistics.com\\\/fr\\\/services\\\/services-conseils-en-logistique-et-transport\\\/\",\"name\":\"Services-conseils en Logistique et Transport - Mexicom Logistics\",\"isPartOf\":{\"@id\":\"https:\\\/\\\/mexicomlogistics.com\\\/fr\\\/#website\"},\"datePublished\":\"2020-07-16T21:08:59+00:00\",\"dateModified\":\"2023-01-05T16:04:27+00:00\",\"breadcrumb\":{\"@id\":\"https:\\\/\\\/mexicomlogistics.com\\\/fr\\\/services\\\/services-conseils-en-logistique-et-transport\\\/#breadcrumb\"},\"inLanguage\":\"fr-FR\",\"potentialAction\":[{\"@type\":\"ReadAction\",\"target\":[\"https:\\\/\\\/mexicomlogistics.com\\\/fr\\\/services\\\/services-conseils-en-logistique-et-transport\\\/\"]}]},{\"@type\":\"BreadcrumbList\",\"@id\":\"https:\\\/\\\/mexicomlogistics.com\\\/fr\\\/services\\\/services-conseils-en-logistique-et-transport\\\/#breadcrumb\",\"itemListElement\":[{\"@type\":\"ListItem\",\"position\":1,\"name\":\"Home\",\"item\":\"https:\\\/\\\/mexicomlogistics.com\\\/fr\\\/\"},{\"@type\":\"ListItem\",\"position\":2,\"name\":\"Services\",\"item\":\"https:\\\/\\\/mexicomlogistics.com\\\/fr\\\/services\\\/\"},{\"@type\":\"ListItem\",\"position\":3,\"name\":\"Services-conseils en Logistique et Transport\"}]},{\"@type\":\"WebSite\",\"@id\":\"https:\\\/\\\/mexicomlogistics.com\\\/fr\\\/#website\",\"url\":\"https:\\\/\\\/mexicomlogistics.com\\\/fr\\\/\",\"name\":\"Mexicom Logistics\",\"description\":\"Ship with confidence\",\"publisher\":{\"@id\":\"https:\\\/\\\/mexicomlogistics.com\\\/fr\\\/#organization\"},\"potentialAction\":[{\"@type\":\"SearchAction\",\"target\":{\"@type\":\"EntryPoint\",\"urlTemplate\":\"https:\\\/\\\/mexicomlogistics.com\\\/fr\\\/?s={search_term_string}\"},\"query-input\":{\"@type\":\"PropertyValueSpecification\",\"valueRequired\":true,\"valueName\":\"search_term_string\"}}],\"inLanguage\":\"fr-FR\"},{\"@type\":\"Organization\",\"@id\":\"https:\\\/\\\/mexicomlogistics.com\\\/fr\\\/#organization\",\"name\":\"Mexicom Logistics\",\"url\":\"https:\\\/\\\/mexicomlogistics.com\\\/fr\\\/\",\"logo\":{\"@type\":\"ImageObject\",\"inLanguage\":\"fr-FR\",\"@id\":\"https:\\\/\\\/mexicomlogistics.com\\\/fr\\\/#\\\/schema\\\/logo\\\/image\\\/\",\"url\":\"https:\\\/\\\/mexicomlogistics.com\\\/wp-content\\\/uploads\\\/2017\\\/03\\\/logo-white.jpg\",\"contentUrl\":\"https:\\\/\\\/mexicomlogistics.com\\\/wp-content\\\/uploads\\\/2017\\\/03\\\/logo-white.jpg\",\"width\":617,\"height\":402,\"caption\":\"Mexicom Logistics\"},\"image\":{\"@id\":\"https:\\\/\\\/mexicomlogistics.com\\\/fr\\\/#\\\/schema\\\/logo\\\/image\\\/\"}}]}<\/script>\n<!-- \/ Yoast SEO plugin. -->","yoast_head_json":{"title":"Services-conseils en Logistique et Transport - Mexicom Logistics","robots":{"index":"index","follow":"follow","max-snippet":"max-snippet:-1","max-image-preview":"max-image-preview:large","max-video-preview":"max-video-preview:-1"},"canonical":"https:\/\/mexicomlogistics.com\/fr\/services\/services-conseils-en-logistique-et-transport\/","og_locale":"fr_FR","og_type":"article","og_title":"Services-conseils en Logistique et Transport - Mexicom Logistics","og_description":"[vc_row visibility=\u00a0\u00bbhidden-sm\u00a0\u00bb css=\u00a0\u00bb.vc_custom_1594932476373{background-image: url(https:\/\/mexicomlogistics.com\/wp-content\/uploads\/2020\/07\/services-conseils-transport-logistique.jpg?id=13056) !important;background-position: center !important;background-repeat: no-repeat !important;background-size: cover !important;}\u00a0\u00bb el_class=\u00a0\u00bbtrucking-row-1&Prime;][vc_column][mk_padding_divider size=\u00a0\u00bb100&Prime; visibility=\u00a0\u00bbvisible-sm\u00a0\u00bb][mk_padding_divider size=\u00a0\u00bb250&Prime; visibility=\u00a0\u00bbhidden-sm\u00a0\u00bb][mk_padding_divider size=\u00a0\u00bb250&Prime; visibility=\u00a0\u00bbhidden-sm\u00a0\u00bb][\/vc_column][\/vc_row][vc_row][vc_column][mk_padding_divider][mk_padding_divider][vc_column_text css=\u00a0\u00bb.vc_custom_1594934274319{margin-bottom: 0px !important;}\u00a0\u00bb] Services-conseils en Logistique et Transport NOUS SOMMES DES EXPERTS EN TRANSPORT DE MARCHANDISES ENTRE LE CANADA, LES \u00c9TATS-UNIS ET LE MEXIQUE [\/vc_column_text][mk_padding_divider size=\u00a0\u00bb20&Prime;][\/vc_column][\/vc_row][vc_row][vc_column][mk_padding_divider size=\u00a0\u00bb20&Prime;][vc_column_text css=\u00a0\u00bb.vc_custom_1672934656248{margin-bottom: 0px !important;}\u00a0\u00bb] Avec plus de 18 ans d&rsquo;exp\u00e9rience dans [&hellip;]","og_url":"https:\/\/mexicomlogistics.com\/fr\/services\/services-conseils-en-logistique-et-transport\/","og_site_name":"Mexicom Logistics","article_modified_time":"2023-01-05T16:04:27+00:00","twitter_card":"summary_large_image","twitter_misc":{"Dur\u00e9e de lecture estim\u00e9e":"4 minutes"},"schema":{"@context":"https:\/\/schema.org","@graph":[{"@type":"WebPage","@id":"https:\/\/mexicomlogistics.com\/fr\/services\/services-conseils-en-logistique-et-transport\/","url":"https:\/\/mexicomlogistics.com\/fr\/services\/services-conseils-en-logistique-et-transport\/","name":"Services-conseils en Logistique et Transport - Mexicom Logistics","isPartOf":{"@id":"https:\/\/mexicomlogistics.com\/fr\/#website"},"datePublished":"2020-07-16T21:08:59+00:00","dateModified":"2023-01-05T16:04:27+00:00","breadcrumb":{"@id":"https:\/\/mexicomlogistics.com\/fr\/services\/services-conseils-en-logistique-et-transport\/#breadcrumb"},"inLanguage":"fr-FR","potentialAction":[{"@type":"ReadAction","target":["https:\/\/mexicomlogistics.com\/fr\/services\/services-conseils-en-logistique-et-transport\/"]}]},{"@type":"BreadcrumbList","@id":"https:\/\/mexicomlogistics.com\/fr\/services\/services-conseils-en-logistique-et-transport\/#breadcrumb","itemListElement":[{"@type":"ListItem","position":1,"name":"Home","item":"https:\/\/mexicomlogistics.com\/fr\/"},{"@type":"ListItem","position":2,"name":"Services","item":"https:\/\/mexicomlogistics.com\/fr\/services\/"},{"@type":"ListItem","position":3,"name":"Services-conseils en Logistique et Transport"}]},{"@type":"WebSite","@id":"https:\/\/mexicomlogistics.com\/fr\/#website","url":"https:\/\/mexicomlogistics.com\/fr\/","name":"Mexicom Logistics","description":"Ship with confidence","publisher":{"@id":"https:\/\/mexicomlogistics.com\/fr\/#organization"},"potentialAction":[{"@type":"SearchAction","target":{"@type":"EntryPoint","urlTemplate":"https:\/\/mexicomlogistics.com\/fr\/?s={search_term_string}"},"query-input":{"@type":"PropertyValueSpecification","valueRequired":true,"valueName":"search_term_string"}}],"inLanguage":"fr-FR"},{"@type":"Organization","@id":"https:\/\/mexicomlogistics.com\/fr\/#organization","name":"Mexicom Logistics","url":"https:\/\/mexicomlogistics.com\/fr\/","logo":{"@type":"ImageObject","inLanguage":"fr-FR","@id":"https:\/\/mexicomlogistics.com\/fr\/#\/schema\/logo\/image\/","url":"https:\/\/mexicomlogistics.com\/wp-content\/uploads\/2017\/03\/logo-white.jpg","contentUrl":"https:\/\/mexicomlogistics.com\/wp-content\/uploads\/2017\/03\/logo-white.jpg","width":617,"height":402,"caption":"Mexicom Logistics"},"image":{"@id":"https:\/\/mexicomlogistics.com\/fr\/#\/schema\/logo\/image\/"}}]}},"jetpack_sharing_enabled":true,"jetpack_shortlink":"https:\/\/wp.me\/P8vZ39-3nR","_links":{"self":[{"href":"https:\/\/mexicomlogistics.com\/fr\/wp-json\/wp\/v2\/pages\/13011","targetHints":{"allow":["GET"]}}],"collection":[{"href":"https:\/\/mexicomlogistics.com\/fr\/wp-json\/wp\/v2\/pages"}],"about":[{"href":"https:\/\/mexicomlogistics.com\/fr\/wp-json\/wp\/v2\/types\/page"}],"author":[{"embeddable":true,"href":"https:\/\/mexicomlogistics.com\/fr\/wp-json\/wp\/v2\/users\/4"}],"replies":[{"embeddable":true,"href":"https:\/\/mexicomlogistics.com\/fr\/wp-json\/wp\/v2\/comments?post=13011"}],"version-history":[{"count":0,"href":"https:\/\/mexicomlogistics.com\/fr\/wp-json\/wp\/v2\/pages\/13011\/revisions"}],"up":[{"embeddable":true,"href":"https:\/\/mexicomlogistics.com\/fr\/wp-json\/wp\/v2\/pages\/526"}],"wp:attachment":[{"href":"https:\/\/mexicomlogistics.com\/fr\/wp-json\/wp\/v2\/media?parent=13011"}],"curies":[{"name":"wp","href":"https:\/\/api.w.org\/{rel}","templated":true}]}}