{"id":962,"date":"2017-01-19T16:22:04","date_gmt":"2017-01-19T21:22:04","guid":{"rendered":"http:\/\/mexi.cashin.ca\/blog\/"},"modified":"2026-01-23T11:55:48","modified_gmt":"2026-01-23T16:55:48","slug":"blog","status":"publish","type":"page","link":"https:\/\/mexicomlogistics.com\/es\/blog\/","title":{"rendered":"Blog"},"content":{"rendered":"<div class=\"wpb-content-wrapper\">[vc_row][vc_column][vc_empty_space][vc_column_text css=\u00bb.vc_custom_1675191629140{margin-bottom: 0px !important;}\u00bb]\n<h1 style=\"text-align: center;\"><span style=\"color: #008080;\">MEXICOM ACADEMY <\/span><\/h1>\n<h1 style=\"text-align: center;\"><span style=\"color: #008080; font-size: 24px;\">Contenido sobre Transporte de Carga y Cadenas de Suministro<br \/>\nen M\u00e9xico, Estados Unidos y Canad\u00e1\u00a0<\/span><\/h1>\n[\/vc_column_text][\/vc_column][\/vc_row][vc_row][vc_column width=\u00bb1\/2&#8243;][vc_empty_space][vc_empty_space][vc_empty_space][vc_wp_search title=\u00bbB\u00fasqueda por tema o palabra clave\u00bb][vc_empty_space][vc_column_text css=\u00bb.vc_custom_1675191773835{margin-bottom: 0px !important;}\u00bb]Mexicom Academy es un lugar con contenido educativo fresco, f\u00e1cil de digerir y detallado que ayuda a nuestros lectores a comprender todos los aspectos del transporte de carga, la cadena de suministro y la log\u00edstica en Canad\u00e1, EE. UU. y M\u00e9xico.<\/p>\n<p>Si t\u00fa eres el encargado de gestionar y organizar el transporte de mercanc\u00edas a trav\u00e9s de las fronteras de Am\u00e9rica del Norte para tu empresa o si trabajas como un 3PL que brinda servicios en Am\u00e9rica del Norte, este blog es para ti.<\/p>\n<h3>\u00a1Tenemos m\u00e1s de 20 000 lectores!<\/h3>\n<p>Tenemos m\u00e1s de 20 000 lectores, incluidos profesionales que trabajan en la cadena de suministro, compras, log\u00edstica, exportaci\u00f3n e importaci\u00f3n, desarrollo de negocios, operaciones y cualquier otro campo relacionado.[\/vc_column_text][vc_empty_space][\/vc_column][vc_column width=\u00bb1\/2&#8243;][vc_raw_html css=\u00bb\u00bb]JTNDaWZyYW1lJTIwc3JjJTNEJTIyaHR0cHMlM0ElMkYlMkZmb3Jtcy5tb25kYXkuY29tJTJGZm9ybXMlMkZlbWJlZCUyRjU0MDkzZGNlN2Q4MGVjMzEwM2IyNzc3NWNhOWYwZGEzJTNGciUzRHVzZTElMjZMYW5ndWFnZSUzRFNwYW5pc2glMjZ1dG1fc291cmNlJTNETUxfV2ViJTI2dXRtX21lZGl1bSUzRFdlYnNpdGUlMjIlMjB3aWR0aCUzRCUyMjEwMCUyNSUyMiUyMGhlaWdodCUzRCUyMjkwMCUyMiUyMHN0eWxlJTNEdmVydGljYWwtYWxpZ24lM0ElMjB0b3AlM0IlMjBzY3JvbGxpbmclM0QlMjJubyUyMiUzQmJvcmRlciUzQSUyMDAlM0IlMjIlM0UlM0MlMkZpZnJhbWUlM0U=[\/vc_raw_html][\/vc_column][\/vc_row][vc_row][vc_column][vc_separator][mk_blog style=\u00bbnewspaper\u00bb post_count=\u00bb24&#8243;][vc_column_text css=\u00bb.vc_custom_1579547105703{margin-bottom: 0px !important;}\u00bb]\n<h3 style=\"text-align: center;\">\u00a1\u00danete a nuestra comunidad! Suscr\u00edbete a nuestro bolet\u00edn para recibir las nuevas publicaciones del blog cada mes.<\/h3>\n<p style=\"text-align: center;\">M\u00e1s de 14 000 personas reciben nuestras publicaciones en su bandeja de entrada de correo electr\u00f3nico cada mes.<\/p>\n[\/vc_column_text][\/vc_column][\/vc_row]\n<\/div>","protected":false},"excerpt":{"rendered":"<p>[vc_row][vc_column][vc_empty_space][vc_column_text css=\u00bb.vc_custom_1675191629140{margin-bottom: 0px !important;}\u00bb] MEXICOM ACADEMY Contenido sobre Transporte de Carga y Cadenas de Suministro en M\u00e9xico, Estados Unidos y Canad\u00e1\u00a0 [\/vc_column_text][\/vc_column][\/vc_row][vc_row][vc_column width=\u00bb1\/2&#8243;][vc_empty_space][vc_empty_space][vc_empty_space][vc_wp_search title=\u00bbB\u00fasqueda por tema o palabra clave\u00bb][vc_empty_space][vc_column_text css=\u00bb.vc_custom_1675191773835{margin-bottom: 0px !important;}\u00bb]Mexicom Academy es un lugar con contenido educativo fresco, f\u00e1cil de digerir y detallado que ayuda a nuestros lectores a comprender todos los aspectos [&hellip;]<\/p>\n","protected":false},"author":1,"featured_media":11454,"parent":0,"menu_order":99,"comment_status":"closed","ping_status":"closed","template":"","meta":{"content-type":"","jetpack_post_was_ever_published":false,"footnotes":""},"class_list":["post-962","page","type-page","status-publish","has-post-thumbnail","hentry"],"yoast_head":"<!-- This site is optimized with the Yoast SEO plugin v27.3 - https:\/\/yoast.com\/product\/yoast-seo-wordpress\/ -->\n<title>Blog - Mexicom Logistics<\/title>\n<meta name=\"description\" content=\"El objetivo de este blog es ayudar a nuestros lectores a comprender todos los aspectos del transporte de mercanc\u00edas y la log\u00edstica en Norte Am\u00e9rica.\" \/>\n<meta name=\"robots\" content=\"index, follow, max-snippet:-1, max-image-preview:large, max-video-preview:-1\" \/>\n<link rel=\"canonical\" href=\"https:\/\/mexicomlogistics.com\/es\/blog\/\" \/>\n<meta property=\"og:locale\" content=\"es_ES\" \/>\n<meta property=\"og:type\" content=\"article\" \/>\n<meta property=\"og:title\" content=\"Blog - Mexicom Logistics\" \/>\n<meta property=\"og:description\" content=\"El objetivo de este blog es ayudar a nuestros lectores a comprender todos los aspectos del transporte de mercanc\u00edas y la log\u00edstica en Norte Am\u00e9rica.\" \/>\n<meta property=\"og:url\" content=\"https:\/\/mexicomlogistics.com\/es\/blog\/\" \/>\n<meta property=\"og:site_name\" content=\"Mexicom Logistics\" \/>\n<meta property=\"article:modified_time\" content=\"2026-01-23T16:55:48+00:00\" \/>\n<meta property=\"og:image\" content=\"https:\/\/mexicomlogistics.com\/wp-content\/uploads\/2020\/01\/blog-mexicom-logistics--1280x1024.jpg\" \/>\n\t<meta property=\"og:image:width\" content=\"1280\" \/>\n\t<meta property=\"og:image:height\" content=\"1024\" \/>\n\t<meta property=\"og:image:type\" content=\"image\/jpeg\" \/>\n<meta name=\"twitter:card\" content=\"summary_large_image\" \/>\n<meta name=\"twitter:label1\" content=\"Tiempo de lectura\" \/>\n\t<meta name=\"twitter:data1\" content=\"2 minutos\" \/>\n<script type=\"application\/ld+json\" class=\"yoast-schema-graph\">{\"@context\":\"https:\\\/\\\/schema.org\",\"@graph\":[{\"@type\":\"WebPage\",\"@id\":\"https:\\\/\\\/mexicomlogistics.com\\\/es\\\/blog\\\/\",\"url\":\"https:\\\/\\\/mexicomlogistics.com\\\/es\\\/blog\\\/\",\"name\":\"Blog - Mexicom Logistics\",\"isPartOf\":{\"@id\":\"https:\\\/\\\/mexicomlogistics.com\\\/es\\\/#website\"},\"primaryImageOfPage\":{\"@id\":\"https:\\\/\\\/mexicomlogistics.com\\\/es\\\/blog\\\/#primaryimage\"},\"image\":{\"@id\":\"https:\\\/\\\/mexicomlogistics.com\\\/es\\\/blog\\\/#primaryimage\"},\"thumbnailUrl\":\"https:\\\/\\\/mexicomlogistics.com\\\/wp-content\\\/uploads\\\/2020\\\/01\\\/blog-mexicom-logistics-.jpg\",\"datePublished\":\"2017-01-19T21:22:04+00:00\",\"dateModified\":\"2026-01-23T16:55:48+00:00\",\"description\":\"El objetivo de este blog es ayudar a nuestros lectores a comprender todos los aspectos del transporte de mercanc\u00edas y la log\u00edstica en Norte Am\u00e9rica.\",\"breadcrumb\":{\"@id\":\"https:\\\/\\\/mexicomlogistics.com\\\/es\\\/blog\\\/#breadcrumb\"},\"inLanguage\":\"es\",\"potentialAction\":[{\"@type\":\"ReadAction\",\"target\":[\"https:\\\/\\\/mexicomlogistics.com\\\/es\\\/blog\\\/\"]}]},{\"@type\":\"ImageObject\",\"inLanguage\":\"es\",\"@id\":\"https:\\\/\\\/mexicomlogistics.com\\\/es\\\/blog\\\/#primaryimage\",\"url\":\"https:\\\/\\\/mexicomlogistics.com\\\/wp-content\\\/uploads\\\/2020\\\/01\\\/blog-mexicom-logistics-.jpg\",\"contentUrl\":\"https:\\\/\\\/mexicomlogistics.com\\\/wp-content\\\/uploads\\\/2020\\\/01\\\/blog-mexicom-logistics-.jpg\",\"width\":2560,\"height\":1000},{\"@type\":\"BreadcrumbList\",\"@id\":\"https:\\\/\\\/mexicomlogistics.com\\\/es\\\/blog\\\/#breadcrumb\",\"itemListElement\":[{\"@type\":\"ListItem\",\"position\":1,\"name\":\"Home\",\"item\":\"https:\\\/\\\/mexicomlogistics.com\\\/es\\\/\"},{\"@type\":\"ListItem\",\"position\":2,\"name\":\"Blog\"}]},{\"@type\":\"WebSite\",\"@id\":\"https:\\\/\\\/mexicomlogistics.com\\\/es\\\/#website\",\"url\":\"https:\\\/\\\/mexicomlogistics.com\\\/es\\\/\",\"name\":\"Mexicom Logistics\",\"description\":\"Ship with confidence\",\"publisher\":{\"@id\":\"https:\\\/\\\/mexicomlogistics.com\\\/es\\\/#organization\"},\"potentialAction\":[{\"@type\":\"SearchAction\",\"target\":{\"@type\":\"EntryPoint\",\"urlTemplate\":\"https:\\\/\\\/mexicomlogistics.com\\\/es\\\/?s={search_term_string}\"},\"query-input\":{\"@type\":\"PropertyValueSpecification\",\"valueRequired\":true,\"valueName\":\"search_term_string\"}}],\"inLanguage\":\"es\"},{\"@type\":\"Organization\",\"@id\":\"https:\\\/\\\/mexicomlogistics.com\\\/es\\\/#organization\",\"name\":\"Mexicom Logistics\",\"url\":\"https:\\\/\\\/mexicomlogistics.com\\\/es\\\/\",\"logo\":{\"@type\":\"ImageObject\",\"inLanguage\":\"es\",\"@id\":\"https:\\\/\\\/mexicomlogistics.com\\\/es\\\/#\\\/schema\\\/logo\\\/image\\\/\",\"url\":\"https:\\\/\\\/mexicomlogistics.com\\\/wp-content\\\/uploads\\\/2017\\\/03\\\/logo-white.jpg\",\"contentUrl\":\"https:\\\/\\\/mexicomlogistics.com\\\/wp-content\\\/uploads\\\/2017\\\/03\\\/logo-white.jpg\",\"width\":617,\"height\":402,\"caption\":\"Mexicom Logistics\"},\"image\":{\"@id\":\"https:\\\/\\\/mexicomlogistics.com\\\/es\\\/#\\\/schema\\\/logo\\\/image\\\/\"}}]}<\/script>\n<!-- \/ Yoast SEO plugin. -->","yoast_head_json":{"title":"Blog - Mexicom Logistics","description":"El objetivo de este blog es ayudar a nuestros lectores a comprender todos los aspectos del transporte de mercanc\u00edas y la log\u00edstica en Norte Am\u00e9rica.","robots":{"index":"index","follow":"follow","max-snippet":"max-snippet:-1","max-image-preview":"max-image-preview:large","max-video-preview":"max-video-preview:-1"},"canonical":"https:\/\/mexicomlogistics.com\/es\/blog\/","og_locale":"es_ES","og_type":"article","og_title":"Blog - Mexicom Logistics","og_description":"El objetivo de este blog es ayudar a nuestros lectores a comprender todos los aspectos del transporte de mercanc\u00edas y la log\u00edstica en Norte Am\u00e9rica.","og_url":"https:\/\/mexicomlogistics.com\/es\/blog\/","og_site_name":"Mexicom Logistics","article_modified_time":"2026-01-23T16:55:48+00:00","og_image":[{"width":1280,"height":1024,"url":"https:\/\/mexicomlogistics.com\/wp-content\/uploads\/2020\/01\/blog-mexicom-logistics--1280x1024.jpg","type":"image\/jpeg"}],"twitter_card":"summary_large_image","twitter_misc":{"Tiempo de lectura":"2 minutos"},"schema":{"@context":"https:\/\/schema.org","@graph":[{"@type":"WebPage","@id":"https:\/\/mexicomlogistics.com\/es\/blog\/","url":"https:\/\/mexicomlogistics.com\/es\/blog\/","name":"Blog - Mexicom Logistics","isPartOf":{"@id":"https:\/\/mexicomlogistics.com\/es\/#website"},"primaryImageOfPage":{"@id":"https:\/\/mexicomlogistics.com\/es\/blog\/#primaryimage"},"image":{"@id":"https:\/\/mexicomlogistics.com\/es\/blog\/#primaryimage"},"thumbnailUrl":"https:\/\/mexicomlogistics.com\/wp-content\/uploads\/2020\/01\/blog-mexicom-logistics-.jpg","datePublished":"2017-01-19T21:22:04+00:00","dateModified":"2026-01-23T16:55:48+00:00","description":"El objetivo de este blog es ayudar a nuestros lectores a comprender todos los aspectos del transporte de mercanc\u00edas y la log\u00edstica en Norte Am\u00e9rica.","breadcrumb":{"@id":"https:\/\/mexicomlogistics.com\/es\/blog\/#breadcrumb"},"inLanguage":"es","potentialAction":[{"@type":"ReadAction","target":["https:\/\/mexicomlogistics.com\/es\/blog\/"]}]},{"@type":"ImageObject","inLanguage":"es","@id":"https:\/\/mexicomlogistics.com\/es\/blog\/#primaryimage","url":"https:\/\/mexicomlogistics.com\/wp-content\/uploads\/2020\/01\/blog-mexicom-logistics-.jpg","contentUrl":"https:\/\/mexicomlogistics.com\/wp-content\/uploads\/2020\/01\/blog-mexicom-logistics-.jpg","width":2560,"height":1000},{"@type":"BreadcrumbList","@id":"https:\/\/mexicomlogistics.com\/es\/blog\/#breadcrumb","itemListElement":[{"@type":"ListItem","position":1,"name":"Home","item":"https:\/\/mexicomlogistics.com\/es\/"},{"@type":"ListItem","position":2,"name":"Blog"}]},{"@type":"WebSite","@id":"https:\/\/mexicomlogistics.com\/es\/#website","url":"https:\/\/mexicomlogistics.com\/es\/","name":"Mexicom Logistics","description":"Ship with confidence","publisher":{"@id":"https:\/\/mexicomlogistics.com\/es\/#organization"},"potentialAction":[{"@type":"SearchAction","target":{"@type":"EntryPoint","urlTemplate":"https:\/\/mexicomlogistics.com\/es\/?s={search_term_string}"},"query-input":{"@type":"PropertyValueSpecification","valueRequired":true,"valueName":"search_term_string"}}],"inLanguage":"es"},{"@type":"Organization","@id":"https:\/\/mexicomlogistics.com\/es\/#organization","name":"Mexicom Logistics","url":"https:\/\/mexicomlogistics.com\/es\/","logo":{"@type":"ImageObject","inLanguage":"es","@id":"https:\/\/mexicomlogistics.com\/es\/#\/schema\/logo\/image\/","url":"https:\/\/mexicomlogistics.com\/wp-content\/uploads\/2017\/03\/logo-white.jpg","contentUrl":"https:\/\/mexicomlogistics.com\/wp-content\/uploads\/2017\/03\/logo-white.jpg","width":617,"height":402,"caption":"Mexicom Logistics"},"image":{"@id":"https:\/\/mexicomlogistics.com\/es\/#\/schema\/logo\/image\/"}}]}},"jetpack_sharing_enabled":true,"jetpack_shortlink":"https:\/\/wp.me\/P8vZ39-fw","_links":{"self":[{"href":"https:\/\/mexicomlogistics.com\/es\/wp-json\/wp\/v2\/pages\/962","targetHints":{"allow":["GET"]}}],"collection":[{"href":"https:\/\/mexicomlogistics.com\/es\/wp-json\/wp\/v2\/pages"}],"about":[{"href":"https:\/\/mexicomlogistics.com\/es\/wp-json\/wp\/v2\/types\/page"}],"author":[{"embeddable":true,"href":"https:\/\/mexicomlogistics.com\/es\/wp-json\/wp\/v2\/users\/1"}],"replies":[{"embeddable":true,"href":"https:\/\/mexicomlogistics.com\/es\/wp-json\/wp\/v2\/comments?post=962"}],"version-history":[{"count":6,"href":"https:\/\/mexicomlogistics.com\/es\/wp-json\/wp\/v2\/pages\/962\/revisions"}],"predecessor-version":[{"id":22627,"href":"https:\/\/mexicomlogistics.com\/es\/wp-json\/wp\/v2\/pages\/962\/revisions\/22627"}],"wp:featuredmedia":[{"embeddable":true,"href":"https:\/\/mexicomlogistics.com\/es\/wp-json\/wp\/v2\/media\/11454"}],"wp:attachment":[{"href":"https:\/\/mexicomlogistics.com\/es\/wp-json\/wp\/v2\/media?parent=962"}],"curies":[{"name":"wp","href":"https:\/\/api.w.org\/{rel}","templated":true}]}}