{"id":8433,"date":"2022-05-29T12:35:51","date_gmt":"2022-05-29T16:35:51","guid":{"rendered":"https:\/\/mexicomlogistics.com\/?page_id=8433"},"modified":"2022-10-07T10:40:22","modified_gmt":"2022-10-07T14:40:22","slug":"plataformas-y-stepdecks-de-estados-unidos-a-mexico","status":"publish","type":"page","link":"https:\/\/mexicomlogistics.com\/es\/plataformas-y-stepdecks-de-estados-unidos-a-mexico\/","title":{"rendered":"Plataformas y Stepdecks de Estados Unidos a M\u00e9xico"},"content":{"rendered":"<div class=\"wpb-content-wrapper\">[vc_row fullwidth=\u00bbtrue\u00bb fullwidth_content=\u00bbfalse\u00bb css=\u00bb.vc_custom_1559154169373{background-image: url(https:\/\/mexicomlogistics.com\/wp-content\/uploads\/2019\/05\/plataformas-y-stepdecks-estados-unidos-mexico-mexicom-logistics.jpg?id=8457) !important;background-position: center !important;background-repeat: no-repeat !important;background-size: cover !important;}\u00bb el_class=\u00bbtrucking-row-1&#8243;][vc_column][mk_padding_divider size=\u00bb100&#8243; visibility=\u00bbvisible-sm\u00bb][mk_padding_divider size=\u00bb250&#8243; visibility=\u00bbhidden-sm\u00bb][mk_padding_divider size=\u00bb250&#8243; visibility=\u00bbhidden-sm\u00bb][\/vc_column][\/vc_row][vc_row css=\u00bb.vc_custom_1534365442684{background-image: url(https:\/\/www.mexicomlogistics.com\/wp-content\/uploads\/2018\/08\/img_20170607_094229.jpg?id=2792) !important;}\u00bb][vc_column][mk_padding_divider size=\u00bb0&#8243;][\/vc_column][\/vc_row][mk_page_section sidebar=\u00bbsidebar-1&#8243;][vc_column][vc_row_inner][vc_column_inner][mk_padding_divider size=\u00bb30&#8243;][mk_padding_divider size=\u00bb30&#8243;][vc_column_text disable_pattern=\u00bbfalse\u00bb css=\u00bb.vc_custom_1559148751316{margin-bottom: 0px !important;}\u00bb]\n<h1 style=\"text-align: center;\">Transporte de carga en<br \/>\nPlataformas y Step-Decks<\/h1>\n<h2 style=\"text-align: center;\">Estados Unidos &#8211; M\u00e9xico<\/h2>\n[\/vc_column_text][vc_column_text][\/vc_column_text][vc_separator color=\u00bbwhite\u00bb][\/vc_column_inner][\/vc_row_inner][vc_row_inner][vc_column_inner width=\u00bb2\/3&#8243;][mk_custom_list]\n<ul>\n<li>Cruce transfronterizo sin problemas para carga directa y a transbordo.<\/li>\n<li><span style=\"font-weight: 400;\">Estatus de tu mercanc\u00eda dos veces al d\u00eda.<\/span><\/li>\n<li><span style=\"font-weight: 400;\">Trabajamos s\u00f3lo con compa\u00f1\u00edas CTPAT\u00a0 y con sistemas de seguimiento por sat\u00e9lite las 24\/7. Adem\u00e1s, ofrecemos servicio de escoltas, si es necesario.<\/span><\/li>\n<li>Expertos triling\u00fces que te brindan un servicio directo y personalizado.<\/li>\n<li>Podemos proporcionar un seguro de carga a una tasa exclusiva para nuestros clientes<\/li>\n<\/ul>\n[\/mk_custom_list][\/vc_column_inner][vc_column_inner width=\u00bb1\/3&#8243;][vc_single_image image=\u00bb7793&#8243; img_size=\u00bbfull\u00bb][\/vc_column_inner][\/vc_row_inner][\/vc_column][\/mk_page_section][mk_page_section][vc_column width=\u00bb2\/3&#8243;][mk_image heading_title=\u00bbGran disponibilidad de Plataformas y Step Decks en direcci\u00f3n sur\u00bb src=\u00bbhttps:\/\/mexicomlogistics.com\/wp-content\/uploads\/2019\/05\/flatbeds-stepdeck-estados-unidos-mexico_mexicom_logistics-1.jpg\u00bb image_size=\u00bbfull\u00bb align=\u00bbcenter\u00bb][vc_separator][\/vc_column][vc_column width=\u00bb1\/3&#8243;][vc_empty_space height=\u00bb50px\u00bb][vc_single_image image=\u00bb6150&#8243; img_size=\u00bbfull\u00bb][vc_separator][vc_single_image image=\u00bb6153&#8243; img_size=\u00bbfull\u00bb][\/vc_column][\/mk_page_section][mk_page_section][vc_column][mk_button corner_style=\u00bbfull_rounded\u00bb size=\u00bblarge\u00bb url=\u00bbhttps:\/\/mexicomlogistics.com\/es\/solicitar-cotizacion-elegir-tipo\/\u00bb target=\u00bb_blank\u00bb align=\u00bbcenter\u00bb bg_color=\u00bb#ff0000&#8243;]Solicita una cotizaci\u00f3n[\/mk_button][vc_column_text css=\u00bb.vc_custom_1559148586657{margin-bottom: 0px !important;}\u00bb]\n<h4 style=\"text-align: center;\"><span style=\"color: #ff0000;\">+1 514-667-0174 |<a style=\"color: #ff0000;\" href=\"mailto:info@mexicomlogistics.com\"> info@mexicomlogistics.com<\/a><\/span><\/h4>\n[\/vc_column_text][vc_separator][\/vc_column][\/mk_page_section][vc_row][vc_column][vc_text_separator title=\u00bbBLOG POSTS\u00bb color=\u00bbcustom\u00bb border_width=\u00bb2&#8243; accent_color=\u00bb#ff3a3a\u00bb][mk_blog_carousel count=\u00bb-1&#8243;][\/vc_column][\/vc_row]\n<\/div>","protected":false},"excerpt":{"rendered":"<p>[vc_row fullwidth=\u00bbtrue\u00bb fullwidth_content=\u00bbfalse\u00bb css=\u00bb.vc_custom_1559154169373{background-image: url(https:\/\/mexicomlogistics.com\/wp-content\/uploads\/2019\/05\/plataformas-y-stepdecks-estados-unidos-mexico-mexicom-logistics.jpg?id=8457) !important;background-position: center !important;background-repeat: no-repeat !important;background-size: cover !important;}\u00bb el_class=\u00bbtrucking-row-1&#8243;][vc_column][mk_padding_divider size=\u00bb100&#8243; visibility=\u00bbvisible-sm\u00bb][mk_padding_divider size=\u00bb250&#8243; visibility=\u00bbhidden-sm\u00bb][mk_padding_divider size=\u00bb250&#8243; visibility=\u00bbhidden-sm\u00bb][\/vc_column][\/vc_row][vc_row css=\u00bb.vc_custom_1534365442684{background-image: url(https:\/\/www.mexicomlogistics.com\/wp-content\/uploads\/2018\/08\/img_20170607_094229.jpg?id=2792) !important;}\u00bb][vc_column][mk_padding_divider size=\u00bb0&#8243;][\/vc_column][\/vc_row][mk_page_section sidebar=\u00bbsidebar-1&#8243;][vc_column][vc_row_inner][vc_column_inner][mk_padding_divider size=\u00bb30&#8243;][mk_padding_divider size=\u00bb30&#8243;][vc_column_text disable_pattern=\u00bbfalse\u00bb css=\u00bb.vc_custom_1559148751316{margin-bottom: 0px !important;}\u00bb] Transporte de carga en Plataformas y Step-Decks Estados Unidos &#8211; M\u00e9xico [\/vc_column_text][vc_column_text][\/vc_column_text][vc_separator color=\u00bbwhite\u00bb][\/vc_column_inner][\/vc_row_inner][vc_row_inner][vc_column_inner width=\u00bb2\/3&#8243;][mk_custom_list] Cruce transfronterizo sin problemas para carga directa y a transbordo. Estatus [&hellip;]<\/p>\n","protected":false},"author":4,"featured_media":8451,"parent":0,"menu_order":12,"comment_status":"closed","ping_status":"closed","template":"","meta":{"content-type":"","jetpack_post_was_ever_published":false,"footnotes":""},"class_list":["post-8433","page","type-page","status-publish","has-post-thumbnail","hentry"],"yoast_head":"<!-- This site is optimized with the Yoast SEO plugin v27.3 - https:\/\/yoast.com\/product\/yoast-seo-wordpress\/ -->\n<title>Transporte de carga en Plataformas y Stepdecks de Estados Unidos a M\u00e9xico - Mexicom Logistics<\/title>\n<meta name=\"description\" content=\"Mexicom Logistics es tu opci\u00f3n n\u00famero uno para transportar carga en Plataformas y Stepdecks de Estados Unidos a M\u00e9xico entre Canad\u00e1, Estados Unidos y M\u00e9xico.\" \/>\n<meta name=\"robots\" content=\"index, follow, max-snippet:-1, max-image-preview:large, max-video-preview:-1\" \/>\n<link rel=\"canonical\" href=\"https:\/\/mexicomlogistics.com\/es\/plataformas-y-stepdecks-de-estados-unidos-a-mexico\/\" \/>\n<meta property=\"og:locale\" content=\"es_ES\" \/>\n<meta property=\"og:type\" content=\"article\" \/>\n<meta property=\"og:title\" content=\"Transporte de carga en Plataformas y Stepdecks de Estados Unidos a M\u00e9xico - Mexicom Logistics\" \/>\n<meta property=\"og:description\" content=\"Mexicom Logistics es tu opci\u00f3n n\u00famero uno para transportar carga en Plataformas y Stepdecks de Estados Unidos a M\u00e9xico entre Canad\u00e1, Estados Unidos y M\u00e9xico.\" \/>\n<meta property=\"og:url\" content=\"https:\/\/mexicomlogistics.com\/es\/plataformas-y-stepdecks-de-estados-unidos-a-mexico\/\" \/>\n<meta property=\"og:site_name\" content=\"Mexicom Logistics\" \/>\n<meta property=\"article:modified_time\" content=\"2022-10-07T14:40:22+00:00\" \/>\n<meta property=\"og:image\" content=\"https:\/\/mexicomlogistics.com\/wp-content\/uploads\/2019\/05\/flatbeds-stepdeck-estados-unidos-mexico_mexicom_logistics-1.jpg\" \/>\n\t<meta property=\"og:image:width\" content=\"800\" \/>\n\t<meta property=\"og:image:height\" content=\"658\" \/>\n\t<meta property=\"og:image:type\" content=\"image\/jpeg\" \/>\n<meta name=\"twitter:card\" content=\"summary_large_image\" \/>\n<meta name=\"twitter:label1\" content=\"Tiempo de lectura\" \/>\n\t<meta name=\"twitter:data1\" content=\"1 minuto\" \/>\n<script type=\"application\/ld+json\" class=\"yoast-schema-graph\">{\"@context\":\"https:\\\/\\\/schema.org\",\"@graph\":[{\"@type\":\"WebPage\",\"@id\":\"https:\\\/\\\/mexicomlogistics.com\\\/es\\\/plataformas-y-stepdecks-de-estados-unidos-a-mexico\\\/\",\"url\":\"https:\\\/\\\/mexicomlogistics.com\\\/es\\\/plataformas-y-stepdecks-de-estados-unidos-a-mexico\\\/\",\"name\":\"Transporte de carga en Plataformas y Stepdecks de Estados Unidos a M\u00e9xico - Mexicom Logistics\",\"isPartOf\":{\"@id\":\"https:\\\/\\\/mexicomlogistics.com\\\/es\\\/#website\"},\"primaryImageOfPage\":{\"@id\":\"https:\\\/\\\/mexicomlogistics.com\\\/es\\\/plataformas-y-stepdecks-de-estados-unidos-a-mexico\\\/#primaryimage\"},\"image\":{\"@id\":\"https:\\\/\\\/mexicomlogistics.com\\\/es\\\/plataformas-y-stepdecks-de-estados-unidos-a-mexico\\\/#primaryimage\"},\"thumbnailUrl\":\"https:\\\/\\\/mexicomlogistics.com\\\/wp-content\\\/uploads\\\/2019\\\/05\\\/flatbeds-stepdeck-estados-unidos-mexico_mexicom_logistics-1.jpg\",\"datePublished\":\"2022-05-29T16:35:51+00:00\",\"dateModified\":\"2022-10-07T14:40:22+00:00\",\"description\":\"Mexicom Logistics es tu opci\u00f3n n\u00famero uno para transportar carga en Plataformas y Stepdecks de Estados Unidos a M\u00e9xico entre Canad\u00e1, Estados Unidos y M\u00e9xico.\",\"breadcrumb\":{\"@id\":\"https:\\\/\\\/mexicomlogistics.com\\\/es\\\/plataformas-y-stepdecks-de-estados-unidos-a-mexico\\\/#breadcrumb\"},\"inLanguage\":\"es\",\"potentialAction\":[{\"@type\":\"ReadAction\",\"target\":[\"https:\\\/\\\/mexicomlogistics.com\\\/es\\\/plataformas-y-stepdecks-de-estados-unidos-a-mexico\\\/\"]}]},{\"@type\":\"ImageObject\",\"inLanguage\":\"es\",\"@id\":\"https:\\\/\\\/mexicomlogistics.com\\\/es\\\/plataformas-y-stepdecks-de-estados-unidos-a-mexico\\\/#primaryimage\",\"url\":\"https:\\\/\\\/mexicomlogistics.com\\\/wp-content\\\/uploads\\\/2019\\\/05\\\/flatbeds-stepdeck-estados-unidos-mexico_mexicom_logistics-1.jpg\",\"contentUrl\":\"https:\\\/\\\/mexicomlogistics.com\\\/wp-content\\\/uploads\\\/2019\\\/05\\\/flatbeds-stepdeck-estados-unidos-mexico_mexicom_logistics-1.jpg\",\"width\":800,\"height\":658},{\"@type\":\"BreadcrumbList\",\"@id\":\"https:\\\/\\\/mexicomlogistics.com\\\/es\\\/plataformas-y-stepdecks-de-estados-unidos-a-mexico\\\/#breadcrumb\",\"itemListElement\":[{\"@type\":\"ListItem\",\"position\":1,\"name\":\"Home\",\"item\":\"https:\\\/\\\/mexicomlogistics.com\\\/es\\\/\"},{\"@type\":\"ListItem\",\"position\":2,\"name\":\"Plataformas y Stepdecks de Estados Unidos a M\u00e9xico\"}]},{\"@type\":\"WebSite\",\"@id\":\"https:\\\/\\\/mexicomlogistics.com\\\/es\\\/#website\",\"url\":\"https:\\\/\\\/mexicomlogistics.com\\\/es\\\/\",\"name\":\"Mexicom Logistics\",\"description\":\"Ship with confidence\",\"publisher\":{\"@id\":\"https:\\\/\\\/mexicomlogistics.com\\\/es\\\/#organization\"},\"potentialAction\":[{\"@type\":\"SearchAction\",\"target\":{\"@type\":\"EntryPoint\",\"urlTemplate\":\"https:\\\/\\\/mexicomlogistics.com\\\/es\\\/?s={search_term_string}\"},\"query-input\":{\"@type\":\"PropertyValueSpecification\",\"valueRequired\":true,\"valueName\":\"search_term_string\"}}],\"inLanguage\":\"es\"},{\"@type\":\"Organization\",\"@id\":\"https:\\\/\\\/mexicomlogistics.com\\\/es\\\/#organization\",\"name\":\"Mexicom Logistics\",\"url\":\"https:\\\/\\\/mexicomlogistics.com\\\/es\\\/\",\"logo\":{\"@type\":\"ImageObject\",\"inLanguage\":\"es\",\"@id\":\"https:\\\/\\\/mexicomlogistics.com\\\/es\\\/#\\\/schema\\\/logo\\\/image\\\/\",\"url\":\"https:\\\/\\\/mexicomlogistics.com\\\/wp-content\\\/uploads\\\/2017\\\/03\\\/logo-white.jpg\",\"contentUrl\":\"https:\\\/\\\/mexicomlogistics.com\\\/wp-content\\\/uploads\\\/2017\\\/03\\\/logo-white.jpg\",\"width\":617,\"height\":402,\"caption\":\"Mexicom Logistics\"},\"image\":{\"@id\":\"https:\\\/\\\/mexicomlogistics.com\\\/es\\\/#\\\/schema\\\/logo\\\/image\\\/\"}}]}<\/script>\n<!-- \/ Yoast SEO plugin. -->","yoast_head_json":{"title":"Transporte de carga en Plataformas y Stepdecks de Estados Unidos a M\u00e9xico - Mexicom Logistics","description":"Mexicom Logistics es tu opci\u00f3n n\u00famero uno para transportar carga en Plataformas y Stepdecks de Estados Unidos a M\u00e9xico entre Canad\u00e1, Estados Unidos y M\u00e9xico.","robots":{"index":"index","follow":"follow","max-snippet":"max-snippet:-1","max-image-preview":"max-image-preview:large","max-video-preview":"max-video-preview:-1"},"canonical":"https:\/\/mexicomlogistics.com\/es\/plataformas-y-stepdecks-de-estados-unidos-a-mexico\/","og_locale":"es_ES","og_type":"article","og_title":"Transporte de carga en Plataformas y Stepdecks de Estados Unidos a M\u00e9xico - Mexicom Logistics","og_description":"Mexicom Logistics es tu opci\u00f3n n\u00famero uno para transportar carga en Plataformas y Stepdecks de Estados Unidos a M\u00e9xico entre Canad\u00e1, Estados Unidos y M\u00e9xico.","og_url":"https:\/\/mexicomlogistics.com\/es\/plataformas-y-stepdecks-de-estados-unidos-a-mexico\/","og_site_name":"Mexicom Logistics","article_modified_time":"2022-10-07T14:40:22+00:00","og_image":[{"width":800,"height":658,"url":"https:\/\/mexicomlogistics.com\/wp-content\/uploads\/2019\/05\/flatbeds-stepdeck-estados-unidos-mexico_mexicom_logistics-1.jpg","type":"image\/jpeg"}],"twitter_card":"summary_large_image","twitter_misc":{"Tiempo de lectura":"1 minuto"},"schema":{"@context":"https:\/\/schema.org","@graph":[{"@type":"WebPage","@id":"https:\/\/mexicomlogistics.com\/es\/plataformas-y-stepdecks-de-estados-unidos-a-mexico\/","url":"https:\/\/mexicomlogistics.com\/es\/plataformas-y-stepdecks-de-estados-unidos-a-mexico\/","name":"Transporte de carga en Plataformas y Stepdecks de Estados Unidos a M\u00e9xico - Mexicom Logistics","isPartOf":{"@id":"https:\/\/mexicomlogistics.com\/es\/#website"},"primaryImageOfPage":{"@id":"https:\/\/mexicomlogistics.com\/es\/plataformas-y-stepdecks-de-estados-unidos-a-mexico\/#primaryimage"},"image":{"@id":"https:\/\/mexicomlogistics.com\/es\/plataformas-y-stepdecks-de-estados-unidos-a-mexico\/#primaryimage"},"thumbnailUrl":"https:\/\/mexicomlogistics.com\/wp-content\/uploads\/2019\/05\/flatbeds-stepdeck-estados-unidos-mexico_mexicom_logistics-1.jpg","datePublished":"2022-05-29T16:35:51+00:00","dateModified":"2022-10-07T14:40:22+00:00","description":"Mexicom Logistics es tu opci\u00f3n n\u00famero uno para transportar carga en Plataformas y Stepdecks de Estados Unidos a M\u00e9xico entre Canad\u00e1, Estados Unidos y M\u00e9xico.","breadcrumb":{"@id":"https:\/\/mexicomlogistics.com\/es\/plataformas-y-stepdecks-de-estados-unidos-a-mexico\/#breadcrumb"},"inLanguage":"es","potentialAction":[{"@type":"ReadAction","target":["https:\/\/mexicomlogistics.com\/es\/plataformas-y-stepdecks-de-estados-unidos-a-mexico\/"]}]},{"@type":"ImageObject","inLanguage":"es","@id":"https:\/\/mexicomlogistics.com\/es\/plataformas-y-stepdecks-de-estados-unidos-a-mexico\/#primaryimage","url":"https:\/\/mexicomlogistics.com\/wp-content\/uploads\/2019\/05\/flatbeds-stepdeck-estados-unidos-mexico_mexicom_logistics-1.jpg","contentUrl":"https:\/\/mexicomlogistics.com\/wp-content\/uploads\/2019\/05\/flatbeds-stepdeck-estados-unidos-mexico_mexicom_logistics-1.jpg","width":800,"height":658},{"@type":"BreadcrumbList","@id":"https:\/\/mexicomlogistics.com\/es\/plataformas-y-stepdecks-de-estados-unidos-a-mexico\/#breadcrumb","itemListElement":[{"@type":"ListItem","position":1,"name":"Home","item":"https:\/\/mexicomlogistics.com\/es\/"},{"@type":"ListItem","position":2,"name":"Plataformas y Stepdecks de Estados Unidos a M\u00e9xico"}]},{"@type":"WebSite","@id":"https:\/\/mexicomlogistics.com\/es\/#website","url":"https:\/\/mexicomlogistics.com\/es\/","name":"Mexicom Logistics","description":"Ship with confidence","publisher":{"@id":"https:\/\/mexicomlogistics.com\/es\/#organization"},"potentialAction":[{"@type":"SearchAction","target":{"@type":"EntryPoint","urlTemplate":"https:\/\/mexicomlogistics.com\/es\/?s={search_term_string}"},"query-input":{"@type":"PropertyValueSpecification","valueRequired":true,"valueName":"search_term_string"}}],"inLanguage":"es"},{"@type":"Organization","@id":"https:\/\/mexicomlogistics.com\/es\/#organization","name":"Mexicom Logistics","url":"https:\/\/mexicomlogistics.com\/es\/","logo":{"@type":"ImageObject","inLanguage":"es","@id":"https:\/\/mexicomlogistics.com\/es\/#\/schema\/logo\/image\/","url":"https:\/\/mexicomlogistics.com\/wp-content\/uploads\/2017\/03\/logo-white.jpg","contentUrl":"https:\/\/mexicomlogistics.com\/wp-content\/uploads\/2017\/03\/logo-white.jpg","width":617,"height":402,"caption":"Mexicom Logistics"},"image":{"@id":"https:\/\/mexicomlogistics.com\/es\/#\/schema\/logo\/image\/"}}]}},"jetpack_sharing_enabled":true,"jetpack_shortlink":"https:\/\/wp.me\/P8vZ39-2c1","_links":{"self":[{"href":"https:\/\/mexicomlogistics.com\/es\/wp-json\/wp\/v2\/pages\/8433","targetHints":{"allow":["GET"]}}],"collection":[{"href":"https:\/\/mexicomlogistics.com\/es\/wp-json\/wp\/v2\/pages"}],"about":[{"href":"https:\/\/mexicomlogistics.com\/es\/wp-json\/wp\/v2\/types\/page"}],"author":[{"embeddable":true,"href":"https:\/\/mexicomlogistics.com\/es\/wp-json\/wp\/v2\/users\/4"}],"replies":[{"embeddable":true,"href":"https:\/\/mexicomlogistics.com\/es\/wp-json\/wp\/v2\/comments?post=8433"}],"version-history":[{"count":0,"href":"https:\/\/mexicomlogistics.com\/es\/wp-json\/wp\/v2\/pages\/8433\/revisions"}],"wp:featuredmedia":[{"embeddable":true,"href":"https:\/\/mexicomlogistics.com\/es\/wp-json\/wp\/v2\/media\/8451"}],"wp:attachment":[{"href":"https:\/\/mexicomlogistics.com\/es\/wp-json\/wp\/v2\/media?parent=8433"}],"curies":[{"name":"wp","href":"https:\/\/api.w.org\/{rel}","templated":true}]}}