{"id":4426,"date":"2018-12-03T15:27:28","date_gmt":"2018-12-03T20:27:28","guid":{"rendered":"http:\/\/www.mexicomlogistics.com\/?page_id=4426"},"modified":"2022-10-07T10:36:49","modified_gmt":"2022-10-07T14:36:49","slug":"transporte-confiable-en-plataformas","status":"publish","type":"page","link":"https:\/\/mexicomlogistics.com\/es\/transporte-confiable-en-plataformas\/","title":{"rendered":"Servicio confiable de transporte de carga en plataformas"},"content":{"rendered":"<div class=\"wpb-content-wrapper\">[vc_row fullwidth=\u00bbtrue\u00bb fullwidth_content=\u00bbfalse\u00bb css=\u00bb.vc_custom_1543871941720{background-image: url(http:\/\/www.mexicomlogistics.com\/wp-content\/uploads\/2018\/12\/transporte-de-carga-mexicom.png?id=4435) !important;background-position: center !important;background-repeat: no-repeat !important;background-size: cover !important;}\u00bb el_class=\u00bbtrucking-row-1&#8243;][vc_column][mk_padding_divider size=\u00bb100&#8243; visibility=\u00bbvisible-sm\u00bb][mk_padding_divider size=\u00bb250&#8243; visibility=\u00bbhidden-sm\u00bb][mk_fancy_title tag_name=\u00bbh1&#8243; color=\u00bb#ffffff\u00bb size=\u00bb40&#8243; font_weight=\u00bbbold\u00bb txt_transform=\u00bbuppercase\u00bb letter_spacing=\u00bb1&#8243; margin_top=\u00bb20&#8243; font_family=\u00bbRaleway\u00bb font_type=\u00bbgoogle\u00bb align=\u00bbcenter\u00bb el_class=\u00bbintermodal-fancy-1&#8243;]<span style=\"color: #ffffff;\">Servicio confiable de transporte de carga en plataformas<\/span>[\/mk_fancy_title][\/vc_column][\/vc_row][vc_row css=\u00bb.vc_custom_1535489734720{background-image: url(http:\/\/www.mexicomlogistics.com\/wp-content\/uploads\/2018\/08\/main-landing-page-1.jpg?id=3132) !important;}\u00bb][vc_column][mk_padding_divider size=\u00bb0&#8243;][\/vc_column][\/vc_row][mk_page_section sidebar=\u00bbsidebar-1&#8243;][vc_column][vc_row_inner][vc_column_inner][mk_padding_divider size=\u00bb30&#8243;][mk_padding_divider size=\u00bb30&#8243;][vc_column_text disable_pattern=\u00bbfalse\u00bb]\n<h2 style=\"text-align: center;\">Que tus\u00a0cargas no te quiten el sue\u00f1o,<\/h2>\n<h1 style=\"text-align: center;\">Obt\u00e9n un servicio confiable de transporte de carga en plataformas con Mexicom<\/h1>\n[\/vc_column_text][mk_padding_divider size=\u00bb45&#8243;][vc_column_text][\/vc_column_text][\/vc_column_inner][\/vc_row_inner][vc_row_inner][vc_column_inner width=\u00bb1\/3&#8243;][vc_single_image image=\u00bb4328&#8243; img_size=\u00bb50&#215;50&#8243; alignment=\u00bbcenter\u00bb][vc_column_text]\n<h3 style=\"text-align: center;\">Siempre listos<\/h3>\n<p style=\"text-align: center;\"><span style=\"color: #000000;\">Nuestra amplia red de transportistas nos permite estar listos para recoger tu carga al siguiente d\u00eda de recibir tu notificaci\u00f3n.<br \/>\nUna gran variedad de plataformas: flatbeds, step-decks y double-drops disponibles para ti.\u00a0<\/span>[\/vc_column_text][vc_column_text][\/vc_column_text][\/vc_column_inner][vc_column_inner width=\u00bb1\/3&#8243;][vc_single_image image=\u00bb4334&#8243; img_size=\u00bb50&#215;50&#8243; alignment=\u00bbcenter\u00bb][vc_column_text]\n<h3 style=\"text-align: center;\">Un servicio\u00a0impecable al costo m\u00e1s bajo<\/h3>\n<p style=\"text-align: center;\">\u00a0\u00bfC\u00f3mo funciona? Contamos una amplia red de proveedores,\u00a0 a los que enviamos un elevado volumen de cargas, por lo que obtenemos tarifas preferenciales que un s\u00f3lo embarcador no podr\u00eda obtener. As\u00ed,\u00a0 ofrecemos la tarifa m\u00e1s baja del mercado\u00a0 con los transportistas que ofrecen el mejor servicio.<\/p>\n<p style=\"text-align: center;\">Obt\u00e9n la tarifa m\u00e1s baja, especialmente en env\u00edos de plataformas: flatbeds, step-decks y double-drops para transportar mercanc\u00eda desde Canad\u00e1 y EE. UU. a M\u00e9xico.<\/p>\n[\/vc_column_text][vc_column_text][\/vc_column_text][\/vc_column_inner][vc_column_inner width=\u00bb1\/3&#8243;][vc_single_image image=\u00bb4337&#8243; img_size=\u00bb100&#215;50&#8243; alignment=\u00bbcenter\u00bb][vc_column_text]\n<h3 style=\"text-align: center;\">Flexbilidad en retrasos\u00a0y detenciones en la frontera\u00a0E.E. U.U.-M\u00e9xico<\/h3>\n<p style=\"text-align: center;\">Mientras\u00a0 la gran mayor\u00eda de brokers aplica cargos extra por hora de detenci\u00f3n en la frontera o por demoras, en Mexicom somos flexibles y te ofrecemos 2 horas para cargar y descargar y 2 d\u00edas en la frontera por demoras sin cargo adicional.<\/p>\n<p style=\"text-align: center;\">\u00bfPor qu\u00e9 hacemos esto? Porque entendemos la complejidad del cruce de fronteras entre M\u00e9xico y Estados Unidos como nadie m\u00e1s y queremos brindarte el mejor servicio.<\/p>\n[\/vc_column_text][\/vc_column_inner][\/vc_row_inner][vc_separator][mk_button dimension=\u00bbflat\u00bb corner_style=\u00bbfull_rounded\u00bb size=\u00bblarge\u00bb url=\u00bbhttps:\/\/mexicomlogistics.com\/es\/solicitar-cotizacion-elegir-tipo\/\u00bb target=\u00bb_blank\u00bb align=\u00bbcenter\u00bb bg_color=\u00bb#ff0000&#8243;]Solicita tu cotizaci\u00f3n[\/mk_button][vc_column_text]\n<h3 style=\"text-align: center;\"><span style=\"color: #ff0000;\"><a style=\"color: #ff0000;\" href=\"mailto:info@mexicomlogistics.com\">info@mexicomlogistics.com<\/a> | +1 514-667-0174<\/span><\/h3>\n[\/vc_column_text][vc_separator][\/vc_column][\/mk_page_section][mk_page_section el_class=\u00bbmap\u00bb sidebar=\u00bbsidebar-1&#8243;][vc_column][vc_column_text]\n<h4 style=\"text-align: center;\">M\u00e1s de 13 a\u00f1os de experiencia transportando carga de Canad\u00e1 y Estados Unidos a M\u00e9xico<\/h4>\n[\/vc_column_text][mk_image src=\u00bbhttp:\/\/www.mexicomlogistics.com\/wp-content\/uploads\/2018\/08\/north-america-south-bond-es-100.jpg\u00bb image_size=\u00bbfull\u00bb align=\u00bbcenter\u00bb][mk_button dimension=\u00bbflat\u00bb corner_style=\u00bbfull_rounded\u00bb size=\u00bblarge\u00bb url=\u00bbhttps:\/\/mexicomlogistics.com\/es\/solicitar-cotizacion-elegir-tipo\/\u00bb target=\u00bb_blank\u00bb align=\u00bbcenter\u00bb bg_color=\u00bb#ff0000&#8243;]Solicita tu cotizaci\u00f3n[\/mk_button][vc_column_text]\n<h3 style=\"text-align: center;\"><span style=\"color: #ff0000;\"><a style=\"color: #ff0000;\" href=\"mailto:info@mexicomlogistics.com\">info@mexicomlogistics.com<\/a> | +1 514-667-0174<\/span><\/h3>\n[\/vc_column_text][vc_separator][\/vc_column][\/mk_page_section][mk_page_section el_class=\u00bbmap\u00bb sidebar=\u00bbsidebar-1&#8243;][vc_column][mk_blockquote font_family=\u00bbnone\u00bb]The support of Mexicom for more than 10 years has been giving us the best market prices\u00a0 and their coordination of our shipments, ensured\u00a0 an accurate collection time\u00a0 &#8211; Mario Hanssel T\u00e9llez Arroyo, Logistics Operations Manager, SkyNet[\/mk_blockquote][\/vc_column][\/mk_page_section][mk_page_section el_class=\u00bbmap\u00bb sidebar=\u00bbsidebar-1&#8243;][vc_column width=\u00bb1\/3&#8243;][vc_single_image image=\u00bb3579&#8243; img_size=\u00bb500&#215;600&#8243;][\/vc_column][vc_column width=\u00bb1\/3&#8243;][vc_single_image image=\u00bb4375&#8243; img_size=\u00bb500&#215;600&#8243;][\/vc_column][vc_column width=\u00bb1\/3&#8243;][vc_single_image image=\u00bb2807&#8243; img_size=\u00bb500&#215;600&#8243;][\/vc_column][\/mk_page_section][mk_page_section el_class=\u00bbmap\u00bb sidebar=\u00bbsidebar-1&#8243;][vc_column][mk_button dimension=\u00bbflat\u00bb corner_style=\u00bbfull_rounded\u00bb size=\u00bblarge\u00bb url=\u00bbhttps:\/\/mexicomlogistics.com\/es\/solicitar-cotizacion-elegir-tipo\/\u00bb target=\u00bb_blank\u00bb align=\u00bbcenter\u00bb bg_color=\u00bb#ff0000&#8243;]Solicita tu cotizaci\u00f3n[\/mk_button][vc_column_text]\n<h3 style=\"text-align: center;\"><span style=\"color: #ff0000;\"><a style=\"color: #ff0000;\" href=\"mailto:info@mexicomlogistics.com\">info@mexicomlogistics.com<\/a> | +1 514-667-0174<\/span><\/h3>\n[\/vc_column_text][vc_separator][\/vc_column][\/mk_page_section][mk_page_section bg_image=\u00bbhttp:\/\/www.mexicomlogistics.com\/wp-content\/uploads\/2018\/08\/img_20170607_094229.jpg\u00bb bg_position=\u00bbcenter center\u00bb bg_repeat=\u00bbno-repeat\u00bb bg_stretch=\u00bbtrue\u00bb enable_3d=\u00bbtrue\u00bb speed_factor=\u00bb0.4&#8243; adaptive_height=\u00bbtrue\u00bb sidebar=\u00bbsidebar-1&#8243;][vc_column][\/vc_column][\/mk_page_section][mk_page_section sidebar=\u00bbsidebar-1&#8243;][vc_column][vc_row_inner][vc_column_inner width=\u00bb1\/6&#8243;][mk_padding_divider size=\u00bb30&#8243;][\/vc_column_inner][vc_column_inner width=\u00bb5\/6&#8243;][mk_padding_divider size=\u00bb30&#8243;][mk_custom_list title=\u00bbNUESTROS SERVICIOS DE PLATAFORMAS FLATBEDS, STEP-DECKS Y DOUBLE-DROPS INCLUYEN\u00bb]\n<ul>\n<li>Cruce transfronterizo sin problemas para carga directa y a transbordo.<\/li>\n<li>Seguimiento del estado y ubicaci\u00f3n de tu mercanc\u00eda en cualquier momento. Recibe actualizaciones de ubicaci\u00f3n y entrega.<\/li>\n<li>Trabajamos s\u00f3lo con compa\u00f1\u00edas que verifican los antecedentes de sus choferes y trabajan con sistemas de seguimiento por sat\u00e9lite las 24 horas, todos los d\u00edas. Ofrecemos servicio de escoltas, si es necesario.<\/li>\n<li>Expertos triling\u00fces que brindan un servicio directo y personalizado.<\/li>\n<li>Podemos proporcionar un seguro de carga a una tasa exclusiva para nuestros clientes: 0.3%<\/li>\n<\/ul>\n[\/mk_custom_list][mk_padding_divider size=\u00bb30&#8243;][vc_text_separator title=\u00bbEQUIPOS\u00bb title_align=\u00bbseparator_align_left\u00bb align=\u00bbalign_left\u00bb][vc_column_text]Contamos con una\u00a0gran variedad de flatbeds, double-drops y step-decks de diferentes medidas para mover tu carga de Estados Unidos y Canad\u00e1 a M\u00e9xico y viceresa.[\/vc_column_text][mk_image_slideshow images=\u00bb4055,4052,4049,4046,4040&#8243; image_height=\u00bb400&#8243; animation_speed=\u00bb1000&#8243; slideshow_speed=\u00bb1000&#8243; pause_on_hover=\u00bbtrue\u00bb][vc_column_text][\/vc_column_text][mk_padding_divider size=\u00bb45&#8243;][\/vc_column_inner][\/vc_row_inner][\/vc_column][\/mk_page_section][vc_row][vc_column][mk_button dimension=\u00bbflat\u00bb corner_style=\u00bbfull_rounded\u00bb size=\u00bblarge\u00bb url=\u00bbhttps:\/\/mexicomlogistics.com\/es\/solicitar-cotizacion-elegir-tipo\/\u00bb target=\u00bb_blank\u00bb align=\u00bbcenter\u00bb bg_color=\u00bb#ff0000&#8243;]Solicita tu cotizaci\u00f3n[\/mk_button][vc_column_text]\n<h3 style=\"text-align: center;\"><span style=\"color: #ff0000;\"><a style=\"color: #ff0000;\" href=\"mailto:info@mexicomlogistics.com\">info@mexicomlogistics.com<\/a> | +1 514-667-0174<\/span><\/h3>\n[\/vc_column_text][mk_padding_divider][vc_text_separator title=\u00bbBLOG POSTS\u00bb color=\u00bbcustom\u00bb border_width=\u00bb2&#8243; accent_color=\u00bb#ff3a3a\u00bb][mk_blog_carousel count=\u00bb-1&#8243; cat=\u00bb34&#8243;][\/vc_column][\/vc_row][vc_row][vc_column][vc_empty_space][\/vc_column][\/vc_row]\n<\/div>","protected":false},"excerpt":{"rendered":"<p>[vc_row fullwidth=\u00bbtrue\u00bb fullwidth_content=\u00bbfalse\u00bb css=\u00bb.vc_custom_1543871941720{background-image: url(http:\/\/www.mexicomlogistics.com\/wp-content\/uploads\/2018\/12\/transporte-de-carga-mexicom.png?id=4435) !important;background-position: center !important;background-repeat: no-repeat !important;background-size: cover !important;}\u00bb el_class=\u00bbtrucking-row-1&#8243;][vc_column][mk_padding_divider size=\u00bb100&#8243; visibility=\u00bbvisible-sm\u00bb][mk_padding_divider size=\u00bb250&#8243; visibility=\u00bbhidden-sm\u00bb][mk_fancy_title tag_name=\u00bbh1&#8243; color=\u00bb#ffffff\u00bb size=\u00bb40&#8243; font_weight=\u00bbbold\u00bb txt_transform=\u00bbuppercase\u00bb letter_spacing=\u00bb1&#8243; margin_top=\u00bb20&#8243; font_family=\u00bbRaleway\u00bb font_type=\u00bbgoogle\u00bb align=\u00bbcenter\u00bb el_class=\u00bbintermodal-fancy-1&#8243;]Servicio confiable de transporte de carga en plataformas[\/mk_fancy_title][\/vc_column][\/vc_row][vc_row css=\u00bb.vc_custom_1535489734720{background-image: url(http:\/\/www.mexicomlogistics.com\/wp-content\/uploads\/2018\/08\/main-landing-page-1.jpg?id=3132) !important;}\u00bb][vc_column][mk_padding_divider size=\u00bb0&#8243;][\/vc_column][\/vc_row][mk_page_section sidebar=\u00bbsidebar-1&#8243;][vc_column][vc_row_inner][vc_column_inner][mk_padding_divider size=\u00bb30&#8243;][mk_padding_divider size=\u00bb30&#8243;][vc_column_text disable_pattern=\u00bbfalse\u00bb] Que tus\u00a0cargas no te quiten el sue\u00f1o, Obt\u00e9n un servicio confiable de [&hellip;]<\/p>\n","protected":false},"author":4,"featured_media":4435,"parent":0,"menu_order":12,"comment_status":"closed","ping_status":"closed","template":"","meta":{"content-type":"","jetpack_post_was_ever_published":false,"footnotes":""},"class_list":["post-4426","page","type-page","status-publish","has-post-thumbnail","hentry"],"yoast_head":"<!-- This site is optimized with the Yoast SEO plugin v27.2 - https:\/\/yoast.com\/product\/yoast-seo-wordpress\/ -->\n<title>Servicio confiable de transporte de carga en plataformas - Mexicom Logistics<\/title>\n<meta name=\"description\" content=\"M\u00e1s de 13 a\u00f1os de experiencia ofreciendo un servicio confiable de tranporte de carga en plataformas entre Canad\u00e1, Estados Unidos y M\u00e9xico\" \/>\n<meta name=\"robots\" content=\"index, follow, max-snippet:-1, max-image-preview:large, max-video-preview:-1\" \/>\n<link rel=\"canonical\" href=\"https:\/\/mexicomlogistics.com\/es\/transporte-confiable-en-plataformas\/\" \/>\n<meta property=\"og:locale\" content=\"es_ES\" \/>\n<meta property=\"og:type\" content=\"article\" \/>\n<meta property=\"og:title\" content=\"Servicio confiable de transporte de carga en plataformas - Mexicom Logistics\" \/>\n<meta property=\"og:description\" content=\"M\u00e1s de 13 a\u00f1os de experiencia ofreciendo un servicio confiable de tranporte de carga en plataformas entre Canad\u00e1, Estados Unidos y M\u00e9xico\" \/>\n<meta property=\"og:url\" content=\"https:\/\/mexicomlogistics.com\/es\/transporte-confiable-en-plataformas\/\" \/>\n<meta property=\"og:site_name\" content=\"Mexicom Logistics\" \/>\n<meta property=\"article:modified_time\" content=\"2022-10-07T14:36:49+00:00\" \/>\n<meta property=\"og:image\" content=\"https:\/\/mexicomlogistics.com\/wp-content\/uploads\/2018\/12\/transporte-de-carga-mexicom.png\" \/>\n\t<meta property=\"og:image:width\" content=\"1742\" \/>\n\t<meta property=\"og:image:height\" content=\"785\" \/>\n\t<meta property=\"og:image:type\" content=\"image\/png\" \/>\n<meta name=\"twitter:card\" content=\"summary_large_image\" \/>\n<meta name=\"twitter:label1\" content=\"Tiempo de lectura\" \/>\n\t<meta name=\"twitter:data1\" content=\"6 minutos\" \/>\n<script type=\"application\/ld+json\" class=\"yoast-schema-graph\">{\"@context\":\"https:\/\/schema.org\",\"@graph\":[{\"@type\":\"WebPage\",\"@id\":\"https:\/\/mexicomlogistics.com\/es\/transporte-confiable-en-plataformas\/\",\"url\":\"https:\/\/mexicomlogistics.com\/es\/transporte-confiable-en-plataformas\/\",\"name\":\"Servicio confiable de transporte de carga en plataformas - Mexicom Logistics\",\"isPartOf\":{\"@id\":\"https:\/\/mexicomlogistics.com\/es\/#website\"},\"primaryImageOfPage\":{\"@id\":\"https:\/\/mexicomlogistics.com\/es\/transporte-confiable-en-plataformas\/#primaryimage\"},\"image\":{\"@id\":\"https:\/\/mexicomlogistics.com\/es\/transporte-confiable-en-plataformas\/#primaryimage\"},\"thumbnailUrl\":\"https:\/\/mexicomlogistics.com\/wp-content\/uploads\/2018\/12\/transporte-de-carga-mexicom.png\",\"datePublished\":\"2018-12-03T20:27:28+00:00\",\"dateModified\":\"2022-10-07T14:36:49+00:00\",\"description\":\"M\u00e1s de 13 a\u00f1os de experiencia ofreciendo un servicio confiable de tranporte de carga en plataformas entre Canad\u00e1, Estados Unidos y M\u00e9xico\",\"breadcrumb\":{\"@id\":\"https:\/\/mexicomlogistics.com\/es\/transporte-confiable-en-plataformas\/#breadcrumb\"},\"inLanguage\":\"es\",\"potentialAction\":[{\"@type\":\"ReadAction\",\"target\":[\"https:\/\/mexicomlogistics.com\/es\/transporte-confiable-en-plataformas\/\"]}]},{\"@type\":\"ImageObject\",\"inLanguage\":\"es\",\"@id\":\"https:\/\/mexicomlogistics.com\/es\/transporte-confiable-en-plataformas\/#primaryimage\",\"url\":\"https:\/\/mexicomlogistics.com\/wp-content\/uploads\/2018\/12\/transporte-de-carga-mexicom.png\",\"contentUrl\":\"https:\/\/mexicomlogistics.com\/wp-content\/uploads\/2018\/12\/transporte-de-carga-mexicom.png\",\"width\":1742,\"height\":785},{\"@type\":\"BreadcrumbList\",\"@id\":\"https:\/\/mexicomlogistics.com\/es\/transporte-confiable-en-plataformas\/#breadcrumb\",\"itemListElement\":[{\"@type\":\"ListItem\",\"position\":1,\"name\":\"Home\",\"item\":\"https:\/\/mexicomlogistics.com\/es\/\"},{\"@type\":\"ListItem\",\"position\":2,\"name\":\"Servicio confiable de transporte de carga en plataformas\"}]},{\"@type\":\"WebSite\",\"@id\":\"https:\/\/mexicomlogistics.com\/es\/#website\",\"url\":\"https:\/\/mexicomlogistics.com\/es\/\",\"name\":\"Mexicom Logistics\",\"description\":\"Ship with confidence\",\"publisher\":{\"@id\":\"https:\/\/mexicomlogistics.com\/es\/#organization\"},\"potentialAction\":[{\"@type\":\"SearchAction\",\"target\":{\"@type\":\"EntryPoint\",\"urlTemplate\":\"https:\/\/mexicomlogistics.com\/es\/?s={search_term_string}\"},\"query-input\":{\"@type\":\"PropertyValueSpecification\",\"valueRequired\":true,\"valueName\":\"search_term_string\"}}],\"inLanguage\":\"es\"},{\"@type\":\"Organization\",\"@id\":\"https:\/\/mexicomlogistics.com\/es\/#organization\",\"name\":\"Mexicom Logistics\",\"url\":\"https:\/\/mexicomlogistics.com\/es\/\",\"logo\":{\"@type\":\"ImageObject\",\"inLanguage\":\"es\",\"@id\":\"https:\/\/mexicomlogistics.com\/es\/#\/schema\/logo\/image\/\",\"url\":\"https:\/\/mexicomlogistics.com\/wp-content\/uploads\/2017\/03\/logo-white.jpg\",\"contentUrl\":\"https:\/\/mexicomlogistics.com\/wp-content\/uploads\/2017\/03\/logo-white.jpg\",\"width\":617,\"height\":402,\"caption\":\"Mexicom Logistics\"},\"image\":{\"@id\":\"https:\/\/mexicomlogistics.com\/es\/#\/schema\/logo\/image\/\"}}]}<\/script>\n<!-- \/ Yoast SEO plugin. -->","yoast_head_json":{"title":"Servicio confiable de transporte de carga en plataformas - Mexicom Logistics","description":"M\u00e1s de 13 a\u00f1os de experiencia ofreciendo un servicio confiable de tranporte de carga en plataformas entre Canad\u00e1, Estados Unidos y M\u00e9xico","robots":{"index":"index","follow":"follow","max-snippet":"max-snippet:-1","max-image-preview":"max-image-preview:large","max-video-preview":"max-video-preview:-1"},"canonical":"https:\/\/mexicomlogistics.com\/es\/transporte-confiable-en-plataformas\/","og_locale":"es_ES","og_type":"article","og_title":"Servicio confiable de transporte de carga en plataformas - Mexicom Logistics","og_description":"M\u00e1s de 13 a\u00f1os de experiencia ofreciendo un servicio confiable de tranporte de carga en plataformas entre Canad\u00e1, Estados Unidos y M\u00e9xico","og_url":"https:\/\/mexicomlogistics.com\/es\/transporte-confiable-en-plataformas\/","og_site_name":"Mexicom Logistics","article_modified_time":"2022-10-07T14:36:49+00:00","og_image":[{"width":1742,"height":785,"url":"https:\/\/mexicomlogistics.com\/wp-content\/uploads\/2018\/12\/transporte-de-carga-mexicom.png","type":"image\/png"}],"twitter_card":"summary_large_image","twitter_misc":{"Tiempo de lectura":"6 minutos"},"schema":{"@context":"https:\/\/schema.org","@graph":[{"@type":"WebPage","@id":"https:\/\/mexicomlogistics.com\/es\/transporte-confiable-en-plataformas\/","url":"https:\/\/mexicomlogistics.com\/es\/transporte-confiable-en-plataformas\/","name":"Servicio confiable de transporte de carga en plataformas - Mexicom Logistics","isPartOf":{"@id":"https:\/\/mexicomlogistics.com\/es\/#website"},"primaryImageOfPage":{"@id":"https:\/\/mexicomlogistics.com\/es\/transporte-confiable-en-plataformas\/#primaryimage"},"image":{"@id":"https:\/\/mexicomlogistics.com\/es\/transporte-confiable-en-plataformas\/#primaryimage"},"thumbnailUrl":"https:\/\/mexicomlogistics.com\/wp-content\/uploads\/2018\/12\/transporte-de-carga-mexicom.png","datePublished":"2018-12-03T20:27:28+00:00","dateModified":"2022-10-07T14:36:49+00:00","description":"M\u00e1s de 13 a\u00f1os de experiencia ofreciendo un servicio confiable de tranporte de carga en plataformas entre Canad\u00e1, Estados Unidos y M\u00e9xico","breadcrumb":{"@id":"https:\/\/mexicomlogistics.com\/es\/transporte-confiable-en-plataformas\/#breadcrumb"},"inLanguage":"es","potentialAction":[{"@type":"ReadAction","target":["https:\/\/mexicomlogistics.com\/es\/transporte-confiable-en-plataformas\/"]}]},{"@type":"ImageObject","inLanguage":"es","@id":"https:\/\/mexicomlogistics.com\/es\/transporte-confiable-en-plataformas\/#primaryimage","url":"https:\/\/mexicomlogistics.com\/wp-content\/uploads\/2018\/12\/transporte-de-carga-mexicom.png","contentUrl":"https:\/\/mexicomlogistics.com\/wp-content\/uploads\/2018\/12\/transporte-de-carga-mexicom.png","width":1742,"height":785},{"@type":"BreadcrumbList","@id":"https:\/\/mexicomlogistics.com\/es\/transporte-confiable-en-plataformas\/#breadcrumb","itemListElement":[{"@type":"ListItem","position":1,"name":"Home","item":"https:\/\/mexicomlogistics.com\/es\/"},{"@type":"ListItem","position":2,"name":"Servicio confiable de transporte de carga en plataformas"}]},{"@type":"WebSite","@id":"https:\/\/mexicomlogistics.com\/es\/#website","url":"https:\/\/mexicomlogistics.com\/es\/","name":"Mexicom Logistics","description":"Ship with confidence","publisher":{"@id":"https:\/\/mexicomlogistics.com\/es\/#organization"},"potentialAction":[{"@type":"SearchAction","target":{"@type":"EntryPoint","urlTemplate":"https:\/\/mexicomlogistics.com\/es\/?s={search_term_string}"},"query-input":{"@type":"PropertyValueSpecification","valueRequired":true,"valueName":"search_term_string"}}],"inLanguage":"es"},{"@type":"Organization","@id":"https:\/\/mexicomlogistics.com\/es\/#organization","name":"Mexicom Logistics","url":"https:\/\/mexicomlogistics.com\/es\/","logo":{"@type":"ImageObject","inLanguage":"es","@id":"https:\/\/mexicomlogistics.com\/es\/#\/schema\/logo\/image\/","url":"https:\/\/mexicomlogistics.com\/wp-content\/uploads\/2017\/03\/logo-white.jpg","contentUrl":"https:\/\/mexicomlogistics.com\/wp-content\/uploads\/2017\/03\/logo-white.jpg","width":617,"height":402,"caption":"Mexicom Logistics"},"image":{"@id":"https:\/\/mexicomlogistics.com\/es\/#\/schema\/logo\/image\/"}}]}},"jetpack_sharing_enabled":true,"jetpack_shortlink":"https:\/\/wp.me\/P8vZ39-19o","_links":{"self":[{"href":"https:\/\/mexicomlogistics.com\/es\/wp-json\/wp\/v2\/pages\/4426","targetHints":{"allow":["GET"]}}],"collection":[{"href":"https:\/\/mexicomlogistics.com\/es\/wp-json\/wp\/v2\/pages"}],"about":[{"href":"https:\/\/mexicomlogistics.com\/es\/wp-json\/wp\/v2\/types\/page"}],"author":[{"embeddable":true,"href":"https:\/\/mexicomlogistics.com\/es\/wp-json\/wp\/v2\/users\/4"}],"replies":[{"embeddable":true,"href":"https:\/\/mexicomlogistics.com\/es\/wp-json\/wp\/v2\/comments?post=4426"}],"version-history":[{"count":0,"href":"https:\/\/mexicomlogistics.com\/es\/wp-json\/wp\/v2\/pages\/4426\/revisions"}],"wp:featuredmedia":[{"embeddable":true,"href":"https:\/\/mexicomlogistics.com\/es\/wp-json\/wp\/v2\/media\/4435"}],"wp:attachment":[{"href":"https:\/\/mexicomlogistics.com\/es\/wp-json\/wp\/v2\/media?parent=4426"}],"curies":[{"name":"wp","href":"https:\/\/api.w.org\/{rel}","templated":true}]}}