{"id":377,"date":"2014-01-23T17:33:31","date_gmt":"2014-01-23T22:33:31","guid":{"rendered":"http:\/\/mexicomlogistics.com\/?page_id=377"},"modified":"2014-01-23T17:33:31","modified_gmt":"2014-01-23T22:33:31","slug":"condiciones-de-uso","status":"publish","type":"page","link":"https:\/\/mexicomlogistics.com\/es\/condiciones-de-uso\/","title":{"rendered":"Condiciones de uso"},"content":{"rendered":"<div style=\"padding: 25px 25px\">\n<h1>Condiciones de uso<\/h1>\n<p>Mexicom Logistics  \u2013 T\u00e9rminos y condiciones<\/p>\n<p>Su acceso a www.mexicomlogistics.com est\u00e1 sujeto a los siguientes t\u00e9rminos y condiciones, que pueden actualizarse ocasionalmente sin previo aviso. Al acceder o utilizar este sitio web, el usuario reconoce haber le\u00eddo, comprendido y aceptado estos t\u00e9rminos y condiciones. En caso de no estar de acuerdo con estos t\u00e9rminos y condiciones (ya que pueden modificarse ocasionalmente) o mostrarse insatisfecho con este sitio web, su \u00fanica alternativa consiste en dejar de utilizarlo.<\/p>\n<h2>CL\u00c1USULAS DE EXENCI\u00d3N<\/h2>\n<p>Usted reconoce y acepta que:<\/p>\n<p>A. Aunque nos esforzamos por ofrecer en este sitio web los \u00faltimos acontecimientos en relaci\u00f3n con nuestros productos y servicios e informaci\u00f3n sobre nuestra empresa, no garantizamos la exactitud, efectividad y pertinencia de cualquier dato contenido en este sitio web. Cada persona asume plena responsabilidad por todos los riesgos vinculados a la utilizaci\u00f3n de este sitio de Internet. La informaci\u00f3n se presenta \u201cTAL CUAL ES\u201d y puede incluir errores t\u00e9cnicos o tipogr\u00e1ficos. Mexicom Logistics  se reserva el derecho de a\u00f1adir, eliminar o modificar la informaci\u00f3n en cualquier momento sin previo aviso.<\/p>\n<p>B. Mexicom Logistics  NO REALIZA MANIFESTACIONES O DECLARACIONES DE GARANT\u00cdA DE NING\u00daN TIPO O CAR\u00c1CTER CON RESPECTO A LA INFORMACI\u00d3N O AL CONTENIDO PUBLICADO EN ESTE SITIO WEB. Mexicom Logistics  POR EL PRESENTE NIEGA TODAS LAS MANIFESTACIONES Y DECLARACIONES DE GARANT\u00cdA, YA SEAN EXPRESAS O T\u00c1CITAS, CREADAS POR LEY, CONTRATO O DE OTRO MODO, QUE INCLUYAN, ENTRE OTRAS, GARANT\u00cdAS DE COMERCIABILIDAD, APTITUD PARA UN FIN DETERMINADO, T\u00cdTULO O INCUMPLIMIENTO. EN NING\u00daN CASO Mexicom Logistics  SER\u00c1 RESPONSABLE DE LOS DA\u00d1OS DE CUALQUIER TIPO O CLASE, INCLUYENDO, ENTRE OTROS, LOS DA\u00d1OS DIRECTOS, INDIRECTOS, ESPECIALES (INCLUSO LA P\u00c9RDIDA DE INGRESOS) CONSECUENTES O FORTUITOS OCASIONADOS POR O EN RELACI\u00d3N A LA EXISTENCIA O AL USO DE ESTE SITIO DE INTERNET Y\/O LA INFORMACI\u00d3N O EL CONTENIDO PUBLICADO EN ESTE SITIO WEB, INDEPENDIENTEMENTE DE QUE Mexicom Logistics  HAYA SIDO INFORMADO SOBRE LA POSIBILIDAD DE TALES DA\u00d1OS.<\/p>\n<p>C. Mexicom Logistics  no es responsable ni garantiza en absoluto la exactitud, efectividad, puntualidad y pertinencia de la informaci\u00f3n o el contenido obtenido por terceros, incluyendo los hiperv\u00ednculos hacia y desde otros sitios de terceros. Salvo que se disponga lo contrario en este sitio web, Mexicom Logistics  no editar\u00e1, censurar\u00e1 o de alguna otra forma controlar\u00e1 cualquier contenido proporcionado por terceros en cualquier tablero de anuncios, sala de charla (chat room) u otro foro similar publicado en el sitio web. Tal informaci\u00f3n debe, por lo tanto, considerarse como sospechosa y no aprobada por Mexicom Logistics .<\/p>\n<h2>EL USO<\/h2>\n<p>Usted comprende, reconoce y acepta lo siguiente:<\/p>\n<p>a. Al utilizar este sitio web, acepta no alterar ni interceptar nuestra informaci\u00f3n electr\u00f3nica publicada en este sitio web o en cualquiera de nuestros servidores. Tambi\u00e9n acepta no intentar eludir las medidas de seguridad de nuestro sitio web y respetar todas las leyes, normas y regulaciones locales, provinciales, nacionales, federales e internacionales aplicables.<\/p>\n<p>b. Le concede a Mexicom Logistics  el derecho de utilizar todo el contenido que usted carga o transmite de otra manera a este sitio web, sujeto a estos t\u00e9rminos y condiciones y a la Pol\u00edtica de Privacidad de Mexicom Logistics  en la manera que Mexicom Logistics  escoja, incluyendo, entre otras, las acciones de copia, divulgaci\u00f3n, realizaci\u00f3n o publicaci\u00f3n del contenido en cualquier formato, modific\u00e1ndolo, incorpor\u00e1ndolo a otro material o realizando un trabajo derivativo basado en \u00e9l.<\/p>\n<p>c. Salvo que Mexicom Logistics  lo exprese y acuerde por adelantado, no se establecer\u00e1 ninguna relaci\u00f3n confidencial en caso de que un usuario de este sitio de Internet establezca comunicaci\u00f3n oral, escrita o electr\u00f3nica con Mexicom Logistics  (tales como cr\u00edticas, preguntas, comentarios, sugerencias, ideas, etc.). En caso de que Mexicom Logistics  en su sitio web solicite o demande que se proporcione tal informaci\u00f3n, y que dicha informaci\u00f3n contenga datos de identificaci\u00f3n personal (p.ej., nombre, domicilio, n\u00famero de tel\u00e9fono), Mexicom Logistics  la obtendr\u00e1, utilizar\u00e1 y conservar\u00e1 de manera consistente con nuestra Pol\u00edtica de Privacidad. De lo contrario, tal comunicaci\u00f3n y cualquier informaci\u00f3n presentada con eso ser\u00e1 considerada no confidencial y Mexicom Logistics  podr\u00e1 reproducir, publicar o utilizar de otra manera dicha informaci\u00f3n con cualquier prop\u00f3sito. La persona que env\u00ede informaci\u00f3n a Mexicom Logistics  ser\u00e1 plenamente responsable de su contenido, incluso de su veracidad y exactitud, y por su incumplimiento frente a los derechos de propiedad o de privacidad de terceros.<\/p>\n<h2>PROPIEDAD INTELECTUAL<\/h2>\n<p>La informaci\u00f3n, los documentos, gr\u00e1ficos relacionados y medios enriquecidos (video) publicados en este sitio de Internet (la \u201cInformaci\u00f3n\u201d) son propiedad exclusiva de Mexicom Logistics , excepto la informaci\u00f3n provista por terceros. Se concede autorizaci\u00f3n para utilizar la Informaci\u00f3n siempre que (1) el aviso sobre los derechos de autor mencionados anteriormente aparezcan en todas las copias; (2) el uso de la Informaci\u00f3n sea solo con fines informativos y no comerciales o personales; (3) la Informaci\u00f3n no se modifique de ninguna manera; y (4) no se utilicen los gr\u00e1ficos que se encuentran en este sitio de Internet en forma separada del texto que los acompa\u00f1a. Mexicom Logistics  no es responsable del contenido provisto por terceros y est\u00e1 prohibida la distribuci\u00f3n de tal material sin la autorizaci\u00f3n del propietario de los derechos de autor. Salvo que se autorice anteriormente, no se conceden licencias o derechos, expresos o t\u00e1citos, a ninguna persona bajo ninguna patente, marca registrada u otro derecho de propiedad de Mexicom Logistics.<\/p>\n<p>No se podr\u00e1 utiliza ninguna marca registrada, nombre comercial y producto de Mexicom Logistics  en este sitio de Internet sin la autorizaci\u00f3n previa por escrito de Mexicom Logistics , salvo que se realice con el prop\u00f3sito de identificar los productos o servicios de la empresa.<\/p>\n<h2>PRIVACIDAD Y SEGURIDAD<\/h2>\n<p>Mexicom Logistics  se compromete a proteger su privacidad en l\u00ednea. Entendemos la importancia de la privacidad de los clientes y las personas que visitan nuestro sitio web. Nuestro uso de los datos de identificaci\u00f3n personal est\u00e1n regidos por nuestra Pol\u00edtica de Privacidad y al acceder y utilizar nuestro sitio web, usted acepta cumplir con tal pol\u00edtica.<\/p>\n<p>Usted reconoce y acepta que al enviar datos de identificaci\u00f3n personal a www.mexicomlogistics.com, aunque Mexicom Logistics  aplique medidas preventivas contra el acceso sin autorizaci\u00f3n y la intercepci\u00f3n, es imposible garantizar la seguridad absoluta. EN EL CASO IMPROBABLE DE INTERCEPCI\u00d3N O ACCESO SIN AUTORIZACI\u00d3N A PESAR DE NUESTROS ESFUERZOS, Mexicom Logistics  NO SER\u00c1 RESPONSABLE DE NINGUNA INTERCEPCI\u00d3N O ACCESO SIN AUTORIZACI\u00d3N O DE LOS DA\u00d1OS DIRECTOS, INDIRECTOS, ESPECIALES, FORTUITOS O CONSECUENTES (INCLUSO LA P\u00c9RDIDA DE INGRESOS) QUE PUEDA SUFRIR UN CLIENTE O USUARIO, AUNQUE Mexicom Logistics  HAYA SIDO INFORMADO PREVIAMENTE SOBRE LA POSIBILIDAD DE TALES DA\u00d1OS. Mexicom Logistics  NO GARANTIZA, NI EXPRESA NI T\u00c1CITAMENTE, QUE LA INFORMACI\u00d3N PROVISTA POR UN CLIENTE NO SER\u00c1 OBJETO DE INTERCEPCI\u00d3N O ACCESO SIN AUTORIZACI\u00d3N Y NO OFRECE GARANT\u00cdAS T\u00c1CITAS DE COMERCIABILIDAD Y APTITUD PARA UN FIN DETERMINADO. CADA CLIENTE SER\u00c1 RESPONSABLE DE MANTENER LA CONFIDENCIALIDAD DE SU PROPIA CONTRASE\u00d1A.<\/p>\n<h2>LIMITACI\u00d3N DE LA RESPONSABILIDAD<\/h2>\n<p>Mexicom Logistics  no asumir\u00e1 la responsabilidad por los materiales, la informaci\u00f3n y las opiniones provistas, publicadas o que se encuentren disponibles de alguna otra manera en este sitio web. La confianza en estos materiales, en esta informaci\u00f3n y en las opiniones queda bajo su propia responsabilidad. Mexicom Logistics  niega cualquier responsabilidad frente a los perjuicios o da\u00f1os ocasionados por el uso de este sitio web o por el contenido del mismo.<\/p>\n<p>ESTE SITIO WEB Mexicom Logistics , EL CONTENIDO DEL SITIO Y LOS PRODUCTOS Y SERVICIOS PROVISTOS Y QUE SE ENCUENTRAN DISPONIBLES A TRAV\u00c9S DE ESTE SITIO WEB SE PROVEEN \u201cCOMO SON\u201d Y \u201cCOMO DISPONIBLES\u201d, CON LAS FALLAS QUE TENGAN. BAJO NINGUNA CIRCUNSTANCIA Mexicom Logistics , O SUS SUBSIDIARIAS, AFILIADOS, DISTRIBUIDORES O SUS RESPECTIVOS DIRECTORES, EMPLEADOS O AGENTES (DE AQU\u00cd EN ADELANTE \u201cPARTES Mexicom Logistics \u201d) SER\u00c1N RESPONSABLES DE LOS DA\u00d1OS DE CUALQUIER TIPO, BAJO CUALQUIER TEOR\u00cdA LEGAL, OCASIONADOS POR O EN RELACI\u00d3N AL USO O A LA INCAPACIDAD PARA EL USO DE ESTE SITIO WEB, DEL CONTENIDO DEL SITIO, DE LOS SERVICIOS PROVISTOS EN Y A TRAV\u00c9S DE ESTE SITIO WEB U OTRO SITIO VINCULADO, INCLUYENDO LOS DA\u00d1OS ESPECIALES, INDIRECTOS, PUNITIVOS, FORTUITOS, EJEMPLARES O CONSECUENTES, QUE INCLUYAN, ENTRE OTROS, LOS DA\u00d1OS PERSONALES, LA P\u00c9RDIDA DE INGRESOS O LOS DA\u00d1OS CAUSADOS POR DEMORA, INTERRUPCI\u00d3N DEL SERVICIO, VIRUS, ELIMINACI\u00d3N DE ARCHIVOS O COMUNICACIONES ELECTR\u00d3NICAS O ERRORES, OMISIONES U OTRAS INEXACTITUDES EN ESTE SITIO WEB O EN EL CONTENIDO DEL SITIO, YA SEA POR NEGLIGENCIA DE PARTE DE Mexicom Logistics  O NO, E INDEPENDIENTEMENTE DE QUE Mexicom Logistics  HAYA SIDO INFORMADO SOBRE LA POSIBILIDAD DE TALES DA\u00d1OS O NO.<\/p>\n<h2>GENERAL<\/h2>\n<p>Usted acepta que estos T\u00e9rminos y condiciones constituyen el acuerdo completo entre nosotros con respecto a la materia de inter\u00e9s. El sitio www.mexicomlogistics.com fue creado y funciona bajo la legislaci\u00f3n de la Provincia de Quebec. Las leyes de la Provincia de Quebec regular\u00e1n los t\u00e9rminos y condiciones provistos en estos T\u00e9rminos y Condiciones, sin aplicar ning\u00fan principio de conflicto de leyes. En caso de que un tribunal competente declare que una disposici\u00f3n de estos T\u00e9rminos y condiciones es nula o inaplicable, usted acepta que las disposiciones restantes de estos T\u00e9rminos y condiciones conservan su plena validez y vigencia.<\/p>\n<\/div>\n","protected":false},"excerpt":{"rendered":"<p>Condiciones de uso Mexicom Logistics \u2013 T\u00e9rminos y condiciones Su acceso a www.mexicomlogistics.com est\u00e1 sujeto a los siguientes t\u00e9rminos y condiciones, que pueden actualizarse ocasionalmente sin previo aviso. Al acceder o utilizar este sitio web, el usuario reconoce haber le\u00eddo, comprendido y aceptado estos t\u00e9rminos y condiciones. En caso de no estar de acuerdo con [&hellip;]<\/p>\n","protected":false},"author":1,"featured_media":0,"parent":0,"menu_order":90,"comment_status":"closed","ping_status":"closed","template":"","meta":{"content-type":"","jetpack_post_was_ever_published":false,"footnotes":""},"class_list":["post-377","page","type-page","status-publish","hentry"],"yoast_head":"<!-- This site is optimized with the Yoast SEO plugin v27.3 - https:\/\/yoast.com\/product\/yoast-seo-wordpress\/ -->\n<title>Condiciones de uso - Mexicom Logistics<\/title>\n<meta name=\"robots\" content=\"index, follow, max-snippet:-1, max-image-preview:large, max-video-preview:-1\" \/>\n<link rel=\"canonical\" href=\"https:\/\/mexicomlogistics.com\/es\/condiciones-de-uso\/\" \/>\n<meta property=\"og:locale\" content=\"es_ES\" \/>\n<meta property=\"og:type\" content=\"article\" \/>\n<meta property=\"og:title\" content=\"Condiciones de uso - Mexicom Logistics\" \/>\n<meta property=\"og:description\" content=\"Condiciones de uso Mexicom Logistics \u2013 T\u00e9rminos y condiciones Su acceso a www.mexicomlogistics.com est\u00e1 sujeto a los siguientes t\u00e9rminos y condiciones, que pueden actualizarse ocasionalmente sin previo aviso. Al acceder o utilizar este sitio web, el usuario reconoce haber le\u00eddo, comprendido y aceptado estos t\u00e9rminos y condiciones. En caso de no estar de acuerdo con [&hellip;]\" \/>\n<meta property=\"og:url\" content=\"https:\/\/mexicomlogistics.com\/es\/condiciones-de-uso\/\" \/>\n<meta property=\"og:site_name\" content=\"Mexicom Logistics\" \/>\n<meta name=\"twitter:card\" content=\"summary_large_image\" \/>\n<meta name=\"twitter:label1\" content=\"Tiempo de lectura\" \/>\n\t<meta name=\"twitter:data1\" content=\"8 minutos\" \/>\n<script type=\"application\/ld+json\" class=\"yoast-schema-graph\">{\"@context\":\"https:\\\/\\\/schema.org\",\"@graph\":[{\"@type\":\"WebPage\",\"@id\":\"https:\\\/\\\/mexicomlogistics.com\\\/es\\\/condiciones-de-uso\\\/\",\"url\":\"https:\\\/\\\/mexicomlogistics.com\\\/es\\\/condiciones-de-uso\\\/\",\"name\":\"Condiciones de uso - Mexicom Logistics\",\"isPartOf\":{\"@id\":\"https:\\\/\\\/mexicomlogistics.com\\\/es\\\/#website\"},\"datePublished\":\"2014-01-23T22:33:31+00:00\",\"breadcrumb\":{\"@id\":\"https:\\\/\\\/mexicomlogistics.com\\\/es\\\/condiciones-de-uso\\\/#breadcrumb\"},\"inLanguage\":\"es\",\"potentialAction\":[{\"@type\":\"ReadAction\",\"target\":[\"https:\\\/\\\/mexicomlogistics.com\\\/es\\\/condiciones-de-uso\\\/\"]}]},{\"@type\":\"BreadcrumbList\",\"@id\":\"https:\\\/\\\/mexicomlogistics.com\\\/es\\\/condiciones-de-uso\\\/#breadcrumb\",\"itemListElement\":[{\"@type\":\"ListItem\",\"position\":1,\"name\":\"Home\",\"item\":\"https:\\\/\\\/mexicomlogistics.com\\\/es\\\/\"},{\"@type\":\"ListItem\",\"position\":2,\"name\":\"Condiciones de uso\"}]},{\"@type\":\"WebSite\",\"@id\":\"https:\\\/\\\/mexicomlogistics.com\\\/es\\\/#website\",\"url\":\"https:\\\/\\\/mexicomlogistics.com\\\/es\\\/\",\"name\":\"Mexicom Logistics\",\"description\":\"Ship with confidence\",\"publisher\":{\"@id\":\"https:\\\/\\\/mexicomlogistics.com\\\/es\\\/#organization\"},\"potentialAction\":[{\"@type\":\"SearchAction\",\"target\":{\"@type\":\"EntryPoint\",\"urlTemplate\":\"https:\\\/\\\/mexicomlogistics.com\\\/es\\\/?s={search_term_string}\"},\"query-input\":{\"@type\":\"PropertyValueSpecification\",\"valueRequired\":true,\"valueName\":\"search_term_string\"}}],\"inLanguage\":\"es\"},{\"@type\":\"Organization\",\"@id\":\"https:\\\/\\\/mexicomlogistics.com\\\/es\\\/#organization\",\"name\":\"Mexicom Logistics\",\"url\":\"https:\\\/\\\/mexicomlogistics.com\\\/es\\\/\",\"logo\":{\"@type\":\"ImageObject\",\"inLanguage\":\"es\",\"@id\":\"https:\\\/\\\/mexicomlogistics.com\\\/es\\\/#\\\/schema\\\/logo\\\/image\\\/\",\"url\":\"https:\\\/\\\/mexicomlogistics.com\\\/wp-content\\\/uploads\\\/2017\\\/03\\\/logo-white.jpg\",\"contentUrl\":\"https:\\\/\\\/mexicomlogistics.com\\\/wp-content\\\/uploads\\\/2017\\\/03\\\/logo-white.jpg\",\"width\":617,\"height\":402,\"caption\":\"Mexicom Logistics\"},\"image\":{\"@id\":\"https:\\\/\\\/mexicomlogistics.com\\\/es\\\/#\\\/schema\\\/logo\\\/image\\\/\"}}]}<\/script>\n<!-- \/ Yoast SEO plugin. -->","yoast_head_json":{"title":"Condiciones de uso - Mexicom Logistics","robots":{"index":"index","follow":"follow","max-snippet":"max-snippet:-1","max-image-preview":"max-image-preview:large","max-video-preview":"max-video-preview:-1"},"canonical":"https:\/\/mexicomlogistics.com\/es\/condiciones-de-uso\/","og_locale":"es_ES","og_type":"article","og_title":"Condiciones de uso - Mexicom Logistics","og_description":"Condiciones de uso Mexicom Logistics \u2013 T\u00e9rminos y condiciones Su acceso a www.mexicomlogistics.com est\u00e1 sujeto a los siguientes t\u00e9rminos y condiciones, que pueden actualizarse ocasionalmente sin previo aviso. Al acceder o utilizar este sitio web, el usuario reconoce haber le\u00eddo, comprendido y aceptado estos t\u00e9rminos y condiciones. En caso de no estar de acuerdo con [&hellip;]","og_url":"https:\/\/mexicomlogistics.com\/es\/condiciones-de-uso\/","og_site_name":"Mexicom Logistics","twitter_card":"summary_large_image","twitter_misc":{"Tiempo de lectura":"8 minutos"},"schema":{"@context":"https:\/\/schema.org","@graph":[{"@type":"WebPage","@id":"https:\/\/mexicomlogistics.com\/es\/condiciones-de-uso\/","url":"https:\/\/mexicomlogistics.com\/es\/condiciones-de-uso\/","name":"Condiciones de uso - Mexicom Logistics","isPartOf":{"@id":"https:\/\/mexicomlogistics.com\/es\/#website"},"datePublished":"2014-01-23T22:33:31+00:00","breadcrumb":{"@id":"https:\/\/mexicomlogistics.com\/es\/condiciones-de-uso\/#breadcrumb"},"inLanguage":"es","potentialAction":[{"@type":"ReadAction","target":["https:\/\/mexicomlogistics.com\/es\/condiciones-de-uso\/"]}]},{"@type":"BreadcrumbList","@id":"https:\/\/mexicomlogistics.com\/es\/condiciones-de-uso\/#breadcrumb","itemListElement":[{"@type":"ListItem","position":1,"name":"Home","item":"https:\/\/mexicomlogistics.com\/es\/"},{"@type":"ListItem","position":2,"name":"Condiciones de uso"}]},{"@type":"WebSite","@id":"https:\/\/mexicomlogistics.com\/es\/#website","url":"https:\/\/mexicomlogistics.com\/es\/","name":"Mexicom Logistics","description":"Ship with confidence","publisher":{"@id":"https:\/\/mexicomlogistics.com\/es\/#organization"},"potentialAction":[{"@type":"SearchAction","target":{"@type":"EntryPoint","urlTemplate":"https:\/\/mexicomlogistics.com\/es\/?s={search_term_string}"},"query-input":{"@type":"PropertyValueSpecification","valueRequired":true,"valueName":"search_term_string"}}],"inLanguage":"es"},{"@type":"Organization","@id":"https:\/\/mexicomlogistics.com\/es\/#organization","name":"Mexicom Logistics","url":"https:\/\/mexicomlogistics.com\/es\/","logo":{"@type":"ImageObject","inLanguage":"es","@id":"https:\/\/mexicomlogistics.com\/es\/#\/schema\/logo\/image\/","url":"https:\/\/mexicomlogistics.com\/wp-content\/uploads\/2017\/03\/logo-white.jpg","contentUrl":"https:\/\/mexicomlogistics.com\/wp-content\/uploads\/2017\/03\/logo-white.jpg","width":617,"height":402,"caption":"Mexicom Logistics"},"image":{"@id":"https:\/\/mexicomlogistics.com\/es\/#\/schema\/logo\/image\/"}}]}},"jetpack_sharing_enabled":true,"jetpack_shortlink":"https:\/\/wp.me\/P8vZ39-65","_links":{"self":[{"href":"https:\/\/mexicomlogistics.com\/es\/wp-json\/wp\/v2\/pages\/377","targetHints":{"allow":["GET"]}}],"collection":[{"href":"https:\/\/mexicomlogistics.com\/es\/wp-json\/wp\/v2\/pages"}],"about":[{"href":"https:\/\/mexicomlogistics.com\/es\/wp-json\/wp\/v2\/types\/page"}],"author":[{"embeddable":true,"href":"https:\/\/mexicomlogistics.com\/es\/wp-json\/wp\/v2\/users\/1"}],"replies":[{"embeddable":true,"href":"https:\/\/mexicomlogistics.com\/es\/wp-json\/wp\/v2\/comments?post=377"}],"version-history":[{"count":0,"href":"https:\/\/mexicomlogistics.com\/es\/wp-json\/wp\/v2\/pages\/377\/revisions"}],"wp:attachment":[{"href":"https:\/\/mexicomlogistics.com\/es\/wp-json\/wp\/v2\/media?parent=377"}],"curies":[{"name":"wp","href":"https:\/\/api.w.org\/{rel}","templated":true}]}}