{"id":370,"date":"2014-01-23T17:24:24","date_gmt":"2014-01-23T22:24:24","guid":{"rendered":"http:\/\/mexicomlogistics.com\/?page_id=370"},"modified":"2014-01-23T17:24:24","modified_gmt":"2014-01-23T22:24:24","slug":"politica-de-privacidad","status":"publish","type":"page","link":"https:\/\/mexicomlogistics.com\/es\/politica-de-privacidad\/","title":{"rendered":"Pol\u00edtica de privacidad"},"content":{"rendered":"<div style=\"padding: 25px 25px\">\n<h1>Pol\u00edtica de privacidad<\/h1>\n<p>Esta pol\u00edtica de privacidad se aplica a la utilizaci\u00f3n de www.mexicomlogistics.com.<\/p>\n<p>Le damos mucha importancia a su privacidad y ponemos a su disposici\u00f3n esta pol\u00edtica para ayudarlo a comprender el manejo de la informaci\u00f3n durante la utilizaci\u00f3n de este sitio.<\/p>\n<h2>Archivos de registro y cookies<\/h2>\n<p>Este sitio web utiliza paquetes de an\u00e1lisis est\u00e1ndar de la industria que recogen informaci\u00f3n limitada sobre los visitantes de un sitio web autom\u00e1ticamente y almacenan esta informaci\u00f3n an\u00f3nima en archivos de registro del servidor. Esta informaci\u00f3n puede incluir direcciones ip, tipo de navegador, informaci\u00f3n ip b\u00e1sica, p\u00e1ginas de referencia, sistemas operativos utilizados y registros de hora\/fecha. Esta informaci\u00f3n no identifica usuarios individuales; se utiliza solo para la administraci\u00f3n del sitio, as\u00ed como para el an\u00e1lisis del uso y las tendencias del sitio web.<\/p>\n<p>Adem\u00e1s, pueden utilizarse cookies para ofrecer mejor y m\u00e1s f\u00e1cil acceso a las funciones del sitio, como el ingreso y\/o las visitas repetidas. Las cookies son peque\u00f1os archivos de texto que se almacenan en las computadoras personales con fines de referencia. No vinculamos la informaci\u00f3n que almacenamos en cookies a ninguna informaci\u00f3n de identificaci\u00f3n personal que usted haya enviado al visitar nuestro sitio.<\/p>\n<p>Utilizamos tanto cookies de identificaci\u00f3n de sesi\u00f3n como cookies persistentes. Una cookie de sesi\u00f3n expira cuando se cierra el navegador y una cookie persistente puede permanecer en el disco duro durante m\u00e1s tiempo. Las cookies de sesi\u00f3n facilitan la navegaci\u00f3n en nuestro sitio; las cookies persistentes pueden realizar actividades como almacenar su contrase\u00f1a para los foros y blogs para que usted no necesite registrarse cada vez que visita dichas p\u00e1ginas y\/o pueden utilizarse para permitirnos realizar un seguimiento o dirigir los intereses de nuestros usuarios con el fin de mejorar la experiencia general del uso del sitio.<\/p>\n<p>No tenemos acceso ni capacidad de administraci\u00f3n sobre las cookies que utilizan los anunciantes en nuestro sitio cuando estos est\u00e1n presentes.<\/p>\n<h2>V\u00ednculos a otros sitios web<\/h2>\n<p>Este sitio web puede contener v\u00ednculos a otros sitios que no est\u00e9n en absoluto bajo nuestro control. Sea consciente de esto cuando haga clic en cualquiera de estos v\u00ednculos; no somos responsables de las pr\u00e1cticas y\/o pol\u00edticas de privacidad de otros sitios distintos al nuestro. Por lo tanto, le sugerimos con insistencia que revise la pol\u00edtica de privacidad de todos los sitios que visite, est\u00e9n o no vinculados a nuestro sitio.<\/p>\n<h2>Registro y uso de datos personales<\/h2>\n<p>El registro no es obligatorio para utilizar y acceder al sitio web. Sin embargo, este sitio puede desarrollar foros, blogs, tableros de mensajes u otros contenidos similares disponibles para los usuarios. Es posible que se solicite su registro para acceder a estas funciones, especialmente si desea dejar comentarios o subir art\u00edculos.<\/p>\n<p>Si usted se registra, y durante el proceso de registro ingresa datos de identificaci\u00f3n personal, qu\u00e9dese tranquilo porque mexicom logistics no revela esta informaci\u00f3n a terceros, solo a nuestros proveedores de servicios que controlan nuestro sitio y tienen autorizaci\u00f3n para utilizar esta informaci\u00f3n personal seg\u00fan los t\u00e9rminos de los acuerdos de prestaci\u00f3n de servicios establecidos con ellos.<\/p>\n<p>Tenga en cuenta que si publica comentarios o art\u00edculos en cualquier foro, blog o tablero de mensajes en este sitio, cualquier dato de identificaci\u00f3n personal que ingrese en dichos comentarios o art\u00edculos puede ser le\u00eddo, recogido y utilizado por cualquier persona que los vea. Por eso, no somos responsables por los datos de identificaci\u00f3n personal que usted decida publicar a trav\u00e9s de estos medios.<\/p>\n<p>Tambi\u00e9n le ofrecemos a quienes visitan nuestro sitio web la oportunidad de registrarse para recibir notificaciones nuestras. En este caso, le solicitamos al visitante su nombre y su direcci\u00f3n de correo electr\u00f3nico. Estas notificaciones incluyen nuestros boletines regulares, promociones de productos y cualquier otra informaci\u00f3n que consideremos relevante para el visitante. Usted puede optar por no recibir alguna o ninguna de estas notificaciones haciendo clic en el v\u00ednculo \u201ccancelar la suscripci\u00f3n\u201d en cualquier correo electr\u00f3nico que le enviemos.<\/p>\n<p>Una vez m\u00e1s, si usted ingresa su nombre y\/o direcci\u00f3n de correo electr\u00f3nico con el fin de recibir notificaciones nuestras, mexicom logistics no reveler\u00e1 esta informaci\u00f3n a terceros, solo a nuestros proveedores de servicios que controlan nuestro sitio y tienen autorizaci\u00f3n para utilizar esta informaci\u00f3n personal seg\u00fan los t\u00e9rminos de los acuerdos de prestaci\u00f3n de servicios establecidos con ellos.<\/p>\n<h2>Seguridad<\/h2>\n<p>Cumplimos con los est\u00e1ndares aprobados por la industria para proteger cualquier tipo de informaci\u00f3n personal que recibamos. Sin embargo, tenga en cuenta que ning\u00fan m\u00e9todo de almacenamiento electr\u00f3nico puede ser 100% seguro. Por tal motivo, como sucede en cualquier organizaci\u00f3n, no podemos garantizarle la absoluta seguridad de sus datos.<\/p>\n<h2>Aviso legal<\/h2>\n<p>nos reservamos el derecho de revelar sus datos de identificaci\u00f3n personal, tal como lo exige la ley y cuando creemos que la divulgaci\u00f3n es necesaria para proteger nuestros derechos y\/o cumplir con un procedimiento u orden judicial o procesos legales que reciba nuestro sitio web.<\/p>\n<h2>Datos de contacto<\/h2>\n<p>Si tiene alguna duda o pregunta sobre esta pol\u00edtica de privacidad o desea contactarnos por correo postal, nuestros datos de contacto son los siguientes:<\/p>\n<p>Preguntas sobre pol\u00edtica de privacidad<\/p>\n<p>1015 notre-dame suite 200 <br \/>\nlachine qc, h8s 2c3<br \/>\ncanada<\/p>\n<p><p>Esta pol\u00edtica de privacidad fue actualizada por \u00faltima vez de enero de 2014.<\/p>\n<\/div>\n","protected":false},"excerpt":{"rendered":"<p>Pol\u00edtica de privacidad Esta pol\u00edtica de privacidad se aplica a la utilizaci\u00f3n de www.mexicomlogistics.com. Le damos mucha importancia a su privacidad y ponemos a su disposici\u00f3n esta pol\u00edtica para ayudarlo a comprender el manejo de la informaci\u00f3n durante la utilizaci\u00f3n de este sitio. Archivos de registro y cookies Este sitio web utiliza paquetes de an\u00e1lisis [&hellip;]<\/p>\n","protected":false},"author":1,"featured_media":0,"parent":0,"menu_order":17,"comment_status":"closed","ping_status":"closed","template":"","meta":{"content-type":"","jetpack_post_was_ever_published":false,"footnotes":""},"class_list":["post-370","page","type-page","status-publish","hentry"],"yoast_head":"<!-- This site is optimized with the Yoast SEO plugin v27.2 - https:\/\/yoast.com\/product\/yoast-seo-wordpress\/ -->\n<title>Pol\u00edtica de privacidad - Mexicom Logistics<\/title>\n<meta name=\"robots\" content=\"index, follow, max-snippet:-1, max-image-preview:large, max-video-preview:-1\" \/>\n<link rel=\"canonical\" href=\"https:\/\/mexicomlogistics.com\/es\/politica-de-privacidad\/\" \/>\n<meta property=\"og:locale\" content=\"es_ES\" \/>\n<meta property=\"og:type\" content=\"article\" \/>\n<meta property=\"og:title\" content=\"Pol\u00edtica de privacidad - Mexicom Logistics\" \/>\n<meta property=\"og:description\" content=\"Pol\u00edtica de privacidad Esta pol\u00edtica de privacidad se aplica a la utilizaci\u00f3n de www.mexicomlogistics.com. Le damos mucha importancia a su privacidad y ponemos a su disposici\u00f3n esta pol\u00edtica para ayudarlo a comprender el manejo de la informaci\u00f3n durante la utilizaci\u00f3n de este sitio. Archivos de registro y cookies Este sitio web utiliza paquetes de an\u00e1lisis [&hellip;]\" \/>\n<meta property=\"og:url\" content=\"https:\/\/mexicomlogistics.com\/es\/politica-de-privacidad\/\" \/>\n<meta property=\"og:site_name\" content=\"Mexicom Logistics\" \/>\n<meta name=\"twitter:card\" content=\"summary_large_image\" \/>\n<meta name=\"twitter:label1\" content=\"Tiempo de lectura\" \/>\n\t<meta name=\"twitter:data1\" content=\"5 minutos\" \/>\n<script type=\"application\/ld+json\" class=\"yoast-schema-graph\">{\"@context\":\"https:\/\/schema.org\",\"@graph\":[{\"@type\":\"WebPage\",\"@id\":\"https:\/\/mexicomlogistics.com\/es\/politica-de-privacidad\/\",\"url\":\"https:\/\/mexicomlogistics.com\/es\/politica-de-privacidad\/\",\"name\":\"Pol\u00edtica de privacidad - Mexicom Logistics\",\"isPartOf\":{\"@id\":\"https:\/\/mexicomlogistics.com\/es\/#website\"},\"datePublished\":\"2014-01-23T22:24:24+00:00\",\"breadcrumb\":{\"@id\":\"https:\/\/mexicomlogistics.com\/es\/politica-de-privacidad\/#breadcrumb\"},\"inLanguage\":\"es\",\"potentialAction\":[{\"@type\":\"ReadAction\",\"target\":[\"https:\/\/mexicomlogistics.com\/es\/politica-de-privacidad\/\"]}]},{\"@type\":\"BreadcrumbList\",\"@id\":\"https:\/\/mexicomlogistics.com\/es\/politica-de-privacidad\/#breadcrumb\",\"itemListElement\":[{\"@type\":\"ListItem\",\"position\":1,\"name\":\"Home\",\"item\":\"https:\/\/mexicomlogistics.com\/es\/\"},{\"@type\":\"ListItem\",\"position\":2,\"name\":\"Pol\u00edtica de privacidad\"}]},{\"@type\":\"WebSite\",\"@id\":\"https:\/\/mexicomlogistics.com\/es\/#website\",\"url\":\"https:\/\/mexicomlogistics.com\/es\/\",\"name\":\"Mexicom Logistics\",\"description\":\"Ship with confidence\",\"publisher\":{\"@id\":\"https:\/\/mexicomlogistics.com\/es\/#organization\"},\"potentialAction\":[{\"@type\":\"SearchAction\",\"target\":{\"@type\":\"EntryPoint\",\"urlTemplate\":\"https:\/\/mexicomlogistics.com\/es\/?s={search_term_string}\"},\"query-input\":{\"@type\":\"PropertyValueSpecification\",\"valueRequired\":true,\"valueName\":\"search_term_string\"}}],\"inLanguage\":\"es\"},{\"@type\":\"Organization\",\"@id\":\"https:\/\/mexicomlogistics.com\/es\/#organization\",\"name\":\"Mexicom Logistics\",\"url\":\"https:\/\/mexicomlogistics.com\/es\/\",\"logo\":{\"@type\":\"ImageObject\",\"inLanguage\":\"es\",\"@id\":\"https:\/\/mexicomlogistics.com\/es\/#\/schema\/logo\/image\/\",\"url\":\"https:\/\/mexicomlogistics.com\/wp-content\/uploads\/2017\/03\/logo-white.jpg\",\"contentUrl\":\"https:\/\/mexicomlogistics.com\/wp-content\/uploads\/2017\/03\/logo-white.jpg\",\"width\":617,\"height\":402,\"caption\":\"Mexicom Logistics\"},\"image\":{\"@id\":\"https:\/\/mexicomlogistics.com\/es\/#\/schema\/logo\/image\/\"}}]}<\/script>\n<!-- \/ Yoast SEO plugin. -->","yoast_head_json":{"title":"Pol\u00edtica de privacidad - Mexicom Logistics","robots":{"index":"index","follow":"follow","max-snippet":"max-snippet:-1","max-image-preview":"max-image-preview:large","max-video-preview":"max-video-preview:-1"},"canonical":"https:\/\/mexicomlogistics.com\/es\/politica-de-privacidad\/","og_locale":"es_ES","og_type":"article","og_title":"Pol\u00edtica de privacidad - Mexicom Logistics","og_description":"Pol\u00edtica de privacidad Esta pol\u00edtica de privacidad se aplica a la utilizaci\u00f3n de www.mexicomlogistics.com. Le damos mucha importancia a su privacidad y ponemos a su disposici\u00f3n esta pol\u00edtica para ayudarlo a comprender el manejo de la informaci\u00f3n durante la utilizaci\u00f3n de este sitio. Archivos de registro y cookies Este sitio web utiliza paquetes de an\u00e1lisis [&hellip;]","og_url":"https:\/\/mexicomlogistics.com\/es\/politica-de-privacidad\/","og_site_name":"Mexicom Logistics","twitter_card":"summary_large_image","twitter_misc":{"Tiempo de lectura":"5 minutos"},"schema":{"@context":"https:\/\/schema.org","@graph":[{"@type":"WebPage","@id":"https:\/\/mexicomlogistics.com\/es\/politica-de-privacidad\/","url":"https:\/\/mexicomlogistics.com\/es\/politica-de-privacidad\/","name":"Pol\u00edtica de privacidad - Mexicom Logistics","isPartOf":{"@id":"https:\/\/mexicomlogistics.com\/es\/#website"},"datePublished":"2014-01-23T22:24:24+00:00","breadcrumb":{"@id":"https:\/\/mexicomlogistics.com\/es\/politica-de-privacidad\/#breadcrumb"},"inLanguage":"es","potentialAction":[{"@type":"ReadAction","target":["https:\/\/mexicomlogistics.com\/es\/politica-de-privacidad\/"]}]},{"@type":"BreadcrumbList","@id":"https:\/\/mexicomlogistics.com\/es\/politica-de-privacidad\/#breadcrumb","itemListElement":[{"@type":"ListItem","position":1,"name":"Home","item":"https:\/\/mexicomlogistics.com\/es\/"},{"@type":"ListItem","position":2,"name":"Pol\u00edtica de privacidad"}]},{"@type":"WebSite","@id":"https:\/\/mexicomlogistics.com\/es\/#website","url":"https:\/\/mexicomlogistics.com\/es\/","name":"Mexicom Logistics","description":"Ship with confidence","publisher":{"@id":"https:\/\/mexicomlogistics.com\/es\/#organization"},"potentialAction":[{"@type":"SearchAction","target":{"@type":"EntryPoint","urlTemplate":"https:\/\/mexicomlogistics.com\/es\/?s={search_term_string}"},"query-input":{"@type":"PropertyValueSpecification","valueRequired":true,"valueName":"search_term_string"}}],"inLanguage":"es"},{"@type":"Organization","@id":"https:\/\/mexicomlogistics.com\/es\/#organization","name":"Mexicom Logistics","url":"https:\/\/mexicomlogistics.com\/es\/","logo":{"@type":"ImageObject","inLanguage":"es","@id":"https:\/\/mexicomlogistics.com\/es\/#\/schema\/logo\/image\/","url":"https:\/\/mexicomlogistics.com\/wp-content\/uploads\/2017\/03\/logo-white.jpg","contentUrl":"https:\/\/mexicomlogistics.com\/wp-content\/uploads\/2017\/03\/logo-white.jpg","width":617,"height":402,"caption":"Mexicom Logistics"},"image":{"@id":"https:\/\/mexicomlogistics.com\/es\/#\/schema\/logo\/image\/"}}]}},"jetpack_sharing_enabled":true,"jetpack_shortlink":"https:\/\/wp.me\/P8vZ39-5Y","_links":{"self":[{"href":"https:\/\/mexicomlogistics.com\/es\/wp-json\/wp\/v2\/pages\/370","targetHints":{"allow":["GET"]}}],"collection":[{"href":"https:\/\/mexicomlogistics.com\/es\/wp-json\/wp\/v2\/pages"}],"about":[{"href":"https:\/\/mexicomlogistics.com\/es\/wp-json\/wp\/v2\/types\/page"}],"author":[{"embeddable":true,"href":"https:\/\/mexicomlogistics.com\/es\/wp-json\/wp\/v2\/users\/1"}],"replies":[{"embeddable":true,"href":"https:\/\/mexicomlogistics.com\/es\/wp-json\/wp\/v2\/comments?post=370"}],"version-history":[{"count":0,"href":"https:\/\/mexicomlogistics.com\/es\/wp-json\/wp\/v2\/pages\/370\/revisions"}],"wp:attachment":[{"href":"https:\/\/mexicomlogistics.com\/es\/wp-json\/wp\/v2\/media?parent=370"}],"curies":[{"name":"wp","href":"https:\/\/api.w.org\/{rel}","templated":true}]}}