{"id":287,"date":"2014-01-21T11:22:04","date_gmt":"2014-01-21T16:22:04","guid":{"rendered":"http:\/\/mexicomlogistics.com\/?page_id=287"},"modified":"2019-03-23T18:02:39","modified_gmt":"2019-03-23T22:02:39","slug":"centro-de-distribucion-en-hebron-kentucky","status":"publish","type":"page","link":"https:\/\/mexicomlogistics.com\/es\/centro-de-distribucion-en-hebron-kentucky\/","title":{"rendered":"Centro de Distribuci\u00f3n en Hebron Kentucky"},"content":{"rendered":"<div style=\"padding: 25px 25px;\">\n<h1 style=\"padding-left: 25px;\">Centro de Distribuci\u00f3n en Hebron Kentucky<\/h1>\n<\/div>\n<p><img loading=\"lazy\" decoding=\"async\" class=\"\" src=\"https:\/\/mexicomlogistics.com\/wp-content\/uploads\/2014\/01\/hebron-warehouse.jpg\" alt=\"\" width=\"1000\" height=\"200\" \/><\/p>\n<div style=\"padding: 25px 25px;\">\n<h2 style=\"text-align: center; margin-bottom: 2em;\">Nuestro Nuevo Centro de Distribuci\u00f3n en Hebron, Kentucky abre el camino a nuevas oportunidades.<br \/>\nPara clientes embarcando desde M\u00e9xico, va a ofrecer la oportunidad de acercarce a los mercados de los Estados Unidos o Canad\u00e1.<\/h2>\n<div style=\"display: table; width: 100%; margin-bottom: 2em;\">\n<div style=\"display: table-row;\">\n<div style=\"display: table-cell; vertical-align: top; padding-right: 20px;\">\n<h5 style=\"font-weight: bold;\">Para nuestros clientes Mexicanos con proveedores en los EUA y Canad\u00e1, podemos ayudarles a reducir sus costos de transportaci\u00f3n, ofreci\u00e9ndoles:<\/h5>\n<ul>\n<li>M\u00e1s espacio de almacenaje.<\/li>\n<li>Tiempos en tr\u00e1nsito m\u00e1s cortos a sus destinos, que embarcar directamente de M\u00e9xico.<\/li>\n<li>El tiempo en tr\u00e1nsito desde que se recibe una orden de compra va a tomar ahora de 3 a 4 d\u00edas en lugar del promedio m\u00ednimo que actualmente toma 15 d\u00edas surtiendo la mercanc\u00eda directamente de las plantas en M\u00e9xico.<\/li>\n<li>Total visibilidad de los inventarios.<\/li>\n<li>La habilidad de embarcar 24\/7 a cualquier destino en los EUA y Canad\u00e1.<\/li>\n<li>Controlar los gastos de almacenaje<\/li>\n<li>La posibilidad de re empacar o embarcar pieza por pieza o por pallets.<\/li>\n<\/ul>\n<\/div>\n<div style=\"display: table-cell; vertical-align: top;\"><img loading=\"lazy\" decoding=\"async\" class=\"alignnone size-full wp-image-253\" src=\"https:\/\/mexicomlogistics.com\/wp-content\/uploads\/2014\/01\/hebron-warehouse-outside.jpg\" alt=\"hebron-warehouse-outside\" width=\"540\" height=\"340\" srcset=\"https:\/\/mexicomlogistics.com\/wp-content\/uploads\/2014\/01\/hebron-warehouse-outside.jpg 540w, https:\/\/mexicomlogistics.com\/wp-content\/uploads\/2014\/01\/hebron-warehouse-outside-300x189.jpg 300w\" sizes=\"auto, (max-width: 540px) 100vw, 540px\" \/><\/div>\n<\/div>\n<\/div>\n<div style=\"display: table; width: 100%;\">\n<div style=\"display: table-row;\">\n<div style=\"display: table-cell; vertical-align: middle; padding-right: 20px;\">\n<p style=\"text-align: center;\"><a href=\"https:\/\/mexicomlogistics.com\/wp-content\/uploads\/2014\/01\/New-Distribution-Center.pdf\" target=\"_blank\" rel=\"noopener noreferrer\"><img loading=\"lazy\" decoding=\"async\" class=\"alignleft size-full wp-image-237\" src=\"https:\/\/mexicomlogistics.com\/wp-content\/uploads\/2014\/01\/warehouse-inside.jpg\" alt=\"warehouse-inside\" width=\"250\" height=\"150\" \/><br \/>\nOprime aqui para ver el anuncio de prensa.<\/a><\/p>\n<\/div>\n<div style=\"display: table-cell; vertical-align: middle;\">\n<h2 style=\"text-align: center;\">Estamos muy entusiasmados por la nueva bodega en Kentucky porque sabemos que va a proporcionar grandes beneficios a nuestros clientes.<\/h2>\n<\/div>\n<\/div>\n<\/div>\n<\/div>\n","protected":false},"excerpt":{"rendered":"<p>Centro de Distribuci\u00f3n en Hebron Kentucky Nuestro Nuevo Centro de Distribuci\u00f3n en Hebron, Kentucky abre el camino a nuevas oportunidades. Para clientes embarcando desde M\u00e9xico, va a ofrecer la oportunidad de acercarce a los mercados de los Estados Unidos o Canad\u00e1. Para nuestros clientes Mexicanos con proveedores en los EUA y Canad\u00e1, podemos ayudarles a [&hellip;]<\/p>\n","protected":false},"author":1,"featured_media":0,"parent":0,"menu_order":33,"comment_status":"closed","ping_status":"closed","template":"","meta":{"content-type":"","jetpack_post_was_ever_published":false,"footnotes":""},"class_list":["post-287","page","type-page","status-publish","hentry"],"yoast_head":"<!-- This site is optimized with the Yoast SEO plugin v27.3 - https:\/\/yoast.com\/product\/yoast-seo-wordpress\/ -->\n<title>Centro de Distribuci\u00f3n en Hebron Kentucky - Mexicom Logistics<\/title>\n<meta name=\"robots\" content=\"index, follow, max-snippet:-1, max-image-preview:large, max-video-preview:-1\" \/>\n<link rel=\"canonical\" href=\"https:\/\/mexicomlogistics.com\/es\/centro-de-distribucion-en-hebron-kentucky\/\" \/>\n<meta property=\"og:locale\" content=\"es_ES\" \/>\n<meta property=\"og:type\" content=\"article\" \/>\n<meta property=\"og:title\" content=\"Centro de Distribuci\u00f3n en Hebron Kentucky - Mexicom Logistics\" \/>\n<meta property=\"og:description\" content=\"Centro de Distribuci\u00f3n en Hebron Kentucky Nuestro Nuevo Centro de Distribuci\u00f3n en Hebron, Kentucky abre el camino a nuevas oportunidades. Para clientes embarcando desde M\u00e9xico, va a ofrecer la oportunidad de acercarce a los mercados de los Estados Unidos o Canad\u00e1. Para nuestros clientes Mexicanos con proveedores en los EUA y Canad\u00e1, podemos ayudarles a [&hellip;]\" \/>\n<meta property=\"og:url\" content=\"https:\/\/mexicomlogistics.com\/es\/centro-de-distribucion-en-hebron-kentucky\/\" \/>\n<meta property=\"og:site_name\" content=\"Mexicom Logistics\" \/>\n<meta property=\"article:modified_time\" content=\"2019-03-23T22:02:39+00:00\" \/>\n<meta property=\"og:image\" content=\"https:\/\/mexicomlogistics.com\/wp-content\/uploads\/2014\/01\/hebron-warehouse.jpg\" \/>\n<meta name=\"twitter:card\" content=\"summary_large_image\" \/>\n<meta name=\"twitter:label1\" content=\"Tiempo de lectura\" \/>\n\t<meta name=\"twitter:data1\" content=\"1 minuto\" \/>\n<script type=\"application\/ld+json\" class=\"yoast-schema-graph\">{\"@context\":\"https:\\\/\\\/schema.org\",\"@graph\":[{\"@type\":\"WebPage\",\"@id\":\"https:\\\/\\\/mexicomlogistics.com\\\/es\\\/centro-de-distribucion-en-hebron-kentucky\\\/\",\"url\":\"https:\\\/\\\/mexicomlogistics.com\\\/es\\\/centro-de-distribucion-en-hebron-kentucky\\\/\",\"name\":\"Centro de Distribuci\u00f3n en Hebron Kentucky - Mexicom Logistics\",\"isPartOf\":{\"@id\":\"https:\\\/\\\/mexicomlogistics.com\\\/es\\\/#website\"},\"primaryImageOfPage\":{\"@id\":\"https:\\\/\\\/mexicomlogistics.com\\\/es\\\/centro-de-distribucion-en-hebron-kentucky\\\/#primaryimage\"},\"image\":{\"@id\":\"https:\\\/\\\/mexicomlogistics.com\\\/es\\\/centro-de-distribucion-en-hebron-kentucky\\\/#primaryimage\"},\"thumbnailUrl\":\"https:\\\/\\\/mexicomlogistics.com\\\/wp-content\\\/uploads\\\/2014\\\/01\\\/hebron-warehouse.jpg\",\"datePublished\":\"2014-01-21T16:22:04+00:00\",\"dateModified\":\"2019-03-23T22:02:39+00:00\",\"breadcrumb\":{\"@id\":\"https:\\\/\\\/mexicomlogistics.com\\\/es\\\/centro-de-distribucion-en-hebron-kentucky\\\/#breadcrumb\"},\"inLanguage\":\"es\",\"potentialAction\":[{\"@type\":\"ReadAction\",\"target\":[\"https:\\\/\\\/mexicomlogistics.com\\\/es\\\/centro-de-distribucion-en-hebron-kentucky\\\/\"]}]},{\"@type\":\"ImageObject\",\"inLanguage\":\"es\",\"@id\":\"https:\\\/\\\/mexicomlogistics.com\\\/es\\\/centro-de-distribucion-en-hebron-kentucky\\\/#primaryimage\",\"url\":\"https:\\\/\\\/mexicomlogistics.com\\\/wp-content\\\/uploads\\\/2014\\\/01\\\/hebron-warehouse.jpg\",\"contentUrl\":\"https:\\\/\\\/mexicomlogistics.com\\\/wp-content\\\/uploads\\\/2014\\\/01\\\/hebron-warehouse.jpg\"},{\"@type\":\"BreadcrumbList\",\"@id\":\"https:\\\/\\\/mexicomlogistics.com\\\/es\\\/centro-de-distribucion-en-hebron-kentucky\\\/#breadcrumb\",\"itemListElement\":[{\"@type\":\"ListItem\",\"position\":1,\"name\":\"Home\",\"item\":\"https:\\\/\\\/mexicomlogistics.com\\\/es\\\/\"},{\"@type\":\"ListItem\",\"position\":2,\"name\":\"Centro de Distribuci\u00f3n en Hebron Kentucky\"}]},{\"@type\":\"WebSite\",\"@id\":\"https:\\\/\\\/mexicomlogistics.com\\\/es\\\/#website\",\"url\":\"https:\\\/\\\/mexicomlogistics.com\\\/es\\\/\",\"name\":\"Mexicom Logistics\",\"description\":\"Ship with confidence\",\"publisher\":{\"@id\":\"https:\\\/\\\/mexicomlogistics.com\\\/es\\\/#organization\"},\"potentialAction\":[{\"@type\":\"SearchAction\",\"target\":{\"@type\":\"EntryPoint\",\"urlTemplate\":\"https:\\\/\\\/mexicomlogistics.com\\\/es\\\/?s={search_term_string}\"},\"query-input\":{\"@type\":\"PropertyValueSpecification\",\"valueRequired\":true,\"valueName\":\"search_term_string\"}}],\"inLanguage\":\"es\"},{\"@type\":\"Organization\",\"@id\":\"https:\\\/\\\/mexicomlogistics.com\\\/es\\\/#organization\",\"name\":\"Mexicom Logistics\",\"url\":\"https:\\\/\\\/mexicomlogistics.com\\\/es\\\/\",\"logo\":{\"@type\":\"ImageObject\",\"inLanguage\":\"es\",\"@id\":\"https:\\\/\\\/mexicomlogistics.com\\\/es\\\/#\\\/schema\\\/logo\\\/image\\\/\",\"url\":\"https:\\\/\\\/mexicomlogistics.com\\\/wp-content\\\/uploads\\\/2017\\\/03\\\/logo-white.jpg\",\"contentUrl\":\"https:\\\/\\\/mexicomlogistics.com\\\/wp-content\\\/uploads\\\/2017\\\/03\\\/logo-white.jpg\",\"width\":617,\"height\":402,\"caption\":\"Mexicom Logistics\"},\"image\":{\"@id\":\"https:\\\/\\\/mexicomlogistics.com\\\/es\\\/#\\\/schema\\\/logo\\\/image\\\/\"}}]}<\/script>\n<!-- \/ Yoast SEO plugin. -->","yoast_head_json":{"title":"Centro de Distribuci\u00f3n en Hebron Kentucky - Mexicom Logistics","robots":{"index":"index","follow":"follow","max-snippet":"max-snippet:-1","max-image-preview":"max-image-preview:large","max-video-preview":"max-video-preview:-1"},"canonical":"https:\/\/mexicomlogistics.com\/es\/centro-de-distribucion-en-hebron-kentucky\/","og_locale":"es_ES","og_type":"article","og_title":"Centro de Distribuci\u00f3n en Hebron Kentucky - Mexicom Logistics","og_description":"Centro de Distribuci\u00f3n en Hebron Kentucky Nuestro Nuevo Centro de Distribuci\u00f3n en Hebron, Kentucky abre el camino a nuevas oportunidades. Para clientes embarcando desde M\u00e9xico, va a ofrecer la oportunidad de acercarce a los mercados de los Estados Unidos o Canad\u00e1. Para nuestros clientes Mexicanos con proveedores en los EUA y Canad\u00e1, podemos ayudarles a [&hellip;]","og_url":"https:\/\/mexicomlogistics.com\/es\/centro-de-distribucion-en-hebron-kentucky\/","og_site_name":"Mexicom Logistics","article_modified_time":"2019-03-23T22:02:39+00:00","og_image":[{"url":"https:\/\/mexicomlogistics.com\/wp-content\/uploads\/2014\/01\/hebron-warehouse.jpg","type":"","width":"","height":""}],"twitter_card":"summary_large_image","twitter_misc":{"Tiempo de lectura":"1 minuto"},"schema":{"@context":"https:\/\/schema.org","@graph":[{"@type":"WebPage","@id":"https:\/\/mexicomlogistics.com\/es\/centro-de-distribucion-en-hebron-kentucky\/","url":"https:\/\/mexicomlogistics.com\/es\/centro-de-distribucion-en-hebron-kentucky\/","name":"Centro de Distribuci\u00f3n en Hebron Kentucky - Mexicom Logistics","isPartOf":{"@id":"https:\/\/mexicomlogistics.com\/es\/#website"},"primaryImageOfPage":{"@id":"https:\/\/mexicomlogistics.com\/es\/centro-de-distribucion-en-hebron-kentucky\/#primaryimage"},"image":{"@id":"https:\/\/mexicomlogistics.com\/es\/centro-de-distribucion-en-hebron-kentucky\/#primaryimage"},"thumbnailUrl":"https:\/\/mexicomlogistics.com\/wp-content\/uploads\/2014\/01\/hebron-warehouse.jpg","datePublished":"2014-01-21T16:22:04+00:00","dateModified":"2019-03-23T22:02:39+00:00","breadcrumb":{"@id":"https:\/\/mexicomlogistics.com\/es\/centro-de-distribucion-en-hebron-kentucky\/#breadcrumb"},"inLanguage":"es","potentialAction":[{"@type":"ReadAction","target":["https:\/\/mexicomlogistics.com\/es\/centro-de-distribucion-en-hebron-kentucky\/"]}]},{"@type":"ImageObject","inLanguage":"es","@id":"https:\/\/mexicomlogistics.com\/es\/centro-de-distribucion-en-hebron-kentucky\/#primaryimage","url":"https:\/\/mexicomlogistics.com\/wp-content\/uploads\/2014\/01\/hebron-warehouse.jpg","contentUrl":"https:\/\/mexicomlogistics.com\/wp-content\/uploads\/2014\/01\/hebron-warehouse.jpg"},{"@type":"BreadcrumbList","@id":"https:\/\/mexicomlogistics.com\/es\/centro-de-distribucion-en-hebron-kentucky\/#breadcrumb","itemListElement":[{"@type":"ListItem","position":1,"name":"Home","item":"https:\/\/mexicomlogistics.com\/es\/"},{"@type":"ListItem","position":2,"name":"Centro de Distribuci\u00f3n en Hebron Kentucky"}]},{"@type":"WebSite","@id":"https:\/\/mexicomlogistics.com\/es\/#website","url":"https:\/\/mexicomlogistics.com\/es\/","name":"Mexicom Logistics","description":"Ship with confidence","publisher":{"@id":"https:\/\/mexicomlogistics.com\/es\/#organization"},"potentialAction":[{"@type":"SearchAction","target":{"@type":"EntryPoint","urlTemplate":"https:\/\/mexicomlogistics.com\/es\/?s={search_term_string}"},"query-input":{"@type":"PropertyValueSpecification","valueRequired":true,"valueName":"search_term_string"}}],"inLanguage":"es"},{"@type":"Organization","@id":"https:\/\/mexicomlogistics.com\/es\/#organization","name":"Mexicom Logistics","url":"https:\/\/mexicomlogistics.com\/es\/","logo":{"@type":"ImageObject","inLanguage":"es","@id":"https:\/\/mexicomlogistics.com\/es\/#\/schema\/logo\/image\/","url":"https:\/\/mexicomlogistics.com\/wp-content\/uploads\/2017\/03\/logo-white.jpg","contentUrl":"https:\/\/mexicomlogistics.com\/wp-content\/uploads\/2017\/03\/logo-white.jpg","width":617,"height":402,"caption":"Mexicom Logistics"},"image":{"@id":"https:\/\/mexicomlogistics.com\/es\/#\/schema\/logo\/image\/"}}]}},"jetpack_sharing_enabled":true,"jetpack_shortlink":"https:\/\/wp.me\/P8vZ39-4D","_links":{"self":[{"href":"https:\/\/mexicomlogistics.com\/es\/wp-json\/wp\/v2\/pages\/287","targetHints":{"allow":["GET"]}}],"collection":[{"href":"https:\/\/mexicomlogistics.com\/es\/wp-json\/wp\/v2\/pages"}],"about":[{"href":"https:\/\/mexicomlogistics.com\/es\/wp-json\/wp\/v2\/types\/page"}],"author":[{"embeddable":true,"href":"https:\/\/mexicomlogistics.com\/es\/wp-json\/wp\/v2\/users\/1"}],"replies":[{"embeddable":true,"href":"https:\/\/mexicomlogistics.com\/es\/wp-json\/wp\/v2\/comments?post=287"}],"version-history":[{"count":0,"href":"https:\/\/mexicomlogistics.com\/es\/wp-json\/wp\/v2\/pages\/287\/revisions"}],"wp:attachment":[{"href":"https:\/\/mexicomlogistics.com\/es\/wp-json\/wp\/v2\/media?parent=287"}],"curies":[{"name":"wp","href":"https:\/\/api.w.org\/{rel}","templated":true}]}}