{"id":281,"date":"2014-01-21T11:12:58","date_gmt":"2014-01-21T16:12:58","guid":{"rendered":"http:\/\/mexicomlogistics.com\/?page_id=281"},"modified":"2024-04-09T12:13:46","modified_gmt":"2024-04-09T16:13:46","slug":"seguros","status":"publish","type":"page","link":"https:\/\/mexicomlogistics.com\/es\/opciones\/seguros\/","title":{"rendered":"Seguro de carga"},"content":{"rendered":"<div class=\"wpb-content-wrapper\">[vc_row visibility=\u00bbhidden-sm\u00bb css=\u00bb.vc_custom_1568386473727{background-image: url(https:\/\/mexicomlogistics.com\/wp-content\/uploads\/2019\/09\/seguro-de-carga.jpg?id=9823) !important;background-position: center !important;background-repeat: no-repeat !important;background-size: cover !important;}\u00bb el_class=\u00bbtrucking-row-1&#8243;][vc_column][mk_padding_divider size=\u00bb100&#8243; visibility=\u00bbvisible-sm\u00bb][mk_padding_divider size=\u00bb250&#8243; visibility=\u00bbhidden-sm\u00bb][mk_padding_divider size=\u00bb250&#8243; visibility=\u00bbhidden-sm\u00bb][\/vc_column][\/vc_row][vc_row][vc_column][mk_padding_divider size=\u00bb20&#8243;][\/vc_column][\/vc_row][mk_page_section sidebar=\u00bbsidebar-1&#8243;][vc_column][vc_row_inner][vc_column_inner][vc_column_text css=\u00bb.vc_custom_1595018942506{margin-bottom: 0px !important;}\u00bb]<span style=\"font-weight: 400;\">Para una tranquilidad adicional, Mexicom Logistics ofrece seguros de carga en toda Am\u00e9rica del Norte especialmente para los env\u00edos hacia y desde M\u00e9xico.<\/span><\/p>\n<p><span style=\"font-weight: 400;\">Protege tus bienes de p\u00e9rdidas, da\u00f1os o robos, desde la carga hasta la descarga en el destino final dentro de M\u00e9xico y en cualquier lugar de Estados Unidos y Canad\u00e1.<\/span>[\/vc_column_text][\/vc_column_inner][\/vc_row_inner][vc_row_inner][vc_column_inner][vc_column_text css=\u00bb.vc_custom_1595018971845{margin-bottom: 0px !important;}\u00bb]\n<h3>Disfruta nuestra tasa del 0.4% en seguro de carga<\/h3>\n<h4>Por ejemplo, si\u00a0 tu mercanc\u00eda tiene un valor de 10, 000 USD,\u00a0 s\u00f3lo pagar\u00e1s 40USD para obtener una cobertura total.<\/h4>\n[\/vc_column_text][\/vc_column_inner][\/vc_row_inner][vc_row_inner][vc_column_inner width=\u00bb2\/3&#8243;][mk_padding_divider size=\u00bb50&#8243;][vc_column_text css=\u00bb.vc_custom_1595018979427{margin-bottom: 0px !important;}\u00bb]\n<h3><span style=\"font-weight: 400;\">Nuestro seguro de cobertura total incluye:<\/span><\/h3>\n<ul>\n<li><span style=\"font-weight: 400;\">Maniobras de carga de mercanc\u00eda en origen<\/span><\/li>\n<li><span style=\"font-weight: 400;\">Transporte de mercanc\u00eda en todo el trayecto contratado, independientemente <\/span>de la cantidad de transportistas y\/o pa\u00edses.<\/li>\n<li><span style=\"font-weight: 400;\">Maniobras de carga y descarga en transbordo de mercanc\u00eda<\/span><\/li>\n<li><span style=\"font-weight: 400;\">Estad\u00edas generadas por procesos aduanales de importaci\u00f3n y exportaci\u00f3n<\/span><\/li>\n<li><span style=\"font-weight: 400;\">Maniobras de descarga de la mercanc\u00eda en el destino final.<\/span><\/li>\n<\/ul>\n<p>*T\u00e9rminos y condiciones aplican[\/vc_column_text][\/vc_column_inner][vc_column_inner width=\u00bb1\/3&#8243;][mk_padding_divider size=\u00bb50&#8243;][vc_single_image image=\u00bb13067&#8243; img_size=\u00bbfull\u00bb][\/vc_column_inner][\/vc_row_inner][\/vc_column][\/mk_page_section][vc_row][vc_column][vc_empty_space][vc_separator style=\u00bbdashed\u00bb el_width=\u00bb70&#8243; el_id=\u00bbsegurocarga\u00bb][vc_empty_space][vc_empty_space][vc_empty_space][vc_column_text css=\u00bb.vc_custom_1712609161633{margin-bottom: 0px !important;}\u00bb]\n<h3 style=\"text-align: center;\"><span style=\"color: #008080;\">SOLICITA UNA COTIZACI\u00d3N PARA ASEGURAR TU CARGA<\/span><\/h3>\n[\/vc_column_text][vc_empty_space height=\u00bb12px\u00bb][vc_column_text css=\u00bb.vc_custom_1712609187056{margin-bottom: 0px !important;}\u00bb]\n<h5 style=\"text-align: center;\">Por favor, proporciona la siguiente informaci\u00f3n<\/h5>\n[\/vc_column_text][vc_empty_space][vc_separator color=\u00bbpeacoc\u00bb][mk_padding_divider][vc_empty_space][\/vc_column][\/vc_row][mk_page_section][vc_column width=\u00bb1\/4&#8243;][\/vc_column][vc_column width=\u00bb1\/2&#8243;][vc_raw_html]JTNDc2NyaXB0JTIwY2hhcnNldCUzRCUyMnV0Zi04JTIyJTIwdHlwZSUzRCUyMnRleHQlMkZqYXZhc2NyaXB0JTIyJTIwc3JjJTNEJTIyJTJGJTJGanMuaHNmb3Jtcy5uZXQlMkZmb3JtcyUyRmVtYmVkJTJGdjIuanMlMjIlM0UlM0MlMkZzY3JpcHQlM0UlMEElM0NzY3JpcHQlM0UlMEElMjAlMjBoYnNwdC5mb3Jtcy5jcmVhdGUlMjglN0IlMEElMjAlMjAlMjAlMjByZWdpb24lM0ElMjAlMjJuYTElMjIlMkMlMEElMjAlMjAlMjAlMjBwb3J0YWxJZCUzQSUyMCUyMjIxNTUxMDg4JTIyJTJDJTBBJTIwJTIwJTIwJTIwZm9ybUlkJTNBJTIwJTIyMmFkMjUyNTEtY2Y4Ni00MTNjLTliM2ItMGEwYTAyY2FjMWFkJTIyJTBBJTIwJTIwJTdEJTI5JTNCJTBBJTNDJTJGc2NyaXB0JTNF[\/vc_raw_html][\/vc_column][vc_column width=\u00bb1\/4&#8243;][\/vc_column][\/mk_page_section]\n<\/div>","protected":false},"excerpt":{"rendered":"<p>[vc_row visibility=\u00bbhidden-sm\u00bb css=\u00bb.vc_custom_1568386473727{background-image: url(https:\/\/mexicomlogistics.com\/wp-content\/uploads\/2019\/09\/seguro-de-carga.jpg?id=9823) !important;background-position: center !important;background-repeat: no-repeat !important;background-size: cover !important;}\u00bb el_class=\u00bbtrucking-row-1&#8243;][vc_column][mk_padding_divider size=\u00bb100&#8243; visibility=\u00bbvisible-sm\u00bb][mk_padding_divider size=\u00bb250&#8243; visibility=\u00bbhidden-sm\u00bb][mk_padding_divider size=\u00bb250&#8243; visibility=\u00bbhidden-sm\u00bb][\/vc_column][\/vc_row][vc_row][vc_column][mk_padding_divider size=\u00bb20&#8243;][\/vc_column][\/vc_row][mk_page_section sidebar=\u00bbsidebar-1&#8243;][vc_column][vc_row_inner][vc_column_inner][vc_column_text css=\u00bb.vc_custom_1595018942506{margin-bottom: 0px !important;}\u00bb]Para una tranquilidad adicional, Mexicom Logistics ofrece seguros de carga en toda Am\u00e9rica del Norte especialmente para los env\u00edos hacia y desde M\u00e9xico. Protege tus bienes de p\u00e9rdidas, da\u00f1os o robos, desde la [&hellip;]<\/p>\n","protected":false},"author":1,"featured_media":0,"parent":260,"menu_order":22,"comment_status":"closed","ping_status":"closed","template":"","meta":{"content-type":"","jetpack_post_was_ever_published":false,"footnotes":""},"class_list":["post-281","page","type-page","status-publish","hentry"],"yoast_head":"<!-- This site is optimized with the Yoast SEO plugin v27.3 - https:\/\/yoast.com\/product\/yoast-seo-wordpress\/ -->\n<title>Seguro de carga - Mexicom Logistics<\/title>\n<meta name=\"robots\" content=\"index, follow, max-snippet:-1, max-image-preview:large, max-video-preview:-1\" \/>\n<link rel=\"canonical\" href=\"https:\/\/mexicomlogistics.com\/es\/opciones\/seguros\/\" \/>\n<meta property=\"og:locale\" content=\"es_ES\" \/>\n<meta property=\"og:type\" content=\"article\" \/>\n<meta property=\"og:title\" content=\"Seguro de carga - Mexicom Logistics\" \/>\n<meta property=\"og:description\" content=\"[vc_row visibility=\u00bbhidden-sm\u00bb css=\u00bb.vc_custom_1568386473727{background-image: url(https:\/\/mexicomlogistics.com\/wp-content\/uploads\/2019\/09\/seguro-de-carga.jpg?id=9823) !important;background-position: center !important;background-repeat: no-repeat !important;background-size: cover !important;}\u00bb el_class=\u00bbtrucking-row-1&#8243;][vc_column][mk_padding_divider size=\u00bb100&#8243; visibility=\u00bbvisible-sm\u00bb][mk_padding_divider size=\u00bb250&#8243; visibility=\u00bbhidden-sm\u00bb][mk_padding_divider size=\u00bb250&#8243; visibility=\u00bbhidden-sm\u00bb][\/vc_column][\/vc_row][vc_row][vc_column][mk_padding_divider size=\u00bb20&#8243;][\/vc_column][\/vc_row][mk_page_section sidebar=\u00bbsidebar-1&#8243;][vc_column][vc_row_inner][vc_column_inner][vc_column_text css=\u00bb.vc_custom_1595018942506{margin-bottom: 0px !important;}\u00bb]Para una tranquilidad adicional, Mexicom Logistics ofrece seguros de carga en toda Am\u00e9rica del Norte especialmente para los env\u00edos hacia y desde M\u00e9xico. Protege tus bienes de p\u00e9rdidas, da\u00f1os o robos, desde la [&hellip;]\" \/>\n<meta property=\"og:url\" content=\"https:\/\/mexicomlogistics.com\/es\/opciones\/seguros\/\" \/>\n<meta property=\"og:site_name\" content=\"Mexicom Logistics\" \/>\n<meta property=\"article:modified_time\" content=\"2024-04-09T16:13:46+00:00\" \/>\n<meta name=\"twitter:card\" content=\"summary_large_image\" \/>\n<meta name=\"twitter:label1\" content=\"Tiempo de lectura\" \/>\n\t<meta name=\"twitter:data1\" content=\"2 minutos\" \/>\n<script type=\"application\/ld+json\" class=\"yoast-schema-graph\">{\"@context\":\"https:\\\/\\\/schema.org\",\"@graph\":[{\"@type\":\"WebPage\",\"@id\":\"https:\\\/\\\/mexicomlogistics.com\\\/es\\\/opciones\\\/seguros\\\/\",\"url\":\"https:\\\/\\\/mexicomlogistics.com\\\/es\\\/opciones\\\/seguros\\\/\",\"name\":\"Seguro de carga - Mexicom Logistics\",\"isPartOf\":{\"@id\":\"https:\\\/\\\/mexicomlogistics.com\\\/es\\\/#website\"},\"datePublished\":\"2014-01-21T16:12:58+00:00\",\"dateModified\":\"2024-04-09T16:13:46+00:00\",\"breadcrumb\":{\"@id\":\"https:\\\/\\\/mexicomlogistics.com\\\/es\\\/opciones\\\/seguros\\\/#breadcrumb\"},\"inLanguage\":\"es\",\"potentialAction\":[{\"@type\":\"ReadAction\",\"target\":[\"https:\\\/\\\/mexicomlogistics.com\\\/es\\\/opciones\\\/seguros\\\/\"]}]},{\"@type\":\"BreadcrumbList\",\"@id\":\"https:\\\/\\\/mexicomlogistics.com\\\/es\\\/opciones\\\/seguros\\\/#breadcrumb\",\"itemListElement\":[{\"@type\":\"ListItem\",\"position\":1,\"name\":\"Home\",\"item\":\"https:\\\/\\\/mexicomlogistics.com\\\/es\\\/\"},{\"@type\":\"ListItem\",\"position\":2,\"name\":\"Opciones\",\"item\":\"https:\\\/\\\/mexicomlogistics.com\\\/es\\\/opciones\\\/\"},{\"@type\":\"ListItem\",\"position\":3,\"name\":\"Seguro de carga\"}]},{\"@type\":\"WebSite\",\"@id\":\"https:\\\/\\\/mexicomlogistics.com\\\/es\\\/#website\",\"url\":\"https:\\\/\\\/mexicomlogistics.com\\\/es\\\/\",\"name\":\"Mexicom Logistics\",\"description\":\"Ship with confidence\",\"publisher\":{\"@id\":\"https:\\\/\\\/mexicomlogistics.com\\\/es\\\/#organization\"},\"potentialAction\":[{\"@type\":\"SearchAction\",\"target\":{\"@type\":\"EntryPoint\",\"urlTemplate\":\"https:\\\/\\\/mexicomlogistics.com\\\/es\\\/?s={search_term_string}\"},\"query-input\":{\"@type\":\"PropertyValueSpecification\",\"valueRequired\":true,\"valueName\":\"search_term_string\"}}],\"inLanguage\":\"es\"},{\"@type\":\"Organization\",\"@id\":\"https:\\\/\\\/mexicomlogistics.com\\\/es\\\/#organization\",\"name\":\"Mexicom Logistics\",\"url\":\"https:\\\/\\\/mexicomlogistics.com\\\/es\\\/\",\"logo\":{\"@type\":\"ImageObject\",\"inLanguage\":\"es\",\"@id\":\"https:\\\/\\\/mexicomlogistics.com\\\/es\\\/#\\\/schema\\\/logo\\\/image\\\/\",\"url\":\"https:\\\/\\\/mexicomlogistics.com\\\/wp-content\\\/uploads\\\/2017\\\/03\\\/logo-white.jpg\",\"contentUrl\":\"https:\\\/\\\/mexicomlogistics.com\\\/wp-content\\\/uploads\\\/2017\\\/03\\\/logo-white.jpg\",\"width\":617,\"height\":402,\"caption\":\"Mexicom Logistics\"},\"image\":{\"@id\":\"https:\\\/\\\/mexicomlogistics.com\\\/es\\\/#\\\/schema\\\/logo\\\/image\\\/\"}}]}<\/script>\n<!-- \/ Yoast SEO plugin. -->","yoast_head_json":{"title":"Seguro de carga - Mexicom Logistics","robots":{"index":"index","follow":"follow","max-snippet":"max-snippet:-1","max-image-preview":"max-image-preview:large","max-video-preview":"max-video-preview:-1"},"canonical":"https:\/\/mexicomlogistics.com\/es\/opciones\/seguros\/","og_locale":"es_ES","og_type":"article","og_title":"Seguro de carga - Mexicom Logistics","og_description":"[vc_row visibility=\u00bbhidden-sm\u00bb css=\u00bb.vc_custom_1568386473727{background-image: url(https:\/\/mexicomlogistics.com\/wp-content\/uploads\/2019\/09\/seguro-de-carga.jpg?id=9823) !important;background-position: center !important;background-repeat: no-repeat !important;background-size: cover !important;}\u00bb el_class=\u00bbtrucking-row-1&#8243;][vc_column][mk_padding_divider size=\u00bb100&#8243; visibility=\u00bbvisible-sm\u00bb][mk_padding_divider size=\u00bb250&#8243; visibility=\u00bbhidden-sm\u00bb][mk_padding_divider size=\u00bb250&#8243; visibility=\u00bbhidden-sm\u00bb][\/vc_column][\/vc_row][vc_row][vc_column][mk_padding_divider size=\u00bb20&#8243;][\/vc_column][\/vc_row][mk_page_section sidebar=\u00bbsidebar-1&#8243;][vc_column][vc_row_inner][vc_column_inner][vc_column_text css=\u00bb.vc_custom_1595018942506{margin-bottom: 0px !important;}\u00bb]Para una tranquilidad adicional, Mexicom Logistics ofrece seguros de carga en toda Am\u00e9rica del Norte especialmente para los env\u00edos hacia y desde M\u00e9xico. Protege tus bienes de p\u00e9rdidas, da\u00f1os o robos, desde la [&hellip;]","og_url":"https:\/\/mexicomlogistics.com\/es\/opciones\/seguros\/","og_site_name":"Mexicom Logistics","article_modified_time":"2024-04-09T16:13:46+00:00","twitter_card":"summary_large_image","twitter_misc":{"Tiempo de lectura":"2 minutos"},"schema":{"@context":"https:\/\/schema.org","@graph":[{"@type":"WebPage","@id":"https:\/\/mexicomlogistics.com\/es\/opciones\/seguros\/","url":"https:\/\/mexicomlogistics.com\/es\/opciones\/seguros\/","name":"Seguro de carga - Mexicom Logistics","isPartOf":{"@id":"https:\/\/mexicomlogistics.com\/es\/#website"},"datePublished":"2014-01-21T16:12:58+00:00","dateModified":"2024-04-09T16:13:46+00:00","breadcrumb":{"@id":"https:\/\/mexicomlogistics.com\/es\/opciones\/seguros\/#breadcrumb"},"inLanguage":"es","potentialAction":[{"@type":"ReadAction","target":["https:\/\/mexicomlogistics.com\/es\/opciones\/seguros\/"]}]},{"@type":"BreadcrumbList","@id":"https:\/\/mexicomlogistics.com\/es\/opciones\/seguros\/#breadcrumb","itemListElement":[{"@type":"ListItem","position":1,"name":"Home","item":"https:\/\/mexicomlogistics.com\/es\/"},{"@type":"ListItem","position":2,"name":"Opciones","item":"https:\/\/mexicomlogistics.com\/es\/opciones\/"},{"@type":"ListItem","position":3,"name":"Seguro de carga"}]},{"@type":"WebSite","@id":"https:\/\/mexicomlogistics.com\/es\/#website","url":"https:\/\/mexicomlogistics.com\/es\/","name":"Mexicom Logistics","description":"Ship with confidence","publisher":{"@id":"https:\/\/mexicomlogistics.com\/es\/#organization"},"potentialAction":[{"@type":"SearchAction","target":{"@type":"EntryPoint","urlTemplate":"https:\/\/mexicomlogistics.com\/es\/?s={search_term_string}"},"query-input":{"@type":"PropertyValueSpecification","valueRequired":true,"valueName":"search_term_string"}}],"inLanguage":"es"},{"@type":"Organization","@id":"https:\/\/mexicomlogistics.com\/es\/#organization","name":"Mexicom Logistics","url":"https:\/\/mexicomlogistics.com\/es\/","logo":{"@type":"ImageObject","inLanguage":"es","@id":"https:\/\/mexicomlogistics.com\/es\/#\/schema\/logo\/image\/","url":"https:\/\/mexicomlogistics.com\/wp-content\/uploads\/2017\/03\/logo-white.jpg","contentUrl":"https:\/\/mexicomlogistics.com\/wp-content\/uploads\/2017\/03\/logo-white.jpg","width":617,"height":402,"caption":"Mexicom Logistics"},"image":{"@id":"https:\/\/mexicomlogistics.com\/es\/#\/schema\/logo\/image\/"}}]}},"jetpack_sharing_enabled":true,"jetpack_shortlink":"https:\/\/wp.me\/P8vZ39-4x","_links":{"self":[{"href":"https:\/\/mexicomlogistics.com\/es\/wp-json\/wp\/v2\/pages\/281","targetHints":{"allow":["GET"]}}],"collection":[{"href":"https:\/\/mexicomlogistics.com\/es\/wp-json\/wp\/v2\/pages"}],"about":[{"href":"https:\/\/mexicomlogistics.com\/es\/wp-json\/wp\/v2\/types\/page"}],"author":[{"embeddable":true,"href":"https:\/\/mexicomlogistics.com\/es\/wp-json\/wp\/v2\/users\/1"}],"replies":[{"embeddable":true,"href":"https:\/\/mexicomlogistics.com\/es\/wp-json\/wp\/v2\/comments?post=281"}],"version-history":[{"count":0,"href":"https:\/\/mexicomlogistics.com\/es\/wp-json\/wp\/v2\/pages\/281\/revisions"}],"up":[{"embeddable":true,"href":"https:\/\/mexicomlogistics.com\/es\/wp-json\/wp\/v2\/pages\/260"}],"wp:attachment":[{"href":"https:\/\/mexicomlogistics.com\/es\/wp-json\/wp\/v2\/media?parent=281"}],"curies":[{"name":"wp","href":"https:\/\/api.w.org\/{rel}","templated":true}]}}