{"id":279,"date":"2014-01-21T11:10:41","date_gmt":"2014-01-21T16:10:41","guid":{"rendered":"http:\/\/mexicomlogistics.com\/?page_id=279"},"modified":"2022-01-26T11:41:04","modified_gmt":"2022-01-26T16:41:04","slug":"agencia-aduanal","status":"publish","type":"page","link":"https:\/\/mexicomlogistics.com\/es\/opciones\/agencia-aduanal\/","title":{"rendered":"Despacho Aduanal"},"content":{"rendered":"<div class=\"wpb-content-wrapper\">[vc_row visibility=\u00bbhidden-sm\u00bb css=\u00bb.vc_custom_1568396595332{background-image: url(https:\/\/mexicomlogistics.com\/wp-content\/uploads\/2019\/09\/despacho-aduanal.jpg?id=9901) !important;background-position: center !important;background-repeat: no-repeat !important;background-size: cover !important;}\u00bb el_class=\u00bbtrucking-row-1&#8243;][vc_column][mk_padding_divider size=\u00bb100&#8243; visibility=\u00bbvisible-sm\u00bb][mk_padding_divider size=\u00bb250&#8243; visibility=\u00bbhidden-sm\u00bb][mk_padding_divider size=\u00bb250&#8243; visibility=\u00bbhidden-sm\u00bb][\/vc_column][\/vc_row][mk_page_section visibility=\u00bbhidden-sm\u00bb sidebar=\u00bbsidebar-1&#8243;][vc_column][vc_row_inner][vc_column_inner][vc_column_text el_class=\u00bbcustom-brk-text-1&#8243; css=\u00bb.vc_custom_1643215258525{margin-bottom: 0px !important;}\u00bb]Somos expertos en el cruce transfronterizo de mercanc\u00edas, alrededor de 6,600 cargas que cruzan la frontera Mexicana cada a\u00f1o nos respaldan. Nuestro equipo de operaciones, en Mexicom Logistics se asegura de que el proceso de despacho est\u00e9 cuidadosamente vigilado y marche a la perfecci\u00f3n.<\/p>\n<p>Facilitamos el papeleo, la inspecci\u00f3n, el almacenamiento y las maniobras. Asimismo, le damos seguimiento al proceso hasta que su mercanc\u00eda est\u00e9 completamente liberada por aduana.[\/vc_column_text][mk_fancy_title color=\u00bb#ff0000&#8243; size=\u00bb20&#8243; font_weight=\u00bb500&#8243; margin_top=\u00bb10&#8243; font_family=\u00bbMontserrat\u00bb font_type=\u00bbgoogle\u00bb]Socios[\/mk_fancy_title][vc_column_text el_class=\u00bbcustom-brk-text-1&#8243; css=\u00bb.vc_custom_1568396706122{margin-bottom: 0px !important;}\u00bb]\n<ul>\n<li>DLM International ofrece servicios de clase internacional en material de despacho a nuestra clientela, de tal manera que el cliente y Mexicom Logistics est\u00e9 al tanto de las nuevas regulaciones en materia aduanera y los despachos procedan de manera impecable.<\/li>\n<li>Con sede en Laredo, Texas, el equipo de EFG Forwarding trabaja con nosotros para garantizar un cruce fluido y oportuno en el cruce fronterizo del sur de los EE. UU.<\/li>\n<li>Con participaci\u00f3n en las principales aduanas de M\u00e9xico, Alta Stockman ofrece a nuestros clientes un servicio confiable de importaci\u00f3n y exportaci\u00f3n de mercanc\u00edas en cumplimiento con las normas y con una elevada atenci\u00f3n al detalle.<\/li>\n<\/ul>\n[\/vc_column_text][\/vc_column_inner][\/vc_row_inner][\/vc_column][\/mk_page_section][mk_page_section visibility=\u00bbvisible-sm\u00bb sidebar=\u00bbsidebar-1&#8243;][vc_column][vc_row_inner][vc_column_inner][vc_column_text el_class=\u00bbcustom-brk-text-1&#8243; css=\u00bb.vc_custom_1608141847944{margin-bottom: 0px !important;}\u00bb]\n<h2 style=\"text-align: center;\">Despacho aduanal<\/h2>\n<p>Somos expertos en el cruce transfronterizo de mercanc\u00edas, alrededor de 4,000 cargas que cruzan la frontera Mexicana cada a\u00f1o nos respaldan. Nuestro equipo de operaciones, en Mexicom Logistics se asegura de que el proceso de despacho est\u00e9 cuidadosamente vigilado y marche a la perfecci\u00f3n.<\/p>\n<p>Facilitamos el papeleo, la inspecci\u00f3n, el almacenamiento y las maniobras. Asimismo, le damos seguimiento al proceso hasta que su mercanc\u00eda est\u00e9 completamente liberada por aduana.[\/vc_column_text][vc_single_image image=\u00bb9904&#8243; img_size=\u00bbfull\u00bb alignment=\u00bbcenter\u00bb][mk_fancy_title color=\u00bb#ff0000&#8243; size=\u00bb20&#8243; font_weight=\u00bb500&#8243; margin_top=\u00bb10&#8243; font_family=\u00bbMontserrat\u00bb font_type=\u00bbgoogle\u00bb]Socios[\/mk_fancy_title][vc_column_text el_class=\u00bbcustom-brk-text-1&#8243; css=\u00bb.vc_custom_1568396706122{margin-bottom: 0px !important;}\u00bb]\n<ul>\n<li>DLM International ofrece servicios de clase internacional en material de despacho a nuestra clientela, de tal manera que el cliente y Mexicom Logistics est\u00e9 al tanto de las nuevas regulaciones en materia aduanera y los despachos procedan de manera impecable.<\/li>\n<li>Con sede en Laredo, Texas, el equipo de EFG Forwarding trabaja con nosotros para garantizar un cruce fluido y oportuno en el cruce fronterizo del sur de los EE. UU.<\/li>\n<li>Con participaci\u00f3n en las principales aduanas de M\u00e9xico, Alta Stockman ofrece a nuestros clientes un servicio confiable de importaci\u00f3n y exportaci\u00f3n de mercanc\u00edas en cumplimiento con las normas y con una elevada atenci\u00f3n al detalle.<\/li>\n<\/ul>\n[\/vc_column_text][\/vc_column_inner][\/vc_row_inner][\/vc_column][\/mk_page_section]\n<\/div>","protected":false},"excerpt":{"rendered":"<p>[vc_row visibility=\u00bbhidden-sm\u00bb css=\u00bb.vc_custom_1568396595332{background-image: url(https:\/\/mexicomlogistics.com\/wp-content\/uploads\/2019\/09\/despacho-aduanal.jpg?id=9901) !important;background-position: center !important;background-repeat: no-repeat !important;background-size: cover !important;}\u00bb el_class=\u00bbtrucking-row-1&#8243;][vc_column][mk_padding_divider size=\u00bb100&#8243; visibility=\u00bbvisible-sm\u00bb][mk_padding_divider size=\u00bb250&#8243; visibility=\u00bbhidden-sm\u00bb][mk_padding_divider size=\u00bb250&#8243; visibility=\u00bbhidden-sm\u00bb][\/vc_column][\/vc_row][mk_page_section visibility=\u00bbhidden-sm\u00bb sidebar=\u00bbsidebar-1&#8243;][vc_column][vc_row_inner][vc_column_inner][vc_column_text el_class=\u00bbcustom-brk-text-1&#8243; css=\u00bb.vc_custom_1643215258525{margin-bottom: 0px !important;}\u00bb]Somos expertos en el cruce transfronterizo de mercanc\u00edas, alrededor de 6,600 cargas que cruzan la frontera Mexicana cada a\u00f1o nos respaldan. Nuestro equipo de operaciones, en Mexicom Logistics se asegura de que [&hellip;]<\/p>\n","protected":false},"author":1,"featured_media":0,"parent":260,"menu_order":21,"comment_status":"closed","ping_status":"closed","template":"","meta":{"content-type":"","jetpack_post_was_ever_published":false,"footnotes":""},"class_list":["post-279","page","type-page","status-publish","hentry"],"yoast_head":"<!-- This site is optimized with the Yoast SEO plugin v27.3 - https:\/\/yoast.com\/product\/yoast-seo-wordpress\/ -->\n<title>Despacho Aduanal - Mexicom Logistics<\/title>\n<meta name=\"description\" content=\"Somos expertos en el cruce transfronterizo de mercanc\u00edas, alrededor de 4,000 cargas que cruzan la frontera Mexicana cada a\u00f1o nos respaldan. Nuestro equipo de operaciones, en Mexicom Logistics se asegura de que el proceso de despacho est\u00e9 cuidadosamente vigilado y marche a la perfecci\u00f3n.\" \/>\n<meta name=\"robots\" content=\"index, follow, max-snippet:-1, max-image-preview:large, max-video-preview:-1\" \/>\n<link rel=\"canonical\" href=\"https:\/\/mexicomlogistics.com\/es\/opciones\/agencia-aduanal\/\" \/>\n<meta property=\"og:locale\" content=\"es_ES\" \/>\n<meta property=\"og:type\" content=\"article\" \/>\n<meta property=\"og:title\" content=\"Despacho Aduanal - Mexicom Logistics\" \/>\n<meta property=\"og:description\" content=\"Somos expertos en el cruce transfronterizo de mercanc\u00edas, alrededor de 4,000 cargas que cruzan la frontera Mexicana cada a\u00f1o nos respaldan. Nuestro equipo de operaciones, en Mexicom Logistics se asegura de que el proceso de despacho est\u00e9 cuidadosamente vigilado y marche a la perfecci\u00f3n.\" \/>\n<meta property=\"og:url\" content=\"https:\/\/mexicomlogistics.com\/es\/opciones\/agencia-aduanal\/\" \/>\n<meta property=\"og:site_name\" content=\"Mexicom Logistics\" \/>\n<meta property=\"article:modified_time\" content=\"2022-01-26T16:41:04+00:00\" \/>\n<meta name=\"twitter:card\" content=\"summary_large_image\" \/>\n<meta name=\"twitter:label1\" content=\"Tiempo de lectura\" \/>\n\t<meta name=\"twitter:data1\" content=\"3 minutos\" \/>\n<script type=\"application\/ld+json\" class=\"yoast-schema-graph\">{\"@context\":\"https:\\\/\\\/schema.org\",\"@graph\":[{\"@type\":\"WebPage\",\"@id\":\"https:\\\/\\\/mexicomlogistics.com\\\/es\\\/opciones\\\/agencia-aduanal\\\/\",\"url\":\"https:\\\/\\\/mexicomlogistics.com\\\/es\\\/opciones\\\/agencia-aduanal\\\/\",\"name\":\"Despacho Aduanal - Mexicom Logistics\",\"isPartOf\":{\"@id\":\"https:\\\/\\\/mexicomlogistics.com\\\/es\\\/#website\"},\"datePublished\":\"2014-01-21T16:10:41+00:00\",\"dateModified\":\"2022-01-26T16:41:04+00:00\",\"description\":\"Somos expertos en el cruce transfronterizo de mercanc\u00edas, alrededor de 4,000 cargas que cruzan la frontera Mexicana cada a\u00f1o nos respaldan. Nuestro equipo de operaciones, en Mexicom Logistics se asegura de que el proceso de despacho est\u00e9 cuidadosamente vigilado y marche a la perfecci\u00f3n.\",\"breadcrumb\":{\"@id\":\"https:\\\/\\\/mexicomlogistics.com\\\/es\\\/opciones\\\/agencia-aduanal\\\/#breadcrumb\"},\"inLanguage\":\"es\",\"potentialAction\":[{\"@type\":\"ReadAction\",\"target\":[\"https:\\\/\\\/mexicomlogistics.com\\\/es\\\/opciones\\\/agencia-aduanal\\\/\"]}]},{\"@type\":\"BreadcrumbList\",\"@id\":\"https:\\\/\\\/mexicomlogistics.com\\\/es\\\/opciones\\\/agencia-aduanal\\\/#breadcrumb\",\"itemListElement\":[{\"@type\":\"ListItem\",\"position\":1,\"name\":\"Home\",\"item\":\"https:\\\/\\\/mexicomlogistics.com\\\/es\\\/\"},{\"@type\":\"ListItem\",\"position\":2,\"name\":\"Opciones\",\"item\":\"https:\\\/\\\/mexicomlogistics.com\\\/es\\\/opciones\\\/\"},{\"@type\":\"ListItem\",\"position\":3,\"name\":\"Despacho Aduanal\"}]},{\"@type\":\"WebSite\",\"@id\":\"https:\\\/\\\/mexicomlogistics.com\\\/es\\\/#website\",\"url\":\"https:\\\/\\\/mexicomlogistics.com\\\/es\\\/\",\"name\":\"Mexicom Logistics\",\"description\":\"Ship with confidence\",\"publisher\":{\"@id\":\"https:\\\/\\\/mexicomlogistics.com\\\/es\\\/#organization\"},\"potentialAction\":[{\"@type\":\"SearchAction\",\"target\":{\"@type\":\"EntryPoint\",\"urlTemplate\":\"https:\\\/\\\/mexicomlogistics.com\\\/es\\\/?s={search_term_string}\"},\"query-input\":{\"@type\":\"PropertyValueSpecification\",\"valueRequired\":true,\"valueName\":\"search_term_string\"}}],\"inLanguage\":\"es\"},{\"@type\":\"Organization\",\"@id\":\"https:\\\/\\\/mexicomlogistics.com\\\/es\\\/#organization\",\"name\":\"Mexicom Logistics\",\"url\":\"https:\\\/\\\/mexicomlogistics.com\\\/es\\\/\",\"logo\":{\"@type\":\"ImageObject\",\"inLanguage\":\"es\",\"@id\":\"https:\\\/\\\/mexicomlogistics.com\\\/es\\\/#\\\/schema\\\/logo\\\/image\\\/\",\"url\":\"https:\\\/\\\/mexicomlogistics.com\\\/wp-content\\\/uploads\\\/2017\\\/03\\\/logo-white.jpg\",\"contentUrl\":\"https:\\\/\\\/mexicomlogistics.com\\\/wp-content\\\/uploads\\\/2017\\\/03\\\/logo-white.jpg\",\"width\":617,\"height\":402,\"caption\":\"Mexicom Logistics\"},\"image\":{\"@id\":\"https:\\\/\\\/mexicomlogistics.com\\\/es\\\/#\\\/schema\\\/logo\\\/image\\\/\"}}]}<\/script>\n<!-- \/ Yoast SEO plugin. -->","yoast_head_json":{"title":"Despacho Aduanal - Mexicom Logistics","description":"Somos expertos en el cruce transfronterizo de mercanc\u00edas, alrededor de 4,000 cargas que cruzan la frontera Mexicana cada a\u00f1o nos respaldan. Nuestro equipo de operaciones, en Mexicom Logistics se asegura de que el proceso de despacho est\u00e9 cuidadosamente vigilado y marche a la perfecci\u00f3n.","robots":{"index":"index","follow":"follow","max-snippet":"max-snippet:-1","max-image-preview":"max-image-preview:large","max-video-preview":"max-video-preview:-1"},"canonical":"https:\/\/mexicomlogistics.com\/es\/opciones\/agencia-aduanal\/","og_locale":"es_ES","og_type":"article","og_title":"Despacho Aduanal - Mexicom Logistics","og_description":"Somos expertos en el cruce transfronterizo de mercanc\u00edas, alrededor de 4,000 cargas que cruzan la frontera Mexicana cada a\u00f1o nos respaldan. Nuestro equipo de operaciones, en Mexicom Logistics se asegura de que el proceso de despacho est\u00e9 cuidadosamente vigilado y marche a la perfecci\u00f3n.","og_url":"https:\/\/mexicomlogistics.com\/es\/opciones\/agencia-aduanal\/","og_site_name":"Mexicom Logistics","article_modified_time":"2022-01-26T16:41:04+00:00","twitter_card":"summary_large_image","twitter_misc":{"Tiempo de lectura":"3 minutos"},"schema":{"@context":"https:\/\/schema.org","@graph":[{"@type":"WebPage","@id":"https:\/\/mexicomlogistics.com\/es\/opciones\/agencia-aduanal\/","url":"https:\/\/mexicomlogistics.com\/es\/opciones\/agencia-aduanal\/","name":"Despacho Aduanal - Mexicom Logistics","isPartOf":{"@id":"https:\/\/mexicomlogistics.com\/es\/#website"},"datePublished":"2014-01-21T16:10:41+00:00","dateModified":"2022-01-26T16:41:04+00:00","description":"Somos expertos en el cruce transfronterizo de mercanc\u00edas, alrededor de 4,000 cargas que cruzan la frontera Mexicana cada a\u00f1o nos respaldan. Nuestro equipo de operaciones, en Mexicom Logistics se asegura de que el proceso de despacho est\u00e9 cuidadosamente vigilado y marche a la perfecci\u00f3n.","breadcrumb":{"@id":"https:\/\/mexicomlogistics.com\/es\/opciones\/agencia-aduanal\/#breadcrumb"},"inLanguage":"es","potentialAction":[{"@type":"ReadAction","target":["https:\/\/mexicomlogistics.com\/es\/opciones\/agencia-aduanal\/"]}]},{"@type":"BreadcrumbList","@id":"https:\/\/mexicomlogistics.com\/es\/opciones\/agencia-aduanal\/#breadcrumb","itemListElement":[{"@type":"ListItem","position":1,"name":"Home","item":"https:\/\/mexicomlogistics.com\/es\/"},{"@type":"ListItem","position":2,"name":"Opciones","item":"https:\/\/mexicomlogistics.com\/es\/opciones\/"},{"@type":"ListItem","position":3,"name":"Despacho Aduanal"}]},{"@type":"WebSite","@id":"https:\/\/mexicomlogistics.com\/es\/#website","url":"https:\/\/mexicomlogistics.com\/es\/","name":"Mexicom Logistics","description":"Ship with confidence","publisher":{"@id":"https:\/\/mexicomlogistics.com\/es\/#organization"},"potentialAction":[{"@type":"SearchAction","target":{"@type":"EntryPoint","urlTemplate":"https:\/\/mexicomlogistics.com\/es\/?s={search_term_string}"},"query-input":{"@type":"PropertyValueSpecification","valueRequired":true,"valueName":"search_term_string"}}],"inLanguage":"es"},{"@type":"Organization","@id":"https:\/\/mexicomlogistics.com\/es\/#organization","name":"Mexicom Logistics","url":"https:\/\/mexicomlogistics.com\/es\/","logo":{"@type":"ImageObject","inLanguage":"es","@id":"https:\/\/mexicomlogistics.com\/es\/#\/schema\/logo\/image\/","url":"https:\/\/mexicomlogistics.com\/wp-content\/uploads\/2017\/03\/logo-white.jpg","contentUrl":"https:\/\/mexicomlogistics.com\/wp-content\/uploads\/2017\/03\/logo-white.jpg","width":617,"height":402,"caption":"Mexicom Logistics"},"image":{"@id":"https:\/\/mexicomlogistics.com\/es\/#\/schema\/logo\/image\/"}}]}},"jetpack_sharing_enabled":true,"jetpack_shortlink":"https:\/\/wp.me\/P8vZ39-4v","_links":{"self":[{"href":"https:\/\/mexicomlogistics.com\/es\/wp-json\/wp\/v2\/pages\/279","targetHints":{"allow":["GET"]}}],"collection":[{"href":"https:\/\/mexicomlogistics.com\/es\/wp-json\/wp\/v2\/pages"}],"about":[{"href":"https:\/\/mexicomlogistics.com\/es\/wp-json\/wp\/v2\/types\/page"}],"author":[{"embeddable":true,"href":"https:\/\/mexicomlogistics.com\/es\/wp-json\/wp\/v2\/users\/1"}],"replies":[{"embeddable":true,"href":"https:\/\/mexicomlogistics.com\/es\/wp-json\/wp\/v2\/comments?post=279"}],"version-history":[{"count":0,"href":"https:\/\/mexicomlogistics.com\/es\/wp-json\/wp\/v2\/pages\/279\/revisions"}],"up":[{"embeddable":true,"href":"https:\/\/mexicomlogistics.com\/es\/wp-json\/wp\/v2\/pages\/260"}],"wp:attachment":[{"href":"https:\/\/mexicomlogistics.com\/es\/wp-json\/wp\/v2\/media?parent=279"}],"curies":[{"name":"wp","href":"https:\/\/api.w.org\/{rel}","templated":true}]}}