{"id":2775,"date":"2018-08-28T14:19:59","date_gmt":"2018-08-28T18:19:59","guid":{"rendered":"http:\/\/www.mexicomlogistics.com\/?page_id=2775"},"modified":"2023-01-04T12:53:43","modified_gmt":"2023-01-04T17:53:43","slug":"plataformas","status":"publish","type":"page","link":"https:\/\/mexicomlogistics.com\/es\/plataformas\/","title":{"rendered":"Plataformas &#8211; Flatbeds"},"content":{"rendered":"<div class=\"wpb-content-wrapper\">[vc_row visibility=\u00bbhidden-sm\u00bb css=\u00bb.vc_custom_1585169822539{background-image: url(https:\/\/mexicomlogistics.com\/wp-content\/uploads\/2018\/08\/main-landing-page-2.jpg?id=3138) !important;background-position: center !important;background-repeat: no-repeat !important;background-size: cover !important;}\u00bb el_class=\u00bbtrucking-row-1&#8243;][vc_column][mk_padding_divider size=\u00bb100&#8243; visibility=\u00bbvisible-sm\u00bb][mk_padding_divider size=\u00bb250&#8243; visibility=\u00bbhidden-sm\u00bb][mk_padding_divider size=\u00bb250&#8243; visibility=\u00bbhidden-sm\u00bb][\/vc_column][\/vc_row][mk_page_section sidebar=\u00bbsidebar-1&#8243;][vc_column][vc_row_inner][vc_column_inner][mk_padding_divider size=\u00bb30&#8243;][vc_column_text disable_pattern=\u00bbfalse\u00bb css=\u00bb.vc_custom_1585169283784{margin-bottom: 0px !important;}\u00bb]\n<h1 style=\"text-align: center;\">Transporte de carga comercial en Plataformas<\/h1>\n<h4 style=\"text-align: center;\">Somos tu opci\u00f3n n\u00famero uno para transportar carga comercial en plataformas entre Canad\u00e1, Estados Unidos y M\u00e9xico.<\/h4>\n[\/vc_column_text][mk_padding_divider size=\u00bb45&#8243;][vc_column_text][\/vc_column_text][\/vc_column_inner][\/vc_row_inner][vc_row_inner][vc_column_inner width=\u00bb1\/3&#8243;][mk_icon_box icon=\u00bbmk-moon-clock\u00bb title=\u00bbReacci\u00f3n inmediata\u00bb font_weight=\u00bbbold\u00bb circled=\u00bbtrue\u00bb icon_color=\u00bb#ffffff\u00bb icon_circle_color=\u00bb#146372&#8243; title_color=\u00bb#ff0000&#8243;]Somos transportistas y reexpedidores de carga, por lo que siempre contamos con plataformas listas para recolectar al d\u00eda siguiente de recibir tu notificaci\u00f3n.[\/mk_icon_box][\/vc_column_inner][vc_column_inner width=\u00bb1\/3&#8243;][mk_icon_box icon=\u00bbmk-icon-money\u00bb title=\u00bbEl precio m\u00e1s bajo\u00bb font_weight=\u00bbbold\u00bb circled=\u00bbtrue\u00bb icon_color=\u00bb#ffffff\u00bb icon_circle_color=\u00bb#146372&#8243; title_color=\u00bb#ff0000&#8243;]Nuestras alianzas y nuestra gran red de proveedores de flatbeds, double-drops y step-decks nos permite encontrar la mejor soluci\u00f3n al precio m\u00e1s bajo del mercado.<\/p>\n<p>Te garantizamos las tarifas m\u00e1s bajas en transporte, escala, detenci\u00f3n, demoras en la frontera, seguro y el resto de nuestros servicios log\u00edsticos.[\/mk_icon_box][vc_column_text][\/vc_column_text][\/vc_column_inner][vc_column_inner width=\u00bb1\/3&#8243;][mk_icon_box icon=\u00bbmk-moon-coins\u00bb title=\u00bbFlexibilidad\u00bb font_weight=\u00bbbold\u00bb circled=\u00bbtrue\u00bb icon_color=\u00bb#ffffff\u00bb icon_circle_color=\u00bb#146372&#8243; title_color=\u00bb#ff0000&#8243;]Ofrecemos 2 horas para cargar y descargar, sin costo y 2 d\u00edas en la frontera sin costo por retrasos.[\/mk_icon_box][\/vc_column_inner][\/vc_row_inner][mk_button corner_style=\u00bbfull_rounded\u00bb size=\u00bblarge\u00bb url=\u00bbhttps:\/\/mexicomlogistics.com\/es\/solicitar-cotizacion-elegir-tipo\/\u00bb target=\u00bb_blank\u00bb align=\u00bbcenter\u00bb bg_color=\u00bb#ff0000&#8243;]Solicita una cotizaci\u00f3n[\/mk_button][vc_empty_space height=\u00bb75px\u00bb][vc_row_inner][vc_column_inner width=\u00bb1\/6&#8243;][\/vc_column_inner][vc_column_inner width=\u00bb2\/3&#8243;][vc_video link=\u00bbhttps:\/\/vimeo.com\/323802642&#8243; visibility=\u00bbhidden-sm\u00bb][vc_column_text][\/vc_column_text][vc_empty_space height=\u00bb50px\u00bb][\/vc_column_inner][vc_column_inner width=\u00bb1\/6&#8243;][\/vc_column_inner][\/vc_row_inner][mk_button corner_style=\u00bbfull_rounded\u00bb size=\u00bblarge\u00bb url=\u00bbhttps:\/\/mexicomlogistics.com\/es\/solicitar-cotizacion-elegir-tipo\/\u00bb target=\u00bb_blank\u00bb align=\u00bbcenter\u00bb bg_color=\u00bb#ff0000&#8243;]Solicita una cotizaci\u00f3n[\/mk_button][vc_column_text css=\u00bb.vc_custom_1568225261459{margin-bottom: 0px !important;}\u00bb]\n<h3 style=\"text-align: center;\"><span style=\"color: #ff0000;\">+1 514-667-0174 <\/span><\/h3>\n<p style=\"text-align: center;\"><span style=\"color: #ff0000;\"><a style=\"color: #ff0000;\" href=\"mailto:info@mexicomlogistics.com\">\u00a0info@mexicomlogistics.com<\/a><\/span><\/p>\n[\/vc_column_text][mk_blockquote font_family=\u00bbnone\u00bb]El apoyo de Mexicom durante m\u00e1s de 10 a\u00f1os ha sido de darnos los mejores costos del mercado y ser facilitadores en el manejo de nuestros embarques, asegurando la recolecci\u00f3n en la fecha establecida- Mario Hanssel T\u00e9llez Arroyo, Gerente de Operaciones Log\u00edsticas, SkyNet[\/mk_blockquote][vc_column_text][\/vc_column_text][vc_column_text][\/vc_column_text][\/vc_column][\/mk_page_section][mk_page_section][vc_column][vc_column_text css=\u00bb.vc_custom_1672854431499{margin-bottom: 0px !important;}\u00bb]\n<h4 style=\"text-align: center;\">Mexicom Logistics tiene m\u00e1s de 18 a\u00f1os de experiencia transportando mercan\u00eda entre M\u00e9xico, Estados Unidos y Canad\u00e1.<\/h4>\n[\/vc_column_text][mk_image src=\u00bbhttps:\/\/www.mexicomlogistics.com\/wp-content\/uploads\/2018\/08\/north-america-south-bond-es-100.jpg\u00bb image_size=\u00bbfull\u00bb lightbox=\u00bbtrue\u00bb align=\u00bbcenter\u00bb][mk_button corner_style=\u00bbfull_rounded\u00bb size=\u00bblarge\u00bb url=\u00bbhttps:\/\/mexicomlogistics.com\/es\/solicitar-cotizacion-elegir-tipo\/\u00bb target=\u00bb_blank\u00bb align=\u00bbcenter\u00bb bg_color=\u00bb#ff0000&#8243;]Solicita una cotizaci\u00f3n[\/mk_button][vc_column_text css=\u00bb.vc_custom_1568225268149{margin-bottom: 0px !important;}\u00bb]\n<h3 style=\"text-align: center;\"><span style=\"color: #ff0000;\">+1 514-667-0174 <\/span><\/h3>\n<p style=\"text-align: center;\"><span style=\"color: #ff0000;\"><a style=\"color: #ff0000;\" href=\"mailto:info@mexicomlogistics.com\">\u00a0info@mexicomlogistics.com<\/a><\/span><\/p>\n[\/vc_column_text][\/vc_column][\/mk_page_section][mk_page_section sidebar=\u00bbsidebar-1&#8243;][vc_column][mk_divider style=\u00bbpadding_space\u00bb][vc_row_inner][vc_column_inner width=\u00bb1\/2&#8243;][mk_padding_divider size=\u00bb30&#8243;][mk_custom_list title=\u00bbNuestros servicios de plataformas flatbeds, step-decks y double-drops ofrecen las siguientes ventajas\u00bb]\n<ul>\n<li>Cruce transfronterizo sin problemas para carga directa y a transbordo.<\/li>\n<li><span style=\"font-weight: 400;\">Seguimiento del estado y ubicaci\u00f3n de tu mercanc\u00eda en cualquier momento.<\/span><\/li>\n<li><span style=\"font-weight: 400;\">Trabajamos s\u00f3lo con compa\u00f1\u00edas que verifican los antecedentes de sus choferes y trabajan con sistemas de seguimiento por sat\u00e9lite las 24 horas, todos los d\u00edas. Adem\u00e1s, ofrecemos servicio de escoltas, si es necesario.<\/span><\/li>\n<li>Expertos triling\u00fces que te brindan un servicio directo y personalizado.<\/li>\n<li>Podemos proporcionar un seguro de carga a una tasa exclusiva para nuestros clientes de 0.3%<\/li>\n<\/ul>\n[\/mk_custom_list][vc_column_text][\/vc_column_text][\/vc_column_inner][vc_column_inner width=\u00bb1\/2&#8243;][vc_single_image image=\u00bb3785&#8243; img_size=\u00bbfull\u00bb][\/vc_column_inner][\/vc_row_inner][mk_padding_divider size=\u00bb30&#8243;][vc_text_separator title=\u00bbEquipos\u00bb title_align=\u00bbseparator_align_left\u00bb align=\u00bbalign_left\u00bb][vc_column_text]Mexicom Logistics cuenta con una gran variedad de proveedores de flatbeds, double-drops y step-decks de diferentes medidas por lo que podemos responder a todas tus necesidades de transportaci\u00f3n de carga terrestre.[\/vc_column_text][vc_row_inner visibility=\u00bbhidden-sm\u00bb][vc_column_inner width=\u00bb1\/2&#8243;][vc_single_image image=\u00bb3929&#8243; img_size=\u00bbfull\u00bb][vc_separator color=\u00bbturquoise\u00bb][vc_single_image image=\u00bb3935&#8243; img_size=\u00bbfull\u00bb][vc_separator color=\u00bbturquoise\u00bb][vc_single_image image=\u00bb3926&#8243; img_size=\u00bbfull\u00bb][vc_separator color=\u00bbturquoise\u00bb][vc_column_text][\/vc_column_text][\/vc_column_inner][vc_column_inner width=\u00bb1\/2&#8243;][vc_single_image image=\u00bb3932&#8243; img_size=\u00bbfull\u00bb][vc_separator color=\u00bbturquoise\u00bb][vc_single_image image=\u00bb3938&#8243; img_size=\u00bbfull\u00bb][vc_separator color=\u00bbturquoise\u00bb][\/vc_column_inner][\/vc_row_inner][vc_row_inner visibility=\u00bbvisible-sm\u00bb][vc_column_inner width=\u00bb1\/4&#8243;][vc_column_text][\/vc_column_text][\/vc_column_inner][vc_column_inner width=\u00bb1\/2&#8243;][\/vc_column_inner][vc_column_inner width=\u00bb1\/4&#8243;][\/vc_column_inner][\/vc_row_inner][vc_row_inner][vc_column_inner][vc_column_text][\/vc_column_text][\/vc_column_inner][\/vc_row_inner][mk_button corner_style=\u00bbfull_rounded\u00bb size=\u00bblarge\u00bb url=\u00bbhttps:\/\/mexicomlogistics.com\/es\/solicitar-cotizacion-elegir-tipo\/\u00bb target=\u00bb_blank\u00bb align=\u00bbcenter\u00bb bg_color=\u00bb#ff0000&#8243;]Solicita una cotizaci\u00f3n[\/mk_button][vc_column_text css=\u00bb.vc_custom_1568225275564{margin-bottom: 0px !important;}\u00bb]\n<h3 style=\"text-align: center;\"><span style=\"color: #ff0000;\">+1 514-667-0174 <\/span><\/h3>\n<p style=\"text-align: center;\"><span style=\"color: #ff0000;\"><a style=\"color: #ff0000;\" href=\"mailto:info@mexicomlogistics.com\">\u00a0info@mexicomlogistics.com<\/a><\/span><\/p>\n[\/vc_column_text][mk_divider style=\u00bbpadding_space\u00bb][mk_divider][\/vc_column][\/mk_page_section][vc_row column_padding=\u00bb1&#8243; parallax=\u00bbcontent-moving\u00bb parallax_image=\u00bb13668&#8243; parallax_speed_bg=\u00bb1&#8243;][vc_column width=\u00bb1\/4&#8243;][vc_column_text css=\u00bb.vc_custom_1602179508129{margin-bottom: 0px !important;}\u00bb]\n<h2 style=\"text-align: center;\"><span style=\"color: #008080;\">Tambi\u00e9n contamos con servicio parcial<br \/>\nen plataformas\u00a0<\/span><\/h2>\n[\/vc_column_text][vc_column_text css=\u00bb.vc_custom_1602178541591{margin-bottom: 0px !important;}\u00bb]\n<h3 style=\"text-align: center;\">Pregunta por esta opci\u00f3n y ahorra 50%<\/h3>\n[\/vc_column_text][mk_divider style=\u00bbpadding_space\u00bb][vc_column_text css=\u00bb.vc_custom_1602178581374{margin-bottom: 0px !important;}\u00bb]\n<h4 style=\"text-align: center;\">Para cargas de<\/h4>\n<p style=\"text-align: center;\">Entre 12 y 30 pies lineales.<\/p>\n<p style=\"text-align: center;\">Entre 1 000 y 25 000 libras.<\/p>\n[\/vc_column_text][vc_btn title=\u00bbM\u00e1s informaci\u00f3n\u00bb color=\u00bbturquoise\u00bb align=\u00bbcenter\u00bb link=\u00bburl:https%3A%2F%2Fmexicomlogistics.com%2Fes%2Ftransporte-de-carga-parcial-entre-mexico-estados-unidos-y-canada%2F||target:%20_blank|\u00bb][\/vc_column][vc_column width=\u00bb3\/4&#8243;][\/vc_column][\/vc_row][vc_row][vc_column][mk_divider][mk_divider style=\u00bbpadding_space\u00bb][\/vc_column][\/vc_row][vc_row visibility=\u00bbhidden-sm\u00bb][vc_column][vc_text_separator title=\u00bbBLOG POSTS\u00bb color=\u00bbcustom\u00bb border_width=\u00bb2&#8243; accent_color=\u00bb#ff3a3a\u00bb][mk_blog_carousel count=\u00bb-1&#8243;][\/vc_column][\/vc_row][vc_row][vc_column][vc_btn title=\u00bbTodos los posts\u00bb style=\u00bbflat\u00bb color=\u00bbpeacoc\u00bb align=\u00bbcenter\u00bb link=\u00bburl:https%3A%2F%2Fmexicomlogistics.com%2Fes%2Fblog%2F||target:%20_blank|\u00bb][\/vc_column][\/vc_row][vc_row][vc_column][vc_empty_space][\/vc_column][\/vc_row]\n<\/div>","protected":false},"excerpt":{"rendered":"<p>[vc_row visibility=\u00bbhidden-sm\u00bb css=\u00bb.vc_custom_1585169822539{background-image: url(https:\/\/mexicomlogistics.com\/wp-content\/uploads\/2018\/08\/main-landing-page-2.jpg?id=3138) !important;background-position: center !important;background-repeat: no-repeat !important;background-size: cover !important;}\u00bb el_class=\u00bbtrucking-row-1&#8243;][vc_column][mk_padding_divider size=\u00bb100&#8243; visibility=\u00bbvisible-sm\u00bb][mk_padding_divider size=\u00bb250&#8243; visibility=\u00bbhidden-sm\u00bb][mk_padding_divider size=\u00bb250&#8243; visibility=\u00bbhidden-sm\u00bb][\/vc_column][\/vc_row][mk_page_section sidebar=\u00bbsidebar-1&#8243;][vc_column][vc_row_inner][vc_column_inner][mk_padding_divider size=\u00bb30&#8243;][vc_column_text disable_pattern=\u00bbfalse\u00bb css=\u00bb.vc_custom_1585169283784{margin-bottom: 0px !important;}\u00bb] Transporte de carga comercial en Plataformas Somos tu opci\u00f3n n\u00famero uno para transportar carga comercial en plataformas entre Canad\u00e1, Estados Unidos y M\u00e9xico. [\/vc_column_text][mk_padding_divider size=\u00bb45&#8243;][vc_column_text][\/vc_column_text][\/vc_column_inner][\/vc_row_inner][vc_row_inner][vc_column_inner width=\u00bb1\/3&#8243;][mk_icon_box icon=\u00bbmk-moon-clock\u00bb title=\u00bbReacci\u00f3n inmediata\u00bb font_weight=\u00bbbold\u00bb circled=\u00bbtrue\u00bb [&hellip;]<\/p>\n","protected":false},"author":4,"featured_media":4069,"parent":0,"menu_order":12,"comment_status":"closed","ping_status":"closed","template":"","meta":{"content-type":"","jetpack_post_was_ever_published":false,"footnotes":""},"class_list":["post-2775","page","type-page","status-publish","has-post-thumbnail","hentry"],"yoast_head":"<!-- This site is optimized with the Yoast SEO plugin v27.3 - https:\/\/yoast.com\/product\/yoast-seo-wordpress\/ -->\n<title>Transporte de carga en Plataformas - Flatbeds - Mexicom Logistics<\/title>\n<meta name=\"description\" content=\"Mexicom Logistics es tu opci\u00f3n n\u00famero uno para transportar carga en Plataformas - Flatbeds entre Canad\u00e1, Estados Unidos y M\u00e9xico.\" \/>\n<meta name=\"robots\" content=\"index, follow, max-snippet:-1, max-image-preview:large, max-video-preview:-1\" \/>\n<link rel=\"canonical\" href=\"https:\/\/mexicomlogistics.com\/es\/plataformas\/\" \/>\n<meta property=\"og:locale\" content=\"es_ES\" \/>\n<meta property=\"og:type\" content=\"article\" \/>\n<meta property=\"og:title\" content=\"Transporte de carga en Plataformas - Flatbeds - Mexicom Logistics\" \/>\n<meta property=\"og:description\" content=\"Mexicom Logistics es tu opci\u00f3n n\u00famero uno para transportar carga en Plataformas - Flatbeds entre Canad\u00e1, Estados Unidos y M\u00e9xico.\" \/>\n<meta property=\"og:url\" content=\"https:\/\/mexicomlogistics.com\/es\/plataformas\/\" \/>\n<meta property=\"og:site_name\" content=\"Mexicom Logistics\" \/>\n<meta property=\"article:modified_time\" content=\"2023-01-04T17:53:43+00:00\" \/>\n<meta property=\"og:image\" content=\"https:\/\/mexicomlogistics.com\/wp-content\/uploads\/2018\/10\/transporte-de-carga-en-plataformas_mex_usa-canada.png\" \/>\n\t<meta property=\"og:image:width\" content=\"1417\" \/>\n\t<meta property=\"og:image:height\" content=\"722\" \/>\n\t<meta property=\"og:image:type\" content=\"image\/png\" \/>\n<meta name=\"twitter:card\" content=\"summary_large_image\" \/>\n<meta name=\"twitter:label1\" content=\"Tiempo de lectura\" \/>\n\t<meta name=\"twitter:data1\" content=\"3 minutos\" \/>\n<script type=\"application\/ld+json\" class=\"yoast-schema-graph\">{\"@context\":\"https:\\\/\\\/schema.org\",\"@graph\":[{\"@type\":\"WebPage\",\"@id\":\"https:\\\/\\\/mexicomlogistics.com\\\/es\\\/plataformas\\\/\",\"url\":\"https:\\\/\\\/mexicomlogistics.com\\\/es\\\/plataformas\\\/\",\"name\":\"Transporte de carga en Plataformas - Flatbeds - Mexicom Logistics\",\"isPartOf\":{\"@id\":\"https:\\\/\\\/mexicomlogistics.com\\\/es\\\/#website\"},\"primaryImageOfPage\":{\"@id\":\"https:\\\/\\\/mexicomlogistics.com\\\/es\\\/plataformas\\\/#primaryimage\"},\"image\":{\"@id\":\"https:\\\/\\\/mexicomlogistics.com\\\/es\\\/plataformas\\\/#primaryimage\"},\"thumbnailUrl\":\"https:\\\/\\\/mexicomlogistics.com\\\/wp-content\\\/uploads\\\/2018\\\/10\\\/transporte-de-carga-en-plataformas_mex_usa-canada.png\",\"datePublished\":\"2018-08-28T18:19:59+00:00\",\"dateModified\":\"2023-01-04T17:53:43+00:00\",\"description\":\"Mexicom Logistics es tu opci\u00f3n n\u00famero uno para transportar carga en Plataformas - Flatbeds entre Canad\u00e1, Estados Unidos y M\u00e9xico.\",\"breadcrumb\":{\"@id\":\"https:\\\/\\\/mexicomlogistics.com\\\/es\\\/plataformas\\\/#breadcrumb\"},\"inLanguage\":\"es\",\"potentialAction\":[{\"@type\":\"ReadAction\",\"target\":[\"https:\\\/\\\/mexicomlogistics.com\\\/es\\\/plataformas\\\/\"]}]},{\"@type\":\"ImageObject\",\"inLanguage\":\"es\",\"@id\":\"https:\\\/\\\/mexicomlogistics.com\\\/es\\\/plataformas\\\/#primaryimage\",\"url\":\"https:\\\/\\\/mexicomlogistics.com\\\/wp-content\\\/uploads\\\/2018\\\/10\\\/transporte-de-carga-en-plataformas_mex_usa-canada.png\",\"contentUrl\":\"https:\\\/\\\/mexicomlogistics.com\\\/wp-content\\\/uploads\\\/2018\\\/10\\\/transporte-de-carga-en-plataformas_mex_usa-canada.png\",\"width\":1417,\"height\":722},{\"@type\":\"BreadcrumbList\",\"@id\":\"https:\\\/\\\/mexicomlogistics.com\\\/es\\\/plataformas\\\/#breadcrumb\",\"itemListElement\":[{\"@type\":\"ListItem\",\"position\":1,\"name\":\"Home\",\"item\":\"https:\\\/\\\/mexicomlogistics.com\\\/es\\\/\"},{\"@type\":\"ListItem\",\"position\":2,\"name\":\"Plataformas &#8211; Flatbeds\"}]},{\"@type\":\"WebSite\",\"@id\":\"https:\\\/\\\/mexicomlogistics.com\\\/es\\\/#website\",\"url\":\"https:\\\/\\\/mexicomlogistics.com\\\/es\\\/\",\"name\":\"Mexicom Logistics\",\"description\":\"Ship with confidence\",\"publisher\":{\"@id\":\"https:\\\/\\\/mexicomlogistics.com\\\/es\\\/#organization\"},\"potentialAction\":[{\"@type\":\"SearchAction\",\"target\":{\"@type\":\"EntryPoint\",\"urlTemplate\":\"https:\\\/\\\/mexicomlogistics.com\\\/es\\\/?s={search_term_string}\"},\"query-input\":{\"@type\":\"PropertyValueSpecification\",\"valueRequired\":true,\"valueName\":\"search_term_string\"}}],\"inLanguage\":\"es\"},{\"@type\":\"Organization\",\"@id\":\"https:\\\/\\\/mexicomlogistics.com\\\/es\\\/#organization\",\"name\":\"Mexicom Logistics\",\"url\":\"https:\\\/\\\/mexicomlogistics.com\\\/es\\\/\",\"logo\":{\"@type\":\"ImageObject\",\"inLanguage\":\"es\",\"@id\":\"https:\\\/\\\/mexicomlogistics.com\\\/es\\\/#\\\/schema\\\/logo\\\/image\\\/\",\"url\":\"https:\\\/\\\/mexicomlogistics.com\\\/wp-content\\\/uploads\\\/2017\\\/03\\\/logo-white.jpg\",\"contentUrl\":\"https:\\\/\\\/mexicomlogistics.com\\\/wp-content\\\/uploads\\\/2017\\\/03\\\/logo-white.jpg\",\"width\":617,\"height\":402,\"caption\":\"Mexicom Logistics\"},\"image\":{\"@id\":\"https:\\\/\\\/mexicomlogistics.com\\\/es\\\/#\\\/schema\\\/logo\\\/image\\\/\"}}]}<\/script>\n<!-- \/ Yoast SEO plugin. -->","yoast_head_json":{"title":"Transporte de carga en Plataformas - Flatbeds - Mexicom Logistics","description":"Mexicom Logistics es tu opci\u00f3n n\u00famero uno para transportar carga en Plataformas - Flatbeds entre Canad\u00e1, Estados Unidos y M\u00e9xico.","robots":{"index":"index","follow":"follow","max-snippet":"max-snippet:-1","max-image-preview":"max-image-preview:large","max-video-preview":"max-video-preview:-1"},"canonical":"https:\/\/mexicomlogistics.com\/es\/plataformas\/","og_locale":"es_ES","og_type":"article","og_title":"Transporte de carga en Plataformas - Flatbeds - Mexicom Logistics","og_description":"Mexicom Logistics es tu opci\u00f3n n\u00famero uno para transportar carga en Plataformas - Flatbeds entre Canad\u00e1, Estados Unidos y M\u00e9xico.","og_url":"https:\/\/mexicomlogistics.com\/es\/plataformas\/","og_site_name":"Mexicom Logistics","article_modified_time":"2023-01-04T17:53:43+00:00","og_image":[{"width":1417,"height":722,"url":"https:\/\/mexicomlogistics.com\/wp-content\/uploads\/2018\/10\/transporte-de-carga-en-plataformas_mex_usa-canada.png","type":"image\/png"}],"twitter_card":"summary_large_image","twitter_misc":{"Tiempo de lectura":"3 minutos"},"schema":{"@context":"https:\/\/schema.org","@graph":[{"@type":"WebPage","@id":"https:\/\/mexicomlogistics.com\/es\/plataformas\/","url":"https:\/\/mexicomlogistics.com\/es\/plataformas\/","name":"Transporte de carga en Plataformas - Flatbeds - Mexicom Logistics","isPartOf":{"@id":"https:\/\/mexicomlogistics.com\/es\/#website"},"primaryImageOfPage":{"@id":"https:\/\/mexicomlogistics.com\/es\/plataformas\/#primaryimage"},"image":{"@id":"https:\/\/mexicomlogistics.com\/es\/plataformas\/#primaryimage"},"thumbnailUrl":"https:\/\/mexicomlogistics.com\/wp-content\/uploads\/2018\/10\/transporte-de-carga-en-plataformas_mex_usa-canada.png","datePublished":"2018-08-28T18:19:59+00:00","dateModified":"2023-01-04T17:53:43+00:00","description":"Mexicom Logistics es tu opci\u00f3n n\u00famero uno para transportar carga en Plataformas - Flatbeds entre Canad\u00e1, Estados Unidos y M\u00e9xico.","breadcrumb":{"@id":"https:\/\/mexicomlogistics.com\/es\/plataformas\/#breadcrumb"},"inLanguage":"es","potentialAction":[{"@type":"ReadAction","target":["https:\/\/mexicomlogistics.com\/es\/plataformas\/"]}]},{"@type":"ImageObject","inLanguage":"es","@id":"https:\/\/mexicomlogistics.com\/es\/plataformas\/#primaryimage","url":"https:\/\/mexicomlogistics.com\/wp-content\/uploads\/2018\/10\/transporte-de-carga-en-plataformas_mex_usa-canada.png","contentUrl":"https:\/\/mexicomlogistics.com\/wp-content\/uploads\/2018\/10\/transporte-de-carga-en-plataformas_mex_usa-canada.png","width":1417,"height":722},{"@type":"BreadcrumbList","@id":"https:\/\/mexicomlogistics.com\/es\/plataformas\/#breadcrumb","itemListElement":[{"@type":"ListItem","position":1,"name":"Home","item":"https:\/\/mexicomlogistics.com\/es\/"},{"@type":"ListItem","position":2,"name":"Plataformas &#8211; Flatbeds"}]},{"@type":"WebSite","@id":"https:\/\/mexicomlogistics.com\/es\/#website","url":"https:\/\/mexicomlogistics.com\/es\/","name":"Mexicom Logistics","description":"Ship with confidence","publisher":{"@id":"https:\/\/mexicomlogistics.com\/es\/#organization"},"potentialAction":[{"@type":"SearchAction","target":{"@type":"EntryPoint","urlTemplate":"https:\/\/mexicomlogistics.com\/es\/?s={search_term_string}"},"query-input":{"@type":"PropertyValueSpecification","valueRequired":true,"valueName":"search_term_string"}}],"inLanguage":"es"},{"@type":"Organization","@id":"https:\/\/mexicomlogistics.com\/es\/#organization","name":"Mexicom Logistics","url":"https:\/\/mexicomlogistics.com\/es\/","logo":{"@type":"ImageObject","inLanguage":"es","@id":"https:\/\/mexicomlogistics.com\/es\/#\/schema\/logo\/image\/","url":"https:\/\/mexicomlogistics.com\/wp-content\/uploads\/2017\/03\/logo-white.jpg","contentUrl":"https:\/\/mexicomlogistics.com\/wp-content\/uploads\/2017\/03\/logo-white.jpg","width":617,"height":402,"caption":"Mexicom Logistics"},"image":{"@id":"https:\/\/mexicomlogistics.com\/es\/#\/schema\/logo\/image\/"}}]}},"jetpack_sharing_enabled":true,"jetpack_shortlink":"https:\/\/wp.me\/P8vZ39-IL","_links":{"self":[{"href":"https:\/\/mexicomlogistics.com\/es\/wp-json\/wp\/v2\/pages\/2775","targetHints":{"allow":["GET"]}}],"collection":[{"href":"https:\/\/mexicomlogistics.com\/es\/wp-json\/wp\/v2\/pages"}],"about":[{"href":"https:\/\/mexicomlogistics.com\/es\/wp-json\/wp\/v2\/types\/page"}],"author":[{"embeddable":true,"href":"https:\/\/mexicomlogistics.com\/es\/wp-json\/wp\/v2\/users\/4"}],"replies":[{"embeddable":true,"href":"https:\/\/mexicomlogistics.com\/es\/wp-json\/wp\/v2\/comments?post=2775"}],"version-history":[{"count":0,"href":"https:\/\/mexicomlogistics.com\/es\/wp-json\/wp\/v2\/pages\/2775\/revisions"}],"wp:featuredmedia":[{"embeddable":true,"href":"https:\/\/mexicomlogistics.com\/es\/wp-json\/wp\/v2\/media\/4069"}],"wp:attachment":[{"href":"https:\/\/mexicomlogistics.com\/es\/wp-json\/wp\/v2\/media?parent=2775"}],"curies":[{"name":"wp","href":"https:\/\/api.w.org\/{rel}","templated":true}]}}