{"id":275,"date":"2014-01-21T11:07:27","date_gmt":"2014-01-21T16:07:27","guid":{"rendered":"http:\/\/mexicomlogistics.com\/?page_id=275"},"modified":"2014-01-21T11:07:27","modified_gmt":"2014-01-21T16:07:27","slug":"servicio-maritimo","status":"publish","type":"page","link":"https:\/\/mexicomlogistics.com\/es\/servicios\/servicio-maritimo\/","title":{"rendered":"Servicio Mar\u00edtimo"},"content":{"rendered":"<h1 style=\"padding-left:25px;\">Servicio Mar\u00edtimo<\/h1>\n<p><img loading=\"lazy\" decoding=\"async\" width=\"1000\" height=\"200\" alt=\"\" src=\"http:\/\/mexi.cashin.ca\/wp-content\/uploads\/2013\/11\/shipping.jpg\" class=\"\"><\/p>\n<div style=\"padding: 25px 25px\">\n<h3 style=\"margin-bottom:15px\">Ofrecemos un servicio de conexi\u00f3n de todos los puertos interiores desde el r\u00edo  St. Lawrence y los puertos mar\u00edtimos de Canad\u00e1 a lo largo de la costa este, hasta los puertos de Estados Unidos y del Golfo de M\u00e9xico.<\/h3>\n<p style=\"text-align: justify;\"><\/p>\n<h3 style=\"margin-bottom:25px\">Tenemos l\u00edneas regulares desde Vancouver hasta los puertos de Washington, Oregon y California en los EE.UU. a Ensenada, Manzanillo y L\u00e1zaro C\u00e1rdenas en M\u00e9xico.<\/h3>\n<h2><\/h2>\n<h2 style=\"text-align: center;\">Para proyectos especiales podemos \u201cchartear\u201d buques y coordinar el transporte terrestre, as\u00ed como los movimientos en puertos y los fletes mar\u00edtimos.<\/h2>\n<\/div>\n","protected":false},"excerpt":{"rendered":"<p>Servicio Mar\u00edtimo Ofrecemos un servicio de conexi\u00f3n de todos los puertos interiores desde el r\u00edo St. Lawrence y los puertos mar\u00edtimos de Canad\u00e1 a lo largo de la costa este, hasta los puertos de Estados Unidos y del Golfo de M\u00e9xico. Tenemos l\u00edneas regulares desde Vancouver hasta los puertos de Washington, Oregon y California en [&hellip;]<\/p>\n","protected":false},"author":1,"featured_media":0,"parent":258,"menu_order":14,"comment_status":"closed","ping_status":"closed","template":"","meta":{"content-type":"","jetpack_post_was_ever_published":false,"footnotes":""},"class_list":["post-275","page","type-page","status-publish","hentry"],"yoast_head":"<!-- This site is optimized with the Yoast SEO plugin v27.2 - https:\/\/yoast.com\/product\/yoast-seo-wordpress\/ -->\n<title>Servicio Mar\u00edtimo - Mexicom Logistics<\/title>\n<meta name=\"robots\" content=\"index, follow, max-snippet:-1, max-image-preview:large, max-video-preview:-1\" \/>\n<link rel=\"canonical\" href=\"https:\/\/mexicomlogistics.com\/es\/servicios\/servicio-maritimo\/\" \/>\n<meta property=\"og:locale\" content=\"es_ES\" \/>\n<meta property=\"og:type\" content=\"article\" \/>\n<meta property=\"og:title\" content=\"Servicio Mar\u00edtimo - Mexicom Logistics\" \/>\n<meta property=\"og:description\" content=\"Servicio Mar\u00edtimo Ofrecemos un servicio de conexi\u00f3n de todos los puertos interiores desde el r\u00edo St. Lawrence y los puertos mar\u00edtimos de Canad\u00e1 a lo largo de la costa este, hasta los puertos de Estados Unidos y del Golfo de M\u00e9xico. Tenemos l\u00edneas regulares desde Vancouver hasta los puertos de Washington, Oregon y California en [&hellip;]\" \/>\n<meta property=\"og:url\" content=\"https:\/\/mexicomlogistics.com\/es\/servicios\/servicio-maritimo\/\" \/>\n<meta property=\"og:site_name\" content=\"Mexicom Logistics\" \/>\n<meta property=\"og:image\" content=\"http:\/\/mexi.cashin.ca\/wp-content\/uploads\/2013\/11\/shipping.jpg\" \/>\n<meta name=\"twitter:card\" content=\"summary_large_image\" \/>\n<script type=\"application\/ld+json\" class=\"yoast-schema-graph\">{\"@context\":\"https:\/\/schema.org\",\"@graph\":[{\"@type\":\"WebPage\",\"@id\":\"https:\/\/mexicomlogistics.com\/es\/servicios\/servicio-maritimo\/\",\"url\":\"https:\/\/mexicomlogistics.com\/es\/servicios\/servicio-maritimo\/\",\"name\":\"Servicio Mar\u00edtimo - Mexicom Logistics\",\"isPartOf\":{\"@id\":\"https:\/\/mexicomlogistics.com\/es\/#website\"},\"primaryImageOfPage\":{\"@id\":\"https:\/\/mexicomlogistics.com\/es\/servicios\/servicio-maritimo\/#primaryimage\"},\"image\":{\"@id\":\"https:\/\/mexicomlogistics.com\/es\/servicios\/servicio-maritimo\/#primaryimage\"},\"thumbnailUrl\":\"http:\/\/mexi.cashin.ca\/wp-content\/uploads\/2013\/11\/shipping.jpg\",\"datePublished\":\"2014-01-21T16:07:27+00:00\",\"breadcrumb\":{\"@id\":\"https:\/\/mexicomlogistics.com\/es\/servicios\/servicio-maritimo\/#breadcrumb\"},\"inLanguage\":\"es\",\"potentialAction\":[{\"@type\":\"ReadAction\",\"target\":[\"https:\/\/mexicomlogistics.com\/es\/servicios\/servicio-maritimo\/\"]}]},{\"@type\":\"ImageObject\",\"inLanguage\":\"es\",\"@id\":\"https:\/\/mexicomlogistics.com\/es\/servicios\/servicio-maritimo\/#primaryimage\",\"url\":\"http:\/\/mexi.cashin.ca\/wp-content\/uploads\/2013\/11\/shipping.jpg\",\"contentUrl\":\"http:\/\/mexi.cashin.ca\/wp-content\/uploads\/2013\/11\/shipping.jpg\"},{\"@type\":\"BreadcrumbList\",\"@id\":\"https:\/\/mexicomlogistics.com\/es\/servicios\/servicio-maritimo\/#breadcrumb\",\"itemListElement\":[{\"@type\":\"ListItem\",\"position\":1,\"name\":\"Home\",\"item\":\"https:\/\/mexicomlogistics.com\/es\/\"},{\"@type\":\"ListItem\",\"position\":2,\"name\":\"Servicios\",\"item\":\"https:\/\/mexicomlogistics.com\/es\/servicios\/\"},{\"@type\":\"ListItem\",\"position\":3,\"name\":\"Servicio Mar\u00edtimo\"}]},{\"@type\":\"WebSite\",\"@id\":\"https:\/\/mexicomlogistics.com\/es\/#website\",\"url\":\"https:\/\/mexicomlogistics.com\/es\/\",\"name\":\"Mexicom Logistics\",\"description\":\"Ship with confidence\",\"publisher\":{\"@id\":\"https:\/\/mexicomlogistics.com\/es\/#organization\"},\"potentialAction\":[{\"@type\":\"SearchAction\",\"target\":{\"@type\":\"EntryPoint\",\"urlTemplate\":\"https:\/\/mexicomlogistics.com\/es\/?s={search_term_string}\"},\"query-input\":{\"@type\":\"PropertyValueSpecification\",\"valueRequired\":true,\"valueName\":\"search_term_string\"}}],\"inLanguage\":\"es\"},{\"@type\":\"Organization\",\"@id\":\"https:\/\/mexicomlogistics.com\/es\/#organization\",\"name\":\"Mexicom Logistics\",\"url\":\"https:\/\/mexicomlogistics.com\/es\/\",\"logo\":{\"@type\":\"ImageObject\",\"inLanguage\":\"es\",\"@id\":\"https:\/\/mexicomlogistics.com\/es\/#\/schema\/logo\/image\/\",\"url\":\"https:\/\/mexicomlogistics.com\/wp-content\/uploads\/2017\/03\/logo-white.jpg\",\"contentUrl\":\"https:\/\/mexicomlogistics.com\/wp-content\/uploads\/2017\/03\/logo-white.jpg\",\"width\":617,\"height\":402,\"caption\":\"Mexicom Logistics\"},\"image\":{\"@id\":\"https:\/\/mexicomlogistics.com\/es\/#\/schema\/logo\/image\/\"}}]}<\/script>\n<!-- \/ Yoast SEO plugin. -->","yoast_head_json":{"title":"Servicio Mar\u00edtimo - Mexicom Logistics","robots":{"index":"index","follow":"follow","max-snippet":"max-snippet:-1","max-image-preview":"max-image-preview:large","max-video-preview":"max-video-preview:-1"},"canonical":"https:\/\/mexicomlogistics.com\/es\/servicios\/servicio-maritimo\/","og_locale":"es_ES","og_type":"article","og_title":"Servicio Mar\u00edtimo - Mexicom Logistics","og_description":"Servicio Mar\u00edtimo Ofrecemos un servicio de conexi\u00f3n de todos los puertos interiores desde el r\u00edo St. Lawrence y los puertos mar\u00edtimos de Canad\u00e1 a lo largo de la costa este, hasta los puertos de Estados Unidos y del Golfo de M\u00e9xico. Tenemos l\u00edneas regulares desde Vancouver hasta los puertos de Washington, Oregon y California en [&hellip;]","og_url":"https:\/\/mexicomlogistics.com\/es\/servicios\/servicio-maritimo\/","og_site_name":"Mexicom Logistics","og_image":[{"url":"http:\/\/mexi.cashin.ca\/wp-content\/uploads\/2013\/11\/shipping.jpg","type":"","width":"","height":""}],"twitter_card":"summary_large_image","schema":{"@context":"https:\/\/schema.org","@graph":[{"@type":"WebPage","@id":"https:\/\/mexicomlogistics.com\/es\/servicios\/servicio-maritimo\/","url":"https:\/\/mexicomlogistics.com\/es\/servicios\/servicio-maritimo\/","name":"Servicio Mar\u00edtimo - Mexicom Logistics","isPartOf":{"@id":"https:\/\/mexicomlogistics.com\/es\/#website"},"primaryImageOfPage":{"@id":"https:\/\/mexicomlogistics.com\/es\/servicios\/servicio-maritimo\/#primaryimage"},"image":{"@id":"https:\/\/mexicomlogistics.com\/es\/servicios\/servicio-maritimo\/#primaryimage"},"thumbnailUrl":"http:\/\/mexi.cashin.ca\/wp-content\/uploads\/2013\/11\/shipping.jpg","datePublished":"2014-01-21T16:07:27+00:00","breadcrumb":{"@id":"https:\/\/mexicomlogistics.com\/es\/servicios\/servicio-maritimo\/#breadcrumb"},"inLanguage":"es","potentialAction":[{"@type":"ReadAction","target":["https:\/\/mexicomlogistics.com\/es\/servicios\/servicio-maritimo\/"]}]},{"@type":"ImageObject","inLanguage":"es","@id":"https:\/\/mexicomlogistics.com\/es\/servicios\/servicio-maritimo\/#primaryimage","url":"http:\/\/mexi.cashin.ca\/wp-content\/uploads\/2013\/11\/shipping.jpg","contentUrl":"http:\/\/mexi.cashin.ca\/wp-content\/uploads\/2013\/11\/shipping.jpg"},{"@type":"BreadcrumbList","@id":"https:\/\/mexicomlogistics.com\/es\/servicios\/servicio-maritimo\/#breadcrumb","itemListElement":[{"@type":"ListItem","position":1,"name":"Home","item":"https:\/\/mexicomlogistics.com\/es\/"},{"@type":"ListItem","position":2,"name":"Servicios","item":"https:\/\/mexicomlogistics.com\/es\/servicios\/"},{"@type":"ListItem","position":3,"name":"Servicio Mar\u00edtimo"}]},{"@type":"WebSite","@id":"https:\/\/mexicomlogistics.com\/es\/#website","url":"https:\/\/mexicomlogistics.com\/es\/","name":"Mexicom Logistics","description":"Ship with confidence","publisher":{"@id":"https:\/\/mexicomlogistics.com\/es\/#organization"},"potentialAction":[{"@type":"SearchAction","target":{"@type":"EntryPoint","urlTemplate":"https:\/\/mexicomlogistics.com\/es\/?s={search_term_string}"},"query-input":{"@type":"PropertyValueSpecification","valueRequired":true,"valueName":"search_term_string"}}],"inLanguage":"es"},{"@type":"Organization","@id":"https:\/\/mexicomlogistics.com\/es\/#organization","name":"Mexicom Logistics","url":"https:\/\/mexicomlogistics.com\/es\/","logo":{"@type":"ImageObject","inLanguage":"es","@id":"https:\/\/mexicomlogistics.com\/es\/#\/schema\/logo\/image\/","url":"https:\/\/mexicomlogistics.com\/wp-content\/uploads\/2017\/03\/logo-white.jpg","contentUrl":"https:\/\/mexicomlogistics.com\/wp-content\/uploads\/2017\/03\/logo-white.jpg","width":617,"height":402,"caption":"Mexicom Logistics"},"image":{"@id":"https:\/\/mexicomlogistics.com\/es\/#\/schema\/logo\/image\/"}}]}},"jetpack_sharing_enabled":true,"jetpack_shortlink":"https:\/\/wp.me\/P8vZ39-4r","_links":{"self":[{"href":"https:\/\/mexicomlogistics.com\/es\/wp-json\/wp\/v2\/pages\/275","targetHints":{"allow":["GET"]}}],"collection":[{"href":"https:\/\/mexicomlogistics.com\/es\/wp-json\/wp\/v2\/pages"}],"about":[{"href":"https:\/\/mexicomlogistics.com\/es\/wp-json\/wp\/v2\/types\/page"}],"author":[{"embeddable":true,"href":"https:\/\/mexicomlogistics.com\/es\/wp-json\/wp\/v2\/users\/1"}],"replies":[{"embeddable":true,"href":"https:\/\/mexicomlogistics.com\/es\/wp-json\/wp\/v2\/comments?post=275"}],"version-history":[{"count":0,"href":"https:\/\/mexicomlogistics.com\/es\/wp-json\/wp\/v2\/pages\/275\/revisions"}],"up":[{"embeddable":true,"href":"https:\/\/mexicomlogistics.com\/es\/wp-json\/wp\/v2\/pages\/258"}],"wp:attachment":[{"href":"https:\/\/mexicomlogistics.com\/es\/wp-json\/wp\/v2\/media?parent=275"}],"curies":[{"name":"wp","href":"https:\/\/api.w.org\/{rel}","templated":true}]}}