{"id":273,"date":"2013-11-27T11:17:53","date_gmt":"2013-11-27T16:17:53","guid":{"rendered":"http:\/\/mexicomlogistics.com\/?page_id=273"},"modified":"2024-02-29T14:54:07","modified_gmt":"2024-02-29T19:54:07","slug":"almacenamiento-distribucion","status":"publish","type":"page","link":"https:\/\/mexicomlogistics.com\/es\/servicios\/almacenamiento-distribucion\/","title":{"rendered":"Almacenamiento y Distribuci\u00f3n"},"content":{"rendered":"<div class=\"wpb-content-wrapper\">[vc_row][vc_column][vc_empty_space][layerslider_vc id=\u00bb20&#8243;][mk_padding_divider size=\u00bb20&#8243;][\/vc_column][\/vc_row][vc_row css=\u00bb.vc_custom_1594059997704{padding-top: 15px !important;padding-bottom: 15px !important;background-color: #ffffff !important;}\u00bb][vc_column][vc_row_inner][vc_column_inner width=\u00bb2\/3&#8243;][mk_padding_divider size=\u00bb50&#8243;][vc_column_text el_class=\u00bbwarehouse-text-1&#8243; css=\u00bb.vc_custom_1708450869888{margin-bottom: 0px !important;}\u00bb]Mexicom Logistics cuenta con centros de distribuci\u00f3n ubicados estrat\u00e9gicamente en:<\/p>\n<ul>\n<li>Montreal QC<\/li>\n<li>Hebron KY<\/li>\n<li>Los Angeles CA<\/li>\n<li>Laredo TX<\/li>\n<li>CDMX<\/li>\n<\/ul>\n<p><span style=\"font-weight: 400;\">Y estamos listos para encontrar y preparar un almac\u00e9n con la ubicaci\u00f3n que m\u00e1s convenga a las necesidades de nuestros clientes, en cualquier punto de M\u00e9xico, Estados Unidos y Canad\u00e1.<\/span><\/p>\n<p>Tambi\u00e9n proveemos almacenamiento y manejo de carga en puntos fronterizos de Norteam\u00e9rica, as\u00ed como servicios de consolidaci\u00f3n de carga para los clientes que cuentan con diversos proveedores.[\/vc_column_text][\/vc_column_inner][vc_column_inner width=\u00bb1\/3&#8243;][vc_empty_space][vc_single_image image=\u00bb12991&#8243; img_size=\u00bbfull\u00bb][\/vc_column_inner][\/vc_row_inner][vc_empty_space][vc_separator][\/vc_column][\/vc_row][mk_page_section][vc_column][vc_empty_space][vc_empty_space][vc_column_text css=\u00bb.vc_custom_1708450940553{margin-bottom: 0px !important;}\u00bb]\n<h2 style=\"text-align: center;\"><span style=\"color: #008080;\">NUEVO ALMAC\u00c9N EN LAREDO, TEXAS<\/span><\/h2>\n[\/vc_column_text][mk_divider style=\u00bbthick_solid\u00bb divider_width=\u00bbcustom_width\u00bb custom_width=\u00bb87&#8243; margin_top=\u00bb10&#8243; margin_bottom=\u00bb30&#8243;][vc_row_inner][vc_column_inner width=\u00bb1\/4&#8243;][\/vc_column_inner][vc_column_inner width=\u00bb1\/2&#8243;][vc_empty_space][vc_column_text css=\u00bb.vc_custom_1708450955326{margin-bottom: 0px !important;}\u00bb]\n<p style=\"text-align: center;\">Estamos emocionados de anunciar nuestro proyecto m\u00e1s reciente: la construcci\u00f3n de un almac\u00e9n completamente nuevo en Laredo, dise\u00f1ado espec\u00edficamente para mejorar la capacidad de nuestros servicios. Esta instalaci\u00f3n contar\u00e1 con una amplia \u00e1rea de almacenamiento de <strong>43,000 pies cuadrados<\/strong>\u00a0y tendr\u00e1\u00a0<strong>17 plataformas de carga<\/strong>, destacando a\u00fan m\u00e1s nuestro compromiso con un servicio \u00f3ptimo de calidad.<\/p>\n[\/vc_column_text][vc_empty_space][\/vc_column_inner][vc_column_inner width=\u00bb1\/4&#8243;][\/vc_column_inner][\/vc_row_inner][\/vc_column][\/mk_page_section][mk_page_section][vc_column][vc_empty_space][vc_empty_space][vc_column_text css=\u00bb.vc_custom_1708450972076{margin-bottom: 0px !important;}\u00bb]\n<h3 style=\"text-align: center;\"><span style=\"color: #008080;\">DESCUBRE NUESTRO NUEVO ALMAC\u00c9N EN LAREDO<\/span><\/h3>\n[\/vc_column_text][vc_empty_space][mk_image_slideshow images=\u00bb20179,20183,20189,20192,20195,20198,20214,20217,20220,20223,20226&#8243; image_width=\u00bb1200&#8243; image_height=\u00bb800&#8243; effect=\u00bbslide\u00bb slideshow_speed=\u00bb3000&#8243;][vc_empty_space][vc_row_inner][vc_column_inner width=\u00bb1\/6&#8243;][\/vc_column_inner][vc_column_inner width=\u00bb1\/3&#8243;][vc_empty_space][vc_column_text css=\u00bb.vc_custom_1708450984977{margin-bottom: 0px !important;}\u00bb]\n<h3 style=\"text-align: center;\"><span style=\"color: #008080;\"><b>ASPECTOS DESTACADOS<\/b><\/span><\/h3>\n[\/vc_column_text][vc_empty_space height=\u00bb12px\u00bb][vc_column_text css=\u00bb.vc_custom_1708451018979{margin-bottom: 0px !important;}\u00bb]\n<ul>\n<li style=\"font-weight: 400;\" aria-level=\"1\"><span style=\"font-weight: 400;\">Espacio Total: 4,009 Acres<\/span><\/li>\n<li style=\"font-weight: 400;\" aria-level=\"1\"><span style=\"font-weight: 400;\">Espacio de Almacenamiento: 43,000 Pies Cuadrados<\/span><\/li>\n<li style=\"font-weight: 400;\" aria-level=\"1\"><span style=\"font-weight: 400;\">Altura Libre: 24 Pies<\/span><\/li>\n<li style=\"font-weight: 400;\" aria-level=\"1\"><span style=\"font-weight: 400;\">2 Pasillos de Estanter\u00edas + 8 Zonas de Almacenamiento (+2 Hazmat)<\/span><\/li>\n<li style=\"font-weight: 400;\" aria-level=\"1\"><span style=\"font-weight: 400;\">Sistema Avanzado de Ventilaci\u00f3n El\u00e9ctrica<\/span><\/li>\n<li style=\"font-weight: 400;\" aria-level=\"1\"><span style=\"font-weight: 400;\">Vigilancia de Video de Alta Definici\u00f3n 24\/7<\/span><\/li>\n<li style=\"font-weight: 400;\" aria-level=\"1\"><span style=\"font-weight: 400;\">17 Muelles de Carga con Niveladores + Rampa<\/span><\/li>\n<li style=\"font-weight: 400;\" aria-level=\"1\"><span style=\"font-weight: 400;\">Acceso Controlado<\/span><\/li>\n<li style=\"font-weight: 400;\" aria-level=\"1\"><span style=\"font-weight: 400;\">Espacio de Estacionamiento para 60 Remolques<\/span><\/li>\n<li style=\"font-weight: 400;\" aria-level=\"1\"><span style=\"font-weight: 400;\">Completamente Cubierto con Wi-Fi Seguro de Alta Velocidad<\/span><\/li>\n<li style=\"font-weight: 400;\" aria-level=\"1\"><span style=\"font-weight: 400;\">2,500 Pies Cuadrados de Oficinas<\/span><\/li>\n<\/ul>\n[\/vc_column_text][\/vc_column_inner][vc_column_inner width=\u00bb1\/3&#8243;][vc_empty_space][vc_column_text css=\u00bb.vc_custom_1708450997489{margin-bottom: 0px !important;}\u00bb]\n<h3 style=\"text-align: center;\"><span style=\"color: #008080;\"><b>CARACTER\u00cdSTICAS ESPECIALES<\/b><\/span><\/h3>\n[\/vc_column_text][vc_empty_space height=\u00bb12px\u00bb][vc_column_text css=\u00bb.vc_custom_1708451029579{margin-bottom: 0px !important;}\u00bb]\n<ul>\n<li style=\"font-weight: 400;\" aria-level=\"1\"><span style=\"font-weight: 400;\">Almacenamiento Certificado para Materiales Peligrosos (Hazmat)<\/span><\/li>\n<li style=\"font-weight: 400;\" aria-level=\"1\"><span style=\"font-weight: 400;\">Configuraci\u00f3n de Ducha de Emergencia para los Ojos<\/span><\/li>\n<li style=\"font-weight: 400;\" aria-level=\"1\"><span style=\"font-weight: 400;\">Configuraci\u00f3n de Ducha de Emergencia Completa<\/span><\/li>\n<li style=\"font-weight: 400;\" aria-level=\"1\"><span style=\"font-weight: 400;\">Equipo Entrenado para Manejar Contenedores, Paletas y Sacos<\/span><\/li>\n<li style=\"font-weight: 400;\" aria-level=\"1\"><span style=\"font-weight: 400;\">Zonas Especiales para Manejar y Reparar Da\u00f1os<\/span><\/li>\n<li style=\"font-weight: 400;\" aria-level=\"1\"><span style=\"font-weight: 400;\">Cerca del Puente de Cruce de Columbia<\/span><\/li>\n<\/ul>\n[\/vc_column_text][vc_empty_space][\/vc_column_inner][vc_column_inner width=\u00bb1\/6&#8243;][\/vc_column_inner][\/vc_row_inner][\/vc_column][\/mk_page_section][vc_row][vc_column][vc_empty_space][\/vc_column][vc_column width=\u00bb1\/6&#8243;][\/vc_column][vc_column width=\u00bb2\/3&#8243;][vc_empty_space][vc_empty_space][vc_column_text css=\u00bb.vc_custom_1708451047784{margin-bottom: 0px !important;}\u00bb]\n<h3 style=\"text-align: center;\"><span style=\"color: #008080;\"><b>SISTEMA DE GESTI\u00d3N DE ALMAC\u00c9N <i>(WMS)<\/i><\/b><\/span><\/h3>\n[\/vc_column_text][vc_empty_space][vc_column_text css=\u00bb.vc_custom_1708451059354{margin-bottom: 0px !important;}\u00bb]\n<ul>\n<li style=\"font-weight: 400;\" aria-level=\"1\"><span style=\"font-weight: 400;\">Basado en la Nube de \u00daltima Generaci\u00f3n<\/span><\/li>\n<li style=\"font-weight: 400;\" aria-level=\"1\"><span style=\"font-weight: 400;\">Im\u00e1genes de todas las Actividades de Transcarga<\/span><\/li>\n<li style=\"font-weight: 400;\" aria-level=\"1\"><span style=\"font-weight: 400;\">Notificaciones de Recepci\u00f3n y Env\u00edo a los Clientes con Im\u00e1genes<\/span><\/li>\n<li style=\"font-weight: 400;\" aria-level=\"1\"><span style=\"font-weight: 400;\">Gesti\u00f3n de Inventario desde el Nivel de Pallet hasta el Nivel de SKU<\/span><\/li>\n<li style=\"font-weight: 400;\" aria-level=\"1\"><span style=\"font-weight: 400;\">Totalmente Automatizado<\/span><\/li>\n<li style=\"font-weight: 400;\" aria-level=\"1\"><span style=\"font-weight: 400;\">Sistema de Informes Avanzado seg\u00fan los Requisitos del Cliente<\/span><\/li>\n<li style=\"font-weight: 400;\" aria-level=\"1\">Conexi\u00f3n al Sistema de Gesti\u00f3n de Transporte del Grupo <i>(TMS)<\/i><\/li>\n<\/ul>\n[\/vc_column_text][vc_empty_space][vc_empty_space][\/vc_column][vc_column width=\u00bb1\/6&#8243;][\/vc_column][\/vc_row][vc_row][vc_column][vc_empty_space height=\u00bb60px\u00bb][vc_empty_space height=\u00bb60px\u00bb][vc_column_text css=\u00bb.vc_custom_1708451090960{margin-bottom: 0px !important;}\u00bb]\n<h3 style=\"text-align: center;\"><strong><span style=\"color: #008080;\">\u00a1Echa un vistazo a nuestro projecto!<\/span><\/strong><\/h3>\n[\/vc_column_text][vc_empty_space][vc_video host=\u00bbself_hosted\u00bb mp4=\u00bbhttps:\/\/mexicomlogistics.com\/wp-content\/uploads\/2024\/02\/outside-mexicom-2-2.mp4&#8243;][vc_empty_space height=\u00bb60px\u00bb][vc_empty_space height=\u00bb60px\u00bb][vc_empty_space height=\u00bb60px\u00bb][\/vc_column][\/vc_row][vc_row][vc_column width=\u00bb1\/6&#8243;][\/vc_column][vc_column width=\u00bb2\/3&#8243;][vc_empty_space][vc_empty_space][vc_empty_space][vc_single_image image=\u00bb20102&#8243; img_size=\u00bbfull\u00bb title=\u00bbCentros de almacenamiento por todo Estados Unidos\u00bb][vc_empty_space height=\u00bb45px\u00bb][vc_column_text css=\u00bb.vc_custom_1708451122042{margin-bottom: 0px !important;}\u00bb]\n<h4 style=\"text-align: right;\"><strong><span style=\"color: #008080;\">Estamos listos para establecer nuevos centros de distribuci\u00f3n en los Estados Unidos seg\u00fan sus necesidades.<\/span><\/strong><\/h4>\n[\/vc_column_text][vc_empty_space][vc_empty_space height=\u00bb60px\u00bb][mk_divider][vc_empty_space height=\u00bb60px\u00bb][\/vc_column][vc_column width=\u00bb1\/6&#8243;][\/vc_column][\/vc_row][vc_row][vc_column width=\u00bb2\/6&#8243;][vc_empty_space height=\u00bb60px\u00bb][vc_empty_space height=\u00bb60px\u00bb][vc_column_text css=\u00bb.vc_custom_1708451139986{margin-bottom: 0px !important;}\u00bb]\n<h3 style=\"text-align: center;\"><span style=\"color: #008080;\">UBICACI\u00d3N<\/span><\/h3>\n[\/vc_column_text][vc_column_text css=\u00bb.vc_custom_1708447243928{margin-bottom: 0px !important;}\u00bb]\n<p style=\"text-align: center;\">4002 QUIVIRA DR.<br \/>\nLaredo, Texas<br \/>\n78045<\/p>\n[\/vc_column_text][mk_button dimension=\u00bboutline\u00bb corner_style=\u00bbfull_rounded\u00bb size=\u00bbmedium\u00bb icon_anim=\u00bbside\u00bb url=\u00bbhttps:\/\/maps.app.goo.gl\/vD75miGunLz8TdBN9&#8243; target=\u00bb_blank\u00bb align=\u00bbcenter\u00bb outline_skin=\u00bbcustom\u00bb outline_active_text_color=\u00bb#de0c14&#8243; outline_hover_bg_color=\u00bb#de0c14&#8243; outline_hover_color=\u00bb#ffffff\u00bb]Ubicaci\u00f3n en mapa[\/mk_button][vc_empty_space height=\u00bb60px\u00bb][\/vc_column][vc_column width=\u00bb3\/6&#8243;][vc_empty_space][vc_single_image image=\u00bb20063&#8243; img_size=\u00bbfull\u00bb][\/vc_column][vc_column width=\u00bb1\/6&#8243;][\/vc_column][\/vc_row]\n<\/div>","protected":false},"excerpt":{"rendered":"<p>[vc_row][vc_column][vc_empty_space][layerslider_vc id=\u00bb20&#8243;][mk_padding_divider size=\u00bb20&#8243;][\/vc_column][\/vc_row][vc_row css=\u00bb.vc_custom_1594059997704{padding-top: 15px !important;padding-bottom: 15px !important;background-color: #ffffff !important;}\u00bb][vc_column][vc_row_inner][vc_column_inner width=\u00bb2\/3&#8243;][mk_padding_divider size=\u00bb50&#8243;][vc_column_text el_class=\u00bbwarehouse-text-1&#8243; css=\u00bb.vc_custom_1708450869888{margin-bottom: 0px !important;}\u00bb]Mexicom Logistics cuenta con centros de distribuci\u00f3n ubicados estrat\u00e9gicamente en: Montreal QC Hebron KY Los Angeles CA Laredo TX CDMX Y estamos listos para encontrar y preparar un almac\u00e9n con la ubicaci\u00f3n que m\u00e1s convenga a las necesidades de nuestros [&hellip;]<\/p>\n","protected":false},"author":1,"featured_media":0,"parent":258,"menu_order":13,"comment_status":"closed","ping_status":"closed","template":"","meta":{"content-type":"","jetpack_post_was_ever_published":false,"footnotes":""},"class_list":["post-273","page","type-page","status-publish","hentry"],"yoast_head":"<!-- This site is optimized with the Yoast SEO plugin v27.3 - https:\/\/yoast.com\/product\/yoast-seo-wordpress\/ -->\n<title>Almacenamiento y Distribuci\u00f3n - Mexicom Logistics<\/title>\n<meta name=\"robots\" content=\"index, follow, max-snippet:-1, max-image-preview:large, max-video-preview:-1\" \/>\n<link rel=\"canonical\" href=\"https:\/\/mexicomlogistics.com\/es\/servicios\/almacenamiento-distribucion\/\" \/>\n<meta property=\"og:locale\" content=\"es_ES\" \/>\n<meta property=\"og:type\" content=\"article\" \/>\n<meta property=\"og:title\" content=\"Almacenamiento y Distribuci\u00f3n - Mexicom Logistics\" \/>\n<meta property=\"og:description\" content=\"[vc_row][vc_column][vc_empty_space][layerslider_vc id=\u00bb20&#8243;][mk_padding_divider size=\u00bb20&#8243;][\/vc_column][\/vc_row][vc_row css=\u00bb.vc_custom_1594059997704{padding-top: 15px !important;padding-bottom: 15px !important;background-color: #ffffff !important;}\u00bb][vc_column][vc_row_inner][vc_column_inner width=\u00bb2\/3&#8243;][mk_padding_divider size=\u00bb50&#8243;][vc_column_text el_class=\u00bbwarehouse-text-1&#8243; css=\u00bb.vc_custom_1708450869888{margin-bottom: 0px !important;}\u00bb]Mexicom Logistics cuenta con centros de distribuci\u00f3n ubicados estrat\u00e9gicamente en: Montreal QC Hebron KY Los Angeles CA Laredo TX CDMX Y estamos listos para encontrar y preparar un almac\u00e9n con la ubicaci\u00f3n que m\u00e1s convenga a las necesidades de nuestros [&hellip;]\" \/>\n<meta property=\"og:url\" content=\"https:\/\/mexicomlogistics.com\/es\/servicios\/almacenamiento-distribucion\/\" \/>\n<meta property=\"og:site_name\" content=\"Mexicom Logistics\" \/>\n<meta property=\"article:modified_time\" content=\"2024-02-29T19:54:07+00:00\" \/>\n<meta name=\"twitter:card\" content=\"summary_large_image\" \/>\n<meta name=\"twitter:label1\" content=\"Tiempo de lectura\" \/>\n\t<meta name=\"twitter:data1\" content=\"4 minutos\" \/>\n<script type=\"application\/ld+json\" class=\"yoast-schema-graph\">{\"@context\":\"https:\\\/\\\/schema.org\",\"@graph\":[{\"@type\":\"WebPage\",\"@id\":\"https:\\\/\\\/mexicomlogistics.com\\\/es\\\/servicios\\\/almacenamiento-distribucion\\\/\",\"url\":\"https:\\\/\\\/mexicomlogistics.com\\\/es\\\/servicios\\\/almacenamiento-distribucion\\\/\",\"name\":\"Almacenamiento y Distribuci\u00f3n - Mexicom Logistics\",\"isPartOf\":{\"@id\":\"https:\\\/\\\/mexicomlogistics.com\\\/es\\\/#website\"},\"datePublished\":\"2013-11-27T16:17:53+00:00\",\"dateModified\":\"2024-02-29T19:54:07+00:00\",\"breadcrumb\":{\"@id\":\"https:\\\/\\\/mexicomlogistics.com\\\/es\\\/servicios\\\/almacenamiento-distribucion\\\/#breadcrumb\"},\"inLanguage\":\"es\",\"potentialAction\":[{\"@type\":\"ReadAction\",\"target\":[\"https:\\\/\\\/mexicomlogistics.com\\\/es\\\/servicios\\\/almacenamiento-distribucion\\\/\"]}]},{\"@type\":\"BreadcrumbList\",\"@id\":\"https:\\\/\\\/mexicomlogistics.com\\\/es\\\/servicios\\\/almacenamiento-distribucion\\\/#breadcrumb\",\"itemListElement\":[{\"@type\":\"ListItem\",\"position\":1,\"name\":\"Home\",\"item\":\"https:\\\/\\\/mexicomlogistics.com\\\/es\\\/\"},{\"@type\":\"ListItem\",\"position\":2,\"name\":\"Servicios\",\"item\":\"https:\\\/\\\/mexicomlogistics.com\\\/es\\\/servicios\\\/\"},{\"@type\":\"ListItem\",\"position\":3,\"name\":\"Almacenamiento y Distribuci\u00f3n\"}]},{\"@type\":\"WebSite\",\"@id\":\"https:\\\/\\\/mexicomlogistics.com\\\/es\\\/#website\",\"url\":\"https:\\\/\\\/mexicomlogistics.com\\\/es\\\/\",\"name\":\"Mexicom Logistics\",\"description\":\"Ship with confidence\",\"publisher\":{\"@id\":\"https:\\\/\\\/mexicomlogistics.com\\\/es\\\/#organization\"},\"potentialAction\":[{\"@type\":\"SearchAction\",\"target\":{\"@type\":\"EntryPoint\",\"urlTemplate\":\"https:\\\/\\\/mexicomlogistics.com\\\/es\\\/?s={search_term_string}\"},\"query-input\":{\"@type\":\"PropertyValueSpecification\",\"valueRequired\":true,\"valueName\":\"search_term_string\"}}],\"inLanguage\":\"es\"},{\"@type\":\"Organization\",\"@id\":\"https:\\\/\\\/mexicomlogistics.com\\\/es\\\/#organization\",\"name\":\"Mexicom Logistics\",\"url\":\"https:\\\/\\\/mexicomlogistics.com\\\/es\\\/\",\"logo\":{\"@type\":\"ImageObject\",\"inLanguage\":\"es\",\"@id\":\"https:\\\/\\\/mexicomlogistics.com\\\/es\\\/#\\\/schema\\\/logo\\\/image\\\/\",\"url\":\"https:\\\/\\\/mexicomlogistics.com\\\/wp-content\\\/uploads\\\/2017\\\/03\\\/logo-white.jpg\",\"contentUrl\":\"https:\\\/\\\/mexicomlogistics.com\\\/wp-content\\\/uploads\\\/2017\\\/03\\\/logo-white.jpg\",\"width\":617,\"height\":402,\"caption\":\"Mexicom Logistics\"},\"image\":{\"@id\":\"https:\\\/\\\/mexicomlogistics.com\\\/es\\\/#\\\/schema\\\/logo\\\/image\\\/\"}}]}<\/script>\n<!-- \/ Yoast SEO plugin. -->","yoast_head_json":{"title":"Almacenamiento y Distribuci\u00f3n - Mexicom Logistics","robots":{"index":"index","follow":"follow","max-snippet":"max-snippet:-1","max-image-preview":"max-image-preview:large","max-video-preview":"max-video-preview:-1"},"canonical":"https:\/\/mexicomlogistics.com\/es\/servicios\/almacenamiento-distribucion\/","og_locale":"es_ES","og_type":"article","og_title":"Almacenamiento y Distribuci\u00f3n - Mexicom Logistics","og_description":"[vc_row][vc_column][vc_empty_space][layerslider_vc id=\u00bb20&#8243;][mk_padding_divider size=\u00bb20&#8243;][\/vc_column][\/vc_row][vc_row css=\u00bb.vc_custom_1594059997704{padding-top: 15px !important;padding-bottom: 15px !important;background-color: #ffffff !important;}\u00bb][vc_column][vc_row_inner][vc_column_inner width=\u00bb2\/3&#8243;][mk_padding_divider size=\u00bb50&#8243;][vc_column_text el_class=\u00bbwarehouse-text-1&#8243; css=\u00bb.vc_custom_1708450869888{margin-bottom: 0px !important;}\u00bb]Mexicom Logistics cuenta con centros de distribuci\u00f3n ubicados estrat\u00e9gicamente en: Montreal QC Hebron KY Los Angeles CA Laredo TX CDMX Y estamos listos para encontrar y preparar un almac\u00e9n con la ubicaci\u00f3n que m\u00e1s convenga a las necesidades de nuestros [&hellip;]","og_url":"https:\/\/mexicomlogistics.com\/es\/servicios\/almacenamiento-distribucion\/","og_site_name":"Mexicom Logistics","article_modified_time":"2024-02-29T19:54:07+00:00","twitter_card":"summary_large_image","twitter_misc":{"Tiempo de lectura":"4 minutos"},"schema":{"@context":"https:\/\/schema.org","@graph":[{"@type":"WebPage","@id":"https:\/\/mexicomlogistics.com\/es\/servicios\/almacenamiento-distribucion\/","url":"https:\/\/mexicomlogistics.com\/es\/servicios\/almacenamiento-distribucion\/","name":"Almacenamiento y Distribuci\u00f3n - Mexicom Logistics","isPartOf":{"@id":"https:\/\/mexicomlogistics.com\/es\/#website"},"datePublished":"2013-11-27T16:17:53+00:00","dateModified":"2024-02-29T19:54:07+00:00","breadcrumb":{"@id":"https:\/\/mexicomlogistics.com\/es\/servicios\/almacenamiento-distribucion\/#breadcrumb"},"inLanguage":"es","potentialAction":[{"@type":"ReadAction","target":["https:\/\/mexicomlogistics.com\/es\/servicios\/almacenamiento-distribucion\/"]}]},{"@type":"BreadcrumbList","@id":"https:\/\/mexicomlogistics.com\/es\/servicios\/almacenamiento-distribucion\/#breadcrumb","itemListElement":[{"@type":"ListItem","position":1,"name":"Home","item":"https:\/\/mexicomlogistics.com\/es\/"},{"@type":"ListItem","position":2,"name":"Servicios","item":"https:\/\/mexicomlogistics.com\/es\/servicios\/"},{"@type":"ListItem","position":3,"name":"Almacenamiento y Distribuci\u00f3n"}]},{"@type":"WebSite","@id":"https:\/\/mexicomlogistics.com\/es\/#website","url":"https:\/\/mexicomlogistics.com\/es\/","name":"Mexicom Logistics","description":"Ship with confidence","publisher":{"@id":"https:\/\/mexicomlogistics.com\/es\/#organization"},"potentialAction":[{"@type":"SearchAction","target":{"@type":"EntryPoint","urlTemplate":"https:\/\/mexicomlogistics.com\/es\/?s={search_term_string}"},"query-input":{"@type":"PropertyValueSpecification","valueRequired":true,"valueName":"search_term_string"}}],"inLanguage":"es"},{"@type":"Organization","@id":"https:\/\/mexicomlogistics.com\/es\/#organization","name":"Mexicom Logistics","url":"https:\/\/mexicomlogistics.com\/es\/","logo":{"@type":"ImageObject","inLanguage":"es","@id":"https:\/\/mexicomlogistics.com\/es\/#\/schema\/logo\/image\/","url":"https:\/\/mexicomlogistics.com\/wp-content\/uploads\/2017\/03\/logo-white.jpg","contentUrl":"https:\/\/mexicomlogistics.com\/wp-content\/uploads\/2017\/03\/logo-white.jpg","width":617,"height":402,"caption":"Mexicom Logistics"},"image":{"@id":"https:\/\/mexicomlogistics.com\/es\/#\/schema\/logo\/image\/"}}]}},"jetpack_sharing_enabled":true,"jetpack_shortlink":"https:\/\/wp.me\/P8vZ39-4p","_links":{"self":[{"href":"https:\/\/mexicomlogistics.com\/es\/wp-json\/wp\/v2\/pages\/273","targetHints":{"allow":["GET"]}}],"collection":[{"href":"https:\/\/mexicomlogistics.com\/es\/wp-json\/wp\/v2\/pages"}],"about":[{"href":"https:\/\/mexicomlogistics.com\/es\/wp-json\/wp\/v2\/types\/page"}],"author":[{"embeddable":true,"href":"https:\/\/mexicomlogistics.com\/es\/wp-json\/wp\/v2\/users\/1"}],"replies":[{"embeddable":true,"href":"https:\/\/mexicomlogistics.com\/es\/wp-json\/wp\/v2\/comments?post=273"}],"version-history":[{"count":0,"href":"https:\/\/mexicomlogistics.com\/es\/wp-json\/wp\/v2\/pages\/273\/revisions"}],"up":[{"embeddable":true,"href":"https:\/\/mexicomlogistics.com\/es\/wp-json\/wp\/v2\/pages\/258"}],"wp:attachment":[{"href":"https:\/\/mexicomlogistics.com\/es\/wp-json\/wp\/v2\/media?parent=273"}],"curies":[{"name":"wp","href":"https:\/\/api.w.org\/{rel}","templated":true}]}}