{"id":268,"date":"2014-01-21T11:01:20","date_gmt":"2014-01-21T16:01:20","guid":{"rendered":"http:\/\/mexicomlogistics.com\/?page_id=268"},"modified":"2014-01-21T11:01:20","modified_gmt":"2014-01-21T16:01:20","slug":"transporte-terrestre","status":"publish","type":"page","link":"https:\/\/mexicomlogistics.com\/es\/servicios\/transporte-terrestre\/","title":{"rendered":"Transporte Terrestre"},"content":{"rendered":"<br \/>\n<h1 style=\"padding-left:25px;\">Transporte Terrestre<\/h1>\n<p><img loading=\"lazy\" decoding=\"async\" src=\"http:\/\/mexi.cashin.ca\/wp-content\/uploads\/2013\/12\/trucking.jpg\" alt=\"trucking\" width=\"1000\" height=\"200\" class=\"alignnone size-full wp-image-105\" srcset=\"https:\/\/mexicomlogistics.com\/wp-content\/uploads\/2013\/12\/trucking.jpg 1000w, https:\/\/mexicomlogistics.com\/wp-content\/uploads\/2013\/12\/trucking-300x60.jpg 300w, https:\/\/mexicomlogistics.com\/wp-content\/uploads\/2013\/12\/trucking-768x154.jpg 768w\" sizes=\"auto, (max-width: 1000px) 100vw, 1000px\" \/><\/p>\n<div style=\"padding: 25px 25px\">\n<h3>Cuando requiera transportar carga seca, refrigerada o bajo temperatura controlada,&nbsp;<\/h3>\n<h3 style=\"margin-bottom:15px\">contamos con las unidades y la disponibilidad que usted necesita para sus embarques.<\/h3>\n<p style=\"text-align: justify;\"><\/p>\n<p style=\"text-align: justify;\">Tenemos experiencia comprobada con las industrias m\u00e1s demandantes como la automotriz, la farmac\u00e9utica y la electr\u00f3nica. Cubrimos sus expectativas y sus necesidades.<\/p>\n<p><\/p>\n<p>Ofrecemos:<\/p>\n<ul>\n<li>Una amplia red de empresas que cuentan con certificaci\u00f3n C-TPAT,  permisos de tr\u00e1nsito, as\u00ed como sistemas de seguimiento y rastreo 24\/7<\/li>\n<li>Transportistas de confianza probada en env\u00edos en tr\u00e1nsitos con origen y destino internacionales<\/li>\n<li>R\u00e1pidas y \u00e1giles expediciones en cruces fronterizos<\/li>\n<li>Servicios a transbordo de equipos Canadienses o Estadounidenses a equipos Mexicanos y viceversa, para mejorar tarifas<\/li>\n<li>Disponibilidad de cualquier equipo especializado<\/li>\n<li>Los mejores transportistas para cargas en cajas completas y para cargas consolidadas<\/li>\n<li>Permisos para mover materiales peligrosos<\/li>\n<\/ul>\n<p>Cargas en cajas completas<\/p>\n<ul>\n<li>Servicio directo y puerta a puerta en cualquier destino Mexicano<\/li>\n<li>Servicio de cruce fronterizo, sin complicaciones y con manejo de la carga<\/li>\n<\/ul>\n<p>Cargas consolidadas<\/p>\n<ul>\n<li>Transportistas especializados que ofrecen servicios diarios entre Laredo, Texas y:<\/li>\n<li style=\"list-style: none\">\n<p style=\"padding-left: 40px;\">\u25cb Los \u00c1ngeles, California<\/p>\n<p style=\"padding-left: 40px;\">\u25cb Chicago, Illinois<\/p>\n<p style=\"padding-left: 40px;\">\u25cb Nueva York y alrededores<\/p>\n<p style=\"padding-left: 40px;\">\u25cb Toronto y la provincia de Ontario<\/p>\n<p style=\"padding-left: 40px;\">\u25cb Montreal y la provincial de Quebec<\/p>\n<\/li>\n<li>Servicio de cargas parciales como,  \u00bd caja o \u00bc de caja<\/li>\n<\/ul>\n<p>Plataformas y equipos especializados<\/p>\n<ul>\n<li>Plataformas para mover cargas con exceso de peso y dimensiones<\/li>\n<li>Lonas, cortinas, bandas para amarres o cualquier otro equipo especializado que usted necesite, solamente tiene que solicit\u00e1rnoslo<\/li>\n<\/ul>\n<p>Equipos con sobrepeso y sobredimensiones<\/p>\n<ul>\n<li>Contamos con servicio de carga y descarga<\/li>\n<li>Camas bajas regulares Ca\u00edda sencilla Doble-ca\u00edda RGN T\u00e1ndems<\/li>\n<\/ul>\n<\/div>\n","protected":false},"excerpt":{"rendered":"<p>Transporte Terrestre Cuando requiera transportar carga seca, refrigerada o bajo temperatura controlada,&nbsp; contamos con las unidades y la disponibilidad que usted necesita para sus embarques. Tenemos experiencia comprobada con las industrias m\u00e1s demandantes como la automotriz, la farmac\u00e9utica y la electr\u00f3nica. Cubrimos sus expectativas y sus necesidades. Ofrecemos: Una amplia red de empresas que cuentan [&hellip;]<\/p>\n","protected":false},"author":1,"featured_media":0,"parent":258,"menu_order":11,"comment_status":"closed","ping_status":"closed","template":"","meta":{"content-type":"","jetpack_post_was_ever_published":false,"footnotes":""},"class_list":["post-268","page","type-page","status-publish","hentry"],"yoast_head":"<!-- This site is optimized with the Yoast SEO plugin v27.3 - https:\/\/yoast.com\/product\/yoast-seo-wordpress\/ -->\n<title>Transporte Terrestre - Mexicom Logistics<\/title>\n<meta name=\"robots\" content=\"index, follow, max-snippet:-1, max-image-preview:large, max-video-preview:-1\" \/>\n<link rel=\"canonical\" href=\"https:\/\/mexicomlogistics.com\/es\/servicios\/transporte-terrestre\/\" \/>\n<meta property=\"og:locale\" content=\"es_ES\" \/>\n<meta property=\"og:type\" content=\"article\" \/>\n<meta property=\"og:title\" content=\"Transporte Terrestre - Mexicom Logistics\" \/>\n<meta property=\"og:description\" content=\"Transporte Terrestre Cuando requiera transportar carga seca, refrigerada o bajo temperatura controlada,&nbsp; contamos con las unidades y la disponibilidad que usted necesita para sus embarques. Tenemos experiencia comprobada con las industrias m\u00e1s demandantes como la automotriz, la farmac\u00e9utica y la electr\u00f3nica. Cubrimos sus expectativas y sus necesidades. Ofrecemos: Una amplia red de empresas que cuentan [&hellip;]\" \/>\n<meta property=\"og:url\" content=\"https:\/\/mexicomlogistics.com\/es\/servicios\/transporte-terrestre\/\" \/>\n<meta property=\"og:site_name\" content=\"Mexicom Logistics\" \/>\n<meta property=\"og:image\" content=\"http:\/\/mexi.cashin.ca\/wp-content\/uploads\/2013\/12\/trucking.jpg\" \/>\n<meta name=\"twitter:card\" content=\"summary_large_image\" \/>\n<meta name=\"twitter:label1\" content=\"Tiempo de lectura\" \/>\n\t<meta name=\"twitter:data1\" content=\"1 minuto\" \/>\n<script type=\"application\/ld+json\" class=\"yoast-schema-graph\">{\"@context\":\"https:\\\/\\\/schema.org\",\"@graph\":[{\"@type\":\"WebPage\",\"@id\":\"https:\\\/\\\/mexicomlogistics.com\\\/es\\\/servicios\\\/transporte-terrestre\\\/\",\"url\":\"https:\\\/\\\/mexicomlogistics.com\\\/es\\\/servicios\\\/transporte-terrestre\\\/\",\"name\":\"Transporte Terrestre - Mexicom Logistics\",\"isPartOf\":{\"@id\":\"https:\\\/\\\/mexicomlogistics.com\\\/es\\\/#website\"},\"primaryImageOfPage\":{\"@id\":\"https:\\\/\\\/mexicomlogistics.com\\\/es\\\/servicios\\\/transporte-terrestre\\\/#primaryimage\"},\"image\":{\"@id\":\"https:\\\/\\\/mexicomlogistics.com\\\/es\\\/servicios\\\/transporte-terrestre\\\/#primaryimage\"},\"thumbnailUrl\":\"http:\\\/\\\/mexi.cashin.ca\\\/wp-content\\\/uploads\\\/2013\\\/12\\\/trucking.jpg\",\"datePublished\":\"2014-01-21T16:01:20+00:00\",\"breadcrumb\":{\"@id\":\"https:\\\/\\\/mexicomlogistics.com\\\/es\\\/servicios\\\/transporte-terrestre\\\/#breadcrumb\"},\"inLanguage\":\"es\",\"potentialAction\":[{\"@type\":\"ReadAction\",\"target\":[\"https:\\\/\\\/mexicomlogistics.com\\\/es\\\/servicios\\\/transporte-terrestre\\\/\"]}]},{\"@type\":\"ImageObject\",\"inLanguage\":\"es\",\"@id\":\"https:\\\/\\\/mexicomlogistics.com\\\/es\\\/servicios\\\/transporte-terrestre\\\/#primaryimage\",\"url\":\"http:\\\/\\\/mexi.cashin.ca\\\/wp-content\\\/uploads\\\/2013\\\/12\\\/trucking.jpg\",\"contentUrl\":\"http:\\\/\\\/mexi.cashin.ca\\\/wp-content\\\/uploads\\\/2013\\\/12\\\/trucking.jpg\"},{\"@type\":\"BreadcrumbList\",\"@id\":\"https:\\\/\\\/mexicomlogistics.com\\\/es\\\/servicios\\\/transporte-terrestre\\\/#breadcrumb\",\"itemListElement\":[{\"@type\":\"ListItem\",\"position\":1,\"name\":\"Home\",\"item\":\"https:\\\/\\\/mexicomlogistics.com\\\/es\\\/\"},{\"@type\":\"ListItem\",\"position\":2,\"name\":\"Servicios\",\"item\":\"https:\\\/\\\/mexicomlogistics.com\\\/es\\\/servicios\\\/\"},{\"@type\":\"ListItem\",\"position\":3,\"name\":\"Transporte Terrestre\"}]},{\"@type\":\"WebSite\",\"@id\":\"https:\\\/\\\/mexicomlogistics.com\\\/es\\\/#website\",\"url\":\"https:\\\/\\\/mexicomlogistics.com\\\/es\\\/\",\"name\":\"Mexicom Logistics\",\"description\":\"Ship with confidence\",\"publisher\":{\"@id\":\"https:\\\/\\\/mexicomlogistics.com\\\/es\\\/#organization\"},\"potentialAction\":[{\"@type\":\"SearchAction\",\"target\":{\"@type\":\"EntryPoint\",\"urlTemplate\":\"https:\\\/\\\/mexicomlogistics.com\\\/es\\\/?s={search_term_string}\"},\"query-input\":{\"@type\":\"PropertyValueSpecification\",\"valueRequired\":true,\"valueName\":\"search_term_string\"}}],\"inLanguage\":\"es\"},{\"@type\":\"Organization\",\"@id\":\"https:\\\/\\\/mexicomlogistics.com\\\/es\\\/#organization\",\"name\":\"Mexicom Logistics\",\"url\":\"https:\\\/\\\/mexicomlogistics.com\\\/es\\\/\",\"logo\":{\"@type\":\"ImageObject\",\"inLanguage\":\"es\",\"@id\":\"https:\\\/\\\/mexicomlogistics.com\\\/es\\\/#\\\/schema\\\/logo\\\/image\\\/\",\"url\":\"https:\\\/\\\/mexicomlogistics.com\\\/wp-content\\\/uploads\\\/2017\\\/03\\\/logo-white.jpg\",\"contentUrl\":\"https:\\\/\\\/mexicomlogistics.com\\\/wp-content\\\/uploads\\\/2017\\\/03\\\/logo-white.jpg\",\"width\":617,\"height\":402,\"caption\":\"Mexicom Logistics\"},\"image\":{\"@id\":\"https:\\\/\\\/mexicomlogistics.com\\\/es\\\/#\\\/schema\\\/logo\\\/image\\\/\"}}]}<\/script>\n<!-- \/ Yoast SEO plugin. -->","yoast_head_json":{"title":"Transporte Terrestre - Mexicom Logistics","robots":{"index":"index","follow":"follow","max-snippet":"max-snippet:-1","max-image-preview":"max-image-preview:large","max-video-preview":"max-video-preview:-1"},"canonical":"https:\/\/mexicomlogistics.com\/es\/servicios\/transporte-terrestre\/","og_locale":"es_ES","og_type":"article","og_title":"Transporte Terrestre - Mexicom Logistics","og_description":"Transporte Terrestre Cuando requiera transportar carga seca, refrigerada o bajo temperatura controlada,&nbsp; contamos con las unidades y la disponibilidad que usted necesita para sus embarques. Tenemos experiencia comprobada con las industrias m\u00e1s demandantes como la automotriz, la farmac\u00e9utica y la electr\u00f3nica. Cubrimos sus expectativas y sus necesidades. Ofrecemos: Una amplia red de empresas que cuentan [&hellip;]","og_url":"https:\/\/mexicomlogistics.com\/es\/servicios\/transporte-terrestre\/","og_site_name":"Mexicom Logistics","og_image":[{"url":"http:\/\/mexi.cashin.ca\/wp-content\/uploads\/2013\/12\/trucking.jpg","type":"","width":"","height":""}],"twitter_card":"summary_large_image","twitter_misc":{"Tiempo de lectura":"1 minuto"},"schema":{"@context":"https:\/\/schema.org","@graph":[{"@type":"WebPage","@id":"https:\/\/mexicomlogistics.com\/es\/servicios\/transporte-terrestre\/","url":"https:\/\/mexicomlogistics.com\/es\/servicios\/transporte-terrestre\/","name":"Transporte Terrestre - Mexicom Logistics","isPartOf":{"@id":"https:\/\/mexicomlogistics.com\/es\/#website"},"primaryImageOfPage":{"@id":"https:\/\/mexicomlogistics.com\/es\/servicios\/transporte-terrestre\/#primaryimage"},"image":{"@id":"https:\/\/mexicomlogistics.com\/es\/servicios\/transporte-terrestre\/#primaryimage"},"thumbnailUrl":"http:\/\/mexi.cashin.ca\/wp-content\/uploads\/2013\/12\/trucking.jpg","datePublished":"2014-01-21T16:01:20+00:00","breadcrumb":{"@id":"https:\/\/mexicomlogistics.com\/es\/servicios\/transporte-terrestre\/#breadcrumb"},"inLanguage":"es","potentialAction":[{"@type":"ReadAction","target":["https:\/\/mexicomlogistics.com\/es\/servicios\/transporte-terrestre\/"]}]},{"@type":"ImageObject","inLanguage":"es","@id":"https:\/\/mexicomlogistics.com\/es\/servicios\/transporte-terrestre\/#primaryimage","url":"http:\/\/mexi.cashin.ca\/wp-content\/uploads\/2013\/12\/trucking.jpg","contentUrl":"http:\/\/mexi.cashin.ca\/wp-content\/uploads\/2013\/12\/trucking.jpg"},{"@type":"BreadcrumbList","@id":"https:\/\/mexicomlogistics.com\/es\/servicios\/transporte-terrestre\/#breadcrumb","itemListElement":[{"@type":"ListItem","position":1,"name":"Home","item":"https:\/\/mexicomlogistics.com\/es\/"},{"@type":"ListItem","position":2,"name":"Servicios","item":"https:\/\/mexicomlogistics.com\/es\/servicios\/"},{"@type":"ListItem","position":3,"name":"Transporte Terrestre"}]},{"@type":"WebSite","@id":"https:\/\/mexicomlogistics.com\/es\/#website","url":"https:\/\/mexicomlogistics.com\/es\/","name":"Mexicom Logistics","description":"Ship with confidence","publisher":{"@id":"https:\/\/mexicomlogistics.com\/es\/#organization"},"potentialAction":[{"@type":"SearchAction","target":{"@type":"EntryPoint","urlTemplate":"https:\/\/mexicomlogistics.com\/es\/?s={search_term_string}"},"query-input":{"@type":"PropertyValueSpecification","valueRequired":true,"valueName":"search_term_string"}}],"inLanguage":"es"},{"@type":"Organization","@id":"https:\/\/mexicomlogistics.com\/es\/#organization","name":"Mexicom Logistics","url":"https:\/\/mexicomlogistics.com\/es\/","logo":{"@type":"ImageObject","inLanguage":"es","@id":"https:\/\/mexicomlogistics.com\/es\/#\/schema\/logo\/image\/","url":"https:\/\/mexicomlogistics.com\/wp-content\/uploads\/2017\/03\/logo-white.jpg","contentUrl":"https:\/\/mexicomlogistics.com\/wp-content\/uploads\/2017\/03\/logo-white.jpg","width":617,"height":402,"caption":"Mexicom Logistics"},"image":{"@id":"https:\/\/mexicomlogistics.com\/es\/#\/schema\/logo\/image\/"}}]}},"jetpack_sharing_enabled":true,"jetpack_shortlink":"https:\/\/wp.me\/P8vZ39-4k","_links":{"self":[{"href":"https:\/\/mexicomlogistics.com\/es\/wp-json\/wp\/v2\/pages\/268","targetHints":{"allow":["GET"]}}],"collection":[{"href":"https:\/\/mexicomlogistics.com\/es\/wp-json\/wp\/v2\/pages"}],"about":[{"href":"https:\/\/mexicomlogistics.com\/es\/wp-json\/wp\/v2\/types\/page"}],"author":[{"embeddable":true,"href":"https:\/\/mexicomlogistics.com\/es\/wp-json\/wp\/v2\/users\/1"}],"replies":[{"embeddable":true,"href":"https:\/\/mexicomlogistics.com\/es\/wp-json\/wp\/v2\/comments?post=268"}],"version-history":[{"count":0,"href":"https:\/\/mexicomlogistics.com\/es\/wp-json\/wp\/v2\/pages\/268\/revisions"}],"up":[{"embeddable":true,"href":"https:\/\/mexicomlogistics.com\/es\/wp-json\/wp\/v2\/pages\/258"}],"wp:attachment":[{"href":"https:\/\/mexicomlogistics.com\/es\/wp-json\/wp\/v2\/media?parent=268"}],"curies":[{"name":"wp","href":"https:\/\/api.w.org\/{rel}","templated":true}]}}