{"id":266,"date":"2014-01-21T12:04:39","date_gmt":"2014-01-21T17:04:39","guid":{"rendered":"http:\/\/mexicomlogistics.com\/?page_id=266"},"modified":"2014-01-21T12:04:39","modified_gmt":"2014-01-21T17:04:39","slug":"historia-de-la-compania","status":"publish","type":"page","link":"https:\/\/mexicomlogistics.com\/es\/historia-de-la-compania\/","title":{"rendered":"Historia de la Compa\u00f1\u00eda"},"content":{"rendered":"<br \/>\n<h1 style=\"padding-left:25px;\">Historia de la Compa\u00f1\u00eda<\/h1>\n<div style=\"padding: 25px 25px\">\n<h3>En 1998, cuando Mexicom Logistics se estableci\u00f3 en la Ciudad de M\u00e9xico,&nbsp;<\/h3>\n<h3 style=\"margin-bottom:20px\">aprendimos r\u00e1pidamente sobre las complejidades de la transportaci\u00f3n en Norteam\u00e9rica.&nbsp;<\/h3>\n<p><\/p>\n<p style=\"text-align: justify; margin-bottom:20px\">Ahora, con nuestra sede en Montreal, continuamos construyendo redes s\u00f3lidas con compa\u00f1\u00edas seguras, de confianza, que se esfuerzan por estar a la vanguardia de la log\u00edstica del transporte.<\/p>\n<p style=\"text-align: justify; margin-bottom:20px\"\">Cumplimos con todos los par\u00e1metros canadienses y estadounidenses, adem\u00e1s usamos nuestros conocimientos y experiencia, para servirle de acuerdo a sus necesidades de transporte desde y hacia M\u00e9xico. Trabajamos continuamente para comprender sus necesidades de transportaci\u00f3n, mientras que mejoramos nuestras redes, adoptamos nuevas tecnolog\u00edas y nos mantenemos al d\u00eda con nuevos procesos.&nbsp;<\/p>\n<p><\/p>\n<h2 style=\"text-align: center;\">Si usted tiene un cargamento complejo de transportar o un embarque de \u00faltima hora, tenemos la experiencia y las soluciones para llevarlo a cabo.<\/h2>\n<\/div>\n","protected":false},"excerpt":{"rendered":"<p>Historia de la Compa\u00f1\u00eda En 1998, cuando Mexicom Logistics se estableci\u00f3 en la Ciudad de M\u00e9xico,&nbsp; aprendimos r\u00e1pidamente sobre las complejidades de la transportaci\u00f3n en Norteam\u00e9rica.&nbsp; Ahora, con nuestra sede en Montreal, continuamos construyendo redes s\u00f3lidas con compa\u00f1\u00edas seguras, de confianza, que se esfuerzan por estar a la vanguardia de la log\u00edstica del transporte.<\/p>\n","protected":false},"author":1,"featured_media":0,"parent":0,"menu_order":50,"comment_status":"closed","ping_status":"closed","template":"","meta":{"content-type":"","jetpack_post_was_ever_published":false,"footnotes":""},"class_list":["post-266","page","type-page","status-publish","hentry"],"yoast_head":"<!-- This site is optimized with the Yoast SEO plugin v27.3 - https:\/\/yoast.com\/product\/yoast-seo-wordpress\/ -->\n<title>Historia de la Compa\u00f1\u00eda - Mexicom Logistics<\/title>\n<meta name=\"robots\" content=\"index, follow, max-snippet:-1, max-image-preview:large, max-video-preview:-1\" \/>\n<link rel=\"canonical\" href=\"https:\/\/mexicomlogistics.com\/es\/historia-de-la-compania\/\" \/>\n<meta property=\"og:locale\" content=\"es_ES\" \/>\n<meta property=\"og:type\" content=\"article\" \/>\n<meta property=\"og:title\" content=\"Historia de la Compa\u00f1\u00eda - Mexicom Logistics\" \/>\n<meta property=\"og:description\" content=\"Historia de la Compa\u00f1\u00eda En 1998, cuando Mexicom Logistics se estableci\u00f3 en la Ciudad de M\u00e9xico,&nbsp; aprendimos r\u00e1pidamente sobre las complejidades de la transportaci\u00f3n en Norteam\u00e9rica.&nbsp; Ahora, con nuestra sede en Montreal, continuamos construyendo redes s\u00f3lidas con compa\u00f1\u00edas seguras, de confianza, que se esfuerzan por estar a la vanguardia de la log\u00edstica del transporte.\" \/>\n<meta property=\"og:url\" content=\"https:\/\/mexicomlogistics.com\/es\/historia-de-la-compania\/\" \/>\n<meta property=\"og:site_name\" content=\"Mexicom Logistics\" \/>\n<meta name=\"twitter:card\" content=\"summary_large_image\" \/>\n<script type=\"application\/ld+json\" class=\"yoast-schema-graph\">{\"@context\":\"https:\\\/\\\/schema.org\",\"@graph\":[{\"@type\":\"WebPage\",\"@id\":\"https:\\\/\\\/mexicomlogistics.com\\\/es\\\/historia-de-la-compania\\\/\",\"url\":\"https:\\\/\\\/mexicomlogistics.com\\\/es\\\/historia-de-la-compania\\\/\",\"name\":\"Historia de la Compa\u00f1\u00eda - Mexicom Logistics\",\"isPartOf\":{\"@id\":\"https:\\\/\\\/mexicomlogistics.com\\\/es\\\/#website\"},\"datePublished\":\"2014-01-21T17:04:39+00:00\",\"breadcrumb\":{\"@id\":\"https:\\\/\\\/mexicomlogistics.com\\\/es\\\/historia-de-la-compania\\\/#breadcrumb\"},\"inLanguage\":\"es\",\"potentialAction\":[{\"@type\":\"ReadAction\",\"target\":[\"https:\\\/\\\/mexicomlogistics.com\\\/es\\\/historia-de-la-compania\\\/\"]}]},{\"@type\":\"BreadcrumbList\",\"@id\":\"https:\\\/\\\/mexicomlogistics.com\\\/es\\\/historia-de-la-compania\\\/#breadcrumb\",\"itemListElement\":[{\"@type\":\"ListItem\",\"position\":1,\"name\":\"Home\",\"item\":\"https:\\\/\\\/mexicomlogistics.com\\\/es\\\/\"},{\"@type\":\"ListItem\",\"position\":2,\"name\":\"Historia de la Compa\u00f1\u00eda\"}]},{\"@type\":\"WebSite\",\"@id\":\"https:\\\/\\\/mexicomlogistics.com\\\/es\\\/#website\",\"url\":\"https:\\\/\\\/mexicomlogistics.com\\\/es\\\/\",\"name\":\"Mexicom Logistics\",\"description\":\"Ship with confidence\",\"publisher\":{\"@id\":\"https:\\\/\\\/mexicomlogistics.com\\\/es\\\/#organization\"},\"potentialAction\":[{\"@type\":\"SearchAction\",\"target\":{\"@type\":\"EntryPoint\",\"urlTemplate\":\"https:\\\/\\\/mexicomlogistics.com\\\/es\\\/?s={search_term_string}\"},\"query-input\":{\"@type\":\"PropertyValueSpecification\",\"valueRequired\":true,\"valueName\":\"search_term_string\"}}],\"inLanguage\":\"es\"},{\"@type\":\"Organization\",\"@id\":\"https:\\\/\\\/mexicomlogistics.com\\\/es\\\/#organization\",\"name\":\"Mexicom Logistics\",\"url\":\"https:\\\/\\\/mexicomlogistics.com\\\/es\\\/\",\"logo\":{\"@type\":\"ImageObject\",\"inLanguage\":\"es\",\"@id\":\"https:\\\/\\\/mexicomlogistics.com\\\/es\\\/#\\\/schema\\\/logo\\\/image\\\/\",\"url\":\"https:\\\/\\\/mexicomlogistics.com\\\/wp-content\\\/uploads\\\/2017\\\/03\\\/logo-white.jpg\",\"contentUrl\":\"https:\\\/\\\/mexicomlogistics.com\\\/wp-content\\\/uploads\\\/2017\\\/03\\\/logo-white.jpg\",\"width\":617,\"height\":402,\"caption\":\"Mexicom Logistics\"},\"image\":{\"@id\":\"https:\\\/\\\/mexicomlogistics.com\\\/es\\\/#\\\/schema\\\/logo\\\/image\\\/\"}}]}<\/script>\n<!-- \/ Yoast SEO plugin. -->","yoast_head_json":{"title":"Historia de la Compa\u00f1\u00eda - Mexicom Logistics","robots":{"index":"index","follow":"follow","max-snippet":"max-snippet:-1","max-image-preview":"max-image-preview:large","max-video-preview":"max-video-preview:-1"},"canonical":"https:\/\/mexicomlogistics.com\/es\/historia-de-la-compania\/","og_locale":"es_ES","og_type":"article","og_title":"Historia de la Compa\u00f1\u00eda - Mexicom Logistics","og_description":"Historia de la Compa\u00f1\u00eda En 1998, cuando Mexicom Logistics se estableci\u00f3 en la Ciudad de M\u00e9xico,&nbsp; aprendimos r\u00e1pidamente sobre las complejidades de la transportaci\u00f3n en Norteam\u00e9rica.&nbsp; Ahora, con nuestra sede en Montreal, continuamos construyendo redes s\u00f3lidas con compa\u00f1\u00edas seguras, de confianza, que se esfuerzan por estar a la vanguardia de la log\u00edstica del transporte.","og_url":"https:\/\/mexicomlogistics.com\/es\/historia-de-la-compania\/","og_site_name":"Mexicom Logistics","twitter_card":"summary_large_image","schema":{"@context":"https:\/\/schema.org","@graph":[{"@type":"WebPage","@id":"https:\/\/mexicomlogistics.com\/es\/historia-de-la-compania\/","url":"https:\/\/mexicomlogistics.com\/es\/historia-de-la-compania\/","name":"Historia de la Compa\u00f1\u00eda - Mexicom Logistics","isPartOf":{"@id":"https:\/\/mexicomlogistics.com\/es\/#website"},"datePublished":"2014-01-21T17:04:39+00:00","breadcrumb":{"@id":"https:\/\/mexicomlogistics.com\/es\/historia-de-la-compania\/#breadcrumb"},"inLanguage":"es","potentialAction":[{"@type":"ReadAction","target":["https:\/\/mexicomlogistics.com\/es\/historia-de-la-compania\/"]}]},{"@type":"BreadcrumbList","@id":"https:\/\/mexicomlogistics.com\/es\/historia-de-la-compania\/#breadcrumb","itemListElement":[{"@type":"ListItem","position":1,"name":"Home","item":"https:\/\/mexicomlogistics.com\/es\/"},{"@type":"ListItem","position":2,"name":"Historia de la Compa\u00f1\u00eda"}]},{"@type":"WebSite","@id":"https:\/\/mexicomlogistics.com\/es\/#website","url":"https:\/\/mexicomlogistics.com\/es\/","name":"Mexicom Logistics","description":"Ship with confidence","publisher":{"@id":"https:\/\/mexicomlogistics.com\/es\/#organization"},"potentialAction":[{"@type":"SearchAction","target":{"@type":"EntryPoint","urlTemplate":"https:\/\/mexicomlogistics.com\/es\/?s={search_term_string}"},"query-input":{"@type":"PropertyValueSpecification","valueRequired":true,"valueName":"search_term_string"}}],"inLanguage":"es"},{"@type":"Organization","@id":"https:\/\/mexicomlogistics.com\/es\/#organization","name":"Mexicom Logistics","url":"https:\/\/mexicomlogistics.com\/es\/","logo":{"@type":"ImageObject","inLanguage":"es","@id":"https:\/\/mexicomlogistics.com\/es\/#\/schema\/logo\/image\/","url":"https:\/\/mexicomlogistics.com\/wp-content\/uploads\/2017\/03\/logo-white.jpg","contentUrl":"https:\/\/mexicomlogistics.com\/wp-content\/uploads\/2017\/03\/logo-white.jpg","width":617,"height":402,"caption":"Mexicom Logistics"},"image":{"@id":"https:\/\/mexicomlogistics.com\/es\/#\/schema\/logo\/image\/"}}]}},"jetpack_sharing_enabled":true,"jetpack_shortlink":"https:\/\/wp.me\/P8vZ39-4i","_links":{"self":[{"href":"https:\/\/mexicomlogistics.com\/es\/wp-json\/wp\/v2\/pages\/266","targetHints":{"allow":["GET"]}}],"collection":[{"href":"https:\/\/mexicomlogistics.com\/es\/wp-json\/wp\/v2\/pages"}],"about":[{"href":"https:\/\/mexicomlogistics.com\/es\/wp-json\/wp\/v2\/types\/page"}],"author":[{"embeddable":true,"href":"https:\/\/mexicomlogistics.com\/es\/wp-json\/wp\/v2\/users\/1"}],"replies":[{"embeddable":true,"href":"https:\/\/mexicomlogistics.com\/es\/wp-json\/wp\/v2\/comments?post=266"}],"version-history":[{"count":0,"href":"https:\/\/mexicomlogistics.com\/es\/wp-json\/wp\/v2\/pages\/266\/revisions"}],"wp:attachment":[{"href":"https:\/\/mexicomlogistics.com\/es\/wp-json\/wp\/v2\/media?parent=266"}],"curies":[{"name":"wp","href":"https:\/\/api.w.org\/{rel}","templated":true}]}}