{"id":264,"date":"2014-01-21T11:28:20","date_gmt":"2014-01-21T16:28:20","guid":{"rendered":"http:\/\/mexicomlogistics.com\/?page_id=264"},"modified":"2021-03-23T14:04:44","modified_gmt":"2021-03-23T18:04:44","slug":"contactenos","status":"publish","type":"page","link":"https:\/\/mexicomlogistics.com\/es\/contactenos\/","title":{"rendered":"Cont\u00e1ctanos"},"content":{"rendered":"<div class=\"wpb-content-wrapper\">[mk_page_section video_opacity=\u00bb0.1&#8243; top_shape_color=\u00bb#ffffff\u00bb bottom_shape_color=\u00bb#ffffff\u00bb visibility=\u00bbhidden-sm\u00bb sidebar=\u00bbsidebar-1&#8243;][vc_column][\/vc_column][vc_column css=\u00bb.vc_custom_1568308364719{background-image: url(https:\/\/mexicomlogistics.com\/wp-content\/uploads\/2019\/09\/contact-mexicom-logistics-.jpg?id=9706) !important;background-position: center !important;background-repeat: no-repeat !important;background-size: cover !important;}\u00bb][mk_padding_divider size=\u00bb50&#8243;][mk_padding_divider size=\u00bb50&#8243;][mk_fancy_title font_family=\u00bbnone\u00bb]\n<h1 style=\"text-align: center;\">\u00bfTienes un proyecto de transporte espec\u00edfico?<\/h1>\n<h1 style=\"text-align: center;\">Cont\u00e1ctanos<\/h1>\n[\/mk_fancy_title][mk_padding_divider size=\u00bb50&#8243;][mk_padding_divider size=\u00bb50&#8243;][\/vc_column][\/mk_page_section][mk_page_section video_opacity=\u00bb0.1&#8243; top_shape_color=\u00bb#ffffff\u00bb bottom_shape_color=\u00bb#ffffff\u00bb visibility=\u00bbvisible-sm\u00bb sidebar=\u00bbsidebar-1&#8243;][vc_column][\/vc_column][vc_column css=\u00bb.vc_custom_1568308364719{background-image: url(https:\/\/mexicomlogistics.com\/wp-content\/uploads\/2019\/09\/contact-mexicom-logistics-.jpg?id=9706) !important;background-position: center !important;background-repeat: no-repeat !important;background-size: cover !important;}\u00bb][mk_padding_divider size=\u00bb50&#8243;][mk_padding_divider size=\u00bb50&#8243;][mk_fancy_title font_family=\u00bbnone\u00bb]\n<h2 style=\"text-align: center;\">\u00bfTienes un proyecto de transporte espec\u00edfico?<\/h2>\n[\/mk_fancy_title][mk_padding_divider size=\u00bb50&#8243;][mk_padding_divider size=\u00bb50&#8243;][\/vc_column][\/mk_page_section][mk_page_section video_opacity=\u00bb0.1&#8243; top_shape_color=\u00bb#ffffff\u00bb bottom_shape_color=\u00bb#ffffff\u00bb visibility=\u00bbhidden-sm\u00bb sidebar=\u00bbsidebar-1&#8243;][vc_column][vc_column_text css=\u00bb.vc_custom_1568315814057{margin-bottom: 0px !important;}\u00bb]\n<h5 style=\"text-align: center;\">Escr\u00edbenos o ll\u00e1manos,<br \/>\nen breve\u00a0 estaremos en contacto contigo.<\/h5>\n[\/vc_column_text][mk_divider style=\u00bbpadding_space\u00bb][mk_padding_divider size=\u00bb50&#8243;][vc_row_inner is_fullwidth_content=\u00bbfalse\u00bb][vc_column_inner width=\u00bb1\/2&#8243;][mk_contact_info phone=\u00bb+1 514 667 0175&#8243; email=\u00bbinfo@mexicomlogistics.com\u00bb address=\u00bb7667 Rue Cordner LaSalle QC, H8N 2X2 Canad\u00e1\u00bb company=\u00bbMexicom Logistics\u00bb el_class=\u00bbcontact-info-1&#8243;][vc_separator][\/vc_column_inner][vc_column_inner width=\u00bb1\/2&#8243;][vc_column_text disable_pattern=\u00bbfalse\u00bb]\n<div class=\"wpcf7 no-js\" id=\"wpcf7-f2252-o1\" lang=\"en-US\" dir=\"ltr\" data-wpcf7-id=\"2252\">\n<div class=\"screen-reader-response\"><p role=\"status\" aria-live=\"polite\" aria-atomic=\"true\"><\/p> <ul><\/ul><\/div>\n<form action=\"\/es\/wp-json\/wp\/v2\/pages\/264#wpcf7-f2252-o1\" method=\"post\" class=\"wpcf7-form init\" aria-label=\"Contact form\" novalidate=\"novalidate\" data-status=\"init\">\n<fieldset class=\"hidden-fields-container\"><input type=\"hidden\" name=\"_wpcf7\" value=\"2252\" \/><input type=\"hidden\" name=\"_wpcf7_version\" value=\"6.1.5\" \/><input type=\"hidden\" name=\"_wpcf7_locale\" value=\"en_US\" \/><input type=\"hidden\" name=\"_wpcf7_unit_tag\" value=\"wpcf7-f2252-o1\" \/><input type=\"hidden\" name=\"_wpcf7_container_post\" value=\"0\" \/><input type=\"hidden\" name=\"_wpcf7_posted_data_hash\" value=\"\" \/><input type=\"hidden\" name=\"_wpcf7cf_hidden_group_fields\" value=\"[]\" \/><input type=\"hidden\" name=\"_wpcf7cf_hidden_groups\" value=\"[]\" \/><input type=\"hidden\" name=\"_wpcf7cf_visible_groups\" value=\"[]\" \/><input type=\"hidden\" name=\"_wpcf7cf_repeaters\" value=\"[]\" \/><input type=\"hidden\" name=\"_wpcf7cf_steps\" value=\"{}\" \/><input type=\"hidden\" name=\"_wpcf7cf_options\" value=\"{&quot;form_id&quot;:2252,&quot;conditions&quot;:[],&quot;settings&quot;:{&quot;animation&quot;:&quot;yes&quot;,&quot;animation_intime&quot;:200,&quot;animation_outtime&quot;:200,&quot;conditions_ui&quot;:&quot;normal&quot;,&quot;notice_dismissed&quot;:false,&quot;notice_dismissed_update-cf7-5.8&quot;:true,&quot;notice_dismissed_rollback-cf7-5.8.3&quot;:true}}\" \/><input type=\"hidden\" name=\"_wpcf7_recaptcha_response\" value=\"\" \/>\n<\/fieldset>\n<p><label> Tu nombre (obligatorio)<br \/>\n<span class=\"wpcf7-form-control-wrap\" data-name=\"your-name\"><input size=\"40\" maxlength=\"400\" class=\"wpcf7-form-control wpcf7-text wpcf7-validates-as-required\" aria-required=\"true\" aria-invalid=\"false\" value=\"\" type=\"text\" name=\"your-name\" \/><\/span> <\/label>\n<\/p>\n<p><label> Tu correo electr\u00f3nico (obligatorio)<br \/>\n<span class=\"wpcf7-form-control-wrap\" data-name=\"your-email\"><input size=\"40\" maxlength=\"400\" class=\"wpcf7-form-control wpcf7-email wpcf7-validates-as-required wpcf7-text wpcf7-validates-as-email\" aria-required=\"true\" aria-invalid=\"false\" value=\"\" type=\"email\" name=\"your-email\" \/><\/span> <\/label>\n<\/p>\n<p><label> Tu tel\u00e9fono (obligatorio)<br \/>\n<span class=\"wpcf7-form-control-wrap\" data-name=\"your-phone\"><input size=\"40\" maxlength=\"400\" class=\"wpcf7-form-control wpcf7-text wpcf7-validates-as-required\" aria-required=\"true\" aria-invalid=\"false\" value=\"\" type=\"text\" name=\"your-phone\" \/><\/span> <\/label>\n<\/p>\n<p><label> T\u00edtulo<br \/>\n<span class=\"wpcf7-form-control-wrap\" data-name=\"your-subject\"><input size=\"40\" maxlength=\"400\" class=\"wpcf7-form-control wpcf7-text\" aria-invalid=\"false\" value=\"\" type=\"text\" name=\"your-subject\" \/><\/span> <\/label>\n<\/p>\n<p><label> Tu mensaje<br \/>\n<span class=\"wpcf7-form-control-wrap\" data-name=\"your-message\"><textarea cols=\"40\" rows=\"10\" maxlength=\"2000\" class=\"wpcf7-form-control wpcf7-textarea\" aria-invalid=\"false\" name=\"your-message\"><\/textarea><\/span> <\/label>\n<\/p>\n<div class=\"contact-btn\">\n\t<p><input class=\"wpcf7-form-control wpcf7-submit has-spinner\" type=\"submit\" value=\"Enviar\" \/>\n\t<\/p>\n<\/div><div class=\"wpcf7-response-output\" aria-hidden=\"true\"><\/div>\n<\/form>\n<\/div>\n[\/vc_column_text][\/vc_column_inner][\/vc_row_inner][vc_row_inner is_fullwidth_content=\u00bbfalse\u00bb css=\u00bb.vc_custom_1597848941123{padding-top: 1rem !important;}\u00bb][vc_column_inner][vc_column_text css=\u00bb.vc_custom_1616522677774{margin-bottom: 0px !important;padding-top: 25px !important;padding-right: 25px !important;padding-bottom: 25px !important;padding-left: 25px !important;background-color: #eaeaea !important;}\u00bb]\n<p style=\"text-align: center;\">Tambi\u00e9n puedes llenar un formulario en l\u00ednea para\u00a0 recibir\u00a0 una cotizaci\u00f3n:<\/p>\n[\/vc_column_text][vc_btn title=\u00bbCOTIZA AQU\u00cd\u00bb style=\u00bb3d\u00bb shape=\u00bbround\u00bb color=\u00bbjuicy-pink\u00bb align=\u00bbcenter\u00bb link=\u00bburl:https%3A%2F%2Fmexicomlogistics.com%2Fes%2Fcitar%2F||target:%20_blank|\u00bb css=\u00bb.vc_custom_1616522624842{padding-top: 10px !important;padding-right: 25px !important;padding-bottom: 25px !important;padding-left: 25px !important;background-color: #eaeaea !important;}\u00bb][\/vc_column_inner][\/vc_row_inner][\/vc_column][\/mk_page_section][mk_page_section video_opacity=\u00bb0.1&#8243; top_shape_color=\u00bb#ffffff\u00bb bottom_shape_color=\u00bb#ffffff\u00bb visibility=\u00bbvisible-sm\u00bb sidebar=\u00bbsidebar-1&#8243;][vc_column][mk_divider style=\u00bbpadding_space\u00bb][vc_column_text css=\u00bb.vc_custom_1568308306835{margin-bottom: 0px !important;}\u00bb]\n<h4 style=\"text-align: center;\">Escr\u00edbenos o ll\u00e1manos, en breve nos pondremos en contacto contigo.<\/h4>\n[\/vc_column_text][mk_divider style=\u00bbpadding_space\u00bb][mk_contact_info phone=\u00bb+1 514 667 0175&#8243; email=\u00bbinfo@mexicomlogistics.com\u00bb address=\u00bb7667 Rue Cordner LaSalle QC, H8N 2X2 Canad\u00e1\u00bb company=\u00bbMexicom Logistics\u00bb el_class=\u00bbcontact-info-1&#8243;][vc_column_text css=\u00bb.vc_custom_1568307067139{margin-bottom: 0px !important;}\u00bb]Horario de oficina:<\/p>\n<p>De 9 am a 7 pm de lunes a viernes.[\/vc_column_text][mk_padding_divider size=\u00bb50&#8243;][vc_row_inner is_fullwidth_content=\u00bbfalse\u00bb][vc_column_inner][vc_separator][vc_column_text css=\u00bb.vc_custom_1568308131864{margin-bottom: 0px !important;}\u00bb]\n<p style=\"text-align: center;\">Env\u00edanos un mensaje a trav\u00e9s de nuestro formulario:<\/p>\n[\/vc_column_text][vc_column_text disable_pattern=\u00bbfalse\u00bb]\n<div class=\"wpcf7 no-js\" id=\"wpcf7-f2252-o2\" lang=\"en-US\" dir=\"ltr\" data-wpcf7-id=\"2252\">\n<div class=\"screen-reader-response\"><p role=\"status\" aria-live=\"polite\" aria-atomic=\"true\"><\/p> <ul><\/ul><\/div>\n<form action=\"\/es\/wp-json\/wp\/v2\/pages\/264#wpcf7-f2252-o2\" method=\"post\" class=\"wpcf7-form init\" aria-label=\"Contact form\" novalidate=\"novalidate\" data-status=\"init\">\n<fieldset class=\"hidden-fields-container\"><input type=\"hidden\" name=\"_wpcf7\" value=\"2252\" \/><input type=\"hidden\" name=\"_wpcf7_version\" value=\"6.1.5\" \/><input type=\"hidden\" name=\"_wpcf7_locale\" value=\"en_US\" \/><input type=\"hidden\" name=\"_wpcf7_unit_tag\" value=\"wpcf7-f2252-o2\" \/><input type=\"hidden\" name=\"_wpcf7_container_post\" value=\"0\" \/><input type=\"hidden\" name=\"_wpcf7_posted_data_hash\" value=\"\" \/><input type=\"hidden\" name=\"_wpcf7cf_hidden_group_fields\" value=\"[]\" \/><input type=\"hidden\" name=\"_wpcf7cf_hidden_groups\" value=\"[]\" \/><input type=\"hidden\" name=\"_wpcf7cf_visible_groups\" value=\"[]\" \/><input type=\"hidden\" name=\"_wpcf7cf_repeaters\" value=\"[]\" \/><input type=\"hidden\" name=\"_wpcf7cf_steps\" value=\"{}\" \/><input type=\"hidden\" name=\"_wpcf7cf_options\" value=\"{&quot;form_id&quot;:2252,&quot;conditions&quot;:[],&quot;settings&quot;:{&quot;animation&quot;:&quot;yes&quot;,&quot;animation_intime&quot;:200,&quot;animation_outtime&quot;:200,&quot;conditions_ui&quot;:&quot;normal&quot;,&quot;notice_dismissed&quot;:false,&quot;notice_dismissed_update-cf7-5.8&quot;:true,&quot;notice_dismissed_rollback-cf7-5.8.3&quot;:true}}\" \/><input type=\"hidden\" name=\"_wpcf7_recaptcha_response\" value=\"\" \/>\n<\/fieldset>\n<p><label> Tu nombre (obligatorio)<br \/>\n<span class=\"wpcf7-form-control-wrap\" data-name=\"your-name\"><input size=\"40\" maxlength=\"400\" class=\"wpcf7-form-control wpcf7-text wpcf7-validates-as-required\" aria-required=\"true\" aria-invalid=\"false\" value=\"\" type=\"text\" name=\"your-name\" \/><\/span> <\/label>\n<\/p>\n<p><label> Tu correo electr\u00f3nico (obligatorio)<br \/>\n<span class=\"wpcf7-form-control-wrap\" data-name=\"your-email\"><input size=\"40\" maxlength=\"400\" class=\"wpcf7-form-control wpcf7-email wpcf7-validates-as-required wpcf7-text wpcf7-validates-as-email\" aria-required=\"true\" aria-invalid=\"false\" value=\"\" type=\"email\" name=\"your-email\" \/><\/span> <\/label>\n<\/p>\n<p><label> Tu tel\u00e9fono (obligatorio)<br \/>\n<span class=\"wpcf7-form-control-wrap\" data-name=\"your-phone\"><input size=\"40\" maxlength=\"400\" class=\"wpcf7-form-control wpcf7-text wpcf7-validates-as-required\" aria-required=\"true\" aria-invalid=\"false\" value=\"\" type=\"text\" name=\"your-phone\" \/><\/span> <\/label>\n<\/p>\n<p><label> T\u00edtulo<br \/>\n<span class=\"wpcf7-form-control-wrap\" data-name=\"your-subject\"><input size=\"40\" maxlength=\"400\" class=\"wpcf7-form-control wpcf7-text\" aria-invalid=\"false\" value=\"\" type=\"text\" name=\"your-subject\" \/><\/span> <\/label>\n<\/p>\n<p><label> Tu mensaje<br \/>\n<span class=\"wpcf7-form-control-wrap\" data-name=\"your-message\"><textarea cols=\"40\" rows=\"10\" maxlength=\"2000\" class=\"wpcf7-form-control wpcf7-textarea\" aria-invalid=\"false\" name=\"your-message\"><\/textarea><\/span> <\/label>\n<\/p>\n<div class=\"contact-btn\">\n\t<p><input class=\"wpcf7-form-control wpcf7-submit has-spinner\" type=\"submit\" value=\"Enviar\" \/>\n\t<\/p>\n<\/div><div class=\"wpcf7-response-output\" aria-hidden=\"true\"><\/div>\n<\/form>\n<\/div>\n[\/vc_column_text][vc_separator][vc_column_text css=\u00bb.vc_custom_1568308110924{margin-bottom: 0px !important;}\u00bb]\n<p style=\"text-align: center;\">Alternativamente, puedes llenar un formulario en l\u00ednea para\u00a0 recibir\u00a0 una cotizaci\u00f3n:<\/p>\n[\/vc_column_text][vc_btn title=\u00bbSolicita una cotizaci\u00f3n\u00bb style=\u00bbflat\u00bb color=\u00bbpeacoc\u00bb size=\u00bblg\u00bb align=\u00bbcenter\u00bb link=\u00bburl:https%3A%2F%2Fmexicomlogistics.com%2Fes%2Fcitar%2F||target:%20_blank|\u00bb][\/vc_column_inner][\/vc_row_inner][\/vc_column][\/mk_page_section][vc_row][vc_column][\/vc_column][\/vc_row]\n<\/div>","protected":false},"excerpt":{"rendered":"<p>[mk_page_section video_opacity=\u00bb0.1&#8243; top_shape_color=\u00bb#ffffff\u00bb bottom_shape_color=\u00bb#ffffff\u00bb visibility=\u00bbhidden-sm\u00bb sidebar=\u00bbsidebar-1&#8243;][vc_column][\/vc_column][vc_column css=\u00bb.vc_custom_1568308364719{background-image: url(https:\/\/mexicomlogistics.com\/wp-content\/uploads\/2019\/09\/contact-mexicom-logistics-.jpg?id=9706) !important;background-position: center !important;background-repeat: no-repeat !important;background-size: cover !important;}\u00bb][mk_padding_divider size=\u00bb50&#8243;][mk_padding_divider size=\u00bb50&#8243;][mk_fancy_title font_family=\u00bbnone\u00bb] \u00bfTienes un proyecto de transporte espec\u00edfico? Cont\u00e1ctanos [\/mk_fancy_title][mk_padding_divider size=\u00bb50&#8243;][mk_padding_divider size=\u00bb50&#8243;][\/vc_column][\/mk_page_section][mk_page_section video_opacity=\u00bb0.1&#8243; top_shape_color=\u00bb#ffffff\u00bb bottom_shape_color=\u00bb#ffffff\u00bb visibility=\u00bbvisible-sm\u00bb sidebar=\u00bbsidebar-1&#8243;][vc_column][\/vc_column][vc_column css=\u00bb.vc_custom_1568308364719{background-image: url(https:\/\/mexicomlogistics.com\/wp-content\/uploads\/2019\/09\/contact-mexicom-logistics-.jpg?id=9706) !important;background-position: center !important;background-repeat: no-repeat !important;background-size: cover !important;}\u00bb][mk_padding_divider size=\u00bb50&#8243;][mk_padding_divider size=\u00bb50&#8243;][mk_fancy_title font_family=\u00bbnone\u00bb] \u00bfTienes un proyecto de transporte espec\u00edfico? [\/mk_fancy_title][mk_padding_divider size=\u00bb50&#8243;][mk_padding_divider size=\u00bb50&#8243;][\/vc_column][\/mk_page_section][mk_page_section video_opacity=\u00bb0.1&#8243; [&hellip;]<\/p>\n","protected":false},"author":1,"featured_media":0,"parent":0,"menu_order":40,"comment_status":"closed","ping_status":"closed","template":"","meta":{"content-type":"","jetpack_post_was_ever_published":false,"footnotes":""},"class_list":["post-264","page","type-page","status-publish","hentry"],"yoast_head":"<!-- This site is optimized with the Yoast SEO plugin v27.3 - https:\/\/yoast.com\/product\/yoast-seo-wordpress\/ -->\n<title>Cont\u00e1ctanos - Mexicom Logistics<\/title>\n<meta name=\"description\" content=\"\u00bfRequieres respuesta inmediata? \u00bfTienes un proyecto de transporte terrestre entre Canad\u00e1, Estados Unidos y M\u00e9xico? Cont\u00e1ctanos!\" \/>\n<meta name=\"robots\" content=\"index, follow, max-snippet:-1, max-image-preview:large, max-video-preview:-1\" \/>\n<link rel=\"canonical\" href=\"https:\/\/mexicomlogistics.com\/es\/contactenos\/\" \/>\n<meta property=\"og:locale\" content=\"es_ES\" \/>\n<meta property=\"og:type\" content=\"article\" \/>\n<meta property=\"og:title\" content=\"Cont\u00e1ctanos - Mexicom Logistics\" \/>\n<meta property=\"og:description\" content=\"\u00bfRequieres respuesta inmediata? \u00bfTienes un proyecto de transporte terrestre entre Canad\u00e1, Estados Unidos y M\u00e9xico? Cont\u00e1ctanos!\" \/>\n<meta property=\"og:url\" content=\"https:\/\/mexicomlogistics.com\/es\/contactenos\/\" \/>\n<meta property=\"og:site_name\" content=\"Mexicom Logistics\" \/>\n<meta property=\"article:modified_time\" content=\"2021-03-23T18:04:44+00:00\" \/>\n<meta name=\"twitter:card\" content=\"summary_large_image\" \/>\n<meta name=\"twitter:label1\" content=\"Tiempo de lectura\" \/>\n\t<meta name=\"twitter:data1\" content=\"3 minutos\" \/>\n<script type=\"application\/ld+json\" class=\"yoast-schema-graph\">{\"@context\":\"https:\\\/\\\/schema.org\",\"@graph\":[{\"@type\":\"WebPage\",\"@id\":\"https:\\\/\\\/mexicomlogistics.com\\\/es\\\/contactenos\\\/\",\"url\":\"https:\\\/\\\/mexicomlogistics.com\\\/es\\\/contactenos\\\/\",\"name\":\"Cont\u00e1ctanos - Mexicom Logistics\",\"isPartOf\":{\"@id\":\"https:\\\/\\\/mexicomlogistics.com\\\/es\\\/#website\"},\"datePublished\":\"2014-01-21T16:28:20+00:00\",\"dateModified\":\"2021-03-23T18:04:44+00:00\",\"description\":\"\u00bfRequieres respuesta inmediata? \u00bfTienes un proyecto de transporte terrestre entre Canad\u00e1, Estados Unidos y M\u00e9xico? Cont\u00e1ctanos!\",\"breadcrumb\":{\"@id\":\"https:\\\/\\\/mexicomlogistics.com\\\/es\\\/contactenos\\\/#breadcrumb\"},\"inLanguage\":\"es\",\"potentialAction\":[{\"@type\":\"ReadAction\",\"target\":[\"https:\\\/\\\/mexicomlogistics.com\\\/es\\\/contactenos\\\/\"]}]},{\"@type\":\"BreadcrumbList\",\"@id\":\"https:\\\/\\\/mexicomlogistics.com\\\/es\\\/contactenos\\\/#breadcrumb\",\"itemListElement\":[{\"@type\":\"ListItem\",\"position\":1,\"name\":\"Home\",\"item\":\"https:\\\/\\\/mexicomlogistics.com\\\/es\\\/\"},{\"@type\":\"ListItem\",\"position\":2,\"name\":\"Cont\u00e1ctanos\"}]},{\"@type\":\"WebSite\",\"@id\":\"https:\\\/\\\/mexicomlogistics.com\\\/es\\\/#website\",\"url\":\"https:\\\/\\\/mexicomlogistics.com\\\/es\\\/\",\"name\":\"Mexicom Logistics\",\"description\":\"Ship with confidence\",\"publisher\":{\"@id\":\"https:\\\/\\\/mexicomlogistics.com\\\/es\\\/#organization\"},\"potentialAction\":[{\"@type\":\"SearchAction\",\"target\":{\"@type\":\"EntryPoint\",\"urlTemplate\":\"https:\\\/\\\/mexicomlogistics.com\\\/es\\\/?s={search_term_string}\"},\"query-input\":{\"@type\":\"PropertyValueSpecification\",\"valueRequired\":true,\"valueName\":\"search_term_string\"}}],\"inLanguage\":\"es\"},{\"@type\":\"Organization\",\"@id\":\"https:\\\/\\\/mexicomlogistics.com\\\/es\\\/#organization\",\"name\":\"Mexicom Logistics\",\"url\":\"https:\\\/\\\/mexicomlogistics.com\\\/es\\\/\",\"logo\":{\"@type\":\"ImageObject\",\"inLanguage\":\"es\",\"@id\":\"https:\\\/\\\/mexicomlogistics.com\\\/es\\\/#\\\/schema\\\/logo\\\/image\\\/\",\"url\":\"https:\\\/\\\/mexicomlogistics.com\\\/wp-content\\\/uploads\\\/2017\\\/03\\\/logo-white.jpg\",\"contentUrl\":\"https:\\\/\\\/mexicomlogistics.com\\\/wp-content\\\/uploads\\\/2017\\\/03\\\/logo-white.jpg\",\"width\":617,\"height\":402,\"caption\":\"Mexicom Logistics\"},\"image\":{\"@id\":\"https:\\\/\\\/mexicomlogistics.com\\\/es\\\/#\\\/schema\\\/logo\\\/image\\\/\"}}]}<\/script>\n<!-- \/ Yoast SEO plugin. -->","yoast_head_json":{"title":"Cont\u00e1ctanos - Mexicom Logistics","description":"\u00bfRequieres respuesta inmediata? \u00bfTienes un proyecto de transporte terrestre entre Canad\u00e1, Estados Unidos y M\u00e9xico? Cont\u00e1ctanos!","robots":{"index":"index","follow":"follow","max-snippet":"max-snippet:-1","max-image-preview":"max-image-preview:large","max-video-preview":"max-video-preview:-1"},"canonical":"https:\/\/mexicomlogistics.com\/es\/contactenos\/","og_locale":"es_ES","og_type":"article","og_title":"Cont\u00e1ctanos - Mexicom Logistics","og_description":"\u00bfRequieres respuesta inmediata? \u00bfTienes un proyecto de transporte terrestre entre Canad\u00e1, Estados Unidos y M\u00e9xico? Cont\u00e1ctanos!","og_url":"https:\/\/mexicomlogistics.com\/es\/contactenos\/","og_site_name":"Mexicom Logistics","article_modified_time":"2021-03-23T18:04:44+00:00","twitter_card":"summary_large_image","twitter_misc":{"Tiempo de lectura":"3 minutos"},"schema":{"@context":"https:\/\/schema.org","@graph":[{"@type":"WebPage","@id":"https:\/\/mexicomlogistics.com\/es\/contactenos\/","url":"https:\/\/mexicomlogistics.com\/es\/contactenos\/","name":"Cont\u00e1ctanos - Mexicom Logistics","isPartOf":{"@id":"https:\/\/mexicomlogistics.com\/es\/#website"},"datePublished":"2014-01-21T16:28:20+00:00","dateModified":"2021-03-23T18:04:44+00:00","description":"\u00bfRequieres respuesta inmediata? \u00bfTienes un proyecto de transporte terrestre entre Canad\u00e1, Estados Unidos y M\u00e9xico? Cont\u00e1ctanos!","breadcrumb":{"@id":"https:\/\/mexicomlogistics.com\/es\/contactenos\/#breadcrumb"},"inLanguage":"es","potentialAction":[{"@type":"ReadAction","target":["https:\/\/mexicomlogistics.com\/es\/contactenos\/"]}]},{"@type":"BreadcrumbList","@id":"https:\/\/mexicomlogistics.com\/es\/contactenos\/#breadcrumb","itemListElement":[{"@type":"ListItem","position":1,"name":"Home","item":"https:\/\/mexicomlogistics.com\/es\/"},{"@type":"ListItem","position":2,"name":"Cont\u00e1ctanos"}]},{"@type":"WebSite","@id":"https:\/\/mexicomlogistics.com\/es\/#website","url":"https:\/\/mexicomlogistics.com\/es\/","name":"Mexicom Logistics","description":"Ship with confidence","publisher":{"@id":"https:\/\/mexicomlogistics.com\/es\/#organization"},"potentialAction":[{"@type":"SearchAction","target":{"@type":"EntryPoint","urlTemplate":"https:\/\/mexicomlogistics.com\/es\/?s={search_term_string}"},"query-input":{"@type":"PropertyValueSpecification","valueRequired":true,"valueName":"search_term_string"}}],"inLanguage":"es"},{"@type":"Organization","@id":"https:\/\/mexicomlogistics.com\/es\/#organization","name":"Mexicom Logistics","url":"https:\/\/mexicomlogistics.com\/es\/","logo":{"@type":"ImageObject","inLanguage":"es","@id":"https:\/\/mexicomlogistics.com\/es\/#\/schema\/logo\/image\/","url":"https:\/\/mexicomlogistics.com\/wp-content\/uploads\/2017\/03\/logo-white.jpg","contentUrl":"https:\/\/mexicomlogistics.com\/wp-content\/uploads\/2017\/03\/logo-white.jpg","width":617,"height":402,"caption":"Mexicom Logistics"},"image":{"@id":"https:\/\/mexicomlogistics.com\/es\/#\/schema\/logo\/image\/"}}]}},"jetpack_sharing_enabled":true,"jetpack_shortlink":"https:\/\/wp.me\/P8vZ39-4g","_links":{"self":[{"href":"https:\/\/mexicomlogistics.com\/es\/wp-json\/wp\/v2\/pages\/264","targetHints":{"allow":["GET"]}}],"collection":[{"href":"https:\/\/mexicomlogistics.com\/es\/wp-json\/wp\/v2\/pages"}],"about":[{"href":"https:\/\/mexicomlogistics.com\/es\/wp-json\/wp\/v2\/types\/page"}],"author":[{"embeddable":true,"href":"https:\/\/mexicomlogistics.com\/es\/wp-json\/wp\/v2\/users\/1"}],"replies":[{"embeddable":true,"href":"https:\/\/mexicomlogistics.com\/es\/wp-json\/wp\/v2\/comments?post=264"}],"version-history":[{"count":0,"href":"https:\/\/mexicomlogistics.com\/es\/wp-json\/wp\/v2\/pages\/264\/revisions"}],"wp:attachment":[{"href":"https:\/\/mexicomlogistics.com\/es\/wp-json\/wp\/v2\/media?parent=264"}],"curies":[{"name":"wp","href":"https:\/\/api.w.org\/{rel}","templated":true}]}}