{"id":2282,"date":"2017-03-29T05:54:10","date_gmt":"2017-03-29T09:54:10","guid":{"rendered":"http:\/\/mexi.cashin.ca\/?page_id=2282\/"},"modified":"2019-03-23T17:49:25","modified_gmt":"2019-03-23T21:49:25","slug":"ltl-ftl-usa-canada","status":"publish","type":"page","link":"https:\/\/mexicomlogistics.com\/es\/ltl-ftl-usa-canada\/","title":{"rendered":"LTL \/ FTL USA &#038; CANADA"},"content":{"rendered":"<div class=\"wpb-content-wrapper\">[vc_row fullwidth=\u00bbtrue\u00bb fullwidth_content=\u00bbfalse\u00bb css=\u00bb.vc_custom_1489209189014{background-image: url(https:\/\/mexicomlogistics.com\/wp-content\/uploads\/2017\/03\/slider-3-1.jpg?id=1126) !important;background-position: center !important;background-repeat: no-repeat !important;background-size: cover !important;}\u00bb el_class=\u00bbtrucking-row-1&#8243;][vc_column][mk_padding_divider size=\u00bb100&#8243; visibility=\u00bbvisible-sm\u00bb][mk_padding_divider size=\u00bb250&#8243; visibility=\u00bbhidden-sm\u00bb][mk_fancy_title strip_tags=\u00bbtrue\u00bb tag_name=\u00bbh1&#8243; color=\u00bb#ffffff\u00bb size=\u00bb40&#8243; font_weight=\u00bb500&#8243; txt_transform=\u00bbuppercase\u00bb letter_spacing=\u00bb1&#8243; margin_top=\u00bb20&#8243; font_family=\u00bbMontserrat\u00bb font_type=\u00bbgoogle\u00bb align=\u00bbcenter\u00bb el_class=\u00bbltlftl-fancy-2&#8243;]LTL \/ FTL USA &amp; CANADA[\/mk_fancy_title][\/vc_column][\/vc_row][vc_row][vc_column][mk_padding_divider size=\u00bb20&#8243;][\/vc_column][\/vc_row][vc_row][vc_column width=\u00bb1\/6&#8243;][mk_padding_divider size=\u00bb7&#8243;][mk_fancy_title tag_name=\u00bbh3&#8243; color=\u00bb#ff0000&#8243; font_weight=\u00bbbold\u00bb txt_transform=\u00bbuppercase\u00bb margin_bottom=\u00bb0&#8243; font_family=\u00bbMontserrat\u00bb font_type=\u00bbgoogle\u00bb el_class=\u00bbltlftl-fancy-1&#8243;]<a href=\"https:\/\/mexicomlogistics.com\/es\/servicios\/intermodal\/\">Intermodal<\/a>[\/mk_fancy_title][mk_custom_list title=\u00bbServicios de Log\u00edstica\u00bb style=\u00bbe1a5&#8243; icon_color=\u00bb#777777&#8243; el_class=\u00bbtrucking1-list-1&#8243;]\n<ul>\n<li><a href=\"https:\/\/mexicomlogistics.com\/es\/servicios\/almacenamiento-distribucion\/\">Almacenamiento y Distribuci\u00f3n<\/a><\/li>\n<li><a href=\"https:\/\/mexicomlogistics.com\/es\/opciones\/agencia-aduanal\/\">Despacho aduanal<\/a><\/li>\n<li><a href=\"https:\/\/mexicomlogistics.com\/es\/opciones\/seguros\/\">Seguro<\/a><\/li>\n<li><a href=\"https:\/\/mexicomlogistics.com\/es\/seguridad-de-carga-y-escolta\/\">Seguridad de carga y escolta<\/a><\/li>\n<\/ul>\n[\/mk_custom_list][\/vc_column][vc_column width=\u00bb5\/6&#8243;][vc_column_text align=\u00bbcenter\u00bb css=\u00bb.vc_custom_1551708094521{margin-bottom: 0px !important;}\u00bb]<video controls=\"controls\" width=\"530\" height=\"300\"><source src=\"http:\/\/mexicomlogistics.com\/wp-content\/uploads\/2017\/03\/mexicomfinalversion.mp4\" type=\"video\/mp4\" \/><\/video>[\/vc_column_text][vc_column_text]Con experiencia probada en las industrias m\u00e1s exigentes como la automotriz, la farmac\u00e9utica, la agr\u00edcola, la aeroespacial y la electr\u00f3nica, Mexicom Logistics tiene ofrece\u00a0 servicios de clase mundial.[\/vc_column_text][mk_custom_list title=\u00bbNuestros servicios incluyen:\u00bb style=\u00bbe1a5&#8243; icon_color=\u00bb#333333&#8243; el_class=\u00bbtrucking-list-1&#8243;]\n<ul>\n<li>Una amplia red de empresas aprobadas por C-TPAT con permisos de tr\u00e1nsito y sistemas de seguimiento por sat\u00e9lite 24\/7<\/li>\n<li>Transportistas con \u201cbond\u201d para embarques internacionales en tr\u00e1nsito<\/li>\n<li>R\u00e1pido cruce transfronteriza<\/li>\n<li>Acceso a cualquier equipo especializado<\/li>\n<li>Los mejores transportistas para sus embarques de carga completa (FTL) y para carga consolidada (LTL)<\/li>\n<li>Permisos para transportar materiales peligrosos<\/li>\n<li>Doble operador para un modo de entrega r\u00e1pida<\/li>\n<\/ul>\n[\/mk_custom_list][mk_custom_list title=\u00bbCargas completas, FTL\u00bb style=\u00bbe1a5&#8243; icon_color=\u00bb#333333&#8243; el_class=\u00bbtrucking-list-1&#8243;]\n<ul>\n<li>Servicio directo, puerta a puerta<\/li>\n<li>Servicio transfronterizo sin problemas<\/li>\n<\/ul>\n[\/mk_custom_list][mk_custom_list title=\u00bbCargo consolidada, LTL\u00bb style=\u00bbe1a5&#8243; icon_color=\u00bb#333333&#8243; el_class=\u00bbtrucking-list-1&#8243;]Los transportistas especializados ofrecen servicios diarios entre Laredo, Texas y:<\/p>\n<ul>\n<li>Los \u00c1ngeles, California<\/li>\n<li>Chicago, Illinois<\/li>\n<li>Nueva York y \u00e1rea metropolitana<\/li>\n<li>Toronto y la provincia de Ontario<\/li>\n<li>Montreal y la provincia de Quebec<\/li>\n<\/ul>\n[\/mk_custom_list][mk_custom_list title=\u00bbPlataforma y equipo especializado\u00bb style=\u00bbe1a5&#8243; icon_color=\u00bb#333333&#8243; el_class=\u00bbtrucking-list-1&#8243;]\n<ul>\n<li>Plataformas para cargas de cualquier tama\u00f1o y peso<\/li>\n<li>Lonas, marcos, protecci\u00f3n lateral, cortinas o cualquier otro equipo que pueda necesitar<\/li>\n<\/ul>\n[\/mk_custom_list][mk_custom_list title=\u00bbEquipo de sobrepeso y sobredimensionado\u00bb style=\u00bbe1a5&#8243; icon_color=\u00bb#333333&#8243; el_class=\u00bbtrucking-list-1&#8243;]\n<ul>\n<li>Nos encargamos de la carga y descarga<\/li>\n<li>Cama baja regular, Low boys, Double-Drops, RGN, Tandems<\/li>\n<\/ul>\n[\/mk_custom_list][\/vc_column][\/vc_row][vc_row el_class=\u00bbtrucking-row-3&#8243;][vc_column width=\u00bb1\/3&#8243;][\/vc_column][vc_column width=\u00bb2\/3&#8243;][\/vc_column][\/vc_row]\n<\/div>","protected":false},"excerpt":{"rendered":"<p>[vc_row fullwidth=\u00bbtrue\u00bb fullwidth_content=\u00bbfalse\u00bb css=\u00bb.vc_custom_1489209189014{background-image: url(https:\/\/mexicomlogistics.com\/wp-content\/uploads\/2017\/03\/slider-3-1.jpg?id=1126) !important;background-position: center !important;background-repeat: no-repeat !important;background-size: cover !important;}\u00bb el_class=\u00bbtrucking-row-1&#8243;][vc_column][mk_padding_divider size=\u00bb100&#8243; visibility=\u00bbvisible-sm\u00bb][mk_padding_divider size=\u00bb250&#8243; visibility=\u00bbhidden-sm\u00bb][mk_fancy_title strip_tags=\u00bbtrue\u00bb tag_name=\u00bbh1&#8243; color=\u00bb#ffffff\u00bb size=\u00bb40&#8243; font_weight=\u00bb500&#8243; txt_transform=\u00bbuppercase\u00bb letter_spacing=\u00bb1&#8243; margin_top=\u00bb20&#8243; font_family=\u00bbMontserrat\u00bb font_type=\u00bbgoogle\u00bb align=\u00bbcenter\u00bb el_class=\u00bbltlftl-fancy-2&#8243;]LTL \/ FTL USA &amp; CANADA[\/mk_fancy_title][\/vc_column][\/vc_row][vc_row][vc_column][mk_padding_divider size=\u00bb20&#8243;][\/vc_column][\/vc_row][vc_row][vc_column width=\u00bb1\/6&#8243;][mk_padding_divider size=\u00bb7&#8243;][mk_fancy_title tag_name=\u00bbh3&#8243; color=\u00bb#ff0000&#8243; font_weight=\u00bbbold\u00bb txt_transform=\u00bbuppercase\u00bb margin_bottom=\u00bb0&#8243; font_family=\u00bbMontserrat\u00bb font_type=\u00bbgoogle\u00bb el_class=\u00bbltlftl-fancy-1&#8243;]Intermodal[\/mk_fancy_title][mk_custom_list title=\u00bbServicios de Log\u00edstica\u00bb style=\u00bbe1a5&#8243; icon_color=\u00bb#777777&#8243; el_class=\u00bbtrucking1-list-1&#8243;] Almacenamiento y Distribuci\u00f3n Despacho [&hellip;]<\/p>\n","protected":false},"author":1,"featured_media":0,"parent":0,"menu_order":0,"comment_status":"closed","ping_status":"closed","template":"","meta":{"content-type":"","jetpack_post_was_ever_published":false,"footnotes":""},"class_list":["post-2282","page","type-page","status-publish","hentry"],"yoast_head":"<!-- This site is optimized with the Yoast SEO plugin v27.3 - https:\/\/yoast.com\/product\/yoast-seo-wordpress\/ -->\n<title>LTL \/ FTL USA &amp; CANADA - Mexicom Logistics<\/title>\n<meta name=\"robots\" content=\"index, follow, max-snippet:-1, max-image-preview:large, max-video-preview:-1\" \/>\n<link rel=\"canonical\" href=\"https:\/\/mexicomlogistics.com\/es\/ltl-ftl-usa-canada\/\" \/>\n<meta property=\"og:locale\" content=\"es_ES\" \/>\n<meta property=\"og:type\" content=\"article\" \/>\n<meta property=\"og:title\" content=\"LTL \/ FTL USA &amp; CANADA - Mexicom Logistics\" \/>\n<meta property=\"og:description\" content=\"[vc_row fullwidth=\u00bbtrue\u00bb fullwidth_content=\u00bbfalse\u00bb css=\u00bb.vc_custom_1489209189014{background-image: url(https:\/\/mexicomlogistics.com\/wp-content\/uploads\/2017\/03\/slider-3-1.jpg?id=1126) !important;background-position: center !important;background-repeat: no-repeat !important;background-size: cover !important;}\u00bb el_class=\u00bbtrucking-row-1&#8243;][vc_column][mk_padding_divider size=\u00bb100&#8243; visibility=\u00bbvisible-sm\u00bb][mk_padding_divider size=\u00bb250&#8243; visibility=\u00bbhidden-sm\u00bb][mk_fancy_title strip_tags=\u00bbtrue\u00bb tag_name=\u00bbh1&#8243; color=\u00bb#ffffff\u00bb size=\u00bb40&#8243; font_weight=\u00bb500&#8243; txt_transform=\u00bbuppercase\u00bb letter_spacing=\u00bb1&#8243; margin_top=\u00bb20&#8243; font_family=\u00bbMontserrat\u00bb font_type=\u00bbgoogle\u00bb align=\u00bbcenter\u00bb el_class=\u00bbltlftl-fancy-2&#8243;]LTL \/ FTL USA &amp; CANADA[\/mk_fancy_title][\/vc_column][\/vc_row][vc_row][vc_column][mk_padding_divider size=\u00bb20&#8243;][\/vc_column][\/vc_row][vc_row][vc_column width=\u00bb1\/6&#8243;][mk_padding_divider size=\u00bb7&#8243;][mk_fancy_title tag_name=\u00bbh3&#8243; color=\u00bb#ff0000&#8243; font_weight=\u00bbbold\u00bb txt_transform=\u00bbuppercase\u00bb margin_bottom=\u00bb0&#8243; font_family=\u00bbMontserrat\u00bb font_type=\u00bbgoogle\u00bb el_class=\u00bbltlftl-fancy-1&#8243;]Intermodal[\/mk_fancy_title][mk_custom_list title=\u00bbServicios de Log\u00edstica\u00bb style=\u00bbe1a5&#8243; icon_color=\u00bb#777777&#8243; el_class=\u00bbtrucking1-list-1&#8243;] Almacenamiento y Distribuci\u00f3n Despacho [&hellip;]\" \/>\n<meta property=\"og:url\" content=\"https:\/\/mexicomlogistics.com\/es\/ltl-ftl-usa-canada\/\" \/>\n<meta property=\"og:site_name\" content=\"Mexicom Logistics\" \/>\n<meta property=\"article:modified_time\" content=\"2019-03-23T21:49:25+00:00\" \/>\n<meta name=\"twitter:card\" content=\"summary_large_image\" \/>\n<meta name=\"twitter:label1\" content=\"Tiempo de lectura\" \/>\n\t<meta name=\"twitter:data1\" content=\"2 minutos\" \/>\n<script type=\"application\/ld+json\" class=\"yoast-schema-graph\">{\"@context\":\"https:\\\/\\\/schema.org\",\"@graph\":[{\"@type\":\"WebPage\",\"@id\":\"https:\\\/\\\/mexicomlogistics.com\\\/es\\\/ltl-ftl-usa-canada\\\/\",\"url\":\"https:\\\/\\\/mexicomlogistics.com\\\/es\\\/ltl-ftl-usa-canada\\\/\",\"name\":\"LTL \\\/ FTL USA & CANADA - Mexicom Logistics\",\"isPartOf\":{\"@id\":\"https:\\\/\\\/mexicomlogistics.com\\\/es\\\/#website\"},\"datePublished\":\"2017-03-29T09:54:10+00:00\",\"dateModified\":\"2019-03-23T21:49:25+00:00\",\"breadcrumb\":{\"@id\":\"https:\\\/\\\/mexicomlogistics.com\\\/es\\\/ltl-ftl-usa-canada\\\/#breadcrumb\"},\"inLanguage\":\"es\",\"potentialAction\":[{\"@type\":\"ReadAction\",\"target\":[\"https:\\\/\\\/mexicomlogistics.com\\\/es\\\/ltl-ftl-usa-canada\\\/\"]}]},{\"@type\":\"BreadcrumbList\",\"@id\":\"https:\\\/\\\/mexicomlogistics.com\\\/es\\\/ltl-ftl-usa-canada\\\/#breadcrumb\",\"itemListElement\":[{\"@type\":\"ListItem\",\"position\":1,\"name\":\"Home\",\"item\":\"https:\\\/\\\/mexicomlogistics.com\\\/es\\\/\"},{\"@type\":\"ListItem\",\"position\":2,\"name\":\"LTL \\\/ FTL USA &#038; CANADA\"}]},{\"@type\":\"WebSite\",\"@id\":\"https:\\\/\\\/mexicomlogistics.com\\\/es\\\/#website\",\"url\":\"https:\\\/\\\/mexicomlogistics.com\\\/es\\\/\",\"name\":\"Mexicom Logistics\",\"description\":\"Ship with confidence\",\"publisher\":{\"@id\":\"https:\\\/\\\/mexicomlogistics.com\\\/es\\\/#organization\"},\"potentialAction\":[{\"@type\":\"SearchAction\",\"target\":{\"@type\":\"EntryPoint\",\"urlTemplate\":\"https:\\\/\\\/mexicomlogistics.com\\\/es\\\/?s={search_term_string}\"},\"query-input\":{\"@type\":\"PropertyValueSpecification\",\"valueRequired\":true,\"valueName\":\"search_term_string\"}}],\"inLanguage\":\"es\"},{\"@type\":\"Organization\",\"@id\":\"https:\\\/\\\/mexicomlogistics.com\\\/es\\\/#organization\",\"name\":\"Mexicom Logistics\",\"url\":\"https:\\\/\\\/mexicomlogistics.com\\\/es\\\/\",\"logo\":{\"@type\":\"ImageObject\",\"inLanguage\":\"es\",\"@id\":\"https:\\\/\\\/mexicomlogistics.com\\\/es\\\/#\\\/schema\\\/logo\\\/image\\\/\",\"url\":\"https:\\\/\\\/mexicomlogistics.com\\\/wp-content\\\/uploads\\\/2017\\\/03\\\/logo-white.jpg\",\"contentUrl\":\"https:\\\/\\\/mexicomlogistics.com\\\/wp-content\\\/uploads\\\/2017\\\/03\\\/logo-white.jpg\",\"width\":617,\"height\":402,\"caption\":\"Mexicom Logistics\"},\"image\":{\"@id\":\"https:\\\/\\\/mexicomlogistics.com\\\/es\\\/#\\\/schema\\\/logo\\\/image\\\/\"}}]}<\/script>\n<!-- \/ Yoast SEO plugin. -->","yoast_head_json":{"title":"LTL \/ FTL USA & CANADA - Mexicom Logistics","robots":{"index":"index","follow":"follow","max-snippet":"max-snippet:-1","max-image-preview":"max-image-preview:large","max-video-preview":"max-video-preview:-1"},"canonical":"https:\/\/mexicomlogistics.com\/es\/ltl-ftl-usa-canada\/","og_locale":"es_ES","og_type":"article","og_title":"LTL \/ FTL USA & CANADA - Mexicom Logistics","og_description":"[vc_row fullwidth=\u00bbtrue\u00bb fullwidth_content=\u00bbfalse\u00bb css=\u00bb.vc_custom_1489209189014{background-image: url(https:\/\/mexicomlogistics.com\/wp-content\/uploads\/2017\/03\/slider-3-1.jpg?id=1126) !important;background-position: center !important;background-repeat: no-repeat !important;background-size: cover !important;}\u00bb el_class=\u00bbtrucking-row-1&#8243;][vc_column][mk_padding_divider size=\u00bb100&#8243; visibility=\u00bbvisible-sm\u00bb][mk_padding_divider size=\u00bb250&#8243; visibility=\u00bbhidden-sm\u00bb][mk_fancy_title strip_tags=\u00bbtrue\u00bb tag_name=\u00bbh1&#8243; color=\u00bb#ffffff\u00bb size=\u00bb40&#8243; font_weight=\u00bb500&#8243; txt_transform=\u00bbuppercase\u00bb letter_spacing=\u00bb1&#8243; margin_top=\u00bb20&#8243; font_family=\u00bbMontserrat\u00bb font_type=\u00bbgoogle\u00bb align=\u00bbcenter\u00bb el_class=\u00bbltlftl-fancy-2&#8243;]LTL \/ FTL USA &amp; CANADA[\/mk_fancy_title][\/vc_column][\/vc_row][vc_row][vc_column][mk_padding_divider size=\u00bb20&#8243;][\/vc_column][\/vc_row][vc_row][vc_column width=\u00bb1\/6&#8243;][mk_padding_divider size=\u00bb7&#8243;][mk_fancy_title tag_name=\u00bbh3&#8243; color=\u00bb#ff0000&#8243; font_weight=\u00bbbold\u00bb txt_transform=\u00bbuppercase\u00bb margin_bottom=\u00bb0&#8243; font_family=\u00bbMontserrat\u00bb font_type=\u00bbgoogle\u00bb el_class=\u00bbltlftl-fancy-1&#8243;]Intermodal[\/mk_fancy_title][mk_custom_list title=\u00bbServicios de Log\u00edstica\u00bb style=\u00bbe1a5&#8243; icon_color=\u00bb#777777&#8243; el_class=\u00bbtrucking1-list-1&#8243;] Almacenamiento y Distribuci\u00f3n Despacho [&hellip;]","og_url":"https:\/\/mexicomlogistics.com\/es\/ltl-ftl-usa-canada\/","og_site_name":"Mexicom Logistics","article_modified_time":"2019-03-23T21:49:25+00:00","twitter_card":"summary_large_image","twitter_misc":{"Tiempo de lectura":"2 minutos"},"schema":{"@context":"https:\/\/schema.org","@graph":[{"@type":"WebPage","@id":"https:\/\/mexicomlogistics.com\/es\/ltl-ftl-usa-canada\/","url":"https:\/\/mexicomlogistics.com\/es\/ltl-ftl-usa-canada\/","name":"LTL \/ FTL USA & CANADA - Mexicom Logistics","isPartOf":{"@id":"https:\/\/mexicomlogistics.com\/es\/#website"},"datePublished":"2017-03-29T09:54:10+00:00","dateModified":"2019-03-23T21:49:25+00:00","breadcrumb":{"@id":"https:\/\/mexicomlogistics.com\/es\/ltl-ftl-usa-canada\/#breadcrumb"},"inLanguage":"es","potentialAction":[{"@type":"ReadAction","target":["https:\/\/mexicomlogistics.com\/es\/ltl-ftl-usa-canada\/"]}]},{"@type":"BreadcrumbList","@id":"https:\/\/mexicomlogistics.com\/es\/ltl-ftl-usa-canada\/#breadcrumb","itemListElement":[{"@type":"ListItem","position":1,"name":"Home","item":"https:\/\/mexicomlogistics.com\/es\/"},{"@type":"ListItem","position":2,"name":"LTL \/ FTL USA &#038; CANADA"}]},{"@type":"WebSite","@id":"https:\/\/mexicomlogistics.com\/es\/#website","url":"https:\/\/mexicomlogistics.com\/es\/","name":"Mexicom Logistics","description":"Ship with confidence","publisher":{"@id":"https:\/\/mexicomlogistics.com\/es\/#organization"},"potentialAction":[{"@type":"SearchAction","target":{"@type":"EntryPoint","urlTemplate":"https:\/\/mexicomlogistics.com\/es\/?s={search_term_string}"},"query-input":{"@type":"PropertyValueSpecification","valueRequired":true,"valueName":"search_term_string"}}],"inLanguage":"es"},{"@type":"Organization","@id":"https:\/\/mexicomlogistics.com\/es\/#organization","name":"Mexicom Logistics","url":"https:\/\/mexicomlogistics.com\/es\/","logo":{"@type":"ImageObject","inLanguage":"es","@id":"https:\/\/mexicomlogistics.com\/es\/#\/schema\/logo\/image\/","url":"https:\/\/mexicomlogistics.com\/wp-content\/uploads\/2017\/03\/logo-white.jpg","contentUrl":"https:\/\/mexicomlogistics.com\/wp-content\/uploads\/2017\/03\/logo-white.jpg","width":617,"height":402,"caption":"Mexicom Logistics"},"image":{"@id":"https:\/\/mexicomlogistics.com\/es\/#\/schema\/logo\/image\/"}}]}},"jetpack_sharing_enabled":true,"jetpack_shortlink":"https:\/\/wp.me\/P8vZ39-AO","_links":{"self":[{"href":"https:\/\/mexicomlogistics.com\/es\/wp-json\/wp\/v2\/pages\/2282","targetHints":{"allow":["GET"]}}],"collection":[{"href":"https:\/\/mexicomlogistics.com\/es\/wp-json\/wp\/v2\/pages"}],"about":[{"href":"https:\/\/mexicomlogistics.com\/es\/wp-json\/wp\/v2\/types\/page"}],"author":[{"embeddable":true,"href":"https:\/\/mexicomlogistics.com\/es\/wp-json\/wp\/v2\/users\/1"}],"replies":[{"embeddable":true,"href":"https:\/\/mexicomlogistics.com\/es\/wp-json\/wp\/v2\/comments?post=2282"}],"version-history":[{"count":0,"href":"https:\/\/mexicomlogistics.com\/es\/wp-json\/wp\/v2\/pages\/2282\/revisions"}],"wp:attachment":[{"href":"https:\/\/mexicomlogistics.com\/es\/wp-json\/wp\/v2\/media?parent=2282"}],"curies":[{"name":"wp","href":"https:\/\/api.w.org\/{rel}","templated":true}]}}