{"id":22685,"date":"2026-04-13T11:02:52","date_gmt":"2026-04-13T15:02:52","guid":{"rendered":"https:\/\/mexicomlogistics.com\/?page_id=22685"},"modified":"2026-04-13T11:02:52","modified_gmt":"2026-04-13T15:02:52","slug":"solicita-una-cotizacion-meicom-logistics","status":"publish","type":"page","link":"https:\/\/mexicomlogistics.com\/es\/solicita-una-cotizacion-meicom-logistics\/","title":{"rendered":"Solicita una cotizaci\u00f3n de transporte de carga entre M\u00e9xico, EUA y Canad\u00e1 Mexicom"},"content":{"rendered":"<div class=\"wpb-content-wrapper\">[mk_page_section bg_color=\u00bb#ffffff\u00bb bg_position=\u00bbcenter center\u00bb bg_stretch=\u00bbtrue\u00bb el_class=\u00bbhome-2-section-2&#8243; sidebar=\u00bbsidebar-1&#8243;][vc_column width=\u00bb5\/6&#8243;][mk_padding_divider size=\u00bb50&#8243;][\/vc_column][vc_column width=\u00bb1\/6&#8243;][\/vc_column][\/mk_page_section][mk_page_section bg_color=\u00bb#ffffff\u00bb bg_stretch=\u00bbtrue\u00bb padding_top=\u00bb0&#8243; padding_bottom=\u00bb0&#8243; el_class=\u00bbhome2-section-5&#8243; sidebar=\u00bbsidebar-1&#8243;][vc_column width=\u00bb5\/6&#8243;][mk_padding_divider size=\u00bb30&#8243;][vc_raw_html css=\u00bb\u00bb]JTNDaWZyYW1lJTIwc3JjJTNEJTIyaHR0cHMlM0ElMkYlMkZmb3Jtcy5tb25kYXkuY29tJTJGZm9ybXMlMkZlbWJlZCUyRjdmYmY4ZDVmODAyNWE3N2FlMWU5NjJmM2VkN2ZkZjJiJTNGciUzRHVzZTElMjZ1dG1fc291cmNlJTNETWV4aWNvbSUyMExvZ2lzdGljcyUyMiUyMHdpZHRoJTNEJTIyMTAwJTI1JTIyJTIwaGVpZ2h0JTNEJTIyMjAwMCUyMiUyMHN0eWxlJTNEJTIyYm9yZGVyJTNBJTIwMCUzQiUyMGJveC1zaGFkb3clM0ElMjA1cHglMjA1cHglMjA1NnB4JTIwMHB4JTIwcmdiYSUyODAlMkMwJTJDMCUyQzAuMjUlMjklM0IlMjIlM0UlM0MlMkZpZnJhbWUlM0U=[\/vc_raw_html][mk_padding_divider size=\u00bb50&#8243;][vc_empty_space height=\u00bb20px\u00bb][vc_empty_space height=\u00bb20px\u00bb][\/vc_column][vc_column width=\u00bb1\/6&#8243;][\/vc_column][\/mk_page_section][vc_row][vc_column width=\u00bb1\/6&#8243;][\/vc_column][vc_column width=\u00bb2\/3&#8243;][\/vc_column][vc_column width=\u00bb1\/6&#8243;][\/vc_column][\/vc_row]\n<\/div>","protected":false},"excerpt":{"rendered":"<p>[mk_page_section bg_color=\u00bb#ffffff\u00bb bg_position=\u00bbcenter center\u00bb bg_stretch=\u00bbtrue\u00bb el_class=\u00bbhome-2-section-2&#8243; sidebar=\u00bbsidebar-1&#8243;][vc_column width=\u00bb5\/6&#8243;][mk_padding_divider size=\u00bb50&#8243;][\/vc_column][vc_column width=\u00bb1\/6&#8243;][\/vc_column][\/mk_page_section][mk_page_section bg_color=\u00bb#ffffff\u00bb bg_stretch=\u00bbtrue\u00bb padding_top=\u00bb0&#8243; padding_bottom=\u00bb0&#8243; el_class=\u00bbhome2-section-5&#8243; sidebar=\u00bbsidebar-1&#8243;][vc_column width=\u00bb5\/6&#8243;][mk_padding_divider size=\u00bb30&#8243;][vc_raw_html css=\u00bb\u00bb]JTNDaWZyYW1lJTIwc3JjJTNEJTIyaHR0cHMlM0ElMkYlMkZmb3Jtcy5tb25kYXkuY29tJTJGZm9ybXMlMkZlbWJlZCUyRjdmYmY4ZDVmODAyNWE3N2FlMWU5NjJmM2VkN2ZkZjJiJTNGciUzRHVzZTElMjZ1dG1fc291cmNlJTNETWV4aWNvbSUyMExvZ2lzdGljcyUyMiUyMHdpZHRoJTNEJTIyMTAwJTI1JTIyJTIwaGVpZ2h0JTNEJTIyMjAwMCUyMiUyMHN0eWxlJTNEJTIyYm9yZGVyJTNBJTIwMCUzQiUyMGJveC1zaGFkb3clM0ElMjA1cHglMjA1cHglMjA1NnB4JTIwMHB4JTIwcmdiYSUyODAlMkMwJTJDMCUyQzAuMjUlMjklM0IlMjIlM0UlM0MlMkZpZnJhbWUlM0U=[\/vc_raw_html][mk_padding_divider size=\u00bb50&#8243;][vc_empty_space height=\u00bb20px\u00bb][vc_empty_space height=\u00bb20px\u00bb][\/vc_column][vc_column width=\u00bb1\/6&#8243;][\/vc_column][\/mk_page_section][vc_row][vc_column width=\u00bb1\/6&#8243;][\/vc_column][vc_column width=\u00bb2\/3&#8243;][\/vc_column][vc_column width=\u00bb1\/6&#8243;][\/vc_column][\/vc_row]<\/p>\n","protected":false},"author":4,"featured_media":10234,"parent":0,"menu_order":0,"comment_status":"closed","ping_status":"closed","template":"","meta":{"content-type":"","jetpack_post_was_ever_published":false,"footnotes":""},"class_list":["post-22685","page","type-page","status-publish","has-post-thumbnail","hentry"],"yoast_head":"<!-- This site is optimized with the Yoast SEO plugin v27.3 - https:\/\/yoast.com\/product\/yoast-seo-wordpress\/ -->\n<title>Solicita una cotizaci\u00f3n de transporte de carga entre M\u00e9xico, EUA y Canad\u00e1 Mexicom - Mexicom Logistics<\/title>\n<meta name=\"description\" content=\"Mexicom Logistics is a 3PL specialized in reliable and affordable freight shipping services throughout North America.\" \/>\n<meta name=\"robots\" content=\"index, follow, max-snippet:-1, max-image-preview:large, max-video-preview:-1\" \/>\n<link rel=\"canonical\" href=\"https:\/\/mexicomlogistics.com\/es\/solicita-una-cotizacion-meicom-logistics\/\" \/>\n<meta property=\"og:locale\" content=\"es_ES\" \/>\n<meta property=\"og:type\" content=\"article\" \/>\n<meta property=\"og:title\" content=\"Solicita una cotizaci\u00f3n de transporte de carga entre M\u00e9xico, EUA y Canad\u00e1 Mexicom - Mexicom Logistics\" \/>\n<meta property=\"og:description\" content=\"Mexicom Logistics is a 3PL specialized in reliable and affordable freight shipping services throughout North America.\" \/>\n<meta property=\"og:url\" content=\"https:\/\/mexicomlogistics.com\/es\/solicita-una-cotizacion-meicom-logistics\/\" \/>\n<meta property=\"og:site_name\" content=\"Mexicom Logistics\" \/>\n<meta property=\"og:image\" content=\"https:\/\/mexicomlogistics.com\/wp-content\/uploads\/2019\/10\/carte-transport-routier-en-amerique-du-nord300x-8.png\" \/>\n\t<meta property=\"og:image:width\" content=\"8809\" \/>\n\t<meta property=\"og:image:height\" content=\"7390\" \/>\n\t<meta property=\"og:image:type\" content=\"image\/png\" \/>\n<meta name=\"twitter:card\" content=\"summary_large_image\" \/>\n<meta name=\"twitter:label1\" content=\"Tiempo de lectura\" \/>\n\t<meta name=\"twitter:data1\" content=\"1 minuto\" \/>\n<script type=\"application\/ld+json\" class=\"yoast-schema-graph\">{\"@context\":\"https:\\\/\\\/schema.org\",\"@graph\":[{\"@type\":\"WebPage\",\"@id\":\"https:\\\/\\\/mexicomlogistics.com\\\/es\\\/solicita-una-cotizacion-meicom-logistics\\\/\",\"url\":\"https:\\\/\\\/mexicomlogistics.com\\\/es\\\/solicita-una-cotizacion-meicom-logistics\\\/\",\"name\":\"Solicita una cotizaci\u00f3n de transporte de carga entre M\u00e9xico, EUA y Canad\u00e1 Mexicom - Mexicom Logistics\",\"isPartOf\":{\"@id\":\"https:\\\/\\\/mexicomlogistics.com\\\/es\\\/#website\"},\"primaryImageOfPage\":{\"@id\":\"https:\\\/\\\/mexicomlogistics.com\\\/es\\\/solicita-una-cotizacion-meicom-logistics\\\/#primaryimage\"},\"image\":{\"@id\":\"https:\\\/\\\/mexicomlogistics.com\\\/es\\\/solicita-una-cotizacion-meicom-logistics\\\/#primaryimage\"},\"thumbnailUrl\":\"https:\\\/\\\/mexicomlogistics.com\\\/wp-content\\\/uploads\\\/2019\\\/10\\\/carte-transport-routier-en-amerique-du-nord300x-8.png\",\"datePublished\":\"2026-04-13T15:02:52+00:00\",\"description\":\"Mexicom Logistics is a 3PL specialized in reliable and affordable freight shipping services throughout North America.\",\"breadcrumb\":{\"@id\":\"https:\\\/\\\/mexicomlogistics.com\\\/es\\\/solicita-una-cotizacion-meicom-logistics\\\/#breadcrumb\"},\"inLanguage\":\"es\",\"potentialAction\":[{\"@type\":\"ReadAction\",\"target\":[\"https:\\\/\\\/mexicomlogistics.com\\\/es\\\/solicita-una-cotizacion-meicom-logistics\\\/\"]}]},{\"@type\":\"ImageObject\",\"inLanguage\":\"es\",\"@id\":\"https:\\\/\\\/mexicomlogistics.com\\\/es\\\/solicita-una-cotizacion-meicom-logistics\\\/#primaryimage\",\"url\":\"https:\\\/\\\/mexicomlogistics.com\\\/wp-content\\\/uploads\\\/2019\\\/10\\\/carte-transport-routier-en-amerique-du-nord300x-8.png\",\"contentUrl\":\"https:\\\/\\\/mexicomlogistics.com\\\/wp-content\\\/uploads\\\/2019\\\/10\\\/carte-transport-routier-en-amerique-du-nord300x-8.png\",\"width\":8809,\"height\":7390,\"caption\":\"transport routier en Amerique du Nord\"},{\"@type\":\"BreadcrumbList\",\"@id\":\"https:\\\/\\\/mexicomlogistics.com\\\/es\\\/solicita-una-cotizacion-meicom-logistics\\\/#breadcrumb\",\"itemListElement\":[{\"@type\":\"ListItem\",\"position\":1,\"name\":\"Home\",\"item\":\"https:\\\/\\\/mexicomlogistics.com\\\/es\\\/\"},{\"@type\":\"ListItem\",\"position\":2,\"name\":\"Solicita una cotizaci\u00f3n de transporte de carga entre M\u00e9xico, EUA y Canad\u00e1 Mexicom\"}]},{\"@type\":\"WebSite\",\"@id\":\"https:\\\/\\\/mexicomlogistics.com\\\/es\\\/#website\",\"url\":\"https:\\\/\\\/mexicomlogistics.com\\\/es\\\/\",\"name\":\"Mexicom Logistics\",\"description\":\"Ship with confidence\",\"publisher\":{\"@id\":\"https:\\\/\\\/mexicomlogistics.com\\\/es\\\/#organization\"},\"potentialAction\":[{\"@type\":\"SearchAction\",\"target\":{\"@type\":\"EntryPoint\",\"urlTemplate\":\"https:\\\/\\\/mexicomlogistics.com\\\/es\\\/?s={search_term_string}\"},\"query-input\":{\"@type\":\"PropertyValueSpecification\",\"valueRequired\":true,\"valueName\":\"search_term_string\"}}],\"inLanguage\":\"es\"},{\"@type\":\"Organization\",\"@id\":\"https:\\\/\\\/mexicomlogistics.com\\\/es\\\/#organization\",\"name\":\"Mexicom Logistics\",\"url\":\"https:\\\/\\\/mexicomlogistics.com\\\/es\\\/\",\"logo\":{\"@type\":\"ImageObject\",\"inLanguage\":\"es\",\"@id\":\"https:\\\/\\\/mexicomlogistics.com\\\/es\\\/#\\\/schema\\\/logo\\\/image\\\/\",\"url\":\"https:\\\/\\\/mexicomlogistics.com\\\/wp-content\\\/uploads\\\/2017\\\/03\\\/logo-white.jpg\",\"contentUrl\":\"https:\\\/\\\/mexicomlogistics.com\\\/wp-content\\\/uploads\\\/2017\\\/03\\\/logo-white.jpg\",\"width\":617,\"height\":402,\"caption\":\"Mexicom Logistics\"},\"image\":{\"@id\":\"https:\\\/\\\/mexicomlogistics.com\\\/es\\\/#\\\/schema\\\/logo\\\/image\\\/\"}}]}<\/script>\n<!-- \/ Yoast SEO plugin. -->","yoast_head_json":{"title":"Solicita una cotizaci\u00f3n de transporte de carga entre M\u00e9xico, EUA y Canad\u00e1 Mexicom - Mexicom Logistics","description":"Mexicom Logistics is a 3PL specialized in reliable and affordable freight shipping services throughout North America.","robots":{"index":"index","follow":"follow","max-snippet":"max-snippet:-1","max-image-preview":"max-image-preview:large","max-video-preview":"max-video-preview:-1"},"canonical":"https:\/\/mexicomlogistics.com\/es\/solicita-una-cotizacion-meicom-logistics\/","og_locale":"es_ES","og_type":"article","og_title":"Solicita una cotizaci\u00f3n de transporte de carga entre M\u00e9xico, EUA y Canad\u00e1 Mexicom - Mexicom Logistics","og_description":"Mexicom Logistics is a 3PL specialized in reliable and affordable freight shipping services throughout North America.","og_url":"https:\/\/mexicomlogistics.com\/es\/solicita-una-cotizacion-meicom-logistics\/","og_site_name":"Mexicom Logistics","og_image":[{"width":8809,"height":7390,"url":"https:\/\/mexicomlogistics.com\/wp-content\/uploads\/2019\/10\/carte-transport-routier-en-amerique-du-nord300x-8.png","type":"image\/png"}],"twitter_card":"summary_large_image","twitter_misc":{"Tiempo de lectura":"1 minuto"},"schema":{"@context":"https:\/\/schema.org","@graph":[{"@type":"WebPage","@id":"https:\/\/mexicomlogistics.com\/es\/solicita-una-cotizacion-meicom-logistics\/","url":"https:\/\/mexicomlogistics.com\/es\/solicita-una-cotizacion-meicom-logistics\/","name":"Solicita una cotizaci\u00f3n de transporte de carga entre M\u00e9xico, EUA y Canad\u00e1 Mexicom - Mexicom Logistics","isPartOf":{"@id":"https:\/\/mexicomlogistics.com\/es\/#website"},"primaryImageOfPage":{"@id":"https:\/\/mexicomlogistics.com\/es\/solicita-una-cotizacion-meicom-logistics\/#primaryimage"},"image":{"@id":"https:\/\/mexicomlogistics.com\/es\/solicita-una-cotizacion-meicom-logistics\/#primaryimage"},"thumbnailUrl":"https:\/\/mexicomlogistics.com\/wp-content\/uploads\/2019\/10\/carte-transport-routier-en-amerique-du-nord300x-8.png","datePublished":"2026-04-13T15:02:52+00:00","description":"Mexicom Logistics is a 3PL specialized in reliable and affordable freight shipping services throughout North America.","breadcrumb":{"@id":"https:\/\/mexicomlogistics.com\/es\/solicita-una-cotizacion-meicom-logistics\/#breadcrumb"},"inLanguage":"es","potentialAction":[{"@type":"ReadAction","target":["https:\/\/mexicomlogistics.com\/es\/solicita-una-cotizacion-meicom-logistics\/"]}]},{"@type":"ImageObject","inLanguage":"es","@id":"https:\/\/mexicomlogistics.com\/es\/solicita-una-cotizacion-meicom-logistics\/#primaryimage","url":"https:\/\/mexicomlogistics.com\/wp-content\/uploads\/2019\/10\/carte-transport-routier-en-amerique-du-nord300x-8.png","contentUrl":"https:\/\/mexicomlogistics.com\/wp-content\/uploads\/2019\/10\/carte-transport-routier-en-amerique-du-nord300x-8.png","width":8809,"height":7390,"caption":"transport routier en Amerique du Nord"},{"@type":"BreadcrumbList","@id":"https:\/\/mexicomlogistics.com\/es\/solicita-una-cotizacion-meicom-logistics\/#breadcrumb","itemListElement":[{"@type":"ListItem","position":1,"name":"Home","item":"https:\/\/mexicomlogistics.com\/es\/"},{"@type":"ListItem","position":2,"name":"Solicita una cotizaci\u00f3n de transporte de carga entre M\u00e9xico, EUA y Canad\u00e1 Mexicom"}]},{"@type":"WebSite","@id":"https:\/\/mexicomlogistics.com\/es\/#website","url":"https:\/\/mexicomlogistics.com\/es\/","name":"Mexicom Logistics","description":"Ship with confidence","publisher":{"@id":"https:\/\/mexicomlogistics.com\/es\/#organization"},"potentialAction":[{"@type":"SearchAction","target":{"@type":"EntryPoint","urlTemplate":"https:\/\/mexicomlogistics.com\/es\/?s={search_term_string}"},"query-input":{"@type":"PropertyValueSpecification","valueRequired":true,"valueName":"search_term_string"}}],"inLanguage":"es"},{"@type":"Organization","@id":"https:\/\/mexicomlogistics.com\/es\/#organization","name":"Mexicom Logistics","url":"https:\/\/mexicomlogistics.com\/es\/","logo":{"@type":"ImageObject","inLanguage":"es","@id":"https:\/\/mexicomlogistics.com\/es\/#\/schema\/logo\/image\/","url":"https:\/\/mexicomlogistics.com\/wp-content\/uploads\/2017\/03\/logo-white.jpg","contentUrl":"https:\/\/mexicomlogistics.com\/wp-content\/uploads\/2017\/03\/logo-white.jpg","width":617,"height":402,"caption":"Mexicom Logistics"},"image":{"@id":"https:\/\/mexicomlogistics.com\/es\/#\/schema\/logo\/image\/"}}]}},"jetpack_sharing_enabled":true,"jetpack_shortlink":"https:\/\/wp.me\/P8vZ39-5TT","_links":{"self":[{"href":"https:\/\/mexicomlogistics.com\/es\/wp-json\/wp\/v2\/pages\/22685","targetHints":{"allow":["GET"]}}],"collection":[{"href":"https:\/\/mexicomlogistics.com\/es\/wp-json\/wp\/v2\/pages"}],"about":[{"href":"https:\/\/mexicomlogistics.com\/es\/wp-json\/wp\/v2\/types\/page"}],"author":[{"embeddable":true,"href":"https:\/\/mexicomlogistics.com\/es\/wp-json\/wp\/v2\/users\/4"}],"replies":[{"embeddable":true,"href":"https:\/\/mexicomlogistics.com\/es\/wp-json\/wp\/v2\/comments?post=22685"}],"version-history":[{"count":1,"href":"https:\/\/mexicomlogistics.com\/es\/wp-json\/wp\/v2\/pages\/22685\/revisions"}],"predecessor-version":[{"id":22745,"href":"https:\/\/mexicomlogistics.com\/es\/wp-json\/wp\/v2\/pages\/22685\/revisions\/22745"}],"wp:featuredmedia":[{"embeddable":true,"href":"https:\/\/mexicomlogistics.com\/es\/wp-json\/wp\/v2\/media\/10234"}],"wp:attachment":[{"href":"https:\/\/mexicomlogistics.com\/es\/wp-json\/wp\/v2\/media?parent=22685"}],"curies":[{"name":"wp","href":"https:\/\/api.w.org\/{rel}","templated":true}]}}