{"id":2265,"date":"2017-03-29T03:56:14","date_gmt":"2017-03-29T07:56:14","guid":{"rendered":"http:\/\/mexi.cashin.ca\/?page_id=2265\/"},"modified":"2021-03-23T13:55:03","modified_gmt":"2021-03-23T17:55:03","slug":"seguridad-de-carga-y-escolta","status":"publish","type":"page","link":"https:\/\/mexicomlogistics.com\/es\/seguridad-de-carga-y-escolta\/","title":{"rendered":"Seguridad de carga y escolta"},"content":{"rendered":"<div class=\"wpb-content-wrapper\">[vc_row visibility=\u00bbhidden-sm\u00bb css=\u00bb.vc_custom_1568398644189{background-image: url(https:\/\/mexicomlogistics.com\/wp-content\/uploads\/2019\/09\/seguridad-y-escolta-transporte-de-carga.jpg?id=9910) !important;background-position: center !important;background-repeat: no-repeat !important;background-size: cover !important;}\u00bb el_class=\u00bbtrucking-row-1&#8243;][vc_column][mk_padding_divider size=\u00bb100&#8243; visibility=\u00bbvisible-sm\u00bb][mk_padding_divider size=\u00bb250&#8243; visibility=\u00bbhidden-sm\u00bb][mk_padding_divider size=\u00bb250&#8243; visibility=\u00bbhidden-sm\u00bb][\/vc_column][\/vc_row][vc_row][vc_column][mk_padding_divider size=\u00bb20&#8243;][\/vc_column][\/vc_row][vc_row visibility=\u00bbhidden-sm\u00bb][vc_column][mk_padding_divider size=\u00bb7&#8243;][vc_column_text disable_pattern=\u00bbfalse\u00bb]Mexicom Logistics ofrece opciones avanzadas de seguridad, que incluyen: carga y descarga custodiada, servicios de custodias en carreteras, sellos de seguridad adicionales y servicios especiales de enlonado para plataformas.[\/vc_column_text][mk_fancy_title color=\u00bb#ff0000&#8243; size=\u00bb20&#8243; font_weight=\u00bb500&#8243; margin_top=\u00bb10&#8243; font_family=\u00bbMontserrat\u00bb font_type=\u00bbgoogle\u00bb]SOCIOS:[\/mk_fancy_title][vc_column_text disable_pattern=\u00bbfalse\u00bb css=\u00bb.vc_custom_1568403105462{margin-bottom: 0px !important;}\u00bb]\n<ul>\n<li>Harbor Express Services<\/li>\n<\/ul>\n<p>Establecido en 2011 Harbor Express Services en Houston, TX se ha convertido r\u00e1pidamente en el est\u00e1ndar para el servicio al cliente en la industria del transporte mar\u00edtimo. Ofreciendo el env\u00edo 24\/7 y 1 hora de tiempo de respuesta al puerto de Houston, Harbor Express est\u00e1 siempre en espera para servir a las necesidades de la tripulaci\u00f3n del buque. Harbor Express se esfuerza por ofrecer el servicio m\u00e1s eficiente, r\u00e1pido y completo en la industria.<\/p>\n<ul>\n<li>Coportativo MAIF<\/li>\n<\/ul>\n[\/vc_column_text][\/vc_column][\/vc_row][vc_row visibility=\u00bbvisible-sm\u00bb][vc_column][mk_padding_divider size=\u00bb7&#8243;][vc_column_text disable_pattern=\u00bbfalse\u00bb css=\u00bb.vc_custom_1568398756936{margin-bottom: 0px !important;}\u00bb]\n<h2 style=\"text-align: center;\">Seguridad y Escoltas<\/h2>\n[\/vc_column_text][vc_column_text disable_pattern=\u00bbfalse\u00bb]Mexicom Logistics ofrece opciones avanzadas de seguridad, que incluyen: carga y descarga custodiada, servicios de custodias en carreteras, sellos de seguridad adicionales y servicios especiales de enlonado para plataformas.[\/vc_column_text][vc_single_image image=\u00bb9915&#8243; img_size=\u00bbfull\u00bb alignment=\u00bbcenter\u00bb][mk_fancy_title color=\u00bb#ff0000&#8243; size=\u00bb20&#8243; font_weight=\u00bb500&#8243; margin_top=\u00bb10&#8243; font_family=\u00bbMontserrat\u00bb font_type=\u00bbgoogle\u00bb]SOCIOS[\/mk_fancy_title][vc_column_text disable_pattern=\u00bbfalse\u00bb css=\u00bb.vc_custom_1568403135555{margin-bottom: 0px !important;}\u00bb]\n<ul>\n<li>Harbor Express Services<\/li>\n<\/ul>\n<p>Establecido en 2011 Harbor Express Services en Houston, TX se ha convertido r\u00e1pidamente en el est\u00e1ndar para el servicio al cliente en la industria del transporte mar\u00edtimo. Ofreciendo el env\u00edo 24\/7 y 1 hora de tiempo de respuesta al puerto de Houston, Harbor Express est\u00e1 siempre en espera para servir a las necesidades de la tripulaci\u00f3n del buque. Harbor Express se esfuerza por ofrecer el servicio m\u00e1s eficiente, r\u00e1pido y completo en la industria.<\/p>\n<ul>\n<li>Corporativo MAIF<\/li>\n<\/ul>\n[\/vc_column_text][\/vc_column][\/vc_row][vc_row el_class=\u00bbtrucking-row-3&#8243;][vc_column width=\u00bb1\/3&#8243;][\/vc_column][vc_column width=\u00bb2\/3&#8243;][\/vc_column][\/vc_row]\n<\/div>","protected":false},"excerpt":{"rendered":"<p>[vc_row visibility=\u00bbhidden-sm\u00bb css=\u00bb.vc_custom_1568398644189{background-image: url(https:\/\/mexicomlogistics.com\/wp-content\/uploads\/2019\/09\/seguridad-y-escolta-transporte-de-carga.jpg?id=9910) !important;background-position: center !important;background-repeat: no-repeat !important;background-size: cover !important;}\u00bb el_class=\u00bbtrucking-row-1&#8243;][vc_column][mk_padding_divider size=\u00bb100&#8243; visibility=\u00bbvisible-sm\u00bb][mk_padding_divider size=\u00bb250&#8243; visibility=\u00bbhidden-sm\u00bb][mk_padding_divider size=\u00bb250&#8243; visibility=\u00bbhidden-sm\u00bb][\/vc_column][\/vc_row][vc_row][vc_column][mk_padding_divider size=\u00bb20&#8243;][\/vc_column][\/vc_row][vc_row visibility=\u00bbhidden-sm\u00bb][vc_column][mk_padding_divider size=\u00bb7&#8243;][vc_column_text disable_pattern=\u00bbfalse\u00bb]Mexicom Logistics ofrece opciones avanzadas de seguridad, que incluyen: carga y descarga custodiada, servicios de custodias en carreteras, sellos de seguridad adicionales y servicios especiales de enlonado para plataformas.[\/vc_column_text][mk_fancy_title color=\u00bb#ff0000&#8243; size=\u00bb20&#8243; font_weight=\u00bb500&#8243; margin_top=\u00bb10&#8243; font_family=\u00bbMontserrat\u00bb [&hellip;]<\/p>\n","protected":false},"author":1,"featured_media":0,"parent":0,"menu_order":0,"comment_status":"closed","ping_status":"closed","template":"","meta":{"content-type":"","jetpack_post_was_ever_published":false,"footnotes":""},"class_list":["post-2265","page","type-page","status-publish","hentry"],"yoast_head":"<!-- This site is optimized with the Yoast SEO plugin v27.3 - https:\/\/yoast.com\/product\/yoast-seo-wordpress\/ -->\n<title>Seguridad de carga y escolta - Mexicom Logistics<\/title>\n<meta name=\"robots\" content=\"index, follow, max-snippet:-1, max-image-preview:large, max-video-preview:-1\" \/>\n<link rel=\"canonical\" href=\"https:\/\/mexicomlogistics.com\/es\/seguridad-de-carga-y-escolta\/\" \/>\n<meta property=\"og:locale\" content=\"es_ES\" \/>\n<meta property=\"og:type\" content=\"article\" \/>\n<meta property=\"og:title\" content=\"Seguridad de carga y escolta - Mexicom Logistics\" \/>\n<meta property=\"og:description\" content=\"[vc_row visibility=\u00bbhidden-sm\u00bb css=\u00bb.vc_custom_1568398644189{background-image: url(https:\/\/mexicomlogistics.com\/wp-content\/uploads\/2019\/09\/seguridad-y-escolta-transporte-de-carga.jpg?id=9910) !important;background-position: center !important;background-repeat: no-repeat !important;background-size: cover !important;}\u00bb el_class=\u00bbtrucking-row-1&#8243;][vc_column][mk_padding_divider size=\u00bb100&#8243; visibility=\u00bbvisible-sm\u00bb][mk_padding_divider size=\u00bb250&#8243; visibility=\u00bbhidden-sm\u00bb][mk_padding_divider size=\u00bb250&#8243; visibility=\u00bbhidden-sm\u00bb][\/vc_column][\/vc_row][vc_row][vc_column][mk_padding_divider size=\u00bb20&#8243;][\/vc_column][\/vc_row][vc_row visibility=\u00bbhidden-sm\u00bb][vc_column][mk_padding_divider size=\u00bb7&#8243;][vc_column_text disable_pattern=\u00bbfalse\u00bb]Mexicom Logistics ofrece opciones avanzadas de seguridad, que incluyen: carga y descarga custodiada, servicios de custodias en carreteras, sellos de seguridad adicionales y servicios especiales de enlonado para plataformas.[\/vc_column_text][mk_fancy_title color=\u00bb#ff0000&#8243; size=\u00bb20&#8243; font_weight=\u00bb500&#8243; margin_top=\u00bb10&#8243; font_family=\u00bbMontserrat\u00bb [&hellip;]\" \/>\n<meta property=\"og:url\" content=\"https:\/\/mexicomlogistics.com\/es\/seguridad-de-carga-y-escolta\/\" \/>\n<meta property=\"og:site_name\" content=\"Mexicom Logistics\" \/>\n<meta property=\"article:modified_time\" content=\"2021-03-23T17:55:03+00:00\" \/>\n<meta name=\"twitter:card\" content=\"summary_large_image\" \/>\n<meta name=\"twitter:label1\" content=\"Tiempo de lectura\" \/>\n\t<meta name=\"twitter:data1\" content=\"2 minutos\" \/>\n<script type=\"application\/ld+json\" class=\"yoast-schema-graph\">{\"@context\":\"https:\\\/\\\/schema.org\",\"@graph\":[{\"@type\":\"WebPage\",\"@id\":\"https:\\\/\\\/mexicomlogistics.com\\\/es\\\/seguridad-de-carga-y-escolta\\\/\",\"url\":\"https:\\\/\\\/mexicomlogistics.com\\\/es\\\/seguridad-de-carga-y-escolta\\\/\",\"name\":\"Seguridad de carga y escolta - Mexicom Logistics\",\"isPartOf\":{\"@id\":\"https:\\\/\\\/mexicomlogistics.com\\\/es\\\/#website\"},\"datePublished\":\"2017-03-29T07:56:14+00:00\",\"dateModified\":\"2021-03-23T17:55:03+00:00\",\"breadcrumb\":{\"@id\":\"https:\\\/\\\/mexicomlogistics.com\\\/es\\\/seguridad-de-carga-y-escolta\\\/#breadcrumb\"},\"inLanguage\":\"es\",\"potentialAction\":[{\"@type\":\"ReadAction\",\"target\":[\"https:\\\/\\\/mexicomlogistics.com\\\/es\\\/seguridad-de-carga-y-escolta\\\/\"]}]},{\"@type\":\"BreadcrumbList\",\"@id\":\"https:\\\/\\\/mexicomlogistics.com\\\/es\\\/seguridad-de-carga-y-escolta\\\/#breadcrumb\",\"itemListElement\":[{\"@type\":\"ListItem\",\"position\":1,\"name\":\"Home\",\"item\":\"https:\\\/\\\/mexicomlogistics.com\\\/es\\\/\"},{\"@type\":\"ListItem\",\"position\":2,\"name\":\"Seguridad de carga y escolta\"}]},{\"@type\":\"WebSite\",\"@id\":\"https:\\\/\\\/mexicomlogistics.com\\\/es\\\/#website\",\"url\":\"https:\\\/\\\/mexicomlogistics.com\\\/es\\\/\",\"name\":\"Mexicom Logistics\",\"description\":\"Ship with confidence\",\"publisher\":{\"@id\":\"https:\\\/\\\/mexicomlogistics.com\\\/es\\\/#organization\"},\"potentialAction\":[{\"@type\":\"SearchAction\",\"target\":{\"@type\":\"EntryPoint\",\"urlTemplate\":\"https:\\\/\\\/mexicomlogistics.com\\\/es\\\/?s={search_term_string}\"},\"query-input\":{\"@type\":\"PropertyValueSpecification\",\"valueRequired\":true,\"valueName\":\"search_term_string\"}}],\"inLanguage\":\"es\"},{\"@type\":\"Organization\",\"@id\":\"https:\\\/\\\/mexicomlogistics.com\\\/es\\\/#organization\",\"name\":\"Mexicom Logistics\",\"url\":\"https:\\\/\\\/mexicomlogistics.com\\\/es\\\/\",\"logo\":{\"@type\":\"ImageObject\",\"inLanguage\":\"es\",\"@id\":\"https:\\\/\\\/mexicomlogistics.com\\\/es\\\/#\\\/schema\\\/logo\\\/image\\\/\",\"url\":\"https:\\\/\\\/mexicomlogistics.com\\\/wp-content\\\/uploads\\\/2017\\\/03\\\/logo-white.jpg\",\"contentUrl\":\"https:\\\/\\\/mexicomlogistics.com\\\/wp-content\\\/uploads\\\/2017\\\/03\\\/logo-white.jpg\",\"width\":617,\"height\":402,\"caption\":\"Mexicom Logistics\"},\"image\":{\"@id\":\"https:\\\/\\\/mexicomlogistics.com\\\/es\\\/#\\\/schema\\\/logo\\\/image\\\/\"}}]}<\/script>\n<!-- \/ Yoast SEO plugin. -->","yoast_head_json":{"title":"Seguridad de carga y escolta - Mexicom Logistics","robots":{"index":"index","follow":"follow","max-snippet":"max-snippet:-1","max-image-preview":"max-image-preview:large","max-video-preview":"max-video-preview:-1"},"canonical":"https:\/\/mexicomlogistics.com\/es\/seguridad-de-carga-y-escolta\/","og_locale":"es_ES","og_type":"article","og_title":"Seguridad de carga y escolta - Mexicom Logistics","og_description":"[vc_row visibility=\u00bbhidden-sm\u00bb css=\u00bb.vc_custom_1568398644189{background-image: url(https:\/\/mexicomlogistics.com\/wp-content\/uploads\/2019\/09\/seguridad-y-escolta-transporte-de-carga.jpg?id=9910) !important;background-position: center !important;background-repeat: no-repeat !important;background-size: cover !important;}\u00bb el_class=\u00bbtrucking-row-1&#8243;][vc_column][mk_padding_divider size=\u00bb100&#8243; visibility=\u00bbvisible-sm\u00bb][mk_padding_divider size=\u00bb250&#8243; visibility=\u00bbhidden-sm\u00bb][mk_padding_divider size=\u00bb250&#8243; visibility=\u00bbhidden-sm\u00bb][\/vc_column][\/vc_row][vc_row][vc_column][mk_padding_divider size=\u00bb20&#8243;][\/vc_column][\/vc_row][vc_row visibility=\u00bbhidden-sm\u00bb][vc_column][mk_padding_divider size=\u00bb7&#8243;][vc_column_text disable_pattern=\u00bbfalse\u00bb]Mexicom Logistics ofrece opciones avanzadas de seguridad, que incluyen: carga y descarga custodiada, servicios de custodias en carreteras, sellos de seguridad adicionales y servicios especiales de enlonado para plataformas.[\/vc_column_text][mk_fancy_title color=\u00bb#ff0000&#8243; size=\u00bb20&#8243; font_weight=\u00bb500&#8243; margin_top=\u00bb10&#8243; font_family=\u00bbMontserrat\u00bb [&hellip;]","og_url":"https:\/\/mexicomlogistics.com\/es\/seguridad-de-carga-y-escolta\/","og_site_name":"Mexicom Logistics","article_modified_time":"2021-03-23T17:55:03+00:00","twitter_card":"summary_large_image","twitter_misc":{"Tiempo de lectura":"2 minutos"},"schema":{"@context":"https:\/\/schema.org","@graph":[{"@type":"WebPage","@id":"https:\/\/mexicomlogistics.com\/es\/seguridad-de-carga-y-escolta\/","url":"https:\/\/mexicomlogistics.com\/es\/seguridad-de-carga-y-escolta\/","name":"Seguridad de carga y escolta - Mexicom Logistics","isPartOf":{"@id":"https:\/\/mexicomlogistics.com\/es\/#website"},"datePublished":"2017-03-29T07:56:14+00:00","dateModified":"2021-03-23T17:55:03+00:00","breadcrumb":{"@id":"https:\/\/mexicomlogistics.com\/es\/seguridad-de-carga-y-escolta\/#breadcrumb"},"inLanguage":"es","potentialAction":[{"@type":"ReadAction","target":["https:\/\/mexicomlogistics.com\/es\/seguridad-de-carga-y-escolta\/"]}]},{"@type":"BreadcrumbList","@id":"https:\/\/mexicomlogistics.com\/es\/seguridad-de-carga-y-escolta\/#breadcrumb","itemListElement":[{"@type":"ListItem","position":1,"name":"Home","item":"https:\/\/mexicomlogistics.com\/es\/"},{"@type":"ListItem","position":2,"name":"Seguridad de carga y escolta"}]},{"@type":"WebSite","@id":"https:\/\/mexicomlogistics.com\/es\/#website","url":"https:\/\/mexicomlogistics.com\/es\/","name":"Mexicom Logistics","description":"Ship with confidence","publisher":{"@id":"https:\/\/mexicomlogistics.com\/es\/#organization"},"potentialAction":[{"@type":"SearchAction","target":{"@type":"EntryPoint","urlTemplate":"https:\/\/mexicomlogistics.com\/es\/?s={search_term_string}"},"query-input":{"@type":"PropertyValueSpecification","valueRequired":true,"valueName":"search_term_string"}}],"inLanguage":"es"},{"@type":"Organization","@id":"https:\/\/mexicomlogistics.com\/es\/#organization","name":"Mexicom Logistics","url":"https:\/\/mexicomlogistics.com\/es\/","logo":{"@type":"ImageObject","inLanguage":"es","@id":"https:\/\/mexicomlogistics.com\/es\/#\/schema\/logo\/image\/","url":"https:\/\/mexicomlogistics.com\/wp-content\/uploads\/2017\/03\/logo-white.jpg","contentUrl":"https:\/\/mexicomlogistics.com\/wp-content\/uploads\/2017\/03\/logo-white.jpg","width":617,"height":402,"caption":"Mexicom Logistics"},"image":{"@id":"https:\/\/mexicomlogistics.com\/es\/#\/schema\/logo\/image\/"}}]}},"jetpack_sharing_enabled":true,"jetpack_shortlink":"https:\/\/wp.me\/P8vZ39-Ax","_links":{"self":[{"href":"https:\/\/mexicomlogistics.com\/es\/wp-json\/wp\/v2\/pages\/2265","targetHints":{"allow":["GET"]}}],"collection":[{"href":"https:\/\/mexicomlogistics.com\/es\/wp-json\/wp\/v2\/pages"}],"about":[{"href":"https:\/\/mexicomlogistics.com\/es\/wp-json\/wp\/v2\/types\/page"}],"author":[{"embeddable":true,"href":"https:\/\/mexicomlogistics.com\/es\/wp-json\/wp\/v2\/users\/1"}],"replies":[{"embeddable":true,"href":"https:\/\/mexicomlogistics.com\/es\/wp-json\/wp\/v2\/comments?post=2265"}],"version-history":[{"count":0,"href":"https:\/\/mexicomlogistics.com\/es\/wp-json\/wp\/v2\/pages\/2265\/revisions"}],"wp:attachment":[{"href":"https:\/\/mexicomlogistics.com\/es\/wp-json\/wp\/v2\/media?parent=2265"}],"curies":[{"name":"wp","href":"https:\/\/api.w.org\/{rel}","templated":true}]}}