{"id":22155,"date":"2025-11-21T12:41:18","date_gmt":"2025-11-21T17:41:18","guid":{"rendered":"https:\/\/mexicomlogistics.com\/?page_id=22155"},"modified":"2025-11-21T14:27:57","modified_gmt":"2025-11-21T19:27:57","slug":"de-mexico-a-canada-guia-estrategica-logistica-y-practica-aduanera-para-empresas-exportadoras-mexicanas","status":"publish","type":"page","link":"https:\/\/mexicomlogistics.com\/es\/de-mexico-a-canada-guia-estrategica-logistica-y-practica-aduanera-para-empresas-exportadoras-mexicanas\/","title":{"rendered":"De M\u00e9xico  a Canad\u00e1 &#8211; Gu\u00eda estrat\u00e9gica log\u00edstica y pr\u00e1ctica aduanera para empresas exportadoras mexicanas"},"content":{"rendered":"<div class=\"wpb-content-wrapper\">[vc_row][vc_column][vc_column_text css=\u00bb.vc_custom_1763753272683{margin-bottom: 0px !important;}\u00bb]\n<div style=\"width: 100%;\">\n<div style=\"position: relative; padding-bottom: 56.25%; padding-top: 0; height: 0;\"><iframe loading=\"lazy\" style=\"position: absolute; top: 0; left: 0; width: 100%; height: 100%;\" title=\"De M\u00e9xico a Canad\u00e1\" src=\"https:\/\/view.genially.com\/690ccabd4f153ba6df74f657\" width=\"1200\" height=\"675\" frameborder=\"0\" scrolling=\"yes\" allowfullscreen=\"allowfullscreen\"><\/iframe><\/div>\n<\/div>\n[\/vc_column_text][\/vc_column][\/vc_row]\n<\/div>","protected":false},"excerpt":{"rendered":"<p>[vc_row][vc_column][vc_column_text css=\u00bb.vc_custom_1763753272683{margin-bottom: 0px !important;}\u00bb] [\/vc_column_text][\/vc_column][\/vc_row]<\/p>\n","protected":false},"author":4,"featured_media":21933,"parent":0,"menu_order":0,"comment_status":"closed","ping_status":"closed","template":"","meta":{"content-type":"","jetpack_post_was_ever_published":false,"footnotes":""},"class_list":["post-22155","page","type-page","status-publish","has-post-thumbnail","hentry"],"yoast_head":"<!-- This site is optimized with the Yoast SEO plugin v27.2 - https:\/\/yoast.com\/product\/yoast-seo-wordpress\/ -->\n<title>De M\u00e9xico a Canad\u00e1 - Gu\u00eda estrat\u00e9gica log\u00edstica y pr\u00e1ctica aduanera para empresas exportadoras mexicanas - Mexicom Logistics %<\/title>\n<meta name=\"robots\" content=\"index, follow, max-snippet:-1, max-image-preview:large, max-video-preview:-1\" \/>\n<link rel=\"canonical\" href=\"https:\/\/mexicomlogistics.com\/es\/de-mexico-a-canada-guia-estrategica-logistica-y-practica-aduanera-para-empresas-exportadoras-mexicanas\/\" \/>\n<meta property=\"og:locale\" content=\"es_ES\" \/>\n<meta property=\"og:type\" content=\"article\" \/>\n<meta property=\"og:title\" content=\"Oportunidades de mercado en Canad\u00e1: Gu\u00eda estrat\u00e9gica para exportadores e importadores mexicanos\" \/>\n<meta property=\"og:description\" content=\"Descubre c\u00f3mo aprovechar las oportunidades del comercio internacional entre M\u00e9xico y Canad\u00e1 con esta gu\u00eda completa\" \/>\n<meta property=\"og:url\" content=\"https:\/\/mexicomlogistics.com\/es\/de-mexico-a-canada-guia-estrategica-logistica-y-practica-aduanera-para-empresas-exportadoras-mexicanas\/\" \/>\n<meta property=\"og:site_name\" content=\"Mexicom Logistics\" \/>\n<meta property=\"article:modified_time\" content=\"2025-11-21T19:27:57+00:00\" \/>\n<meta property=\"og:image\" content=\"https:\/\/mexicomlogistics.com\/wp-content\/uploads\/2025\/09\/screen-shot-2025-09-08-at-1.22.49-pm.png\" \/>\n\t<meta property=\"og:image:width\" content=\"2496\" \/>\n\t<meta property=\"og:image:height\" content=\"1398\" \/>\n\t<meta property=\"og:image:type\" content=\"image\/png\" \/>\n<meta name=\"twitter:card\" content=\"summary_large_image\" \/>\n<meta name=\"twitter:label1\" content=\"Tiempo de lectura\" \/>\n\t<meta name=\"twitter:data1\" content=\"1 minuto\" \/>\n<script type=\"application\/ld+json\" class=\"yoast-schema-graph\">{\"@context\":\"https:\/\/schema.org\",\"@graph\":[{\"@type\":\"WebPage\",\"@id\":\"https:\/\/mexicomlogistics.com\/es\/de-mexico-a-canada-guia-estrategica-logistica-y-practica-aduanera-para-empresas-exportadoras-mexicanas\/\",\"url\":\"https:\/\/mexicomlogistics.com\/es\/de-mexico-a-canada-guia-estrategica-logistica-y-practica-aduanera-para-empresas-exportadoras-mexicanas\/\",\"name\":\"De M\u00e9xico a Canad\u00e1 - Gu\u00eda estrat\u00e9gica log\u00edstica y pr\u00e1ctica aduanera para empresas exportadoras mexicanas - Mexicom Logistics %\",\"isPartOf\":{\"@id\":\"https:\/\/mexicomlogistics.com\/es\/#website\"},\"primaryImageOfPage\":{\"@id\":\"https:\/\/mexicomlogistics.com\/es\/de-mexico-a-canada-guia-estrategica-logistica-y-practica-aduanera-para-empresas-exportadoras-mexicanas\/#primaryimage\"},\"image\":{\"@id\":\"https:\/\/mexicomlogistics.com\/es\/de-mexico-a-canada-guia-estrategica-logistica-y-practica-aduanera-para-empresas-exportadoras-mexicanas\/#primaryimage\"},\"thumbnailUrl\":\"https:\/\/mexicomlogistics.com\/wp-content\/uploads\/2025\/09\/screen-shot-2025-09-08-at-1.22.49-pm.png\",\"datePublished\":\"2025-11-21T17:41:18+00:00\",\"dateModified\":\"2025-11-21T19:27:57+00:00\",\"breadcrumb\":{\"@id\":\"https:\/\/mexicomlogistics.com\/es\/de-mexico-a-canada-guia-estrategica-logistica-y-practica-aduanera-para-empresas-exportadoras-mexicanas\/#breadcrumb\"},\"inLanguage\":\"es\",\"potentialAction\":[{\"@type\":\"ReadAction\",\"target\":[\"https:\/\/mexicomlogistics.com\/es\/de-mexico-a-canada-guia-estrategica-logistica-y-practica-aduanera-para-empresas-exportadoras-mexicanas\/\"]}]},{\"@type\":\"ImageObject\",\"inLanguage\":\"es\",\"@id\":\"https:\/\/mexicomlogistics.com\/es\/de-mexico-a-canada-guia-estrategica-logistica-y-practica-aduanera-para-empresas-exportadoras-mexicanas\/#primaryimage\",\"url\":\"https:\/\/mexicomlogistics.com\/wp-content\/uploads\/2025\/09\/screen-shot-2025-09-08-at-1.22.49-pm.png\",\"contentUrl\":\"https:\/\/mexicomlogistics.com\/wp-content\/uploads\/2025\/09\/screen-shot-2025-09-08-at-1.22.49-pm.png\",\"width\":2496,\"height\":1398,\"caption\":\"Oportunidades de Mercado en Canad\u00e1 Gu\u00eda Estrat\u00e9gica para\u00a0Exportadores e Importadores Mexicanos\"},{\"@type\":\"BreadcrumbList\",\"@id\":\"https:\/\/mexicomlogistics.com\/es\/de-mexico-a-canada-guia-estrategica-logistica-y-practica-aduanera-para-empresas-exportadoras-mexicanas\/#breadcrumb\",\"itemListElement\":[{\"@type\":\"ListItem\",\"position\":1,\"name\":\"Home\",\"item\":\"https:\/\/mexicomlogistics.com\/es\/\"},{\"@type\":\"ListItem\",\"position\":2,\"name\":\"De M\u00e9xico a Canad\u00e1 &#8211; Gu\u00eda estrat\u00e9gica log\u00edstica y pr\u00e1ctica aduanera para empresas exportadoras mexicanas\"}]},{\"@type\":\"WebSite\",\"@id\":\"https:\/\/mexicomlogistics.com\/es\/#website\",\"url\":\"https:\/\/mexicomlogistics.com\/es\/\",\"name\":\"Mexicom Logistics\",\"description\":\"Ship with confidence\",\"publisher\":{\"@id\":\"https:\/\/mexicomlogistics.com\/es\/#organization\"},\"potentialAction\":[{\"@type\":\"SearchAction\",\"target\":{\"@type\":\"EntryPoint\",\"urlTemplate\":\"https:\/\/mexicomlogistics.com\/es\/?s={search_term_string}\"},\"query-input\":{\"@type\":\"PropertyValueSpecification\",\"valueRequired\":true,\"valueName\":\"search_term_string\"}}],\"inLanguage\":\"es\"},{\"@type\":\"Organization\",\"@id\":\"https:\/\/mexicomlogistics.com\/es\/#organization\",\"name\":\"Mexicom Logistics\",\"url\":\"https:\/\/mexicomlogistics.com\/es\/\",\"logo\":{\"@type\":\"ImageObject\",\"inLanguage\":\"es\",\"@id\":\"https:\/\/mexicomlogistics.com\/es\/#\/schema\/logo\/image\/\",\"url\":\"https:\/\/mexicomlogistics.com\/wp-content\/uploads\/2017\/03\/logo-white.jpg\",\"contentUrl\":\"https:\/\/mexicomlogistics.com\/wp-content\/uploads\/2017\/03\/logo-white.jpg\",\"width\":617,\"height\":402,\"caption\":\"Mexicom Logistics\"},\"image\":{\"@id\":\"https:\/\/mexicomlogistics.com\/es\/#\/schema\/logo\/image\/\"}}]}<\/script>\n<!-- \/ Yoast SEO plugin. -->","yoast_head_json":{"title":"De M\u00e9xico a Canad\u00e1 - Gu\u00eda estrat\u00e9gica log\u00edstica y pr\u00e1ctica aduanera para empresas exportadoras mexicanas - Mexicom Logistics %","robots":{"index":"index","follow":"follow","max-snippet":"max-snippet:-1","max-image-preview":"max-image-preview:large","max-video-preview":"max-video-preview:-1"},"canonical":"https:\/\/mexicomlogistics.com\/es\/de-mexico-a-canada-guia-estrategica-logistica-y-practica-aduanera-para-empresas-exportadoras-mexicanas\/","og_locale":"es_ES","og_type":"article","og_title":"Oportunidades de mercado en Canad\u00e1: Gu\u00eda estrat\u00e9gica para exportadores e importadores mexicanos","og_description":"Descubre c\u00f3mo aprovechar las oportunidades del comercio internacional entre M\u00e9xico y Canad\u00e1 con esta gu\u00eda completa","og_url":"https:\/\/mexicomlogistics.com\/es\/de-mexico-a-canada-guia-estrategica-logistica-y-practica-aduanera-para-empresas-exportadoras-mexicanas\/","og_site_name":"Mexicom Logistics","article_modified_time":"2025-11-21T19:27:57+00:00","og_image":[{"width":2496,"height":1398,"url":"https:\/\/mexicomlogistics.com\/wp-content\/uploads\/2025\/09\/screen-shot-2025-09-08-at-1.22.49-pm.png","type":"image\/png"}],"twitter_card":"summary_large_image","twitter_misc":{"Tiempo de lectura":"1 minuto"},"schema":{"@context":"https:\/\/schema.org","@graph":[{"@type":"WebPage","@id":"https:\/\/mexicomlogistics.com\/es\/de-mexico-a-canada-guia-estrategica-logistica-y-practica-aduanera-para-empresas-exportadoras-mexicanas\/","url":"https:\/\/mexicomlogistics.com\/es\/de-mexico-a-canada-guia-estrategica-logistica-y-practica-aduanera-para-empresas-exportadoras-mexicanas\/","name":"De M\u00e9xico a Canad\u00e1 - Gu\u00eda estrat\u00e9gica log\u00edstica y pr\u00e1ctica aduanera para empresas exportadoras mexicanas - Mexicom Logistics %","isPartOf":{"@id":"https:\/\/mexicomlogistics.com\/es\/#website"},"primaryImageOfPage":{"@id":"https:\/\/mexicomlogistics.com\/es\/de-mexico-a-canada-guia-estrategica-logistica-y-practica-aduanera-para-empresas-exportadoras-mexicanas\/#primaryimage"},"image":{"@id":"https:\/\/mexicomlogistics.com\/es\/de-mexico-a-canada-guia-estrategica-logistica-y-practica-aduanera-para-empresas-exportadoras-mexicanas\/#primaryimage"},"thumbnailUrl":"https:\/\/mexicomlogistics.com\/wp-content\/uploads\/2025\/09\/screen-shot-2025-09-08-at-1.22.49-pm.png","datePublished":"2025-11-21T17:41:18+00:00","dateModified":"2025-11-21T19:27:57+00:00","breadcrumb":{"@id":"https:\/\/mexicomlogistics.com\/es\/de-mexico-a-canada-guia-estrategica-logistica-y-practica-aduanera-para-empresas-exportadoras-mexicanas\/#breadcrumb"},"inLanguage":"es","potentialAction":[{"@type":"ReadAction","target":["https:\/\/mexicomlogistics.com\/es\/de-mexico-a-canada-guia-estrategica-logistica-y-practica-aduanera-para-empresas-exportadoras-mexicanas\/"]}]},{"@type":"ImageObject","inLanguage":"es","@id":"https:\/\/mexicomlogistics.com\/es\/de-mexico-a-canada-guia-estrategica-logistica-y-practica-aduanera-para-empresas-exportadoras-mexicanas\/#primaryimage","url":"https:\/\/mexicomlogistics.com\/wp-content\/uploads\/2025\/09\/screen-shot-2025-09-08-at-1.22.49-pm.png","contentUrl":"https:\/\/mexicomlogistics.com\/wp-content\/uploads\/2025\/09\/screen-shot-2025-09-08-at-1.22.49-pm.png","width":2496,"height":1398,"caption":"Oportunidades de Mercado en Canad\u00e1 Gu\u00eda Estrat\u00e9gica para\u00a0Exportadores e Importadores Mexicanos"},{"@type":"BreadcrumbList","@id":"https:\/\/mexicomlogistics.com\/es\/de-mexico-a-canada-guia-estrategica-logistica-y-practica-aduanera-para-empresas-exportadoras-mexicanas\/#breadcrumb","itemListElement":[{"@type":"ListItem","position":1,"name":"Home","item":"https:\/\/mexicomlogistics.com\/es\/"},{"@type":"ListItem","position":2,"name":"De M\u00e9xico a Canad\u00e1 &#8211; Gu\u00eda estrat\u00e9gica log\u00edstica y pr\u00e1ctica aduanera para empresas exportadoras mexicanas"}]},{"@type":"WebSite","@id":"https:\/\/mexicomlogistics.com\/es\/#website","url":"https:\/\/mexicomlogistics.com\/es\/","name":"Mexicom Logistics","description":"Ship with confidence","publisher":{"@id":"https:\/\/mexicomlogistics.com\/es\/#organization"},"potentialAction":[{"@type":"SearchAction","target":{"@type":"EntryPoint","urlTemplate":"https:\/\/mexicomlogistics.com\/es\/?s={search_term_string}"},"query-input":{"@type":"PropertyValueSpecification","valueRequired":true,"valueName":"search_term_string"}}],"inLanguage":"es"},{"@type":"Organization","@id":"https:\/\/mexicomlogistics.com\/es\/#organization","name":"Mexicom Logistics","url":"https:\/\/mexicomlogistics.com\/es\/","logo":{"@type":"ImageObject","inLanguage":"es","@id":"https:\/\/mexicomlogistics.com\/es\/#\/schema\/logo\/image\/","url":"https:\/\/mexicomlogistics.com\/wp-content\/uploads\/2017\/03\/logo-white.jpg","contentUrl":"https:\/\/mexicomlogistics.com\/wp-content\/uploads\/2017\/03\/logo-white.jpg","width":617,"height":402,"caption":"Mexicom Logistics"},"image":{"@id":"https:\/\/mexicomlogistics.com\/es\/#\/schema\/logo\/image\/"}}]}},"jetpack_sharing_enabled":true,"jetpack_shortlink":"https:\/\/wp.me\/P8vZ39-5Ll","_links":{"self":[{"href":"https:\/\/mexicomlogistics.com\/es\/wp-json\/wp\/v2\/pages\/22155","targetHints":{"allow":["GET"]}}],"collection":[{"href":"https:\/\/mexicomlogistics.com\/es\/wp-json\/wp\/v2\/pages"}],"about":[{"href":"https:\/\/mexicomlogistics.com\/es\/wp-json\/wp\/v2\/types\/page"}],"author":[{"embeddable":true,"href":"https:\/\/mexicomlogistics.com\/es\/wp-json\/wp\/v2\/users\/4"}],"replies":[{"embeddable":true,"href":"https:\/\/mexicomlogistics.com\/es\/wp-json\/wp\/v2\/comments?post=22155"}],"version-history":[{"count":0,"href":"https:\/\/mexicomlogistics.com\/es\/wp-json\/wp\/v2\/pages\/22155\/revisions"}],"wp:featuredmedia":[{"embeddable":true,"href":"https:\/\/mexicomlogistics.com\/es\/wp-json\/wp\/v2\/media\/21933"}],"wp:attachment":[{"href":"https:\/\/mexicomlogistics.com\/es\/wp-json\/wp\/v2\/media?parent=22155"}],"curies":[{"name":"wp","href":"https:\/\/api.w.org\/{rel}","templated":true}]}}