{"id":2201,"date":"2017-03-23T04:03:55","date_gmt":"2017-03-23T08:03:55","guid":{"rendered":"http:\/\/mexi.cashin.ca\/?page_id=2201\/"},"modified":"2019-03-04T09:06:24","modified_gmt":"2019-03-04T14:06:24","slug":"mexico-2","status":"publish","type":"page","link":"https:\/\/mexicomlogistics.com\/es\/mexico-2\/","title":{"rendered":"M\u00e9xico"},"content":{"rendered":"<div class=\"wpb-content-wrapper\">[vc_row fullwidth=\u00bbtrue\u00bb fullwidth_content=\u00bbfalse\u00bb css=\u00bb.vc_custom_1489209189014{background-image: url(http:\/\/mexicomlogistics.com\/wp-content\/uploads\/2017\/03\/slider-3-1.jpg?id=1126) !important;background-position: center !important;background-repeat: no-repeat !important;background-size: cover !important;}\u00bb el_class=\u00bbtrucking-row-1&#8243;][vc_column][mk_padding_divider size=\u00bb100&#8243; visibility=\u00bbvisible-sm\u00bb][mk_padding_divider size=\u00bb250&#8243; visibility=\u00bbhidden-sm\u00bb][mk_fancy_title strip_tags=\u00bbtrue\u00bb tag_name=\u00bbh1&#8243; color=\u00bb#ffffff\u00bb size=\u00bb40&#8243; font_weight=\u00bb500&#8243; txt_transform=\u00bbuppercase\u00bb letter_spacing=\u00bb1&#8243; margin_top=\u00bb20&#8243; font_family=\u00bbMontserrat\u00bb font_type=\u00bbgoogle\u00bb align=\u00bbcenter\u00bb el_class=\u00bbmexico-fancy-1&#8243;]Departamento de Transporte en M\u00e9xico[\/mk_fancy_title][\/vc_column][\/vc_row][vc_row][vc_column][mk_padding_divider size=\u00bb20&#8243;][\/vc_column][\/vc_row][vc_row][vc_column width=\u00bb1\/6&#8243;][mk_padding_divider size=\u00bb7&#8243;][mk_fancy_title tag_name=\u00bbh3&#8243; color=\u00bb#ff0000&#8243; font_weight=\u00bbbold\u00bb txt_transform=\u00bbuppercase\u00bb margin_bottom=\u00bb0&#8243; font_family=\u00bbMontserrat\u00bb font_type=\u00bbgoogle\u00bb el_class=\u00bbltlftl-fancy-1&#8243;]<a href=\" http:\/\/mexicomlogistics.com\/es\/servicios\/intermodal\/\">Intermodal<\/a>[\/mk_fancy_title][mk_custom_list title=\u00bbServicios de Log\u00edstica\u00bb style=\u00bbe1a5&#8243; icon_color=\u00bb#777777&#8243; el_class=\u00bbtrucking1-list-1&#8243;]\n<ul>\n<li><a href=\"https:\/\/mexicomlogistics.com\/es\/servicios\/almacenamiento-distribucion\/\">Almacenamiento y Distribuci\u00f3n<\/a><\/li>\n<li><a href=\"https:\/\/mexicomlogistics.com\/es\/opciones\/agencia-aduanal\/\">Despacho aduanal<\/a><\/li>\n<li><a href=\"https:\/\/mexicomlogistics.com\/es\/opciones\/seguros\/\">Seguro<\/a><\/li>\n<li><a href=\"https:\/\/mexicomlogistics.com\/es\/seguridad-de-carga-y-escolta\/\">Seguridad de carga y escolta<\/a><\/li>\n<\/ul>\n[\/mk_custom_list][\/vc_column][vc_column width=\u00bb5\/6&#8243;][vc_column_text align=\u00bbcenter\u00bb css=\u00bb.vc_custom_1551708338803{margin-bottom: 0px !important;}\u00bb]<video controls=\"controls\" width=\"530\" height=\"300\"><source src=\"http:\/\/mexicomlogistics.com\/wp-content\/uploads\/2017\/03\/mexicomfinalversion.mp4\" type=\"video\/mp4\" \/><\/video>[\/vc_column_text][vc_column_text]Mexicom Logistics cuenta con un departamento especializado en el transporte de carga de y hacia M\u00e9xico. Contamos con 13 a\u00f1os de experiencia conectando a M\u00e9xico con Estados Unidos y Canad\u00e1.<\/p>\n<p>Nuestra promesa: <span style=\"color: #0000ff;\"><em><strong>\u00abDar a nuestros clientes una experiencia de transporte sin problemas de \/ hacia M\u00e9xico\u00bb<br \/>\n<\/strong><\/em><\/span>[\/vc_column_text][mk_custom_list title=\u00bbNuestra fuerza:\u00bb style=\u00bbe1a5&#8243; icon_color=\u00bb#333333&#8243; el_class=\u00bbtrucking-list-1&#8243;]\n<ul>\n<li>R\u00e1pida expedici\u00f3n transfronteriza para carga directa y a transbordo.<\/li>\n<li>Maniobras de transbordo desde un remolque canadiense o estadounidense a un remolque mexicano o viceversa, para ahorrar costos.<\/li>\n<li>Un equipo triling\u00fce\u00a0<span style=\"font-weight: 400;\">capaz de manejar todo el proceso de transportaci\u00f3n en espa\u00f1ol, ingl\u00e9s y franc\u00e9s<\/span><\/li>\n<li>Horas extendidas de trabajo &#8211; que incluyen los s\u00e1bados- para satisfacer mejor las necesidades de nuestros clientes.<\/li>\n<li>Contacto directo y personalizado con nuestros clientes, no creemos en las m\u00e1quinas contestadoras y los mensajes de voz.<\/li>\n<li>Actualizaci\u00f3n de status dos veces al d\u00eda para que los clientes se mantengan informados de la situaci\u00f3n de su env\u00edo.<\/li>\n<li>Seguimiento y gesti\u00f3n entre las partes involucradas (Bodega de transbordo \u2013 Agentes Aduanales \u2013 Transfers)<\/li>\n<li>Vamos m\u00e1s all\u00e1 de las expectativas de nuestros clientes en caso de alguna eventualidad\u00a0 en la frontera, para garantizar la seguridad de la carga y la entera satisfacci\u00f3n de nuestros clientes.<\/li>\n<li>Ofrecemos una gran variedad de equipos que incluyen pero no se limitan a: Cajas Secas, Refrigeradas, Plataformas, Camas bajas.<\/li>\n<li>Una respuesta r\u00e1pida para las cotizaciones.<\/li>\n<\/ul>\n[\/mk_custom_list][\/vc_column][\/vc_row][vc_row el_class=\u00bbtrucking-row-3&#8243;][vc_column width=\u00bb1\/3&#8243;][\/vc_column][vc_column width=\u00bb2\/3&#8243;][\/vc_column][\/vc_row]\n<\/div>","protected":false},"excerpt":{"rendered":"<p>[vc_row fullwidth=\u00bbtrue\u00bb fullwidth_content=\u00bbfalse\u00bb css=\u00bb.vc_custom_1489209189014{background-image: url(http:\/\/mexicomlogistics.com\/wp-content\/uploads\/2017\/03\/slider-3-1.jpg?id=1126) !important;background-position: center !important;background-repeat: no-repeat !important;background-size: cover !important;}\u00bb el_class=\u00bbtrucking-row-1&#8243;][vc_column][mk_padding_divider size=\u00bb100&#8243; visibility=\u00bbvisible-sm\u00bb][mk_padding_divider size=\u00bb250&#8243; visibility=\u00bbhidden-sm\u00bb][mk_fancy_title strip_tags=\u00bbtrue\u00bb tag_name=\u00bbh1&#8243; color=\u00bb#ffffff\u00bb size=\u00bb40&#8243; font_weight=\u00bb500&#8243; txt_transform=\u00bbuppercase\u00bb letter_spacing=\u00bb1&#8243; margin_top=\u00bb20&#8243; font_family=\u00bbMontserrat\u00bb font_type=\u00bbgoogle\u00bb align=\u00bbcenter\u00bb el_class=\u00bbmexico-fancy-1&#8243;]Departamento de Transporte en M\u00e9xico[\/mk_fancy_title][\/vc_column][\/vc_row][vc_row][vc_column][mk_padding_divider size=\u00bb20&#8243;][\/vc_column][\/vc_row][vc_row][vc_column width=\u00bb1\/6&#8243;][mk_padding_divider size=\u00bb7&#8243;][mk_fancy_title tag_name=\u00bbh3&#8243; color=\u00bb#ff0000&#8243; font_weight=\u00bbbold\u00bb txt_transform=\u00bbuppercase\u00bb margin_bottom=\u00bb0&#8243; font_family=\u00bbMontserrat\u00bb font_type=\u00bbgoogle\u00bb el_class=\u00bbltlftl-fancy-1&#8243;]Intermodal[\/mk_fancy_title][mk_custom_list title=\u00bbServicios de Log\u00edstica\u00bb style=\u00bbe1a5&#8243; icon_color=\u00bb#777777&#8243; el_class=\u00bbtrucking1-list-1&#8243;] Almacenamiento y Distribuci\u00f3n Despacho aduanal [&hellip;]<\/p>\n","protected":false},"author":1,"featured_media":0,"parent":0,"menu_order":0,"comment_status":"closed","ping_status":"closed","template":"","meta":{"content-type":"","jetpack_post_was_ever_published":false,"footnotes":""},"class_list":["post-2201","page","type-page","status-publish","hentry"],"yoast_head":"<!-- This site is optimized with the Yoast SEO plugin v27.3 - https:\/\/yoast.com\/product\/yoast-seo-wordpress\/ -->\n<title>M\u00e9xico - Mexicom Logistics<\/title>\n<meta name=\"robots\" content=\"index, follow, max-snippet:-1, max-image-preview:large, max-video-preview:-1\" \/>\n<link rel=\"canonical\" href=\"https:\/\/mexicomlogistics.com\/es\/mexico-2\/\" \/>\n<meta property=\"og:locale\" content=\"es_ES\" \/>\n<meta property=\"og:type\" content=\"article\" \/>\n<meta property=\"og:title\" content=\"M\u00e9xico - Mexicom Logistics\" \/>\n<meta property=\"og:description\" content=\"[vc_row fullwidth=\u00bbtrue\u00bb fullwidth_content=\u00bbfalse\u00bb css=\u00bb.vc_custom_1489209189014{background-image: url(http:\/\/mexicomlogistics.com\/wp-content\/uploads\/2017\/03\/slider-3-1.jpg?id=1126) !important;background-position: center !important;background-repeat: no-repeat !important;background-size: cover !important;}\u00bb el_class=\u00bbtrucking-row-1&#8243;][vc_column][mk_padding_divider size=\u00bb100&#8243; visibility=\u00bbvisible-sm\u00bb][mk_padding_divider size=\u00bb250&#8243; visibility=\u00bbhidden-sm\u00bb][mk_fancy_title strip_tags=\u00bbtrue\u00bb tag_name=\u00bbh1&#8243; color=\u00bb#ffffff\u00bb size=\u00bb40&#8243; font_weight=\u00bb500&#8243; txt_transform=\u00bbuppercase\u00bb letter_spacing=\u00bb1&#8243; margin_top=\u00bb20&#8243; font_family=\u00bbMontserrat\u00bb font_type=\u00bbgoogle\u00bb align=\u00bbcenter\u00bb el_class=\u00bbmexico-fancy-1&#8243;]Departamento de Transporte en M\u00e9xico[\/mk_fancy_title][\/vc_column][\/vc_row][vc_row][vc_column][mk_padding_divider size=\u00bb20&#8243;][\/vc_column][\/vc_row][vc_row][vc_column width=\u00bb1\/6&#8243;][mk_padding_divider size=\u00bb7&#8243;][mk_fancy_title tag_name=\u00bbh3&#8243; color=\u00bb#ff0000&#8243; font_weight=\u00bbbold\u00bb txt_transform=\u00bbuppercase\u00bb margin_bottom=\u00bb0&#8243; font_family=\u00bbMontserrat\u00bb font_type=\u00bbgoogle\u00bb el_class=\u00bbltlftl-fancy-1&#8243;]Intermodal[\/mk_fancy_title][mk_custom_list title=\u00bbServicios de Log\u00edstica\u00bb style=\u00bbe1a5&#8243; icon_color=\u00bb#777777&#8243; el_class=\u00bbtrucking1-list-1&#8243;] Almacenamiento y Distribuci\u00f3n Despacho aduanal [&hellip;]\" \/>\n<meta property=\"og:url\" content=\"https:\/\/mexicomlogistics.com\/es\/mexico-2\/\" \/>\n<meta property=\"og:site_name\" content=\"Mexicom Logistics\" \/>\n<meta property=\"article:modified_time\" content=\"2019-03-04T14:06:24+00:00\" \/>\n<meta name=\"twitter:card\" content=\"summary_large_image\" \/>\n<meta name=\"twitter:label1\" content=\"Tiempo de lectura\" \/>\n\t<meta name=\"twitter:data1\" content=\"2 minutos\" \/>\n<script type=\"application\/ld+json\" class=\"yoast-schema-graph\">{\"@context\":\"https:\\\/\\\/schema.org\",\"@graph\":[{\"@type\":\"WebPage\",\"@id\":\"https:\\\/\\\/mexicomlogistics.com\\\/es\\\/mexico-2\\\/\",\"url\":\"https:\\\/\\\/mexicomlogistics.com\\\/es\\\/mexico-2\\\/\",\"name\":\"M\u00e9xico - Mexicom Logistics\",\"isPartOf\":{\"@id\":\"https:\\\/\\\/mexicomlogistics.com\\\/es\\\/#website\"},\"datePublished\":\"2017-03-23T08:03:55+00:00\",\"dateModified\":\"2019-03-04T14:06:24+00:00\",\"breadcrumb\":{\"@id\":\"https:\\\/\\\/mexicomlogistics.com\\\/es\\\/mexico-2\\\/#breadcrumb\"},\"inLanguage\":\"es\",\"potentialAction\":[{\"@type\":\"ReadAction\",\"target\":[\"https:\\\/\\\/mexicomlogistics.com\\\/es\\\/mexico-2\\\/\"]}]},{\"@type\":\"BreadcrumbList\",\"@id\":\"https:\\\/\\\/mexicomlogistics.com\\\/es\\\/mexico-2\\\/#breadcrumb\",\"itemListElement\":[{\"@type\":\"ListItem\",\"position\":1,\"name\":\"Home\",\"item\":\"https:\\\/\\\/mexicomlogistics.com\\\/es\\\/\"},{\"@type\":\"ListItem\",\"position\":2,\"name\":\"M\u00e9xico\"}]},{\"@type\":\"WebSite\",\"@id\":\"https:\\\/\\\/mexicomlogistics.com\\\/es\\\/#website\",\"url\":\"https:\\\/\\\/mexicomlogistics.com\\\/es\\\/\",\"name\":\"Mexicom Logistics\",\"description\":\"Ship with confidence\",\"publisher\":{\"@id\":\"https:\\\/\\\/mexicomlogistics.com\\\/es\\\/#organization\"},\"potentialAction\":[{\"@type\":\"SearchAction\",\"target\":{\"@type\":\"EntryPoint\",\"urlTemplate\":\"https:\\\/\\\/mexicomlogistics.com\\\/es\\\/?s={search_term_string}\"},\"query-input\":{\"@type\":\"PropertyValueSpecification\",\"valueRequired\":true,\"valueName\":\"search_term_string\"}}],\"inLanguage\":\"es\"},{\"@type\":\"Organization\",\"@id\":\"https:\\\/\\\/mexicomlogistics.com\\\/es\\\/#organization\",\"name\":\"Mexicom Logistics\",\"url\":\"https:\\\/\\\/mexicomlogistics.com\\\/es\\\/\",\"logo\":{\"@type\":\"ImageObject\",\"inLanguage\":\"es\",\"@id\":\"https:\\\/\\\/mexicomlogistics.com\\\/es\\\/#\\\/schema\\\/logo\\\/image\\\/\",\"url\":\"https:\\\/\\\/mexicomlogistics.com\\\/wp-content\\\/uploads\\\/2017\\\/03\\\/logo-white.jpg\",\"contentUrl\":\"https:\\\/\\\/mexicomlogistics.com\\\/wp-content\\\/uploads\\\/2017\\\/03\\\/logo-white.jpg\",\"width\":617,\"height\":402,\"caption\":\"Mexicom Logistics\"},\"image\":{\"@id\":\"https:\\\/\\\/mexicomlogistics.com\\\/es\\\/#\\\/schema\\\/logo\\\/image\\\/\"}}]}<\/script>\n<!-- \/ Yoast SEO plugin. -->","yoast_head_json":{"title":"M\u00e9xico - Mexicom Logistics","robots":{"index":"index","follow":"follow","max-snippet":"max-snippet:-1","max-image-preview":"max-image-preview:large","max-video-preview":"max-video-preview:-1"},"canonical":"https:\/\/mexicomlogistics.com\/es\/mexico-2\/","og_locale":"es_ES","og_type":"article","og_title":"M\u00e9xico - Mexicom Logistics","og_description":"[vc_row fullwidth=\u00bbtrue\u00bb fullwidth_content=\u00bbfalse\u00bb css=\u00bb.vc_custom_1489209189014{background-image: url(http:\/\/mexicomlogistics.com\/wp-content\/uploads\/2017\/03\/slider-3-1.jpg?id=1126) !important;background-position: center !important;background-repeat: no-repeat !important;background-size: cover !important;}\u00bb el_class=\u00bbtrucking-row-1&#8243;][vc_column][mk_padding_divider size=\u00bb100&#8243; visibility=\u00bbvisible-sm\u00bb][mk_padding_divider size=\u00bb250&#8243; visibility=\u00bbhidden-sm\u00bb][mk_fancy_title strip_tags=\u00bbtrue\u00bb tag_name=\u00bbh1&#8243; color=\u00bb#ffffff\u00bb size=\u00bb40&#8243; font_weight=\u00bb500&#8243; txt_transform=\u00bbuppercase\u00bb letter_spacing=\u00bb1&#8243; margin_top=\u00bb20&#8243; font_family=\u00bbMontserrat\u00bb font_type=\u00bbgoogle\u00bb align=\u00bbcenter\u00bb el_class=\u00bbmexico-fancy-1&#8243;]Departamento de Transporte en M\u00e9xico[\/mk_fancy_title][\/vc_column][\/vc_row][vc_row][vc_column][mk_padding_divider size=\u00bb20&#8243;][\/vc_column][\/vc_row][vc_row][vc_column width=\u00bb1\/6&#8243;][mk_padding_divider size=\u00bb7&#8243;][mk_fancy_title tag_name=\u00bbh3&#8243; color=\u00bb#ff0000&#8243; font_weight=\u00bbbold\u00bb txt_transform=\u00bbuppercase\u00bb margin_bottom=\u00bb0&#8243; font_family=\u00bbMontserrat\u00bb font_type=\u00bbgoogle\u00bb el_class=\u00bbltlftl-fancy-1&#8243;]Intermodal[\/mk_fancy_title][mk_custom_list title=\u00bbServicios de Log\u00edstica\u00bb style=\u00bbe1a5&#8243; icon_color=\u00bb#777777&#8243; el_class=\u00bbtrucking1-list-1&#8243;] Almacenamiento y Distribuci\u00f3n Despacho aduanal [&hellip;]","og_url":"https:\/\/mexicomlogistics.com\/es\/mexico-2\/","og_site_name":"Mexicom Logistics","article_modified_time":"2019-03-04T14:06:24+00:00","twitter_card":"summary_large_image","twitter_misc":{"Tiempo de lectura":"2 minutos"},"schema":{"@context":"https:\/\/schema.org","@graph":[{"@type":"WebPage","@id":"https:\/\/mexicomlogistics.com\/es\/mexico-2\/","url":"https:\/\/mexicomlogistics.com\/es\/mexico-2\/","name":"M\u00e9xico - Mexicom Logistics","isPartOf":{"@id":"https:\/\/mexicomlogistics.com\/es\/#website"},"datePublished":"2017-03-23T08:03:55+00:00","dateModified":"2019-03-04T14:06:24+00:00","breadcrumb":{"@id":"https:\/\/mexicomlogistics.com\/es\/mexico-2\/#breadcrumb"},"inLanguage":"es","potentialAction":[{"@type":"ReadAction","target":["https:\/\/mexicomlogistics.com\/es\/mexico-2\/"]}]},{"@type":"BreadcrumbList","@id":"https:\/\/mexicomlogistics.com\/es\/mexico-2\/#breadcrumb","itemListElement":[{"@type":"ListItem","position":1,"name":"Home","item":"https:\/\/mexicomlogistics.com\/es\/"},{"@type":"ListItem","position":2,"name":"M\u00e9xico"}]},{"@type":"WebSite","@id":"https:\/\/mexicomlogistics.com\/es\/#website","url":"https:\/\/mexicomlogistics.com\/es\/","name":"Mexicom Logistics","description":"Ship with confidence","publisher":{"@id":"https:\/\/mexicomlogistics.com\/es\/#organization"},"potentialAction":[{"@type":"SearchAction","target":{"@type":"EntryPoint","urlTemplate":"https:\/\/mexicomlogistics.com\/es\/?s={search_term_string}"},"query-input":{"@type":"PropertyValueSpecification","valueRequired":true,"valueName":"search_term_string"}}],"inLanguage":"es"},{"@type":"Organization","@id":"https:\/\/mexicomlogistics.com\/es\/#organization","name":"Mexicom Logistics","url":"https:\/\/mexicomlogistics.com\/es\/","logo":{"@type":"ImageObject","inLanguage":"es","@id":"https:\/\/mexicomlogistics.com\/es\/#\/schema\/logo\/image\/","url":"https:\/\/mexicomlogistics.com\/wp-content\/uploads\/2017\/03\/logo-white.jpg","contentUrl":"https:\/\/mexicomlogistics.com\/wp-content\/uploads\/2017\/03\/logo-white.jpg","width":617,"height":402,"caption":"Mexicom Logistics"},"image":{"@id":"https:\/\/mexicomlogistics.com\/es\/#\/schema\/logo\/image\/"}}]}},"jetpack_sharing_enabled":true,"jetpack_shortlink":"https:\/\/wp.me\/P8vZ39-zv","_links":{"self":[{"href":"https:\/\/mexicomlogistics.com\/es\/wp-json\/wp\/v2\/pages\/2201","targetHints":{"allow":["GET"]}}],"collection":[{"href":"https:\/\/mexicomlogistics.com\/es\/wp-json\/wp\/v2\/pages"}],"about":[{"href":"https:\/\/mexicomlogistics.com\/es\/wp-json\/wp\/v2\/types\/page"}],"author":[{"embeddable":true,"href":"https:\/\/mexicomlogistics.com\/es\/wp-json\/wp\/v2\/users\/1"}],"replies":[{"embeddable":true,"href":"https:\/\/mexicomlogistics.com\/es\/wp-json\/wp\/v2\/comments?post=2201"}],"version-history":[{"count":0,"href":"https:\/\/mexicomlogistics.com\/es\/wp-json\/wp\/v2\/pages\/2201\/revisions"}],"wp:attachment":[{"href":"https:\/\/mexicomlogistics.com\/es\/wp-json\/wp\/v2\/media?parent=2201"}],"curies":[{"name":"wp","href":"https:\/\/api.w.org\/{rel}","templated":true}]}}