{"id":19901,"date":"2024-01-10T16:36:57","date_gmt":"2024-01-10T21:36:57","guid":{"rendered":"https:\/\/mexicomlogistics.com\/job-vacancy-independent-sales-agents\/"},"modified":"2024-01-15T13:44:32","modified_gmt":"2024-01-15T18:44:32","slug":"vacantes-agentes-de-ventas-independientes","status":"publish","type":"page","link":"https:\/\/mexicomlogistics.com\/es\/vacantes-agentes-de-ventas-independientes\/","title":{"rendered":"VACANTES &#8211; Agentes de Ventas Independientes\/ML"},"content":{"rendered":"[mk_page_section][vc_column][layerslider_vc id=\u00bb15&#8243;][vc_empty_space][\/vc_column][\/mk_page_section][mk_page_section][vc_column width=\u00bb1\/4&#8243;][\/vc_column][vc_column width=\u00bb1\/2&#8243;][vc_empty_space][vc_empty_space][mk_fancy_title color=\u00bb#e20c14&#8243; size=\u00bb24&#8243; font_weight=\u00bbbold\u00bb font_family=\u00bbnone\u00bb]\n<p style=\"text-align: center;\">Agentes de Ventas Independientes<\/p>\n[\/mk_fancy_title][vc_empty_space height=\u00bb12px\u00bb][vc_single_image image=\u00bb19941&#8243; img_size=\u00bbfull\u00bb alignment=\u00bbcenter\u00bb css_animation=\u00bbslideInUp\u00bb][vc_empty_space height=\u00bb12px\u00bb][vc_column_text css=\u00bb.vc_custom_1705338742711{margin-bottom: 0px !important;}\u00bb]\n<p class=\"p1\" style=\"text-align: center;\"><b>Estamos buscando agentes de ventas independientes con experiencia en la industria del transporte de carga y log\u00edstica. Interesados en una oportunidad de ventas basada en comisiones dentro de la divisi\u00f3n de ventas de Mexicom Group.<\/b><\/p>\n[\/vc_column_text][vc_empty_space][vc_empty_space][\/vc_column][vc_column width=\u00bb1\/4&#8243;][\/vc_column][\/mk_page_section][mk_page_section][vc_column][vc_empty_space][vc_empty_space][vc_empty_space][mk_fancy_title tag_name=\u00bbh3&#8243; color=\u00bb#000000&#8243; size=\u00bb35&#8243; font_family=\u00bbnone\u00bb]<b>CREA TU PROPIO NEGOCIO<\/b>[\/mk_fancy_title][vc_separator color=\u00bbturquoise\u00bb align=\u00bbalign_left\u00bb border_width=\u00bb4&#8243; el_width=\u00bb20&#8243;][vc_empty_space][vc_column_text css=\u00bb.vc_custom_1705338950780{margin-bottom: 0px !important;}\u00bb]Esta oportunidad es excelente para individuos emprendedores de Canad\u00e1, Estados Unidos o M\u00e9xico, que buscan expandir un negocio existente. Proporcionando a los clientes servicios de transporte transfronterizo premium en Am\u00e9rica del Norte. Como contratista independiente, tendr\u00e1s la oportunidad de representar a Mexicom Group mientras construyes tu propio negocio.[\/vc_column_text][vc_empty_space][vc_empty_space][\/vc_column][\/mk_page_section][mk_page_section][vc_column width=\u00bb1\/3&#8243;][vc_single_image image=\u00bb19774&#8243; img_size=\u00bb75&#215;77&#8243; alignment=\u00bbcenter\u00bb css_animation=\u00bbbottom-to-top\u00bb][vc_empty_space height=\u00bb40px\u00bb][\/vc_column][vc_column width=\u00bb2\/3&#8243;][vc_column_text css=\u00bb.vc_custom_1705339002914{margin-bottom: 0px !important;}\u00bb]<span style=\"color: #199bac;\">SALARIO BASADO EN COMISIONES<\/span>[\/vc_column_text][vc_column_text css=\u00bb.vc_custom_1705339074719{margin-bottom: 0px !important;}\u00bb]Recibes comisiones por cada carga completada exitosamente.[\/vc_column_text][\/vc_column][\/mk_page_section][mk_page_section][vc_column width=\u00bb1\/3&#8243;][vc_single_image image=\u00bb19774&#8243; img_size=\u00bb75&#215;77&#8243; alignment=\u00bbcenter\u00bb css_animation=\u00bbbottom-to-top\u00bb][vc_empty_space height=\u00bb40px\u00bb][\/vc_column][vc_column width=\u00bb2\/3&#8243;][vc_column_text css=\u00bb.vc_custom_1705339774838{margin-bottom: 0px !important;}\u00bb]<span style=\"color: #199bac;\">TRABAJO REMOTO<\/span>[\/vc_column_text][vc_column_text css=\u00bb.vc_custom_1705339108824{margin-bottom: 0px !important;}\u00bb]Proporcion\u00e1ndote la comodidad y autonom\u00eda para realizar tus tareas desde la comodidad de tu propio hogar.[\/vc_column_text][\/vc_column][\/mk_page_section][mk_page_section][vc_column width=\u00bb1\/3&#8243;][vc_single_image image=\u00bb19774&#8243; img_size=\u00bb75&#215;77&#8243; alignment=\u00bbcenter\u00bb css_animation=\u00bbbottom-to-top\u00bb][vc_empty_space height=\u00bb40px\u00bb][\/vc_column][vc_column width=\u00bb2\/3&#8243;][vc_column_text css=\u00bb.vc_custom_1705339124002{margin-bottom: 0px !important;}\u00bb]<span style=\"color: #199bac;\">HORARIO FLEXIBLE<\/span>[\/vc_column_text][vc_column_text css=\u00bb.vc_custom_1705339180411{margin-bottom: 0px !important;}\u00bb]Permiti\u00e9ndote manejar tu tiempo de manera independiente y adapt\u00e1ndolo a tus preferencias.[\/vc_column_text][\/vc_column][\/mk_page_section][mk_page_section][vc_column width=\u00bb1\/2&#8243;][vc_column_text css=\u00bb.vc_custom_1705339202958{margin-bottom: 0px !important;}\u00bb]\n<p style=\"text-align: left;\"><strong><span style=\"color: #199bac;\">NUESTROS SERVICIOS<\/span><\/strong><\/p>\n[\/vc_column_text][vc_column_text css=\u00bb.vc_custom_1705339413041{margin-bottom: 0px !important;}\u00bb]\n<p class=\"p1\"><b>Transporte Terrestre de Carga: <\/b>Importaciones y Exportaciones desde Canad\u00e1, M\u00e9xico y Estados Unidos.<\/p>\n<p class=\"p1\"><b>Almacenamiento y Distribuci\u00f3n: <\/b>Ubicaciones estrat\u00e9gicas en Estados Unidos y M\u00e9xico, aumentando la demanda de los clientes en operaciones y capacidad de almacenamiento.<\/p>\n<p class=\"p1\"><b>Consultor\u00eda en Transporte y Log\u00edstica: <\/b>Nuestra experiencia en este campo nos permite ofrecer respuestas precisas a nuestros clientes sobre transporte y log\u00edstica en Canad\u00e1, M\u00e9xico y Estados Unidos.<\/p>\n<p class=\"p1\"><b>Rutas de Env\u00edo:<\/b> Cubrimos todos los pa\u00edses de Am\u00e9rica del Norte, desde Canad\u00e1, pasando por Estados Unidos hasta llegar a M\u00e9xico.<\/p>\n[\/vc_column_text][vc_empty_space height=\u00bb40px\u00bb][vc_empty_space height=\u00bb40px\u00bb][vc_empty_space height=\u00bb40px\u00bb][vc_column_text css=\u00bb.vc_custom_1705339447716{margin-bottom: 0px !important;}\u00bb]\n<p style=\"text-align: left;\"><strong><span style=\"color: #199bac;\">RESPONSABILIDADES DE NUESTROS AGENTES DE VENTAS INDEPENDIENTES:<\/span><\/strong><\/p>\n[\/vc_column_text][vc_column_text css=\u00bb.vc_custom_1705339489882{margin-bottom: 0px !important;}\u00bb]\n<ul>\n<li>Promocionar los servicios log\u00edsticos de transporte de carga de Mexicom Group a contactos y clientes potenciales.<\/li>\n<li>Establecer nuevas cuentas de clientes.<\/li>\n<li>Cultivar y mantener relaciones con los clientes.<\/li>\n<li>Presentar cotizaciones de carga generadas por nuestro departamento de ventas.<\/li>\n<\/ul>\n[\/vc_column_text][\/vc_column][vc_column width=\u00bb1\/2&#8243;][vc_single_image image=\u00bb19885&#8243; img_size=\u00bbmedium\u00bb alignment=\u00bbright\u00bb css_animation=\u00bbfadeInRight\u00bb][vc_empty_space height=\u00bb40px\u00bb][vc_empty_space height=\u00bb40px\u00bb][vc_empty_space height=\u00bb40px\u00bb][vc_empty_space height=\u00bb40px\u00bb][vc_empty_space height=\u00bb40px\u00bb][vc_empty_space height=\u00bb40px\u00bb][vc_empty_space height=\u00bb40px\u00bb][vc_empty_space height=\u00bb40px\u00bb][vc_empty_space height=\u00bb40px\u00bb][vc_empty_space height=\u00bb40px\u00bb][vc_empty_space height=\u00bb40px\u00bb][vc_separator color=\u00bbcustom\u00bb align=\u00bbalign_right\u00bb border_width=\u00bb4&#8243; el_width=\u00bb70&#8243; accent_color=\u00bb#e20c14&#8243;][vc_empty_space height=\u00bb40px\u00bb][mk_fancy_title color=\u00bb#e20c14&#8243; size=\u00bb24&#8243; font_weight=\u00bbbold\u00bb font_family=\u00bbnone\u00bb]\n<p style=\"text-align: right;\">T\u00da TE ENFOCAS EN LAS VENTAS, NOSOTROS NOS ENCARGAMOS DEL RESTO.<\/p>\n[\/mk_fancy_title][vc_column_text css=\u00bb.vc_custom_1705339593093{margin-bottom: 0px !important;}\u00bb]\n<p style=\"text-align: right;\">Como nuestro agente de ventas independiente, solo tienes que enfocarte en las ventas mientras nosotros nos encargamos de todas las tareas operativas y administrativas.<\/p>\n[\/vc_column_text][\/vc_column][\/mk_page_section][mk_page_section][vc_column width=\u00bb1\/2&#8243;][vc_empty_space height=\u00bb50px\u00bb][vc_empty_space height=\u00bb50px\u00bb][mk_fancy_title color=\u00bb#e20c14&#8243; size=\u00bb24&#8243; font_family=\u00bbnone\u00bb]\n<p style=\"text-align: left;\">APLICA LLENANDO EL FORMULARIO<\/p>\n[\/mk_fancy_title][vc_empty_space height=\u00bb12px\u00bb][vc_raw_html]JTNDc2NyaXB0JTIwY2hhcnNldCUzRCUyMnV0Zi04JTIyJTIwdHlwZSUzRCUyMnRleHQlMkZqYXZhc2NyaXB0JTIyJTIwc3JjJTNEJTIyJTJGJTJGanMuaHNmb3Jtcy5uZXQlMkZmb3JtcyUyRmVtYmVkJTJGdjIuanMlMjIlM0UlM0MlMkZzY3JpcHQlM0UlMEElM0NzY3JpcHQlM0UlMEElMjAlMjBoYnNwdC5mb3Jtcy5jcmVhdGUlMjglN0IlMEElMjAlMjAlMjAlMjByZWdpb24lM0ElMjAlMjJuYTElMjIlMkMlMEElMjAlMjAlMjAlMjBwb3J0YWxJZCUzQSUyMCUyMjIxNTUxMDg4JTIyJTJDJTBBJTIwJTIwJTIwJTIwZm9ybUlkJTNBJTIwJTIyZDhmZGIwOWItNDU0MC00ZmFjLTgwOTktNjEyOGFjNzYxNzBjJTIyJTBBJTIwJTIwJTdEJTI5JTNCJTBBJTNDJTJGc2NyaXB0JTNF[\/vc_raw_html][\/vc_column][vc_column width=\u00bb1\/2&#8243;][vc_empty_space height=\u00bb50px\u00bb][vc_empty_space height=\u00bb50px\u00bb][vc_empty_space height=\u00bb50px\u00bb][vc_empty_space][vc_empty_space][vc_single_image image=\u00bb19837&#8243; img_size=\u00bbmedium\u00bb alignment=\u00bbright\u00bb css_animation=\u00bbfadeInRight\u00bb][\/vc_column][\/mk_page_section][mk_page_section][vc_column][vc_empty_space height=\u00bb12px\u00bb][vc_column_text css=\u00bb.vc_custom_1705339668983{margin-bottom: 0px !important;}\u00bb]\n<p class=\"p1\"><b>Interesados contactar: Marben Acosta, Marketing and Sales Strategy Manager &#8211; macosta@mexicomlogistics.com<\/b><\/p>\n[\/vc_column_text][\/vc_column][\/mk_page_section]\n","protected":false},"excerpt":{"rendered":"<p>[mk_page_section][vc_column][layerslider_vc id=\u00bb15&#8243;][vc_empty_space][\/vc_column][\/mk_page_section][mk_page_section][vc_column width=\u00bb1\/4&#8243;][\/vc_column][vc_column width=\u00bb1\/2&#8243;][vc_empty_space][vc_empty_space][mk_fancy_title color=\u00bb#e20c14&#8243; size=\u00bb24&#8243; font_weight=\u00bbbold\u00bb font_family=\u00bbnone\u00bb] Agentes de Ventas Independientes [\/mk_fancy_title][vc_empty_space height=\u00bb12px\u00bb][vc_single_image image=\u00bb19941&#8243; img_size=\u00bbfull\u00bb alignment=\u00bbcenter\u00bb css_animation=\u00bbslideInUp\u00bb][vc_empty_space height=\u00bb12px\u00bb][vc_column_text css=\u00bb.vc_custom_1705338742711{margin-bottom: 0px !important;}\u00bb] Estamos buscando agentes de ventas independientes con experiencia en la industria del transporte de carga y log\u00edstica. Interesados en una oportunidad de ventas basada en comisiones dentro de la divisi\u00f3n de ventas de [&hellip;]<\/p>\n","protected":false},"author":8,"featured_media":0,"parent":0,"menu_order":0,"comment_status":"closed","ping_status":"closed","template":"","meta":{"content-type":"","jetpack_post_was_ever_published":false,"footnotes":""},"class_list":["post-19901","page","type-page","status-publish","hentry"],"yoast_head":"<!-- This site is optimized with the Yoast SEO plugin v27.3 - https:\/\/yoast.com\/product\/yoast-seo-wordpress\/ -->\n<title>VACANTES - Agentes de Ventas Independientes\/ML - Mexicom Logistics<\/title>\n<meta name=\"robots\" content=\"index, follow, max-snippet:-1, max-image-preview:large, max-video-preview:-1\" \/>\n<link rel=\"canonical\" href=\"https:\/\/mexicomlogistics.com\/es\/vacantes-agentes-de-ventas-independientes\/\" \/>\n<meta property=\"og:locale\" content=\"es_ES\" \/>\n<meta property=\"og:type\" content=\"article\" \/>\n<meta property=\"og:title\" content=\"VACANTES - Agentes de Ventas Independientes\/ML - Mexicom Logistics\" \/>\n<meta property=\"og:description\" content=\"[mk_page_section][vc_column][layerslider_vc id=\u00bb15&#8243;][vc_empty_space][\/vc_column][\/mk_page_section][mk_page_section][vc_column width=\u00bb1\/4&#8243;][\/vc_column][vc_column width=\u00bb1\/2&#8243;][vc_empty_space][vc_empty_space][mk_fancy_title color=\u00bb#e20c14&#8243; size=\u00bb24&#8243; font_weight=\u00bbbold\u00bb font_family=\u00bbnone\u00bb] Agentes de Ventas Independientes [\/mk_fancy_title][vc_empty_space height=\u00bb12px\u00bb][vc_single_image image=\u00bb19941&#8243; img_size=\u00bbfull\u00bb alignment=\u00bbcenter\u00bb css_animation=\u00bbslideInUp\u00bb][vc_empty_space height=\u00bb12px\u00bb][vc_column_text css=\u00bb.vc_custom_1705338742711{margin-bottom: 0px !important;}\u00bb] Estamos buscando agentes de ventas independientes con experiencia en la industria del transporte de carga y log\u00edstica. Interesados en una oportunidad de ventas basada en comisiones dentro de la divisi\u00f3n de ventas de [&hellip;]\" \/>\n<meta property=\"og:url\" content=\"https:\/\/mexicomlogistics.com\/es\/vacantes-agentes-de-ventas-independientes\/\" \/>\n<meta property=\"og:site_name\" content=\"Mexicom Logistics\" \/>\n<meta property=\"article:modified_time\" content=\"2024-01-15T18:44:32+00:00\" \/>\n<meta name=\"twitter:card\" content=\"summary_large_image\" \/>\n<meta name=\"twitter:label1\" content=\"Tiempo de lectura\" \/>\n\t<meta name=\"twitter:data1\" content=\"4 minutos\" \/>\n<script type=\"application\/ld+json\" class=\"yoast-schema-graph\">{\"@context\":\"https:\\\/\\\/schema.org\",\"@graph\":[{\"@type\":\"WebPage\",\"@id\":\"https:\\\/\\\/mexicomlogistics.com\\\/es\\\/vacantes-agentes-de-ventas-independientes\\\/\",\"url\":\"https:\\\/\\\/mexicomlogistics.com\\\/es\\\/vacantes-agentes-de-ventas-independientes\\\/\",\"name\":\"VACANTES - Agentes de Ventas Independientes\\\/ML - Mexicom Logistics\",\"isPartOf\":{\"@id\":\"https:\\\/\\\/mexicomlogistics.com\\\/es\\\/#website\"},\"datePublished\":\"2024-01-10T21:36:57+00:00\",\"dateModified\":\"2024-01-15T18:44:32+00:00\",\"breadcrumb\":{\"@id\":\"https:\\\/\\\/mexicomlogistics.com\\\/es\\\/vacantes-agentes-de-ventas-independientes\\\/#breadcrumb\"},\"inLanguage\":\"es\",\"potentialAction\":[{\"@type\":\"ReadAction\",\"target\":[\"https:\\\/\\\/mexicomlogistics.com\\\/es\\\/vacantes-agentes-de-ventas-independientes\\\/\"]}]},{\"@type\":\"BreadcrumbList\",\"@id\":\"https:\\\/\\\/mexicomlogistics.com\\\/es\\\/vacantes-agentes-de-ventas-independientes\\\/#breadcrumb\",\"itemListElement\":[{\"@type\":\"ListItem\",\"position\":1,\"name\":\"Home\",\"item\":\"https:\\\/\\\/mexicomlogistics.com\\\/es\\\/\"},{\"@type\":\"ListItem\",\"position\":2,\"name\":\"VACANTES &#8211; Agentes de Ventas Independientes\\\/ML\"}]},{\"@type\":\"WebSite\",\"@id\":\"https:\\\/\\\/mexicomlogistics.com\\\/es\\\/#website\",\"url\":\"https:\\\/\\\/mexicomlogistics.com\\\/es\\\/\",\"name\":\"Mexicom Logistics\",\"description\":\"Ship with confidence\",\"publisher\":{\"@id\":\"https:\\\/\\\/mexicomlogistics.com\\\/es\\\/#organization\"},\"potentialAction\":[{\"@type\":\"SearchAction\",\"target\":{\"@type\":\"EntryPoint\",\"urlTemplate\":\"https:\\\/\\\/mexicomlogistics.com\\\/es\\\/?s={search_term_string}\"},\"query-input\":{\"@type\":\"PropertyValueSpecification\",\"valueRequired\":true,\"valueName\":\"search_term_string\"}}],\"inLanguage\":\"es\"},{\"@type\":\"Organization\",\"@id\":\"https:\\\/\\\/mexicomlogistics.com\\\/es\\\/#organization\",\"name\":\"Mexicom Logistics\",\"url\":\"https:\\\/\\\/mexicomlogistics.com\\\/es\\\/\",\"logo\":{\"@type\":\"ImageObject\",\"inLanguage\":\"es\",\"@id\":\"https:\\\/\\\/mexicomlogistics.com\\\/es\\\/#\\\/schema\\\/logo\\\/image\\\/\",\"url\":\"https:\\\/\\\/mexicomlogistics.com\\\/wp-content\\\/uploads\\\/2017\\\/03\\\/logo-white.jpg\",\"contentUrl\":\"https:\\\/\\\/mexicomlogistics.com\\\/wp-content\\\/uploads\\\/2017\\\/03\\\/logo-white.jpg\",\"width\":617,\"height\":402,\"caption\":\"Mexicom Logistics\"},\"image\":{\"@id\":\"https:\\\/\\\/mexicomlogistics.com\\\/es\\\/#\\\/schema\\\/logo\\\/image\\\/\"}}]}<\/script>\n<!-- \/ Yoast SEO plugin. -->","yoast_head_json":{"title":"VACANTES - Agentes de Ventas Independientes\/ML - Mexicom Logistics","robots":{"index":"index","follow":"follow","max-snippet":"max-snippet:-1","max-image-preview":"max-image-preview:large","max-video-preview":"max-video-preview:-1"},"canonical":"https:\/\/mexicomlogistics.com\/es\/vacantes-agentes-de-ventas-independientes\/","og_locale":"es_ES","og_type":"article","og_title":"VACANTES - Agentes de Ventas Independientes\/ML - Mexicom Logistics","og_description":"[mk_page_section][vc_column][layerslider_vc id=\u00bb15&#8243;][vc_empty_space][\/vc_column][\/mk_page_section][mk_page_section][vc_column width=\u00bb1\/4&#8243;][\/vc_column][vc_column width=\u00bb1\/2&#8243;][vc_empty_space][vc_empty_space][mk_fancy_title color=\u00bb#e20c14&#8243; size=\u00bb24&#8243; font_weight=\u00bbbold\u00bb font_family=\u00bbnone\u00bb] Agentes de Ventas Independientes [\/mk_fancy_title][vc_empty_space height=\u00bb12px\u00bb][vc_single_image image=\u00bb19941&#8243; img_size=\u00bbfull\u00bb alignment=\u00bbcenter\u00bb css_animation=\u00bbslideInUp\u00bb][vc_empty_space height=\u00bb12px\u00bb][vc_column_text css=\u00bb.vc_custom_1705338742711{margin-bottom: 0px !important;}\u00bb] Estamos buscando agentes de ventas independientes con experiencia en la industria del transporte de carga y log\u00edstica. Interesados en una oportunidad de ventas basada en comisiones dentro de la divisi\u00f3n de ventas de [&hellip;]","og_url":"https:\/\/mexicomlogistics.com\/es\/vacantes-agentes-de-ventas-independientes\/","og_site_name":"Mexicom Logistics","article_modified_time":"2024-01-15T18:44:32+00:00","twitter_card":"summary_large_image","twitter_misc":{"Tiempo de lectura":"4 minutos"},"schema":{"@context":"https:\/\/schema.org","@graph":[{"@type":"WebPage","@id":"https:\/\/mexicomlogistics.com\/es\/vacantes-agentes-de-ventas-independientes\/","url":"https:\/\/mexicomlogistics.com\/es\/vacantes-agentes-de-ventas-independientes\/","name":"VACANTES - Agentes de Ventas Independientes\/ML - Mexicom Logistics","isPartOf":{"@id":"https:\/\/mexicomlogistics.com\/es\/#website"},"datePublished":"2024-01-10T21:36:57+00:00","dateModified":"2024-01-15T18:44:32+00:00","breadcrumb":{"@id":"https:\/\/mexicomlogistics.com\/es\/vacantes-agentes-de-ventas-independientes\/#breadcrumb"},"inLanguage":"es","potentialAction":[{"@type":"ReadAction","target":["https:\/\/mexicomlogistics.com\/es\/vacantes-agentes-de-ventas-independientes\/"]}]},{"@type":"BreadcrumbList","@id":"https:\/\/mexicomlogistics.com\/es\/vacantes-agentes-de-ventas-independientes\/#breadcrumb","itemListElement":[{"@type":"ListItem","position":1,"name":"Home","item":"https:\/\/mexicomlogistics.com\/es\/"},{"@type":"ListItem","position":2,"name":"VACANTES &#8211; Agentes de Ventas Independientes\/ML"}]},{"@type":"WebSite","@id":"https:\/\/mexicomlogistics.com\/es\/#website","url":"https:\/\/mexicomlogistics.com\/es\/","name":"Mexicom Logistics","description":"Ship with confidence","publisher":{"@id":"https:\/\/mexicomlogistics.com\/es\/#organization"},"potentialAction":[{"@type":"SearchAction","target":{"@type":"EntryPoint","urlTemplate":"https:\/\/mexicomlogistics.com\/es\/?s={search_term_string}"},"query-input":{"@type":"PropertyValueSpecification","valueRequired":true,"valueName":"search_term_string"}}],"inLanguage":"es"},{"@type":"Organization","@id":"https:\/\/mexicomlogistics.com\/es\/#organization","name":"Mexicom Logistics","url":"https:\/\/mexicomlogistics.com\/es\/","logo":{"@type":"ImageObject","inLanguage":"es","@id":"https:\/\/mexicomlogistics.com\/es\/#\/schema\/logo\/image\/","url":"https:\/\/mexicomlogistics.com\/wp-content\/uploads\/2017\/03\/logo-white.jpg","contentUrl":"https:\/\/mexicomlogistics.com\/wp-content\/uploads\/2017\/03\/logo-white.jpg","width":617,"height":402,"caption":"Mexicom Logistics"},"image":{"@id":"https:\/\/mexicomlogistics.com\/es\/#\/schema\/logo\/image\/"}}]}},"jetpack_sharing_enabled":true,"jetpack_shortlink":"https:\/\/wp.me\/P8vZ39-5aZ","_links":{"self":[{"href":"https:\/\/mexicomlogistics.com\/es\/wp-json\/wp\/v2\/pages\/19901","targetHints":{"allow":["GET"]}}],"collection":[{"href":"https:\/\/mexicomlogistics.com\/es\/wp-json\/wp\/v2\/pages"}],"about":[{"href":"https:\/\/mexicomlogistics.com\/es\/wp-json\/wp\/v2\/types\/page"}],"author":[{"embeddable":true,"href":"https:\/\/mexicomlogistics.com\/es\/wp-json\/wp\/v2\/users\/8"}],"replies":[{"embeddable":true,"href":"https:\/\/mexicomlogistics.com\/es\/wp-json\/wp\/v2\/comments?post=19901"}],"version-history":[{"count":0,"href":"https:\/\/mexicomlogistics.com\/es\/wp-json\/wp\/v2\/pages\/19901\/revisions"}],"wp:attachment":[{"href":"https:\/\/mexicomlogistics.com\/es\/wp-json\/wp\/v2\/media?parent=19901"}],"curies":[{"name":"wp","href":"https:\/\/api.w.org\/{rel}","templated":true}]}}