{"id":18750,"date":"2023-06-05T22:09:26","date_gmt":"2023-06-06T02:09:26","guid":{"rendered":"https:\/\/mexicomlogistics.com\/carriers-page\/"},"modified":"2026-02-03T11:45:43","modified_gmt":"2026-02-03T16:45:43","slug":"espacio-de-transportistas","status":"publish","type":"page","link":"https:\/\/mexicomlogistics.com\/es\/espacio-de-transportistas\/","title":{"rendered":"Espacio de transportistas"},"content":{"rendered":"<div class=\"wpb-content-wrapper\">[mk_page_section][vc_column][layerslider_vc id=\u00bb4&#8243;][vc_empty_space][\/vc_column][\/mk_page_section][mk_page_section][vc_column width=\u00bb1\/6&#8243;][\/vc_column][vc_column width=\u00bb2\/3&#8243;][vc_empty_space][mk_fancy_title color=\u00bb#e20c14&#8243; size=\u00bb24&#8243; font_weight=\u00bbbold\u00bb font_family=\u00bbnone\u00bb]\n<p style=\"text-align: center;\">\u00bfERES UN TRANSPORTISTA DE CARGA INTERNACIONAL?<\/p>\n[\/mk_fancy_title][vc_column_text css=\u00bb.vc_custom_1686023908710{margin-bottom: 0px !important;}\u00bb]\n<h3 style=\"text-align: center;\"><\/h3>\n<h4 style=\"text-align: center;\">\u00a1Carga para Mexicom Logistics!<\/h4>\n<p style=\"text-align: center;\">Tenemos cargas constantes entre M\u00e9xico, Estados Unidos y Canad\u00e1<\/p>\n[\/vc_column_text][vc_empty_space][\/vc_column][vc_column width=\u00bb1\/6&#8243;][\/vc_column][\/mk_page_section][mk_page_section sidebar=\u00bbsidebar-1&#8243;][vc_column width=\u00bb1\/6&#8243;][\/vc_column][vc_column border_color=\u00bb#e2e2e2&#8243; width=\u00bb2\/3&#8243; css=\u00bb.vc_custom_1686020967205{background-color: #f4f4f4 !important;}\u00bb][vc_column_text css=\u00bb.vc_custom_1686024233134{margin-bottom: 0px !important;}\u00bb]<span style=\"color: #d80300;\">ALERTA CONTRA FRAUDES:\u00a0<\/span> Mexicom Logistics nunca realiza confirmaci\u00f3n de cargas o tenders solo por v\u00eda telef\u00f3nica, siempre hay un respaldo oficial escrito.\u00a0 En caso de duda, cont\u00e1ctenos\u00a0 a trav\u00e9s de nuestros n\u00fameros telef\u00f3nicos y formularios oficiales que aparecen en esta p\u00e1gina.[\/vc_column_text][\/vc_column][vc_column width=\u00bb1\/6&#8243;][\/vc_column][\/mk_page_section][mk_page_section][vc_column][vc_empty_space][vc_single_image image=\u00bb18752&#8243; img_size=\u00bbfull\u00bb alignment=\u00bbcenter\u00bb css_animation=\u00bbslideInLeft\u00bb][\/vc_column][\/mk_page_section][mk_page_section][vc_column width=\u00bb1\/6&#8243;][\/vc_column][vc_column width=\u00bb2\/3&#8243;][vc_empty_space][mk_blockquote style=\u00bbline-style\u00bb font_family=\u00bbnone\u00bb]\n<p style=\"text-align: center;\">\u00abMover carga para Mexicom da certeza, sobre todo en los pagos\u201d<\/p>\n<p style=\"text-align: center;\">Luis Gonz\u00e1lez<\/p>\n[\/mk_blockquote][vc_empty_space][\/vc_column][vc_column width=\u00bb1\/6&#8243;][\/vc_column][\/mk_page_section][mk_page_section][vc_column width=\u00bb1\/6&#8243;][\/vc_column][vc_column width=\u00bb2\/3&#8243;][vc_empty_space][mk_fancy_title color=\u00bb#e20c14&#8243; size=\u00bb24&#8243; font_family=\u00bbnone\u00bb]\n<p style=\"text-align: center;\">VENTAJAS DE MOVER CARGA CON NOSOTROS<\/p>\n[\/mk_fancy_title][\/vc_column][vc_column width=\u00bb1\/6&#8243;][\/vc_column][\/mk_page_section][mk_page_section][vc_column][vc_empty_space][vc_row_inner][vc_column_inner width=\u00bb1\/6&#8243;][vc_single_image image=\u00bb157&#8243; img_size=\u00bb75&#215;77&#8243; alignment=\u00bbright\u00bb css_animation=\u00bbbottom-to-top\u00bb][vc_empty_space height=\u00bb40px\u00bb][\/vc_column_inner][vc_column_inner width=\u00bb4\/6&#8243;][vc_column_text css=\u00bb.vc_custom_1685930697538{margin-bottom: 0px !important;}\u00bb]<span style=\"color: #199bac;\">[\/vc_column_text][vc_column_text css=\u00bb.vc_custom_1686024684121{margin-bottom: 0px !important;}\u00bb]<span style=\"color: #199bac;\">PAGO SEGURO Y A TIEMPO<\/span>[\/vc_column_text][vc_column_text css=\u00bb.vc_custom_1686024695919{margin-bottom: 0px !important;}\u00bb]Somos una empresa\u00a0 bien consolidada, con 18 a\u00f1os de experiencia en la industria del transporte y log\u00edstica en M\u00e9xico, Estados Unidos y Canad\u00e1.[\/vc_column_text][\/vc_column_inner][vc_column_inner width=\u00bb1\/6&#8243;][\/vc_column_inner][\/vc_row_inner][vc_row_inner][vc_column_inner width=\u00bb1\/6&#8243;][vc_single_image image=\u00bb157&#8243; img_size=\u00bb75&#215;77&#8243; alignment=\u00bbright\u00bb css_animation=\u00bbbottom-to-top\u00bb][vc_empty_space height=\u00bb40px\u00bb][\/vc_column_inner][vc_column_inner width=\u00bb4\/6&#8243;][vc_column_text css=\u00bb.vc_custom_1686024712629{margin-bottom: 0px !important;}\u00bb]<span style=\"color: #199bac;\">T\u00da DECIDES LA FORMA DE PAGO<\/span>[\/vc_column_text][vc_column_text css=\u00bb.vc_custom_1686024725821{margin-bottom: 0px !important;}\u00bb]Podemos adaptarnos a la forma de pago que m\u00e1s te convenga.[\/vc_column_text][\/vc_column_inner][vc_column_inner width=\u00bb1\/6&#8243;][\/vc_column_inner][\/vc_row_inner][vc_row_inner][vc_column_inner width=\u00bb1\/6&#8243;][vc_single_image image=\u00bb157&#8243; img_size=\u00bb75&#215;77&#8243; alignment=\u00bbright\u00bb css_animation=\u00bbbottom-to-top\u00bb][vc_empty_space height=\u00bb40px\u00bb][\/vc_column_inner][vc_column_inner width=\u00bb4\/6&#8243;][vc_column_text css=\u00bb.vc_custom_1686024742775{margin-bottom: 0px !important;}\u00bb]<span style=\"color: #199bac;\">FLEXIBILIDAD EN LOS D\u00cdAS DE CR\u00c9DITO<\/span>[\/vc_column_text][vc_column_text css=\u00bb.vc_custom_1686024756346{margin-bottom: 0px !important;}\u00bb]En Mexicom, trabajamos con nuestros\u00a0 transportistas con la mayor\u00a0 flexibilidad posible, adapt\u00e1ndonos a los d\u00edas de cr\u00e9dito que sea m\u00e1s conveniente para nuestros proveedores.[\/vc_column_text][\/vc_column_inner][vc_column_inner width=\u00bb1\/6&#8243;][\/vc_column_inner][\/vc_row_inner][vc_row_inner][vc_column_inner width=\u00bb1\/6&#8243;][vc_single_image image=\u00bb157&#8243; img_size=\u00bb75&#215;77&#8243; alignment=\u00bbright\u00bb css_animation=\u00bbbottom-to-top\u00bb][vc_empty_space height=\u00bb40px\u00bb][\/vc_column_inner][vc_column_inner width=\u00bb4\/6&#8243;][vc_column_text css=\u00bb.vc_custom_1686024773243{margin-bottom: 0px !important;}\u00bb]<span style=\"color: #199bac;\">PAGO EN EL TIPO DE DIVISA QUE M\u00c1S TE CONVENGA\u00a0<\/span>[\/vc_column_text][vc_column_text css=\u00bb.vc_custom_1686024799514{margin-bottom: 0px !important;}\u00bb]Al ser parte de Grupo Mexicom,\u00a0 con empresas en Canad\u00e1, EUA y M\u00e9xico,\u00a0 podemos efectuar el pago a nuestros transportistas en\u00a0 d\u00f3lares canadienses, d\u00f3lares americanos o en pesos mexicanos.[\/vc_column_text][\/vc_column_inner][vc_column_inner width=\u00bb1\/6&#8243;][\/vc_column_inner][\/vc_row_inner][vc_row_inner][vc_column_inner width=\u00bb1\/6&#8243;][vc_single_image image=\u00bb157&#8243; img_size=\u00bb75&#215;77&#8243; alignment=\u00bbright\u00bb css_animation=\u00bbbottom-to-top\u00bb][vc_empty_space height=\u00bb40px\u00bb][\/vc_column_inner][vc_column_inner width=\u00bb4\/6&#8243;][vc_column_text css=\u00bb.vc_custom_1686024843529{margin-bottom: 0px !important;}\u00bb]<span style=\"color: #199bac;\">PROGRAMACI\u00d3N DE CARGAS<\/span>[\/vc_column_text][vc_column_text css=\u00bb.vc_custom_1686024857857{margin-bottom: 0px !important;}\u00bb]Gracias a que contamos con contratos de cargas por proyecto, podemos programar los servicios de las cargas\u00a0 de manera anticipada.[\/vc_column_text][\/vc_column_inner][vc_column_inner width=\u00bb1\/6&#8243;][\/vc_column_inner][\/vc_row_inner][vc_row_inner][vc_column_inner width=\u00bb1\/6&#8243;][vc_single_image image=\u00bb157&#8243; img_size=\u00bb75&#215;77&#8243; alignment=\u00bbright\u00bb css_animation=\u00bbbottom-to-top\u00bb][vc_empty_space height=\u00bb40px\u00bb][\/vc_column_inner][vc_column_inner width=\u00bb4\/6&#8243;][vc_column_text css=\u00bb.vc_custom_1686024881175{margin-bottom: 0px !important;}\u00bb]<span style=\"color: #199bac;\">CARGAS DE IDA Y VUELTA<\/span>[\/vc_column_text][vc_column_text css=\u00bb.vc_custom_1686024892170{margin-bottom: 0px !important;}\u00bb]Nuestro crecimiento exponencial y el gran volumen de demanda de carga nos permite contar con carga tanto de exportaci\u00f3n como de importaci\u00f3n en nuestras diferentes rutas.[\/vc_column_text][\/vc_column_inner][vc_column_inner width=\u00bb1\/6&#8243;][\/vc_column_inner][\/vc_row_inner][vc_empty_space height=\u00bb40px\u00bb][vc_empty_space height=\u00bb50px\u00bb][vc_row_inner][vc_column_inner][mk_button dimension=\u00bboutline\u00bb corner_style=\u00bbfull_rounded\u00bb size=\u00bblarge\u00bb icon_anim=\u00bbside\u00bb url=\u00bbhttps:\/\/mexicomlogistics.com\/\u00bb target=\u00bb_blank\u00bb align=\u00bbcenter\u00bb outline_skin=\u00bbcustom\u00bb outline_active_text_color=\u00bb#de0c14&#8243; outline_hover_bg_color=\u00bb#de0c14&#8243; outline_hover_color=\u00bb#ffffff\u00bb]Conoce m\u00e1s sobre Mexicom Logistics[\/mk_button][\/vc_column_inner][\/vc_row_inner][vc_empty_space height=\u00bb40px\u00bb][vc_empty_space height=\u00bb40px\u00bb][vc_empty_space height=\u00bb40px\u00bb][\/vc_column][\/mk_page_section][mk_page_section][vc_column width=\u00bb1\/6&#8243;][\/vc_column][vc_column width=\u00bb2\/3&#8243;][mk_fancy_title color=\u00bb#e20c14&#8243; size=\u00bb24&#8243; font_family=\u00bbnone\u00bb]\u00a0<\/span><\/p>\n<p style=\"text-align: center;\">REG\u00cdSTRATE COMO TRANSPORTISTA CON MEXICOM<\/p>\n[\/mk_fancy_title][vc_empty_space][\/vc_column][vc_column width=\u00bb1\/6&#8243;][\/vc_column][\/mk_page_section][mk_page_section][vc_column width=\u00bb1\/2&#8243;][vc_column_text css=\u00bb.vc_custom_1686024962314{margin-bottom: 0px !important;}\u00bb]\n<p style=\"text-align: center;\"><span style=\"color: #199bac;\">TRANSPORTISTAS AMERICANOS<\/span><\/p>\n[\/vc_column_text][mk_button dimension=\u00bboutline\u00bb corner_style=\u00bbfull_rounded\u00bb size=\u00bblarge\u00bb letter_spacing=\u00bb0&#8243; icon_anim=\u00bbside\u00bb url=\u00bbhttps:\/\/mexicomcarriers.rmissecure.com\/_s\/reg\/GeneralRequirementsV2.aspx\u00bb target=\u00bb_blank\u00bb align=\u00bbcenter\u00bb button_custom_width=\u00bb0&#8243; margin_top=\u00bb0&#8243; margin_bottom=\u00bb15&#8243; margin_right=\u00bb15&#8243; outline_skin=\u00bbcustom\u00bb outline_active_text_color=\u00bb#de0c14&#8243; outline_hover_bg_color=\u00bb#de0c14&#8243; outline_hover_color=\u00bb#ffffff\u00bb]Completa el formulario de registro [\/mk_button][vc_empty_space][\/vc_column][vc_column width=\u00bb1\/2&#8243;][vc_column_text css=\u00bb.vc_custom_1686024976648{margin-bottom: 0px !important;}\u00bb]\n<p style=\"text-align: center;\"><span style=\"color: #199bac;\">TRANSPORTISTAS MEXICANOS<\/span><\/p>\n[\/vc_column_text][mk_button dimension=\u00bboutline\u00bb corner_style=\u00bbfull_rounded\u00bb size=\u00bblarge\u00bb icon_anim=\u00bbside\u00bb url=\u00bbhttps:\/\/mexicomlogistics.com\/es\/formulario-para-nuevos-transportistas-mexicanos\/\u00bb target=\u00bb_blank\u00bb align=\u00bbcenter\u00bb outline_skin=\u00bbcustom\u00bb outline_active_text_color=\u00bb#de0c14&#8243; outline_hover_bg_color=\u00bb#de0c14&#8243; outline_hover_color=\u00bb#ffffff\u00bb]Completa el formulario de registro[\/mk_button][vc_empty_space][\/vc_column][\/mk_page_section][mk_page_section section_id=\u00bbcarriercontact\u00bb sidebar=\u00bbsidebar-1&#8243;][vc_column width=\u00bb1\/6&#8243;][\/vc_column][vc_column width=\u00bb5\/6&#8243;][vc_empty_space height=\u00bb40px\u00bb][mk_fancy_title color=\u00bb#e20c14&#8243; size=\u00bb24&#8243; font_family=\u00bbnone\u00bb]\n<p style=\"text-align: left;\">CONT\u00c1CTANOS<\/p>\n[\/mk_fancy_title][\/vc_column][\/mk_page_section][mk_page_section][vc_column width=\u00bb1\/6&#8243;][\/vc_column][vc_column width=\u00bb5\/6&#8243;][vc_empty_space height=\u00bb40px\u00bb][vc_column_text css=\u00bb.vc_custom_1686025170097{margin-bottom: 0px !important;}\u00bb]<span style=\"color: #199bac;\">TRANSPORTISTAS MEXICANOS<\/span><\/p>\n<p>Departamento de Compras en M\u00e9xico: 52 55 9990 3912<\/p>\n<p>O bien, a nuestros tel\u00e9fonos en M\u00e9xico:<\/p>\n<p class=\"p1\">52 55 5695 3495 &amp; 52 55 5633 9140<\/p>\n<p>Exts. 232, 500 y 580<\/p>\n<p>&nbsp;<\/p>\n<p><span style=\"color: #199bac;\">TRANSPORTISTAS AMERICANOS<\/span><\/p>\n<p>Departamento de Compras para EUA y Canad\u00e1:\u00a0 514 345-6533<\/p>\n<p>O bien, a nuestros tel\u00e9fonos en EUA y Canad\u00e1:<\/p>\n<p class=\"p1\">514 667 0174\u00a0 y 514 667 0175\u00a0 Exts. \u00a0251, 229, 225 y 232<\/p>\n[\/vc_column_text][\/vc_column][\/mk_page_section]\n<\/div>","protected":false},"excerpt":{"rendered":"<p>[mk_page_section][vc_column][layerslider_vc id=\u00bb4&#8243;][vc_empty_space][\/vc_column][\/mk_page_section][mk_page_section][vc_column width=\u00bb1\/6&#8243;][\/vc_column][vc_column width=\u00bb2\/3&#8243;][vc_empty_space][mk_fancy_title color=\u00bb#e20c14&#8243; size=\u00bb24&#8243; font_weight=\u00bbbold\u00bb font_family=\u00bbnone\u00bb] \u00bfERES UN TRANSPORTISTA DE CARGA INTERNACIONAL? [\/mk_fancy_title][vc_column_text css=\u00bb.vc_custom_1686023908710{margin-bottom: 0px !important;}\u00bb] \u00a1Carga para Mexicom Logistics! Tenemos cargas constantes entre M\u00e9xico, Estados Unidos y Canad\u00e1 [\/vc_column_text][vc_empty_space][\/vc_column][vc_column width=\u00bb1\/6&#8243;][\/vc_column][\/mk_page_section][mk_page_section sidebar=\u00bbsidebar-1&#8243;][vc_column width=\u00bb1\/6&#8243;][\/vc_column][vc_column border_color=\u00bb#e2e2e2&#8243; width=\u00bb2\/3&#8243; css=\u00bb.vc_custom_1686020967205{background-color: #f4f4f4 !important;}\u00bb][vc_column_text css=\u00bb.vc_custom_1686024233134{margin-bottom: 0px !important;}\u00bb]ALERTA CONTRA FRAUDES:\u00a0 Mexicom Logistics nunca realiza confirmaci\u00f3n de cargas o tenders solo [&hellip;]<\/p>\n","protected":false},"author":4,"featured_media":0,"parent":0,"menu_order":0,"comment_status":"closed","ping_status":"closed","template":"","meta":{"content-type":"","jetpack_post_was_ever_published":false,"footnotes":""},"class_list":["post-18750","page","type-page","status-publish","hentry"],"yoast_head":"<!-- This site is optimized with the Yoast SEO plugin v27.3 - https:\/\/yoast.com\/product\/yoast-seo-wordpress\/ -->\n<title>Espacio de transportistas - Mexicom Logistics<\/title>\n<meta name=\"robots\" content=\"index, follow, max-snippet:-1, max-image-preview:large, max-video-preview:-1\" \/>\n<link rel=\"canonical\" href=\"https:\/\/mexicomlogistics.com\/es\/espacio-de-transportistas\/\" \/>\n<meta property=\"og:locale\" content=\"es_ES\" \/>\n<meta property=\"og:type\" content=\"article\" \/>\n<meta property=\"og:title\" content=\"Espacio de transportistas - Mexicom Logistics\" \/>\n<meta property=\"og:description\" content=\"[mk_page_section][vc_column][layerslider_vc id=\u00bb4&#8243;][vc_empty_space][\/vc_column][\/mk_page_section][mk_page_section][vc_column width=\u00bb1\/6&#8243;][\/vc_column][vc_column width=\u00bb2\/3&#8243;][vc_empty_space][mk_fancy_title color=\u00bb#e20c14&#8243; size=\u00bb24&#8243; font_weight=\u00bbbold\u00bb font_family=\u00bbnone\u00bb] \u00bfERES UN TRANSPORTISTA DE CARGA INTERNACIONAL? [\/mk_fancy_title][vc_column_text css=\u00bb.vc_custom_1686023908710{margin-bottom: 0px !important;}\u00bb] \u00a1Carga para Mexicom Logistics! Tenemos cargas constantes entre M\u00e9xico, Estados Unidos y Canad\u00e1 [\/vc_column_text][vc_empty_space][\/vc_column][vc_column width=\u00bb1\/6&#8243;][\/vc_column][\/mk_page_section][mk_page_section sidebar=\u00bbsidebar-1&#8243;][vc_column width=\u00bb1\/6&#8243;][\/vc_column][vc_column border_color=\u00bb#e2e2e2&#8243; width=\u00bb2\/3&#8243; css=\u00bb.vc_custom_1686020967205{background-color: #f4f4f4 !important;}\u00bb][vc_column_text css=\u00bb.vc_custom_1686024233134{margin-bottom: 0px !important;}\u00bb]ALERTA CONTRA FRAUDES:\u00a0 Mexicom Logistics nunca realiza confirmaci\u00f3n de cargas o tenders solo [&hellip;]\" \/>\n<meta property=\"og:url\" content=\"https:\/\/mexicomlogistics.com\/es\/espacio-de-transportistas\/\" \/>\n<meta property=\"og:site_name\" content=\"Mexicom Logistics\" \/>\n<meta property=\"article:modified_time\" content=\"2026-02-03T16:45:43+00:00\" \/>\n<meta name=\"twitter:card\" content=\"summary_large_image\" \/>\n<meta name=\"twitter:label1\" content=\"Tiempo de lectura\" \/>\n\t<meta name=\"twitter:data1\" content=\"3 minutos\" \/>\n<script type=\"application\/ld+json\" class=\"yoast-schema-graph\">{\"@context\":\"https:\\\/\\\/schema.org\",\"@graph\":[{\"@type\":\"WebPage\",\"@id\":\"https:\\\/\\\/mexicomlogistics.com\\\/es\\\/espacio-de-transportistas\\\/\",\"url\":\"https:\\\/\\\/mexicomlogistics.com\\\/es\\\/espacio-de-transportistas\\\/\",\"name\":\"Espacio de transportistas - Mexicom Logistics\",\"isPartOf\":{\"@id\":\"https:\\\/\\\/mexicomlogistics.com\\\/es\\\/#website\"},\"datePublished\":\"2023-06-06T02:09:26+00:00\",\"dateModified\":\"2026-02-03T16:45:43+00:00\",\"breadcrumb\":{\"@id\":\"https:\\\/\\\/mexicomlogistics.com\\\/es\\\/espacio-de-transportistas\\\/#breadcrumb\"},\"inLanguage\":\"es\",\"potentialAction\":[{\"@type\":\"ReadAction\",\"target\":[\"https:\\\/\\\/mexicomlogistics.com\\\/es\\\/espacio-de-transportistas\\\/\"]}]},{\"@type\":\"BreadcrumbList\",\"@id\":\"https:\\\/\\\/mexicomlogistics.com\\\/es\\\/espacio-de-transportistas\\\/#breadcrumb\",\"itemListElement\":[{\"@type\":\"ListItem\",\"position\":1,\"name\":\"Home\",\"item\":\"https:\\\/\\\/mexicomlogistics.com\\\/es\\\/\"},{\"@type\":\"ListItem\",\"position\":2,\"name\":\"Espacio de transportistas\"}]},{\"@type\":\"WebSite\",\"@id\":\"https:\\\/\\\/mexicomlogistics.com\\\/es\\\/#website\",\"url\":\"https:\\\/\\\/mexicomlogistics.com\\\/es\\\/\",\"name\":\"Mexicom Logistics\",\"description\":\"Ship with confidence\",\"publisher\":{\"@id\":\"https:\\\/\\\/mexicomlogistics.com\\\/es\\\/#organization\"},\"potentialAction\":[{\"@type\":\"SearchAction\",\"target\":{\"@type\":\"EntryPoint\",\"urlTemplate\":\"https:\\\/\\\/mexicomlogistics.com\\\/es\\\/?s={search_term_string}\"},\"query-input\":{\"@type\":\"PropertyValueSpecification\",\"valueRequired\":true,\"valueName\":\"search_term_string\"}}],\"inLanguage\":\"es\"},{\"@type\":\"Organization\",\"@id\":\"https:\\\/\\\/mexicomlogistics.com\\\/es\\\/#organization\",\"name\":\"Mexicom Logistics\",\"url\":\"https:\\\/\\\/mexicomlogistics.com\\\/es\\\/\",\"logo\":{\"@type\":\"ImageObject\",\"inLanguage\":\"es\",\"@id\":\"https:\\\/\\\/mexicomlogistics.com\\\/es\\\/#\\\/schema\\\/logo\\\/image\\\/\",\"url\":\"https:\\\/\\\/mexicomlogistics.com\\\/wp-content\\\/uploads\\\/2017\\\/03\\\/logo-white.jpg\",\"contentUrl\":\"https:\\\/\\\/mexicomlogistics.com\\\/wp-content\\\/uploads\\\/2017\\\/03\\\/logo-white.jpg\",\"width\":617,\"height\":402,\"caption\":\"Mexicom Logistics\"},\"image\":{\"@id\":\"https:\\\/\\\/mexicomlogistics.com\\\/es\\\/#\\\/schema\\\/logo\\\/image\\\/\"}}]}<\/script>\n<!-- \/ Yoast SEO plugin. -->","yoast_head_json":{"title":"Espacio de transportistas - Mexicom Logistics","robots":{"index":"index","follow":"follow","max-snippet":"max-snippet:-1","max-image-preview":"max-image-preview:large","max-video-preview":"max-video-preview:-1"},"canonical":"https:\/\/mexicomlogistics.com\/es\/espacio-de-transportistas\/","og_locale":"es_ES","og_type":"article","og_title":"Espacio de transportistas - Mexicom Logistics","og_description":"[mk_page_section][vc_column][layerslider_vc id=\u00bb4&#8243;][vc_empty_space][\/vc_column][\/mk_page_section][mk_page_section][vc_column width=\u00bb1\/6&#8243;][\/vc_column][vc_column width=\u00bb2\/3&#8243;][vc_empty_space][mk_fancy_title color=\u00bb#e20c14&#8243; size=\u00bb24&#8243; font_weight=\u00bbbold\u00bb font_family=\u00bbnone\u00bb] \u00bfERES UN TRANSPORTISTA DE CARGA INTERNACIONAL? [\/mk_fancy_title][vc_column_text css=\u00bb.vc_custom_1686023908710{margin-bottom: 0px !important;}\u00bb] \u00a1Carga para Mexicom Logistics! Tenemos cargas constantes entre M\u00e9xico, Estados Unidos y Canad\u00e1 [\/vc_column_text][vc_empty_space][\/vc_column][vc_column width=\u00bb1\/6&#8243;][\/vc_column][\/mk_page_section][mk_page_section sidebar=\u00bbsidebar-1&#8243;][vc_column width=\u00bb1\/6&#8243;][\/vc_column][vc_column border_color=\u00bb#e2e2e2&#8243; width=\u00bb2\/3&#8243; css=\u00bb.vc_custom_1686020967205{background-color: #f4f4f4 !important;}\u00bb][vc_column_text css=\u00bb.vc_custom_1686024233134{margin-bottom: 0px !important;}\u00bb]ALERTA CONTRA FRAUDES:\u00a0 Mexicom Logistics nunca realiza confirmaci\u00f3n de cargas o tenders solo [&hellip;]","og_url":"https:\/\/mexicomlogistics.com\/es\/espacio-de-transportistas\/","og_site_name":"Mexicom Logistics","article_modified_time":"2026-02-03T16:45:43+00:00","twitter_card":"summary_large_image","twitter_misc":{"Tiempo de lectura":"3 minutos"},"schema":{"@context":"https:\/\/schema.org","@graph":[{"@type":"WebPage","@id":"https:\/\/mexicomlogistics.com\/es\/espacio-de-transportistas\/","url":"https:\/\/mexicomlogistics.com\/es\/espacio-de-transportistas\/","name":"Espacio de transportistas - Mexicom Logistics","isPartOf":{"@id":"https:\/\/mexicomlogistics.com\/es\/#website"},"datePublished":"2023-06-06T02:09:26+00:00","dateModified":"2026-02-03T16:45:43+00:00","breadcrumb":{"@id":"https:\/\/mexicomlogistics.com\/es\/espacio-de-transportistas\/#breadcrumb"},"inLanguage":"es","potentialAction":[{"@type":"ReadAction","target":["https:\/\/mexicomlogistics.com\/es\/espacio-de-transportistas\/"]}]},{"@type":"BreadcrumbList","@id":"https:\/\/mexicomlogistics.com\/es\/espacio-de-transportistas\/#breadcrumb","itemListElement":[{"@type":"ListItem","position":1,"name":"Home","item":"https:\/\/mexicomlogistics.com\/es\/"},{"@type":"ListItem","position":2,"name":"Espacio de transportistas"}]},{"@type":"WebSite","@id":"https:\/\/mexicomlogistics.com\/es\/#website","url":"https:\/\/mexicomlogistics.com\/es\/","name":"Mexicom Logistics","description":"Ship with confidence","publisher":{"@id":"https:\/\/mexicomlogistics.com\/es\/#organization"},"potentialAction":[{"@type":"SearchAction","target":{"@type":"EntryPoint","urlTemplate":"https:\/\/mexicomlogistics.com\/es\/?s={search_term_string}"},"query-input":{"@type":"PropertyValueSpecification","valueRequired":true,"valueName":"search_term_string"}}],"inLanguage":"es"},{"@type":"Organization","@id":"https:\/\/mexicomlogistics.com\/es\/#organization","name":"Mexicom Logistics","url":"https:\/\/mexicomlogistics.com\/es\/","logo":{"@type":"ImageObject","inLanguage":"es","@id":"https:\/\/mexicomlogistics.com\/es\/#\/schema\/logo\/image\/","url":"https:\/\/mexicomlogistics.com\/wp-content\/uploads\/2017\/03\/logo-white.jpg","contentUrl":"https:\/\/mexicomlogistics.com\/wp-content\/uploads\/2017\/03\/logo-white.jpg","width":617,"height":402,"caption":"Mexicom Logistics"},"image":{"@id":"https:\/\/mexicomlogistics.com\/es\/#\/schema\/logo\/image\/"}}]}},"jetpack_sharing_enabled":true,"jetpack_shortlink":"https:\/\/wp.me\/P8vZ39-4Sq","_links":{"self":[{"href":"https:\/\/mexicomlogistics.com\/es\/wp-json\/wp\/v2\/pages\/18750","targetHints":{"allow":["GET"]}}],"collection":[{"href":"https:\/\/mexicomlogistics.com\/es\/wp-json\/wp\/v2\/pages"}],"about":[{"href":"https:\/\/mexicomlogistics.com\/es\/wp-json\/wp\/v2\/types\/page"}],"author":[{"embeddable":true,"href":"https:\/\/mexicomlogistics.com\/es\/wp-json\/wp\/v2\/users\/4"}],"replies":[{"embeddable":true,"href":"https:\/\/mexicomlogistics.com\/es\/wp-json\/wp\/v2\/comments?post=18750"}],"version-history":[{"count":1,"href":"https:\/\/mexicomlogistics.com\/es\/wp-json\/wp\/v2\/pages\/18750\/revisions"}],"predecessor-version":[{"id":22683,"href":"https:\/\/mexicomlogistics.com\/es\/wp-json\/wp\/v2\/pages\/18750\/revisions\/22683"}],"wp:attachment":[{"href":"https:\/\/mexicomlogistics.com\/es\/wp-json\/wp\/v2\/media?parent=18750"}],"curies":[{"name":"wp","href":"https:\/\/api.w.org\/{rel}","templated":true}]}}