{"id":14074,"date":"2020-12-02T18:02:15","date_gmt":"2020-12-02T23:02:15","guid":{"rendered":"https:\/\/mexicomlogistics.com\/?page_id=14074"},"modified":"2021-01-18T14:15:04","modified_gmt":"2021-01-18T19:15:04","slug":"unete-a-nuestra-red-de-transportistas","status":"publish","type":"page","link":"https:\/\/mexicomlogistics.com\/es\/unete-a-nuestra-red-de-transportistas\/","title":{"rendered":"\u00danete a nuestra red de transportistas"},"content":{"rendered":"<div class=\"wpb-content-wrapper\">[vc_row visibility=\u00bbhidden-sm\u00bb css=\u00bb.vc_custom_1607015027642{background-image: url(https:\/\/mexicomlogistics.com\/wp-content\/uploads\/2020\/12\/screen-shot-2020-12-03-at-12.02.55-pm.png?id=14329) !important;background-position: center !important;background-repeat: no-repeat !important;background-size: cover !important;}\u00bb el_class=\u00bbtrucking-row-1&#8243;][vc_column][mk_padding_divider size=\u00bb100&#8243; visibility=\u00bbvisible-sm\u00bb][mk_padding_divider size=\u00bb250&#8243; visibility=\u00bbhidden-sm\u00bb][mk_padding_divider size=\u00bb250&#8243; visibility=\u00bbhidden-sm\u00bb][\/vc_column][\/vc_row][vc_row][vc_column][mk_padding_divider size=\u00bb20&#8243;][mk_padding_divider size=\u00bb20&#8243;][mk_button dimension=\u00bbtwo\u00bb corner_style=\u00bbfull_rounded\u00bb size=\u00bbx-large\u00bb url=\u00bbhttps:\/\/mexicomlogistics.com\/es\/unete-a-nuestra-red-de-transportistas\/#Registro-de-transportistas\u00bb target=\u00bb_blank\u00bb align=\u00bbcenter\u00bb bg_color=\u00bb#ff0000&#8243;]\u00a1REG\u00cdSTRATE AHORA MISMO![\/mk_button][\/vc_column][\/vc_row][vc_row equal_columns=\u00bbtrue\u00bb visibility=\u00bbhidden-sm\u00bb css=\u00bb.vc_custom_1568230930903{padding-top: 20px !important;padding-right: 20px !important;padding-bottom: 20px !important;padding-left: 20px !important;border-radius: 3px !important;}\u00bb][vc_column][mk_title_box font_family=\u00bbnone\u00bb]\n<h1 style=\"text-align: center;\">\u00danete a nuestra red de transportistas Mexicom Logistics\u00ae<\/h1>\n<p>&nbsp;<\/p>\n<div id=\"gtx-trans\" style=\"position: absolute; left: -34px; top: 64.2528px;\">\n<div class=\"gtx-trans-icon\"><\/div>\n<\/div>\n[\/mk_title_box][vc_column_text css=\u00bb.vc_custom_1610995347771{margin-bottom: 0px !important;}\u00bb]Mexicom Logistics\u00ae tiene m\u00e1s de 16 a\u00f1os brindando servicios confiables de transporte de carga internacional entre M\u00e9xico, Estados Unidos y Canad\u00e1. Junto con nuestra red de transportistas, ofrecemos soluciones de cami\u00f3n completo, carga consolidada y carga parcial que se adaptan a las necesidades de nuestros clientes.<\/p>\n<h3>\u00a1Te invitamos a crecer con Mexicom Logistics\u00ae!<\/h3>\n[\/vc_column_text][vc_separator color=\u00bbpeacoc\u00bb][mk_padding_divider size=\u00bb20&#8243;][vc_column_text css=\u00bb.vc_custom_1606864323008{margin-bottom: 0px !important;}\u00bb]\n<h2 style=\"text-align: center;\"><span style=\"color: #008080;\">BENEFICIOS DE SER PROVEEDOR TRANSPORTISTA PARA MEXICOM LOGISTICS\u00ae<\/span><\/h2>\n[\/vc_column_text][\/vc_column][\/vc_row][vc_row equal_columns=\u00bbtrue\u00bb css=\u00bb.vc_custom_1548957668669{padding-top: 20px !important;padding-right: 20px !important;padding-bottom: 20px !important;padding-left: 20px !important;border-radius: 3px !important;}\u00bb][vc_column][vc_column_text css=\u00bb.vc_custom_1606511155591{margin-bottom: 0px !important;}\u00bb]\n<h4 style=\"text-align: center;\"><span style=\"color: #008080;\">Opciones de pago acelerado\u00a0<\/span><\/h4>\n[\/vc_column_text][vc_single_image image=\u00bb5610&#8243; img_size=\u00bbfull\u00bb alignment=\u00bbcenter\u00bb][vc_column_text css=\u00bb.vc_custom_1606864405282{margin-bottom: 0px !important;}\u00bb]\n<h4 style=\"text-align: center;\">\u00a0Pago en 1 d\u00eda con Quick Pay*<\/h4>\n<p style=\"text-align: center;\">En efectivo, al d\u00eda siguiente de entregada la carga.<\/p>\n<h4 style=\"text-align: center;\">Pago en 14 d\u00edas con QuickPay *<\/h4>\n<p style=\"text-align: center;\">Despu\u00e9s de entregada la carga.<\/p>\n<h4 style=\"text-align: center;\">Pago est\u00e1ndar en 21 d\u00edas<\/h4>\n<p style=\"text-align: center;\">Periodo m\u00e1s corto que\u00a0 otras compa\u00f1\u00edas log\u00edsticas.<\/p>\n[\/vc_column_text][vc_separator style=\u00bbdotted\u00bb][vc_column_text css=\u00bb.vc_custom_1606864362256{margin-bottom: 0px !important;}\u00bb]\n<p style=\"text-align: center;\">* Se aplican cargos.<\/p>\n[\/vc_column_text][\/vc_column][\/vc_row][vc_row equal_columns=\u00bbtrue\u00bb css=\u00bb.vc_custom_1548957668669{padding-top: 20px !important;padding-right: 20px !important;padding-bottom: 20px !important;padding-left: 20px !important;border-radius: 3px !important;}\u00bb][vc_column][vc_separator color=\u00bbpeacoc\u00bb][mk_padding_divider size=\u00bb20&#8243;][vc_column_text css=\u00bb.vc_custom_1606514905841{margin-bottom: 0px !important;}\u00bb]\n<h2 style=\"text-align: center;\"><span style=\"color: #008080;\">Te damos las cargas que mejor se adapten a tus\u00a0 preferencias y capacidades<\/span><\/h2>\n<h2 style=\"text-align: center;\"><\/h2>\n[\/vc_column_text][\/vc_column][\/vc_row][vc_row][vc_column blend_mode=\u00bboverlay\u00bb width=\u00bb1\/3&#8243;][mk_milestone icon_size=\u00bblarge\u00bb align=\u00bbcenter\u00bb stop=\u00bb17000&#8243; speed=\u00bb1000&#8243; text=\u00bbCargas por a\u00f1o\u00bb text_color=\u00bb#000000&#8243; text_size=\u00bb\u00bb font_family=\u00bbRaleway\u00bb font_type=\u00bbgoogle\u00bb font_weight=\u00bb500&#8243; desc_size=\u00bb21&#8243;][\/vc_column][vc_column width=\u00bb1\/3&#8243;][mk_milestone icon_size=\u00bblarge\u00bb align=\u00bbcenter\u00bb stop=\u00bb1800&#8243; speed=\u00bb1000&#8243; text=\u00bbClientes\u00bb text_color=\u00bb#000000&#8243; text_size=\u00bb\u00bb font_family=\u00bbRaleway\u00bb font_type=\u00bbgoogle\u00bb font_weight=\u00bb500&#8243; desc_size=\u00bb21&#8243;][\/vc_column][vc_column width=\u00bb1\/3&#8243;][mk_milestone icon_size=\u00bblarge\u00bb align=\u00bbcenter\u00bb stop=\u00bb50%\u00bb speed=\u00bb1000&#8243; suffix=\u00bb%\u00bb text=\u00bbNegocios hechos con nuestros transportistas de base\u00bb text_color=\u00bb#000000&#8243; text_size=\u00bb\u00bb font_family=\u00bbRaleway\u00bb font_type=\u00bbgoogle\u00bb font_weight=\u00bb500&#8243; desc_size=\u00bb21&#8243;][\/vc_column][\/vc_row][vc_row equal_columns=\u00bbtrue\u00bb column_padding=\u00bb2&#8243; css=\u00bb.vc_custom_1548196999483{padding-top: 20px !important;padding-right: 20px !important;padding-bottom: 20px !important;padding-left: 20px !important;border-radius: 4px !important;}\u00bb][vc_column][mk_button dimension=\u00bbtwo\u00bb corner_style=\u00bbfull_rounded\u00bb size=\u00bblarge\u00bb url=\u00bbhttps:\/\/mexicomlogistics.com\/es\/unete-a-nuestra-red-de-transportistas\/#Registro-de-transportistas\u00bb target=\u00bb_blank\u00bb align=\u00bbcenter\u00bb bg_color=\u00bb#ff0000&#8243;]\u00a1REG\u00cdSTRATE AHORA MISMO![\/mk_button][mk_divider margin_top=\u00bb30&#8243;][mk_divider style=\u00bbpadding_space\u00bb margin_top=\u00bb30&#8243;][\/vc_column][\/vc_row][vc_row equal_columns=\u00bbtrue\u00bb css=\u00bb.vc_custom_1548958507158{padding-top: 20px !important;padding-right: 20px !important;padding-bottom: 20px !important;padding-left: 20px !important;border-radius: 3px !important;}\u00bb][vc_column][mk_padding_divider size=\u00bb20&#8243;][mk_title_box font_family=\u00bbnone\u00bb]\n<h3 style=\"text-align: center;\"><span style=\"color: #ff0000;\">Nuestra \u00e1rea de servicio\u00a0<\/span><\/h3>\n<h3 style=\"text-align: center;\"><\/h3>\n[\/mk_title_box][\/vc_column][\/vc_row][vc_row equal_columns=\u00bbtrue\u00bb css=\u00bb.vc_custom_1548960091626{padding-top: 20px !important;padding-right: 20px !important;padding-bottom: 20px !important;padding-left: 20px !important;background-color: rgba(49,145,160,0.07) !important;*background-color: rgb(49,145,160) !important;border-radius: 3px !important;}\u00bb][vc_column width=\u00bb1\/6&#8243;][mk_padding_divider size=\u00bb20&#8243;][vc_column_text css=\u00bb.vc_custom_1606515071613{margin-bottom: 0px !important;}\u00bb]\n<h4>En Canad\u00e1<\/h4>\n<p class=\"p1\">Quebec<\/p>\n<p>Ontario<\/p>\n<p>British Colombia<\/p>\n<p>Alberta[\/vc_column_text][\/vc_column][vc_column width=\u00bb1\/6&#8243;][mk_padding_divider size=\u00bb20&#8243;][vc_column_text css=\u00bb.vc_custom_1606515083965{margin-bottom: 0px !important;}\u00bb]\n<h4>En Estados Unidos<\/h4>\n<p class=\"p1\">Midwest<\/p>\n<p class=\"p1\">North East<\/p>\n<p class=\"p1\">Texas<\/p>\n<p class=\"p1\">California<\/p>\n<p class=\"p1\">Florida<\/p>\n<p class=\"p1\">Georgia<\/p>\n<p class=\"p1\">North Carolina<\/p>\n<p class=\"p1\">South Carolina<\/p>\n[\/vc_column_text][\/vc_column][vc_column width=\u00bb1\/6&#8243;][mk_padding_divider size=\u00bb20&#8243;][vc_column_text css=\u00bb.vc_custom_1606515094618{margin-bottom: 0px !important;}\u00bb]\n<h4>En M\u00e9xico<\/h4>\n<p class=\"p1\">Baj\u00edo<\/p>\n<p class=\"p1\">Guadalajara<\/p>\n<p class=\"p1\">Monterrey<\/p>\n<p class=\"p1\">Puebla<\/p>\n<p class=\"p1\">CDMX<\/p>\n<p class=\"p1\">San Luis Potosi<\/p>\n<p class=\"p1\">Aguascalientes<\/p>\n[\/vc_column_text][\/vc_column][vc_column width=\u00bb1\/2&#8243;][mk_padding_divider size=\u00bb20&#8243;][vc_single_image image=\u00bb14095&#8243; img_size=\u00bbfull\u00bb][\/vc_column][\/vc_row][vc_row equal_columns=\u00bbtrue\u00bb css=\u00bb.vc_custom_1548960073673{padding-top: 20px !important;padding-right: 20px !important;padding-bottom: 20px !important;padding-left: 20px !important;background-color: rgba(49,145,160,0.07) !important;*background-color: rgb(49,145,160) !important;border-radius: 3px !important;}\u00bb][vc_column width=\u00bb1\/6&#8243;][\/vc_column][vc_column width=\u00bb2\/3&#8243;][mk_padding_divider size=\u00bb20&#8243;][vc_column_text css=\u00bb.vc_custom_1606864521481{margin-bottom: 0px !important;}\u00bb]\n<h4>50%\u00a0 cargas internacionales entre Canad\u00e1, Estados Unidos y M\u00e9xico<\/h4>\n[\/vc_column_text][vc_column_text css=\u00bb.vc_custom_1606864530765{margin-bottom: 0px !important;}\u00bb]\n<h4>50%\u00a0 cargas dentro de Estados Unidos<\/h4>\n<h4><\/h4>\n[\/vc_column_text][mk_padding_divider size=\u00bb20&#8243;][\/vc_column][vc_column width=\u00bb1\/6&#8243;][\/vc_column][\/vc_row][vc_row equal_columns=\u00bbtrue\u00bb css=\u00bb.vc_custom_1548957668669{padding-top: 20px !important;padding-right: 20px !important;padding-bottom: 20px !important;padding-left: 20px !important;border-radius: 3px !important;}\u00bb][vc_column][vc_separator color=\u00bbpeacoc\u00bb][mk_padding_divider size=\u00bb20&#8243;][vc_column_text css=\u00bb.vc_custom_1606866670997{margin-bottom: 0px !important;}\u00bb]\n<h3 style=\"text-align: center;\"><span style=\"color: #008080;\">\u00bfTrabajas fuera de nuestra \u00e1rea de servicio?\u00a0<\/span><\/h3>\n<p style=\"text-align: center;\">Siempre estamos en b\u00fasqueda de desarrollar nuevos negocios y rutas. \u00a1Reg\u00edstrate con nosotros! Podr\u00edamos hacer negocios contigo m\u00e1s adelante.<\/p>\n[\/vc_column_text][\/vc_column][\/vc_row][vc_row equal_columns=\u00bbtrue\u00bb css=\u00bb.vc_custom_1606316107832{padding-top: 20px !important;padding-right: 20px !important;padding-bottom: 20px !important;padding-left: 20px !important;border-radius: 3px !important;}\u00bb id=\u00bbcarrierform\u00bb][vc_column][vc_separator color=\u00bbpeacoc\u00bb][mk_padding_divider size=\u00bb20&#8243;][vc_column_text el_class=\u00bb#Registro-de-transportistas\u00bb css=\u00bb.vc_custom_1607013135004{margin-bottom: 0px !important;}\u00bb]\n<h2 style=\"text-align: center;\"><span style=\"color: #008080;\">Registro de transportistas<\/span><\/h2>\n<h4 style=\"text-align: center;\">Llena este formulario y te contactaremos en menos de una hora.<\/h4>\n<h2 style=\"text-align: center;\"><\/h2>\n[\/vc_column_text][\/vc_column][\/vc_row][vc_row equal_columns=\u00bbtrue\u00bb css=\u00bb.vc_custom_1607013845857{padding-top: 20px !important;padding-right: 20px !important;padding-bottom: 20px !important;padding-left: 20px !important;border-radius: 3px !important;}\u00bb id=\u00bbRegistro-de-transportistas\u00bb][vc_column width=\u00bb1\/6&#8243;][\/vc_column][vc_column width=\u00bb2\/3&#8243;][vc_raw_html]JTNDaWZyYW1lJTIwc3JjJTNEJTIyaHR0cHMlM0ElMkYlMkZkb2NzLmdvb2dsZS5jb20lMkZmb3JtcyUyRmQlMkZlJTJGMUZBSXBRTFNmSkdvWDVyd0xkbjc0aHJGZUdnbEdKLWVtWUZ1Yk5UU2ZvcGhSTTBiT0dWUzYtR1ElMkZ2aWV3Zm9ybSUzRmVtYmVkZGVkJTNEdHJ1ZSUyMiUyMHdpZHRoJTNEJTIyNjQwJTIyJTIwaGVpZ2h0JTNEJTIyNTY5MiUyMiUyMGZyYW1lYm9yZGVyJTNEJTIyMCUyMiUyMG1hcmdpbmhlaWdodCUzRCUyMjAlMjIlMjBtYXJnaW53aWR0aCUzRCUyMjAlMjIlM0VMb2FkaW5nJUUyJTgwJUE2JTNDJTJGaWZyYW1lJTNF[\/vc_raw_html][\/vc_column][vc_column width=\u00bb1\/6&#8243;][\/vc_column][\/vc_row][vc_row equal_columns=\u00bbtrue\u00bb css=\u00bb.vc_custom_1548885248600{padding-top: 20px !important;padding-right: 20px !important;padding-bottom: 20px !important;padding-left: 20px !important;border-radius: 3px !important;}\u00bb][vc_column][mk_divider style=\u00bbpadding_space\u00bb margin_top=\u00bb30&#8243;][\/vc_column][\/vc_row][vc_row][vc_column][mk_divider][mk_padding_divider size=\u00bb7&#8243;][mk_padding_divider size=\u00bb7&#8243;][\/vc_column][\/vc_row][vc_row][vc_column][vc_facebook][mk_social_networks size=\u00bbx-large\u00bb icon_color=\u00bb#146372&#8243; icon_hover_color=\u00bb#eeeeee\u00bb facebook=\u00bbhttps:\/\/www.facebook.com\/MexLog\/\u00bb twitter=\u00bbhttps:\/\/twitter.com\/MexicomLogistic\u00bb linkedin=\u00bbhttps:\/\/www.linkedin.com\/company\/mexicom-logistics\/\u00bb][\/vc_column][\/vc_row][vc_row][vc_column][vc_column_text][\/vc_column_text][\/vc_column][\/vc_row][vc_row][vc_column][vc_column_text]&nbsp;[\/vc_column_text][\/vc_column][\/vc_row]\n<\/div>","protected":false},"excerpt":{"rendered":"<p>[vc_row visibility=\u00bbhidden-sm\u00bb css=\u00bb.vc_custom_1607015027642{background-image: url(https:\/\/mexicomlogistics.com\/wp-content\/uploads\/2020\/12\/screen-shot-2020-12-03-at-12.02.55-pm.png?id=14329) !important;background-position: center !important;background-repeat: no-repeat !important;background-size: cover !important;}\u00bb el_class=\u00bbtrucking-row-1&#8243;][vc_column][mk_padding_divider size=\u00bb100&#8243; visibility=\u00bbvisible-sm\u00bb][mk_padding_divider size=\u00bb250&#8243; visibility=\u00bbhidden-sm\u00bb][mk_padding_divider size=\u00bb250&#8243; visibility=\u00bbhidden-sm\u00bb][\/vc_column][\/vc_row][vc_row][vc_column][mk_padding_divider size=\u00bb20&#8243;][mk_padding_divider size=\u00bb20&#8243;][mk_button dimension=\u00bbtwo\u00bb corner_style=\u00bbfull_rounded\u00bb size=\u00bbx-large\u00bb url=\u00bbhttps:\/\/mexicomlogistics.com\/es\/unete-a-nuestra-red-de-transportistas\/#Registro-de-transportistas\u00bb target=\u00bb_blank\u00bb align=\u00bbcenter\u00bb bg_color=\u00bb#ff0000&#8243;]\u00a1REG\u00cdSTRATE AHORA MISMO![\/mk_button][\/vc_column][\/vc_row][vc_row equal_columns=\u00bbtrue\u00bb visibility=\u00bbhidden-sm\u00bb css=\u00bb.vc_custom_1568230930903{padding-top: 20px !important;padding-right: 20px !important;padding-bottom: 20px !important;padding-left: 20px !important;border-radius: 3px !important;}\u00bb][vc_column][mk_title_box font_family=\u00bbnone\u00bb] \u00danete a nuestra red de transportistas Mexicom Logistics\u00ae &nbsp; [\/mk_title_box][vc_column_text css=\u00bb.vc_custom_1610995347771{margin-bottom: 0px [&hellip;]<\/p>\n","protected":false},"author":4,"featured_media":0,"parent":0,"menu_order":0,"comment_status":"closed","ping_status":"closed","template":"","meta":{"content-type":"","jetpack_post_was_ever_published":false,"footnotes":""},"class_list":["post-14074","page","type-page","status-publish","hentry"],"yoast_head":"<!-- This site is optimized with the Yoast SEO plugin v27.2 - https:\/\/yoast.com\/product\/yoast-seo-wordpress\/ -->\n<title>\u00danete a nuestra red de transportistas - Mexicom Logistics<\/title>\n<meta name=\"description\" content=\"\u00daNETE A NUESTRA RED DE TRANSPORTISTAS Mexicom Logistics tiene m\u00e1s de 16 a\u00f1os brindando servicios confiables de transporte de carga internacional entre M\u00e9xico, Estados Unidos y Canad\u00e1.\" \/>\n<meta name=\"robots\" content=\"index, follow, max-snippet:-1, max-image-preview:large, max-video-preview:-1\" \/>\n<link rel=\"canonical\" href=\"https:\/\/mexicomlogistics.com\/es\/unete-a-nuestra-red-de-transportistas\/\" \/>\n<meta property=\"og:locale\" content=\"es_ES\" \/>\n<meta property=\"og:type\" content=\"article\" \/>\n<meta property=\"og:title\" content=\"\u00danete a nuestra red de transportistas - Mexicom Logistics\" \/>\n<meta property=\"og:description\" content=\"\u00daNETE A NUESTRA RED DE TRANSPORTISTAS Mexicom Logistics tiene m\u00e1s de 16 a\u00f1os brindando servicios confiables de transporte de carga internacional entre M\u00e9xico, Estados Unidos y Canad\u00e1.\" \/>\n<meta property=\"og:url\" content=\"https:\/\/mexicomlogistics.com\/es\/unete-a-nuestra-red-de-transportistas\/\" \/>\n<meta property=\"og:site_name\" content=\"Mexicom Logistics\" \/>\n<meta property=\"article:modified_time\" content=\"2021-01-18T19:15:04+00:00\" \/>\n<meta name=\"twitter:card\" content=\"summary_large_image\" \/>\n<meta name=\"twitter:label1\" content=\"Tiempo de lectura\" \/>\n\t<meta name=\"twitter:data1\" content=\"6 minutos\" \/>\n<script type=\"application\/ld+json\" class=\"yoast-schema-graph\">{\"@context\":\"https:\/\/schema.org\",\"@graph\":[{\"@type\":\"WebPage\",\"@id\":\"https:\/\/mexicomlogistics.com\/es\/unete-a-nuestra-red-de-transportistas\/\",\"url\":\"https:\/\/mexicomlogistics.com\/es\/unete-a-nuestra-red-de-transportistas\/\",\"name\":\"\u00danete a nuestra red de transportistas - Mexicom Logistics\",\"isPartOf\":{\"@id\":\"https:\/\/mexicomlogistics.com\/es\/#website\"},\"datePublished\":\"2020-12-02T23:02:15+00:00\",\"dateModified\":\"2021-01-18T19:15:04+00:00\",\"description\":\"\u00daNETE A NUESTRA RED DE TRANSPORTISTAS Mexicom Logistics tiene m\u00e1s de 16 a\u00f1os brindando servicios confiables de transporte de carga internacional entre M\u00e9xico, Estados Unidos y Canad\u00e1.\",\"breadcrumb\":{\"@id\":\"https:\/\/mexicomlogistics.com\/es\/unete-a-nuestra-red-de-transportistas\/#breadcrumb\"},\"inLanguage\":\"es\",\"potentialAction\":[{\"@type\":\"ReadAction\",\"target\":[\"https:\/\/mexicomlogistics.com\/es\/unete-a-nuestra-red-de-transportistas\/\"]}]},{\"@type\":\"BreadcrumbList\",\"@id\":\"https:\/\/mexicomlogistics.com\/es\/unete-a-nuestra-red-de-transportistas\/#breadcrumb\",\"itemListElement\":[{\"@type\":\"ListItem\",\"position\":1,\"name\":\"Home\",\"item\":\"https:\/\/mexicomlogistics.com\/es\/\"},{\"@type\":\"ListItem\",\"position\":2,\"name\":\"\u00danete a nuestra red de transportistas\"}]},{\"@type\":\"WebSite\",\"@id\":\"https:\/\/mexicomlogistics.com\/es\/#website\",\"url\":\"https:\/\/mexicomlogistics.com\/es\/\",\"name\":\"Mexicom Logistics\",\"description\":\"Ship with confidence\",\"publisher\":{\"@id\":\"https:\/\/mexicomlogistics.com\/es\/#organization\"},\"potentialAction\":[{\"@type\":\"SearchAction\",\"target\":{\"@type\":\"EntryPoint\",\"urlTemplate\":\"https:\/\/mexicomlogistics.com\/es\/?s={search_term_string}\"},\"query-input\":{\"@type\":\"PropertyValueSpecification\",\"valueRequired\":true,\"valueName\":\"search_term_string\"}}],\"inLanguage\":\"es\"},{\"@type\":\"Organization\",\"@id\":\"https:\/\/mexicomlogistics.com\/es\/#organization\",\"name\":\"Mexicom Logistics\",\"url\":\"https:\/\/mexicomlogistics.com\/es\/\",\"logo\":{\"@type\":\"ImageObject\",\"inLanguage\":\"es\",\"@id\":\"https:\/\/mexicomlogistics.com\/es\/#\/schema\/logo\/image\/\",\"url\":\"https:\/\/mexicomlogistics.com\/wp-content\/uploads\/2017\/03\/logo-white.jpg\",\"contentUrl\":\"https:\/\/mexicomlogistics.com\/wp-content\/uploads\/2017\/03\/logo-white.jpg\",\"width\":617,\"height\":402,\"caption\":\"Mexicom Logistics\"},\"image\":{\"@id\":\"https:\/\/mexicomlogistics.com\/es\/#\/schema\/logo\/image\/\"}}]}<\/script>\n<!-- \/ Yoast SEO plugin. -->","yoast_head_json":{"title":"\u00danete a nuestra red de transportistas - Mexicom Logistics","description":"\u00daNETE A NUESTRA RED DE TRANSPORTISTAS Mexicom Logistics tiene m\u00e1s de 16 a\u00f1os brindando servicios confiables de transporte de carga internacional entre M\u00e9xico, Estados Unidos y Canad\u00e1.","robots":{"index":"index","follow":"follow","max-snippet":"max-snippet:-1","max-image-preview":"max-image-preview:large","max-video-preview":"max-video-preview:-1"},"canonical":"https:\/\/mexicomlogistics.com\/es\/unete-a-nuestra-red-de-transportistas\/","og_locale":"es_ES","og_type":"article","og_title":"\u00danete a nuestra red de transportistas - Mexicom Logistics","og_description":"\u00daNETE A NUESTRA RED DE TRANSPORTISTAS Mexicom Logistics tiene m\u00e1s de 16 a\u00f1os brindando servicios confiables de transporte de carga internacional entre M\u00e9xico, Estados Unidos y Canad\u00e1.","og_url":"https:\/\/mexicomlogistics.com\/es\/unete-a-nuestra-red-de-transportistas\/","og_site_name":"Mexicom Logistics","article_modified_time":"2021-01-18T19:15:04+00:00","twitter_card":"summary_large_image","twitter_misc":{"Tiempo de lectura":"6 minutos"},"schema":{"@context":"https:\/\/schema.org","@graph":[{"@type":"WebPage","@id":"https:\/\/mexicomlogistics.com\/es\/unete-a-nuestra-red-de-transportistas\/","url":"https:\/\/mexicomlogistics.com\/es\/unete-a-nuestra-red-de-transportistas\/","name":"\u00danete a nuestra red de transportistas - Mexicom Logistics","isPartOf":{"@id":"https:\/\/mexicomlogistics.com\/es\/#website"},"datePublished":"2020-12-02T23:02:15+00:00","dateModified":"2021-01-18T19:15:04+00:00","description":"\u00daNETE A NUESTRA RED DE TRANSPORTISTAS Mexicom Logistics tiene m\u00e1s de 16 a\u00f1os brindando servicios confiables de transporte de carga internacional entre M\u00e9xico, Estados Unidos y Canad\u00e1.","breadcrumb":{"@id":"https:\/\/mexicomlogistics.com\/es\/unete-a-nuestra-red-de-transportistas\/#breadcrumb"},"inLanguage":"es","potentialAction":[{"@type":"ReadAction","target":["https:\/\/mexicomlogistics.com\/es\/unete-a-nuestra-red-de-transportistas\/"]}]},{"@type":"BreadcrumbList","@id":"https:\/\/mexicomlogistics.com\/es\/unete-a-nuestra-red-de-transportistas\/#breadcrumb","itemListElement":[{"@type":"ListItem","position":1,"name":"Home","item":"https:\/\/mexicomlogistics.com\/es\/"},{"@type":"ListItem","position":2,"name":"\u00danete a nuestra red de transportistas"}]},{"@type":"WebSite","@id":"https:\/\/mexicomlogistics.com\/es\/#website","url":"https:\/\/mexicomlogistics.com\/es\/","name":"Mexicom Logistics","description":"Ship with confidence","publisher":{"@id":"https:\/\/mexicomlogistics.com\/es\/#organization"},"potentialAction":[{"@type":"SearchAction","target":{"@type":"EntryPoint","urlTemplate":"https:\/\/mexicomlogistics.com\/es\/?s={search_term_string}"},"query-input":{"@type":"PropertyValueSpecification","valueRequired":true,"valueName":"search_term_string"}}],"inLanguage":"es"},{"@type":"Organization","@id":"https:\/\/mexicomlogistics.com\/es\/#organization","name":"Mexicom Logistics","url":"https:\/\/mexicomlogistics.com\/es\/","logo":{"@type":"ImageObject","inLanguage":"es","@id":"https:\/\/mexicomlogistics.com\/es\/#\/schema\/logo\/image\/","url":"https:\/\/mexicomlogistics.com\/wp-content\/uploads\/2017\/03\/logo-white.jpg","contentUrl":"https:\/\/mexicomlogistics.com\/wp-content\/uploads\/2017\/03\/logo-white.jpg","width":617,"height":402,"caption":"Mexicom Logistics"},"image":{"@id":"https:\/\/mexicomlogistics.com\/es\/#\/schema\/logo\/image\/"}}]}},"jetpack_sharing_enabled":true,"jetpack_shortlink":"https:\/\/wp.me\/P8vZ39-3F0","_links":{"self":[{"href":"https:\/\/mexicomlogistics.com\/es\/wp-json\/wp\/v2\/pages\/14074","targetHints":{"allow":["GET"]}}],"collection":[{"href":"https:\/\/mexicomlogistics.com\/es\/wp-json\/wp\/v2\/pages"}],"about":[{"href":"https:\/\/mexicomlogistics.com\/es\/wp-json\/wp\/v2\/types\/page"}],"author":[{"embeddable":true,"href":"https:\/\/mexicomlogistics.com\/es\/wp-json\/wp\/v2\/users\/4"}],"replies":[{"embeddable":true,"href":"https:\/\/mexicomlogistics.com\/es\/wp-json\/wp\/v2\/comments?post=14074"}],"version-history":[{"count":0,"href":"https:\/\/mexicomlogistics.com\/es\/wp-json\/wp\/v2\/pages\/14074\/revisions"}],"wp:attachment":[{"href":"https:\/\/mexicomlogistics.com\/es\/wp-json\/wp\/v2\/media?parent=14074"}],"curies":[{"name":"wp","href":"https:\/\/api.w.org\/{rel}","templated":true}]}}