{"id":13010,"date":"2020-07-15T18:05:22","date_gmt":"2020-07-15T22:05:22","guid":{"rendered":"https:\/\/mexicomlogistics.com\/?page_id=13010"},"modified":"2023-12-13T17:59:33","modified_gmt":"2023-12-13T22:59:33","slug":"consultoria-logistica-transporte","status":"publish","type":"page","link":"https:\/\/mexicomlogistics.com\/es\/servicios\/consultoria-logistica-transporte\/","title":{"rendered":"Servicios de Consultor\u00eda en Log\u00edstica y Transporte en Norteam\u00e9rica"},"content":{"rendered":"<div class=\"wpb-content-wrapper\">[vc_row visibility=\u00bbhidden-sm\u00bb css=\u00bb.vc_custom_1594924881945{background-image: url(https:\/\/mexicomlogistics.com\/wp-content\/uploads\/2020\/07\/servicios-de-consultoria-en-logistica-y-transporte-2.jpg?id=13051) !important;background-position: center !important;background-repeat: no-repeat !important;background-size: cover !important;}\u00bb el_class=\u00bbtrucking-row-1&#8243;][vc_column][mk_padding_divider size=\u00bb100&#8243; visibility=\u00bbvisible-sm\u00bb][mk_padding_divider size=\u00bb250&#8243; visibility=\u00bbhidden-sm\u00bb][mk_padding_divider size=\u00bb250&#8243; visibility=\u00bbhidden-sm\u00bb][\/vc_column][\/vc_row][vc_row][vc_column][mk_padding_divider][mk_padding_divider][vc_column_text css=\u00bb.vc_custom_1594909448073{margin-bottom: 0px !important;}\u00bb]\n<div class=\" vc_custom_1594846199336\">\n<div id=\"text-block-9\" class=\"mk-text-block \">\n<h1 style=\"text-align: center;\">Servicios de consultor\u00eda en\u00a0Log\u00edstica y Transporte<\/h1>\n<div class=\"clearboth\" style=\"text-align: center;\"><\/div>\n<\/div>\n<\/div>\n<div class=\" vc_custom_1594846235285\" style=\"text-align: center;\">\n<div id=\"text-block-10\" class=\"mk-text-block \">\n<h4 style=\"text-align: center;\">Somos expertos en el transporte de carga comercial<br \/>\nentre Canad\u00e1, Estados\u00a0 Unidos y M\u00e9xico<\/h4>\n<\/div>\n<\/div>\n[\/vc_column_text][mk_padding_divider size=\u00bb20&#8243;][\/vc_column][\/vc_row][vc_row][vc_column][mk_padding_divider size=\u00bb20&#8243;][vc_column_text css=\u00bb.vc_custom_1702508370022{margin-bottom: 0px !important;}\u00bb]\n<div class=\" vc_custom_1594848091855\">\n<div id=\"text-block-12\" class=\"mk-text-block warehouse-text-1\">\n<p>Con m\u00e1s de 19 a\u00f1os de experiencia en el transporte de mercanc\u00eda comercial\u00a0 a trav\u00e9s de Am\u00e9rica del Norte, nos hemos convertido en tu mejor aliado para responder cualquier pregunta relacionada con el transporte y la log\u00edstica entre Canad\u00e1, Estados Unidos y M\u00e9xico.<\/p>\n<p>Nuestra gama de servicios de consultor\u00eda incluye:<\/p>\n<\/div>\n<\/div>\n[\/vc_column_text][\/vc_column][\/vc_row][vc_row][vc_column width=\u00bb2\/3&#8243;][mk_padding_divider size=\u00bb20&#8243;][vc_column_text css=\u00bb.vc_custom_1594923456701{margin-bottom: 0px !important;}\u00bb]\n<div class=\" vc_custom_1594848091855\">\n<div id=\"text-block-12\" class=\"mk-text-block warehouse-text-1\">\n<h3>CONSULTOR\u00cdA PARA ENV\u00cdOS POR PRIMERA VEZ<\/h3>\n<h5>Costo: 100 CAD<\/h5>\n<p>Podemos proporcionarte\u00a0 informaci\u00f3n detallada sobre el proceso de transporte de carga comercial entre Canad\u00e1, Estados Unidos y M\u00e9xico.<\/p>\n<p>A trav\u00e9s de este servicio, brindamos:<\/p>\n<ul>\n<li>Una descripci\u00f3n general del proceso de transporte de carga internacional entre Canad\u00e1, Estados Unidos y M\u00e9xico<\/li>\n<li>Informaci\u00f3n sobre los diferentes servicios, modalidades y especificaciones por cada servicio de transporte de carga terrestre<\/li>\n<li>Detalle sobre tarifas ocultas a tener en cuenta.<\/li>\n<li>Consideraciones importantes para hacer que el transporte transfronterizo sea m\u00e1s eficiente.<\/li>\n<\/ul>\n<\/div>\n<\/div>\n[\/vc_column_text][\/vc_column][vc_column width=\u00bb1\/3&#8243;][mk_padding_divider size=\u00bb20&#8243;][vc_single_image image=\u00bb9653&#8243; img_size=\u00bb400&#215;400&#8243;][\/vc_column][\/vc_row][vc_row][vc_column][mk_padding_divider size=\u00bb20&#8243;][vc_separator][\/vc_column][\/vc_row][vc_row][vc_column width=\u00bb2\/3&#8243;][mk_padding_divider size=\u00bb20&#8243;][vc_column_text css=\u00bb.vc_custom_1594924769654{margin-bottom: 0px !important;}\u00bb]\n<div class=\" vc_custom_1594848091855\">\n<div id=\"text-block-12\" class=\"mk-text-block warehouse-text-1\">\n<h3>ELIGIENDO LA RUTA Y EL MODO DE TRANSPORTE CORRECTO Y M\u00c1S ECON\u00d3MICO PARA TU CASO PARTICULAR<\/h3>\n<h5>\u00a0Costo: 100 CAD<\/h5>\n<ul>\n<li>Orientaci\u00f3n sobre l\u00edmites de tama\u00f1o y peso en M\u00e9xico, Estados Unidos y Canad\u00e1<\/li>\n<li>Tipo de equipo y servicios disponibles por pa\u00eds para el transporte de carga terrestre<\/li>\n<li>Clasificaci\u00f3n LTL<\/li>\n<li>\u00bfCu\u00e1l es la soluci\u00f3n m\u00e1s rentable para ti: Paqueter\u00eda, parcial o LTL?<\/li>\n<\/ul>\n<p>&nbsp;<\/p>\n<\/div>\n<\/div>\n<div class=\" vc_custom_1568390608547\">\n<div id=\"text-block-13\" class=\"mk-text-block warehouse-text-1\">\n<p>&nbsp;<\/p>\n<\/div>\n<\/div>\n[\/vc_column_text][\/vc_column][vc_column width=\u00bb1\/3&#8243;][mk_padding_divider size=\u00bb20&#8243;][vc_single_image image=\u00bb8397&#8243; img_size=\u00bb400&#215;400&#8243;][\/vc_column][\/vc_row][vc_row][vc_column][mk_padding_divider size=\u00bb20&#8243;][vc_separator][\/vc_column][\/vc_row][vc_row][vc_column width=\u00bb2\/3&#8243;][mk_padding_divider size=\u00bb20&#8243;][vc_column_text css=\u00bb.vc_custom_1594924783434{margin-bottom: 0px !important;}\u00bb]\n<div class=\" vc_custom_1594848091855\">\n<div id=\"text-block-12\" class=\"mk-text-block warehouse-text-1\">\n<h3>ESTRATEGIA DE TRANSPORTE Y LOG\u00cdSTICA<\/h3>\n<h4>Sabemos cu\u00e1les son los problemas m\u00e1s comunes en la industria del transporte de carga en Am\u00e9rica del Norte<\/h4>\n<h5><\/h5>\n<h5>Costo: Definido caso por caso.<\/h5>\n<p>&nbsp;<\/p>\n<p>Te ayudamos a elaborar una estrategia de log\u00edstica que te ayude a acelerar el flujo de mercanc\u00eda\u00a0 y a reducir los costos, para responder a los problemas que enfrenta el transporte en Am\u00e9rcia del Norte en la actualidad.\u00a0 Los mercados de transporte y log\u00edstica en Am\u00e9rica del Norte han cambiado dr\u00e1sticamente en los \u00faltimos a\u00f1os y contin\u00faan evolucionando. Algunos de los problemas comunes que caracterizan a la industria de log\u00edstica y transporte en Am\u00e9rica del Norte son:<\/p>\n<ul>\n<li>Fluctuaci\u00f3n en las tarifas de transporte.<\/li>\n<li>Escasez de equipos en zonas espec\u00edficas.<\/li>\n<li>Falta de alineaci\u00f3n de pol\u00edticas y regulaciones entre los pa\u00edses de Norteam\u00e9rica.<\/li>\n<li>Falta de fiabilidad hacia los proveedores de transporte en ciertas \u00e1reas.<\/li>\n<\/ul>\n<p>DESARROLLAMOS SOLUCIONES A MEDIDA PARA AYUDARTE A VENCER LAS DIFICULTADES DE LA INDUSTRIA Y REDUCIR LOS COSTOS EN EL TRANSPORTE DE CARGA EN AM\u00c9RICA DEL NORTE.<\/p>\n<\/div>\n<\/div>\n<div class=\" vc_custom_1568390608547\">\n<div id=\"text-block-13\" class=\"mk-text-block warehouse-text-1\">\n<p>&nbsp;<\/p>\n<\/div>\n<\/div>\n[\/vc_column_text][\/vc_column][vc_column width=\u00bb1\/3&#8243;][mk_padding_divider size=\u00bb20&#8243;][vc_single_image image=\u00bb6448&#8243; img_size=\u00bb400&#215;400&#8243;][\/vc_column][\/vc_row][vc_row][vc_column][mk_padding_divider size=\u00bb20&#8243;][vc_separator][\/vc_column][\/vc_row][vc_row][vc_column][mk_padding_divider size=\u00bb20&#8243;][\/vc_column][\/vc_row][vc_row css=\u00bb.vc_custom_1594059997704{padding-top: 15px !important;padding-bottom: 15px !important;background-color: #ffffff !important;}\u00bb][vc_column][vc_empty_space][vc_separator][vc_column_text css=\u00bb.vc_custom_1594923925068{margin-bottom: 0px !important;}\u00bb]\n<h3 style=\"text-align: center;\">\u00bfTienes alguna pregunta sobre alg\u00fan otro tema relacionado con la log\u00edstica y el transporte de carga en Am\u00e9rica del Norte?<\/h3>\n<p style=\"text-align: center;\">Nosotros tenemos la respuesta.<\/p>\n<p style=\"text-align: center;\">Cont\u00e1ctanos hoy al correo:\u00a0 info@mexicomlogistics.com<\/p>\n[\/vc_column_text][\/vc_column][\/vc_row][vc_row][vc_column][\/vc_column][\/vc_row]\n<\/div>","protected":false},"excerpt":{"rendered":"<p>[vc_row visibility=\u00bbhidden-sm\u00bb css=\u00bb.vc_custom_1594924881945{background-image: url(https:\/\/mexicomlogistics.com\/wp-content\/uploads\/2020\/07\/servicios-de-consultoria-en-logistica-y-transporte-2.jpg?id=13051) !important;background-position: center !important;background-repeat: no-repeat !important;background-size: cover !important;}\u00bb el_class=\u00bbtrucking-row-1&#8243;][vc_column][mk_padding_divider size=\u00bb100&#8243; visibility=\u00bbvisible-sm\u00bb][mk_padding_divider size=\u00bb250&#8243; visibility=\u00bbhidden-sm\u00bb][mk_padding_divider size=\u00bb250&#8243; visibility=\u00bbhidden-sm\u00bb][\/vc_column][\/vc_row][vc_row][vc_column][mk_padding_divider][mk_padding_divider][vc_column_text css=\u00bb.vc_custom_1594909448073{margin-bottom: 0px !important;}\u00bb] Servicios de consultor\u00eda en\u00a0Log\u00edstica y Transporte Somos expertos en el transporte de carga comercial entre Canad\u00e1, Estados\u00a0 Unidos y M\u00e9xico [\/vc_column_text][mk_padding_divider size=\u00bb20&#8243;][\/vc_column][\/vc_row][vc_row][vc_column][mk_padding_divider size=\u00bb20&#8243;][vc_column_text css=\u00bb.vc_custom_1702508370022{margin-bottom: 0px !important;}\u00bb] Con m\u00e1s de 19 a\u00f1os de experiencia en [&hellip;]<\/p>\n","protected":false},"author":4,"featured_media":0,"parent":258,"menu_order":13,"comment_status":"closed","ping_status":"closed","template":"","meta":{"content-type":"","jetpack_post_was_ever_published":false,"footnotes":""},"class_list":["post-13010","page","type-page","status-publish","hentry"],"yoast_head":"<!-- This site is optimized with the Yoast SEO plugin v27.3 - https:\/\/yoast.com\/product\/yoast-seo-wordpress\/ -->\n<title>Servicios de Consultor\u00eda en Log\u00edstica y Transporte en Norteam\u00e9rica - Mexicom Logistics<\/title>\n<meta name=\"robots\" content=\"index, follow, max-snippet:-1, max-image-preview:large, max-video-preview:-1\" \/>\n<link rel=\"canonical\" href=\"https:\/\/mexicomlogistics.com\/es\/servicios\/consultoria-logistica-transporte\/\" \/>\n<meta property=\"og:locale\" content=\"es_ES\" \/>\n<meta property=\"og:type\" content=\"article\" \/>\n<meta property=\"og:title\" content=\"Servicios de Consultor\u00eda en Log\u00edstica y Transporte en Norteam\u00e9rica - Mexicom Logistics\" \/>\n<meta property=\"og:description\" content=\"[vc_row visibility=\u00bbhidden-sm\u00bb css=\u00bb.vc_custom_1594924881945{background-image: url(https:\/\/mexicomlogistics.com\/wp-content\/uploads\/2020\/07\/servicios-de-consultoria-en-logistica-y-transporte-2.jpg?id=13051) !important;background-position: center !important;background-repeat: no-repeat !important;background-size: cover !important;}\u00bb el_class=\u00bbtrucking-row-1&#8243;][vc_column][mk_padding_divider size=\u00bb100&#8243; visibility=\u00bbvisible-sm\u00bb][mk_padding_divider size=\u00bb250&#8243; visibility=\u00bbhidden-sm\u00bb][mk_padding_divider size=\u00bb250&#8243; visibility=\u00bbhidden-sm\u00bb][\/vc_column][\/vc_row][vc_row][vc_column][mk_padding_divider][mk_padding_divider][vc_column_text css=\u00bb.vc_custom_1594909448073{margin-bottom: 0px !important;}\u00bb] Servicios de consultor\u00eda en\u00a0Log\u00edstica y Transporte Somos expertos en el transporte de carga comercial entre Canad\u00e1, Estados\u00a0 Unidos y M\u00e9xico [\/vc_column_text][mk_padding_divider size=\u00bb20&#8243;][\/vc_column][\/vc_row][vc_row][vc_column][mk_padding_divider size=\u00bb20&#8243;][vc_column_text css=\u00bb.vc_custom_1702508370022{margin-bottom: 0px !important;}\u00bb] Con m\u00e1s de 19 a\u00f1os de experiencia en [&hellip;]\" \/>\n<meta property=\"og:url\" content=\"https:\/\/mexicomlogistics.com\/es\/servicios\/consultoria-logistica-transporte\/\" \/>\n<meta property=\"og:site_name\" content=\"Mexicom Logistics\" \/>\n<meta property=\"article:modified_time\" content=\"2023-12-13T22:59:33+00:00\" \/>\n<meta name=\"twitter:card\" content=\"summary_large_image\" \/>\n<meta name=\"twitter:label1\" content=\"Tiempo de lectura\" \/>\n\t<meta name=\"twitter:data1\" content=\"3 minutos\" \/>\n<script type=\"application\/ld+json\" class=\"yoast-schema-graph\">{\"@context\":\"https:\\\/\\\/schema.org\",\"@graph\":[{\"@type\":\"WebPage\",\"@id\":\"https:\\\/\\\/mexicomlogistics.com\\\/es\\\/servicios\\\/consultoria-logistica-transporte\\\/\",\"url\":\"https:\\\/\\\/mexicomlogistics.com\\\/es\\\/servicios\\\/consultoria-logistica-transporte\\\/\",\"name\":\"Servicios de Consultor\u00eda en Log\u00edstica y Transporte en Norteam\u00e9rica - Mexicom Logistics\",\"isPartOf\":{\"@id\":\"https:\\\/\\\/mexicomlogistics.com\\\/es\\\/#website\"},\"datePublished\":\"2020-07-15T22:05:22+00:00\",\"dateModified\":\"2023-12-13T22:59:33+00:00\",\"breadcrumb\":{\"@id\":\"https:\\\/\\\/mexicomlogistics.com\\\/es\\\/servicios\\\/consultoria-logistica-transporte\\\/#breadcrumb\"},\"inLanguage\":\"es\",\"potentialAction\":[{\"@type\":\"ReadAction\",\"target\":[\"https:\\\/\\\/mexicomlogistics.com\\\/es\\\/servicios\\\/consultoria-logistica-transporte\\\/\"]}]},{\"@type\":\"BreadcrumbList\",\"@id\":\"https:\\\/\\\/mexicomlogistics.com\\\/es\\\/servicios\\\/consultoria-logistica-transporte\\\/#breadcrumb\",\"itemListElement\":[{\"@type\":\"ListItem\",\"position\":1,\"name\":\"Home\",\"item\":\"https:\\\/\\\/mexicomlogistics.com\\\/es\\\/\"},{\"@type\":\"ListItem\",\"position\":2,\"name\":\"Servicios\",\"item\":\"https:\\\/\\\/mexicomlogistics.com\\\/es\\\/servicios\\\/\"},{\"@type\":\"ListItem\",\"position\":3,\"name\":\"Servicios de Consultor\u00eda en Log\u00edstica y Transporte en Norteam\u00e9rica\"}]},{\"@type\":\"WebSite\",\"@id\":\"https:\\\/\\\/mexicomlogistics.com\\\/es\\\/#website\",\"url\":\"https:\\\/\\\/mexicomlogistics.com\\\/es\\\/\",\"name\":\"Mexicom Logistics\",\"description\":\"Ship with confidence\",\"publisher\":{\"@id\":\"https:\\\/\\\/mexicomlogistics.com\\\/es\\\/#organization\"},\"potentialAction\":[{\"@type\":\"SearchAction\",\"target\":{\"@type\":\"EntryPoint\",\"urlTemplate\":\"https:\\\/\\\/mexicomlogistics.com\\\/es\\\/?s={search_term_string}\"},\"query-input\":{\"@type\":\"PropertyValueSpecification\",\"valueRequired\":true,\"valueName\":\"search_term_string\"}}],\"inLanguage\":\"es\"},{\"@type\":\"Organization\",\"@id\":\"https:\\\/\\\/mexicomlogistics.com\\\/es\\\/#organization\",\"name\":\"Mexicom Logistics\",\"url\":\"https:\\\/\\\/mexicomlogistics.com\\\/es\\\/\",\"logo\":{\"@type\":\"ImageObject\",\"inLanguage\":\"es\",\"@id\":\"https:\\\/\\\/mexicomlogistics.com\\\/es\\\/#\\\/schema\\\/logo\\\/image\\\/\",\"url\":\"https:\\\/\\\/mexicomlogistics.com\\\/wp-content\\\/uploads\\\/2017\\\/03\\\/logo-white.jpg\",\"contentUrl\":\"https:\\\/\\\/mexicomlogistics.com\\\/wp-content\\\/uploads\\\/2017\\\/03\\\/logo-white.jpg\",\"width\":617,\"height\":402,\"caption\":\"Mexicom Logistics\"},\"image\":{\"@id\":\"https:\\\/\\\/mexicomlogistics.com\\\/es\\\/#\\\/schema\\\/logo\\\/image\\\/\"}}]}<\/script>\n<!-- \/ Yoast SEO plugin. -->","yoast_head_json":{"title":"Servicios de Consultor\u00eda en Log\u00edstica y Transporte en Norteam\u00e9rica - Mexicom Logistics","robots":{"index":"index","follow":"follow","max-snippet":"max-snippet:-1","max-image-preview":"max-image-preview:large","max-video-preview":"max-video-preview:-1"},"canonical":"https:\/\/mexicomlogistics.com\/es\/servicios\/consultoria-logistica-transporte\/","og_locale":"es_ES","og_type":"article","og_title":"Servicios de Consultor\u00eda en Log\u00edstica y Transporte en Norteam\u00e9rica - Mexicom Logistics","og_description":"[vc_row visibility=\u00bbhidden-sm\u00bb css=\u00bb.vc_custom_1594924881945{background-image: url(https:\/\/mexicomlogistics.com\/wp-content\/uploads\/2020\/07\/servicios-de-consultoria-en-logistica-y-transporte-2.jpg?id=13051) !important;background-position: center !important;background-repeat: no-repeat !important;background-size: cover !important;}\u00bb el_class=\u00bbtrucking-row-1&#8243;][vc_column][mk_padding_divider size=\u00bb100&#8243; visibility=\u00bbvisible-sm\u00bb][mk_padding_divider size=\u00bb250&#8243; visibility=\u00bbhidden-sm\u00bb][mk_padding_divider size=\u00bb250&#8243; visibility=\u00bbhidden-sm\u00bb][\/vc_column][\/vc_row][vc_row][vc_column][mk_padding_divider][mk_padding_divider][vc_column_text css=\u00bb.vc_custom_1594909448073{margin-bottom: 0px !important;}\u00bb] Servicios de consultor\u00eda en\u00a0Log\u00edstica y Transporte Somos expertos en el transporte de carga comercial entre Canad\u00e1, Estados\u00a0 Unidos y M\u00e9xico [\/vc_column_text][mk_padding_divider size=\u00bb20&#8243;][\/vc_column][\/vc_row][vc_row][vc_column][mk_padding_divider size=\u00bb20&#8243;][vc_column_text css=\u00bb.vc_custom_1702508370022{margin-bottom: 0px !important;}\u00bb] Con m\u00e1s de 19 a\u00f1os de experiencia en [&hellip;]","og_url":"https:\/\/mexicomlogistics.com\/es\/servicios\/consultoria-logistica-transporte\/","og_site_name":"Mexicom Logistics","article_modified_time":"2023-12-13T22:59:33+00:00","twitter_card":"summary_large_image","twitter_misc":{"Tiempo de lectura":"3 minutos"},"schema":{"@context":"https:\/\/schema.org","@graph":[{"@type":"WebPage","@id":"https:\/\/mexicomlogistics.com\/es\/servicios\/consultoria-logistica-transporte\/","url":"https:\/\/mexicomlogistics.com\/es\/servicios\/consultoria-logistica-transporte\/","name":"Servicios de Consultor\u00eda en Log\u00edstica y Transporte en Norteam\u00e9rica - Mexicom Logistics","isPartOf":{"@id":"https:\/\/mexicomlogistics.com\/es\/#website"},"datePublished":"2020-07-15T22:05:22+00:00","dateModified":"2023-12-13T22:59:33+00:00","breadcrumb":{"@id":"https:\/\/mexicomlogistics.com\/es\/servicios\/consultoria-logistica-transporte\/#breadcrumb"},"inLanguage":"es","potentialAction":[{"@type":"ReadAction","target":["https:\/\/mexicomlogistics.com\/es\/servicios\/consultoria-logistica-transporte\/"]}]},{"@type":"BreadcrumbList","@id":"https:\/\/mexicomlogistics.com\/es\/servicios\/consultoria-logistica-transporte\/#breadcrumb","itemListElement":[{"@type":"ListItem","position":1,"name":"Home","item":"https:\/\/mexicomlogistics.com\/es\/"},{"@type":"ListItem","position":2,"name":"Servicios","item":"https:\/\/mexicomlogistics.com\/es\/servicios\/"},{"@type":"ListItem","position":3,"name":"Servicios de Consultor\u00eda en Log\u00edstica y Transporte en Norteam\u00e9rica"}]},{"@type":"WebSite","@id":"https:\/\/mexicomlogistics.com\/es\/#website","url":"https:\/\/mexicomlogistics.com\/es\/","name":"Mexicom Logistics","description":"Ship with confidence","publisher":{"@id":"https:\/\/mexicomlogistics.com\/es\/#organization"},"potentialAction":[{"@type":"SearchAction","target":{"@type":"EntryPoint","urlTemplate":"https:\/\/mexicomlogistics.com\/es\/?s={search_term_string}"},"query-input":{"@type":"PropertyValueSpecification","valueRequired":true,"valueName":"search_term_string"}}],"inLanguage":"es"},{"@type":"Organization","@id":"https:\/\/mexicomlogistics.com\/es\/#organization","name":"Mexicom Logistics","url":"https:\/\/mexicomlogistics.com\/es\/","logo":{"@type":"ImageObject","inLanguage":"es","@id":"https:\/\/mexicomlogistics.com\/es\/#\/schema\/logo\/image\/","url":"https:\/\/mexicomlogistics.com\/wp-content\/uploads\/2017\/03\/logo-white.jpg","contentUrl":"https:\/\/mexicomlogistics.com\/wp-content\/uploads\/2017\/03\/logo-white.jpg","width":617,"height":402,"caption":"Mexicom Logistics"},"image":{"@id":"https:\/\/mexicomlogistics.com\/es\/#\/schema\/logo\/image\/"}}]}},"jetpack_sharing_enabled":true,"jetpack_shortlink":"https:\/\/wp.me\/P8vZ39-3nQ","_links":{"self":[{"href":"https:\/\/mexicomlogistics.com\/es\/wp-json\/wp\/v2\/pages\/13010","targetHints":{"allow":["GET"]}}],"collection":[{"href":"https:\/\/mexicomlogistics.com\/es\/wp-json\/wp\/v2\/pages"}],"about":[{"href":"https:\/\/mexicomlogistics.com\/es\/wp-json\/wp\/v2\/types\/page"}],"author":[{"embeddable":true,"href":"https:\/\/mexicomlogistics.com\/es\/wp-json\/wp\/v2\/users\/4"}],"replies":[{"embeddable":true,"href":"https:\/\/mexicomlogistics.com\/es\/wp-json\/wp\/v2\/comments?post=13010"}],"version-history":[{"count":0,"href":"https:\/\/mexicomlogistics.com\/es\/wp-json\/wp\/v2\/pages\/13010\/revisions"}],"up":[{"embeddable":true,"href":"https:\/\/mexicomlogistics.com\/es\/wp-json\/wp\/v2\/pages\/258"}],"wp:attachment":[{"href":"https:\/\/mexicomlogistics.com\/es\/wp-json\/wp\/v2\/media?parent=13010"}],"curies":[{"name":"wp","href":"https:\/\/api.w.org\/{rel}","templated":true}]}}