{"id":10694,"date":"2019-11-01T14:39:39","date_gmt":"2019-11-01T18:39:39","guid":{"rendered":"https:\/\/mexicomlogistics.com\/?page_id=10694"},"modified":"2020-03-11T11:22:38","modified_gmt":"2020-03-11T15:22:38","slug":"creacion-relacion-comercial","status":"publish","type":"page","link":"https:\/\/mexicomlogistics.com\/es\/creacion-relacion-comercial\/","title":{"rendered":"Programa de creaci\u00f3n de relaci\u00f3n comercial"},"content":{"rendered":"<div class=\"wpb-content-wrapper\">[vc_row][vc_column][vc_column_text css=\u00bb.vc_custom_1572633105705{margin-bottom: 0px !important;}\u00bb]\n<h1 style=\"text-align: center;\"><span style=\"color: #ff0000;\">Programa de creaci\u00f3n de relaci\u00f3n comercial <\/span><\/h1>\n[\/vc_column_text][vc_column_text css=\u00bb.vc_custom_1583940093085{margin-bottom: 0px !important;}\u00bb]\n<h3 style=\"text-align: center;\"><span style=\"color: #ff0000;\">50 d\u00f3lares en cr\u00e9dito en cada viaje<br \/>\n<span style=\"color: #000000;\">al mantener un volumen m\u00ednimo de 10 cargas\u00a0 en un periodo de 30 d\u00edas, 5 de importaci\u00f3n a M\u00e9xico y 5 de exportaci\u00f3n.\u00a0<\/span><\/span><\/h3>\n[\/vc_column_text][vc_empty_space][\/vc_column][\/vc_row][vc_row][vc_column][vc_column_text css=\u00bb.vc_custom_1583940163198{margin-bottom: 0px !important;}\u00bb]Si est\u00e1s en esta p\u00e1gina es porque fuiste seleccionado\u00a0 por Mexicom Logistics para participar en nuestro Programa de Creaci\u00f3n de Relaci\u00f3n Comercial y <strong>recibiste un cup\u00f3n de descuento para cada una de tus pr\u00f3ximas cargas, al mantener un volumen de 10 cargas en un lapso de 30 d\u00edas, 5 de importaci\u00f3n a M\u00e9xico y 5 de exportaci\u00f3n.\u00a0<\/strong><\/p>\n<p>Este programa tiene el objetivo\u00a0 comenzar a entablar una relaci\u00f3n comercial con tu empresa.<\/p>\n<p>Hemos recibido numerosas cotizaciones de tu parte, por lo que sabemos que cuentas con clientes interesados en las rutas que nosotros manejamos. Sin embargo, los viajes continuan sin concretarse. Es por ello que decidimos crear un programa, con cupones de descuento,\u00a0 para que cuentes con\u00a0 tarifas m\u00e1s competitivas y podamos comenzar a manejar los viajes, dando inicio a nuestra relaci\u00f3n comercial.<\/p>\n<p>A continuaci\u00f3n te presentamos las especificaciones del\u00a0 programa:<\/p>\n<p>al mantener un volumen m\u00ednimo de 10 cargas al mes, al menos 5 de importaci\u00f3n y 5 de exportaci\u00f3n desde M\u00e9xico.<\/p>\n<p>Este programa tiene el objetivo de impulsar el crecimiento\u00a0 de nuestra relaci\u00f3n comercial.\u00a0 A continuaci\u00f3n te presentamos las especificaciones del\u00a0 programa:<\/p>\n<p><span style=\"color: #008080;\">El programa es v\u00e1lido del 17 de Marzo al 17 de Abril de 2020.<\/span><\/p>\n<p><span style=\"color: #008080;\">Deben cumplirse\u00a0 m\u00ednimo 10 cargas, 5 de importaci\u00f3n y 5 de exportaci\u00f3n.<\/span><\/p>\n<p><span style=\"color: #008080;\">Cruce a trav\u00e9s de Laredo, TX.\u00a0 \u00a0<\/span><\/p>\n<h2>SOBRE\u00a0 EL REEMBOLSO:<\/h2>\n<p>El reembolso se efectuar\u00e1 en un lapso de 30 d\u00edas a partir de efectuado el n\u00famero m\u00ednimo de cargas\u00a0 establecido para hacer v\u00e1lido el cup\u00f3n.<\/p>\n<p>El <strong>reembolso se efectuar\u00e1 como nota de cr\u00e9dito<\/strong>,\u00a0 aplicable al saldo adeudado o\u00a0 puede\u00a0 aplicarse\u00a0 como saldo a favor en pr\u00f3ximos viajes. Si se aplica en pr\u00f3ximos viajes,\u00a0 se podr\u00e1 hacer un descuento\u00a0 de m\u00e1ximo 50 d\u00f3lares de descuento por viaje<\/p>\n<h2>Sobre las rutas:<\/h2>\n<ul>\n<li>M\u00ednimo 50% del total de las cargas deber\u00e1 ser de importaci\u00f3n de Canad\u00e1 y\/o Estados Unidos\u00a0 hacia Laredo TX o\u00a0 M\u00e9xico, el resto pueden ser rutas de exportaci\u00f3n.<\/li>\n<li>El cruce deber\u00e1 ser a trav\u00e9s de Laredo, Texas<\/li>\n<li>Los or\u00edgenes y destinos que se cubren\u00a0 son los siguientes:<\/li>\n<\/ul>\n[\/vc_column_text][vc_gallery interval=\u00bb3&#8243; images=\u00bb10397&#8243; img_size=\u00bblarge\u00bb][vc_column_text css=\u00bb.vc_custom_1571250490800{margin-bottom: 0px !important;}\u00bb]\n<h2 style=\"text-align: center;\">Aplica a todos nuestros servicios de transporte<\/h2>\n[\/vc_column_text][\/vc_column][\/vc_row][vc_row][vc_column width=\u00bb1\/3&#8243;][vc_single_image image=\u00bb10204&#8243; alignment=\u00bbcenter\u00bb onclick=\u00bbcustom_link\u00bb img_link_target=\u00bb_blank\u00bb link=\u00bbhttps:\/\/mexicomlogistics.com\/es\/ftl-entre-mexico-estados-unidos-y-canada\/\u00bb][vc_column_text css=\u00bb.vc_custom_1571249873012{margin-bottom: 0px !important;}\u00bb]\n<p style=\"text-align: center;\"><span style=\"color: #ff0000;\"><a style=\"color: #ff0000;\" href=\"\/?page_id=6299\" target=\"_blank\" rel=\"noopener noreferrer\">Cami\u00f3n completo, FTL\u00a0<\/a><\/span><\/p>\n[\/vc_column_text][\/vc_column][vc_column width=\u00bb1\/3&#8243;][vc_single_image image=\u00bb10207&#8243; alignment=\u00bbcenter\u00bb onclick=\u00bbcustom_link\u00bb img_link_target=\u00bb_blank\u00bb link=\u00bbhttps:\/\/mexicomlogistics.com\/es\/consolidado-ltl-entre-canada-estados-unidos-y-mexico\/\u00bb][vc_column_text css=\u00bb.vc_custom_1571249928516{margin-bottom: 0px !important;}\u00bb]\n<p style=\"text-align: center;\"><span style=\"color: #ff0000;\"><a style=\"color: #ff0000;\" href=\"\/?page_id=5760\" target=\"_blank\" rel=\"noopener noreferrer\">Consolidado, LTL\u00a0<\/a><\/span><\/p>\n[\/vc_column_text][\/vc_column][vc_column width=\u00bb1\/3&#8243;][vc_single_image image=\u00bb10213&#8243; alignment=\u00bbcenter\u00bb onclick=\u00bbcustom_link\u00bb img_link_target=\u00bb_blank\u00bb link=\u00bbhttps:\/\/mexicomlogistics.com\/es\/plataformas\/\u00bb][vc_column_text css=\u00bb.vc_custom_1571250025098{margin-bottom: 0px !important;}\u00bb]\n<p style=\"text-align: center;\"><span style=\"color: #ff0000;\"><a style=\"color: #ff0000;\" href=\"\/?page_id=2775\" target=\"_blank\" rel=\"noopener noreferrer\">Plataformas<\/a><\/span><\/p>\n[\/vc_column_text][\/vc_column][\/vc_row][vc_row][vc_column][vc_empty_space height=\u00bb45px\u00bb][vc_column_text css=\u00bb.vc_custom_1571855524720{margin-bottom: 0px !important;}\u00bb]\n<h3 style=\"text-align: center;\"><span style=\"color: #000000;\"><span style=\"color: #ff0000;\"><span style=\"color: #000000;\">\u00a1Empieza a aumentar el volumen de cargas hoy!\u00a0<\/span><\/span><\/span><\/h3>\n[\/vc_column_text][mk_button dimension=\u00bbflat\u00bb corner_style=\u00bbfull_rounded\u00bb size=\u00bblarge\u00bb url=\u00bbhttps:\/\/mexicomlogistics.com\/es\/citar\/ _blank\u00bb target=\u00bb_blank\u00bb align=\u00bbcenter\u00bb bg_color=\u00bb#ff3a3a\u00bb]Solicita una cotizaci\u00f3n hoy [\/mk_button][vc_column_text css=\u00bb.vc_custom_1571250448716{margin-bottom: 0px !important;}\u00bb]\n<p style=\"text-align: center;\"><span style=\"color: #008080;\">\u00bfDudas o comentarios?\u00a0<\/span><\/p>\n<p style=\"text-align: center;\"><span style=\"color: #008080;\">Escr\u00edbenos a: info@mexicomlogistics.com\u00a0<\/span><\/p>\n[\/vc_column_text][\/vc_column][\/vc_row]\n<\/div>","protected":false},"excerpt":{"rendered":"<p>[vc_row][vc_column][vc_column_text css=\u00bb.vc_custom_1572633105705{margin-bottom: 0px !important;}\u00bb] Programa de creaci\u00f3n de relaci\u00f3n comercial [\/vc_column_text][vc_column_text css=\u00bb.vc_custom_1583940093085{margin-bottom: 0px !important;}\u00bb] 50 d\u00f3lares en cr\u00e9dito en cada viaje al mantener un volumen m\u00ednimo de 10 cargas\u00a0 en un periodo de 30 d\u00edas, 5 de importaci\u00f3n a M\u00e9xico y 5 de exportaci\u00f3n.\u00a0 [\/vc_column_text][vc_empty_space][\/vc_column][\/vc_row][vc_row][vc_column][vc_column_text css=\u00bb.vc_custom_1583940163198{margin-bottom: 0px !important;}\u00bb]Si est\u00e1s en esta p\u00e1gina es porque fuiste [&hellip;]<\/p>\n","protected":false},"author":4,"featured_media":0,"parent":0,"menu_order":0,"comment_status":"closed","ping_status":"closed","template":"","meta":{"content-type":"","jetpack_post_was_ever_published":false,"footnotes":""},"class_list":["post-10694","page","type-page","status-publish","hentry"],"yoast_head":"<!-- This site is optimized with the Yoast SEO plugin v27.3 - https:\/\/yoast.com\/product\/yoast-seo-wordpress\/ -->\n<title>Programa de creaci\u00f3n de relaci\u00f3n comercial - Mexicom Logistics<\/title>\n<meta name=\"robots\" content=\"index, follow, max-snippet:-1, max-image-preview:large, max-video-preview:-1\" \/>\n<link rel=\"canonical\" href=\"https:\/\/mexicomlogistics.com\/es\/creacion-relacion-comercial\/\" \/>\n<meta property=\"og:locale\" content=\"es_ES\" \/>\n<meta property=\"og:type\" content=\"article\" \/>\n<meta property=\"og:title\" content=\"Programa de creaci\u00f3n de relaci\u00f3n comercial - Mexicom Logistics\" \/>\n<meta property=\"og:description\" content=\"[vc_row][vc_column][vc_column_text css=\u00bb.vc_custom_1572633105705{margin-bottom: 0px !important;}\u00bb] Programa de creaci\u00f3n de relaci\u00f3n comercial [\/vc_column_text][vc_column_text css=\u00bb.vc_custom_1583940093085{margin-bottom: 0px !important;}\u00bb] 50 d\u00f3lares en cr\u00e9dito en cada viaje al mantener un volumen m\u00ednimo de 10 cargas\u00a0 en un periodo de 30 d\u00edas, 5 de importaci\u00f3n a M\u00e9xico y 5 de exportaci\u00f3n.\u00a0 [\/vc_column_text][vc_empty_space][\/vc_column][\/vc_row][vc_row][vc_column][vc_column_text css=\u00bb.vc_custom_1583940163198{margin-bottom: 0px !important;}\u00bb]Si est\u00e1s en esta p\u00e1gina es porque fuiste [&hellip;]\" \/>\n<meta property=\"og:url\" content=\"https:\/\/mexicomlogistics.com\/es\/creacion-relacion-comercial\/\" \/>\n<meta property=\"og:site_name\" content=\"Mexicom Logistics\" \/>\n<meta property=\"article:modified_time\" content=\"2020-03-11T15:22:38+00:00\" \/>\n<meta name=\"twitter:card\" content=\"summary_large_image\" \/>\n<meta name=\"twitter:label1\" content=\"Tiempo de lectura\" \/>\n\t<meta name=\"twitter:data1\" content=\"3 minutos\" \/>\n<script type=\"application\/ld+json\" class=\"yoast-schema-graph\">{\"@context\":\"https:\\\/\\\/schema.org\",\"@graph\":[{\"@type\":\"WebPage\",\"@id\":\"https:\\\/\\\/mexicomlogistics.com\\\/es\\\/creacion-relacion-comercial\\\/\",\"url\":\"https:\\\/\\\/mexicomlogistics.com\\\/es\\\/creacion-relacion-comercial\\\/\",\"name\":\"Programa de creaci\u00f3n de relaci\u00f3n comercial - Mexicom Logistics\",\"isPartOf\":{\"@id\":\"https:\\\/\\\/mexicomlogistics.com\\\/es\\\/#website\"},\"datePublished\":\"2019-11-01T18:39:39+00:00\",\"dateModified\":\"2020-03-11T15:22:38+00:00\",\"breadcrumb\":{\"@id\":\"https:\\\/\\\/mexicomlogistics.com\\\/es\\\/creacion-relacion-comercial\\\/#breadcrumb\"},\"inLanguage\":\"es\",\"potentialAction\":[{\"@type\":\"ReadAction\",\"target\":[\"https:\\\/\\\/mexicomlogistics.com\\\/es\\\/creacion-relacion-comercial\\\/\"]}]},{\"@type\":\"BreadcrumbList\",\"@id\":\"https:\\\/\\\/mexicomlogistics.com\\\/es\\\/creacion-relacion-comercial\\\/#breadcrumb\",\"itemListElement\":[{\"@type\":\"ListItem\",\"position\":1,\"name\":\"Home\",\"item\":\"https:\\\/\\\/mexicomlogistics.com\\\/es\\\/\"},{\"@type\":\"ListItem\",\"position\":2,\"name\":\"Programa de creaci\u00f3n de relaci\u00f3n comercial\"}]},{\"@type\":\"WebSite\",\"@id\":\"https:\\\/\\\/mexicomlogistics.com\\\/es\\\/#website\",\"url\":\"https:\\\/\\\/mexicomlogistics.com\\\/es\\\/\",\"name\":\"Mexicom Logistics\",\"description\":\"Ship with confidence\",\"publisher\":{\"@id\":\"https:\\\/\\\/mexicomlogistics.com\\\/es\\\/#organization\"},\"potentialAction\":[{\"@type\":\"SearchAction\",\"target\":{\"@type\":\"EntryPoint\",\"urlTemplate\":\"https:\\\/\\\/mexicomlogistics.com\\\/es\\\/?s={search_term_string}\"},\"query-input\":{\"@type\":\"PropertyValueSpecification\",\"valueRequired\":true,\"valueName\":\"search_term_string\"}}],\"inLanguage\":\"es\"},{\"@type\":\"Organization\",\"@id\":\"https:\\\/\\\/mexicomlogistics.com\\\/es\\\/#organization\",\"name\":\"Mexicom Logistics\",\"url\":\"https:\\\/\\\/mexicomlogistics.com\\\/es\\\/\",\"logo\":{\"@type\":\"ImageObject\",\"inLanguage\":\"es\",\"@id\":\"https:\\\/\\\/mexicomlogistics.com\\\/es\\\/#\\\/schema\\\/logo\\\/image\\\/\",\"url\":\"https:\\\/\\\/mexicomlogistics.com\\\/wp-content\\\/uploads\\\/2017\\\/03\\\/logo-white.jpg\",\"contentUrl\":\"https:\\\/\\\/mexicomlogistics.com\\\/wp-content\\\/uploads\\\/2017\\\/03\\\/logo-white.jpg\",\"width\":617,\"height\":402,\"caption\":\"Mexicom Logistics\"},\"image\":{\"@id\":\"https:\\\/\\\/mexicomlogistics.com\\\/es\\\/#\\\/schema\\\/logo\\\/image\\\/\"}}]}<\/script>\n<!-- \/ Yoast SEO plugin. -->","yoast_head_json":{"title":"Programa de creaci\u00f3n de relaci\u00f3n comercial - Mexicom Logistics","robots":{"index":"index","follow":"follow","max-snippet":"max-snippet:-1","max-image-preview":"max-image-preview:large","max-video-preview":"max-video-preview:-1"},"canonical":"https:\/\/mexicomlogistics.com\/es\/creacion-relacion-comercial\/","og_locale":"es_ES","og_type":"article","og_title":"Programa de creaci\u00f3n de relaci\u00f3n comercial - Mexicom Logistics","og_description":"[vc_row][vc_column][vc_column_text css=\u00bb.vc_custom_1572633105705{margin-bottom: 0px !important;}\u00bb] Programa de creaci\u00f3n de relaci\u00f3n comercial [\/vc_column_text][vc_column_text css=\u00bb.vc_custom_1583940093085{margin-bottom: 0px !important;}\u00bb] 50 d\u00f3lares en cr\u00e9dito en cada viaje al mantener un volumen m\u00ednimo de 10 cargas\u00a0 en un periodo de 30 d\u00edas, 5 de importaci\u00f3n a M\u00e9xico y 5 de exportaci\u00f3n.\u00a0 [\/vc_column_text][vc_empty_space][\/vc_column][\/vc_row][vc_row][vc_column][vc_column_text css=\u00bb.vc_custom_1583940163198{margin-bottom: 0px !important;}\u00bb]Si est\u00e1s en esta p\u00e1gina es porque fuiste [&hellip;]","og_url":"https:\/\/mexicomlogistics.com\/es\/creacion-relacion-comercial\/","og_site_name":"Mexicom Logistics","article_modified_time":"2020-03-11T15:22:38+00:00","twitter_card":"summary_large_image","twitter_misc":{"Tiempo de lectura":"3 minutos"},"schema":{"@context":"https:\/\/schema.org","@graph":[{"@type":"WebPage","@id":"https:\/\/mexicomlogistics.com\/es\/creacion-relacion-comercial\/","url":"https:\/\/mexicomlogistics.com\/es\/creacion-relacion-comercial\/","name":"Programa de creaci\u00f3n de relaci\u00f3n comercial - Mexicom Logistics","isPartOf":{"@id":"https:\/\/mexicomlogistics.com\/es\/#website"},"datePublished":"2019-11-01T18:39:39+00:00","dateModified":"2020-03-11T15:22:38+00:00","breadcrumb":{"@id":"https:\/\/mexicomlogistics.com\/es\/creacion-relacion-comercial\/#breadcrumb"},"inLanguage":"es","potentialAction":[{"@type":"ReadAction","target":["https:\/\/mexicomlogistics.com\/es\/creacion-relacion-comercial\/"]}]},{"@type":"BreadcrumbList","@id":"https:\/\/mexicomlogistics.com\/es\/creacion-relacion-comercial\/#breadcrumb","itemListElement":[{"@type":"ListItem","position":1,"name":"Home","item":"https:\/\/mexicomlogistics.com\/es\/"},{"@type":"ListItem","position":2,"name":"Programa de creaci\u00f3n de relaci\u00f3n comercial"}]},{"@type":"WebSite","@id":"https:\/\/mexicomlogistics.com\/es\/#website","url":"https:\/\/mexicomlogistics.com\/es\/","name":"Mexicom Logistics","description":"Ship with confidence","publisher":{"@id":"https:\/\/mexicomlogistics.com\/es\/#organization"},"potentialAction":[{"@type":"SearchAction","target":{"@type":"EntryPoint","urlTemplate":"https:\/\/mexicomlogistics.com\/es\/?s={search_term_string}"},"query-input":{"@type":"PropertyValueSpecification","valueRequired":true,"valueName":"search_term_string"}}],"inLanguage":"es"},{"@type":"Organization","@id":"https:\/\/mexicomlogistics.com\/es\/#organization","name":"Mexicom Logistics","url":"https:\/\/mexicomlogistics.com\/es\/","logo":{"@type":"ImageObject","inLanguage":"es","@id":"https:\/\/mexicomlogistics.com\/es\/#\/schema\/logo\/image\/","url":"https:\/\/mexicomlogistics.com\/wp-content\/uploads\/2017\/03\/logo-white.jpg","contentUrl":"https:\/\/mexicomlogistics.com\/wp-content\/uploads\/2017\/03\/logo-white.jpg","width":617,"height":402,"caption":"Mexicom Logistics"},"image":{"@id":"https:\/\/mexicomlogistics.com\/es\/#\/schema\/logo\/image\/"}}]}},"jetpack_sharing_enabled":true,"jetpack_shortlink":"https:\/\/wp.me\/P8vZ39-2Mu","_links":{"self":[{"href":"https:\/\/mexicomlogistics.com\/es\/wp-json\/wp\/v2\/pages\/10694","targetHints":{"allow":["GET"]}}],"collection":[{"href":"https:\/\/mexicomlogistics.com\/es\/wp-json\/wp\/v2\/pages"}],"about":[{"href":"https:\/\/mexicomlogistics.com\/es\/wp-json\/wp\/v2\/types\/page"}],"author":[{"embeddable":true,"href":"https:\/\/mexicomlogistics.com\/es\/wp-json\/wp\/v2\/users\/4"}],"replies":[{"embeddable":true,"href":"https:\/\/mexicomlogistics.com\/es\/wp-json\/wp\/v2\/comments?post=10694"}],"version-history":[{"count":0,"href":"https:\/\/mexicomlogistics.com\/es\/wp-json\/wp\/v2\/pages\/10694\/revisions"}],"wp:attachment":[{"href":"https:\/\/mexicomlogistics.com\/es\/wp-json\/wp\/v2\/media?parent=10694"}],"curies":[{"name":"wp","href":"https:\/\/api.w.org\/{rel}","templated":true}]}}